{"id":5343,"date":"2021-03-25T09:33:18","date_gmt":"2021-03-25T12:33:18","guid":{"rendered":"https:\/\/wp.ufpel.edu.br\/mestradoartesvisuais\/?page_id=5343"},"modified":"2021-03-25T09:33:18","modified_gmt":"2021-03-25T12:33:18","slug":"isadora-cristina-bortolossi-rodrigues","status":"publish","type":"page","link":"https:\/\/wp.ufpel.edu.br\/ppgartes\/isadora-cristina-bortolossi-rodrigues\/","title":{"rendered":"Isadora Cristina Bortolossi Rodrigues"},"content":{"rendered":"<p><a href=\"https:\/\/wp.ufpel.edu.br\/ppgartes\/files\/2021\/03\/turma7_Isadora-Cristina-Bortolossi-Rodrigues.png\"><img class=\"wp-image-5418 size-thumbnail alignleft\" src=\"https:\/\/wp.ufpel.edu.br\/ppgartes\/files\/2021\/03\/turma7_Isadora-Cristina-Bortolossi-Rodrigues-200x200.png\" alt=\"\" width=\"200\" height=\"200\" srcset=\"https:\/\/wp.ufpel.edu.br\/ppgartes\/files\/2021\/03\/turma7_Isadora-Cristina-Bortolossi-Rodrigues-200x200.png 200w, https:\/\/wp.ufpel.edu.br\/ppgartes\/files\/2021\/03\/turma7_Isadora-Cristina-Bortolossi-Rodrigues-400x400.png 400w, https:\/\/wp.ufpel.edu.br\/ppgartes\/files\/2021\/03\/turma7_Isadora-Cristina-Bortolossi-Rodrigues.png 500w\" sizes=\"(max-width: 200px) 100vw, 200px\" \/><\/a><\/p>\n<p><span style=\"font-family: georgia, palatino, serif;font-size: 12pt\"><span style=\"font-size: 18pt\"><strong><span style=\"font-family: 'trebuchet ms', geneva, sans-serif\">Isadora Cristina Bortolossi Rodrigues <span style=\"font-size: 10pt;color: #999999\">\/\u00a0<\/span><\/span><\/strong><\/span><span style=\"font-family: 'trebuchet ms', geneva, sans-serif;font-size: 10pt\"><a href=\"http:\/\/lattes.cnpq.br\/5167227050084869\" target=\"_blank\" rel=\"noopener noreferrer\"><span style=\"color: #999999\">Curr\u00edculum Lattes<\/span><\/a><br \/>\n<strong>Linha de Pesquisa<\/strong>: <a href=\"https:\/\/wp.ufpel.edu.br\/mestradoartesvisuais\/linhas-de-pesquisa\/processos-de-criacao-e-poeticas-do-cotidiano\/\">Processos de Cria\u00e7\u00e3o e Po\u00e9ticas do Cotidiano<\/a><\/span><\/span><span style=\"font-family: georgia, palatino, serif;font-size: 12pt\"><span style=\"font-family: 'trebuchet ms', geneva, sans-serif;font-size: 10pt\"><strong>\u00a0<\/strong><\/span><\/span><\/p>\n<p style=\"text-align: justify\"><span style=\"font-family: 'trebuchet ms', geneva, sans-serif;font-size: 10pt\"><strong>Texto introdut\u00f3rio:<\/strong> Mestranda no Programa de P\u00f3s-gradua\u00e7\u00e3o em Artes Visuais da Universidade Federal de Pelotas (desde 2018). Possui gradua\u00e7\u00e3o em Artes Visuais pela Universidade Federal do Rio Grande &#8211; FURG (2015). Tem experi\u00eancia na \u00e1rea de Artes, com \u00eanfase em Educa\u00e7\u00e3o Art\u00edstica, atuando principalmente nos seguintes temas: artes visuais, educa\u00e7\u00e3o art\u00edstica e desenho. (Texto extra\u00eddo diretamente da plataforma Lattes)<\/span><\/p>\n<hr \/>\n<p><span style=\"font-family: 'trebuchet ms', geneva, sans-serif;font-size: 10pt\"><strong>T\u00edtulo da disserta\u00e7\u00e3o<br \/>\n<span style=\"font-size: 14pt\"><a href=\"http:\/\/guaiaca.ufpel.edu.br:8080\/handle\/prefix\/7887\">Carta de Amor aos Fantasmas: Glitch, Web Arte e Vaporwave na constru\u00e7\u00e3o de uma po\u00e9tica visual sobre relacionar-se \u00e0 dist\u00e2ncia<\/a>\u00a0<\/span><\/strong><br \/>\n<\/span><span style=\"font-family: 'trebuchet ms', geneva, sans-serif;font-size: 10pt\"><strong>Orientador(a): <a href=\"https:\/\/wp.ufpel.edu.br\/mestradoartesvisuais\/angela-raffin-pohlmann\/\">Profa. Dra. Angela Raffin Pohlmann(PPGAVI\/UFPel)<\/a><\/strong><br \/>\n<\/span><\/p>\n<p style=\"text-align: justify\"><span style=\"font-family: 'trebuchet ms', geneva, sans-serif;font-size: 10pt\"><strong>RESUMO<br \/>\n<\/strong>Carta de Amor aos Fantasmas \u00e9 o resultado de um corpo de trabalhos po\u00e9ticos visuais desenvolvidos na linha de pesquisa de Processos de Cria\u00e7\u00e3o e Po\u00e9ticas do Cotidiano do Mestrado em Artes Visuais da Universidade Federal de Pelotas, de 2018 a 2020. Com o objetivo de manifestar poeticamente a maneira como percebo os relacionamentos interpessoais que se d\u00e3o \u00e0 dist\u00e2ncia, produzi tr\u00eas s\u00e9ries de desenhos e v\u00eddeos digitais \u2013 chamadas Glitches Fantasmag\u00f3ricos, Estado de Dist\u00e2ncia e Confinamento2020 \u2013 nos quais realizei processos de glitch art e que inclu\u00ed na cria\u00e7\u00e3o de um website para versar sobre a experi\u00eancia de se comunicar com pessoas geograficamente distantes atrav\u00e9s da Internet. Inspirada por um relato pessoal do autor Grafton Tanner, bem como por reflex\u00f5es do fil\u00f3sofo Byung-Chul Han sobre a comunica\u00e7\u00e3o \u00e0 dist\u00e2ncia, passei a perceber os indiv\u00edduos com quem me relaciono atrav\u00e9s do computador e do smartphone como fantasmas: seres que tem sua presen\u00e7a sentida, ao mesmo tempo que s\u00e3o fisicamente ausentes. Este conceito me levou a elaborar tr\u00eas categorias de fantasmas que identifico em meio \u00e0 comunica\u00e7\u00e3o \u00e0 dist\u00e2ncia, que nortearam as ideias para a produ\u00e7\u00e3o das s\u00e9ries de desenhos e v\u00eddeos digitais, que por sua vez levantaram a quest\u00e3o a respeito de como reunir e expor estas obras que s\u00e3o, tamb\u00e9m, imateriais. Como resultado desta investiga\u00e7\u00e3o desenvolvi um website, a Carta de Amor aos Fantasmas, para elaborar uma narrativa que exibe as obras das tr\u00eas s\u00e9ries e \u00e9, tamb\u00e9m, uma obra de web arte em si. A pesquisa cont\u00e9m reflex\u00f5es sobre Internet e web arte, pautadas majoritariamente nas ideias de Lucia Le\u00e3o, Maria Am\u00e9lia Bulh\u00f5es, Pierre L\u00e9vy e Cleomar Rocha; considera\u00e7\u00f5es sobre o Vaporwave, o que inclui as an\u00e1lises de Grafton Tanner, Icaro Raymundo e Laura Glitsos; e pondera\u00e7\u00f5es a respeito do relacionamento \u00e0 dist\u00e2ncia, direcionadas pelos estudos de Nancy Baym, Byung-Chul Han<br \/>\ne Zygmunt Bauman.<br \/>\n<\/span><\/p>\n<p><span style=\"font-family: 'trebuchet ms', geneva, sans-serif;font-size: 10pt\"><strong>Palavras-chave:<\/strong> glitch art; vaporwave; internet; fantasmas; web arte<\/span><\/p>\n<p><span style=\"font-family: 'trebuchet ms', geneva, sans-serif;font-size: 10pt\"><strong>Banca:<br \/>\n<\/strong>Profa. Dra. Maria Am\u00e9lia Bulh\u00f5es<br \/>\nProf. Dr. Alberto Coelho<br \/>\nProfa. Dra. Larissa Patron Chaves<br \/>\n<\/span><\/p>\n<p><span style=\"font-family: 'trebuchet ms', geneva, sans-serif;font-size: 10pt\"><strong>Data:<\/strong> 26\/mar\u00e7o\/2021<\/span><\/p>\n<h3 style=\"text-align: center\"><span style=\"font-family: 'trebuchet ms', geneva, sans-serif;font-size: 12pt\">Acompanhamento:<\/span><\/h3>\n<hr \/>\n<div class=\"layout-cell-pad-5 text-align-right\"><\/div>\n<div><\/div>\n<div><\/div>\n<div><\/div>\n<div><\/div>\n<div class=\"layout-cell layout-cell-1 text-align-right\"><\/div>\n<div class=\"ms-editor-squiggler\" style=\"color: initial;font: initial;background: initial;background-blend-mode: initial;border: initial;border-radius: initial;border-collapse: initial;caption-side: initial;clear: initial;columns: initial;column-fill: initial;column-rule: initial;column-span: initial;cursor: initial;flex: initial;flex-flow: initial;float: initial;height: 0px;letter-spacing: initial;margin: initial;max-height: initial;max-width: initial;min-height: initial;min-width: initial;overflow: initial;padding: initial;text-align: initial;text-decoration: initial;text-indent: initial;text-transform: initial;vertical-align: initial;border-spacing: initial;width: initial\"><\/div>\n<div class=\"ms-editor-squiggler\" style=\"color: initial;font: initial;background: initial;background-blend-mode: initial;border: initial;border-radius: initial;border-collapse: initial;caption-side: initial;clear: initial;columns: initial;column-fill: initial;column-rule: initial;column-span: initial;cursor: initial;flex: initial;flex-flow: initial;float: initial;height: 0px;letter-spacing: initial;margin: initial;max-height: initial;max-width: initial;min-height: initial;min-width: initial;overflow: initial;padding: initial;text-align: initial;text-decoration: initial;text-indent: initial;text-transform: initial;vertical-align: initial;border-spacing: initial;width: initial\"><\/div>\n<div class=\"ms-editor-squiggler\" style=\"color: initial;font: initial;background: initial;background-blend-mode: initial;border: initial;border-radius: initial;border-collapse: initial;caption-side: initial;clear: initial;columns: initial;column-fill: initial;column-rule: initial;column-span: initial;cursor: initial;flex: initial;flex-flow: initial;float: initial;height: 0px;letter-spacing: initial;margin: initial;max-height: initial;max-width: initial;min-height: initial;min-width: initial;overflow: initial;padding: initial;text-align: initial;text-decoration: initial;text-indent: initial;text-transform: initial;vertical-align: initial;border-spacing: initial;width: initial\"><\/div>\n<div class=\"ms-editor-squiggler\" style=\"color: initial;font: initial;background: initial;background-blend-mode: initial;border: initial;border-radius: initial;border-collapse: initial;caption-side: initial;clear: initial;columns: initial;column-fill: initial;column-rule: initial;column-span: initial;cursor: initial;flex: initial;flex-flow: initial;float: initial;height: 0px;letter-spacing: initial;margin: initial;max-height: initial;max-width: initial;min-height: initial;min-width: initial;overflow: initial;padding: initial;text-align: initial;text-decoration: initial;text-indent: initial;text-transform: initial;vertical-align: initial;border-spacing: initial;width: initial\"><\/div>\n<div class=\"ms-editor-squiggler\" style=\"color: initial;font: initial;background: initial;background-blend-mode: initial;border: initial;border-radius: initial;border-collapse: initial;caption-side: initial;clear: initial;columns: initial;column-fill: initial;column-rule: initial;column-span: initial;cursor: initial;flex: initial;flex-flow: initial;float: initial;height: 0px;letter-spacing: initial;margin: initial;max-height: initial;max-width: initial;min-height: initial;min-width: initial;overflow: initial;padding: initial;text-align: initial;text-decoration: initial;text-indent: initial;text-transform: initial;vertical-align: initial;border-spacing: initial;width: initial\"><\/div>\n<div class=\"ms-editor-squiggler\" style=\"color: initial;font: initial;background: initial;background-blend-mode: initial;border: initial;border-radius: initial;border-collapse: initial;caption-side: initial;clear: initial;columns: initial;column-fill: initial;column-rule: initial;column-span: initial;cursor: initial;flex: initial;flex-flow: initial;float: initial;height: 0px;letter-spacing: initial;margin: initial;max-height: initial;max-width: initial;min-height: initial;min-width: initial;overflow: initial;padding: initial;text-align: initial;text-decoration: initial;text-indent: initial;text-transform: initial;vertical-align: initial;border-spacing: initial;width: initial\"><\/div>\n<div class=\"ms-editor-squiggler\" style=\"color: initial;font: initial;background: initial;background-blend-mode: initial;border: initial;border-radius: initial;border-collapse: initial;caption-side: initial;clear: initial;columns: initial;column-fill: initial;column-rule: initial;column-span: initial;cursor: initial;flex: initial;flex-flow: initial;float: initial;height: 0px;letter-spacing: initial;margin: initial;max-height: initial;max-width: initial;min-height: initial;min-width: initial;overflow: initial;padding: initial;text-align: initial;text-decoration: initial;text-indent: initial;text-transform: initial;vertical-align: initial;border-spacing: initial;width: initial\"><\/div>\n<div class=\"ms-editor-squiggler\" style=\"color: initial;font: initial;background: initial;background-blend-mode: initial;border: initial;border-radius: initial;border-collapse: initial;caption-side: initial;clear: initial;columns: initial;column-fill: initial;column-rule: initial;column-span: initial;cursor: initial;flex: initial;flex-flow: initial;float: initial;height: 0px;letter-spacing: initial;margin: initial;max-height: initial;max-width: initial;min-height: initial;min-width: initial;overflow: initial;padding: initial;text-align: initial;text-decoration: initial;text-indent: initial;text-transform: initial;vertical-align: initial;border-spacing: initial;width: initial\"><\/div>\n<div class=\"ms-editor-squiggler\" style=\"color: initial;font: initial;background: initial;background-blend-mode: initial;border: initial;border-radius: initial;border-collapse: initial;caption-side: initial;clear: initial;columns: initial;column-fill: initial;column-rule: initial;column-span: initial;cursor: initial;flex: initial;flex-flow: initial;float: initial;height: 0px;letter-spacing: initial;margin: initial;max-height: initial;max-width: initial;min-height: initial;min-width: initial;overflow: initial;padding: initial;text-align: initial;text-decoration: initial;text-indent: initial;text-transform: initial;vertical-align: initial;border-spacing: initial;width: initial\"><\/div>\n","protected":false},"excerpt":{"rendered":"<p>Isadora Cristina Bortolossi Rodrigues \/\u00a0Curr\u00edculum Lattes Linha de Pesquisa: Processos de Cria\u00e7\u00e3o e Po\u00e9ticas do Cotidiano\u00a0 Texto introdut\u00f3rio: Mestranda no Programa de P\u00f3s-gradua\u00e7\u00e3o em Artes Visuais da Universidade Federal de Pelotas (desde 2018). Possui gradua\u00e7\u00e3o em Artes Visuais pela Universidade Federal do Rio Grande &#8211; FURG (2015). Tem experi\u00eancia na \u00e1rea de Artes, com \u00eanfase [&hellip;]<\/p>\n","protected":false},"author":1258,"featured_media":0,"parent":0,"menu_order":0,"comment_status":"closed","ping_status":"closed","template":"","meta":{"footnotes":""},"class_list":["post-5343","page","type-page","status-publish","hentry"],"_links":{"self":[{"href":"https:\/\/wp.ufpel.edu.br\/ppgartes\/wp-json\/wp\/v2\/pages\/5343","targetHints":{"allow":["GET"]}}],"collection":[{"href":"https:\/\/wp.ufpel.edu.br\/ppgartes\/wp-json\/wp\/v2\/pages"}],"about":[{"href":"https:\/\/wp.ufpel.edu.br\/ppgartes\/wp-json\/wp\/v2\/types\/page"}],"author":[{"embeddable":true,"href":"https:\/\/wp.ufpel.edu.br\/ppgartes\/wp-json\/wp\/v2\/users\/1258"}],"replies":[{"embeddable":true,"href":"https:\/\/wp.ufpel.edu.br\/ppgartes\/wp-json\/wp\/v2\/comments?post=5343"}],"version-history":[{"count":0,"href":"https:\/\/wp.ufpel.edu.br\/ppgartes\/wp-json\/wp\/v2\/pages\/5343\/revisions"}],"wp:attachment":[{"href":"https:\/\/wp.ufpel.edu.br\/ppgartes\/wp-json\/wp\/v2\/media?parent=5343"}],"curies":[{"name":"wp","href":"https:\/\/api.w.org\/{rel}","templated":true}]}}