{"id":5337,"date":"2021-03-25T09:25:13","date_gmt":"2021-03-25T12:25:13","guid":{"rendered":"https:\/\/wp.ufpel.edu.br\/mestradoartesvisuais\/?page_id=5337"},"modified":"2021-03-25T09:25:13","modified_gmt":"2021-03-25T12:25:13","slug":"elivelto-alves-de-souza","status":"publish","type":"page","link":"https:\/\/wp.ufpel.edu.br\/ppgartes\/elivelto-alves-de-souza\/","title":{"rendered":"Elivelto Alves de Souza"},"content":{"rendered":"<p><a href=\"https:\/\/wp.ufpel.edu.br\/ppgartes\/files\/2021\/03\/turma7_Elivelto-Alves-de-Souza.png\"><img class=\"wp-image-5420 size-thumbnail alignleft\" src=\"https:\/\/wp.ufpel.edu.br\/ppgartes\/files\/2021\/03\/turma7_Elivelto-Alves-de-Souza-200x200.png\" alt=\"\" width=\"200\" height=\"200\" srcset=\"https:\/\/wp.ufpel.edu.br\/ppgartes\/files\/2021\/03\/turma7_Elivelto-Alves-de-Souza-200x200.png 200w, https:\/\/wp.ufpel.edu.br\/ppgartes\/files\/2021\/03\/turma7_Elivelto-Alves-de-Souza-400x400.png 400w, https:\/\/wp.ufpel.edu.br\/ppgartes\/files\/2021\/03\/turma7_Elivelto-Alves-de-Souza.png 500w\" sizes=\"(max-width: 200px) 100vw, 200px\" \/><\/a><\/p>\n<p><span style=\"font-family: georgia, palatino, serif;font-size: 12pt\"><span style=\"font-size: 18pt\"><strong><span style=\"font-family: 'trebuchet ms', geneva, sans-serif\">Elivelto Alves de Souza <span style=\"font-size: 10pt;color: #999999\">\/\u00a0<\/span><\/span><\/strong><\/span><span style=\"font-family: 'trebuchet ms', geneva, sans-serif;font-size: 10pt\"><a href=\"http:\/\/lattes.cnpq.br\/3718851766885201\" target=\"_blank\" rel=\"noopener noreferrer\"><span style=\"color: #999999\">Curr\u00edculum Lattes<\/span><\/a><br \/>\n<strong>Linha de Pesquisa<\/strong>: <a href=\"https:\/\/wp.ufpel.edu.br\/mestradoartesvisuais\/linhas-de-pesquisa\/processos-de-criacao-e-poeticas-do-cotidiano\/\">Processos de Cria\u00e7\u00e3o e Po\u00e9ticas do Cotidiano<\/a><\/span><\/span><\/p>\n<p><span style=\"font-family: georgia, palatino, serif;font-size: 12pt\"><span style=\"font-family: 'trebuchet ms', geneva, sans-serif;font-size: 10pt\"><br \/>\n<\/span><\/span><span style=\"font-family: 'trebuchet ms', geneva, sans-serif;font-size: 10pt\"><strong>Texto introdut\u00f3rio:<\/strong> Mestrando do Programa de P\u00f3s Gradua\u00e7\u00e3o em Artes Visuais da Universidade Federal de Pelotas na linha de pesquisa de Processos de Cria\u00e7\u00e3o e Po\u00e9ticas do Cotidiano, com bolsa CAPES desde abril de 2019. Graduado em Artes Visuais Licenciatura pela Universidade Federal de Pelotas (2018). Foi monitor do projeto de ensino &#8220;Percep\u00e7\u00e3o Tridimensional: dimens\u00f5es po\u00e9ticas e materiais&#8221; (2016) e bolsista de ensino do projeto de ensino &#8220;Objetocoisa: reflex\u00f5es sobre a cria\u00e7\u00e3o, produ\u00e7\u00e3o, percep\u00e7\u00e3o e experi\u00eancia&#8221; (2015). \u00c9 colaborador no projeto de pesquisa &#8220;Lugares-Livro: dimens\u00f5es materiais e po\u00e9ticas&#8221;, no qual participa desde 2013. Tem como principais \u00e1reas de atua\u00e7\u00e3o: a\u00e7\u00f5es urbanas, projetos propositivos e publica\u00e7\u00f5es art\u00edsticas, que se exprimem por via da palavra e fotografia. Procura, junto a sua pesquisa, discutir as estrat\u00e9gias de acelera\u00e7\u00e3o e apagamento engendradas pelo mundo contempor\u00e2neo e analisar os dispositivos de resist\u00eancia desenvolvidos a partir da produ\u00e7\u00e3o art\u00edstica, suas implica\u00e7\u00f5es sobre percep\u00e7\u00e3o, tempo e presen\u00e7a. Prop\u00f5e o cuidado como pr\u00e1tica art\u00edstica e atitude de resist\u00eancia a fim de pensar a sobreviv\u00eancia do lugar e a reinven\u00e7\u00e3o da rela\u00e7\u00e3o ordin\u00e1ria que estabelecemos com o cotidiano. (Texto extra\u00eddo diretamente da plataforma Lattes)<\/span><\/p>\n<hr \/>\n<p><span style=\"font-family: 'trebuchet ms', geneva, sans-serif;font-size: 10pt\"><strong>T\u00edtulo da disserta\u00e7\u00e3o<br \/>\n<a href=\"http:\/\/repositorio.ufpel.edu.br:8080\/handle\/prefix\/6866\"><span style=\"font-size: 14pt\">A sobreviv\u00eancia do lugar: o cuidado como pr\u00e1tica art\u00edstica<\/span><\/a><\/strong><br \/>\n<\/span><span style=\"font-family: 'trebuchet ms', geneva, sans-serif;font-size: 10pt\"><strong>Orientador(a):<\/strong> Profa. Dra. Helene Gomes Sacco (PPGAV\/UFPel)<br \/>\n<\/span><\/p>\n<p style=\"text-align: justify\"><span style=\"font-family: 'trebuchet ms', geneva, sans-serif;font-size: 10pt\"><strong>RESUMO<br \/>\n<\/strong>O trabalho tem origem na linha de pesquisa de Processos de Cria\u00e7\u00e3o e Po\u00e9ticas do Cotidiano, no contexto das Artes Visuais Contempor\u00e2neas, em di\u00e1logos com a Literatura e a Filosofia. A reflex\u00e3o parte da pesquisa de mestrado desenvolvida, a qual tem como objeto as experi\u00eancias de cria\u00e7\u00e3o e constru\u00e7\u00e3o de meus trabalhos po\u00e9ticos. Orienta-se no campo de estudo de Arte e Cotidiano, relacionando a\u00e7\u00f5es urbanas, projetos propositivos e publica\u00e7\u00f5es art\u00edsticas, que se exprimem por via da palavra e da fotografia. Discute as estrat\u00e9gias de acelera\u00e7\u00e3o e apagamento engendradas pelo mundo contempor\u00e2neo e analisa os dispositivos de resist\u00eancia desenvolvidos na Arte, suas implica\u00e7\u00f5es sobre percep\u00e7\u00e3o, tempo e presen\u00e7a. Por fim,<br \/>\nprop\u00f5e o cuidado como pr\u00e1tica art\u00edstica e atitude de resist\u00eancia a fim de pensar a sobreviv\u00eancia do lugar, suas implica\u00e7\u00f5es a partir de a\u00e7\u00f5es e reflex\u00f5es que se direcionam para a vida cotidiana na cidade, em especial \u00e0s interfer\u00eancias perceptivas entre sujeito e lugar.<\/span><\/p>\n<p><span style=\"font-family: 'trebuchet ms', geneva, sans-serif;font-size: 10pt\"><strong>Palavras-chave:<\/strong> lugar, cuidado, proposi\u00e7\u00e3o, casa, pr\u00e1tica art\u00edstica contempor\u00e2nea.<\/span><\/p>\n<p><span style=\"font-family: 'trebuchet ms', geneva, sans-serif;font-size: 10pt\"><strong>Banca:<br \/>\n<\/strong><\/span><span style=\"font-family: 'trebuchet ms', geneva, sans-serif;font-size: 10pt\">Profa. Dra. Renata Azevedo Requi\u00e3o<br \/>\nProfa. Dra. Gabriela Motta<br \/>\nProfa. Dra. Eduarda Azevedo Gon\u00e7alves<\/span><\/p>\n<p><span style=\"font-family: 'trebuchet ms', geneva, sans-serif;font-size: 10pt\"><strong>Data:<\/strong> 27\/outubro\/2020<\/span><\/p>\n<h3 style=\"text-align: center\"><span style=\"font-family: 'trebuchet ms', geneva, sans-serif;font-size: 12pt\">Acompanhamento:<\/span><\/h3>\n<hr \/>\n<div class=\"layout-cell-pad-5 text-align-right\"><\/div>\n<div><\/div>\n<div><\/div>\n<div><\/div>\n<div><\/div>\n<div class=\"layout-cell layout-cell-1 text-align-right\"><\/div>\n<div class=\"ms-editor-squiggler\" style=\"color: initial;font: initial;background: initial;background-blend-mode: initial;border: initial;border-radius: initial;border-collapse: initial;caption-side: initial;clear: initial;columns: initial;column-fill: initial;column-rule: initial;column-span: initial;cursor: initial;flex: initial;flex-flow: initial;float: initial;height: 0px;letter-spacing: initial;margin: initial;max-height: initial;max-width: initial;min-height: initial;min-width: initial;overflow: initial;padding: initial;text-align: initial;text-decoration: initial;text-indent: initial;text-transform: initial;vertical-align: initial;border-spacing: initial;width: initial\"><\/div>\n<div class=\"ms-editor-squiggler\" style=\"color: initial;font: initial;background: initial;background-blend-mode: initial;border: initial;border-radius: initial;border-collapse: initial;caption-side: initial;clear: initial;columns: initial;column-fill: initial;column-rule: initial;column-span: initial;cursor: initial;flex: initial;flex-flow: initial;float: initial;height: 0px;letter-spacing: initial;margin: initial;max-height: initial;max-width: initial;min-height: initial;min-width: initial;overflow: initial;padding: initial;text-align: initial;text-decoration: initial;text-indent: initial;text-transform: initial;vertical-align: initial;border-spacing: initial;width: initial\"><\/div>\n<div class=\"ms-editor-squiggler\" style=\"color: initial;font: initial;background: initial;background-blend-mode: initial;border: initial;border-radius: initial;border-collapse: initial;caption-side: initial;clear: initial;columns: initial;column-fill: initial;column-rule: initial;column-span: initial;cursor: initial;flex: initial;flex-flow: initial;float: initial;height: 0px;letter-spacing: initial;margin: initial;max-height: initial;max-width: initial;min-height: initial;min-width: initial;overflow: initial;padding: initial;text-align: initial;text-decoration: initial;text-indent: initial;text-transform: initial;vertical-align: initial;border-spacing: initial;width: initial\"><\/div>\n<div class=\"ms-editor-squiggler\" style=\"color: initial;font: initial;background: initial;background-blend-mode: initial;border: initial;border-radius: initial;border-collapse: initial;caption-side: initial;clear: initial;columns: initial;column-fill: initial;column-rule: initial;column-span: initial;cursor: initial;flex: initial;flex-flow: initial;float: initial;height: 0px;letter-spacing: initial;margin: initial;max-height: initial;max-width: initial;min-height: initial;min-width: initial;overflow: initial;padding: initial;text-align: initial;text-decoration: initial;text-indent: initial;text-transform: initial;vertical-align: initial;border-spacing: initial;width: initial\"><\/div>\n<div class=\"ms-editor-squiggler\" style=\"color: initial;font: initial;background: initial;background-blend-mode: initial;border: initial;border-radius: initial;border-collapse: initial;caption-side: initial;clear: initial;columns: initial;column-fill: initial;column-rule: initial;column-span: initial;cursor: initial;flex: initial;flex-flow: initial;float: initial;height: 0px;letter-spacing: initial;margin: initial;max-height: initial;max-width: initial;min-height: initial;min-width: initial;overflow: initial;padding: initial;text-align: initial;text-decoration: initial;text-indent: initial;text-transform: initial;vertical-align: initial;border-spacing: initial;width: initial\"><\/div>\n<div class=\"ms-editor-squiggler\" style=\"color: initial;font: initial;background: initial;background-blend-mode: initial;border: initial;border-radius: initial;border-collapse: initial;caption-side: initial;clear: initial;columns: initial;column-fill: initial;column-rule: initial;column-span: initial;cursor: initial;flex: initial;flex-flow: initial;float: initial;height: 0px;letter-spacing: initial;margin: initial;max-height: initial;max-width: initial;min-height: initial;min-width: initial;overflow: initial;padding: initial;text-align: initial;text-decoration: initial;text-indent: initial;text-transform: initial;vertical-align: initial;border-spacing: initial;width: initial\"><\/div>\n<div class=\"ms-editor-squiggler\" style=\"color: initial;font: initial;background: initial;background-blend-mode: initial;border: initial;border-radius: initial;border-collapse: initial;caption-side: initial;clear: initial;columns: initial;column-fill: initial;column-rule: initial;column-span: initial;cursor: initial;flex: initial;flex-flow: initial;float: initial;height: 0px;letter-spacing: initial;margin: initial;max-height: initial;max-width: initial;min-height: initial;min-width: initial;overflow: initial;padding: initial;text-align: initial;text-decoration: initial;text-indent: initial;text-transform: initial;vertical-align: initial;border-spacing: initial;width: initial\"><\/div>\n<div class=\"ms-editor-squiggler\" style=\"color: initial;font: initial;background: initial;background-blend-mode: initial;border: initial;border-radius: initial;border-collapse: initial;caption-side: initial;clear: initial;columns: initial;column-fill: initial;column-rule: initial;column-span: initial;cursor: initial;flex: initial;flex-flow: initial;float: initial;height: 0px;letter-spacing: initial;margin: initial;max-height: initial;max-width: initial;min-height: initial;min-width: initial;overflow: initial;padding: initial;text-align: initial;text-decoration: initial;text-indent: initial;text-transform: initial;vertical-align: initial;border-spacing: initial;width: initial\"><\/div>\n<div class=\"ms-editor-squiggler\" style=\"color: initial;font: initial;background: initial;background-blend-mode: initial;border: initial;border-radius: initial;border-collapse: initial;caption-side: initial;clear: initial;columns: initial;column-fill: initial;column-rule: initial;column-span: initial;cursor: initial;flex: initial;flex-flow: initial;float: initial;height: 0px;letter-spacing: initial;margin: initial;max-height: initial;max-width: initial;min-height: initial;min-width: initial;overflow: initial;padding: initial;text-align: initial;text-decoration: initial;text-indent: initial;text-transform: initial;vertical-align: initial;border-spacing: initial;width: initial\"><\/div>\n","protected":false},"excerpt":{"rendered":"<p>Elivelto Alves de Souza \/\u00a0Curr\u00edculum Lattes Linha de Pesquisa: Processos de Cria\u00e7\u00e3o e Po\u00e9ticas do Cotidiano Texto introdut\u00f3rio: Mestrando do Programa de P\u00f3s Gradua\u00e7\u00e3o em Artes Visuais da Universidade Federal de Pelotas na linha de pesquisa de Processos de Cria\u00e7\u00e3o e Po\u00e9ticas do Cotidiano, com bolsa CAPES desde abril de 2019. Graduado em Artes Visuais [&hellip;]<\/p>\n","protected":false},"author":1258,"featured_media":0,"parent":0,"menu_order":0,"comment_status":"closed","ping_status":"closed","template":"","meta":{"footnotes":""},"class_list":["post-5337","page","type-page","status-publish","hentry"],"_links":{"self":[{"href":"https:\/\/wp.ufpel.edu.br\/ppgartes\/wp-json\/wp\/v2\/pages\/5337","targetHints":{"allow":["GET"]}}],"collection":[{"href":"https:\/\/wp.ufpel.edu.br\/ppgartes\/wp-json\/wp\/v2\/pages"}],"about":[{"href":"https:\/\/wp.ufpel.edu.br\/ppgartes\/wp-json\/wp\/v2\/types\/page"}],"author":[{"embeddable":true,"href":"https:\/\/wp.ufpel.edu.br\/ppgartes\/wp-json\/wp\/v2\/users\/1258"}],"replies":[{"embeddable":true,"href":"https:\/\/wp.ufpel.edu.br\/ppgartes\/wp-json\/wp\/v2\/comments?post=5337"}],"version-history":[{"count":0,"href":"https:\/\/wp.ufpel.edu.br\/ppgartes\/wp-json\/wp\/v2\/pages\/5337\/revisions"}],"wp:attachment":[{"href":"https:\/\/wp.ufpel.edu.br\/ppgartes\/wp-json\/wp\/v2\/media?parent=5337"}],"curies":[{"name":"wp","href":"https:\/\/api.w.org\/{rel}","templated":true}]}}