{"id":5334,"date":"2021-03-25T09:21:46","date_gmt":"2021-03-25T12:21:46","guid":{"rendered":"https:\/\/wp.ufpel.edu.br\/mestradoartesvisuais\/?page_id=5334"},"modified":"2021-03-25T09:21:46","modified_gmt":"2021-03-25T12:21:46","slug":"cibele-da-rosa-gil","status":"publish","type":"page","link":"https:\/\/wp.ufpel.edu.br\/ppgartes\/cibele-da-rosa-gil\/","title":{"rendered":"Cibele da Rosa Gil"},"content":{"rendered":"<p><a href=\"https:\/\/wp.ufpel.edu.br\/ppgartes\/files\/2021\/03\/turma7_Cibele-da-Rosa-Gil.png\"><img class=\"alignleft wp-image-5421 size-thumbnail\" src=\"https:\/\/wp.ufpel.edu.br\/ppgartes\/files\/2021\/03\/turma7_Cibele-da-Rosa-Gil-200x200.png\" alt=\"\" width=\"200\" height=\"200\" srcset=\"https:\/\/wp.ufpel.edu.br\/ppgartes\/files\/2021\/03\/turma7_Cibele-da-Rosa-Gil-200x200.png 200w, https:\/\/wp.ufpel.edu.br\/ppgartes\/files\/2021\/03\/turma7_Cibele-da-Rosa-Gil-400x400.png 400w, https:\/\/wp.ufpel.edu.br\/ppgartes\/files\/2021\/03\/turma7_Cibele-da-Rosa-Gil.png 500w\" sizes=\"(max-width: 200px) 100vw, 200px\" \/><\/a><\/p>\n<p>&nbsp;<\/p>\n<p>&nbsp;<\/p>\n<p>&nbsp;<\/p>\n<p><span style=\"font-family: georgia, palatino, serif;font-size: 12pt\"><span style=\"font-size: 18pt\"><strong><span style=\"font-family: 'trebuchet ms', geneva, sans-serif\">Cibele da Rosa Gil <span style=\"font-size: 10pt;color: #999999\">\/\u00a0<\/span><\/span><\/strong><\/span><span style=\"font-family: 'trebuchet ms', geneva, sans-serif;font-size: 10pt\"><a href=\"http:\/\/lattes.cnpq.br\/7036423689510051\" target=\"_blank\" rel=\"noopener noreferrer\"><span style=\"color: #999999\">Curr\u00edculum Lattes<\/span><\/a><br \/>\n<strong>Linha de Pesquisa<\/strong>: <a href=\"https:\/\/wp.ufpel.edu.br\/mestradoartesvisuais\/linhas-de-pesquisa\/processos-de-criacao-e-poeticas-do-cotidiano\/\">Processos de Cria\u00e7\u00e3o e Po\u00e9ticas do Cotidiano<\/a><br \/>\n<\/span><\/span><span style=\"font-family: georgia, palatino, serif;font-size: 12pt\"><span style=\"font-family: 'trebuchet ms', geneva, sans-serif;font-size: 10pt\"><strong>Data de nascimento:\u00a0<\/strong><\/span><\/span><\/p>\n<p style=\"text-align: justify\"><span style=\"font-family: 'trebuchet ms', geneva, sans-serif;font-size: 10pt\"><strong>Texto introdut\u00f3rio:<\/strong> Mestre em Artes atrav\u00e9s do Programa de P\u00f3s-Gradua\u00e7\u00e3o em Artes da Universidade Federal de Pelotas, linha de pesquisa Processos de Cria\u00e7\u00e3o e Po\u00e9ticas do Cotidiano, com a disserta\u00e7\u00e3o &#8220;O risco que o risco faz: A fotografia na cidade insegura? sob orienta\u00e7\u00e3o da Profa. Dra. Eduarda Azevedo Gon\u00e7alves. Participou do Grupo de Pesquisa DESLOCC &#8211; Deslocamentos, Observ\u00e2ncias e Cartografias Contempor\u00e2neas. Licenciada em Artes Visuais pela Universidade Federal de Pelotas (2017). Cursa Especializa\u00e7\u00e3o em Ensino e Percursos Po\u00e9ticos pelo Programa de P\u00f3s-Gradua\u00e7\u00e3o em Artes da Universidade Federal de Pelotas, na linha de pesquisa em Ensino da Arte. \u00c9 professora de Artes na Escola de Ensino Fundamental Sagrado Cora\u00e7\u00e3o, em Pedro Os\u00f3rio &#8211; RS. (Texto extra\u00eddo diretamente da plataforma Lattes)<\/span><\/p>\n<hr \/>\n<p><span style=\"font-family: 'trebuchet ms', geneva, sans-serif;font-size: 10pt\"><strong>T\u00edtulo da disserta\u00e7\u00e3o<br \/>\n<a href=\"http:\/\/guaiaca.ufpel.edu.br:8080\/bitstream\/prefix\/6865\/1\/Disserta%c3%a7%c3%a3o_Cibele_da_Rosa_Gil.pdf\" target=\"_blank\" rel=\"noopener noreferrer\"><span style=\"font-size: 14pt\">O risco que o risco faz: a\u00a0fotografia na cidade insegura<\/span><\/a><\/strong><br \/>\n<\/span><span style=\"font-family: 'trebuchet ms', geneva, sans-serif;font-size: 10pt\"><strong>Orientador(a):<\/strong> <a href=\"https:\/\/wp.ufpel.edu.br\/mestradoartesvisuais\/eduarda-azevedo-goncalves\/\">Profa. Dra. Eduarda Azevedo Gon\u00e7alves (PPGAV\/UFPel)<\/a><br \/>\n<\/span><\/p>\n<p style=\"text-align: justify\"><span style=\"font-family: 'trebuchet ms', geneva, sans-serif;font-size: 10pt\"><strong>RESUMO<\/strong><br \/>\nA presente escrita evidencia as quest\u00f5es referentes \u00e0 produ\u00e7\u00e3o oriunda da pesquisa em po\u00e9ticas visuais que revela uma s\u00e9rie de deslocamentos realizados em Pedro Os\u00f3rio e Pelotas, Rio Grande do Sul, e suas implica\u00e7\u00f5es te\u00f3ricas. O texto explora o processo de cria\u00e7\u00e3o de imagens feitas por uma artista mulher a partir de uma s\u00e9rie de incurs\u00f5es, evidenciando sua produ\u00e7\u00e3o como um modo de habitar a cidade insegura e estabelecer rela\u00e7\u00f5es com a mesma, utilizando este tema como mote da cria\u00e7\u00e3o art\u00edstica, assim como refer\u00eancias art\u00edsticas contempor\u00e2neas. A base te\u00f3rica encontra apoio em Francesco Careri (2013), tendo em vista o deslocamento como processo art\u00edstico, e Jane Jacobs (2000), para discorrer sobre formas de definir o espa\u00e7o urbano. Igualmente, Charlotte Cotton (2010), Susan Sontag (1981) e Philippe Dubois (1986) no que tange a fotografia como arte contempor\u00e2nea e suas caracter\u00edsticas e desdobramentos da imagem e Nicolas Bourriaud (2009) para pensar a p\u00f3s-produ\u00e7\u00e3o.<\/span><\/p>\n<p><span style=\"font-family: 'trebuchet ms', geneva, sans-serif;font-size: 10pt\"><strong>Palavras-chave:<\/strong> risco; fotografia; cidade; feminino; arte contempor\u00e2nea<\/span><\/p>\n<p><span style=\"font-family: 'trebuchet ms', geneva, sans-serif;font-size: 10pt\"><strong>Banca:<br \/>\n<\/strong><\/span><span style=\"font-family: 'trebuchet ms', geneva, sans-serif;font-size: 10pt\">Profa. Dra. Helene Gomes Sacco<br \/>\nProfa. Dra. Ros\u00e2ngela Fachel de Medeiros<br \/>\nProfa. Dra. Niura Aparecida Legramente Ribeiro<\/span><\/p>\n<p><span style=\"font-family: 'trebuchet ms', geneva, sans-serif;font-size: 10pt\"><strong>Data:<\/strong> 30\/outubro\/2020<\/span><\/p>\n<p>&nbsp;<\/p>\n<p>&nbsp;<\/p>\n<h3 style=\"text-align: center\"><span style=\"font-family: 'trebuchet ms', geneva, sans-serif;font-size: 12pt\">Acompanhamento:<\/span><\/h3>\n<hr \/>\n<div class=\"layout-cell-pad-5 text-align-right\"><\/div>\n<div><\/div>\n<div><\/div>\n<div><\/div>\n<div><\/div>\n<div class=\"layout-cell layout-cell-1 text-align-right\"><\/div>\n<p>&nbsp;<\/p>\n<p>&nbsp;<\/p>\n<p>&nbsp;<\/p>\n<p>&nbsp;<\/p>\n<p>&nbsp;<\/p>\n<p>&nbsp;<\/p>\n<p>&nbsp;<\/p>\n<div class=\"ms-editor-squiggler\" style=\"color: initial;font: initial;background: initial;background-blend-mode: initial;border: initial;border-radius: initial;border-collapse: initial;caption-side: initial;clear: initial;columns: initial;column-fill: initial;column-rule: initial;column-span: initial;cursor: initial;flex: initial;flex-flow: initial;float: initial;height: 0px;letter-spacing: initial;margin: initial;max-height: initial;max-width: initial;min-height: initial;min-width: initial;overflow: initial;padding: initial;text-align: initial;text-decoration: initial;text-indent: initial;text-transform: initial;vertical-align: initial;border-spacing: initial;width: initial\"><\/div>\n<div class=\"ms-editor-squiggler\" style=\"color: initial;font: initial;background: initial;background-blend-mode: initial;border: initial;border-radius: initial;border-collapse: initial;caption-side: initial;clear: initial;columns: initial;column-fill: initial;column-rule: initial;column-span: initial;cursor: initial;flex: initial;flex-flow: initial;float: initial;height: 0px;letter-spacing: initial;margin: initial;max-height: initial;max-width: initial;min-height: initial;min-width: initial;overflow: initial;padding: initial;text-align: initial;text-decoration: initial;text-indent: initial;text-transform: initial;vertical-align: initial;border-spacing: initial;width: initial\"><\/div>\n<div class=\"ms-editor-squiggler\" style=\"color: initial;font: initial;background: initial;background-blend-mode: initial;border: initial;border-radius: initial;border-collapse: initial;caption-side: initial;clear: initial;columns: initial;column-fill: initial;column-rule: initial;column-span: initial;cursor: initial;flex: initial;flex-flow: initial;float: initial;height: 0px;letter-spacing: initial;margin: initial;max-height: initial;max-width: initial;min-height: initial;min-width: initial;overflow: initial;padding: initial;text-align: initial;text-decoration: initial;text-indent: initial;text-transform: initial;vertical-align: initial;border-spacing: initial;width: initial\"><\/div>\n<div class=\"ms-editor-squiggler\" style=\"color: initial;font: initial;background: initial;background-blend-mode: initial;border: initial;border-radius: initial;border-collapse: initial;caption-side: initial;clear: initial;columns: initial;column-fill: initial;column-rule: initial;column-span: initial;cursor: initial;flex: initial;flex-flow: initial;float: initial;height: 0px;letter-spacing: initial;margin: initial;max-height: initial;max-width: initial;min-height: initial;min-width: initial;overflow: initial;padding: initial;text-align: initial;text-decoration: initial;text-indent: initial;text-transform: initial;vertical-align: initial;border-spacing: initial;width: initial\"><\/div>\n<div class=\"ms-editor-squiggler\" style=\"color: initial;font: initial;background: initial;background-blend-mode: initial;border: initial;border-radius: initial;border-collapse: initial;caption-side: initial;clear: initial;columns: initial;column-fill: initial;column-rule: initial;column-span: initial;cursor: initial;flex: initial;flex-flow: initial;float: initial;height: 0px;letter-spacing: initial;margin: initial;max-height: initial;max-width: initial;min-height: initial;min-width: initial;overflow: initial;padding: initial;text-align: initial;text-decoration: initial;text-indent: initial;text-transform: initial;vertical-align: initial;border-spacing: initial;width: initial\"><\/div>\n<div class=\"ms-editor-squiggler\" style=\"color: initial;font: initial;background: initial;background-blend-mode: initial;border: initial;border-radius: initial;border-collapse: initial;caption-side: initial;clear: initial;columns: initial;column-fill: initial;column-rule: initial;column-span: initial;cursor: initial;flex: initial;flex-flow: initial;float: initial;height: 0px;letter-spacing: initial;margin: initial;max-height: initial;max-width: initial;min-height: initial;min-width: initial;overflow: initial;padding: initial;text-align: initial;text-decoration: initial;text-indent: initial;text-transform: initial;vertical-align: initial;border-spacing: initial;width: initial\"><\/div>\n<div class=\"ms-editor-squiggler\" style=\"color: initial;font: initial;background: initial;background-blend-mode: initial;border: initial;border-radius: initial;border-collapse: initial;caption-side: initial;clear: initial;columns: initial;column-fill: initial;column-rule: initial;column-span: initial;cursor: initial;flex: initial;flex-flow: initial;float: initial;height: 0px;letter-spacing: initial;margin: initial;max-height: initial;max-width: initial;min-height: initial;min-width: initial;overflow: initial;padding: initial;text-align: initial;text-decoration: initial;text-indent: initial;text-transform: initial;vertical-align: initial;border-spacing: initial;width: initial\"><\/div>\n<div class=\"ms-editor-squiggler\" style=\"color: initial;font: initial;background: initial;background-blend-mode: initial;border: initial;border-radius: initial;border-collapse: initial;caption-side: initial;clear: initial;columns: initial;column-fill: initial;column-rule: initial;column-span: initial;cursor: initial;flex: initial;flex-flow: initial;float: initial;height: 0px;letter-spacing: initial;margin: initial;max-height: initial;max-width: initial;min-height: initial;min-width: initial;overflow: initial;padding: initial;text-align: initial;text-decoration: initial;text-indent: initial;text-transform: initial;vertical-align: initial;border-spacing: initial;width: initial\"><\/div>\n<div class=\"ms-editor-squiggler\" style=\"color: initial;font: initial;background: initial;background-blend-mode: initial;border: initial;border-radius: initial;border-collapse: initial;caption-side: initial;clear: initial;columns: initial;column-fill: initial;column-rule: initial;column-span: initial;cursor: initial;flex: initial;flex-flow: initial;float: initial;height: 0px;letter-spacing: initial;margin: initial;max-height: initial;max-width: initial;min-height: initial;min-width: initial;overflow: initial;padding: initial;text-align: initial;text-decoration: initial;text-indent: initial;text-transform: initial;vertical-align: initial;border-spacing: initial;width: initial\"><\/div>\n<div class=\"ms-editor-squiggler\" style=\"color: initial;font: initial;background: initial;background-blend-mode: initial;border: initial;border-radius: initial;border-collapse: initial;caption-side: initial;clear: initial;columns: initial;column-fill: initial;column-rule: initial;column-span: initial;cursor: initial;flex: initial;flex-flow: initial;float: initial;height: 0px;letter-spacing: initial;margin: initial;max-height: initial;max-width: initial;min-height: initial;min-width: initial;overflow: initial;padding: initial;text-align: initial;text-decoration: initial;text-indent: initial;text-transform: initial;vertical-align: initial;border-spacing: initial;width: initial\"><\/div>\n<div class=\"ms-editor-squiggler\" style=\"color: initial;font: initial;background: initial;background-blend-mode: initial;border: initial;border-radius: initial;border-collapse: initial;caption-side: initial;clear: initial;columns: initial;column-fill: initial;column-rule: initial;column-span: initial;cursor: initial;flex: initial;flex-flow: initial;float: initial;height: 0px;letter-spacing: initial;margin: initial;max-height: initial;max-width: initial;min-height: initial;min-width: initial;overflow: initial;padding: initial;text-align: initial;text-decoration: initial;text-indent: initial;text-transform: initial;vertical-align: initial;border-spacing: initial;width: initial\"><\/div>\n","protected":false},"excerpt":{"rendered":"<p>&nbsp; &nbsp; &nbsp; Cibele da Rosa Gil \/\u00a0Curr\u00edculum Lattes Linha de Pesquisa: Processos de Cria\u00e7\u00e3o e Po\u00e9ticas do Cotidiano Data de nascimento:\u00a0 Texto introdut\u00f3rio: Mestre em Artes atrav\u00e9s do Programa de P\u00f3s-Gradua\u00e7\u00e3o em Artes da Universidade Federal de Pelotas, linha de pesquisa Processos de Cria\u00e7\u00e3o e Po\u00e9ticas do Cotidiano, com a disserta\u00e7\u00e3o &#8220;O risco que [&hellip;]<\/p>\n","protected":false},"author":1258,"featured_media":0,"parent":0,"menu_order":0,"comment_status":"closed","ping_status":"closed","template":"","meta":{"footnotes":""},"class_list":["post-5334","page","type-page","status-publish","hentry"],"_links":{"self":[{"href":"https:\/\/wp.ufpel.edu.br\/ppgartes\/wp-json\/wp\/v2\/pages\/5334","targetHints":{"allow":["GET"]}}],"collection":[{"href":"https:\/\/wp.ufpel.edu.br\/ppgartes\/wp-json\/wp\/v2\/pages"}],"about":[{"href":"https:\/\/wp.ufpel.edu.br\/ppgartes\/wp-json\/wp\/v2\/types\/page"}],"author":[{"embeddable":true,"href":"https:\/\/wp.ufpel.edu.br\/ppgartes\/wp-json\/wp\/v2\/users\/1258"}],"replies":[{"embeddable":true,"href":"https:\/\/wp.ufpel.edu.br\/ppgartes\/wp-json\/wp\/v2\/comments?post=5334"}],"version-history":[{"count":0,"href":"https:\/\/wp.ufpel.edu.br\/ppgartes\/wp-json\/wp\/v2\/pages\/5334\/revisions"}],"wp:attachment":[{"href":"https:\/\/wp.ufpel.edu.br\/ppgartes\/wp-json\/wp\/v2\/media?parent=5334"}],"curies":[{"name":"wp","href":"https:\/\/api.w.org\/{rel}","templated":true}]}}