{"id":5317,"date":"2021-03-25T08:40:16","date_gmt":"2021-03-25T11:40:16","guid":{"rendered":"https:\/\/wp.ufpel.edu.br\/mestradoartesvisuais\/?page_id=5317"},"modified":"2021-03-25T08:40:16","modified_gmt":"2021-03-25T11:40:16","slug":"amanda-machado-madruga","status":"publish","type":"page","link":"https:\/\/wp.ufpel.edu.br\/ppgartes\/amanda-machado-madruga\/","title":{"rendered":"Amanda Machado Madruga"},"content":{"rendered":"<p><a href=\"https:\/\/wp.ufpel.edu.br\/ppgartes\/files\/2021\/03\/turma7_Amanda-Machado-Madruga.png\"><img class=\"wp-image-5426 size-thumbnail alignleft\" src=\"https:\/\/wp.ufpel.edu.br\/ppgartes\/files\/2021\/03\/turma7_Amanda-Machado-Madruga-200x200.png\" alt=\"\" width=\"200\" height=\"200\" srcset=\"https:\/\/wp.ufpel.edu.br\/ppgartes\/files\/2021\/03\/turma7_Amanda-Machado-Madruga-200x200.png 200w, https:\/\/wp.ufpel.edu.br\/ppgartes\/files\/2021\/03\/turma7_Amanda-Machado-Madruga-400x400.png 400w, https:\/\/wp.ufpel.edu.br\/ppgartes\/files\/2021\/03\/turma7_Amanda-Machado-Madruga.png 500w\" sizes=\"(max-width: 200px) 100vw, 200px\" \/><\/a><\/p>\n<p><span style=\"font-family: georgia, palatino, serif;font-size: 12pt\"><span style=\"font-size: 18pt\"><strong><span style=\"font-family: 'trebuchet ms', geneva, sans-serif\">Amanda Machado Madruga <span style=\"font-size: 10pt;color: #999999\">\/\u00a0<\/span><\/span><\/strong><\/span><span style=\"font-family: 'trebuchet ms', geneva, sans-serif;font-size: 10pt\"><a href=\"http:\/\/lattes.cnpq.br\/2763335885337009\" target=\"_blank\" rel=\"noopener noreferrer\"><span style=\"color: #999999\">Curr\u00edculum Lattes<\/span><\/a><br \/>\n<strong>Linha de Pesquisa<\/strong>: <a href=\"https:\/\/wp.ufpel.edu.br\/mestradoartesvisuais\/linhas-de-pesquisa\/processos-de-criacao-e-poeticas-do-cotidiano\/\">Processos de Cria\u00e7\u00e3o e Po\u00e9ticas do Cotidiano<\/a><\/span><\/span><\/p>\n<p style=\"text-align: justify\"><span style=\"font-family: 'trebuchet ms', geneva, sans-serif;font-size: 10pt\"><strong>Texto introdut\u00f3rio:<\/strong> Graduada em Artes Visuais &#8211; Habilita\u00e7\u00e3o em Design Gr\u00e1fico pela Universidade Federal de Pelotas com per\u00edodo sandu\u00edche no Instituto Polit\u00e9cnico de Bragan\u00e7a em Portugal e t\u00e9cnica em Design de M\u00f3veis pelo Instituto Federal Sul-Rio-Grandense. \u00c9 mestranda do Programa de P\u00f3s Gradua\u00e7\u00e3o &#8211; Mestrado em Artes Visuais da Universidade Federal de Pelotas, na linha de Processos de Cria\u00e7\u00e3o e Po\u00e9ticas do Cotidiano, integrante do Laborat\u00f3rio de Curadoria do Museu de Arte Leopoldo Gotuzzo e atua como designer no Instituto Hist\u00f3rico e Geogr\u00e1fico de Pelotas. Pesquisa nas \u00e1reas de Feminismo, Curadoria e Design. (Texto extra\u00eddo diretamente da plataforma Lattes)<\/span><\/p>\n<hr \/>\n<p><span style=\"font-family: 'trebuchet ms', geneva, sans-serif;font-size: 10pt\"><strong>T\u00edtulo da disserta\u00e7\u00e3o<br \/>\n<a href=\"http:\/\/guaiaca.ufpel.edu.br:8080\/handle\/prefix\/7885\"><span style=\"font-size: 14pt\">Curadoria e feminismos: processos de cria\u00e7\u00e3o em exposi\u00e7\u00f5es de arte contempor\u00e2nea<\/span><\/a><\/strong><br \/>\n<\/span><span style=\"font-family: 'trebuchet ms', geneva, sans-serif;font-size: 10pt\"><strong>Orientador(a): <\/strong><a href=\"https:\/\/wp.ufpel.edu.br\/mestradoartesvisuais\/lauer-alves-nunes-dos-santos\/\">Prof. Dr. Lauer Alves Nunes dos Santos<\/a><br \/>\n<\/span><\/p>\n<p style=\"text-align: justify\"><span style=\"font-family: 'trebuchet ms', geneva, sans-serif;font-size: 10pt\"><strong>RESUMO<br \/>\n<\/strong>A presente pesquisa pertence \u00e0 linha de Processos de Cria\u00e7\u00e3o e Po\u00e9ticas do Cotidiano, do Programa de P\u00f3s-Gradua\u00e7\u00e3o em Artes Visuais da Universidade Federal de Pelotas. Possui como objetivo geral compreender processos de curadoria, considerando o design de identidade como agente mediador, em exposi\u00e7\u00f5es sob tem\u00e1ticas sociais &#8211; como o caso do movimento feminista. Sendo assim, tem como objetivos espec\u00edficos investigar o meio curatorial e o feminismo na contemporaneidade a fim de apresentar os dois pilares deste estudo, quais sejam: 1. Curadoria; 2. Feminismo; e realizar um projeto de exposi\u00e7\u00e3o a partir das investiga\u00e7\u00f5es propostas. A constru\u00e7\u00e3o te\u00f3rica em refer\u00eancia est\u00e1 baseada em autores e autoras como Suely Rolnik (1989; 2017; 2018), Hans Ulrich Obrist (2010) e Cristiana Tejo (2010; 2011) sobre curadoria; Heloisa Buarque de Hollanda (2018), Michelle Perrot (2007) e Fran\u00e7oise Verg\u00e8s (2020) abordando feminismos; Ellen Lupton (2013), Ruben Pater (2020) e Helen Armstrong (2019) ao tratar o design. A primeira parte busca revisar a bibliografia referente \u00e0 curadoria, construir um hist\u00f3rico do campo e estabelecer conceitos e rela\u00e7\u00f5es pertinentes \u00e0 escrita. Em um segundo momento, amplia a pesquisa at\u00e9 o feminismo onde pretende revisar a hist\u00f3ria do movimento e refletir sobre o seu atual contexto. Ao final, com a pr\u00e1tica, visa conectar os assuntos anteriores com o design ao projetar uma exposi\u00e7\u00e3o e explorar os modos de imprimir a identidade dos movimentos sociais em projetos curatoriais.<\/span><\/p>\n<p><span style=\"font-family: 'trebuchet ms', geneva, sans-serif;font-size: 10pt\"><strong>Palavras-chave:<\/strong> curadoria; feminismo; design de identidade; arte contempor\u00e2nea; exposi\u00e7\u00f5es de arte.<\/span><\/p>\n<p><span style=\"font-family: 'trebuchet ms', geneva, sans-serif;font-size: 10pt\"><strong>Banca:<br \/>\n<\/strong>Profa. Dra. Aline Accorssi<br \/>\nProfa. Dra Daniela Kern<br \/>\nProfa. Dra Gabriela Kremer Motta<br \/>\n<\/span><\/p>\n<p><span style=\"font-family: 'trebuchet ms', geneva, sans-serif;font-size: 10pt\"><strong>Data:<\/strong> 05\/abril\/2021<\/span><\/p>\n<h3 style=\"text-align: center\"><span style=\"font-family: 'trebuchet ms', geneva, sans-serif;font-size: 12pt\">Acompanhamento:<\/span><\/h3>\n<hr \/>\n<div class=\"layout-cell-pad-5 text-align-right\"><\/div>\n<div><\/div>\n<div><\/div>\n<div><\/div>\n<div><\/div>\n<div class=\"layout-cell layout-cell-1 text-align-right\"><\/div>\n<div class=\"ms-editor-squiggler\" style=\"color: initial;font: initial;background: initial;background-blend-mode: initial;border: initial;border-radius: initial;border-collapse: initial;caption-side: initial;clear: initial;columns: initial;column-fill: initial;column-rule: initial;column-span: initial;cursor: initial;flex: initial;flex-flow: initial;float: initial;height: 0px;letter-spacing: initial;margin: initial;max-height: initial;max-width: initial;min-height: initial;min-width: initial;overflow: initial;padding: initial;text-align: initial;text-decoration: initial;text-indent: initial;text-transform: initial;vertical-align: initial;border-spacing: initial;width: initial\"><\/div>\n<div class=\"ms-editor-squiggler\" style=\"color: initial;font: initial;background: initial;background-blend-mode: initial;border: initial;border-radius: initial;border-collapse: initial;caption-side: initial;clear: initial;columns: initial;column-fill: initial;column-rule: initial;column-span: initial;cursor: initial;flex: initial;flex-flow: initial;float: initial;height: 0px;letter-spacing: initial;margin: initial;max-height: initial;max-width: initial;min-height: initial;min-width: initial;overflow: initial;padding: initial;text-align: initial;text-decoration: initial;text-indent: initial;text-transform: initial;vertical-align: initial;border-spacing: initial;width: initial\"><\/div>\n<div class=\"ms-editor-squiggler\" style=\"color: initial;font: initial;background: initial;background-blend-mode: initial;border: initial;border-radius: initial;border-collapse: initial;caption-side: initial;clear: initial;columns: initial;column-fill: initial;column-rule: initial;column-span: initial;cursor: initial;flex: initial;flex-flow: initial;float: initial;height: 0px;letter-spacing: initial;margin: initial;max-height: initial;max-width: initial;min-height: initial;min-width: initial;overflow: initial;padding: initial;text-align: initial;text-decoration: initial;text-indent: initial;text-transform: initial;vertical-align: initial;border-spacing: initial;width: initial\"><\/div>\n<div class=\"ms-editor-squiggler\" style=\"color: initial;font: initial;background: initial;background-blend-mode: initial;border: initial;border-radius: initial;border-collapse: initial;caption-side: initial;clear: initial;columns: initial;column-fill: initial;column-rule: initial;column-span: initial;cursor: initial;flex: initial;flex-flow: initial;float: initial;height: 0px;letter-spacing: initial;margin: initial;max-height: initial;max-width: initial;min-height: initial;min-width: initial;overflow: initial;padding: initial;text-align: initial;text-decoration: initial;text-indent: initial;text-transform: initial;vertical-align: initial;border-spacing: initial;width: initial\"><\/div>\n<div class=\"ms-editor-squiggler\" style=\"color: initial;font: initial;background: initial;background-blend-mode: initial;border: initial;border-radius: initial;border-collapse: initial;caption-side: initial;clear: initial;columns: initial;column-fill: initial;column-rule: initial;column-span: initial;cursor: initial;flex: initial;flex-flow: initial;float: initial;height: 0px;letter-spacing: initial;margin: initial;max-height: initial;max-width: initial;min-height: initial;min-width: initial;overflow: initial;padding: initial;text-align: initial;text-decoration: initial;text-indent: initial;text-transform: initial;vertical-align: initial;border-spacing: initial;width: initial\"><\/div>\n<div class=\"ms-editor-squiggler\" style=\"color: initial;font: initial;background: initial;background-blend-mode: initial;border: initial;border-radius: initial;border-collapse: initial;caption-side: initial;clear: initial;columns: initial;column-fill: initial;column-rule: initial;column-span: initial;cursor: initial;flex: initial;flex-flow: initial;float: initial;height: 0px;letter-spacing: initial;margin: initial;max-height: initial;max-width: initial;min-height: initial;min-width: initial;overflow: initial;padding: initial;text-align: initial;text-decoration: initial;text-indent: initial;text-transform: initial;vertical-align: initial;border-spacing: initial;width: initial\"><\/div>\n<div class=\"ms-editor-squiggler\" style=\"color: initial;font: initial;background: initial;background-blend-mode: initial;border: initial;border-radius: initial;border-collapse: initial;caption-side: initial;clear: initial;columns: initial;column-fill: initial;column-rule: initial;column-span: initial;cursor: initial;flex: initial;flex-flow: initial;float: initial;height: 0px;letter-spacing: initial;margin: initial;max-height: initial;max-width: initial;min-height: initial;min-width: initial;overflow: initial;padding: initial;text-align: initial;text-decoration: initial;text-indent: initial;text-transform: initial;vertical-align: initial;border-spacing: initial;width: initial\"><\/div>\n<div class=\"ms-editor-squiggler\" style=\"color: initial;font: initial;background: initial;background-blend-mode: initial;border: initial;border-radius: initial;border-collapse: initial;caption-side: initial;clear: initial;columns: initial;column-fill: initial;column-rule: initial;column-span: initial;cursor: initial;flex: initial;flex-flow: initial;float: initial;height: 0px;letter-spacing: initial;margin: initial;max-height: initial;max-width: initial;min-height: initial;min-width: initial;overflow: initial;padding: initial;text-align: initial;text-decoration: initial;text-indent: initial;text-transform: initial;vertical-align: initial;border-spacing: initial;width: initial\"><\/div>\n<div class=\"ms-editor-squiggler\" style=\"color: initial;font: initial;background: initial;background-blend-mode: initial;border: initial;border-radius: initial;border-collapse: initial;caption-side: initial;clear: initial;columns: initial;column-fill: initial;column-rule: initial;column-span: initial;cursor: initial;flex: initial;flex-flow: initial;float: initial;height: 0px;letter-spacing: initial;margin: initial;max-height: initial;max-width: initial;min-height: initial;min-width: initial;overflow: initial;padding: initial;text-align: initial;text-decoration: initial;text-indent: initial;text-transform: initial;vertical-align: initial;border-spacing: initial;width: initial\"><\/div>\n<div class=\"ms-editor-squiggler\" style=\"color: initial;font: initial;background: initial;background-blend-mode: initial;border: initial;border-radius: initial;border-collapse: initial;caption-side: initial;clear: initial;columns: initial;column-fill: initial;column-rule: initial;column-span: initial;cursor: initial;flex: initial;flex-flow: initial;float: initial;height: 0px;letter-spacing: initial;margin: initial;max-height: initial;max-width: initial;min-height: initial;min-width: initial;overflow: initial;padding: initial;text-align: initial;text-decoration: initial;text-indent: initial;text-transform: initial;vertical-align: initial;border-spacing: initial;width: initial\"><\/div>\n","protected":false},"excerpt":{"rendered":"<p>Amanda Machado Madruga \/\u00a0Curr\u00edculum Lattes Linha de Pesquisa: Processos de Cria\u00e7\u00e3o e Po\u00e9ticas do Cotidiano Texto introdut\u00f3rio: Graduada em Artes Visuais &#8211; Habilita\u00e7\u00e3o em Design Gr\u00e1fico pela Universidade Federal de Pelotas com per\u00edodo sandu\u00edche no Instituto Polit\u00e9cnico de Bragan\u00e7a em Portugal e t\u00e9cnica em Design de M\u00f3veis pelo Instituto Federal Sul-Rio-Grandense. \u00c9 mestranda do Programa [&hellip;]<\/p>\n","protected":false},"author":1258,"featured_media":0,"parent":0,"menu_order":0,"comment_status":"closed","ping_status":"closed","template":"","meta":{"footnotes":""},"class_list":["post-5317","page","type-page","status-publish","hentry"],"_links":{"self":[{"href":"https:\/\/wp.ufpel.edu.br\/ppgartes\/wp-json\/wp\/v2\/pages\/5317","targetHints":{"allow":["GET"]}}],"collection":[{"href":"https:\/\/wp.ufpel.edu.br\/ppgartes\/wp-json\/wp\/v2\/pages"}],"about":[{"href":"https:\/\/wp.ufpel.edu.br\/ppgartes\/wp-json\/wp\/v2\/types\/page"}],"author":[{"embeddable":true,"href":"https:\/\/wp.ufpel.edu.br\/ppgartes\/wp-json\/wp\/v2\/users\/1258"}],"replies":[{"embeddable":true,"href":"https:\/\/wp.ufpel.edu.br\/ppgartes\/wp-json\/wp\/v2\/comments?post=5317"}],"version-history":[{"count":0,"href":"https:\/\/wp.ufpel.edu.br\/ppgartes\/wp-json\/wp\/v2\/pages\/5317\/revisions"}],"wp:attachment":[{"href":"https:\/\/wp.ufpel.edu.br\/ppgartes\/wp-json\/wp\/v2\/media?parent=5317"}],"curies":[{"name":"wp","href":"https:\/\/api.w.org\/{rel}","templated":true}]}}