{"id":5292,"date":"2021-03-24T19:10:49","date_gmt":"2021-03-24T22:10:49","guid":{"rendered":"https:\/\/wp.ufpel.edu.br\/mestradoartesvisuais\/?page_id=5292"},"modified":"2021-03-24T19:10:49","modified_gmt":"2021-03-24T22:10:49","slug":"juliana-de-moraes-coelho","status":"publish","type":"page","link":"https:\/\/wp.ufpel.edu.br\/ppgartes\/juliana-de-moraes-coelho\/","title":{"rendered":"Juliana de Moraes Coelho"},"content":{"rendered":"<p><a href=\"https:\/\/wp.ufpel.edu.br\/ppgartes\/files\/2021\/04\/turma6_Juliana-de-Moraes-Coelho.png\"><img class=\"wp-image-5963 size-thumbnail alignleft\" src=\"https:\/\/wp.ufpel.edu.br\/ppgartes\/files\/2021\/04\/turma6_Juliana-de-Moraes-Coelho-200x200.png\" alt=\"\" width=\"200\" height=\"200\" srcset=\"https:\/\/wp.ufpel.edu.br\/ppgartes\/files\/2021\/04\/turma6_Juliana-de-Moraes-Coelho-200x200.png 200w, https:\/\/wp.ufpel.edu.br\/ppgartes\/files\/2021\/04\/turma6_Juliana-de-Moraes-Coelho-400x400.png 400w, https:\/\/wp.ufpel.edu.br\/ppgartes\/files\/2021\/04\/turma6_Juliana-de-Moraes-Coelho.png 500w\" sizes=\"(max-width: 200px) 100vw, 200px\" \/><\/a><\/p>\n<p>&nbsp;<\/p>\n<p>&nbsp;<\/p>\n<p>&nbsp;<\/p>\n<p><span style=\"font-family: georgia, palatino, serif;font-size: 12pt\"><span style=\"font-size: 18pt\"><strong><span style=\"font-family: 'trebuchet ms', geneva, sans-serif\">Juliana de Moraes Coelho <span style=\"font-size: 10pt;color: #999999\">\/\u00a0<\/span><\/span><\/strong><\/span><span style=\"font-family: 'trebuchet ms', geneva, sans-serif;font-size: 10pt\"><a href=\"http:\/\/lattes.cnpq.br\/5465997530657591\" target=\"_blank\" rel=\"noopener noreferrer\"><span style=\"color: #999999\">Curr\u00edculum Lattes<\/span><\/a><br \/>\n<strong>Linha de Pesquisa<\/strong>: <a href=\"https:\/\/wp.ufpel.edu.br\/mestradoartesvisuais\/linhas-de-pesquisa\/educacao-em-artes-e-processos-de-formacao-estetica\/\">Educa\u00e7\u00e3o em Artes e Processos de Forma\u00e7\u00e3o Est\u00e9tica<\/a><br \/>\n<\/span><\/span><span style=\"font-family: georgia, palatino, serif;font-size: 12pt\"><span style=\"font-family: 'trebuchet ms', geneva, sans-serif;font-size: 10pt\"><strong>Data de nascimento:\u00a0<\/strong><\/span><\/span><\/p>\n<p style=\"text-align: justify\"><span style=\"font-family: 'trebuchet ms', geneva, sans-serif;font-size: 10pt\"><strong>Texto introdut\u00f3rio:<\/strong> Professora de Educa\u00e7\u00e3o F\u00edsica na Rede Municipal de Cidade de Pelotas, professora de Dan\u00e7a em Institui\u00e7\u00e3o privada. Pesquisadora e bailarina de Dan\u00e7as Afro e Dan\u00e7as Brasileiras. Mestra no Curso de Artes no PPGAV &#8211; Centro de Artes &#8211; UFPel. Graduada em Educa\u00e7\u00e3o F\u00edsica Licenciatura Plena e Dan\u00e7a &#8211; Licenciatura, ambos pela Universidade Federal de Pelotas. Especialista em Educa\u00e7\u00e3o F\u00edsica Escolar, pela Universidade Federal do Rio Grande. (Texto extra\u00eddo diretamente da plataforma Lattes)<\/span><\/p>\n<hr \/>\n<p><span style=\"font-family: 'trebuchet ms', geneva, sans-serif;font-size: 10pt\"><strong>T\u00edtulo da disserta\u00e7\u00e3o<br \/>\n<a href=\"http:\/\/guaiaca.ufpel.edu.br\/bitstream\/prefix\/5510\/1\/JULIANA%20DE%20MORAES%20COELHO_Dissertacao.pdf\" target=\"_blank\" rel=\"noopener noreferrer\"><span style=\"font-size: 14pt\">Tornar-se negra: as dan\u00e7as afro no processo de autoidentifica\u00e7\u00e3o e empoderamento \u00e9tnico de uma professorartista<\/span><\/a><\/strong><br \/>\n<\/span><span style=\"font-family: 'trebuchet ms', geneva, sans-serif;font-size: 10pt\"><strong>Orientador(a):<\/strong> <a href=\"https:\/\/wp.ufpel.edu.br\/mestradoartesvisuais\/thiago-silva-de-amorim-jesus\/\">Prof. Dr. Thiago Silva de Amorim Jesus (PPGAV\/UFPel)<\/a><br \/>\n<\/span><\/p>\n<p style=\"text-align: justify\"><span style=\"font-family: 'trebuchet ms', geneva, sans-serif;font-size: 10pt\"><strong>RESUMO<\/strong><br \/>\nO estudo apresenta a investiga\u00e7\u00e3o de minha disserta\u00e7\u00e3o de Mestrado no Curso de Programa de P\u00f3s-Gradua\u00e7\u00e3o em Artes Visuais da Universidade Federal de Pelotas, no qual estou inserida na Linha Educa\u00e7\u00e3o em Artes e Processos de Forma\u00e7\u00e3o Est\u00e9tica. Enquanto mulher negra, bailarina, professora e pesquisadora das Dan\u00e7as Afro e, sobretudo, das quest\u00f5es que se engendram no seu fazer, busco a partir das viv\u00eancias que me s\u00e3o permitidas, entre suas pr\u00e1ticas e minhas experi\u00eancias de vida, dan\u00e7antes e docentes, articular e problematizar diferentes atravessamentos nestas perspectivas. Sendo assim, o objetivo principal est\u00e1 em refletir sobre a articula\u00e7\u00e3o entre as viv\u00eancias com as Dan\u00e7as Afro e o meu processo de autoidentifica\u00e7\u00e3o e empoderamento \u00e9tnico negro. \u00c9 a partir da autoetnografia (FORTIN, 2006) que me torno parte decisiva do estudo, ou seja, sujeito, trazendo experi\u00eancias e viv\u00eancias pessoais e profissionais para discutir conceitos como: Dan\u00e7as Afro, Identidade, Educa\u00e7\u00e3o. Buscando em referenciais das Dan\u00e7as Afro, cultura afro-brasileira, educa\u00e7\u00e3o e etc., o aporte te\u00f3rico para o estudo a partir de leituras dos autores SILVA (2011, 2013), GOMES (2002, 2003, 2009), SABINO &amp; LODY (2012), BRAND\u00c3O (1981) entre outros. Defendo as Dan\u00e7as Afro como possibilidades de ampliar e fortalecer os conhecimentos em hist\u00f3ria e cultura afro-brasileira a partir de sua pr\u00e1tica e por meio destas dan\u00e7as. Sendo este estudo uma investiga\u00e7\u00e3o de si (mim), uma autorreflex\u00e3o, n\u00e3o h\u00e1 resultados \u201cfinais\u201d, mas, considera\u00e7\u00f5es provis\u00f3rias e parciais que refor\u00e7am a pot\u00eancia destas pr\u00e1ticas para assun\u00e7\u00e3o da identidade \u00e9tnica negra e forma\u00e7\u00e3o da professorartista, o que me instiga a estudar e aprofundar meus conhecimentos, me levando a crer neste fazer como uma pr\u00e1tica empoderadora e potencializadora, dando voz e visibilidade para a cultura negra, seja no fazer art\u00edstico ou docente.<br \/>\n<\/span><\/p>\n<p><span style=\"font-family: 'trebuchet ms', geneva, sans-serif;font-size: 10pt\"><strong>Palavras-chave:<\/strong> dan\u00e7as afro; autoetnografia; empoderamento<\/span><\/p>\n<p><span style=\"font-family: 'trebuchet ms', geneva, sans-serif;font-size: 10pt\"><strong>Banca:<br \/>\n<\/strong><\/span><span style=\"font-family: 'trebuchet ms', geneva, sans-serif;font-size: 10pt\">Prof. Dr. Cl\u00e1udio Baptista Carle (UFPel)<br \/>\nProfa. Dra. Carmen Anita Hofmann (PPGAV\/UFPel)<br \/>\nProfa. Dra. Larissa Patron Chaves (PPGAV\/UFPel)<\/span><\/p>\n<p><span style=\"font-family: 'trebuchet ms', geneva, sans-serif;font-size: 10pt\"><strong>Data:<\/strong> 25\/setembro\/2019<\/span><\/p>\n<p>&nbsp;<\/p>\n<p>&nbsp;<\/p>\n<h3 style=\"text-align: center\"><span style=\"font-family: 'trebuchet ms', geneva, sans-serif;font-size: 12pt\">Acompanhamento Egresso:<\/span><\/h3>\n<hr \/>\n<div class=\"layout-cell-pad-5 text-align-right\"><\/div>\n<div><\/div>\n<div><\/div>\n<div><\/div>\n<div><\/div>\n<div class=\"layout-cell layout-cell-1 text-align-right\"><\/div>\n<p>&nbsp;<\/p>\n<p>&nbsp;<\/p>\n<p>&nbsp;<\/p>\n<p>&nbsp;<\/p>\n<p>&nbsp;<\/p>\n<p>&nbsp;<\/p>\n<p>&nbsp;<\/p>\n<div class=\"ms-editor-squiggler\" style=\"color: initial;font: initial;background: initial;background-blend-mode: initial;border: initial;border-radius: initial;border-collapse: initial;caption-side: initial;clear: initial;columns: initial;column-fill: initial;column-rule: initial;column-span: initial;cursor: initial;flex: initial;flex-flow: initial;float: initial;height: 0px;letter-spacing: initial;margin: initial;max-height: initial;max-width: initial;min-height: initial;min-width: initial;overflow: initial;padding: initial;text-align: initial;text-decoration: initial;text-indent: initial;text-transform: initial;vertical-align: initial;border-spacing: initial;width: initial\"><\/div>\n<div class=\"ms-editor-squiggler\" style=\"color: initial;font: initial;background: initial;background-blend-mode: initial;border: initial;border-radius: initial;border-collapse: initial;caption-side: initial;clear: initial;columns: initial;column-fill: initial;column-rule: initial;column-span: initial;cursor: initial;flex: initial;flex-flow: initial;float: initial;height: 0px;letter-spacing: initial;margin: initial;max-height: initial;max-width: initial;min-height: initial;min-width: initial;overflow: initial;padding: initial;text-align: initial;text-decoration: initial;text-indent: initial;text-transform: initial;vertical-align: initial;border-spacing: initial;width: initial\"><\/div>\n<div class=\"ms-editor-squiggler\" style=\"color: initial;font: initial;background: initial;background-blend-mode: initial;border: initial;border-radius: initial;border-collapse: initial;caption-side: initial;clear: initial;columns: initial;column-fill: initial;column-rule: initial;column-span: initial;cursor: initial;flex: initial;flex-flow: initial;float: initial;height: 0px;letter-spacing: initial;margin: initial;max-height: initial;max-width: initial;min-height: initial;min-width: initial;overflow: initial;padding: initial;text-align: initial;text-decoration: initial;text-indent: initial;text-transform: initial;vertical-align: initial;border-spacing: initial;width: initial\"><\/div>\n<div class=\"ms-editor-squiggler\" style=\"color: initial;font: initial;background: initial;background-blend-mode: initial;border: initial;border-radius: initial;border-collapse: initial;caption-side: initial;clear: initial;columns: initial;column-fill: initial;column-rule: initial;column-span: initial;cursor: initial;flex: initial;flex-flow: initial;float: initial;height: 0px;letter-spacing: initial;margin: initial;max-height: initial;max-width: initial;min-height: initial;min-width: initial;overflow: initial;padding: initial;text-align: initial;text-decoration: initial;text-indent: initial;text-transform: initial;vertical-align: initial;border-spacing: initial;width: initial\"><\/div>\n<div class=\"ms-editor-squiggler\" style=\"color: initial;font: initial;background: initial;background-blend-mode: initial;border: initial;border-radius: initial;border-collapse: initial;caption-side: initial;clear: initial;columns: initial;column-fill: initial;column-rule: initial;column-span: initial;cursor: initial;flex: initial;flex-flow: initial;float: initial;height: 0px;letter-spacing: initial;margin: initial;max-height: initial;max-width: initial;min-height: initial;min-width: initial;overflow: initial;padding: initial;text-align: initial;text-decoration: initial;text-indent: initial;text-transform: initial;vertical-align: initial;border-spacing: initial;width: initial\"><\/div>\n<div class=\"ms-editor-squiggler\" style=\"color: initial;font: initial;background: initial;background-blend-mode: initial;border: initial;border-radius: initial;border-collapse: initial;caption-side: initial;clear: initial;columns: initial;column-fill: initial;column-rule: initial;column-span: initial;cursor: initial;flex: initial;flex-flow: initial;float: initial;height: 0px;letter-spacing: initial;margin: initial;max-height: initial;max-width: initial;min-height: initial;min-width: initial;overflow: initial;padding: initial;text-align: initial;text-decoration: initial;text-indent: initial;text-transform: initial;vertical-align: initial;border-spacing: initial;width: initial\"><\/div>\n<div class=\"ms-editor-squiggler\" style=\"color: initial;font: initial;background: initial;background-blend-mode: initial;border: initial;border-radius: initial;border-collapse: initial;caption-side: initial;clear: initial;columns: initial;column-fill: initial;column-rule: initial;column-span: initial;cursor: initial;flex: initial;flex-flow: initial;float: initial;height: 0px;letter-spacing: initial;margin: initial;max-height: initial;max-width: initial;min-height: initial;min-width: initial;overflow: initial;padding: initial;text-align: initial;text-decoration: initial;text-indent: initial;text-transform: initial;vertical-align: initial;border-spacing: initial;width: initial\"><\/div>\n<div class=\"ms-editor-squiggler\" style=\"color: initial;font: initial;background: initial;background-blend-mode: initial;border: initial;border-radius: initial;border-collapse: initial;caption-side: initial;clear: initial;columns: initial;column-fill: initial;column-rule: initial;column-span: initial;cursor: initial;flex: initial;flex-flow: initial;float: initial;height: 0px;letter-spacing: initial;margin: initial;max-height: initial;max-width: initial;min-height: initial;min-width: initial;overflow: initial;padding: initial;text-align: initial;text-decoration: initial;text-indent: initial;text-transform: initial;vertical-align: initial;border-spacing: initial;width: initial\"><\/div>\n<div class=\"ms-editor-squiggler\" style=\"color: initial;font: initial;background: initial;background-blend-mode: initial;border: initial;border-radius: initial;border-collapse: initial;caption-side: initial;clear: initial;columns: initial;column-fill: initial;column-rule: initial;column-span: initial;cursor: initial;flex: initial;flex-flow: initial;float: initial;height: 0px;letter-spacing: initial;margin: initial;max-height: initial;max-width: initial;min-height: initial;min-width: initial;overflow: initial;padding: initial;text-align: initial;text-decoration: initial;text-indent: initial;text-transform: initial;vertical-align: initial;border-spacing: initial;width: initial\"><\/div>\n<div class=\"ms-editor-squiggler\" style=\"color: initial;font: initial;background: initial;background-blend-mode: initial;border: initial;border-radius: initial;border-collapse: initial;caption-side: initial;clear: initial;columns: initial;column-fill: initial;column-rule: initial;column-span: initial;cursor: initial;flex: initial;flex-flow: initial;float: initial;height: 0px;letter-spacing: initial;margin: initial;max-height: initial;max-width: initial;min-height: initial;min-width: initial;overflow: initial;padding: initial;text-align: initial;text-decoration: initial;text-indent: initial;text-transform: initial;vertical-align: initial;border-spacing: initial;width: initial\"><\/div>\n","protected":false},"excerpt":{"rendered":"<p>&nbsp; &nbsp; &nbsp; Juliana de Moraes Coelho \/\u00a0Curr\u00edculum Lattes Linha de Pesquisa: Educa\u00e7\u00e3o em Artes e Processos de Forma\u00e7\u00e3o Est\u00e9tica Data de nascimento:\u00a0 Texto introdut\u00f3rio: Professora de Educa\u00e7\u00e3o F\u00edsica na Rede Municipal de Cidade de Pelotas, professora de Dan\u00e7a em Institui\u00e7\u00e3o privada. Pesquisadora e bailarina de Dan\u00e7as Afro e Dan\u00e7as Brasileiras. Mestra no Curso de [&hellip;]<\/p>\n","protected":false},"author":1258,"featured_media":0,"parent":0,"menu_order":0,"comment_status":"closed","ping_status":"closed","template":"","meta":{"footnotes":""},"class_list":["post-5292","page","type-page","status-publish","hentry"],"_links":{"self":[{"href":"https:\/\/wp.ufpel.edu.br\/ppgartes\/wp-json\/wp\/v2\/pages\/5292","targetHints":{"allow":["GET"]}}],"collection":[{"href":"https:\/\/wp.ufpel.edu.br\/ppgartes\/wp-json\/wp\/v2\/pages"}],"about":[{"href":"https:\/\/wp.ufpel.edu.br\/ppgartes\/wp-json\/wp\/v2\/types\/page"}],"author":[{"embeddable":true,"href":"https:\/\/wp.ufpel.edu.br\/ppgartes\/wp-json\/wp\/v2\/users\/1258"}],"replies":[{"embeddable":true,"href":"https:\/\/wp.ufpel.edu.br\/ppgartes\/wp-json\/wp\/v2\/comments?post=5292"}],"version-history":[{"count":0,"href":"https:\/\/wp.ufpel.edu.br\/ppgartes\/wp-json\/wp\/v2\/pages\/5292\/revisions"}],"wp:attachment":[{"href":"https:\/\/wp.ufpel.edu.br\/ppgartes\/wp-json\/wp\/v2\/media?parent=5292"}],"curies":[{"name":"wp","href":"https:\/\/api.w.org\/{rel}","templated":true}]}}