{"id":5289,"date":"2021-03-24T19:08:49","date_gmt":"2021-03-24T22:08:49","guid":{"rendered":"https:\/\/wp.ufpel.edu.br\/mestradoartesvisuais\/?page_id=5289"},"modified":"2021-03-24T19:08:49","modified_gmt":"2021-03-24T22:08:49","slug":"josiane-duarte-dos-santos","status":"publish","type":"page","link":"https:\/\/wp.ufpel.edu.br\/ppgartes\/josiane-duarte-dos-santos\/","title":{"rendered":"Josiane Duarte dos Santos"},"content":{"rendered":"<p><a href=\"https:\/\/wp.ufpel.edu.br\/ppgartes\/files\/2021\/04\/turma6_Josiane-Duarte-dos-Santos-Crizel.png\"><img class=\"wp-image-5964 size-thumbnail alignleft\" src=\"https:\/\/wp.ufpel.edu.br\/ppgartes\/files\/2021\/04\/turma6_Josiane-Duarte-dos-Santos-Crizel-200x200.png\" alt=\"\" width=\"200\" height=\"200\" srcset=\"https:\/\/wp.ufpel.edu.br\/ppgartes\/files\/2021\/04\/turma6_Josiane-Duarte-dos-Santos-Crizel-200x200.png 200w, https:\/\/wp.ufpel.edu.br\/ppgartes\/files\/2021\/04\/turma6_Josiane-Duarte-dos-Santos-Crizel-400x400.png 400w, https:\/\/wp.ufpel.edu.br\/ppgartes\/files\/2021\/04\/turma6_Josiane-Duarte-dos-Santos-Crizel.png 500w\" sizes=\"(max-width: 200px) 100vw, 200px\" \/><\/a><\/p>\n<p>&nbsp;<\/p>\n<p>&nbsp;<\/p>\n<p>&nbsp;<\/p>\n<p><span style=\"font-family: georgia, palatino, serif;font-size: 12pt\"><span style=\"font-size: 18pt\"><strong><span style=\"font-family: 'trebuchet ms', geneva, sans-serif\">Josiane Duarte dos Santos <span style=\"font-size: 10pt;color: #999999\">\/\u00a0<\/span><\/span><\/strong><\/span><span style=\"font-family: 'trebuchet ms', geneva, sans-serif;font-size: 10pt\"><a href=\"http:\/\/lattes.cnpq.br\/1510503182213569\" target=\"_blank\" rel=\"noopener noreferrer\"><span style=\"color: #999999\">Curr\u00edculum Lattes<\/span><\/a><br \/>\n<strong>Linha de Pesquisa<\/strong>: <a href=\"https:\/\/wp.ufpel.edu.br\/mestradoartesvisuais\/linhas-de-pesquisa\/educacao-em-artes-e-processos-de-formacao-estetica\/\">Educa\u00e7\u00e3o em Artes e Processos de Forma\u00e7\u00e3o Est\u00e9tica<\/a><br \/>\n<\/span><\/span><span style=\"font-family: georgia, palatino, serif;font-size: 12pt\"><span style=\"font-family: 'trebuchet ms', geneva, sans-serif;font-size: 10pt\"><strong>Data de nascimento:\u00a0<\/strong><\/span><\/span><\/p>\n<p style=\"text-align: justify\"><span style=\"font-family: 'trebuchet ms', geneva, sans-serif;font-size: 10pt\"><strong>Texto introdut\u00f3rio:<\/strong> Possui mestrado em Artes Visuais, linha de Ensino da Arte e Educa\u00e7\u00e3o Est\u00e9tica pela UFPEL (2019), especializa\u00e7\u00e3o em Educa\u00e7\u00e3o pelo Instituto Federal de Educa\u00e7\u00e3o, Ci\u00eancia e Tecnologia Sul-Rio-Grandense Campus Pelotas (2013), gradua\u00e7\u00f5es em Design Gr\u00e1fico e Licenciatura em Artes Visuais pela Universidade Federal de Pelotas (2011 e 2016). Atualmente \u00e9 t\u00e9cnica diagramadora da Universidade Federal de Pelotas e pesquisadora no projeto OMEGA &#8211; Observat\u00f3rio de Mem\u00f3ria, Educa\u00e7\u00e3o, Gesto e Arte. (Texto extra\u00eddo diretamente da plataforma Lattes)<\/span><\/p>\n<hr \/>\n<p><span style=\"font-family: 'trebuchet ms', geneva, sans-serif;font-size: 10pt\"><strong>T\u00edtulo da disserta\u00e7\u00e3o<br \/>\n<a href=\"http:\/\/guaiaca.ufpel.edu.br\/handle\/prefix\/5509\" target=\"_blank\" rel=\"noopener noreferrer\"><span style=\"font-size: 14pt\">Sensibilidades: pr\u00e1ticas art\u00edstico-pedag\u00f3gicas com a tem\u00e1tica canina<\/span><\/a><\/strong><br \/>\n<\/span><span style=\"font-family: 'trebuchet ms', geneva, sans-serif;font-size: 10pt\"><strong>Orientador(a):<\/strong> <a href=\"https:\/\/wp.ufpel.edu.br\/mestradoartesvisuais\/carmen-anita-hoffmann\/\">Profa. Dra. Carmen Anita Hoffmann (PPGAV\/UFPel)<\/a><br \/>\n<\/span><\/p>\n<p style=\"text-align: justify\"><span style=\"font-family: 'trebuchet ms', geneva, sans-serif;font-size: 10pt\"><strong>RESUMO<\/strong><br \/>\nA presente disserta\u00e7\u00e3o tem como tema a educa\u00e7\u00e3o ambiental, a educa\u00e7\u00e3o est\u00e9tica e as pr\u00e1ticas pedag\u00f3gicas atrav\u00e9s de cria\u00e7\u00f5es art\u00edsticas, partindo da problem\u00e1tica ambiental relacionada \u00e0 quantidade significativa de c\u00e3es vulner\u00e1veis na cidade de Pelotas, RS, Brasil. O abandono, a procria\u00e7\u00e3o descontrolada e a falta de cuidado respons\u00e1vel para com os c\u00e3es geram milhares deles vulner\u00e1veis, errantes, famintos, doentes pelas ruas e que podem transferir doen\u00e7as \u00e0s pessoas. S\u00e3o quest\u00f5es de meio ambiente, sa\u00fade p\u00fablica e educa\u00e7\u00e3o. Diante disso, surge a seguinte quest\u00e3o de pesquisa: como a educa\u00e7\u00e3o est\u00e9tica e a ambiental podem contribuir para a reflex\u00e3o e a sensibiliza\u00e7\u00e3o de futuros professores de artes visuais, em rela\u00e7\u00e3o \u00e0 problem\u00e1tica da vulnerabilidade canina nas ruas de Pelotas? Refletir sobre essa problem\u00e1tica e questionar a rela\u00e7\u00e3o atual do homem com o c\u00e3o, articulando-os com \u00e0 educa\u00e7\u00e3o ambiental durante o ensino b\u00e1sico atrav\u00e9s da educa\u00e7\u00e3o est\u00e9tica e de pr\u00e1ticas art\u00edstico-pedag\u00f3gicas, s\u00e3o alguns modos pelos quais este estudo acredita que poder\u00e1 contribuir na forma\u00e7\u00e3o de uma sociedade mais consciente, atuante e sens\u00edvel. Acredita-se que tamb\u00e9m \u00e9 importante abordar esse assunto na forma\u00e7\u00e3o de educadores, no caso desta pesquisa, de futuros professores de artes visuais. Para isso, s\u00e3o utilizados diversos processos investigativos al\u00e9m de revis\u00f5es bibliogr\u00e1ficas, cria\u00e7\u00f5es e pr\u00e1ticas educativas, tais como: narra\u00e7\u00f5es liter\u00e1rias apresentadas como ep\u00edgrafes, pesquisa documental por meio de reportagens jornal\u00edsticas, estudos de caso atrav\u00e9s de entrevistas, cria\u00e7\u00f5es art\u00edsticas como, po\u00e9tica audiovisual e \u201cInfogr\u00e1fico L\u00fadico\u201d e, por fim, aplica\u00e7\u00e3o e an\u00e1lises das pr\u00e1ticas art\u00edstico-pedag\u00f3gicas com os discentes do Curso de Artes Visuais-Licenciatura, da UFPEL.<\/span><\/p>\n<p><span style=\"font-family: 'trebuchet ms', geneva, sans-serif;font-size: 10pt\"><strong>Palavras-chave:<\/strong> educa\u00e7\u00e3o est\u00e9tica; pr\u00e1ticas art\u00edstico-pedag\u00f3gicas; educa\u00e7\u00e3o ambiental; c\u00e3es vulner\u00e1veis; &#8220;Infogr\u00e1fico L\u00fadico&#8221;<\/span><\/p>\n<p><span style=\"font-family: 'trebuchet ms', geneva, sans-serif;font-size: 10pt\"><strong>Banca:<br \/>\n<\/strong><\/span><span style=\"font-family: 'trebuchet ms', geneva, sans-serif;font-size: 10pt\">Prof. Dr. Cl\u00e1udio Tarouco de Azevedo (CA\/UFPel)<br \/>\nProfa. Dra. Lucia Bergamaschi Costa Weymar (PPGAV\/UFPel)<br \/>\nProfa. Dra. Maristani Polidori Zamperetti (CA\/UFPel)<\/span><\/p>\n<p><span style=\"font-family: 'trebuchet ms', geneva, sans-serif;font-size: 10pt\"><strong>Data:<\/strong> 22\/agosto\/2019<\/span><\/p>\n<p>&nbsp;<\/p>\n<p>&nbsp;<\/p>\n<h3 style=\"text-align: center\"><span style=\"font-family: 'trebuchet ms', geneva, sans-serif;font-size: 12pt\">Acompanhamento Egresso:<\/span><\/h3>\n<hr \/>\n<div class=\"layout-cell-pad-5 text-align-right\"><\/div>\n<div><\/div>\n<div><\/div>\n<div><\/div>\n<div><\/div>\n<div class=\"layout-cell layout-cell-1 text-align-right\"><\/div>\n<p>&nbsp;<\/p>\n<p>&nbsp;<\/p>\n<p>&nbsp;<\/p>\n<p>&nbsp;<\/p>\n<p>&nbsp;<\/p>\n<p>&nbsp;<\/p>\n<p>&nbsp;<\/p>\n<div class=\"ms-editor-squiggler\" style=\"color: initial;font: initial;background: initial;background-blend-mode: initial;border: initial;border-radius: initial;border-collapse: initial;caption-side: initial;clear: initial;columns: initial;column-fill: initial;column-rule: initial;column-span: initial;cursor: initial;flex: initial;flex-flow: initial;float: initial;height: 0px;letter-spacing: initial;margin: initial;max-height: initial;max-width: initial;min-height: initial;min-width: initial;overflow: initial;padding: initial;text-align: initial;text-decoration: initial;text-indent: initial;text-transform: initial;vertical-align: initial;border-spacing: initial;width: initial\"><\/div>\n<div class=\"ms-editor-squiggler\" style=\"color: initial;font: initial;background: initial;background-blend-mode: initial;border: initial;border-radius: initial;border-collapse: initial;caption-side: initial;clear: initial;columns: initial;column-fill: initial;column-rule: initial;column-span: initial;cursor: initial;flex: initial;flex-flow: initial;float: initial;height: 0px;letter-spacing: initial;margin: initial;max-height: initial;max-width: initial;min-height: initial;min-width: initial;overflow: initial;padding: initial;text-align: initial;text-decoration: initial;text-indent: initial;text-transform: initial;vertical-align: initial;border-spacing: initial;width: initial\"><\/div>\n<div class=\"ms-editor-squiggler\" style=\"color: initial;font: initial;background: initial;background-blend-mode: initial;border: initial;border-radius: initial;border-collapse: initial;caption-side: initial;clear: initial;columns: initial;column-fill: initial;column-rule: initial;column-span: initial;cursor: initial;flex: initial;flex-flow: initial;float: initial;height: 0px;letter-spacing: initial;margin: initial;max-height: initial;max-width: initial;min-height: initial;min-width: initial;overflow: initial;padding: initial;text-align: initial;text-decoration: initial;text-indent: initial;text-transform: initial;vertical-align: initial;border-spacing: initial;width: initial\"><\/div>\n<div class=\"ms-editor-squiggler\" style=\"color: initial;font: initial;background: initial;background-blend-mode: initial;border: initial;border-radius: initial;border-collapse: initial;caption-side: initial;clear: initial;columns: initial;column-fill: initial;column-rule: initial;column-span: initial;cursor: initial;flex: initial;flex-flow: initial;float: initial;height: 0px;letter-spacing: initial;margin: initial;max-height: initial;max-width: initial;min-height: initial;min-width: initial;overflow: initial;padding: initial;text-align: initial;text-decoration: initial;text-indent: initial;text-transform: initial;vertical-align: initial;border-spacing: initial;width: initial\"><\/div>\n<div class=\"ms-editor-squiggler\" style=\"color: initial;font: initial;background: initial;background-blend-mode: initial;border: initial;border-radius: initial;border-collapse: initial;caption-side: initial;clear: initial;columns: initial;column-fill: initial;column-rule: initial;column-span: initial;cursor: initial;flex: initial;flex-flow: initial;float: initial;height: 0px;letter-spacing: initial;margin: initial;max-height: initial;max-width: initial;min-height: initial;min-width: initial;overflow: initial;padding: initial;text-align: initial;text-decoration: initial;text-indent: initial;text-transform: initial;vertical-align: initial;border-spacing: initial;width: initial\"><\/div>\n<div class=\"ms-editor-squiggler\" style=\"color: initial;font: initial;background: initial;background-blend-mode: initial;border: initial;border-radius: initial;border-collapse: initial;caption-side: initial;clear: initial;columns: initial;column-fill: initial;column-rule: initial;column-span: initial;cursor: initial;flex: initial;flex-flow: initial;float: initial;height: 0px;letter-spacing: initial;margin: initial;max-height: initial;max-width: initial;min-height: initial;min-width: initial;overflow: initial;padding: initial;text-align: initial;text-decoration: initial;text-indent: initial;text-transform: initial;vertical-align: initial;border-spacing: initial;width: initial\"><\/div>\n<div class=\"ms-editor-squiggler\" style=\"color: initial;font: initial;background: initial;background-blend-mode: initial;border: initial;border-radius: initial;border-collapse: initial;caption-side: initial;clear: initial;columns: initial;column-fill: initial;column-rule: initial;column-span: initial;cursor: initial;flex: initial;flex-flow: initial;float: initial;height: 0px;letter-spacing: initial;margin: initial;max-height: initial;max-width: initial;min-height: initial;min-width: initial;overflow: initial;padding: initial;text-align: initial;text-decoration: initial;text-indent: initial;text-transform: initial;vertical-align: initial;border-spacing: initial;width: initial\"><\/div>\n<div class=\"ms-editor-squiggler\" style=\"color: initial;font: initial;background: initial;background-blend-mode: initial;border: initial;border-radius: initial;border-collapse: initial;caption-side: initial;clear: initial;columns: initial;column-fill: initial;column-rule: initial;column-span: initial;cursor: initial;flex: initial;flex-flow: initial;float: initial;height: 0px;letter-spacing: initial;margin: initial;max-height: initial;max-width: initial;min-height: initial;min-width: initial;overflow: initial;padding: initial;text-align: initial;text-decoration: initial;text-indent: initial;text-transform: initial;vertical-align: initial;border-spacing: initial;width: initial\"><\/div>\n<div class=\"ms-editor-squiggler\" style=\"color: initial;font: initial;background: initial;background-blend-mode: initial;border: initial;border-radius: initial;border-collapse: initial;caption-side: initial;clear: initial;columns: initial;column-fill: initial;column-rule: initial;column-span: initial;cursor: initial;flex: initial;flex-flow: initial;float: initial;height: 0px;letter-spacing: initial;margin: initial;max-height: initial;max-width: initial;min-height: initial;min-width: initial;overflow: initial;padding: initial;text-align: initial;text-decoration: initial;text-indent: initial;text-transform: initial;vertical-align: initial;border-spacing: initial;width: initial\"><\/div>\n","protected":false},"excerpt":{"rendered":"<p>&nbsp; &nbsp; &nbsp; Josiane Duarte dos Santos \/\u00a0Curr\u00edculum Lattes Linha de Pesquisa: Educa\u00e7\u00e3o em Artes e Processos de Forma\u00e7\u00e3o Est\u00e9tica Data de nascimento:\u00a0 Texto introdut\u00f3rio: Possui mestrado em Artes Visuais, linha de Ensino da Arte e Educa\u00e7\u00e3o Est\u00e9tica pela UFPEL (2019), especializa\u00e7\u00e3o em Educa\u00e7\u00e3o pelo Instituto Federal de Educa\u00e7\u00e3o, Ci\u00eancia e Tecnologia Sul-Rio-Grandense Campus Pelotas [&hellip;]<\/p>\n","protected":false},"author":1258,"featured_media":0,"parent":0,"menu_order":0,"comment_status":"closed","ping_status":"closed","template":"","meta":{"footnotes":""},"class_list":["post-5289","page","type-page","status-publish","hentry"],"_links":{"self":[{"href":"https:\/\/wp.ufpel.edu.br\/ppgartes\/wp-json\/wp\/v2\/pages\/5289","targetHints":{"allow":["GET"]}}],"collection":[{"href":"https:\/\/wp.ufpel.edu.br\/ppgartes\/wp-json\/wp\/v2\/pages"}],"about":[{"href":"https:\/\/wp.ufpel.edu.br\/ppgartes\/wp-json\/wp\/v2\/types\/page"}],"author":[{"embeddable":true,"href":"https:\/\/wp.ufpel.edu.br\/ppgartes\/wp-json\/wp\/v2\/users\/1258"}],"replies":[{"embeddable":true,"href":"https:\/\/wp.ufpel.edu.br\/ppgartes\/wp-json\/wp\/v2\/comments?post=5289"}],"version-history":[{"count":0,"href":"https:\/\/wp.ufpel.edu.br\/ppgartes\/wp-json\/wp\/v2\/pages\/5289\/revisions"}],"wp:attachment":[{"href":"https:\/\/wp.ufpel.edu.br\/ppgartes\/wp-json\/wp\/v2\/media?parent=5289"}],"curies":[{"name":"wp","href":"https:\/\/api.w.org\/{rel}","templated":true}]}}