{"id":5257,"date":"2021-03-24T18:15:53","date_gmt":"2021-03-24T21:15:53","guid":{"rendered":"https:\/\/wp.ufpel.edu.br\/mestradoartesvisuais\/?page_id=5257"},"modified":"2021-03-24T18:15:53","modified_gmt":"2021-03-24T21:15:53","slug":"alex-sander-silveira-de-almeida","status":"publish","type":"page","link":"https:\/\/wp.ufpel.edu.br\/ppgartes\/alex-sander-silveira-de-almeida\/","title":{"rendered":"Alex Sander Silveira de Almeida"},"content":{"rendered":"<p><a href=\"https:\/\/wp.ufpel.edu.br\/ppgartes\/files\/2021\/04\/turma6_Alex-Sander-Silveira-de-Almeida.png\"><img class=\"wp-image-5956 size-thumbnail alignleft\" src=\"https:\/\/wp.ufpel.edu.br\/ppgartes\/files\/2021\/04\/turma6_Alex-Sander-Silveira-de-Almeida-200x200.png\" alt=\"\" width=\"200\" height=\"200\" srcset=\"https:\/\/wp.ufpel.edu.br\/ppgartes\/files\/2021\/04\/turma6_Alex-Sander-Silveira-de-Almeida-200x200.png 200w, https:\/\/wp.ufpel.edu.br\/ppgartes\/files\/2021\/04\/turma6_Alex-Sander-Silveira-de-Almeida-400x400.png 400w, https:\/\/wp.ufpel.edu.br\/ppgartes\/files\/2021\/04\/turma6_Alex-Sander-Silveira-de-Almeida.png 500w\" sizes=\"(max-width: 200px) 100vw, 200px\" \/><\/a><\/p>\n<p>&nbsp;<\/p>\n<p>&nbsp;<\/p>\n<p>&nbsp;<\/p>\n<p><span style=\"font-family: georgia, palatino, serif;font-size: 12pt\"><span style=\"font-size: 18pt\"><strong><span style=\"font-family: 'trebuchet ms', geneva, sans-serif\">Alex Sander Silveira de Almeida <span style=\"font-size: 10pt;color: #999999\">\/\u00a0<\/span><\/span><\/strong><\/span><span style=\"font-family: 'trebuchet ms', geneva, sans-serif;font-size: 10pt\"><a href=\"http:\/\/lattes.cnpq.br\/7518103168599683\" target=\"_blank\" rel=\"noopener noreferrer\"><span style=\"color: #999999\">Curr\u00edculum Lattes<\/span><\/a><br \/>\n<strong>Linha de Pesquisa<\/strong>: <a href=\"https:\/\/wp.ufpel.edu.br\/mestradoartesvisuais\/linhas-de-pesquisa\/processos-de-criacao-e-poeticas-do-cotidiano\/\">Processos de Cria\u00e7\u00e3o e Po\u00e9ticas do Cotidiano<\/a><br \/>\n<\/span><\/span><span style=\"font-family: georgia, palatino, serif;font-size: 12pt\"><span style=\"font-family: 'trebuchet ms', geneva, sans-serif;font-size: 10pt\"><strong>Data de nascimento:\u00a0<\/strong><\/span><\/span><\/p>\n<p style=\"text-align: justify\"><span style=\"font-family: 'trebuchet ms', geneva, sans-serif;font-size: 10pt\"><strong>Texto introdut\u00f3rio:<\/strong> Mestre em Artes Visuais pela Universidade Federal de Pelotas &#8211; RS. Licenciado em Artes Visuais pela Universidade Federal do Rio Grande &#8211; RS. Licenciado em Dan\u00e7a pela Universidade Federal de Pelotas &#8211; RS. Formado no Curso de Capacita\u00e7\u00e3o T\u00e9cnica e Art\u00edstica da Escola do Movimento Ivaldo Bertazzo em S\u00e3o Paulo &#8211; SP. Possui experi\u00eancia no Ensino Superior como docente junto ao Curso de Dan\u00e7a Licenciatura da Universidade Federal de Pelotas. Tem experi\u00eancia na \u00e1rea de ARTES VISUAIS atuando como professor de Artes na Educa\u00e7\u00e3o B\u00e1sica e em Projetos Sociais. Tem experi\u00eancia na \u00e1rea do TEATRO, participando como ator em grupos de teatro, atuando na dire\u00e7\u00e3o e montagem de espet\u00e1culos e em oficinas de teatro. Tem experi\u00eancia na \u00e1rea de DAN\u00c7A, atuando como bailarino, core\u00f3grafo e professor de dan\u00e7a e da dire\u00e7\u00e3o e montagem de espet\u00e1culos. Possui experi\u00eancia em Dan\u00e7a-Teatro, ministrando oficinas e cursos; coreografando, dirigindo e coordenando grupos voltados para as mais variadas forma\u00e7\u00f5es e contextos. Possui experi\u00eancia em Dan\u00e7a na Maturidade, ministrando oficinas e cursos; dirigindo, coreografando e coordenando grupos de maturidade com enfoque na diversidade dos corpos. Atualmente trabalha como Artista, Professor e Pesquisador nas \u00e1reas de Artes C\u00eanicas e Artes Visuais. (Texto extra\u00eddo diretamente da plataforma Lattes)<\/span><\/p>\n<hr \/>\n<p><span style=\"font-family: 'trebuchet ms', geneva, sans-serif;font-size: 10pt\"><strong>T\u00edtulo da disserta\u00e7\u00e3o<br \/>\n<a href=\"http:\/\/guaiaca.ufpel.edu.br\/handle\/prefix\/5500\" target=\"_blank\" rel=\"noopener noreferrer\"><span style=\"font-size: 14pt\">Autoria e contemporaneidade: um jogo coreocartogr\u00e1fico com artistas da dan\u00e7a na Regi\u00e3o Sul do Brasil<\/span><\/a><\/strong><br \/>\n<\/span><span style=\"font-family: 'trebuchet ms', geneva, sans-serif;font-size: 10pt\"><strong>Orientador(a):<\/strong> <a href=\"https:\/\/wp.ufpel.edu.br\/mestradoartesvisuais\/thiago-silva-de-amorim-jesus\/\">Prof. Dr. Thiago Silva de Amorim Jesus (PPGAV\/UFPel)<\/a><br \/>\n<strong>Coorientador(a): <\/strong><a href=\"https:\/\/wp.ufpel.edu.br\/mestradoartesvisuais\/4766-2\/\">Prof. Dr. Cl\u00e1udio Tarouco de Azevedo (PPGAV\/UFPel \u2013 ILA\/FURG)<\/a><br \/>\n<\/span><\/p>\n<p style=\"text-align: justify\"><span style=\"font-family: 'trebuchet ms', geneva, sans-serif;font-size: 10pt\"><strong>RESUMO<\/strong><br \/>\nEste trabalho volta-se para o estudo de quest\u00f5es referentes \u00e0 autoria em arte e dan\u00e7a na contemporaneidade. A proposta busca analisar as configura\u00e7\u00f5es deste tema na constitui\u00e7\u00e3o e caracteriza\u00e7\u00e3o do artista da dan\u00e7a bem como refletir sobre a condi\u00e7\u00e3o de autoria e os aspectos diferenciais desenvolvidos por cada artista. Esta tem\u00e1tica objetiva discutir o pensamento que tange o processo de autoria presente no fen\u00f4meno da cria\u00e7\u00e3o. Neste sentido, as contribui\u00e7\u00f5es oferecidas pela contemporaneidade compreendidas no campo da arte suscitam modos de entender a experi\u00eancia est\u00e9tica como foco de atua\u00e7\u00e3o art\u00edstica. A hip\u00f3tese surge onde s\u00e3o desenvolvidos procedimentos criativos nas linguagens art\u00edsticas que possuem caracter\u00edsticas pr\u00f3prias. A metodologia cartogr\u00e1fica d\u00e1 suporte a esta investiga\u00e7\u00e3o e prop\u00f5e estrat\u00e9gias que se aproximam do mapeamento e an\u00e1lise dos fazeres art\u00edsticos realizados por autores da contemporaneidade. Nas experi\u00eancias est\u00e9ticas da atualidade in\u00fameros s\u00e3o os atravessamentos trazidos por elementos aprendidos antes e depois do contato com a obra criada. Tendo por base o autor e seus m\u00e9todos e os resultados de interfaces criativas cujas interfer\u00eancias com a contemporaneidade geram espa\u00e7os e metodologias diversificadas. O campo de investiga\u00e7\u00e3o \u00e9 a linguagem da dan\u00e7a e as estrat\u00e9gias de cria\u00e7\u00e3o que constituem esta \u00e1rea do conhecimento. Entrecruzando referenciais em arte e perspectivas te\u00f3ricas que auxiliam a refletir sobre as estrat\u00e9gias existentes em cada processo de cria\u00e7\u00e3o e as rela\u00e7\u00f5es que compreendem cada obra, artista e p\u00fablico s\u00e3o alguns dos resultados aqui discutidos. Com refer\u00eancias te\u00f3ricas que auxiliam na compreens\u00e3o dos diversos pap\u00e9is da autoria em arte bem como dos aspectos e elementos presentes nos processos de cria\u00e7\u00e3o constitu\u00eddos por autores contempor\u00e2neos, a investiga\u00e7\u00e3o aqui expressa se pauta na import\u00e2ncia da obra de arte enquanto fator determinante de autoria. Para isso, as refer\u00eancias utilizadas abrangem te\u00f3ricos que perpassam os campos da Filosofia, da Est\u00e9tica e da Arte no sentido de oferecer subs\u00eddios para a compreens\u00e3o dos diversos pap\u00e9is existentes neste processo. A pesquisa foi desenvolvida na Universidade Federal de Pelotas junto ao Programa de P\u00f3s-Gradua\u00e7\u00e3o Mestrado em Artes Visuais. O trabalho pertence \u00e0 Linha de Pesquisa Processos de Cria\u00e7\u00e3o e Po\u00e9ticas do Cotidiano e est\u00e1 vinculado ao Grupo de Pesquisa OMEGA \u2013 Observat\u00f3rio de Mem\u00f3ria, Educa\u00e7\u00e3o, Gesto e Arte e \u00e0 Bolsa de Estudos da CAPES.<\/span><\/p>\n<p><span style=\"font-family: 'trebuchet ms', geneva, sans-serif;font-size: 10pt\"><strong>Palavras-chave:<\/strong> autoria; dan\u00e7a; arte; jogo; contemporaneidade<\/span><\/p>\n<p><span style=\"font-family: 'trebuchet ms', geneva, sans-serif;font-size: 10pt\"><strong>Banca:<br \/>\n<\/strong><\/span><span style=\"font-family: 'trebuchet ms', geneva, sans-serif;font-size: 10pt\">Profa. Dra. M\u00f4nica Fagundes Dantas (PPGAC\/UFRGS)<br \/>\n<\/span><span style=\"font-family: 'trebuchet ms', geneva, sans-serif;font-size: 10pt\">Profa. Dra. Eleonora Campos da Motta Santos (PPGAV\/UFPel)<br \/>\nProfa. Dra. Helene Gomes Sacco (PPGAV\/UFPel)<\/span><\/p>\n<p><span style=\"font-family: 'trebuchet ms', geneva, sans-serif;font-size: 10pt\"><strong>Data:<\/strong> 30\/setembro\/2019<\/span><\/p>\n<p>&nbsp;<\/p>\n<p>&nbsp;<\/p>\n<h3 style=\"text-align: center\"><span style=\"font-family: 'trebuchet ms', geneva, sans-serif;font-size: 12pt\">Acompanhamento Egresso:<\/span><\/h3>\n<hr \/>\n<div class=\"layout-cell-pad-5 text-align-right\"><\/div>\n<div><\/div>\n<div><\/div>\n<div><\/div>\n<div><\/div>\n<div class=\"layout-cell layout-cell-1 text-align-right\"><\/div>\n<p>&nbsp;<\/p>\n<p>&nbsp;<\/p>\n<p>&nbsp;<\/p>\n<p>&nbsp;<\/p>\n<p>&nbsp;<\/p>\n<p>&nbsp;<\/p>\n<p>&nbsp;<\/p>\n<div class=\"ms-editor-squiggler\" style=\"color: initial;font: initial;background: initial;background-blend-mode: initial;border: initial;border-radius: initial;border-collapse: initial;caption-side: initial;clear: initial;columns: initial;column-fill: initial;column-rule: initial;column-span: initial;cursor: initial;flex: initial;flex-flow: initial;float: initial;height: 0px;letter-spacing: initial;margin: initial;max-height: initial;max-width: initial;min-height: initial;min-width: initial;overflow: initial;padding: initial;text-align: initial;text-decoration: initial;text-indent: initial;text-transform: initial;vertical-align: initial;border-spacing: initial;width: initial\"><\/div>\n<div class=\"ms-editor-squiggler\" style=\"color: initial;font: initial;background: initial;background-blend-mode: initial;border: initial;border-radius: initial;border-collapse: initial;caption-side: initial;clear: initial;columns: initial;column-fill: initial;column-rule: initial;column-span: initial;cursor: initial;flex: initial;flex-flow: initial;float: initial;height: 0px;letter-spacing: initial;margin: initial;max-height: initial;max-width: initial;min-height: initial;min-width: initial;overflow: initial;padding: initial;text-align: initial;text-decoration: initial;text-indent: initial;text-transform: initial;vertical-align: initial;border-spacing: initial;width: initial\"><\/div>\n<div class=\"ms-editor-squiggler\" style=\"color: initial;font: initial;background: initial;background-blend-mode: initial;border: initial;border-radius: initial;border-collapse: initial;caption-side: initial;clear: initial;columns: initial;column-fill: initial;column-rule: initial;column-span: initial;cursor: initial;flex: initial;flex-flow: initial;float: initial;height: 0px;letter-spacing: initial;margin: initial;max-height: initial;max-width: initial;min-height: initial;min-width: initial;overflow: initial;padding: initial;text-align: initial;text-decoration: initial;text-indent: initial;text-transform: initial;vertical-align: initial;border-spacing: initial;width: initial\"><\/div>\n<div class=\"ms-editor-squiggler\" style=\"color: initial;font: initial;background: initial;background-blend-mode: initial;border: initial;border-radius: initial;border-collapse: initial;caption-side: initial;clear: initial;columns: initial;column-fill: initial;column-rule: initial;column-span: initial;cursor: initial;flex: initial;flex-flow: initial;float: initial;height: 0px;letter-spacing: initial;margin: initial;max-height: initial;max-width: initial;min-height: initial;min-width: initial;overflow: initial;padding: initial;text-align: initial;text-decoration: initial;text-indent: initial;text-transform: initial;vertical-align: initial;border-spacing: initial;width: initial\"><\/div>\n<div class=\"ms-editor-squiggler\" style=\"color: initial;font: initial;background: initial;background-blend-mode: initial;border: initial;border-radius: initial;border-collapse: initial;caption-side: initial;clear: initial;columns: initial;column-fill: initial;column-rule: initial;column-span: initial;cursor: initial;flex: initial;flex-flow: initial;float: initial;height: 0px;letter-spacing: initial;margin: initial;max-height: initial;max-width: initial;min-height: initial;min-width: initial;overflow: initial;padding: initial;text-align: initial;text-decoration: initial;text-indent: initial;text-transform: initial;vertical-align: initial;border-spacing: initial;width: initial\"><\/div>\n<div class=\"ms-editor-squiggler\" style=\"color: initial;font: initial;background: initial;background-blend-mode: initial;border: initial;border-radius: initial;border-collapse: initial;caption-side: initial;clear: initial;columns: initial;column-fill: initial;column-rule: initial;column-span: initial;cursor: initial;flex: initial;flex-flow: initial;float: initial;height: 0px;letter-spacing: initial;margin: initial;max-height: initial;max-width: initial;min-height: initial;min-width: initial;overflow: initial;padding: initial;text-align: initial;text-decoration: initial;text-indent: initial;text-transform: initial;vertical-align: initial;border-spacing: initial;width: initial\"><\/div>\n<div class=\"ms-editor-squiggler\" style=\"color: initial;font: initial;background: initial;background-blend-mode: initial;border: initial;border-radius: initial;border-collapse: initial;caption-side: initial;clear: initial;columns: initial;column-fill: initial;column-rule: initial;column-span: initial;cursor: initial;flex: initial;flex-flow: initial;float: initial;height: 0px;letter-spacing: initial;margin: initial;max-height: initial;max-width: initial;min-height: initial;min-width: initial;overflow: initial;padding: initial;text-align: initial;text-decoration: initial;text-indent: initial;text-transform: initial;vertical-align: initial;border-spacing: initial;width: initial\"><\/div>\n<div class=\"ms-editor-squiggler\" style=\"color: initial;font: initial;background: initial;background-blend-mode: initial;border: initial;border-radius: initial;border-collapse: initial;caption-side: initial;clear: initial;columns: initial;column-fill: initial;column-rule: initial;column-span: initial;cursor: initial;flex: initial;flex-flow: initial;float: initial;height: 0px;letter-spacing: initial;margin: initial;max-height: initial;max-width: initial;min-height: initial;min-width: initial;overflow: initial;padding: initial;text-align: initial;text-decoration: initial;text-indent: initial;text-transform: initial;vertical-align: initial;border-spacing: initial;width: initial\"><\/div>\n<div class=\"ms-editor-squiggler\" style=\"color: initial;font: initial;background: initial;background-blend-mode: initial;border: initial;border-radius: initial;border-collapse: initial;caption-side: initial;clear: initial;columns: initial;column-fill: initial;column-rule: initial;column-span: initial;cursor: initial;flex: initial;flex-flow: initial;float: initial;height: 0px;letter-spacing: initial;margin: initial;max-height: initial;max-width: initial;min-height: initial;min-width: initial;overflow: initial;padding: initial;text-align: initial;text-decoration: initial;text-indent: initial;text-transform: initial;vertical-align: initial;border-spacing: initial;width: initial\"><\/div>\n<div class=\"ms-editor-squiggler\" style=\"color: initial;font: initial;background: initial;background-blend-mode: initial;border: initial;border-radius: initial;border-collapse: initial;caption-side: initial;clear: initial;columns: initial;column-fill: initial;column-rule: initial;column-span: initial;cursor: initial;flex: initial;flex-flow: initial;float: initial;height: 0px;letter-spacing: initial;margin: initial;max-height: initial;max-width: initial;min-height: initial;min-width: initial;overflow: initial;padding: initial;text-align: initial;text-decoration: initial;text-indent: initial;text-transform: initial;vertical-align: initial;border-spacing: initial;width: initial\"><\/div>\n","protected":false},"excerpt":{"rendered":"<p>&nbsp; &nbsp; &nbsp; Alex Sander Silveira de Almeida \/\u00a0Curr\u00edculum Lattes Linha de Pesquisa: Processos de Cria\u00e7\u00e3o e Po\u00e9ticas do Cotidiano Data de nascimento:\u00a0 Texto introdut\u00f3rio: Mestre em Artes Visuais pela Universidade Federal de Pelotas &#8211; RS. Licenciado em Artes Visuais pela Universidade Federal do Rio Grande &#8211; RS. Licenciado em Dan\u00e7a pela Universidade Federal de [&hellip;]<\/p>\n","protected":false},"author":1258,"featured_media":0,"parent":0,"menu_order":0,"comment_status":"closed","ping_status":"closed","template":"","meta":{"footnotes":""},"class_list":["post-5257","page","type-page","status-publish","hentry"],"_links":{"self":[{"href":"https:\/\/wp.ufpel.edu.br\/ppgartes\/wp-json\/wp\/v2\/pages\/5257","targetHints":{"allow":["GET"]}}],"collection":[{"href":"https:\/\/wp.ufpel.edu.br\/ppgartes\/wp-json\/wp\/v2\/pages"}],"about":[{"href":"https:\/\/wp.ufpel.edu.br\/ppgartes\/wp-json\/wp\/v2\/types\/page"}],"author":[{"embeddable":true,"href":"https:\/\/wp.ufpel.edu.br\/ppgartes\/wp-json\/wp\/v2\/users\/1258"}],"replies":[{"embeddable":true,"href":"https:\/\/wp.ufpel.edu.br\/ppgartes\/wp-json\/wp\/v2\/comments?post=5257"}],"version-history":[{"count":0,"href":"https:\/\/wp.ufpel.edu.br\/ppgartes\/wp-json\/wp\/v2\/pages\/5257\/revisions"}],"wp:attachment":[{"href":"https:\/\/wp.ufpel.edu.br\/ppgartes\/wp-json\/wp\/v2\/media?parent=5257"}],"curies":[{"name":"wp","href":"https:\/\/api.w.org\/{rel}","templated":true}]}}