{"id":5225,"date":"2021-03-24T17:42:58","date_gmt":"2021-03-24T20:42:58","guid":{"rendered":"https:\/\/wp.ufpel.edu.br\/mestradoartesvisuais\/?page_id=5225"},"modified":"2021-03-24T17:42:58","modified_gmt":"2021-03-24T20:42:58","slug":"mariana-danuza-corteze","status":"publish","type":"page","link":"https:\/\/wp.ufpel.edu.br\/ppgartes\/mariana-danuza-corteze\/","title":{"rendered":"Mariana Danuza Corteze"},"content":{"rendered":"<p><a href=\"https:\/\/wp.ufpel.edu.br\/ppgartes\/files\/2021\/03\/turma5_Mariana-Danuza-Corteze.png\"><img class=\"wp-image-5858 size-thumbnail alignleft\" src=\"https:\/\/wp.ufpel.edu.br\/ppgartes\/files\/2021\/03\/turma5_Mariana-Danuza-Corteze-200x200.png\" alt=\"\" width=\"200\" height=\"200\" srcset=\"https:\/\/wp.ufpel.edu.br\/ppgartes\/files\/2021\/03\/turma5_Mariana-Danuza-Corteze-200x200.png 200w, https:\/\/wp.ufpel.edu.br\/ppgartes\/files\/2021\/03\/turma5_Mariana-Danuza-Corteze-400x400.png 400w, https:\/\/wp.ufpel.edu.br\/ppgartes\/files\/2021\/03\/turma5_Mariana-Danuza-Corteze.png 500w\" sizes=\"(max-width: 200px) 100vw, 200px\" \/><\/a><\/p>\n<p>&nbsp;<\/p>\n<p>&nbsp;<\/p>\n<p>&nbsp;<\/p>\n<p><span style=\"font-family: georgia, palatino, serif;font-size: 12pt\"><span style=\"font-size: 18pt\"><strong><span style=\"font-family: 'trebuchet ms', geneva, sans-serif\">Mariana Danuza Corteze <span style=\"font-size: 10pt;color: #999999\">\/\u00a0<\/span><\/span><\/strong><\/span><span style=\"font-family: 'trebuchet ms', geneva, sans-serif;font-size: 10pt\"><a href=\"http:\/\/lattes.cnpq.br\/1669489437940006\" target=\"_blank\" rel=\"noopener noreferrer\"><span style=\"color: #999999\">Curr\u00edculum Lattes<\/span><\/a><br \/>\n<strong>Linha de Pesquisa<\/strong>: <a href=\"https:\/\/wp.ufpel.edu.br\/mestradoartesvisuais\/linhas-de-pesquisa\/processos-de-criacao-e-poeticas-do-cotidiano\/\">Processos de Cria\u00e7\u00e3o e Po\u00e9ticas do Cotidiano<\/a><br \/>\n<\/span><\/span><span style=\"font-family: georgia, palatino, serif;font-size: 12pt\"><span style=\"font-family: 'trebuchet ms', geneva, sans-serif;font-size: 10pt\"><strong>Data de nascimento:\u00a0<\/strong><\/span><\/span><\/p>\n<p style=\"text-align: justify\"><span style=\"font-family: 'trebuchet ms', geneva, sans-serif;font-size: 10pt\"><strong>Texto introdut\u00f3rio:<\/strong> Artista gr\u00e1fica, pesquisadora, mediadora, mochileira, portadora de tantos n\u00e3o saberes. \u00c9 graduada em Estudos Art\u00edsticos pela Universidade de Coimbra (Portugal, 2014) sendo bolsista do Programa de Licenciaturas Internacionais (PLI) fomentado pela Comiss\u00e3o de Aperfei\u00e7oamento de Pessoal do N\u00edvel Superior (CAPES). \u00c9 tamb\u00e9m graduada em Artes Visuais pela Universidade Federal de Pelotas (UFPel\/Brasil, 2015), onde atualmente \u00e9 mestranda bolsista CAPES no Programa de P\u00f3s-Gradua\u00e7\u00e3o em Artes Visuais (PPGAV) na linha de Processos de Cria\u00e7\u00e3o e Po\u00e9ticas do Cotidiano. Trabalha no amplo universo da gravura contempor\u00e2nea, instalando-se em diferentes suportes e trafegando por muitos ve\u00edculos, dando a ver aquilo que chama de experimentos gr\u00e1ficos espaciais. Estes, constroem um pensamento t\u00e1til e uma experi\u00eancia espacial sens\u00edvel, inventando procedimentos singulares e experienciando materialidades de uma arte impressa que encontra, aos poucos, novos e outros jeitos de multiplicar a imagem afetiva e subversiva. Sustenta-se na poesia, na filosofia e na arte contempor\u00e2nea como alternativas micropol\u00edticas que compreendem a import\u00e2ncia de uma arte democr\u00e1tica e uma cidade livre, viva e v\u00edvida, tecida pela valorosa educa\u00e7\u00e3o informal, afinal, criar \u00e9 construir criticamente. Tem imenso interesse em autopublica\u00e7\u00f5es, sendo esta uma postura independente adotada para publicar e circular fora de centros e tempos \u00fanicos, movimentando-se entre interven\u00e7\u00f5es urbanas, publica\u00e7\u00f5es de artista, ilustra\u00e7\u00f5es e caligrafias expressivas que abra\u00e7am processos manuais e autorais, fazendo surgir outros dias e lugares para arte e educa\u00e7\u00e3o. (Texto extra\u00eddo diretamente da plataforma Lattes)<\/span><\/p>\n<hr \/>\n<p><span style=\"font-family: 'trebuchet ms', geneva, sans-serif;font-size: 10pt\"><strong>T\u00edtulo da disserta\u00e7\u00e3o<br \/>\n<a href=\"http:\/\/guaiaca.ufpel.edu.br:8080\/handle\/prefix\/4426\" target=\"_blank\" rel=\"noopener noreferrer\"><span style=\"font-size: 14pt\">Pequeno experimento de mundo impresso #2: inven\u00e7\u00f5es de lugares de encontro<\/span><\/a><\/strong><br \/>\n<\/span><span style=\"font-family: 'trebuchet ms', geneva, sans-serif;font-size: 10pt\"><strong>Orientador(a):<\/strong> <a href=\"https:\/\/wp.ufpel.edu.br\/mestradoartesvisuais\/angela-raffin-pohlmann\/\">Profa. Dra. Angela Raffin Pohlmann (PPGAV\/UFPel)<\/a><br \/>\n<\/span><\/p>\n<p style=\"text-align: justify\"><span style=\"font-family: 'trebuchet ms', geneva, sans-serif;font-size: 10pt\"><strong>RESUMO<\/strong><br \/>\nEste escrito intitulado Pequeno experimento de mundo impresso #2: Inven\u00e7\u00f5es de lugares de encontro apresenta a pesquisa no Mestrado em Artes Visuais da Universidade Federal de Pelotas, na linha de Processos de Cria\u00e7\u00e3o e Po\u00e9ticas do Cotidiano, tencionando a gravura contempor\u00e2nea como espa\u00e7o potencial da m\u00e3o da artista, pois \u00e9 por meio das m\u00e3os que sente e (re)inventa o mundo. Em raz\u00e3o disso, utiliza a cartografia como metodologia capaz de acompanhar processos, capturando fragmentos do seu pr\u00f3prio funcionamento e elucidando uma consci\u00eancia sobre a pr\u00e1tica art\u00edstica que \u00e9 vista como uma possibilidade e, consequentemente, como uma maneira de pensar seus procedimentos visuais, po\u00e9ticos em uma forma singular de ver o mundo. Ao experimentar materialidades da arte impressa encontra novos e outros jeitos de multiplicar a imagem, produzindo trabalhos \u2013 designados como \u201cexperimentos gr\u00e1fico espaciais\u201d \u2013 que expandem e acreditam na gravura como uma linguagem n\u00e3o estagnada, mas prop\u00edcia a acolher diferentes maneiras de agir, fazer e escrever. Nessa perspectiva, a presente investiga\u00e7\u00e3o atravessa o universo gr\u00e1fico como meio de pensamento, di\u00e1logo e sobretudo questionamentos a respeito da ideia de impress\u00e3o e inven\u00e7\u00e3o do pr\u00f3prio lugar manufaturado e compartilhado, compondo uma esp\u00e9cie de habitar m\u00ednimo \u2013 seja ele estabelecido por uma materializa\u00e7\u00e3o art\u00edstica em pequena escala ou pela ludicidade provocada pelo mais \u00ednfimo tatear \u2013 que descobre alternativas de residir e resistir.<\/span><\/p>\n<p><span style=\"font-family: 'trebuchet ms', geneva, sans-serif;font-size: 10pt\"><strong>Palavras-chave:<\/strong> gravura contempor\u00e2nea; experimentos gr\u00e1ficos espaciais; tatilidade; impress\u00e3o; lugar<\/span><\/p>\n<p><span style=\"font-family: 'trebuchet ms', geneva, sans-serif;font-size: 10pt\"><strong>Banca:<br \/>\n<\/strong><\/span><span style=\"font-family: 'trebuchet ms', geneva, sans-serif;font-size: 10pt\">Prof. Dr. Eduardo Rocha (UFPel)<br \/>\nProfa. Dra. Mirela Ribeiro Meira (PPGAV\/UFPel)<br \/>\nProfa. Dra. Renata Azevedo Requi\u00e3o (PPGAV\/UFPel)<\/span><\/p>\n<p><span style=\"font-family: 'trebuchet ms', geneva, sans-serif;font-size: 10pt\"><strong>Data:<\/strong> 23\/abril\/2018<\/span><\/p>\n<p>&nbsp;<\/p>\n<p>&nbsp;<\/p>\n<h3 style=\"text-align: center\"><span style=\"font-family: 'trebuchet ms', geneva, sans-serif;font-size: 12pt\">Acompanhamento Egresso:<\/span><\/h3>\n<hr \/>\n<div class=\"layout-cell-pad-5 text-align-right\"><\/div>\n<div><\/div>\n<div><\/div>\n<div><\/div>\n<div><\/div>\n<div class=\"layout-cell layout-cell-1 text-align-right\"><\/div>\n<p>&nbsp;<\/p>\n<p>&nbsp;<\/p>\n<p>&nbsp;<\/p>\n<p>&nbsp;<\/p>\n<p>&nbsp;<\/p>\n<p>&nbsp;<\/p>\n<p>&nbsp;<\/p>\n<div class=\"ms-editor-squiggler\" style=\"color: initial;font: initial;background: initial;background-blend-mode: initial;border: initial;border-radius: initial;border-collapse: initial;caption-side: initial;clear: initial;columns: initial;column-fill: initial;column-rule: initial;column-span: initial;cursor: initial;flex: initial;flex-flow: initial;float: initial;height: 0px;letter-spacing: initial;margin: initial;max-height: initial;max-width: initial;min-height: initial;min-width: initial;overflow: initial;padding: initial;text-align: initial;text-decoration: initial;text-indent: initial;text-transform: initial;vertical-align: initial;border-spacing: initial;width: initial\"><\/div>\n<div class=\"ms-editor-squiggler\" style=\"color: initial;font: initial;background: initial;background-blend-mode: initial;border: initial;border-radius: initial;border-collapse: initial;caption-side: initial;clear: initial;columns: initial;column-fill: initial;column-rule: initial;column-span: initial;cursor: initial;flex: initial;flex-flow: initial;float: initial;height: 0px;letter-spacing: initial;margin: initial;max-height: initial;max-width: initial;min-height: initial;min-width: initial;overflow: initial;padding: initial;text-align: initial;text-decoration: initial;text-indent: initial;text-transform: initial;vertical-align: initial;border-spacing: initial;width: initial\"><\/div>\n<div class=\"ms-editor-squiggler\" style=\"color: initial;font: initial;background: initial;background-blend-mode: initial;border: initial;border-radius: initial;border-collapse: initial;caption-side: initial;clear: initial;columns: initial;column-fill: initial;column-rule: initial;column-span: initial;cursor: initial;flex: initial;flex-flow: initial;float: initial;height: 0px;letter-spacing: initial;margin: initial;max-height: initial;max-width: initial;min-height: initial;min-width: initial;overflow: initial;padding: initial;text-align: initial;text-decoration: initial;text-indent: initial;text-transform: initial;vertical-align: initial;border-spacing: initial;width: initial\"><\/div>\n<div class=\"ms-editor-squiggler\" style=\"color: initial;font: initial;background: initial;background-blend-mode: initial;border: initial;border-radius: initial;border-collapse: initial;caption-side: initial;clear: initial;columns: initial;column-fill: initial;column-rule: initial;column-span: initial;cursor: initial;flex: initial;flex-flow: initial;float: initial;height: 0px;letter-spacing: initial;margin: initial;max-height: initial;max-width: initial;min-height: initial;min-width: initial;overflow: initial;padding: initial;text-align: initial;text-decoration: initial;text-indent: initial;text-transform: initial;vertical-align: initial;border-spacing: initial;width: initial\"><\/div>\n<div class=\"ms-editor-squiggler\" style=\"color: initial;font: initial;background: initial;background-blend-mode: initial;border: initial;border-radius: initial;border-collapse: initial;caption-side: initial;clear: initial;columns: initial;column-fill: initial;column-rule: initial;column-span: initial;cursor: initial;flex: initial;flex-flow: initial;float: initial;height: 0px;letter-spacing: initial;margin: initial;max-height: initial;max-width: initial;min-height: initial;min-width: initial;overflow: initial;padding: initial;text-align: initial;text-decoration: initial;text-indent: initial;text-transform: initial;vertical-align: initial;border-spacing: initial;width: initial\"><\/div>\n<div class=\"ms-editor-squiggler\" style=\"color: initial;font: initial;background: initial;background-blend-mode: initial;border: initial;border-radius: initial;border-collapse: initial;caption-side: initial;clear: initial;columns: initial;column-fill: initial;column-rule: initial;column-span: initial;cursor: initial;flex: initial;flex-flow: initial;float: initial;height: 0px;letter-spacing: initial;margin: initial;max-height: initial;max-width: initial;min-height: initial;min-width: initial;overflow: initial;padding: initial;text-align: initial;text-decoration: initial;text-indent: initial;text-transform: initial;vertical-align: initial;border-spacing: initial;width: initial\"><\/div>\n<div class=\"ms-editor-squiggler\" style=\"color: initial;font: initial;background: initial;background-blend-mode: initial;border: initial;border-radius: initial;border-collapse: initial;caption-side: initial;clear: initial;columns: initial;column-fill: initial;column-rule: initial;column-span: initial;cursor: initial;flex: initial;flex-flow: initial;float: initial;height: 0px;letter-spacing: initial;margin: initial;max-height: initial;max-width: initial;min-height: initial;min-width: initial;overflow: initial;padding: initial;text-align: initial;text-decoration: initial;text-indent: initial;text-transform: initial;vertical-align: initial;border-spacing: initial;width: initial\"><\/div>\n<div class=\"ms-editor-squiggler\" style=\"color: initial;font: initial;background: initial;background-blend-mode: initial;border: initial;border-radius: initial;border-collapse: initial;caption-side: initial;clear: initial;columns: initial;column-fill: initial;column-rule: initial;column-span: initial;cursor: initial;flex: initial;flex-flow: initial;float: initial;height: 0px;letter-spacing: initial;margin: initial;max-height: initial;max-width: initial;min-height: initial;min-width: initial;overflow: initial;padding: initial;text-align: initial;text-decoration: initial;text-indent: initial;text-transform: initial;vertical-align: initial;border-spacing: initial;width: initial\"><\/div>\n<div class=\"ms-editor-squiggler\" style=\"color: initial;font: initial;background: initial;background-blend-mode: initial;border: initial;border-radius: initial;border-collapse: initial;caption-side: initial;clear: initial;columns: initial;column-fill: initial;column-rule: initial;column-span: initial;cursor: initial;flex: initial;flex-flow: initial;float: initial;height: 0px;letter-spacing: initial;margin: initial;max-height: initial;max-width: initial;min-height: initial;min-width: initial;overflow: initial;padding: initial;text-align: initial;text-decoration: initial;text-indent: initial;text-transform: initial;vertical-align: initial;border-spacing: initial;width: initial\"><\/div>\n<div class=\"ms-editor-squiggler\" style=\"color: initial;font: initial;background: initial;background-blend-mode: initial;border: initial;border-radius: initial;border-collapse: initial;caption-side: initial;clear: initial;columns: initial;column-fill: initial;column-rule: initial;column-span: initial;cursor: initial;flex: initial;flex-flow: initial;float: initial;height: 0px;letter-spacing: initial;margin: initial;max-height: initial;max-width: initial;min-height: initial;min-width: initial;overflow: initial;padding: initial;text-align: initial;text-decoration: initial;text-indent: initial;text-transform: initial;vertical-align: initial;border-spacing: initial;width: initial\"><\/div>\n","protected":false},"excerpt":{"rendered":"<p>&nbsp; &nbsp; &nbsp; Mariana Danuza Corteze \/\u00a0Curr\u00edculum Lattes Linha de Pesquisa: Processos de Cria\u00e7\u00e3o e Po\u00e9ticas do Cotidiano Data de nascimento:\u00a0 Texto introdut\u00f3rio: Artista gr\u00e1fica, pesquisadora, mediadora, mochileira, portadora de tantos n\u00e3o saberes. \u00c9 graduada em Estudos Art\u00edsticos pela Universidade de Coimbra (Portugal, 2014) sendo bolsista do Programa de Licenciaturas Internacionais (PLI) fomentado pela Comiss\u00e3o [&hellip;]<\/p>\n","protected":false},"author":1258,"featured_media":0,"parent":0,"menu_order":0,"comment_status":"closed","ping_status":"closed","template":"","meta":{"footnotes":""},"class_list":["post-5225","page","type-page","status-publish","hentry"],"_links":{"self":[{"href":"https:\/\/wp.ufpel.edu.br\/ppgartes\/wp-json\/wp\/v2\/pages\/5225","targetHints":{"allow":["GET"]}}],"collection":[{"href":"https:\/\/wp.ufpel.edu.br\/ppgartes\/wp-json\/wp\/v2\/pages"}],"about":[{"href":"https:\/\/wp.ufpel.edu.br\/ppgartes\/wp-json\/wp\/v2\/types\/page"}],"author":[{"embeddable":true,"href":"https:\/\/wp.ufpel.edu.br\/ppgartes\/wp-json\/wp\/v2\/users\/1258"}],"replies":[{"embeddable":true,"href":"https:\/\/wp.ufpel.edu.br\/ppgartes\/wp-json\/wp\/v2\/comments?post=5225"}],"version-history":[{"count":0,"href":"https:\/\/wp.ufpel.edu.br\/ppgartes\/wp-json\/wp\/v2\/pages\/5225\/revisions"}],"wp:attachment":[{"href":"https:\/\/wp.ufpel.edu.br\/ppgartes\/wp-json\/wp\/v2\/media?parent=5225"}],"curies":[{"name":"wp","href":"https:\/\/api.w.org\/{rel}","templated":true}]}}