{"id":5216,"date":"2021-03-24T17:39:10","date_gmt":"2021-03-24T20:39:10","guid":{"rendered":"https:\/\/wp.ufpel.edu.br\/mestradoartesvisuais\/?page_id=5216"},"modified":"2021-03-24T17:39:10","modified_gmt":"2021-03-24T20:39:10","slug":"jessica-hencke","status":"publish","type":"page","link":"https:\/\/wp.ufpel.edu.br\/ppgartes\/jessica-hencke\/","title":{"rendered":"J\u00e9ssica Hencke"},"content":{"rendered":"<p><a href=\"https:\/\/wp.ufpel.edu.br\/ppgartes\/files\/2021\/03\/turma5_Jesica-Hencke.png\"><img class=\"wp-image-5861 size-thumbnail alignleft\" src=\"https:\/\/wp.ufpel.edu.br\/ppgartes\/files\/2021\/03\/turma5_Jesica-Hencke-200x200.png\" alt=\"\" width=\"200\" height=\"200\" srcset=\"https:\/\/wp.ufpel.edu.br\/ppgartes\/files\/2021\/03\/turma5_Jesica-Hencke-200x200.png 200w, https:\/\/wp.ufpel.edu.br\/ppgartes\/files\/2021\/03\/turma5_Jesica-Hencke-400x400.png 400w, https:\/\/wp.ufpel.edu.br\/ppgartes\/files\/2021\/03\/turma5_Jesica-Hencke.png 500w\" sizes=\"(max-width: 200px) 100vw, 200px\" \/><\/a><\/p>\n<p>&nbsp;<\/p>\n<p>&nbsp;<\/p>\n<p>&nbsp;<\/p>\n<p><span style=\"font-family: georgia, palatino, serif;font-size: 12pt\"><span style=\"font-size: 18pt\"><strong><span style=\"font-family: 'trebuchet ms', geneva, sans-serif\">J\u00e9ssica Hencke <span style=\"font-size: 10pt;color: #999999\">\/\u00a0<\/span><\/span><\/strong><\/span><span style=\"font-family: 'trebuchet ms', geneva, sans-serif;font-size: 10pt\"><a href=\"http:\/\/lattes.cnpq.br\/1871453612089852\" target=\"_blank\" rel=\"noopener noreferrer\"><span style=\"color: #999999\">Curr\u00edculum Lattes<\/span><\/a><br \/>\n<strong>Linha de Pesquisa<\/strong>: <a href=\"https:\/\/wp.ufpel.edu.br\/mestradoartesvisuais\/linhas-de-pesquisa\/educacao-em-artes-e-processos-de-formacao-estetica\/\">Educa\u00e7\u00e3o em Artes e Processos de Forma\u00e7\u00e3o Est\u00e9tica<\/a><br \/>\n<\/span><\/span><span style=\"font-family: georgia, palatino, serif;font-size: 12pt\"><span style=\"font-family: 'trebuchet ms', geneva, sans-serif;font-size: 10pt\"><strong>Data de nascimento:\u00a0<\/strong><\/span><\/span><\/p>\n<p style=\"text-align: justify\"><span style=\"font-family: 'trebuchet ms', geneva, sans-serif;font-size: 10pt\"><strong>Texto introdut\u00f3rio:<\/strong> Licenciada na \u00e1rea de educa\u00e7\u00e3o, com forma\u00e7\u00e3o em Pedagogia pela UERGS (Universidade Estadual do Rio Grande do Sul, 2005); Artes Visuais pela UFRGS (Universidade Federal do Rio Grande do Sul). Possui experi\u00eancia como professora da rede p\u00fablica estadual na \u00e1rea de alfabetiza\u00e7\u00e3o e ensino de artes visuais no Ensino Fundamental e M\u00e9dio. Mestre em Educa\u00e7\u00e3o e Tecnologias pelo IFsul (Instituto Federal de Educa\u00e7\u00e3o Sul-rio-grandense Campus Pelotas\/RS). Mestre em Artes Visuais pela UFPEL (Universidade Federal de Pelotas). Atuou como professora substituta no curso de Licenciatura e Bacharelado em Artes Visuais na Universidade Federal do Rio Grande (FURG), entre os meses de julho de 2018 a dezembro de 2019. Atualmente \u00e9 professora de artes na Escola Estadual de Ensino Fundamental Dr. Francisco Sim\u00f5es. Tem experi\u00eancia na \u00e1rea de Educa\u00e7\u00e3o, com \u00eanfase em Ensino-Aprendizagem, atuando principalmente nos seguintes temas: corpo, artes visuais, curr\u00edculo, experi\u00eancia e educa\u00e7\u00e3o. Doutoranda do Programa de P\u00f3s-gradua\u00e7\u00e3o em Educa\u00e7\u00e3o Ambiental da Universidade Federal do Rio Grande (FURG), sob orienta\u00e7\u00e3o da Prof\u00aa Dr\u00aa Paula Corr\u00eaa Henning, integrante do Grupo de Pesquisa Educa\u00e7\u00e3o, Cultura, Ambiente e Filosofia (GEECAF\/FURG). (Texto extra\u00eddo diretamente da plataforma Lattes)<\/span><\/p>\n<hr \/>\n<p><span style=\"font-family: 'trebuchet ms', geneva, sans-serif;font-size: 10pt\"><strong>T\u00edtulo da disserta\u00e7\u00e3o<br \/>\n<a href=\"http:\/\/guaiaca.ufpel.edu.br:8080\/bitstream\/prefix\/3915\/1\/J%c3%a9sica%20Hencke_Disserta%c3%a7%c3%a3o.pdf\" target=\"_blank\" rel=\"noopener noreferrer\"><span style=\"font-size: 14pt\">Paradas, respira\u00e7\u00e3o, encontros: territ\u00f3rios de interven\u00e7\u00e3o, arte contempor\u00e2nea e pr\u00e1tica docente<\/span><\/a><\/strong><br \/>\n<\/span><span style=\"font-family: 'trebuchet ms', geneva, sans-serif;font-size: 10pt\"><strong>Orientador(a):<\/strong> <a href=\"https:\/\/wp.ufpel.edu.br\/mestradoartesvisuais\/ursula-rosa-da-silva\/\">Profa. Dra. Ursula Rosa da Silva (PPGAV\/UFPel)<\/a><br \/>\n<\/span><\/p>\n<p style=\"text-align: justify\"><span style=\"font-family: 'trebuchet ms', geneva, sans-serif;font-size: 10pt\"><strong>RESUMO<\/strong><br \/>\nA presente disserta\u00e7\u00e3o \u00e9 desenvolvida num processo de escrita ensa\u00edstica e visa articular arte contempor\u00e2nea, interven\u00e7\u00e3o urbana e pr\u00e1tica docente. Parto da possibilidade de compreender a arte contempor\u00e2nea como instigadora de pensamentos, \u00e0 medida que se mostra como um mecanismo de imers\u00e3o social e cultural. Prop\u00f5e-se transpassar minha pr\u00e1tica como professora de artes visuais e promover a\u00e7\u00f5es pontuais que instiguem questionamentos, d\u00favidas e interven\u00e7\u00f5es art\u00edsticas em espa\u00e7os urbanos, possibilitando aos estudantes uma ruptura com o ideal cl\u00e1ssico da arte. A arte contempor\u00e2nea movimenta intensidades, aprendizagens e desejos, agindo em temporalidades diversas, envolvendo subjetividades e experi\u00eancias, como sintomas do ato de aprender. Imerso neste emaranhado de rela\u00e7\u00f5es e dilemas, volta \u00e0 mente a quest\u00e3o: para que serve a arte? Envolve-se com escritores e fil\u00f3sofos que pensam a contemporaneidade, a arte e a educa\u00e7\u00e3o. A arte provoca deslocamentos na percep\u00e7\u00e3o, mudando nossa maneira de ver, sentir, agir e viver. \u00c9 preciso permitir-se tocar e ser tocado pelo real, pelos encontros que sust\u00e9m superf\u00edcies porosas de desejos e inc\u00f4modos, enjoar-se com o tempo em deslocamento, viver uma vertigem na transitoriedade do aprender. Questiona-se: o que pode o corpo do estudante e da professora que se movimenta pela cidade e prop\u00f5e interven\u00e7\u00f5es art\u00edsticas, ao ocupar espa\u00e7os cotidianos? Objetiva-se desenvolver uma po\u00e9tica de maneira a promover o aprender atravessado pela arte propositiva. A escolha da interven\u00e7\u00e3o urbana emerge como substrato para parar, deslocar o olhar e qui\u00e7\u00e1 romper com os olhos de vidro que nada veem, apenas refletem uma l\u00f3gica capitalista de produ\u00e7\u00e3o e consumo. Para deixar-se \u00e0 deriva neste espa\u00e7o n\u00e3o fixo, mut\u00e1vel, inconstante, perigoso como a cidade, \u00e9 preciso munir-se de ferramentas que auxiliam a compreender e escrever sobre a experi\u00eancia vivida, assim, a pesquisa encontra-se alicer\u00e7ada numa metodologia de cunho qualitativo, com propens\u00e3o \u00e0 a\/r\/tografia (pesquisa baseada no ensino de artes).<\/span><\/p>\n<p><span style=\"font-family: 'trebuchet ms', geneva, sans-serif;font-size: 10pt\"><strong>Palavras-chave:<\/strong> arte contempor\u00e2nea; corpo; interven\u00e7\u00e3o urbana; pr\u00e1tica docente; ensino de arte<\/span><\/p>\n<p><span style=\"font-family: 'trebuchet ms', geneva, sans-serif;font-size: 10pt\"><strong>Banca:<br \/>\n<\/strong><\/span><span style=\"font-family: 'trebuchet ms', geneva, sans-serif;font-size: 10pt\">Profa. Dra. Marilda Oliveira de Oliveira (UFSM)<br \/>\nProfa. Dra. Larissa Patron Chaves Spieker (PPGAV\/UFPel)<br \/>\nProfa. Dra. Helene Gomes Sacco (UFPel)<\/span><\/p>\n<p><span style=\"font-family: 'trebuchet ms', geneva, sans-serif;font-size: 10pt\"><strong>Data:<\/strong> 18\/setembro\/2018<\/span><\/p>\n<p>&nbsp;<\/p>\n<p>&nbsp;<\/p>\n<h3 style=\"text-align: center\"><span style=\"font-family: 'trebuchet ms', geneva, sans-serif;font-size: 12pt\">Acompanhamento Egresso:<\/span><\/h3>\n<hr \/>\n<div class=\"layout-cell-pad-5 text-align-right\"><\/div>\n<div><\/div>\n<div><\/div>\n<div><\/div>\n<div><\/div>\n<div class=\"layout-cell layout-cell-1 text-align-right\"><\/div>\n<p>&nbsp;<\/p>\n<p>&nbsp;<\/p>\n<p>&nbsp;<\/p>\n<p>&nbsp;<\/p>\n<p>&nbsp;<\/p>\n<p>&nbsp;<\/p>\n<p>&nbsp;<\/p>\n<div class=\"ms-editor-squiggler\" style=\"color: initial;font: initial;background: initial;background-blend-mode: initial;border: initial;border-radius: initial;border-collapse: initial;caption-side: initial;clear: initial;columns: initial;column-fill: initial;column-rule: initial;column-span: initial;cursor: initial;flex: initial;flex-flow: initial;float: initial;height: 0px;letter-spacing: initial;margin: initial;max-height: initial;max-width: initial;min-height: initial;min-width: initial;overflow: initial;padding: initial;text-align: initial;text-decoration: initial;text-indent: initial;text-transform: initial;vertical-align: initial;border-spacing: initial;width: initial\"><\/div>\n<div class=\"ms-editor-squiggler\" style=\"color: initial;font: initial;background: initial;background-blend-mode: initial;border: initial;border-radius: initial;border-collapse: initial;caption-side: initial;clear: initial;columns: initial;column-fill: initial;column-rule: initial;column-span: initial;cursor: initial;flex: initial;flex-flow: initial;float: initial;height: 0px;letter-spacing: initial;margin: initial;max-height: initial;max-width: initial;min-height: initial;min-width: initial;overflow: initial;padding: initial;text-align: initial;text-decoration: initial;text-indent: initial;text-transform: initial;vertical-align: initial;border-spacing: initial;width: initial\"><\/div>\n<div class=\"ms-editor-squiggler\" style=\"color: initial;font: initial;background: initial;background-blend-mode: initial;border: initial;border-radius: initial;border-collapse: initial;caption-side: initial;clear: initial;columns: initial;column-fill: initial;column-rule: initial;column-span: initial;cursor: initial;flex: initial;flex-flow: initial;float: initial;height: 0px;letter-spacing: initial;margin: initial;max-height: initial;max-width: initial;min-height: initial;min-width: initial;overflow: initial;padding: initial;text-align: initial;text-decoration: initial;text-indent: initial;text-transform: initial;vertical-align: initial;border-spacing: initial;width: initial\"><\/div>\n<div class=\"ms-editor-squiggler\" style=\"color: initial;font: initial;background: initial;background-blend-mode: initial;border: initial;border-radius: initial;border-collapse: initial;caption-side: initial;clear: initial;columns: initial;column-fill: initial;column-rule: initial;column-span: initial;cursor: initial;flex: initial;flex-flow: initial;float: initial;height: 0px;letter-spacing: initial;margin: initial;max-height: initial;max-width: initial;min-height: initial;min-width: initial;overflow: initial;padding: initial;text-align: initial;text-decoration: initial;text-indent: initial;text-transform: initial;vertical-align: initial;border-spacing: initial;width: initial\"><\/div>\n<div class=\"ms-editor-squiggler\" style=\"color: initial;font: initial;background: initial;background-blend-mode: initial;border: initial;border-radius: initial;border-collapse: initial;caption-side: initial;clear: initial;columns: initial;column-fill: initial;column-rule: initial;column-span: initial;cursor: initial;flex: initial;flex-flow: initial;float: initial;height: 0px;letter-spacing: initial;margin: initial;max-height: initial;max-width: initial;min-height: initial;min-width: initial;overflow: initial;padding: initial;text-align: initial;text-decoration: initial;text-indent: initial;text-transform: initial;vertical-align: initial;border-spacing: initial;width: initial\"><\/div>\n<div class=\"ms-editor-squiggler\" style=\"color: initial;font: initial;background: initial;background-blend-mode: initial;border: initial;border-radius: initial;border-collapse: initial;caption-side: initial;clear: initial;columns: initial;column-fill: initial;column-rule: initial;column-span: initial;cursor: initial;flex: initial;flex-flow: initial;float: initial;height: 0px;letter-spacing: initial;margin: initial;max-height: initial;max-width: initial;min-height: initial;min-width: initial;overflow: initial;padding: initial;text-align: initial;text-decoration: initial;text-indent: initial;text-transform: initial;vertical-align: initial;border-spacing: initial;width: initial\"><\/div>\n<div class=\"ms-editor-squiggler\" style=\"color: initial;font: initial;background: initial;background-blend-mode: initial;border: initial;border-radius: initial;border-collapse: initial;caption-side: initial;clear: initial;columns: initial;column-fill: initial;column-rule: initial;column-span: initial;cursor: initial;flex: initial;flex-flow: initial;float: initial;height: 0px;letter-spacing: initial;margin: initial;max-height: initial;max-width: initial;min-height: initial;min-width: initial;overflow: initial;padding: initial;text-align: initial;text-decoration: initial;text-indent: initial;text-transform: initial;vertical-align: initial;border-spacing: initial;width: initial\"><\/div>\n<div class=\"ms-editor-squiggler\" style=\"color: initial;font: initial;background: initial;background-blend-mode: initial;border: initial;border-radius: initial;border-collapse: initial;caption-side: initial;clear: initial;columns: initial;column-fill: initial;column-rule: initial;column-span: initial;cursor: initial;flex: initial;flex-flow: initial;float: initial;height: 0px;letter-spacing: initial;margin: initial;max-height: initial;max-width: initial;min-height: initial;min-width: initial;overflow: initial;padding: initial;text-align: initial;text-decoration: initial;text-indent: initial;text-transform: initial;vertical-align: initial;border-spacing: initial;width: initial\"><\/div>\n<div class=\"ms-editor-squiggler\" style=\"color: initial;font: initial;background: initial;background-blend-mode: initial;border: initial;border-radius: initial;border-collapse: initial;caption-side: initial;clear: initial;columns: initial;column-fill: initial;column-rule: initial;column-span: initial;cursor: initial;flex: initial;flex-flow: initial;float: initial;height: 0px;letter-spacing: initial;margin: initial;max-height: initial;max-width: initial;min-height: initial;min-width: initial;overflow: initial;padding: initial;text-align: initial;text-decoration: initial;text-indent: initial;text-transform: initial;vertical-align: initial;border-spacing: initial;width: initial\"><\/div>\n","protected":false},"excerpt":{"rendered":"<p>&nbsp; &nbsp; &nbsp; J\u00e9ssica Hencke \/\u00a0Curr\u00edculum Lattes Linha de Pesquisa: Educa\u00e7\u00e3o em Artes e Processos de Forma\u00e7\u00e3o Est\u00e9tica Data de nascimento:\u00a0 Texto introdut\u00f3rio: Licenciada na \u00e1rea de educa\u00e7\u00e3o, com forma\u00e7\u00e3o em Pedagogia pela UERGS (Universidade Estadual do Rio Grande do Sul, 2005); Artes Visuais pela UFRGS (Universidade Federal do Rio Grande do Sul). Possui experi\u00eancia [&hellip;]<\/p>\n","protected":false},"author":1258,"featured_media":0,"parent":0,"menu_order":0,"comment_status":"closed","ping_status":"closed","template":"","meta":{"footnotes":""},"class_list":["post-5216","page","type-page","status-publish","hentry"],"_links":{"self":[{"href":"https:\/\/wp.ufpel.edu.br\/ppgartes\/wp-json\/wp\/v2\/pages\/5216","targetHints":{"allow":["GET"]}}],"collection":[{"href":"https:\/\/wp.ufpel.edu.br\/ppgartes\/wp-json\/wp\/v2\/pages"}],"about":[{"href":"https:\/\/wp.ufpel.edu.br\/ppgartes\/wp-json\/wp\/v2\/types\/page"}],"author":[{"embeddable":true,"href":"https:\/\/wp.ufpel.edu.br\/ppgartes\/wp-json\/wp\/v2\/users\/1258"}],"replies":[{"embeddable":true,"href":"https:\/\/wp.ufpel.edu.br\/ppgartes\/wp-json\/wp\/v2\/comments?post=5216"}],"version-history":[{"count":0,"href":"https:\/\/wp.ufpel.edu.br\/ppgartes\/wp-json\/wp\/v2\/pages\/5216\/revisions"}],"wp:attachment":[{"href":"https:\/\/wp.ufpel.edu.br\/ppgartes\/wp-json\/wp\/v2\/media?parent=5216"}],"curies":[{"name":"wp","href":"https:\/\/api.w.org\/{rel}","templated":true}]}}