{"id":5162,"date":"2021-03-24T16:51:24","date_gmt":"2021-03-24T19:51:24","guid":{"rendered":"https:\/\/wp.ufpel.edu.br\/mestradoartesvisuais\/?page_id=5162"},"modified":"2021-03-24T16:51:24","modified_gmt":"2021-03-24T19:51:24","slug":"marge-faria-do-amaral-peixoto","status":"publish","type":"page","link":"https:\/\/wp.ufpel.edu.br\/ppgartes\/marge-faria-do-amaral-peixoto\/","title":{"rendered":"Marge Faria do Amaral Peixoto"},"content":{"rendered":"<p><a href=\"https:\/\/wp.ufpel.edu.br\/ppgartes\/files\/2021\/03\/turma4_Marge-Faria-do-Amaral-Peixoto.png\"><img class=\"wp-image-5804 size-thumbnail alignleft\" src=\"https:\/\/wp.ufpel.edu.br\/ppgartes\/files\/2021\/03\/turma4_Marge-Faria-do-Amaral-Peixoto-200x200.png\" alt=\"\" width=\"200\" height=\"200\" srcset=\"https:\/\/wp.ufpel.edu.br\/ppgartes\/files\/2021\/03\/turma4_Marge-Faria-do-Amaral-Peixoto-200x200.png 200w, https:\/\/wp.ufpel.edu.br\/ppgartes\/files\/2021\/03\/turma4_Marge-Faria-do-Amaral-Peixoto-400x400.png 400w, https:\/\/wp.ufpel.edu.br\/ppgartes\/files\/2021\/03\/turma4_Marge-Faria-do-Amaral-Peixoto.png 500w\" sizes=\"(max-width: 200px) 100vw, 200px\" \/><\/a><\/p>\n<p>&nbsp;<\/p>\n<p>&nbsp;<\/p>\n<p>&nbsp;<\/p>\n<p><span style=\"font-family: georgia, palatino, serif;font-size: 12pt\"><span style=\"font-size: 18pt\"><strong><span style=\"font-family: 'trebuchet ms', geneva, sans-serif\">Marge Faria do Amaral Peixoto <span style=\"font-size: 10pt;color: #999999\">\/\u00a0<\/span><\/span><\/strong><\/span><span style=\"font-family: 'trebuchet ms', geneva, sans-serif;font-size: 10pt\"><a href=\"http:\/\/lattes.cnpq.br\/3811324529447917\" target=\"_blank\" rel=\"noopener noreferrer\"><span style=\"color: #999999\">Curr\u00edculum Lattes<\/span><\/a><br \/>\n<strong>Linha de Pesquisa<\/strong>: <a href=\"https:\/\/wp.ufpel.edu.br\/mestradoartesvisuais\/linhas-de-pesquisa\/educacao-em-artes-e-processos-de-formacao-estetica\/\">Educa\u00e7\u00e3o em Artes e Processos de Forma\u00e7\u00e3o Est\u00e9tica<\/a><br \/>\n<\/span><\/span><span style=\"font-family: georgia, palatino, serif;font-size: 12pt\"><span style=\"font-family: 'trebuchet ms', geneva, sans-serif;font-size: 10pt\"><strong>Data de nascimento:\u00a0<\/strong><\/span><\/span><\/p>\n<p style=\"text-align: justify\"><span style=\"font-family: 'trebuchet ms', geneva, sans-serif;font-size: 10pt\"><strong>Texto introdut\u00f3rio:<\/strong> Possui gradua\u00e7\u00e3o em Pedagogia pela Universidade Federal de Pelotas (1989). P\u00f3s-gradua\u00e7\u00e3o: Mestrado em Artes Visuais, na Linha de Pesquisa: Ensino da Arte e Educa\u00e7\u00e3o Est\u00e9tica, tendo como Orientadora professora Dra. Ursula Rosa da Silva, e fazendo parte da sua Banca Final, as Professoras Dras.: Larissa Patron e Mirela Meira (UFPEL\/2017); P\u00f3s-gradua\u00e7\u00e3o: Especializa\u00e7\u00e3o em Educa\u00e7\u00e3o Infantil e Anos Iniciais (PORTAL\/2009). Aluna Especial, no Doutorado da FAE. No segundo semestre de 2017, cursou a disciplina &amp;quot; Semin\u00e1rio Avan\u00e7ado Hist\u00f3ria da Educa\u00e7\u00e3o no RS II&amp;quot; , com o professor Dr. Eduardo Arriada; no Primeiro Semestre de 2018, cursou a Disciplina &amp;quot; Fontes Narrativas em Hist\u00f3ria da Educa\u00e7\u00e3o I&amp;quot;, com a Professora Dra. Giana do Amaral, no Segundo Semestre de 2018, cursou a Disciplina &amp;quot; Semin\u00e1rio Avan\u00e7ado: Democratiza\u00e7\u00e3o da Educa\u00e7\u00e3o: Gest\u00e3o, Curr\u00edculo e Pol\u00edticas Educativas&amp;quot;, com a Professora Dra. Maria Cec\u00edlia Lor\u00e9a e, no Primeiro Semestre de 2019. cursou a Disciplina Semin\u00e1rio Avan\u00e7ado: Hist\u00f3ria da Educa\u00e7\u00e3o Brasileira, com a professora Giana Amaral. Experi\u00eancia Profissional: Em 2001 assumiu como professora de Educa\u00e7\u00e3o Infantil na Escola de Educa\u00e7\u00e3o Infantil Ruth Blank, antiga Escolinha Municipal de Arte de Pelotas, que tinha sua base nas orienta\u00e7\u00f5es de Augusto Rodrigues. (1963-1998). Em 2020, continua na Coordena\u00e7\u00e3o Pedag\u00f3gica, da mesma escola onde lecionava. Em 1993, foi professora das Disciplinas de Did\u00e1tica (Linguagem, Matem\u00e1tica, Ci\u00eancias e Estudos Sociais) no Curso de Magist\u00e9rio do Col\u00e9gio Santa Margarida (Pelotas\/RS). Escreveu um Cap\u00edtulo de um livro sobre Educa\u00e7\u00e3o Infantil, lan\u00e7ado em Pelotas (2012). Participou de alguns Semin\u00e1rios, Congressos. Publicou seus trabalhos apresentados, nos Anais dos Eventos. Tem experi\u00eancia na \u00e1rea de Educa\u00e7\u00e3o e Linguagens da Arte, com \u00eanfase em Educa\u00e7\u00e3o Infantil, atuando principalmente nos seguintes temas: Educa\u00e7\u00e3o e Linguagens da Arte. Aprofundou seu conhecimento na Hist\u00f3ria, na Mem\u00f3ria e no Ensino da Arte, atrav\u00e9s das muitas pesquisas e leituras nesta \u00e1rea. (Texto extra\u00eddo diretamente da plataforma Lattes)<\/span><\/p>\n<hr \/>\n<p><span style=\"font-family: 'trebuchet ms', geneva, sans-serif;font-size: 10pt\"><strong>T\u00edtulo da disserta\u00e7\u00e3o<br \/>\n<a href=\"http:\/\/guaiaca.ufpel.edu.br:8080\/handle\/prefix\/3913\" target=\"_blank\" rel=\"noopener noreferrer\"><span style=\"font-size: 14pt\">Escolinha Municipal de Arte de Pelotas: mem\u00f3ria, hist\u00f3ria e ensino de arte (1963\/1998)<\/span><\/a><\/strong><br \/>\n<\/span><span style=\"font-family: 'trebuchet ms', geneva, sans-serif;font-size: 10pt\"><strong>Orientador(a):<\/strong> <a href=\"https:\/\/wp.ufpel.edu.br\/mestradoartesvisuais\/ursula-rosa-da-silva\/\">Profa. Dra. Ursula Rosa da Silva (PPGAV\/UFPel)<\/a><br \/>\n<\/span><\/p>\n<p style=\"text-align: justify\"><span style=\"font-family: 'trebuchet ms', geneva, sans-serif;font-size: 10pt\"><strong>RESUMO<\/strong><br \/>\nEsta disserta\u00e7\u00e3o, tendo como t\u00edtulo: \u201cEscolinha Municipal de Arte de Pelotas: Mem\u00f3ria, Hist\u00f3ria e Ensino de Arte (1963\/1998), insere-se na Linha de Pesquisa \u201cEnsino da Arte e Educa\u00e7\u00e3o Est\u00e9tica\u201d do Programa de P\u00f3s -Gradua\u00e7\u00e3o em Artes Visuais, Mestrado, da Universidade Federal de Pelotas, RS. Sustenta-se na necessidade de se conhecer essa hist\u00f3ria que foi desenvolvida na \u00e1rea da Arte -Educa\u00e7\u00e3o em 30 anos de exist\u00eancia. Foi uma experi\u00eancia educativa, funcionando desde o princ\u00edpio com uma proposta baseada nas Linguagens da Arte. Na sua cria\u00e7\u00e3o, recebeu o nome de Escolinha Municipal de Arte (Pelotas\/RS). Est\u00e1 entre as Escolinhas que tiveram suas bases no Movimento Escolinhas de Arte, surgido em meados de 1952. O objetivo principal desta pesquisa \u00e9 reconstituir, preservar, divulgar e valorizar a mem\u00f3ria, a hist\u00f3ria e o ensino de arte da Escolinha Municipal de Arte de Pelotas. Espera-se que esta pesquisa possa contribuir para a reflex\u00e3o das pessoas, sobre a mem\u00f3ria, a hist\u00f3ria e o ensino de arte em Pelotas. A pesquisa aconteceu seguindo uma abordagem qualitativa, tendo como fontes de pesquisa a an\u00e1lise documental do acervo da escola, imagens de registros e entrevistas com algumas pessoas que trabalharam ou estudaram na Escolinha ou tiveram rela\u00e7\u00e3o com ela. Divide-se em quatro etapas: Introdu\u00e7\u00e3o, Contexto Hist\u00f3rico-Pol\u00edtico da Arte-Educa\u00e7\u00e3o, Escolinha Municipal de Arte de Pelotas. Devido \u00e0 escassez de registros escritos sobre a Metodologia desenvolvida durante esses 33 anos de Escolinha, teve-se que usar de entrevistas com os protagonistas que fizeram parte dessa hist\u00f3ria, a fim de coletar informa\u00e7\u00f5es e imagens. As entrevistas contribu\u00edram para compor o texto da disserta\u00e7\u00e3o, mas n\u00e3o foram utilizadas na sua \u00edntegra e sim no decorrer do texto. Acredita-se que tenha alcan\u00e7ado os objetivos e que esta pesquisa possa realmente contribuir para o ensino de arte. Para aprofundar os estudos, as principais refer\u00eancias foram: RODRIGUES (1980); READ (1978;1986); BARBOSA (1997; 1988; 1991); MEIRA (2003; 2010); VARELA (1980; 2001).<\/span><\/p>\n<p><span style=\"font-family: 'trebuchet ms', geneva, sans-serif;font-size: 10pt\"><strong>Palavras-chave:<\/strong> arte-educa\u00e7\u00e3o; escolinha de arte do Brasil; escolinha municipal de arte de Pelotas<\/span><\/p>\n<p><span style=\"font-family: 'trebuchet ms', geneva, sans-serif;font-size: 10pt\"><strong>Banca:<br \/>\n<\/strong><\/span><span style=\"font-family: 'trebuchet ms', geneva, sans-serif;font-size: 10pt\">Profa. Dra. Larissa Patron Chaves Spieker (UFPel)<br \/>\nProfa. Dra. Mirela Ribeiro Meira (FaE\/UFPel)<\/span><\/p>\n<p><span style=\"font-family: 'trebuchet ms', geneva, sans-serif;font-size: 10pt\"><strong>Data:<\/strong> 29\/mar\u00e7o\/2017<\/span><\/p>\n<p>&nbsp;<\/p>\n<p>&nbsp;<\/p>\n<h3 style=\"text-align: center\"><span style=\"font-family: 'trebuchet ms', geneva, sans-serif;font-size: 12pt\">Acompanhamento Egresso:<\/span><\/h3>\n<hr \/>\n<div class=\"layout-cell-pad-5 text-align-right\"><\/div>\n<div><\/div>\n<div><\/div>\n<div><\/div>\n<div><\/div>\n<div class=\"layout-cell layout-cell-1 text-align-right\"><\/div>\n<p>&nbsp;<\/p>\n<p>&nbsp;<\/p>\n<p>&nbsp;<\/p>\n<p>&nbsp;<\/p>\n<p>&nbsp;<\/p>\n<p>&nbsp;<\/p>\n<p>&nbsp;<\/p>\n<div class=\"ms-editor-squiggler\" style=\"color: initial;font: initial;background: initial;background-blend-mode: initial;border: initial;border-radius: initial;border-collapse: initial;caption-side: initial;clear: initial;columns: initial;column-fill: initial;column-rule: initial;column-span: initial;cursor: initial;flex: initial;flex-flow: initial;float: initial;height: 0px;letter-spacing: initial;margin: initial;max-height: initial;max-width: initial;min-height: initial;min-width: initial;overflow: initial;padding: initial;text-align: initial;text-decoration: initial;text-indent: initial;text-transform: initial;vertical-align: initial;border-spacing: initial;width: initial\"><\/div>\n<div class=\"ms-editor-squiggler\" style=\"color: initial;font: initial;background: initial;background-blend-mode: initial;border: initial;border-radius: initial;border-collapse: initial;caption-side: initial;clear: initial;columns: initial;column-fill: initial;column-rule: initial;column-span: initial;cursor: initial;flex: initial;flex-flow: initial;float: initial;height: 0px;letter-spacing: initial;margin: initial;max-height: initial;max-width: initial;min-height: initial;min-width: initial;overflow: initial;padding: initial;text-align: initial;text-decoration: initial;text-indent: initial;text-transform: initial;vertical-align: initial;border-spacing: initial;width: initial\"><\/div>\n<div class=\"ms-editor-squiggler\" style=\"color: initial;font: initial;background: initial;background-blend-mode: initial;border: initial;border-radius: initial;border-collapse: initial;caption-side: initial;clear: initial;columns: initial;column-fill: initial;column-rule: initial;column-span: initial;cursor: initial;flex: initial;flex-flow: initial;float: initial;height: 0px;letter-spacing: initial;margin: initial;max-height: initial;max-width: initial;min-height: initial;min-width: initial;overflow: initial;padding: initial;text-align: initial;text-decoration: initial;text-indent: initial;text-transform: initial;vertical-align: initial;border-spacing: initial;width: initial\"><\/div>\n<div class=\"ms-editor-squiggler\" style=\"color: initial;font: initial;background: initial;background-blend-mode: initial;border: initial;border-radius: initial;border-collapse: initial;caption-side: initial;clear: initial;columns: initial;column-fill: initial;column-rule: initial;column-span: initial;cursor: initial;flex: initial;flex-flow: initial;float: initial;height: 0px;letter-spacing: initial;margin: initial;max-height: initial;max-width: initial;min-height: initial;min-width: initial;overflow: initial;padding: initial;text-align: initial;text-decoration: initial;text-indent: initial;text-transform: initial;vertical-align: initial;border-spacing: initial;width: initial\"><\/div>\n<div class=\"ms-editor-squiggler\" style=\"color: initial;font: initial;background: initial;background-blend-mode: initial;border: initial;border-radius: initial;border-collapse: initial;caption-side: initial;clear: initial;columns: initial;column-fill: initial;column-rule: initial;column-span: initial;cursor: initial;flex: initial;flex-flow: initial;float: initial;height: 0px;letter-spacing: initial;margin: initial;max-height: initial;max-width: initial;min-height: initial;min-width: initial;overflow: initial;padding: initial;text-align: initial;text-decoration: initial;text-indent: initial;text-transform: initial;vertical-align: initial;border-spacing: initial;width: initial\"><\/div>\n<div class=\"ms-editor-squiggler\" style=\"color: initial;font: initial;background: initial;background-blend-mode: initial;border: initial;border-radius: initial;border-collapse: initial;caption-side: initial;clear: initial;columns: initial;column-fill: initial;column-rule: initial;column-span: initial;cursor: initial;flex: initial;flex-flow: initial;float: initial;height: 0px;letter-spacing: initial;margin: initial;max-height: initial;max-width: initial;min-height: initial;min-width: initial;overflow: initial;padding: initial;text-align: initial;text-decoration: initial;text-indent: initial;text-transform: initial;vertical-align: initial;border-spacing: initial;width: initial\"><\/div>\n<div class=\"ms-editor-squiggler\" style=\"color: initial;font: initial;background: initial;background-blend-mode: initial;border: initial;border-radius: initial;border-collapse: initial;caption-side: initial;clear: initial;columns: initial;column-fill: initial;column-rule: initial;column-span: initial;cursor: initial;flex: initial;flex-flow: initial;float: initial;height: 0px;letter-spacing: initial;margin: initial;max-height: initial;max-width: initial;min-height: initial;min-width: initial;overflow: initial;padding: initial;text-align: initial;text-decoration: initial;text-indent: initial;text-transform: initial;vertical-align: initial;border-spacing: initial;width: initial\"><\/div>\n<div class=\"ms-editor-squiggler\" style=\"color: initial;font: initial;background: initial;background-blend-mode: initial;border: initial;border-radius: initial;border-collapse: initial;caption-side: initial;clear: initial;columns: initial;column-fill: initial;column-rule: initial;column-span: initial;cursor: initial;flex: initial;flex-flow: initial;float: initial;height: 0px;letter-spacing: initial;margin: initial;max-height: initial;max-width: initial;min-height: initial;min-width: initial;overflow: initial;padding: initial;text-align: initial;text-decoration: initial;text-indent: initial;text-transform: initial;vertical-align: initial;border-spacing: initial;width: initial\"><\/div>\n<div class=\"ms-editor-squiggler\" style=\"color: initial;font: initial;background: initial;background-blend-mode: initial;border: initial;border-radius: initial;border-collapse: initial;caption-side: initial;clear: initial;columns: initial;column-fill: initial;column-rule: initial;column-span: initial;cursor: initial;flex: initial;flex-flow: initial;float: initial;height: 0px;letter-spacing: initial;margin: initial;max-height: initial;max-width: initial;min-height: initial;min-width: initial;overflow: initial;padding: initial;text-align: initial;text-decoration: initial;text-indent: initial;text-transform: initial;vertical-align: initial;border-spacing: initial;width: initial\"><\/div>\n<div class=\"ms-editor-squiggler\" style=\"color: initial;font: initial;background: initial;background-blend-mode: initial;border: initial;border-radius: initial;border-collapse: initial;caption-side: initial;clear: initial;columns: initial;column-fill: initial;column-rule: initial;column-span: initial;cursor: initial;flex: initial;flex-flow: initial;float: initial;height: 0px;letter-spacing: initial;margin: initial;max-height: initial;max-width: initial;min-height: initial;min-width: initial;overflow: initial;padding: initial;text-align: initial;text-decoration: initial;text-indent: initial;text-transform: initial;vertical-align: initial;border-spacing: initial;width: initial\"><\/div>\n<div class=\"ms-editor-squiggler\" style=\"color: initial;font: initial;background: initial;background-blend-mode: initial;border: initial;border-radius: initial;border-collapse: initial;caption-side: initial;clear: initial;columns: initial;column-fill: initial;column-rule: initial;column-span: initial;cursor: initial;flex: initial;flex-flow: initial;float: initial;height: 0px;letter-spacing: initial;margin: initial;max-height: initial;max-width: initial;min-height: initial;min-width: initial;overflow: initial;padding: initial;text-align: initial;text-decoration: initial;text-indent: initial;text-transform: initial;vertical-align: initial;border-spacing: initial;width: initial\"><\/div>\n<div class=\"ms-editor-squiggler\" style=\"color: initial;font: initial;background: initial;background-blend-mode: initial;border: initial;border-radius: initial;border-collapse: initial;caption-side: initial;clear: initial;columns: initial;column-fill: initial;column-rule: initial;column-span: initial;cursor: initial;flex: initial;flex-flow: initial;float: initial;height: 0px;letter-spacing: initial;margin: initial;max-height: initial;max-width: initial;min-height: initial;min-width: initial;overflow: initial;padding: initial;text-align: initial;text-decoration: initial;text-indent: initial;text-transform: initial;vertical-align: initial;border-spacing: initial;width: initial\"><\/div>\n","protected":false},"excerpt":{"rendered":"<p>&nbsp; &nbsp; &nbsp; Marge Faria do Amaral Peixoto \/\u00a0Curr\u00edculum Lattes Linha de Pesquisa: Educa\u00e7\u00e3o em Artes e Processos de Forma\u00e7\u00e3o Est\u00e9tica Data de nascimento:\u00a0 Texto introdut\u00f3rio: Possui gradua\u00e7\u00e3o em Pedagogia pela Universidade Federal de Pelotas (1989). P\u00f3s-gradua\u00e7\u00e3o: Mestrado em Artes Visuais, na Linha de Pesquisa: Ensino da Arte e Educa\u00e7\u00e3o Est\u00e9tica, tendo como Orientadora professora [&hellip;]<\/p>\n","protected":false},"author":1258,"featured_media":0,"parent":0,"menu_order":0,"comment_status":"closed","ping_status":"closed","template":"","meta":{"footnotes":""},"class_list":["post-5162","page","type-page","status-publish","hentry"],"_links":{"self":[{"href":"https:\/\/wp.ufpel.edu.br\/ppgartes\/wp-json\/wp\/v2\/pages\/5162","targetHints":{"allow":["GET"]}}],"collection":[{"href":"https:\/\/wp.ufpel.edu.br\/ppgartes\/wp-json\/wp\/v2\/pages"}],"about":[{"href":"https:\/\/wp.ufpel.edu.br\/ppgartes\/wp-json\/wp\/v2\/types\/page"}],"author":[{"embeddable":true,"href":"https:\/\/wp.ufpel.edu.br\/ppgartes\/wp-json\/wp\/v2\/users\/1258"}],"replies":[{"embeddable":true,"href":"https:\/\/wp.ufpel.edu.br\/ppgartes\/wp-json\/wp\/v2\/comments?post=5162"}],"version-history":[{"count":0,"href":"https:\/\/wp.ufpel.edu.br\/ppgartes\/wp-json\/wp\/v2\/pages\/5162\/revisions"}],"wp:attachment":[{"href":"https:\/\/wp.ufpel.edu.br\/ppgartes\/wp-json\/wp\/v2\/media?parent=5162"}],"curies":[{"name":"wp","href":"https:\/\/api.w.org\/{rel}","templated":true}]}}