{"id":5118,"date":"2021-03-24T15:54:58","date_gmt":"2021-03-24T18:54:58","guid":{"rendered":"https:\/\/wp.ufpel.edu.br\/mestradoartesvisuais\/?page_id=5118"},"modified":"2021-03-24T15:54:58","modified_gmt":"2021-03-24T18:54:58","slug":"roberta-mendes-machado","status":"publish","type":"page","link":"https:\/\/wp.ufpel.edu.br\/ppgartes\/roberta-mendes-machado\/","title":{"rendered":"Roberta Mendes Machado"},"content":{"rendered":"<p><a href=\"https:\/\/wp.ufpel.edu.br\/ppgartes\/files\/2021\/03\/turma3_Roberta-Mendes-Machado.png\"><img class=\"wp-image-5808 size-thumbnail alignleft\" src=\"https:\/\/wp.ufpel.edu.br\/ppgartes\/files\/2021\/03\/turma3_Roberta-Mendes-Machado-200x200.png\" alt=\"\" width=\"200\" height=\"200\" srcset=\"https:\/\/wp.ufpel.edu.br\/ppgartes\/files\/2021\/03\/turma3_Roberta-Mendes-Machado-200x200.png 200w, https:\/\/wp.ufpel.edu.br\/ppgartes\/files\/2021\/03\/turma3_Roberta-Mendes-Machado-400x400.png 400w, https:\/\/wp.ufpel.edu.br\/ppgartes\/files\/2021\/03\/turma3_Roberta-Mendes-Machado.png 500w\" sizes=\"(max-width: 200px) 100vw, 200px\" \/><\/a><\/p>\n<p>&nbsp;<\/p>\n<p>&nbsp;<\/p>\n<p>&nbsp;<\/p>\n<p><span style=\"font-family: georgia, palatino, serif;font-size: 12pt\"><span style=\"font-size: 18pt\"><strong><span style=\"font-family: 'trebuchet ms', geneva, sans-serif\">Roberta Mendes Machado <span style=\"font-size: 10pt;color: #999999\">\/\u00a0<\/span><\/span><\/strong><\/span><span style=\"font-family: 'trebuchet ms', geneva, sans-serif;font-size: 10pt\"><a href=\"http:\/\/lattes.cnpq.br\/6897186427715663\" target=\"_blank\" rel=\"noopener noreferrer\"><span style=\"color: #999999\">Curr\u00edculum Lattes<\/span><\/a><br \/>\n<strong>Linha de Pesquisa<\/strong>: <a href=\"https:\/\/wp.ufpel.edu.br\/mestradoartesvisuais\/linhas-de-pesquisa\/educacao-em-artes-e-processos-de-formacao-estetica\/\">Educa\u00e7\u00e3o em Artes e Processos de Forma\u00e7\u00e3o Est\u00e9tica<\/a><br \/>\n<\/span><\/span><span style=\"font-family: georgia, palatino, serif;font-size: 12pt\"><span style=\"font-family: 'trebuchet ms', geneva, sans-serif;font-size: 10pt\"><strong>Data de nascimento:\u00a0<\/strong><\/span><\/span><\/p>\n<p style=\"text-align: justify\"><span style=\"font-family: 'trebuchet ms', geneva, sans-serif;font-size: 10pt\"><strong>Texto introdut\u00f3rio:<\/strong> Mestre em Artes Visuais (2016), Especialista em Arte (2015) e Licenciada em Artes Visuais (2011) pela Universidade Federal de Pelotas (UFPEL). Atualmente \u00e9 professora de Arte na Escola Municipal Prof \u00aa Daura Ferreira Pinto. Atuou como professora substituta no Instituto Federal Sul-Rio-Grandense (IFSUL) no Curso Superior de Bacharelado em Design, Curso T\u00e9cnico em Comunica\u00e7\u00e3o Visual e Curso T\u00e9cnico em Design de Interiores (2018-2020). Tem experi\u00eancia na \u00e1rea de Artes, com \u00eanfase em Artes Visuais. (Texto extra\u00eddo diretamente da plataforma Lattes)<\/span><\/p>\n<hr \/>\n<p><span style=\"font-family: 'trebuchet ms', geneva, sans-serif;font-size: 10pt\"><strong>T\u00edtulo da disserta\u00e7\u00e3o<br \/>\n<a href=\"http:\/\/guaiaca.ufpel.edu.br\/bitstream\/prefix\/3687\/1\/Roberta_Mendes_Machado_Disserta%c3%a7%c3%a3o.pdf\" target=\"_blank\" rel=\"noopener noreferrer\"><span style=\"font-size: 14pt\">Di\u00e1rios a\/r\/togr\u00e1ficos: narrativas imag\u00e9ticas em movimento<\/span><\/a><\/strong><br \/>\n<\/span><span style=\"font-family: 'trebuchet ms', geneva, sans-serif;font-size: 10pt\"><strong>Orientador(a):<\/strong> Profa. Dra. Mirela Ribeiro Meira (PPGAV\/UFPel)<br \/>\n<\/span><\/p>\n<p style=\"text-align: justify\"><span style=\"font-family: 'trebuchet ms', geneva, sans-serif;font-size: 10pt\"><strong>RESUMO<\/strong><br \/>\nEsta pesquisa est\u00e1 relacionada aos processos pedag\u00f3gicos que cercam a imagem e a experi\u00eancia est\u00e9tica no ensino das Artes Visuais. Prop\u00f5e-se a problematizar aspectos atinentes \u00e0s imagens da arte, da m\u00eddia, de campanhas publicit\u00e1rias, de revistas, da Internet, enfim, imagens e artefatos visuais, observando de que maneira estas constituem, transformam, movimentam e determinam processos de identifica\u00e7\u00e3o em dire\u00e7\u00e3o a transforma\u00e7\u00f5es pessoais e docentes. A abordagem conceitual fundamenta-se na Educa\u00e7\u00e3o Est\u00e9tica, Ensino da Arte e Cultura Visual, perpassando pelos Processos de Identifica\u00e7\u00e3o e suas poss\u00edveis transforma\u00e7\u00f5es atrav\u00e9s de imagens. A pesquisa foi desenvolvida com 18 alunos do curso de Licenciatura em Pedagogia, em sua maioria, e do curso de Arquitetura e Urbanismo, da Universidade Federal de Pelotas \/ UFPel, no espa\u00e7o de pesquisa constru\u00eddo em uma disciplina optativa da Licenciatura, denominada Linguagem em Artes e Comunica\u00e7\u00e3o. Possui como quest\u00f5es de pesquisa verificar os poss\u00edveis efeitos da imagem nos processos de identifica\u00e7\u00e3o do grupo em quest\u00e3o; averiguar como se apropriam, transformam, produzem imagens e as contextualizam para construir significados e sentidos para a pr\u00f3pria hist\u00f3ria. Realizou-se uma reflex\u00e3o acerca dos poss\u00edveis encontros entre a visualidade &#8211; o olhar atravessado pela cultura visual -, e os processos de identifica\u00e7\u00e3o a ela vinculados, pesquisando as rela\u00e7\u00f5es entre artefatos visuais e observadores. Como aporte te\u00f3rico, destaco os autores Fernando Hern\u00e1ndez (2000; 2007), Maffesoli (1996; 2000), Duarte Jr. (2000), Dias e Irwin (2013), Martins e Tourinho (2009; 2011; 2012), Marly Meira (2007), Nicolas Bourriaud (2009), John Dewey (2010) e Jorge Larrosa (2002). Espera-se que este estudo contribua para a compreens\u00e3o, o esclarecimento e a reflex\u00e3o sobre os processos pedag\u00f3gicos em arte, que cercam a experi\u00eancia est\u00e9tica e os processos de identifica\u00e7\u00e3o na forma\u00e7\u00e3o de professores, processos tais que permitiram n\u00e3o s\u00f3 ratificar a import\u00e2ncia assumida aos envolvidos, mas tamb\u00e9m para os educadores em geral, para o ensino de arte e para a vida. <\/span><\/p>\n<p><span style=\"font-family: 'trebuchet ms', geneva, sans-serif;font-size: 10pt\"><strong>Palavras-chave:<\/strong> ensino de arte; educa\u00e7\u00e3o est\u00e9tica; cultura visual; processos de identifica\u00e7\u00e3o; A\/r\/tografia<\/span><\/p>\n<p><span style=\"font-family: 'trebuchet ms', geneva, sans-serif;font-size: 10pt\"><strong>Banca:<br \/>\n<\/strong><\/span><span style=\"font-family: 'trebuchet ms', geneva, sans-serif;font-size: 10pt\">Profa. Dra. Ursula Rosa da Silva (PPGAV\/UFPel)<br \/>\nProf. Dr. Cl\u00e1udio Tarouco Azevedo (PPGAV\/UFPel)<br \/>\nProf. Dr. Alberto d\u2019Avila Coelho (IFSul)<\/span><\/p>\n<p><span style=\"font-family: 'trebuchet ms', geneva, sans-serif;font-size: 10pt\"><strong>Data:<\/strong> 29\/mar\u00e7o\/2016<\/span><\/p>\n<p>&nbsp;<\/p>\n<p>&nbsp;<\/p>\n<h3 style=\"text-align: center\"><span style=\"font-family: 'trebuchet ms', geneva, sans-serif;font-size: 12pt\">Acompanhamento Egresso:<\/span><\/h3>\n<hr \/>\n<div class=\"layout-cell-pad-5 text-align-right\"><\/div>\n<div><\/div>\n<div><\/div>\n<div><\/div>\n<div><\/div>\n<div class=\"layout-cell layout-cell-1 text-align-right\"><\/div>\n<p>&nbsp;<\/p>\n<div class=\"ms-editor-squiggler\" style=\"color: initial;font: initial;background: initial;background-blend-mode: initial;border: initial;border-radius: initial;border-collapse: initial;caption-side: initial;clear: initial;columns: initial;column-fill: initial;column-rule: initial;column-span: initial;cursor: initial;flex: initial;flex-flow: initial;float: initial;height: 0px;letter-spacing: initial;margin: initial;max-height: initial;max-width: initial;min-height: initial;min-width: initial;overflow: initial;padding: initial;text-align: initial;text-decoration: initial;text-indent: initial;text-transform: initial;vertical-align: initial;border-spacing: initial;width: initial\"><\/div>\n<div class=\"ms-editor-squiggler\" style=\"color: initial;font: initial;background: initial;background-blend-mode: initial;border: initial;border-radius: initial;border-collapse: initial;caption-side: initial;clear: initial;columns: initial;column-fill: initial;column-rule: initial;column-span: initial;cursor: initial;flex: initial;flex-flow: initial;float: initial;height: 0px;letter-spacing: initial;margin: initial;max-height: initial;max-width: initial;min-height: initial;min-width: initial;overflow: initial;padding: initial;text-align: initial;text-decoration: initial;text-indent: initial;text-transform: initial;vertical-align: initial;border-spacing: initial;width: initial\"><\/div>\n<div class=\"ms-editor-squiggler\" style=\"color: initial;font: initial;background: initial;background-blend-mode: initial;border: initial;border-radius: initial;border-collapse: initial;caption-side: initial;clear: initial;columns: initial;column-fill: initial;column-rule: initial;column-span: initial;cursor: initial;flex: initial;flex-flow: initial;float: initial;height: 0px;letter-spacing: initial;margin: initial;max-height: initial;max-width: initial;min-height: initial;min-width: initial;overflow: initial;padding: initial;text-align: initial;text-decoration: initial;text-indent: initial;text-transform: initial;vertical-align: initial;border-spacing: initial;width: initial\"><\/div>\n<div class=\"ms-editor-squiggler\" style=\"color: initial;font: initial;background: initial;background-blend-mode: initial;border: initial;border-radius: initial;border-collapse: initial;caption-side: initial;clear: initial;columns: initial;column-fill: initial;column-rule: initial;column-span: initial;cursor: initial;flex: initial;flex-flow: initial;float: initial;height: 0px;letter-spacing: initial;margin: initial;max-height: initial;max-width: initial;min-height: initial;min-width: initial;overflow: initial;padding: initial;text-align: initial;text-decoration: initial;text-indent: initial;text-transform: initial;vertical-align: initial;border-spacing: initial;width: initial\"><\/div>\n<div class=\"ms-editor-squiggler\" style=\"color: initial;font: initial;background: initial;background-blend-mode: initial;border: initial;border-radius: initial;border-collapse: initial;caption-side: initial;clear: initial;columns: initial;column-fill: initial;column-rule: initial;column-span: initial;cursor: initial;flex: initial;flex-flow: initial;float: initial;height: 0px;letter-spacing: initial;margin: initial;max-height: initial;max-width: initial;min-height: initial;min-width: initial;overflow: initial;padding: initial;text-align: initial;text-decoration: initial;text-indent: initial;text-transform: initial;vertical-align: initial;border-spacing: initial;width: initial\"><\/div>\n<div class=\"ms-editor-squiggler\" style=\"color: initial;font: initial;background: initial;background-blend-mode: initial;border: initial;border-radius: initial;border-collapse: initial;caption-side: initial;clear: initial;columns: initial;column-fill: initial;column-rule: initial;column-span: initial;cursor: initial;flex: initial;flex-flow: initial;float: initial;height: 0px;letter-spacing: initial;margin: initial;max-height: initial;max-width: initial;min-height: initial;min-width: initial;overflow: initial;padding: initial;text-align: initial;text-decoration: initial;text-indent: initial;text-transform: initial;vertical-align: initial;border-spacing: initial;width: initial\"><\/div>\n<div class=\"ms-editor-squiggler\" style=\"color: initial;font: initial;background: initial;background-blend-mode: initial;border: initial;border-radius: initial;border-collapse: initial;caption-side: initial;clear: initial;columns: initial;column-fill: initial;column-rule: initial;column-span: initial;cursor: initial;flex: initial;flex-flow: initial;float: initial;height: 0px;letter-spacing: initial;margin: initial;max-height: initial;max-width: initial;min-height: initial;min-width: initial;overflow: initial;padding: initial;text-align: initial;text-decoration: initial;text-indent: initial;text-transform: initial;vertical-align: initial;border-spacing: initial;width: initial\"><\/div>\n<div class=\"ms-editor-squiggler\" style=\"color: initial;font: initial;background: initial;background-blend-mode: initial;border: initial;border-radius: initial;border-collapse: initial;caption-side: initial;clear: initial;columns: initial;column-fill: initial;column-rule: initial;column-span: initial;cursor: initial;flex: initial;flex-flow: initial;float: initial;height: 0px;letter-spacing: initial;margin: initial;max-height: initial;max-width: initial;min-height: initial;min-width: initial;overflow: initial;padding: initial;text-align: initial;text-decoration: initial;text-indent: initial;text-transform: initial;vertical-align: initial;border-spacing: initial;width: initial\"><\/div>\n<div class=\"ms-editor-squiggler\" style=\"color: initial;font: initial;background: initial;background-blend-mode: initial;border: initial;border-radius: initial;border-collapse: initial;caption-side: initial;clear: initial;columns: initial;column-fill: initial;column-rule: initial;column-span: initial;cursor: initial;flex: initial;flex-flow: initial;float: initial;height: 0px;letter-spacing: initial;margin: initial;max-height: initial;max-width: initial;min-height: initial;min-width: initial;overflow: initial;padding: initial;text-align: initial;text-decoration: initial;text-indent: initial;text-transform: initial;vertical-align: initial;border-spacing: initial;width: initial\"><\/div>\n<div class=\"ms-editor-squiggler\" style=\"color: initial;font: initial;background: initial;background-blend-mode: initial;border: initial;border-radius: initial;border-collapse: initial;caption-side: initial;clear: initial;columns: initial;column-fill: initial;column-rule: initial;column-span: initial;cursor: initial;flex: initial;flex-flow: initial;float: initial;height: 0px;letter-spacing: initial;margin: initial;max-height: initial;max-width: initial;min-height: initial;min-width: initial;overflow: initial;padding: initial;text-align: initial;text-decoration: initial;text-indent: initial;text-transform: initial;vertical-align: initial;border-spacing: initial;width: initial\"><\/div>\n","protected":false},"excerpt":{"rendered":"<p>&nbsp; &nbsp; &nbsp; Roberta Mendes Machado \/\u00a0Curr\u00edculum Lattes Linha de Pesquisa: Educa\u00e7\u00e3o em Artes e Processos de Forma\u00e7\u00e3o Est\u00e9tica Data de nascimento:\u00a0 Texto introdut\u00f3rio: Mestre em Artes Visuais (2016), Especialista em Arte (2015) e Licenciada em Artes Visuais (2011) pela Universidade Federal de Pelotas (UFPEL). Atualmente \u00e9 professora de Arte na Escola Municipal Prof \u00aa [&hellip;]<\/p>\n","protected":false},"author":1258,"featured_media":0,"parent":0,"menu_order":0,"comment_status":"closed","ping_status":"closed","template":"","meta":{"footnotes":""},"class_list":["post-5118","page","type-page","status-publish","hentry"],"_links":{"self":[{"href":"https:\/\/wp.ufpel.edu.br\/ppgartes\/wp-json\/wp\/v2\/pages\/5118","targetHints":{"allow":["GET"]}}],"collection":[{"href":"https:\/\/wp.ufpel.edu.br\/ppgartes\/wp-json\/wp\/v2\/pages"}],"about":[{"href":"https:\/\/wp.ufpel.edu.br\/ppgartes\/wp-json\/wp\/v2\/types\/page"}],"author":[{"embeddable":true,"href":"https:\/\/wp.ufpel.edu.br\/ppgartes\/wp-json\/wp\/v2\/users\/1258"}],"replies":[{"embeddable":true,"href":"https:\/\/wp.ufpel.edu.br\/ppgartes\/wp-json\/wp\/v2\/comments?post=5118"}],"version-history":[{"count":0,"href":"https:\/\/wp.ufpel.edu.br\/ppgartes\/wp-json\/wp\/v2\/pages\/5118\/revisions"}],"wp:attachment":[{"href":"https:\/\/wp.ufpel.edu.br\/ppgartes\/wp-json\/wp\/v2\/media?parent=5118"}],"curies":[{"name":"wp","href":"https:\/\/api.w.org\/{rel}","templated":true}]}}