{"id":5090,"date":"2021-03-20T21:19:38","date_gmt":"2021-03-21T00:19:38","guid":{"rendered":"https:\/\/wp.ufpel.edu.br\/mestradoartesvisuais\/?page_id=5090"},"modified":"2021-03-20T21:19:38","modified_gmt":"2021-03-21T00:19:38","slug":"maria-stella-weikamp-martinelli","status":"publish","type":"page","link":"https:\/\/wp.ufpel.edu.br\/ppgartes\/maria-stella-weikamp-martinelli\/","title":{"rendered":"Maria Stella Weikamp Martinelli"},"content":{"rendered":"<p><a href=\"https:\/\/wp.ufpel.edu.br\/ppgartes\/files\/2021\/03\/turma3_Maria-Stella-Weikamp-Martinelli.png\"><img class=\"wp-image-5811 size-thumbnail alignleft\" src=\"https:\/\/wp.ufpel.edu.br\/ppgartes\/files\/2021\/03\/turma3_Maria-Stella-Weikamp-Martinelli-200x200.png\" alt=\"\" width=\"200\" height=\"200\" srcset=\"https:\/\/wp.ufpel.edu.br\/ppgartes\/files\/2021\/03\/turma3_Maria-Stella-Weikamp-Martinelli-200x200.png 200w, https:\/\/wp.ufpel.edu.br\/ppgartes\/files\/2021\/03\/turma3_Maria-Stella-Weikamp-Martinelli-400x400.png 400w, https:\/\/wp.ufpel.edu.br\/ppgartes\/files\/2021\/03\/turma3_Maria-Stella-Weikamp-Martinelli.png 500w\" sizes=\"(max-width: 200px) 100vw, 200px\" \/><\/a><\/p>\n<p>&nbsp;<\/p>\n<p>&nbsp;<\/p>\n<p>&nbsp;<\/p>\n<p><span style=\"font-family: georgia, palatino, serif;font-size: 12pt\"><span style=\"font-size: 18pt\"><strong><span style=\"font-family: 'trebuchet ms', geneva, sans-serif\">Maria Stella Weikamp Martinelli <span style=\"font-size: 10pt;color: #999999\">\/\u00a0<\/span><\/span><\/strong><\/span><span style=\"font-family: 'trebuchet ms', geneva, sans-serif;font-size: 10pt\"><a href=\"http:\/\/lattes.cnpq.br\/4204220549295084\" target=\"_blank\" rel=\"noopener noreferrer\"><span style=\"color: #999999\">Curr\u00edculum Lattes<\/span><\/a><br \/>\n<strong>Linha de Pesquisa<\/strong>: <a href=\"https:\/\/wp.ufpel.edu.br\/mestradoartesvisuais\/linhas-de-pesquisa\/educacao-em-artes-e-processos-de-formacao-estetica\/\">Educa\u00e7\u00e3o em Artes e Processos de Forma\u00e7\u00e3o Est\u00e9tica<\/a><br \/>\n<\/span><\/span><span style=\"font-family: georgia, palatino, serif;font-size: 12pt\"><span style=\"font-family: 'trebuchet ms', geneva, sans-serif;font-size: 10pt\"><strong>Data de nascimento:\u00a0<\/strong><\/span><\/span><\/p>\n<p style=\"text-align: justify\"><span style=\"font-family: 'trebuchet ms', geneva, sans-serif;font-size: 10pt\"><strong>Texto introdut\u00f3rio:<\/strong> Gradua\u00e7\u00e3o Licenciatura em Artes Visuais Universidade Federal de Pelotas UFPEL (2011); Mestrado em Artes Visuais Universidade Federal de Pelotas UFPEL (2016); Especialista em Neuropsicopedagogia Cl\u00ednica UNINTER (2019);Especialista em Praticas Integrativa Complementares em Sa\u00fade UNINTER (2020). Concursada desde 2014 da Prefeitura Municipal de Pelotas, atua como T\u00e9cnica Superior em Artes. Tem experi\u00eancia na \u00e1rea de sa\u00fade mental em oficinas terap\u00eautica com crian\u00e7as e adolescentes. Astr\u00f3loga. (Texto extra\u00eddo diretamente da plataforma Lattes)<\/span><\/p>\n<hr \/>\n<p><span style=\"font-family: 'trebuchet ms', geneva, sans-serif;font-size: 10pt\"><strong>T\u00edtulo da disserta\u00e7\u00e3o<br \/>\n<a href=\"http:\/\/guaiaca.ufpel.edu.br\/bitstream\/prefix\/3683\/1\/Maria%20Stella_Weikamp_Martinelli_Disserta%c3%a7%c3%a3o.pdf\" target=\"_blank\" rel=\"noopener noreferrer\"><span style=\"font-size: 14pt\">Oficina express\u00e3o do sens\u00edvel pais e filhos: uma abordagem Junguiana da arte na sa\u00fade mental atrav\u00e9s do mapa astral no caps-I da cidade de Pelotas <\/span><\/a><\/strong><br \/>\n<\/span><span style=\"font-family: 'trebuchet ms', geneva, sans-serif;font-size: 10pt\"><strong>Orientador(a):<\/strong> <a href=\"https:\/\/wp.ufpel.edu.br\/mestradoartesvisuais\/4766-2\/\" target=\"_blank\" rel=\"noopener noreferrer\">Prof. Dr. Cl\u00e1udio Tarouco de Azevedo (PPGAV\/UFPel)<\/a><br \/>\n<strong>Coorientador(a): <\/strong>Prof. Dr. Jacques Henri Maurice Gauthier (UNIJORGE)<br \/>\n<\/span><\/p>\n<p style=\"text-align: justify\"><span style=\"font-family: 'trebuchet ms', geneva, sans-serif;font-size: 10pt\"><strong>RESUMO<\/strong><br \/>\nA presente pesquisa teve como objetivo investigar de que modo a arte influencia para fortalecer os la\u00e7os afetivos dos usu\u00e1rios do servi\u00e7o de Centro de Aten\u00e7\u00e3o Psicossocial Infantojuvenil (CAPS-i) da cidade de Pelotas, RS. O CAPS-i \u00e9 um servi\u00e7o do Sistema \u00danico de Sa\u00fade da Rede de Aten\u00e7\u00e3o em Sa\u00fade Mental da Prefeitura Municipal de Pelotas, tem como miss\u00e3o desenvolver um trabalho amparado nas novas diretrizes de atendimento \u00e0 comunidade infantojuvenil que sofre de transtornos mentais graves. O estudo qualitativo foi desenvolvido nas oficinas de arte do CAPS-i de Pelotas, por meio de pr\u00e1ticas art\u00edsticas e corporais. A metodologia no decorrer do processo se delineou como m\u00e9todo da cartografia, o qual possibilitou, n\u00e3o apenas analisar os dados produzidos pelos usu\u00e1rios do servi\u00e7o de maneira rizom\u00e1tica (Gilles Deleuze), mas tamb\u00e9m acompanhar os processos investigativos e as pr\u00f3prias implica\u00e7\u00f5es da pesquisadora. Foi realizada uma entrevista e observa\u00e7\u00f5es nos Centros de Refer\u00eancia em Sa\u00fade Mental do Rio Grande do Sul. A produ\u00e7\u00e3o dos dados ocorreu de setembro a dezembro de 2015, por meio das oficinas Caixa de Pandora e Minotauro, em que os mitos falam sobre sentimentos, uma oportunidade das crian\u00e7as experiment\u00e1-los de forma l\u00fadica atrav\u00e9s da linguagem do corpo. A oficina Imagens do Inconsciente possibilitou um estudo sobre mandalas e astrologia, que promoveu subjetividades no grupo, experimentadas por meio da linguagem corporal e simb\u00f3lica. Para a cria\u00e7\u00e3o dessas oficinas, contemplei os conhecimentos de Carl Gustav Jung e Nise da Silveira, autores que durante longo tempo investigaram as rela\u00e7\u00f5es entre os processos que se desenrolam no inconsciente e os sentimentos de pessoas em sofrimento ps\u00edquico. Jo\u00e3o Francisco Duarte Jr. atenta para a import\u00e2ncia de uma educa\u00e7\u00e3o da sensibilidade. Para ele uma sociedade n\u00e3o pode estar centrada apenas na raz\u00e3o pura; a experi\u00eancia art\u00edstica possibilita a cria\u00e7\u00e3o de conhecimentos e saberes mais amplos, relacionados a sentimentos humanos. Os estudos de F\u00e9lix Guattari contribu\u00edram para pensar as oficinas de forma a agregar conhecimentos e saberes, por meio de um grupo diversificado composto por m\u00e3es e filhos. A pesquisa resultou na cria\u00e7\u00e3o da \u201cOficina Express\u00e3o do Sens\u00edvel, Pais e Filhos\u201d j\u00e1 em desenvolvimento no CAPS-i. Uma oportunidade para se repensar as pr\u00e1ticas de cuidado na \u00e1rea da sa\u00fade mental, al\u00e9m de reafirmar a arte como promotora de sa\u00fade integral, corpo, mente e esp\u00edrito.<\/span><\/p>\n<p><span style=\"font-family: 'trebuchet ms', geneva, sans-serif;font-size: 10pt\"><strong>Palavras-chave:<\/strong> mitologia; astrologia; caps-i; cuidado; cartografia<\/span><\/p>\n<p><span style=\"font-family: 'trebuchet ms', geneva, sans-serif;font-size: 10pt\"><strong>Banca:<br \/>\n<\/strong><\/span><span style=\"font-family: 'trebuchet ms', geneva, sans-serif;font-size: 10pt\">Profa. Dra. Ivana Maria Nicola Lopes (FURG)<br \/>\nProfa. Dra. Mirela Ribeiro Meira (PPGAV\/UFPel)<\/span><\/p>\n<p><span style=\"font-family: 'trebuchet ms', geneva, sans-serif;font-size: 10pt\"><strong>Data:<\/strong> 26\/agosto\/2016<\/span><\/p>\n<p>&nbsp;<\/p>\n<p>&nbsp;<\/p>\n<h3 style=\"text-align: center\"><span style=\"font-family: 'trebuchet ms', geneva, sans-serif;font-size: 12pt\">Acompanhamento Egresso:<\/span><\/h3>\n<hr \/>\n<div class=\"layout-cell-pad-5 text-align-right\"><\/div>\n<div><\/div>\n<div><\/div>\n<div><\/div>\n<div><\/div>\n<div class=\"layout-cell layout-cell-1 text-align-right\"><\/div>\n<p>&nbsp;<\/p>\n<p>&nbsp;<\/p>\n<p>&nbsp;<\/p>\n<p>&nbsp;<\/p>\n<p>&nbsp;<\/p>\n<p>&nbsp;<\/p>\n<p>&nbsp;<\/p>\n<div class=\"ms-editor-squiggler\" style=\"color: initial;font: initial;background: initial;background-blend-mode: initial;border: initial;border-radius: initial;border-collapse: initial;caption-side: initial;clear: initial;columns: initial;column-fill: initial;column-rule: initial;column-span: initial;cursor: initial;flex: initial;flex-flow: initial;float: initial;height: 0px;letter-spacing: initial;margin: initial;max-height: initial;max-width: initial;min-height: initial;min-width: initial;overflow: initial;padding: initial;text-align: initial;text-decoration: initial;text-indent: initial;text-transform: initial;vertical-align: initial;border-spacing: initial;width: initial\"><\/div>\n<div class=\"ms-editor-squiggler\" style=\"color: initial;font: initial;background: initial;background-blend-mode: initial;border: initial;border-radius: initial;border-collapse: initial;caption-side: initial;clear: initial;columns: initial;column-fill: initial;column-rule: initial;column-span: initial;cursor: initial;flex: initial;flex-flow: initial;float: initial;height: 0px;letter-spacing: initial;margin: initial;max-height: initial;max-width: initial;min-height: initial;min-width: initial;overflow: initial;padding: initial;text-align: initial;text-decoration: initial;text-indent: initial;text-transform: initial;vertical-align: initial;border-spacing: initial;width: initial\"><\/div>\n<div class=\"ms-editor-squiggler\" style=\"color: initial;font: initial;background: initial;background-blend-mode: initial;border: initial;border-radius: initial;border-collapse: initial;caption-side: initial;clear: initial;columns: initial;column-fill: initial;column-rule: initial;column-span: initial;cursor: initial;flex: initial;flex-flow: initial;float: initial;height: 0px;letter-spacing: initial;margin: initial;max-height: initial;max-width: initial;min-height: initial;min-width: initial;overflow: initial;padding: initial;text-align: initial;text-decoration: initial;text-indent: initial;text-transform: initial;vertical-align: initial;border-spacing: initial;width: initial\"><\/div>\n<div class=\"ms-editor-squiggler\" style=\"color: initial;font: initial;background: initial;background-blend-mode: initial;border: initial;border-radius: initial;border-collapse: initial;caption-side: initial;clear: initial;columns: initial;column-fill: initial;column-rule: initial;column-span: initial;cursor: initial;flex: initial;flex-flow: initial;float: initial;height: 0px;letter-spacing: initial;margin: initial;max-height: initial;max-width: initial;min-height: initial;min-width: initial;overflow: initial;padding: initial;text-align: initial;text-decoration: initial;text-indent: initial;text-transform: initial;vertical-align: initial;border-spacing: initial;width: initial\"><\/div>\n<div class=\"ms-editor-squiggler\" style=\"color: initial;font: initial;background: initial;background-blend-mode: initial;border: initial;border-radius: initial;border-collapse: initial;caption-side: initial;clear: initial;columns: initial;column-fill: initial;column-rule: initial;column-span: initial;cursor: initial;flex: initial;flex-flow: initial;float: initial;height: 0px;letter-spacing: initial;margin: initial;max-height: initial;max-width: initial;min-height: initial;min-width: initial;overflow: initial;padding: initial;text-align: initial;text-decoration: initial;text-indent: initial;text-transform: initial;vertical-align: initial;border-spacing: initial;width: initial\"><\/div>\n<div class=\"ms-editor-squiggler\" style=\"color: initial;font: initial;background: initial;background-blend-mode: initial;border: initial;border-radius: initial;border-collapse: initial;caption-side: initial;clear: initial;columns: initial;column-fill: initial;column-rule: initial;column-span: initial;cursor: initial;flex: initial;flex-flow: initial;float: initial;height: 0px;letter-spacing: initial;margin: initial;max-height: initial;max-width: initial;min-height: initial;min-width: initial;overflow: initial;padding: initial;text-align: initial;text-decoration: initial;text-indent: initial;text-transform: initial;vertical-align: initial;border-spacing: initial;width: initial\"><\/div>\n<div class=\"ms-editor-squiggler\" style=\"color: initial;font: initial;background: initial;background-blend-mode: initial;border: initial;border-radius: initial;border-collapse: initial;caption-side: initial;clear: initial;columns: initial;column-fill: initial;column-rule: initial;column-span: initial;cursor: initial;flex: initial;flex-flow: initial;float: initial;height: 0px;letter-spacing: initial;margin: initial;max-height: initial;max-width: initial;min-height: initial;min-width: initial;overflow: initial;padding: initial;text-align: initial;text-decoration: initial;text-indent: initial;text-transform: initial;vertical-align: initial;border-spacing: initial;width: initial\"><\/div>\n<div class=\"ms-editor-squiggler\" style=\"color: initial;font: initial;background: initial;background-blend-mode: initial;border: initial;border-radius: initial;border-collapse: initial;caption-side: initial;clear: initial;columns: initial;column-fill: initial;column-rule: initial;column-span: initial;cursor: initial;flex: initial;flex-flow: initial;float: initial;height: 0px;letter-spacing: initial;margin: initial;max-height: initial;max-width: initial;min-height: initial;min-width: initial;overflow: initial;padding: initial;text-align: initial;text-decoration: initial;text-indent: initial;text-transform: initial;vertical-align: initial;border-spacing: initial;width: initial\"><\/div>\n","protected":false},"excerpt":{"rendered":"<p>&nbsp; &nbsp; &nbsp; Maria Stella Weikamp Martinelli \/\u00a0Curr\u00edculum Lattes Linha de Pesquisa: Educa\u00e7\u00e3o em Artes e Processos de Forma\u00e7\u00e3o Est\u00e9tica Data de nascimento:\u00a0 Texto introdut\u00f3rio: Gradua\u00e7\u00e3o Licenciatura em Artes Visuais Universidade Federal de Pelotas UFPEL (2011); Mestrado em Artes Visuais Universidade Federal de Pelotas UFPEL (2016); Especialista em Neuropsicopedagogia Cl\u00ednica UNINTER (2019);Especialista em Praticas Integrativa [&hellip;]<\/p>\n","protected":false},"author":1258,"featured_media":0,"parent":0,"menu_order":0,"comment_status":"closed","ping_status":"closed","template":"","meta":{"footnotes":""},"class_list":["post-5090","page","type-page","status-publish","hentry"],"_links":{"self":[{"href":"https:\/\/wp.ufpel.edu.br\/ppgartes\/wp-json\/wp\/v2\/pages\/5090","targetHints":{"allow":["GET"]}}],"collection":[{"href":"https:\/\/wp.ufpel.edu.br\/ppgartes\/wp-json\/wp\/v2\/pages"}],"about":[{"href":"https:\/\/wp.ufpel.edu.br\/ppgartes\/wp-json\/wp\/v2\/types\/page"}],"author":[{"embeddable":true,"href":"https:\/\/wp.ufpel.edu.br\/ppgartes\/wp-json\/wp\/v2\/users\/1258"}],"replies":[{"embeddable":true,"href":"https:\/\/wp.ufpel.edu.br\/ppgartes\/wp-json\/wp\/v2\/comments?post=5090"}],"version-history":[{"count":0,"href":"https:\/\/wp.ufpel.edu.br\/ppgartes\/wp-json\/wp\/v2\/pages\/5090\/revisions"}],"wp:attachment":[{"href":"https:\/\/wp.ufpel.edu.br\/ppgartes\/wp-json\/wp\/v2\/media?parent=5090"}],"curies":[{"name":"wp","href":"https:\/\/api.w.org\/{rel}","templated":true}]}}