{"id":4837,"date":"2021-03-20T07:05:03","date_gmt":"2021-03-20T10:05:03","guid":{"rendered":"https:\/\/wp.ufpel.edu.br\/mestradoartesvisuais\/?page_id=4837"},"modified":"2021-03-20T07:05:03","modified_gmt":"2021-03-20T10:05:03","slug":"thiago-silva-de-amorim-jesus","status":"publish","type":"page","link":"https:\/\/wp.ufpel.edu.br\/ppgartes\/thiago-silva-de-amorim-jesus\/","title":{"rendered":"Thiago Silva de Amorim Jesus"},"content":{"rendered":"<p><span style=\"font-family: georgia, palatino, serif;font-size: 12pt\"><strong><a href=\"https:\/\/wp.ufpel.edu.br\/ppgartes\/files\/2022\/03\/Foto-Thiago-site.jpeg\"><img class=\"alignnone wp-image-8606\" src=\"https:\/\/wp.ufpel.edu.br\/ppgartes\/files\/2022\/03\/Foto-Thiago-site-326x400.jpeg\" alt=\"\" width=\"202\" height=\"248\" srcset=\"https:\/\/wp.ufpel.edu.br\/ppgartes\/files\/2022\/03\/Foto-Thiago-site-326x400.jpeg 326w, https:\/\/wp.ufpel.edu.br\/ppgartes\/files\/2022\/03\/Foto-Thiago-site-835x1024.jpeg 835w, https:\/\/wp.ufpel.edu.br\/ppgartes\/files\/2022\/03\/Foto-Thiago-site-768x942.jpeg 768w, https:\/\/wp.ufpel.edu.br\/ppgartes\/files\/2022\/03\/Foto-Thiago-site.jpeg 1044w\" sizes=\"(max-width: 202px) 100vw, 202px\" \/><\/a> <\/strong><\/span><span style=\"font-family: georgia, palatino, serif;font-size: 12pt\"><span style=\"font-size: 18pt\"><strong><span style=\"font-family: 'trebuchet ms', geneva, sans-serif\">Thiago Silva de Amorim Jesus <span style=\"font-size: 10pt;color: #999999\">\/\u00a0<\/span><\/span><\/strong><\/span><span style=\"font-family: 'trebuchet ms', geneva, sans-serif;font-size: 10pt\"><span style=\"color: #999999\"><a style=\"color: #999999\" href=\"http:\/\/lattes.cnpq.br\/0073480063679881\" target=\"_blank\" rel=\"noopener noreferrer\">Curr\u00edculum Lattes<\/a><\/span><br \/>\n<strong>Linha de Pesquisa<\/strong>: <a href=\"https:\/\/wp.ufpel.edu.br\/mestradoartesvisuais\/linhas-de-pesquisa\/#lp-processos-de-criacao\" target=\"_blank\" rel=\"noopener\">Processos de Cria\u00e7\u00e3o e Po\u00e9ticas do Cotidiano<\/a><br \/>\n<\/span><\/span><span style=\"font-family: georgia, palatino, serif;font-size: 12pt\"><span style=\"font-family: 'trebuchet ms', geneva, sans-serif;font-size: 10pt\"><strong>Vincula\u00e7\u00e3o institucional<\/strong>: Professor Associado na Universidade Federal de Pelotas<\/span><\/span><\/p>\n<p><span style=\"font-family: georgia, palatino, serif;font-size: 12pt\"><span style=\"font-family: 'trebuchet ms', geneva, sans-serif;font-size: 10pt\"><strong><br \/>\nForma\u00e7\u00e3o acad\u00eamica<\/strong><br \/>\nPossui Doutorado (2013) e Mestrado em Ci\u00eancias da Linguagem (2009) pela Universidade do Sul de Santa Catarina (UNISUL); Especializa\u00e7\u00e3o em Interdisciplinaridade e Linguagens (2004) e Gradua\u00e7\u00e3o em Dan\u00e7a \u2013 Licenciatura Plena (2002) pela Universidade de Cruz Alta (UNICRUZ).<\/span><\/span><\/p>\n<p><span style=\"font-family: georgia, palatino, serif;font-size: 12pt\"><span style=\"font-family: 'trebuchet ms', geneva, sans-serif;font-size: 10pt\"><strong>E-mail<\/strong>: thiago.amorim@ufpel.edu.br<\/span><\/span><\/p>\n<hr \/>\n<p><span style=\"font-family: georgia, palatino, serif;font-size: 12pt\"><span style=\"font-family: 'trebuchet ms', geneva, sans-serif\"><strong>PROJETOS DE PESQUISAS<\/strong><\/span><\/span><\/p>\n<p><span style=\"font-family: georgia, palatino, serif;font-size: 12pt\"><span style=\"font-family: 'trebuchet ms', geneva, sans-serif;font-size: 10pt\"><a href=\"https:\/\/wp.ufpel.edu.br\/mestradoartesvisuais\/projetos-de-pesquisa#pp-poeticas-populares-na-contemporaneidade\"><strong>Po\u00e9ticas populares na contemporaneidade<\/strong><\/a><br \/>\nGrupo de Pesquisa: OMEGA \u2013 Observat\u00f3rio de Mem\u00f3ria, Educa\u00e7\u00e3o, Gesto e Arte<br \/>\n<\/span><\/span><\/p>\n<p><span style=\"font-family: georgia, palatino, serif;font-size: 12pt\"><span style=\"font-family: 'trebuchet ms', geneva, sans-serif;font-size: 10pt\"><a href=\"https:\/\/wp.ufpel.edu.br\/mestradoartesvisuais\/projetos-de-pesquisa#pp-folk-covid\"><strong>FOLK-COVID: Diagn\u00f3stico Internacional sobre os Impactos da Pandemia do Covid-19 em Contextos Folcl\u00f3ricos <\/strong><\/a><br \/>\nGrupo de Pesquisa: OMEGA \u2013 Observat\u00f3rio de Mem\u00f3ria, Educa\u00e7\u00e3o, Gesto e Arte<br \/>\n<\/span><\/span><\/p>\n<hr \/>\n<p><span style=\"font-family: georgia, palatino, serif;font-size: 12pt\"><span style=\"font-family: 'trebuchet ms', geneva, sans-serif\"><strong>GRUPOS DE PESQUISAS<\/strong><\/span><\/span><\/p>\n<p><span style=\"font-family: georgia, palatino, serif;font-size: 12pt\"><span style=\"font-family: 'trebuchet ms', geneva, sans-serif;font-size: 10pt\"><strong>OMEGA \u2013 Observat\u00f3rio de Mem\u00f3ria, Educa\u00e7\u00e3o, Gesto e Arte<\/strong><br \/>\nDocentes participantes: Thiago Silva de Amorim Jesus (L\u00edder); Carmen Anita Hoffmann (Pesquisadora); e Eleonora Campos da Motta Santos (Pesquisadora)<\/span><\/span><\/p>\n<hr \/>\n<p><span style=\"font-family: georgia, palatino, serif;font-size: 12pt\"><span style=\"font-family: 'trebuchet ms', geneva, sans-serif\"><strong>PESQUISAS ORIENTADAS<\/strong><\/span><\/span><\/p>\n<p><span style=\"font-family: georgia, palatino, serif;font-size: 12pt\"><span style=\"font-family: 'trebuchet ms', geneva, sans-serif;font-size: 10pt\"><strong><a href=\"http:\/\/guaiaca.ufpel.edu.br:8080\/handle\/prefix\/8227\" target=\"_blank\" rel=\"noopener\">Toda la piel de Am\u00e9rica en mi piel: po\u00e9ticas etnoperformativas em di\u00e1logo com o Encuentro Am\u00e9rica Unida<\/a><\/strong><br \/>\nOrientanda: <a href=\"https:\/\/wp.ufpel.edu.br\/mestradoartesvisuais\/beliza-gonzales-rocha\/\" target=\"_blank\" rel=\"noopener\">Beliza Gonzales Rocha<\/a>\u00a0(2021)<\/span><\/span><\/p>\n<p><span style=\"font-family: georgia, palatino, serif;font-size: 12pt\"><span style=\"font-family: 'trebuchet ms', geneva, sans-serif;font-size: 10pt\"><strong><a href=\"http:\/\/guaiaca.ufpel.edu.br:8080\/handle\/prefix\/8011\" target=\"_blank\" rel=\"noopener\">Entre as palhas de Xapan\u00e3: sentidos e conex\u00f5es para a cria\u00e7\u00e3o etno-performativa<\/a><\/strong><br \/>\nOrientanda: <a href=\"https:\/\/wp.ufpel.edu.br\/mestradoartesvisuais\/caroline-ribeiro-paz\/\">Caroline Ribeiro Paz<\/a> (2021)<\/span><\/span><\/p>\n<p><span style=\"font-family: georgia, palatino, serif;font-size: 12pt\"><span style=\"font-family: 'trebuchet ms', geneva, sans-serif;font-size: 10pt\"><strong><a href=\"http:\/\/guaiaca.ufpel.edu.br:8080\/handle\/prefix\/6549\" target=\"_blank\" rel=\"noopener noreferrer\">Sobre elas\u2026 sobre mim: percursos etnogr\u00e1fico-performativos sobre\/com o feminino na Col\u00f4nia Z3<\/a><\/strong><br \/>\nOrientanda: <a href=\"https:\/\/wp.ufpel.edu.br\/mestradoartesvisuais\/roberta-pires-rangel\/\">Roberta Pires Rangel<\/a> (2020)<\/span><\/span><\/p>\n<p><span style=\"font-family: georgia, palatino, serif;font-size: 12pt\"><span style=\"font-family: 'trebuchet ms', geneva, sans-serif;font-size: 10pt\"><strong><a href=\"http:\/\/guaiaca.ufpel.edu.br\/bitstream\/prefix\/5510\/1\/JULIANA%20DE%20MORAES%20COELHO_Dissertacao.pdf\" target=\"_blank\" rel=\"noopener noreferrer\">Tornar-se negra: as dan\u00e7as afro no processo de autoidentifica\u00e7\u00e3o e empoderamento \u00e9tnico de uma professorartista<\/a><\/strong><br \/>\nOrientanda: <a href=\"https:\/\/wp.ufpel.edu.br\/mestradoartesvisuais\/juliana-de-moraes-coelho\/\">Juliana de Moraes Coelho<\/a> (2019)<\/span><\/span><\/p>\n<p><span style=\"font-family: georgia, palatino, serif;font-size: 12pt\"><span style=\"font-family: 'trebuchet ms', geneva, sans-serif;font-size: 10pt\"><strong><a href=\"http:\/\/guaiaca.ufpel.edu.br\/handle\/prefix\/5500\" target=\"_blank\" rel=\"noopener noreferrer\">Autoria e contemporaneidade: um jogo coreocartogr\u00e1fico com artistas da dan\u00e7a na Regi\u00e3o Sul do Brasil<\/a><\/strong><br \/>\nOrientando: <a href=\"https:\/\/wp.ufpel.edu.br\/mestradoartesvisuais\/alex-sander-silveira-de-almeida\/\">Alex Sander Silveira de Almeida<\/a> (2019)<\/span><\/span><\/p>\n<div class=\"ms-editor-squiggler\" style=\"color: initial;font: initial;background: initial;background-blend-mode: initial;border: initial;border-radius: initial;border-collapse: initial;caption-side: initial;clear: initial;columns: initial;column-fill: initial;column-rule: initial;column-span: initial;cursor: initial;flex: initial;flex-flow: initial;float: initial;height: 0px;letter-spacing: initial;margin: initial;max-height: initial;max-width: initial;min-height: initial;min-width: initial;overflow: initial;padding: initial;text-align: initial;text-decoration: initial;text-indent: initial;text-transform: initial;vertical-align: initial;border-spacing: initial;width: initial\"><\/div>\n<div class=\"ms-editor-squiggler\" style=\"color: initial;font: initial;background: initial;background-blend-mode: initial;border: initial;border-radius: initial;border-collapse: initial;caption-side: initial;clear: initial;columns: initial;column-fill: initial;column-rule: initial;column-span: initial;cursor: initial;flex: initial;flex-flow: initial;float: initial;height: 0px;letter-spacing: initial;margin: initial;max-height: initial;max-width: initial;min-height: initial;min-width: initial;overflow: initial;padding: initial;text-align: initial;text-decoration: initial;text-indent: initial;text-transform: initial;vertical-align: initial;border-spacing: initial;width: initial\"><\/div>\n","protected":false},"excerpt":{"rendered":"<p>Thiago Silva de Amorim Jesus \/\u00a0Curr\u00edculum Lattes Linha de Pesquisa: Processos de Cria\u00e7\u00e3o e Po\u00e9ticas do Cotidiano Vincula\u00e7\u00e3o institucional: Professor Associado na Universidade Federal de Pelotas Forma\u00e7\u00e3o acad\u00eamica Possui Doutorado (2013) e Mestrado em Ci\u00eancias da Linguagem (2009) pela Universidade do Sul de Santa Catarina (UNISUL); Especializa\u00e7\u00e3o em Interdisciplinaridade e Linguagens (2004) e Gradua\u00e7\u00e3o em [&hellip;]<\/p>\n","protected":false},"author":1258,"featured_media":0,"parent":0,"menu_order":0,"comment_status":"closed","ping_status":"closed","template":"","meta":{"footnotes":""},"class_list":["post-4837","page","type-page","status-publish","hentry"],"_links":{"self":[{"href":"https:\/\/wp.ufpel.edu.br\/ppgartes\/wp-json\/wp\/v2\/pages\/4837","targetHints":{"allow":["GET"]}}],"collection":[{"href":"https:\/\/wp.ufpel.edu.br\/ppgartes\/wp-json\/wp\/v2\/pages"}],"about":[{"href":"https:\/\/wp.ufpel.edu.br\/ppgartes\/wp-json\/wp\/v2\/types\/page"}],"author":[{"embeddable":true,"href":"https:\/\/wp.ufpel.edu.br\/ppgartes\/wp-json\/wp\/v2\/users\/1258"}],"replies":[{"embeddable":true,"href":"https:\/\/wp.ufpel.edu.br\/ppgartes\/wp-json\/wp\/v2\/comments?post=4837"}],"version-history":[{"count":0,"href":"https:\/\/wp.ufpel.edu.br\/ppgartes\/wp-json\/wp\/v2\/pages\/4837\/revisions"}],"wp:attachment":[{"href":"https:\/\/wp.ufpel.edu.br\/ppgartes\/wp-json\/wp\/v2\/media?parent=4837"}],"curies":[{"name":"wp","href":"https:\/\/api.w.org\/{rel}","templated":true}]}}