{"id":4817,"date":"2021-03-20T06:27:42","date_gmt":"2021-03-20T09:27:42","guid":{"rendered":"https:\/\/wp.ufpel.edu.br\/mestradoartesvisuais\/?page_id=4817"},"modified":"2025-07-15T20:58:24","modified_gmt":"2025-07-15T23:58:24","slug":"rosangela-fachel-de-medeiros","status":"publish","type":"page","link":"https:\/\/wp.ufpel.edu.br\/ppgartes\/rosangela-fachel-de-medeiros\/","title":{"rendered":"Ros\u00e2ngela Fachel de Medeiros"},"content":{"rendered":"\n<figure class=\"wp-block-image size-full is-resized is-style-default\"><img width=\"1187\" height=\"1599\" src=\"https:\/\/wp.ufpel.edu.br\/ppgartes\/files\/2025\/07\/FOTO-Rosangela-Fachel-de-Medeiros.jpg\" alt=\"\" class=\"wp-image-11168\" style=\"aspect-ratio:1;object-fit:cover;width:350px\" srcset=\"https:\/\/wp.ufpel.edu.br\/ppgartes\/files\/2025\/07\/FOTO-Rosangela-Fachel-de-Medeiros.jpg 1187w, https:\/\/wp.ufpel.edu.br\/ppgartes\/files\/2025\/07\/FOTO-Rosangela-Fachel-de-Medeiros-297x400.jpg 297w, https:\/\/wp.ufpel.edu.br\/ppgartes\/files\/2025\/07\/FOTO-Rosangela-Fachel-de-Medeiros-760x1024.jpg 760w, https:\/\/wp.ufpel.edu.br\/ppgartes\/files\/2025\/07\/FOTO-Rosangela-Fachel-de-Medeiros-768x1035.jpg 768w, https:\/\/wp.ufpel.edu.br\/ppgartes\/files\/2025\/07\/FOTO-Rosangela-Fachel-de-Medeiros-1140x1536.jpg 1140w\" sizes=\"(max-width: 1187px) 100vw, 1187px\" \/><\/figure>\n\n\n<p style=\"text-align: left;\"><span style=\"font-family: georgia, palatino, serif; font-size: 12pt;\"><span style=\"font-size: 18pt;\"><strong><span style=\"font-family: 'trebuchet ms', geneva, sans-serif;\">Ros\u00e2ngela Fachel de Medeiros <span style=\"font-size: 10pt; color: #999999;\">\/\u00a0<\/span><\/span><\/strong><\/span><span style=\"font-family: 'trebuchet ms', geneva, sans-serif; font-size: 10pt;\"><span style=\"color: #999999;\"><a style=\"color: #999999;\" href=\"http:\/\/lattes.cnpq.br\/4945604072370805\" target=\"_blank\" rel=\"noopener noreferrer\">Curr\u00edculum Lattes<\/a><\/span><br \/><strong>Linha de Pesquisa<\/strong>: <a href=\"https:\/\/wp.ufpel.edu.br\/ppgartes\/linhas-de-pesquisa\/\">Hist\u00f3rias e Teorias das Artes e Transversalidade<\/a><br \/><\/span><\/span><span style=\"font-family: georgia, palatino, serif; font-size: 12pt;\"><span style=\"font-family: 'trebuchet ms', geneva, sans-serif; font-size: 10pt;\"><strong>E-mail<\/strong>: rosangelafachel@gmail.com<\/span><\/span><\/p>\n<p style=\"text-align: left;\"><span style=\"font-family: georgia, palatino, serif; font-size: 12pt;\"><span style=\"font-family: 'trebuchet ms', geneva, sans-serif; font-size: 10pt;\"><strong><br \/>Forma\u00e7\u00e3o acad\u00eamica<\/strong><br \/>Graduada em Comunica\u00e7\u00e3o Social pela Pontif\u00edcia Universidade Cat\u00f3lica do Rio Grande do Sul (PUCRS) com mestrado e doutorado em Literatura Comparada pela Universidade Federal do Rio Grande do Sul (UFRGS\/CAPES). Professora do Programa de P\u00f3s-gradua\u00e7\u00e3o em Letras da Universidade Regional Integrada do Alto Uruguai e das Miss\u00f5es (URI\/FW), de 2015 a 2018, professora visitante do Programa de P\u00f3s-gradua\u00e7\u00e3o em Artes Visuais (PPGAVI) da Universidade Federal de Pelotas (UFPel), de 2018 a 2020; e professora visitante do Programa de P\u00f3s-gradua\u00e7\u00e3o em em Artes (PPGArtes) da Universidade Federal de Pelotas (UFPel) de 2023 a 2025. Atualmente, atua como professora volunt\u00e1ria do PPGArtes da UFPel e como Codiretora da Red Iberoamericana de Investigaci\u00f3n en Narrativas Audiovisuales (RedINAV), ap\u00f3s haver atuado em sua Comiss\u00e3o Executiva como representante do Comit\u00ea de Comunica\u00e7\u00e3o (de 2021 a 2023). Integra a Red Iberoamericana de Videodanza (REDIV); a Red de Investigadores sobre Cinema Latinoamericano (RICiLa) e a Red de investigaci\u00f3n del Audiovisual hecho por Mujeres en Am\u00e9rica Latina (RAMA). Col\u00edder do grupo de pesquisa CNPq Audiovisual Latino-Americano no S\u00e9culo XXI &#8211; OfCine (IFRS &#8211; Campus Rio Grande e participa como pesquisadora dos GPs Caixa de Pandora (CNPq, UFPel), GIPE-Corpo (CNPq, UFBA), PRALA &#8211; Plataforma de Reflex\u00e3o sobre o Audiovisual Latino-Americano (CNPq, UFF). Atua em comit\u00eas editorias de revistas nacionais e internacionais, foi editora da Revista L\u00edngua e Literatura, do PPGLetras, URI\/FW, de 2015 a 2018, e \u00e9 coeditora da Revista Paralelo 31, do PPGAVI, UFPel, desde 2018. Foi idealizadora, organizadora e coordenadora das duas primeiras edi\u00e7\u00f5es da #PartiuCinema Mostra Internacional de Cinema URI\/SESC-FW, em parceria com a Secretaria de Educa\u00e7\u00e3o, realizadas em Frederico Westphalen, RS. Idealizadora e codiretora do Festival Internacional de Videoarte SPMAV (UFPel) e do Festival Internacional de Videodan\u00e7a FIVRS (UFPel). Colaboradora do Fantaspoa (Porto Alegre, Brasil), do Cinevers\u00e1til Festival Internacional de Curtas sobre Diversidade (Argentina\/Venezuela) e do Festverde (Venezuela), tendo atuado tamb\u00e9m nos festivais FAM Florian\u00f3polis Audiovisual Mercosul (Florian\u00f3polis, Brasil), FRESTA (FURG, Rio Grande, Brasil), FIS-MED Festival Internacional de SeriesWeb (Medell\u00edn, Col\u00f4mbia), Festival de Cine de la Orqu\u00eddea (Cuenca, Equador), Festival Internacional Corporalidad Expandida (Buenos Aires, Argentina), PLAY Festival Internacional de Videoarte e Video Experimental (Corrientes, Argentina) e Festival Internacional de Cinema Austral (Cordoba, Argentina), Festival Internacional Audiovisual (Bogot\u00e1, Col\u00f4mbia).<br \/><\/span><\/span><\/p>\n<p>\u00a0<\/p>\n<hr \/>\n<p style=\"text-align: left;\"><span style=\"font-family: georgia, palatino, serif; font-size: 12pt;\"><span style=\"font-family: 'trebuchet ms', geneva, sans-serif;\"><strong>PROJETOS DE PESQUISAS<\/strong><\/span><\/span><\/p>\n<p style=\"padding-left: 40px; text-align: left;\"><span style=\"font-family: georgia, palatino, serif; font-size: 12pt;\"><span style=\"font-family: 'trebuchet ms', geneva, sans-serif; font-size: 10pt;\"><strong>\ud83d\udcc2 <a href=\"https:\/\/institucional.ufpel.edu.br\/projetos\/id\/u2878\">A casa, as janelas e as redes sociais como continentes dos fazeres e da partilha da arte contempor\u00e2nea durante e ap\u00f3s a pandemia do COVID -19, a partir do sul do Brasil.<\/a><\/strong><br \/>Grupo de Pesquisa:\u00a0<\/span><\/span><\/p>\n<p style=\"padding-left: 40px; text-align: left;\"><span style=\"font-family: georgia, palatino, serif; font-size: 12pt;\"><span style=\"font-family: 'trebuchet ms', geneva, sans-serif; font-size: 10pt;\"><strong>\ud83d\udcc2 <a href=\"https:\/\/institucional.ufpel.edu.br\/projetos\/id\/u7482\">As artistas da EBA: processos criativos e a\u00e7\u00f5es interdisciplinares<\/a><\/strong><br \/>Grupo de Pesquisa:\u00a0<\/span><\/span><\/p>\n<p style=\"padding-left: 40px; text-align: left;\"><span style=\"font-family: georgia, palatino, serif; font-size: 12pt;\"><span style=\"font-family: 'trebuchet ms', geneva, sans-serif; font-size: 10pt;\"><strong>\ud83d\udcc2 <a href=\"https:\/\/institucional.ufpel.edu.br\/projetos\/id\/u2272\">Leituras do drama contempor\u00e2neo<\/a><\/strong><br \/>Grupo de Pesquisa:\u00a0<\/span><\/span><\/p>\n<p style=\"padding-left: 40px; text-align: left;\"><span style=\"font-family: georgia, palatino, serif; font-size: 12pt;\"><span style=\"font-family: 'trebuchet ms', geneva, sans-serif; font-size: 10pt;\"><strong>\ud83d\udcc2 <a href=\"https:\/\/institucional.ufpel.edu.br\/projetos\/id\/u6745\">Media\u00e7\u00e3o cultural, educa\u00e7\u00e3o est\u00e9tica e processos educacionais em Arte<\/a><\/strong><br \/>Grupo de Pesquisa:\u00a0<\/span><\/span><\/p>\n<p style=\"padding-left: 40px; text-align: left;\"><span style=\"font-family: georgia, palatino, serif; font-size: 12pt;\"><span style=\"font-family: 'trebuchet ms', geneva, sans-serif; font-size: 10pt;\"><strong>\ud83d\udcc2 <a href=\"https:\/\/institucional.ufpel.edu.br\/projetos\/id\/u7757\">MULHERES INSCREVEM: po\u00e9ticas feministas nas artes visuais<\/a><\/strong><br \/>Grupo de Pesquisa:\u00a0<\/span><\/span><\/p>\n<p style=\"padding-left: 40px; text-align: left;\"><span style=\"font-family: georgia, palatino, serif; font-size: 12pt;\"><span style=\"font-family: 'trebuchet ms', geneva, sans-serif; font-size: 10pt;\"><strong>\ud83d\udcc2 <span style=\"color: #ff0000;\">[ENCERRADO]<\/span> <span style=\"color: #999999;\"><a style=\"color: #999999;\" href=\"https:\/\/institucional.ufpel.edu.br\/projetos\/id\/p9751\">Narrativas AudioVisuais Contempor\u00e2neas \u2013 enquadramentos, po\u00e9ticas e converg\u00eancias latino-americanos<\/a><\/span><\/strong><br \/><span style=\"color: #999999;\">Grupo de Pesquisa:\u00a0<\/span><\/span><\/span><\/p>\n<p style=\"padding-left: 40px; text-align: left;\"><span style=\"font-family: georgia, palatino, serif; font-size: 12pt;\"><span style=\"font-family: 'trebuchet ms', geneva, sans-serif; font-size: 10pt;\"><strong>\ud83d\udcc2\u00a0<a href=\"https:\/\/institucional.ufpel.edu.br\/projetos\/id\/u7130\">Pr\u00e1ticas Performativas e Rela\u00e7\u00f5es \u00c9tnico-Raciais<\/a><\/strong><br \/>Grupo de Pesquisa:\u00a0<\/span><\/span><\/p>\n<p style=\"padding-left: 40px; text-align: left;\"><span style=\"font-family: georgia, palatino, serif; font-size: 12pt;\"><span style=\"font-family: 'trebuchet ms', geneva, sans-serif; font-size: 10pt;\"><strong>\ud83d\udcc2 <span style=\"color: #ff0000;\">[ENCERRADO]<\/span> <span style=\"color: #999999;\"><a style=\"color: #999999;\" href=\"https:\/\/institucional.ufpel.edu.br\/projetos\/id\/p10583\">Visualidades tecidas pelos corpos po\u00e9ticos na contemporaneidade<\/a><\/span><\/strong><br \/><span style=\"color: #999999;\">Grupo de Pesquisa:\u00a0<\/span><\/span><\/span><\/p>\n<p>\u00a0<\/p>\n<hr \/>\n<p style=\"text-align: left;\"><span style=\"font-family: georgia, palatino, serif; font-size: 12pt;\"><span style=\"font-family: 'trebuchet ms', geneva, sans-serif;\"><strong>GRUPOS DE PESQUISAS<\/strong><\/span><\/span><\/p>\n<p style=\"padding-left: 40px; text-align: left;\"><span style=\"font-family: georgia, palatino, serif; font-size: 12pt;\"><span style=\"font-family: 'trebuchet ms', geneva, sans-serif; font-size: 10pt;\"><strong>\ud83d\uddc2\ufe0f <a href=\"http:\/\/dgp.cnpq.br\/dgp\/espelhogrupo\/42002\" target=\"_blank\" rel=\"noopener\">Audiovisual Latino-Americano no S\u00e9culo XXI &#8211; OfCine<\/a><br \/><\/strong><\/span><\/span><span style=\"font-family: 'trebuchet ms', geneva, sans-serif; font-size: 10pt;\">L\u00edder(es) do grupo: Raquel Andrade Ferreira, Ros\u00e2ngela Fachel de Medeiros<\/span><\/p>\n<p style=\"padding-left: 40px; text-align: left;\"><span style=\"font-family: georgia, palatino, serif; font-size: 12pt;\"><span style=\"font-family: 'trebuchet ms', geneva, sans-serif; font-size: 10pt;\"><strong>\ud83d\uddc2\ufe0f <a href=\"http:\/\/dgp.cnpq.br\/dgp\/espelhogrupo\/6870585634065883\" target=\"_blank\" rel=\"noopener\">Caixa de Pandora: Estudos em Arte, g\u00eanero e Mem\u00f3ria<\/a><br \/><\/strong><\/span><\/span><span style=\"font-family: 'trebuchet ms', geneva, sans-serif; font-size: 10pt;\">L\u00edder(es) do grupo: Ursula Rosa da Silva, N\u00e1dia da Cruz Senna<br \/><\/span><span style=\"font-family: georgia, palatino, serif; font-size: 12pt;\"><span style=\"font-family: 'trebuchet ms', geneva, sans-serif; font-size: 10pt;\">Docentes participantes: Caroline Leal Bonilha, <a href=\"https:\/\/wp.ufpel.edu.br\/ppgartes\/larissa-patron-chaves\/\">Larissa Patron Chaves<\/a>, <a href=\"https:\/\/wp.ufpel.edu.br\/ppgartes\/rosangela-fachel-de-medeiros\/\">Ros\u00e2ngela Fachel de Medeiros<\/a> e Thays Tonin (UFSM)<\/span><\/span><\/p>\n<p style=\"padding-left: 40px; text-align: left;\"><span style=\"font-family: georgia, palatino, serif; font-size: 12pt;\"><span style=\"font-family: 'trebuchet ms', geneva, sans-serif; font-size: 10pt;\"><strong>\ud83d\uddc2\ufe0f <a href=\"http:\/\/dgp.cnpq.br\/dgp\/espelhogrupo\/477157\" target=\"_blank\" rel=\"noopener\">GIPE-Corpo<\/a>\u00a0(UFBa\/CNPq)<br \/><\/strong><\/span><\/span><span style=\"font-family: 'trebuchet ms', geneva, sans-serif; font-size: 10pt;\">L\u00edder(es) do grupo: Leonardo Jose Sebiane Serrano, Ciane Fernandes<br \/><\/span><\/p>\n<p style=\"padding-left: 40px; text-align: left;\"><span style=\"font-family: georgia, palatino, serif; font-size: 12pt;\"><span style=\"font-family: 'trebuchet ms', geneva, sans-serif; font-size: 10pt;\"><strong>\ud83d\uddc2\ufe0f <a href=\"http:\/\/dgp.cnpq.br\/dgp\/espelhogrupo\/802539\" target=\"_blank\" rel=\"noopener\">Narrativas sens\u00edveis: um estudo sobre a condi\u00e7\u00e3o humana (NASEN)<\/a><br \/><\/strong><\/span><\/span><span style=\"font-family: 'trebuchet ms', geneva, sans-serif; font-size: 10pt;\">L\u00edder(es) do grupo: Jana\u00edna de Azevedo Balad\u00e3o <\/span><\/p>\n<p style=\"padding-left: 40px; text-align: left;\"><span style=\"font-family: georgia, palatino, serif; font-size: 12pt;\"><span style=\"font-family: 'trebuchet ms', geneva, sans-serif; font-size: 10pt;\"><strong>\ud83d\uddc2\ufe0f <a href=\"http:\/\/dgp.cnpq.br\/dgp\/espelhogrupo\/734594\" target=\"_blank\" rel=\"noopener\">PRALA &#8211; Plataforma de Reflex\u00e3o sobre o Audiovisual Latino-Americano<\/a> (UFF\/CNPq)<br \/><\/strong><\/span><\/span><span style=\"font-family: 'trebuchet ms', geneva, sans-serif; font-size: 10pt;\">L\u00edder(es) do grupo: Fabi\u00e1n Rodrigo Magioli N\u00fa\u00f1ez<br \/><\/span><\/p>\n<p style=\"padding-left: 40px; text-align: left;\"><span style=\"font-family: georgia, palatino, serif; font-size: 12pt;\"><span style=\"font-family: 'trebuchet ms', geneva, sans-serif; font-size: 10pt;\"><strong>\ud83d\uddc2\ufe0f Red Iberoamericana de Investigaci\u00f3n en narrativas audivisuales &#8211; RedINA<br \/><\/strong><\/span><\/span><span style=\"font-family: 'trebuchet ms', geneva, sans-serif; font-size: 10pt;\">L\u00edder(es) do grupo: Ros\u00e2ngela Fachel de Medeiros, Gabriela Fabbro<\/span><\/p>\n<p>\u00a0<\/p>\n<hr \/>\n<p style=\"text-align: left;\"><span style=\"font-family: georgia, palatino, serif; font-size: 12pt;\"><span style=\"font-family: 'trebuchet ms', geneva, sans-serif;\"><strong>PESQUISAS ORIENTADAS<\/strong><\/span><\/span><\/p>\n<p style=\"padding-left: 40px; text-align: left;\"><span style=\"font-size: revert; text-align: justify;\">MESTRADO<\/span><\/p>\n<p style=\"padding-left: 40px; text-align: left;\"><span style=\"font-family: georgia, palatino, serif; font-size: 12pt;\"><span style=\"font-family: 'trebuchet ms', geneva, sans-serif; font-size: 10pt;\"><strong>\ud83d\udcd9 <\/strong><a href=\"http:\/\/guaiaca.ufpel.edu.br\/handle\/prefix\/8490\" target=\"_blank\" rel=\"noopener\"><strong>Ser gordo gay, do instagram ao p\u00f3s-porn\u00f4: s\u00f3 vulgaridades<\/strong><\/a><br \/>Orientando: Cesar Augusto Couto Bittencourt Junior\u00a0(2022)<\/span><\/span><\/p>\n<p style=\"padding-left: 40px; text-align: left;\"><span style=\"font-family: georgia, palatino, serif; font-size: 12pt;\"><span style=\"font-family: 'trebuchet ms', geneva, sans-serif; font-size: 10pt;\"><strong>\ud83d\udcd9 O Di\u00e1rio Perverso &#8211; Narrativas Visuais Desviantes<\/strong><br \/>Orientando: Giovanni Fonseca Bosica<\/span><\/span><\/p>\n<p style=\"padding-left: 40px; text-align: left;\"><span style=\"font-family: georgia, palatino, serif; font-size: 12pt;\"><span style=\"font-family: 'trebuchet ms', geneva, sans-serif; font-size: 10pt;\"><strong>\ud83d\udcd9 N\u00e3o pretendo nada com isso! po\u00e9ticas visuais para encontros com Bag\u00e9<\/strong><br \/>Orientando: Wagner Ferreira Previtali<\/span><\/span><\/p>\n<p style=\"padding-left: 40px; text-align: left;\"><span style=\"font-family: georgia, palatino, serif; font-size: 12pt;\"><span style=\"font-family: 'trebuchet ms', geneva, sans-serif; font-size: 10pt;\"><strong>\ud83d\udcd9 Supermachos: as masculinidades em New X-Men, de Grant Morrison<\/strong><br \/>Orientando: F\u00e1bio Ortiz Goulart<\/span><\/span><\/p>\n<p>\u00a0<\/p>\n<div id=\"block-2770522d-66c1-4baa-9918-ba28a38be565\" class=\"block-editor-block-list__block wp-block wp-block-freeform\" style=\"text-align: left;\" role=\"document\" aria-label=\"Bloco: Cl\u00e1ssico\" data-block=\"2770522d-66c1-4baa-9918-ba28a38be565\" data-type=\"core\/freeform\" data-title=\"Cl\u00e1ssico\">\n<div id=\"editor-2770522d-66c1-4baa-9918-ba28a38be565\" class=\"wp-block-freeform block-library-rich-text__tinymce mce-content-body html5-captions\">\n<p style=\"padding-left: 40px; text-align: left;\"><span style=\"font-size: revert; text-align: justify;\">COORIENTA\u00c7\u00c3O<\/span><\/p>\n<\/div>\n<\/div>\n<p style=\"padding-left: 40px; text-align: left;\"><span style=\"font-family: georgia, palatino, serif; font-size: 12pt;\"><span style=\"font-family: 'trebuchet ms', geneva, sans-serif; font-size: 10pt;\"><strong>\ud83d\udcd9 Po\u00e9ticas visuais: enquadramentos femininos em videodan\u00e7a<\/strong><br \/>Orientando: Luana Echevengu\u00e1 Arrieche<br \/>Curso:\u00a0<\/span><\/span><\/p>\n<p style=\"padding-left: 40px; text-align: left;\"><span style=\"font-family: georgia, palatino, serif; font-size: 12pt;\"><span style=\"font-family: 'trebuchet ms', geneva, sans-serif; font-size: 10pt;\"><strong>\ud83d\udcd9 Nebulosa autoficcional: hesita\u00e7\u00f5es e [trans] midiatiza\u00e7\u00f5es po\u00e9ticas visuais<\/strong><br \/>Orientando: Andr\u00e9 Martins Ziegler<br \/>Curso:\u00a0<\/span><\/span><\/p>\n<p style=\"padding-left: 40px; text-align: left;\"><span style=\"font-family: georgia, palatino, serif; font-size: 12pt;\"><span style=\"font-family: 'trebuchet ms', geneva, sans-serif; font-size: 10pt;\"><strong>\ud83d\udcd9 Narrativa em expans\u00e3o sobre o Passo dos Negros, em Pelotas, RS: artescreviv\u00eancias de uma artista transm\u00eddia negra<\/strong><br \/>Orientando: Ana Paula Siga Langone<br \/>Curso:\u00a0<\/span><\/span><\/p>\n<p style=\"padding-left: 40px; text-align: left;\"><span style=\"font-family: georgia, palatino, serif; font-size: 12pt;\"><span style=\"font-family: 'trebuchet ms', geneva, sans-serif; font-size: 10pt;\"><strong>\ud83d\udcd9 Do silenciamento \u00e0 insurrei\u00e7\u00e3o: a mulher e o estigma da loucura em gestos, escritos e imagens<\/strong><br \/>Orientando: Ana Carolina Tavares Sousa<br \/>Curso:\u00a0<\/span><\/span><\/p>\n<p style=\"padding-left: 40px; text-align: left;\"><span style=\"font-family: georgia, palatino, serif; font-size: 12pt;\"><span style=\"font-family: 'trebuchet ms', geneva, sans-serif; font-size: 10pt;\"><strong>\ud83d\udcd9 Poner la Cuerpa: Mulheres e Dissid\u00eancias Latino-Americanas em Atos Perform\u00e1ticos<\/strong><br \/>Orientando: P\u00e2mela Foga\u00e7a Lopes<br \/>Curso:\u00a0<\/span><\/span><\/p>\n<p style=\"padding-left: 40px; text-align: left;\"><span style=\"font-family: georgia, palatino, serif; font-size: 12pt;\"><span style=\"font-family: 'trebuchet ms', geneva, sans-serif; font-size: 10pt;\"><strong>\ud83d\udcd9 A Culpa \u00e9 do C\u00e1rcere \u2013 Um olhar Queer para Visualidades da Cena Teatral<\/strong><br \/>Orientando: LMaicon Fernando Oliveira Barbosa<br \/>Curso:\u00a0<\/span><\/span><\/p>\n<p style=\"padding-left: 40px; text-align: left;\"><span style=\"font-family: georgia, palatino, serif; font-size: 12pt;\"><span style=\"font-family: 'trebuchet ms', geneva, sans-serif; font-size: 10pt;\"><strong>\ud83d\udcd9 Margin\u00e1lias: Uma reflex\u00e3o escrita e imag\u00e9tica sobre as anota\u00e7\u00f5es encontradas nas p\u00e1ginas de um exemplar de Casa Grande &amp; Senzala, de 1936<\/strong><br \/>Orientando: Daniel Marenco<br \/>Curso:\u00a0<\/span><\/span><\/p>\n<p style=\"padding-left: 40px; text-align: left;\"><span style=\"font-family: georgia, palatino, serif; font-size: 12pt;\"><span style=\"font-family: 'trebuchet ms', geneva, sans-serif; font-size: 10pt;\"><strong>\ud83d\udcd9 MANG\u00c1S BARA: As imagens de sexo expl\u00edcito gay na arte sequencial nip\u00f4nica<\/strong><br \/>Orientando: Marcos Aur\u00e9lio do Carmo Alvarenga<br \/>Curso:\u00a0<\/span><\/span><\/p>\n<div class=\"ms-editor-squiggler\" style=\"color: initial; font: initial; background: initial; background-blend-mode: initial; border: initial; border-radius: initial; border-collapse: initial; caption-side: initial; clear: initial; columns: initial; column-fill: initial; column-rule: initial; column-span: initial; cursor: initial; flex: initial; flex-flow: initial; float: initial; height: 0px; letter-spacing: initial; margin: initial; max-height: initial; max-width: initial; min-height: initial; min-width: initial; overflow: initial; padding: initial; text-align: initial; text-decoration: initial; text-indent: initial; text-transform: initial; vertical-align: initial; border-spacing: initial; width: initial;\">\u00a0<\/div>\n<div class=\"ms-editor-squiggler\" style=\"color: initial; font: initial; background: initial; background-blend-mode: initial; border: initial; border-radius: initial; border-collapse: initial; caption-side: initial; clear: initial; columns: initial; column-fill: initial; column-rule: initial; column-span: initial; cursor: initial; flex: initial; flex-flow: initial; float: initial; height: 0px; letter-spacing: initial; margin: initial; max-height: initial; max-width: initial; min-height: initial; min-width: initial; overflow: initial; padding: initial; text-align: initial; text-decoration: initial; text-indent: initial; text-transform: initial; vertical-align: initial; border-spacing: initial; width: initial;\">\u00a0<\/div>","protected":false},"excerpt":{"rendered":"<p>Ros\u00e2ngela Fachel de Medeiros \/\u00a0Curr\u00edculum LattesLinha de Pesquisa: Hist\u00f3rias e Teorias das Artes e TransversalidadeE-mail: rosangelafachel@gmail.com Forma\u00e7\u00e3o acad\u00eamicaGraduada em Comunica\u00e7\u00e3o Social pela Pontif\u00edcia Universidade Cat\u00f3lica do Rio Grande do Sul (PUCRS) com mestrado e doutorado em Literatura Comparada pela Universidade Federal do Rio Grande do Sul (UFRGS\/CAPES). Professora do Programa de P\u00f3s-gradua\u00e7\u00e3o em Letras da [&hellip;]<\/p>\n","protected":false},"author":1258,"featured_media":0,"parent":0,"menu_order":0,"comment_status":"closed","ping_status":"closed","template":"","meta":{"footnotes":""},"class_list":["post-4817","page","type-page","status-publish","hentry"],"_links":{"self":[{"href":"https:\/\/wp.ufpel.edu.br\/ppgartes\/wp-json\/wp\/v2\/pages\/4817","targetHints":{"allow":["GET"]}}],"collection":[{"href":"https:\/\/wp.ufpel.edu.br\/ppgartes\/wp-json\/wp\/v2\/pages"}],"about":[{"href":"https:\/\/wp.ufpel.edu.br\/ppgartes\/wp-json\/wp\/v2\/types\/page"}],"author":[{"embeddable":true,"href":"https:\/\/wp.ufpel.edu.br\/ppgartes\/wp-json\/wp\/v2\/users\/1258"}],"replies":[{"embeddable":true,"href":"https:\/\/wp.ufpel.edu.br\/ppgartes\/wp-json\/wp\/v2\/comments?post=4817"}],"version-history":[{"count":5,"href":"https:\/\/wp.ufpel.edu.br\/ppgartes\/wp-json\/wp\/v2\/pages\/4817\/revisions"}],"predecessor-version":[{"id":11169,"href":"https:\/\/wp.ufpel.edu.br\/ppgartes\/wp-json\/wp\/v2\/pages\/4817\/revisions\/11169"}],"wp:attachment":[{"href":"https:\/\/wp.ufpel.edu.br\/ppgartes\/wp-json\/wp\/v2\/media?parent=4817"}],"curies":[{"name":"wp","href":"https:\/\/api.w.org\/{rel}","templated":true}]}}