{"id":4811,"date":"2021-03-20T06:09:57","date_gmt":"2021-03-20T09:09:57","guid":{"rendered":"https:\/\/wp.ufpel.edu.br\/mestradoartesvisuais\/?page_id=4811"},"modified":"2025-07-11T00:28:43","modified_gmt":"2025-07-11T03:28:43","slug":"nadia-da-cruz-senna","status":"publish","type":"page","link":"https:\/\/wp.ufpel.edu.br\/ppgartes\/nadia-da-cruz-senna\/","title":{"rendered":"N\u00e1dia da Cruz Senna"},"content":{"rendered":"\n<figure class=\"wp-block-image size-full is-resized is-style-default\"><img width=\"1456\" height=\"2040\" src=\"https:\/\/wp.ufpel.edu.br\/ppgartes\/files\/2019\/05\/Foto-Nadia.jpg\" alt=\"\" class=\"wp-image-2660\" style=\"aspect-ratio:1;object-fit:cover;width:350px\" srcset=\"https:\/\/wp.ufpel.edu.br\/ppgartes\/files\/2019\/05\/Foto-Nadia.jpg 1456w, https:\/\/wp.ufpel.edu.br\/ppgartes\/files\/2019\/05\/Foto-Nadia-285x400.jpg 285w, https:\/\/wp.ufpel.edu.br\/ppgartes\/files\/2019\/05\/Foto-Nadia-731x1024.jpg 731w, https:\/\/wp.ufpel.edu.br\/ppgartes\/files\/2019\/05\/Foto-Nadia-768x1076.jpg 768w, https:\/\/wp.ufpel.edu.br\/ppgartes\/files\/2019\/05\/Foto-Nadia-1096x1536.jpg 1096w\" sizes=\"(max-width: 1456px) 100vw, 1456px\" \/><\/figure>\n\n\n<p style=\"text-align: left;\"><span style=\"font-family: georgia, palatino, serif; font-size: 12pt;\"><span style=\"font-size: 18pt;\"><strong><span style=\"font-family: 'trebuchet ms', geneva, sans-serif;\">N\u00e1dia da Cruz Senna <\/span><\/strong><strong><span style=\"font-family: 'trebuchet ms', geneva, sans-serif;\"><span style=\"font-size: 10pt; color: #999999;\"> \/ <\/span><\/span><\/strong><\/span><span style=\"font-family: 'trebuchet ms', geneva, sans-serif; font-size: 10pt;\"><span style=\"color: #999999;\"><a style=\"color: #999999;\" href=\"http:\/\/lattes.cnpq.br\/6259571036663263\" target=\"_blank\" rel=\"noopener noreferrer\">Curr\u00edculum Lattes<\/a><\/span><strong><br \/>Linha de Pesquisa<\/strong>: <a href=\"https:\/\/wp.ufpel.edu.br\/ppgartes\/linhas-de-pesquisa\/\">Educa\u00e7\u00e3o em Artes e Processos de Forma\u00e7\u00e3o Est\u00e9tica<\/a><br \/><\/span><\/span><span style=\"font-family: georgia, palatino, serif; font-size: 12pt;\"><span style=\"font-family: 'trebuchet ms', geneva, sans-serif; font-size: 10pt;\"><strong>Vincula\u00e7\u00e3o institucional<\/strong>: Professora Associada na Universidade Federal de Pelotas<\/span><\/span><\/p>\n<p style=\"text-align: left;\"><span style=\"font-family: georgia, palatino, serif; font-size: 12pt;\"><span style=\"font-family: 'trebuchet ms', geneva, sans-serif; font-size: 10pt;\"><strong><br \/>Forma\u00e7\u00e3o acad\u00eamica<\/strong><br \/>Possui P\u00f3s-Doutorado (2016) pela Universidade do Algarve (UALG), Portugal; Doutorado em Ci\u00eancias da Comunica\u00e7\u00e3o (2008) pela Universidade de S\u00e3o Paulo (USP); Mestrado em Multimeios (1999) pela Universidade Estadual de Campinas (UNICAMP); Especializa\u00e7\u00e3o em Arte Educa\u00e7\u00e3o (1992) e Gradua\u00e7\u00e3o em Bacharelado em Pintura (1989) pela Universidade Federal de Pelotas (UFPel); e Gradua\u00e7\u00e3o em Engenharia Civil (1984) pela Universidade Federal do Rio Grande (FURG).<\/span><\/span><\/p>\n<p style=\"text-align: left;\"><span style=\"font-family: georgia, palatino, serif; font-size: 12pt;\"><span style=\"font-family: 'trebuchet ms', geneva, sans-serif; font-size: 10pt;\"><strong>E-mail<\/strong>: alecrins@uol.com.br<\/span><\/span><\/p>\n<hr \/>\n<p style=\"text-align: left;\"><span style=\"font-family: georgia, palatino, serif; font-size: 12pt;\"><span style=\"font-family: 'trebuchet ms', geneva, sans-serif;\"><strong>PROJETOS DE PESQUISAS<\/strong><\/span><\/span><\/p>\n<p style=\"padding-left: 40px; text-align: left;\"><span style=\"font-family: georgia, palatino, serif; font-size: 12pt;\"><span style=\"font-family: 'trebuchet ms', geneva, sans-serif; font-size: 10pt;\"><strong>\ud83d\udcc2 <a href=\"https:\/\/institucional.ufpel.edu.br\/projetos\/id\/u7482\">As artistas da EBA: processos criativos e a\u00e7\u00f5es interdisciplinares<\/a><\/strong><br \/>Grupo de Pesquisa: Caixa de Pandora: Estudos em Arte, G\u00eanero e Mem\u00f3ria<\/span><\/span><\/p>\n<p style=\"padding-left: 40px; text-align: left;\"><span style=\"font-family: georgia, palatino, serif; font-size: 12pt; color: #999999;\"><span style=\"font-family: 'trebuchet ms', geneva, sans-serif; font-size: 10pt;\"><strong>\ud83d\udcc2 <span style=\"color: #ff0000;\">[ENCERRADO]<\/span> <span style=\"color: #999999;\"><a style=\"color: #999999;\" href=\"https:\/\/institucional.ufpel.edu.br\/projetos\/id\/p10011\" target=\"_blank\" rel=\"noopener\">As artistas do sul: experi\u00eancias l\u00fadicas e educativas<\/a><\/span><\/strong><br \/><span style=\"color: #999999;\">Grupo de Pesquisa: Caixa de Pandora: Estudos em Arte, G\u00eanero e Mem\u00f3ria<\/span><br \/><\/span><\/span><\/p>\n<p style=\"padding-left: 40px; text-align: left;\"><span style=\"font-family: georgia, palatino, serif; font-size: 12pt; color: #999999;\"><span style=\"font-family: 'trebuchet ms', geneva, sans-serif; font-size: 10pt;\"><strong>\ud83d\udcc2 <span style=\"color: #ff0000;\">[ENCERRADO]<\/span> <span style=\"color: #999999;\"><a style=\"color: #999999;\" href=\"https:\/\/institucional.ufpel.edu.br\/projetos\/id\/u4309\" target=\"_blank\" rel=\"noopener\">De inquieta\u00e7\u00f5es e encantamentos: experi\u00eancias po\u00e9ticas, de ensino e forma\u00e7\u00e3o<\/a><\/span><\/strong><br \/><span style=\"color: #999999;\">Grupo de Pesquisa: Caixa de Pandora: Estudos em Arte, G\u00eanero e Mem\u00f3ria<\/span><\/span><\/span><\/p>\n<p style=\"padding-left: 40px; text-align: left;\"><span style=\"font-family: georgia, palatino, serif; font-size: 12pt;\"><span style=\"font-family: 'trebuchet ms', geneva, sans-serif; font-size: 10pt;\"><strong>\ud83d\udcc2 <a href=\"https:\/\/institucional.ufpel.edu.br\/projetos\/id\/7757\" target=\"_blank\" rel=\"noopener\">MULHERES INSCREVEM: po\u00e9ticas feministas nas artes visuais<\/a><\/strong><br \/>Grupo de Pesquisa: Caixa de Pandora: Estudos em Arte, G\u00eanero e Mem\u00f3ria<\/span><\/span><\/p>\n<hr \/>\n<p style=\"text-align: left;\"><span style=\"font-family: georgia, palatino, serif; font-size: 12pt;\"><span style=\"font-family: 'trebuchet ms', geneva, sans-serif;\"><strong>GRUPOS DE PESQUISAS<\/strong><\/span><\/span><\/p>\n<p style=\"padding-left: 40px; text-align: left;\"><span style=\"font-family: georgia, palatino, serif; font-size: 12pt;\"><span style=\"font-family: 'trebuchet ms', geneva, sans-serif; font-size: 10pt;\"><strong>\ud83d\uddc2\ufe0f <a href=\"http:\/\/dgp.cnpq.br\/dgp\/espelhogrupo\/6870585634065883\" target=\"_blank\" rel=\"noopener\">Caixa de Pandora: Estudos em Arte, g\u00eanero e Mem\u00f3ria<\/a><br \/><\/strong><\/span><\/span><span style=\"font-family: 'trebuchet ms', geneva, sans-serif; font-size: 10pt;\">L\u00edder(es) do grupo: Ursula Rosa da Silva, N\u00e1dia da Cruz Senna<br \/><\/span><span style=\"font-family: georgia, palatino, serif; font-size: 12pt;\"><span style=\"font-family: 'trebuchet ms', geneva, sans-serif; font-size: 10pt;\">Docentes participantes: Caroline Leal Bonilha, Larissa Patron Chaves, Ros\u00e2ngela Fachel de Medeiros e Thays Tonin (UFSM)<\/span><\/span><\/p>\n<p style=\"padding-left: 40px; text-align: left;\"><span style=\"font-family: georgia, palatino, serif; font-size: 12pt; color: #999999;\"><span style=\"font-family: 'trebuchet ms', geneva, sans-serif; font-size: 10pt;\"><strong>\ud83d\uddc2\ufe0f <span style=\"color: #ff0000;\">[ENCERRADO]<\/span> <span style=\"color: #999999;\"><a style=\"color: #999999;\" href=\"http:\/\/dgp.cnpq.br\/dgp\/espelhogrupo\/3022122002223379\" target=\"_blank\" rel=\"noopener\">Percursos Po\u00e9ticos: procedimentos e grafias na contemporaneidade<\/a><\/span><\/strong><br \/><span style=\"color: #999999;\">L\u00edder(es) do grupo: Angela Raffin Pohlmann, Reginaldo da N\u00f3brega Tavares<br \/>Docentes participantes: Alice Jean Monsell (Pesquisadora), L\u00facia Bergamaschi Costa Weymar (Pesquisadora) e N\u00e1dia da Cruz Senna (Pesquisadora)<\/span><\/span><\/span><\/p>\n<hr \/>\n<p style=\"text-align: left;\"><span style=\"font-family: georgia, palatino, serif; font-size: 12pt;\"><span style=\"font-family: 'trebuchet ms', geneva, sans-serif;\"><strong>PESQUISAS ORIENTADAS<\/strong><\/span><\/span><\/p>\n<p style=\"padding-left: 40px; text-align: left;\">Doutorado<\/p>\n<p style=\"padding-left: 40px; text-align: left;\"><span style=\"font-family: georgia, palatino, serif; font-size: 12pt;\"><span style=\"font-family: 'trebuchet ms', geneva, sans-serif; font-size: 10pt;\"><strong>\ud83d\udcd9 TERRIT\u00d3RIO EXPANDIDO: O ENSINO DE ARTE CONECTADO AOS SABERES ESCOLARES E COMUNIT\u00c1RIOS NO SERT\u00c3O DO SERID\u00d3-RN<\/strong><br \/>Orientando: Jailson Valentim dos Santos &#8211; Em andamento (In\u00edcio em 2024)<\/span><\/span><\/p>\n<p style=\"padding-left: 40px; text-align: left;\">Mestrado<\/p>\n<p style=\"padding-left: 40px; text-align: left;\"><span style=\"font-family: georgia, palatino, serif; font-size: 12pt;\"><span style=\"font-family: 'trebuchet ms', geneva, sans-serif; font-size: 10pt;\"><strong>\ud83d\udcd9 Monstruosidades poss\u00edveis: uma proposta para ensinar e aprender Artes<\/strong><br \/>Orientanda: Ana Luiza Nogueira de Quadros (2021) &#8211; Em andamento <\/span><\/span><\/p>\n<p style=\"padding-left: 40px; text-align: left;\"><span style=\"font-family: georgia, palatino, serif; font-size: 12pt;\"><span style=\"font-family: 'trebuchet ms', geneva, sans-serif; font-size: 10pt;\"><strong>\ud83d\udcd9 Mulheres artistas bonequeiras: narrativas l\u00fadicas, po\u00e9ticas e pedag\u00f3gicas<\/strong><br \/>Orientanda: Dayanna Perez (2021) &#8211; Em andamento <\/span><\/span><\/p>\n<p style=\"padding-left: 40px; text-align: left;\"><span style=\"font-family: georgia, palatino, serif; font-size: 12pt;\"><span style=\"font-family: 'trebuchet ms', geneva, sans-serif; font-size: 10pt;\"><strong>\ud83d\udcd9 UM CORPO PRO\u0301PRIO: a imagem da mulher em obras de artistas contempor\u00e2neas.<\/strong><br \/>Orientanda: Tais Dias Galindo (2021)<\/span><\/span><\/p>\n<p style=\"padding-left: 40px; text-align: left;\"><span style=\"font-family: georgia, palatino, serif; font-size: 12pt;\"><span style=\"font-family: 'trebuchet ms', geneva, sans-serif; font-size: 10pt;\"><strong>\ud83d\udcd9 <a href=\"http:\/\/guaiaca.ufpel.edu.br:8080\/bitstream\/prefix\/6871\/1\/Disserta%c3%a7%c3%a3o_Renata_Lopes_Sope%c3%b1a.pdf\" target=\"_blank\" rel=\"noopener noreferrer\">Pr\u00e1ticas l\u00fadico\/pedag\u00f3gicas de duas arte\/educadoras de Pelotas\/RS<\/a><\/strong><br \/>Orientanda: Renata Lopes Sope\u00f1a (2020)<\/span><\/span><\/p>\n<p style=\"padding-left: 40px; text-align: left;\"><span style=\"font-family: georgia, palatino, serif; font-size: 12pt;\"><span style=\"font-family: 'trebuchet ms', geneva, sans-serif; font-size: 10pt;\"><strong>\ud83d\udcd9 <a href=\"http:\/\/guaiaca.ufpel.edu.br\/bitstream\/prefix\/6548\/1\/Dissertacao_Mirna_Xavier_Goncalves.pdf\" target=\"_blank\" rel=\"noopener noreferrer\">Tar\u00f4: reverbera\u00e7\u00f5es em po\u00e9ticas contempor\u00e2neas<\/a><\/strong><br \/>Orientanda: Mirna Xavier Gon\u00e7alves\u00a0(2020)<\/span><\/span><\/p>\n<p style=\"padding-left: 40px; text-align: left;\"><span style=\"font-family: georgia, palatino, serif; font-size: 12pt;\"><span style=\"font-family: 'trebuchet ms', geneva, sans-serif; font-size: 10pt;\"><strong>\ud83d\udcd9 <a href=\"http:\/\/repositorio.ufpel.edu.br:8080\/handle\/prefix\/6864\" target=\"_blank\" rel=\"noopener noreferrer\">Do silenciamento \u00e0 insurrei\u00e7\u00e3o: a mulher e o estigma da loucura em gestos, escritos e imagens<\/a><\/strong><br \/>Orientanda: Ana Carolina Tavares Sousa (2020)<\/span><\/span><\/p>\n<p style=\"padding-left: 40px; text-align: left;\"><span style=\"font-family: georgia, palatino, serif; font-size: 12pt;\"><span style=\"font-family: 'trebuchet ms', geneva, sans-serif; font-size: 10pt;\"><strong>\ud83d\udcd9 <a href=\"http:\/\/guaiaca.ufpel.edu.br\/handle\/prefix\/5514\" target=\"_blank\" rel=\"noopener noreferrer\">A linha do desenho embebida no L\u01cecin\u0101ris: devaneios e resson\u00e2ncias do imagin\u00e1rio<\/a><\/strong><br \/>Orientando: Matheus Sara\u00e7ol Folha (2019)<\/span><\/span><\/p>\n<p style=\"padding-left: 40px; text-align: left;\"><span style=\"font-family: georgia, palatino, serif; font-size: 12pt;\"><span style=\"font-family: 'trebuchet ms', geneva, sans-serif; font-size: 10pt;\"><strong>\ud83d\udcd9 <a href=\"http:\/\/guaiaca.ufpel.edu.br\/bitstream\/prefix\/6546\/1\/Dissertacao_Diego_dos_Santos_Soares.pdf\" target=\"_blank\" rel=\"noopener noreferrer\">Est\u00e9tica IZZY: bonecas, fantasias e a\u00e7\u00f5es perform\u00e1ticas<\/a><\/strong><br \/>Orientando: Diego dos Santos Soares (2019)<\/span><\/span><\/p>\n<p style=\"padding-left: 40px; text-align: left;\"><span style=\"font-family: georgia, palatino, serif; font-size: 12pt;\"><span style=\"font-family: 'trebuchet ms', geneva, sans-serif; font-size: 10pt;\"><strong>\ud83d\udcd9 <a href=\"http:\/\/guaiaca.ufpel.edu.br\/handle\/prefix\/4420\" target=\"_blank\" rel=\"noopener noreferrer\">Homo Selfies \u2013 da apropria\u00e7\u00e3o de imagens digitais \u00e0 pintura: retratos de autorretratos contempor\u00e2neos<\/a><\/strong><br \/>Orientando: Fl\u00e1vio Michelazzo Amorim J\u00fanior (2018)<\/span><\/span><\/p>\n<p style=\"padding-left: 40px; text-align: left;\"><span style=\"font-family: georgia, palatino, serif; font-size: 12pt;\"><span style=\"font-family: 'trebuchet ms', geneva, sans-serif; font-size: 10pt;\"><strong>\ud83d\udcd9 <a href=\"http:\/\/repositorio.ufpel.edu.br:8080\/handle\/prefix\/4428\" target=\"_blank\" rel=\"noopener noreferrer\">An\u00f4nimas: encontros com artistas mulheres como disparador da po\u00e9tica<\/a><\/strong><br \/>Orientanda: Nathalia Muswieck Grill (2018)<\/span><\/span><\/p>\n<p style=\"padding-left: 40px; text-align: left;\"><span style=\"font-family: georgia, palatino, serif; font-size: 12pt;\"><span style=\"font-family: 'trebuchet ms', geneva, sans-serif; font-size: 10pt;\"><strong>\ud83d\udcd9 <a href=\"http:\/\/guaiaca.ufpel.edu.br:8080\/handle\/prefix\/3916\" target=\"_blank\" rel=\"noopener noreferrer\">Corte e sutura: a\u00a0escrita como cicatriz<\/a><\/strong><br \/>Orientando: Sandro Silva de Andrade (2017)<\/span><\/span><\/p>\n<p style=\"padding-left: 40px; text-align: left;\"><span style=\"font-family: georgia, palatino, serif; font-size: 12pt;\"><span style=\"font-family: 'trebuchet ms', geneva, sans-serif; font-size: 10pt;\"><strong>\ud83d\udcd9 <a href=\"http:\/\/guaiaca.ufpel.edu.br\/bitstream\/prefix\/3645\/1\/Fabr%c3%adcio_%20Gerald_Lima_Disserta%c3%a7%c3%a3o.pdf\" target=\"_blank\" rel=\"noopener noreferrer\">Narrativas l\u00fadicas: quadrinhos e pedagogias inventivas<\/a><\/strong><br \/>Orientando: Fabricio Gerald Lima (2016)<\/span><\/span><\/p>\n<p style=\"padding-left: 40px; text-align: left;\"><span style=\"font-family: georgia, palatino, serif; font-size: 12pt;\"><span style=\"font-family: 'trebuchet ms', geneva, sans-serif; font-size: 10pt;\"><strong>\ud83d\udcd9 <a href=\"https:\/\/wp.ufpel.edu.br\/mestradoartesvisuais\/files\/2017\/11\/cassiusDisserta%C3%A7%C3%A3o-Monstruario-O-livro-dos-monstros-sensiveis.compressed.pdf\" target=\"_blank\" rel=\"noopener noreferrer\">Monstru\u00e1rio: o livro dos monstros sens\u00edveis<\/a><\/strong><br \/>Orientando: Cassius Andre Prietto Souza (2015)<\/span><\/span><\/p>\n<p style=\"padding-left: 40px; text-align: left;\"><span style=\"font-family: georgia, palatino, serif; font-size: 12pt;\"><span style=\"font-family: 'trebuchet ms', geneva, sans-serif; font-size: 10pt;\"><strong>\ud83d\udcd9 <a href=\"https:\/\/wp.ufpel.edu.br\/ppgartes\/files\/2017\/11\/Isadora.pdf\" target=\"_blank\" rel=\"noopener noreferrer\">Territ\u00f3rios discursivos de g\u00eanero no cinema contempor\u00e2neo: representa\u00e7\u00e3o de g\u00eanero atrav\u00e9s da dire\u00e7\u00e3o de arte<\/a><\/strong><br \/>Orientanda: Isadora Ebersol (2015)<\/span><\/span><\/p>\n<p style=\"padding-left: 40px; text-align: left;\"><span style=\"font-family: georgia, palatino, serif; font-size: 12pt;\"><span style=\"font-family: 'trebuchet ms', geneva, sans-serif; font-size: 10pt;\"><strong>\ud83d\udcd9 <a href=\"http:\/\/guaiaca.ufpel.edu.br\/handle\/prefix\/6515\" target=\"_blank\" rel=\"noopener noreferrer\">Do f\u00edsico ao digital: mudan\u00e7as no pensar e fazer a obra<\/a><\/strong><br \/>Orientando: Jos\u00e9 Carlos Brod Nogueira (2014)<\/span><\/span><\/p>\n<div class=\"ms-editor-squiggler\" style=\"color: initial; font: initial; background: initial; background-blend-mode: initial; border: initial; border-radius: initial; border-collapse: initial; caption-side: initial; clear: initial; columns: initial; column-fill: initial; column-rule: initial; column-span: initial; cursor: initial; flex: initial; flex-flow: initial; float: initial; height: 0px; letter-spacing: initial; margin: initial; max-height: initial; max-width: initial; min-height: initial; min-width: initial; overflow: initial; padding: initial; text-align: left; text-decoration: initial; text-indent: initial; text-transform: initial; vertical-align: initial; border-spacing: initial; width: initial;\">\u00a0<\/div>\n<div class=\"ms-editor-squiggler\" style=\"color: initial; font: initial; background: initial; background-blend-mode: initial; border: initial; border-radius: initial; border-collapse: initial; caption-side: initial; clear: initial; columns: initial; column-fill: initial; column-rule: initial; column-span: initial; cursor: initial; flex: initial; flex-flow: initial; float: initial; height: 0px; letter-spacing: initial; margin: initial; max-height: initial; max-width: initial; min-height: initial; min-width: initial; overflow: initial; padding: initial; text-align: left; text-decoration: initial; text-indent: initial; text-transform: initial; vertical-align: initial; border-spacing: initial; width: initial;\">\u00a0<\/div>","protected":false},"excerpt":{"rendered":"<p>N\u00e1dia da Cruz Senna \/ Curr\u00edculum LattesLinha de Pesquisa: Educa\u00e7\u00e3o em Artes e Processos de Forma\u00e7\u00e3o Est\u00e9ticaVincula\u00e7\u00e3o institucional: Professora Associada na Universidade Federal de Pelotas Forma\u00e7\u00e3o acad\u00eamicaPossui P\u00f3s-Doutorado (2016) pela Universidade do Algarve (UALG), Portugal; Doutorado em Ci\u00eancias da Comunica\u00e7\u00e3o (2008) pela Universidade de S\u00e3o Paulo (USP); Mestrado em Multimeios (1999) pela Universidade Estadual de [&hellip;]<\/p>\n","protected":false},"author":1258,"featured_media":0,"parent":0,"menu_order":0,"comment_status":"closed","ping_status":"closed","template":"","meta":{"footnotes":""},"class_list":["post-4811","page","type-page","status-publish","hentry"],"_links":{"self":[{"href":"https:\/\/wp.ufpel.edu.br\/ppgartes\/wp-json\/wp\/v2\/pages\/4811","targetHints":{"allow":["GET"]}}],"collection":[{"href":"https:\/\/wp.ufpel.edu.br\/ppgartes\/wp-json\/wp\/v2\/pages"}],"about":[{"href":"https:\/\/wp.ufpel.edu.br\/ppgartes\/wp-json\/wp\/v2\/types\/page"}],"author":[{"embeddable":true,"href":"https:\/\/wp.ufpel.edu.br\/ppgartes\/wp-json\/wp\/v2\/users\/1258"}],"replies":[{"embeddable":true,"href":"https:\/\/wp.ufpel.edu.br\/ppgartes\/wp-json\/wp\/v2\/comments?post=4811"}],"version-history":[{"count":14,"href":"https:\/\/wp.ufpel.edu.br\/ppgartes\/wp-json\/wp\/v2\/pages\/4811\/revisions"}],"predecessor-version":[{"id":11015,"href":"https:\/\/wp.ufpel.edu.br\/ppgartes\/wp-json\/wp\/v2\/pages\/4811\/revisions\/11015"}],"wp:attachment":[{"href":"https:\/\/wp.ufpel.edu.br\/ppgartes\/wp-json\/wp\/v2\/media?parent=4811"}],"curies":[{"name":"wp","href":"https:\/\/api.w.org\/{rel}","templated":true}]}}