{"id":4803,"date":"2021-03-20T05:44:18","date_gmt":"2021-03-20T08:44:18","guid":{"rendered":"https:\/\/wp.ufpel.edu.br\/mestradoartesvisuais\/?page_id=4803"},"modified":"2025-07-11T14:08:33","modified_gmt":"2025-07-11T17:08:33","slug":"lauer-alves-nunes-dos-santos","status":"publish","type":"page","link":"https:\/\/wp.ufpel.edu.br\/ppgartes\/lauer-alves-nunes-dos-santos\/","title":{"rendered":"Lauer Alves Nunes dos Santos"},"content":{"rendered":"\n<figure class=\"wp-block-image size-full is-resized is-style-default\"><img width=\"500\" height=\"500\" src=\"https:\/\/wp.ufpel.edu.br\/ppgartes\/files\/2021\/03\/foto_Lauer-dos-Santos.png\" alt=\"\" class=\"wp-image-4849\" style=\"aspect-ratio:1;object-fit:cover;width:350px\" srcset=\"https:\/\/wp.ufpel.edu.br\/ppgartes\/files\/2021\/03\/foto_Lauer-dos-Santos.png 500w, https:\/\/wp.ufpel.edu.br\/ppgartes\/files\/2021\/03\/foto_Lauer-dos-Santos-400x400.png 400w, https:\/\/wp.ufpel.edu.br\/ppgartes\/files\/2021\/03\/foto_Lauer-dos-Santos-200x200.png 200w\" sizes=\"(max-width: 500px) 100vw, 500px\" \/><\/figure>\n\n\n<p><span style=\"font-family: georgia, palatino, serif; font-size: 12pt;\"><span style=\"font-size: 18pt;\"><strong><span style=\"font-family: 'trebuchet ms', geneva, sans-serif;\">Lauer Alves Nunes dos Santos <span style=\"font-size: 10pt; color: #999999;\">\/\u00a0<\/span><\/span><\/strong><\/span><span style=\"font-family: 'trebuchet ms', geneva, sans-serif; font-size: 10pt;\"><span style=\"color: #999999;\"><a style=\"color: #999999;\" href=\"http:\/\/lattes.cnpq.br\/9606353077803212\" target=\"_blank\" rel=\"noopener noreferrer\">Curr\u00edculum Lattes<\/a><\/span><br \/><strong>Linha de Pesquisa<\/strong>: <a href=\"https:\/\/wp.ufpel.edu.br\/ppgartes\/linhas-de-pesquisa\/\">Hist\u00f3rias e Teorias das Artes e Transversalidade<\/a><br \/><\/span><\/span><span style=\"font-family: georgia, palatino, serif; font-size: 12pt;\"><span style=\"font-family: 'trebuchet ms', geneva, sans-serif; font-size: 10pt;\"><strong>E-mail<\/strong>: lauer.ufpel@gmail.com<\/span><\/span><\/p>\n<p><span style=\"font-family: georgia, palatino, serif; font-size: 12pt;\"><span style=\"font-family: 'trebuchet ms', geneva, sans-serif; font-size: 10pt;\"><strong><br \/>Forma\u00e7\u00e3o acad\u00eamica<\/strong><br \/>Possui gradua\u00e7\u00e3o em Pintura pela Universidade Federal de Pelotas (1992), mestrado em Artes Visuais pela Universidade Federal do Rio Grande do Sul (1997) e doutorado em Comunica\u00e7\u00e3o e Semi\u00f3tica pela Pontif\u00edcia Universidade Cat\u00f3lica de S\u00e3o Paulo (2003). Atualmente \u00e9 professor titular junto ao Centro de Artes da Universidade Federal de Pelotas e coordenador do Programa de P\u00f3s-Gradua\u00e7\u00e3o em Artes do Centro de Artes da Universidade Federal de Pelotas. Atua nos cursos de Bacharelado em Artes Visuais, Design Gr\u00e1fico, Design Digital, Especializa\u00e7\u00e3o em Artes e Mestrado em Artes. Tem experi\u00eancia na \u00e1rea de Artes principalmente nos seguintes segmentos: pintura, arte contempor\u00e2nea, design, curadoria e semi\u00f3tica.<br \/><\/span><\/span><\/p>\n<hr \/>\n<p><span style=\"font-family: georgia, palatino, serif; font-size: 12pt;\"><span style=\"font-family: 'trebuchet ms', geneva, sans-serif;\"><strong>PROJETOS DE PESQUISAS<\/strong><\/span><\/span><\/p>\n<p style=\"padding-left: 40px;\"><span style=\"font-family: georgia, palatino, serif; font-size: 12pt;\"><span style=\"font-family: 'trebuchet ms', geneva, sans-serif; font-size: 10pt;\"><strong>\ud83d\udcc2 <span style=\"color: #ff0000;\">[ENCERRADO]<\/span> <span style=\"color: #999999;\">Perspectivas contempor\u00e2neas de pesquisa em arte<\/span><\/strong><br \/><span style=\"color: #999999;\">Grupo de Pesquisa: Semi\u00f3tica, design e arte<\/span><\/span><\/span><\/p>\n<p style=\"padding-left: 40px;\"><span style=\"font-family: georgia, palatino, serif; font-size: 12pt;\"><span style=\"font-family: 'trebuchet ms', geneva, sans-serif; font-size: 10pt;\"><strong>\ud83d\udcc2 <a href=\"https:\/\/institucional.ufpel.edu.br\/projetos\/id\/u8043\">Pr\u00e1ticas curatoriais<\/a><br \/><span style=\"color: #999999;\">Grupo de Pesquisa:\u00a0<\/span><\/strong><br \/><\/span><\/span><\/p>\n<p style=\"padding-left: 40px;\"><span style=\"font-family: georgia, palatino, serif; font-size: 12pt;\"><span style=\"font-family: 'trebuchet ms', geneva, sans-serif; font-size: 10pt;\"><strong>\ud83d\udcc2 <a href=\"https:\/\/institucional.ufpel.edu.br\/projetos\/id\/u9329\">Pintura em di\u00e1logo: conflu\u00eancias po\u00e9ticas<\/a><br \/><span style=\"color: #999999;\">Grupo de Pesquisa:\u00a0<\/span><br \/><\/strong><\/span><\/span><\/p>\n<p style=\"padding-left: 40px;\"><span style=\"font-family: georgia, palatino, serif; font-size: 12pt;\"><span style=\"font-family: 'trebuchet ms', geneva, sans-serif; font-size: 10pt;\"><strong>\ud83d\udcc2 <span style=\"color: #ff0000;\">[ENCERRADO]<\/span> <span style=\"color: #999999;\">Narrativas realistas: pintura e repeti\u00e7\u00e3o<\/span><\/strong><br \/><span style=\"color: #999999;\">Grupo de Pesquisa: Semi\u00f3tica, design e arte<\/span><\/span><\/span><\/p>\n<hr \/>\n<p><span style=\"font-family: georgia, palatino, serif; font-size: 12pt;\"><span style=\"font-family: 'trebuchet ms', geneva, sans-serif;\"><strong>GRUPOS DE PESQUISAS<\/strong><\/span><\/span><\/p>\n<p style=\"padding-left: 40px;\"><span style=\"font-family: georgia, palatino, serif; font-size: 12pt;\"><span style=\"font-family: 'trebuchet ms', geneva, sans-serif; font-size: 10pt;\"><strong>\ud83d\uddc2\ufe0f Semi\u00f3tica, design e arte<\/strong><br \/>L\u00edder(es) do grupo: Lauer Alves Nunes dos Santos<br \/>Docentes participantes: <a href=\"https:\/\/wp.ufpel.edu.br\/ppgartes\/lauer-alves-nunes-dos-santos\/\">Lauer Alves Nunes dos Santos<\/a>, <a href=\"https:\/\/wp.ufpel.edu.br\/ppgartes\/nadia-da-cruz-senna\/\">N\u00e1dia da Cruz Senna<\/a><\/span><\/span><\/p>\n<hr \/>\n<p><span style=\"font-family: georgia, palatino, serif; font-size: 12pt;\"><span style=\"font-family: 'trebuchet ms', geneva, sans-serif;\"><strong>PESQUISAS ORIENTADAS<\/strong><\/span><\/span><\/p>\n<p style=\"padding-left: 40px;\">DOUTORADO<\/p>\n<p style=\"padding-left: 40px;\"><span style=\"font-family: georgia, palatino, serif; font-size: 12pt;\"><span style=\"font-family: 'trebuchet ms', geneva, sans-serif; font-size: 10pt;\"><strong>\ud83d\udcd9 Curadoria e feminismos: processos de cria\u00e7\u00e3o em exposi\u00e7\u00f5es de arte contempor\u00e2nea<\/strong><br \/>Orientanda: Amanda Machado Madruga (2021)<\/span><\/span><\/p>\n<p>\u00a0<\/p>\n<p style=\"padding-left: 40px;\">MESTRADO<\/p>\n<p style=\"padding-left: 40px;\"><span style=\"font-family: georgia, palatino, serif; font-size: 12pt;\"><span style=\"font-family: 'trebuchet ms', geneva, sans-serif; font-size: 10pt;\"><strong>\ud83d\udcd9 Curadoria e feminismos: processos de cria\u00e7\u00e3o em exposi\u00e7\u00f5es de arte contempor\u00e2nea<\/strong><br \/>Orientanda: Amanda Machado Madruga (2021)<\/span><\/span><\/p>\n<p style=\"padding-left: 40px;\"><span style=\"font-family: georgia, palatino, serif; font-size: 12pt;\"><span style=\"font-family: 'trebuchet ms', geneva, sans-serif; font-size: 10pt;\"><strong>\ud83d\udcd9 Curadoria e feminismos: processos de cria\u00e7\u00e3o em exposi\u00e7\u00f5es de arte contempor\u00e2nea<\/strong><br \/>Orientanda: Amanda Machado Madruga (2021)<\/span><\/span><\/p>\n<div class=\"ms-editor-squiggler\" style=\"color: initial; font: initial; background: initial; background-blend-mode: initial; border: initial; border-radius: initial; border-collapse: initial; caption-side: initial; clear: initial; columns: initial; column-fill: initial; column-rule: initial; column-span: initial; cursor: initial; flex: initial; flex-flow: initial; float: initial; height: 0px; letter-spacing: initial; margin: initial; max-height: initial; max-width: initial; min-height: initial; min-width: initial; overflow: initial; padding: initial; text-align: initial; text-decoration: initial; text-indent: initial; text-transform: initial; vertical-align: initial; border-spacing: initial; width: initial;\">\u00a0<\/div>\n<div class=\"ms-editor-squiggler\" style=\"color: initial; font: initial; background: initial; background-blend-mode: initial; border: initial; border-radius: initial; border-collapse: initial; caption-side: initial; clear: initial; columns: initial; column-fill: initial; column-rule: initial; column-span: initial; cursor: initial; flex: initial; flex-flow: initial; float: initial; height: 0px; letter-spacing: initial; margin: initial; max-height: initial; max-width: initial; min-height: initial; min-width: initial; overflow: initial; padding: initial; text-align: initial; text-decoration: initial; text-indent: initial; text-transform: initial; vertical-align: initial; border-spacing: initial; width: initial;\">\u00a0<\/div>","protected":false},"excerpt":{"rendered":"<p>Lauer Alves Nunes dos Santos \/\u00a0Curr\u00edculum LattesLinha de Pesquisa: Hist\u00f3rias e Teorias das Artes e TransversalidadeE-mail: lauer.ufpel@gmail.com Forma\u00e7\u00e3o acad\u00eamicaPossui gradua\u00e7\u00e3o em Pintura pela Universidade Federal de Pelotas (1992), mestrado em Artes Visuais pela Universidade Federal do Rio Grande do Sul (1997) e doutorado em Comunica\u00e7\u00e3o e Semi\u00f3tica pela Pontif\u00edcia Universidade Cat\u00f3lica de S\u00e3o Paulo (2003). [&hellip;]<\/p>\n","protected":false},"author":1258,"featured_media":0,"parent":0,"menu_order":0,"comment_status":"closed","ping_status":"closed","template":"","meta":{"footnotes":""},"class_list":["post-4803","page","type-page","status-publish","hentry"],"_links":{"self":[{"href":"https:\/\/wp.ufpel.edu.br\/ppgartes\/wp-json\/wp\/v2\/pages\/4803","targetHints":{"allow":["GET"]}}],"collection":[{"href":"https:\/\/wp.ufpel.edu.br\/ppgartes\/wp-json\/wp\/v2\/pages"}],"about":[{"href":"https:\/\/wp.ufpel.edu.br\/ppgartes\/wp-json\/wp\/v2\/types\/page"}],"author":[{"embeddable":true,"href":"https:\/\/wp.ufpel.edu.br\/ppgartes\/wp-json\/wp\/v2\/users\/1258"}],"replies":[{"embeddable":true,"href":"https:\/\/wp.ufpel.edu.br\/ppgartes\/wp-json\/wp\/v2\/comments?post=4803"}],"version-history":[{"count":6,"href":"https:\/\/wp.ufpel.edu.br\/ppgartes\/wp-json\/wp\/v2\/pages\/4803\/revisions"}],"predecessor-version":[{"id":11126,"href":"https:\/\/wp.ufpel.edu.br\/ppgartes\/wp-json\/wp\/v2\/pages\/4803\/revisions\/11126"}],"wp:attachment":[{"href":"https:\/\/wp.ufpel.edu.br\/ppgartes\/wp-json\/wp\/v2\/media?parent=4803"}],"curies":[{"name":"wp","href":"https:\/\/api.w.org\/{rel}","templated":true}]}}