{"id":4773,"date":"2021-03-19T19:48:40","date_gmt":"2021-03-19T22:48:40","guid":{"rendered":"https:\/\/wp.ufpel.edu.br\/mestradoartesvisuais\/?page_id=4773"},"modified":"2025-07-15T21:10:00","modified_gmt":"2025-07-16T00:10:00","slug":"eduarda-azevedo-goncalves","status":"publish","type":"page","link":"https:\/\/wp.ufpel.edu.br\/ppgartes\/eduarda-azevedo-goncalves\/","title":{"rendered":"Eduarda Azevedo Gon\u00e7alves"},"content":{"rendered":"\n<figure class=\"wp-block-image size-full is-resized is-style-default\"><img width=\"1920\" height=\"2560\" src=\"https:\/\/wp.ufpel.edu.br\/ppgartes\/files\/2025\/07\/FOTO-Eduarda-Goncalves-scaled.jpg\" alt=\"\" class=\"wp-image-11144\" style=\"aspect-ratio:1;object-fit:cover;width:350px\" srcset=\"https:\/\/wp.ufpel.edu.br\/ppgartes\/files\/2025\/07\/FOTO-Eduarda-Goncalves-scaled.jpg 1920w, https:\/\/wp.ufpel.edu.br\/ppgartes\/files\/2025\/07\/FOTO-Eduarda-Goncalves-300x400.jpg 300w, https:\/\/wp.ufpel.edu.br\/ppgartes\/files\/2025\/07\/FOTO-Eduarda-Goncalves-768x1024.jpg 768w, https:\/\/wp.ufpel.edu.br\/ppgartes\/files\/2025\/07\/FOTO-Eduarda-Goncalves-1152x1536.jpg 1152w, https:\/\/wp.ufpel.edu.br\/ppgartes\/files\/2025\/07\/FOTO-Eduarda-Goncalves-1536x2048.jpg 1536w\" sizes=\"(max-width: 1920px) 100vw, 1920px\" \/><\/figure>\n\n\n<p style=\"text-align: left;\"><span style=\"font-family: georgia, palatino, serif; font-size: 12pt;\"><span style=\"font-size: 18pt;\"><strong><span style=\"font-family: 'trebuchet ms', geneva, sans-serif;\">Eduarda Azevedo Gon\u00e7alves <span style=\"font-size: 10pt; color: #999999;\">\/\u00a0<\/span><\/span><\/strong><\/span><span style=\"font-family: 'trebuchet ms', geneva, sans-serif; font-size: 10pt;\"><span style=\"color: #999999;\"><a style=\"color: #999999;\" href=\"http:\/\/lattes.cnpq.br\/4375817269121969\" target=\"_blank\" rel=\"noopener noreferrer\">Curr\u00edculum Lattes<\/a><\/span><br \/><strong>Linha de Pesquisa<\/strong>: <a href=\"https:\/\/wp.ufpel.edu.br\/ppgartes\/linhas-de-pesquisa\/\">Processos de Cria\u00e7\u00e3o e Po\u00e9ticas do Cotidiano<\/a><br \/><\/span><\/span><span style=\"font-family: georgia, palatino, serif; font-size: 12pt;\"><span style=\"font-family: 'trebuchet ms', geneva, sans-serif; font-size: 10pt;\"><strong>E-mail<\/strong>: dudaeduarda.ufpel@gmail.com<\/span><\/span><\/p>\n<p style=\"text-align: left;\"><span style=\"font-family: georgia, palatino, serif; font-size: 12pt;\"><span style=\"font-family: 'trebuchet ms', geneva, sans-serif; font-size: 10pt;\"><strong>Forma\u00e7\u00e3o acad\u00eamica<\/strong><br \/>Artista e professora associada do Centro de Artes da Universidade Federa de Pelotas &#8211; UFPel. Bacharel em Pintura pela Universidade Federal de Pelotas (1996). Realizou o Mestrado em Artes Visuais: \u00eanfase em po\u00e9ticas visuais, sob orienta\u00e7\u00e3o da Profa. Dra. Sandra Rey (2000), pelo Programa de P\u00f3s-Gradua\u00e7\u00e3o do Instituto de Artes da Universidade Federal do Rio Grande do Sul &#8211; UFRGS e o doutorado, pelo mesmo Programa com a pesquisa Cartogravista de c\u00e9us: proposi\u00e7\u00f5es para compartilhamentos, sob orienta\u00e7\u00e3o do prof. Dr. H\u00e9lio Cust\u00f3dio Fervenza (2011). \u00c9 professora dos Cursos de Artes Visuais, na \u00e1rea de Fundamentos da Linguagem Visual [Percep\u00e7\u00e3o Visual], Pintura e Trabalho de Conclus\u00e3o de Curso. Tamb\u00e9m atua no Curso de Mestrado do Programa de P\u00f3s-Gradua\u00e7\u00e3o &#8211; Mestrado em Artes Visuais, na linha de Processos de Cria\u00e7\u00e3o e Po\u00e9ticas do Cotidiano do Centro de Artes da Universidade Federal de Pelotas &#8211; UFPel, ministrando a disciplina Paisagens cotidianas e dispositivos de compartilhamentos. \u00c9 l\u00edder do Grupo de Pesquisa Deslocamentos, observ\u00e2ncias e cartografias contempor\u00e2neas &#8211; DESLOCC (UFPel\/CNPQ), desde 2011, em que investiga as seguintes tem\u00e1ticas: as rela\u00e7\u00f5es entre arte e cotidiano, as cartografias e deslocamentos de artistas, a paisagem cotidiana na arte contempor\u00e2nea, os dispositivos de arte que promovem a multiplica\u00e7\u00e3o e a circula\u00e7\u00e3o da obra em diferentes m\u00eddias [impressos e v\u00eddeos] e contextos &#8211; ruas, pra\u00e7as, escolas, entre outros, como tamb\u00e9m, a media\u00e7\u00e3o da arte contempor\u00e2nea. Os estudos contemplam diferentes pontos de vista, do artista, do professor-mediador e do receptor, por isso, orienta estudantes dos Cursos de Bacharelado [po\u00e9tica] e de Licenciatura em Artes Visuais [media\u00e7\u00e3o]. Desenvolve projetos de extens\u00e3o que envolve a experimenta\u00e7\u00e3o, a produ\u00e7\u00e3o e a reflex\u00e3o de temas da pesquisa. Artista pl\u00e1stica que exp\u00f5e em galerias, museus e realiza interven\u00e7\u00f5es em espa\u00e7os p\u00fablicos. Atualmente possui um acervo de vistas do c\u00e9u e das cidades que compartilha em dispositivos distintos [cart\u00f5es, observat\u00f3rios, mirantes, \u00e1lbuns] de apresenta\u00e7\u00e3o e circula\u00e7\u00e3o da produ\u00e7\u00e3o. O acervo j\u00e1 foi mostrado em exposi\u00e7\u00f5es coletivas, individuais e interven\u00e7\u00f5es em espa\u00e7os p\u00fablicos. Participa dos Grupos de Pesquisa Percursos po\u00e9ticos: procedimentos e grafias da arte contempor\u00e2nea (UFPel\/CNPQ) e Ve\u00edculos da Arte (UFRGS\/CNPQ). Associada \u00e0 Associa\u00e7\u00e3o Nacional de Pesquisadores em Artes Pl\u00e1sticas &#8211; ANPAP. Atuou como coordenadora no Programa de P\u00f3s-Gradua\u00e7\u00e3o em Artes Visuais da UFPel, de dezembro de 2017 a dezembro de 2021. EM 2024, passou a integrar o Projeto CAMINHOGRAFIAS URBANAS NOS CONFINS DA AMERICA DO SUL: criando pistas para pol\u00edticas p\u00fablicas com povos e comunidades tradicionais que habitam a margemdas cidades de Marab\u00e1\/BR, Pelotas\/BR e Comodoro Rivadavia\/AR sob coordena\u00e7\u00e3o geral de Eduardo Rocha (Doutor em Arquitetura-UFPel), atuando como Coordenadora das atividades na cidade de Pelotas\/BR e Bolsista PDE, com recursos financeiros do edital universal MCTI\/CNPq no 14\/2023 desenvolvendo atividades de pesquisa no p\u00f3s-doutorado internacional na Universidad da Patag\u00f4nia San Juan Bosco, Comodoro Rivadavia, Argentina, sob Orienta\u00e7\u00e3o do Prof. Dr. Juan Manuel Diez Tetamanti.<br \/><\/span><\/span><\/p>\n<hr \/>\n<p style=\"text-align: left;\"><span style=\"font-family: georgia, palatino, serif; font-size: 12pt;\"><span style=\"font-family: 'trebuchet ms', geneva, sans-serif;\"><strong>PROJETOS DE PESQUISAS<\/strong><\/span><\/span><\/p>\n<p style=\"text-align: left; padding-left: 40px;\"><span style=\"font-family: georgia, palatino, serif; font-size: 12pt;\"><span style=\"font-family: 'trebuchet ms', geneva, sans-serif; font-size: 10pt;\"><strong>\ud83d\udcc2 <\/strong><a href=\"https:\/\/institucional.ufpel.edu.br\/projetos\/id\/u2878\"><strong>A casa, as janelas e as redes sociais como continentes dos fazeres e da partilha da arte contempor\u00e2nea durante e ap\u00f3s a pandemia do COVID -19, a partir do sul do Brasil<\/strong><\/a><br \/>Grupo de Pesquisa: Deslocamentos, observ\u00e2ncias e cartografias contempor\u00e2neas<br \/><\/span><\/span><\/p>\n<p style=\"text-align: left; padding-left: 40px;\"><span style=\"font-family: georgia, palatino, serif; font-size: 12pt;\"><span style=\"font-family: 'trebuchet ms', geneva, sans-serif; font-size: 10pt;\"><strong>\ud83d\udcc2 <\/strong><a href=\"https:\/\/institucional.ufpel.edu.br\/projetos\/id\/u7677\"><strong>CAMINHOGRAFIAS URBANAS NOS CONFINS DA AMERICA DO SUL: criando pistas para pol\u00edticas p\u00fablicas com povos e comunidades tradicionais que habitam a margem das cidades de Marab\u00e1\/BR, Pelotas\/BR e Comodoro Rivadavia\/AR<\/strong><\/a><br \/>Grupo de Pesquisa: Deslocamentos, observ\u00e2ncias e cartografias contempor\u00e2neas<\/span><\/span><\/p>\n<p style=\"text-align: left; padding-left: 40px;\"><span style=\"font-family: georgia, palatino, serif; font-size: 12pt;\"><span style=\"font-family: 'trebuchet ms', geneva, sans-serif; font-size: 10pt;\"><strong>\ud83d\udcc2 <span style=\"color: #ff0000;\">[ENCERRADO]<\/span> <span style=\"color: #999999;\">Deslocamentos e Cartografias Contempor\u00e2neas<\/span><\/strong><br \/><span style=\"color: #999999;\">Grupo de Pesquisa: Deslocamentos, observ\u00e2ncias e cartografias contempor\u00e2neas<\/span><\/span><\/span><\/p>\n<p style=\"text-align: left; padding-left: 40px;\"><span style=\"font-family: georgia, palatino, serif; font-size: 12pt;\"><span style=\"font-family: 'trebuchet ms', geneva, sans-serif; font-size: 10pt;\"><strong>\ud83d\udcc2 <span style=\"color: #ff0000;\">[ENCERRADO]<\/span> <span style=\"color: #999999;\">Os deslocamentos como pr\u00e1ticas que concebem paisagens e cartografias na arte contempor\u00e2nea<\/span><\/strong><br \/><span style=\"color: #999999;\">Grupo de Pesquisa: Deslocamentos, observ\u00e2ncias e cartografias contempor\u00e2neas<\/span><\/span><\/span><\/p>\n<p style=\"text-align: left; padding-left: 40px;\"><span style=\"font-family: georgia, palatino, serif; font-size: 12pt;\"><span style=\"font-family: 'trebuchet ms', geneva, sans-serif; font-size: 10pt;\"><strong>\ud83d\udcc2 <\/strong><a href=\"https:\/\/institucional.ufpel.edu.br\/projetos\/id\/u7419\"><strong>Territorios, deslocamentos, cartogravistas e cartografias na arte contempor\u00e2nea a partir do sul do Brasil<\/strong><\/a><br \/>Grupo de Pesquisa:\u00a0<\/span><\/span><\/p>\n<hr \/>\n<p style=\"text-align: left;\"><span style=\"font-family: georgia, palatino, serif; font-size: 12pt;\"><span style=\"font-family: 'trebuchet ms', geneva, sans-serif;\"><strong>GRUPOS DE PESQUISAS<\/strong><\/span><\/span><\/p>\n<p style=\"text-align: left; padding-left: 40px;\"><span style=\"font-family: georgia, palatino, serif; font-size: 12pt;\"><span style=\"font-family: 'trebuchet ms', geneva, sans-serif; font-size: 10pt;\"><strong>\ud83d\uddc2\ufe0f <a href=\"http:\/\/dgp.cnpq.br\/dgp\/espelhogrupo\/35750\" target=\"_blank\" rel=\"noopener\">Deslocamentos, observ\u00e2ncias e cartografias contempor\u00e2neas<\/a><\/strong><br \/>L\u00edder(es) do grupo: Eduarda Azevedo Gon\u00e7alves, Alice Jean Monsell<br \/>Docentes participantes: Adriane Rodrigues Corr\u00eaa, <a href=\"https:\/\/wp.ufpel.edu.br\/ppgartes\/docentes-2\/alice-jean-monsell\/\">Alice Jean Monsell<\/a>, Ana Zeferina Ferreira Maio, <a href=\"https:\/\/wp.ufpel.edu.br\/ppgartes\/andrea-lacerda-bachettini\/\">Andrea Lacerda Bachettini<\/a>, Cl\u00e1udia da Silva Paranhos, Diogo dos Santos Gon\u00e7alves, Eduarda Azevedo Goncalves, Eduardo Rocha, <a href=\"https:\/\/wp.ufpel.edu.br\/ppgartes\/helene-gomes-sacco\/\">Helene Gomes Sacco<\/a>, Mara Regina da Silva Nunes, Matheus Guilherme de Oliveira, Nauita Martins Meireles, Pedro Elias Parente da Silveira, Raquel Andrade Ferreira, Raul Costa d&#8217;Avila, Tatiana dos Santos Duarte<\/span><\/span><\/p>\n<hr \/>\n<p style=\"text-align: left;\"><span style=\"font-family: georgia, palatino, serif; font-size: 12pt;\"><span style=\"font-family: 'trebuchet ms', geneva, sans-serif;\"><strong>PESQUISAS ORIENTADAS<\/strong><\/span><\/span><\/p>\n<p style=\"text-align: left;\">MESTRADO<\/p>\n<p style=\"text-align: left; padding-left: 40px;\"><span style=\"font-family: georgia, palatino, serif; font-size: 12pt;\"><span style=\"font-family: 'trebuchet ms', geneva, sans-serif; font-size: 10pt;\"><strong>\ud83d\udcd9 <\/strong><a href=\"http:\/\/guaiaca.ufpel.edu.br\/handle\/prefix\/8292\" target=\"_blank\" rel=\"noopener\"><strong>Campo: Sistemas po\u00e9ticos para medir, praticar e transportar territ\u00f3rios<\/strong><\/a><br \/>Orientanoa: Pedro Elias Parente da Silveira (2022)<\/span><\/span><\/p>\n<p style=\"text-align: left; padding-left: 40px;\"><span style=\"font-family: georgia, palatino, serif; font-size: 12pt;\"><span style=\"font-family: 'trebuchet ms', geneva, sans-serif; font-size: 10pt;\"><strong>\ud83d\udcd9 <a href=\"http:\/\/guaiaca.ufpel.edu.br:8080\/bitstream\/prefix\/6865\/1\/Disserta%c3%a7%c3%a3o_Cibele_da_Rosa_Gil.pdf\" target=\"_blank\" rel=\"noopener noreferrer\">O risco que o risco faz: a fotografia na cidade insegura<\/a><\/strong><br \/>Orientando: Cibele da Rosa Gil (2020)<\/span><\/span><\/p>\n<p style=\"text-align: left; padding-left: 40px;\"><span style=\"font-family: georgia, palatino, serif; font-size: 12pt;\"><span style=\"font-family: 'trebuchet ms', geneva, sans-serif; font-size: 10pt;\"><strong>\ud83d\udcd9 <a href=\"http:\/\/guaiaca.ufpel.edu.br:8080\/handle\/prefix\/6544\" target=\"_blank\" rel=\"noopener noreferrer\">Cartografia art\u00edstica de uma caminhante: a Guabiroba cabe em mim, na cidade e na arte contempor\u00e2nea<\/a><\/strong><br \/>Orientanda: Adriane Rodrigues Correa (2019)<\/span><\/span><\/p>\n<p style=\"text-align: left; padding-left: 40px;\"><span style=\"font-family: georgia, palatino, serif; font-size: 12pt;\"><span style=\"font-family: 'trebuchet ms', geneva, sans-serif; font-size: 10pt;\"><strong>\ud83d\udcd9\u00a0 <a href=\"http:\/\/guaiaca.ufpel.edu.br\/handle\/prefix\/5515\" target=\"_blank\" rel=\"noopener noreferrer\">A performance art\u00edstica a partir das rela\u00e7\u00f5es com as coisas-mem\u00f3ria: ancestralidade, afectos e corpo<\/a><\/strong><br \/>Orientanda: Tatiana dos Santos Duarte (2019)<\/span><\/span><\/p>\n<p style=\"text-align: left; padding-left: 40px;\"><span style=\"font-family: georgia, palatino, serif; font-size: 12pt;\"><span style=\"font-family: 'trebuchet ms', geneva, sans-serif; font-size: 10pt;\"><strong>\ud83d\udcd9 <a href=\"https:\/\/wp.ufpel.edu.br\/ppgartes\/files\/2021\/03\/Dissertacao_Fabrizio-de-Souza-Rodrigues.pdf\" target=\"_blank\" rel=\"noopener noreferrer\">Quando me desloco eu costuro a cidade: Pelotas pespontada sob a po\u00e9tica de um artista visual e figurinista<\/a><\/strong><br \/>Orientando: Fabr\u00edzio de Souza Rodrigues (2018)<\/span><\/span><\/p>\n<p style=\"text-align: left; padding-left: 40px;\"><span style=\"font-family: georgia, palatino, serif; font-size: 12pt;\"><span style=\"font-family: 'trebuchet ms', geneva, sans-serif; font-size: 10pt;\"><strong>\ud83d\udcd9 <a href=\"http:\/\/repositorio.ufpel.edu.br:8080\/handle\/prefix\/4429\" target=\"_blank\" rel=\"noopener noreferrer\">Centro compacto de devaneio\/cidade \u2013 rio: a casa da av\u00f3 como espa\u00e7o alternativo na arte contempor\u00e2nea<\/a><\/strong><br \/>Orientanda: Nauita Martins Meireles (2018)<\/span><\/span><\/p>\n<p style=\"text-align: left; padding-left: 40px;\"><span style=\"font-family: georgia, palatino, serif; font-size: 12pt;\"><span style=\"font-family: 'trebuchet ms', geneva, sans-serif; font-size: 10pt;\"><strong>\ud83d\udcd9 <a href=\"http:\/\/guaiaca.ufpel.edu.br\/bitstream\/prefix\/3917\/1\/Carla%20Borin%20Moura_Disserta%c3%a7%c3%a3o.pdf\" target=\"_blank\" rel=\"noopener noreferrer\">Um estudo po\u00e9tico-cartogr\u00e1fico dos\u00a0<em>maparedes<\/em>\u00a0da cidade de Pelotas<\/a><\/strong><br \/>Orientanda: Carla Borin Moura (2017)<\/span><\/span><\/p>\n<p style=\"text-align: left; padding-left: 40px;\"><span style=\"font-family: georgia, palatino, serif; font-size: 12pt;\"><span style=\"font-family: 'trebuchet ms', geneva, sans-serif; font-size: 10pt;\"><strong>\ud83d\udcd9 <a href=\"http:\/\/guaiaca.ufpel.edu.br\/bitstream\/prefix\/3911\/1\/Fl%c3%a1via%20Leite%20Azambuja_Disserta%c3%a7%c3%a3o.pdf\" target=\"_blank\" rel=\"noopener noreferrer\">Na paisagem, meu corpo recept\u00e1culo de experi\u00eancias \u2013 Vestimenta<\/a><\/strong><br \/>Orientanda: Fla\u0301via Leite Azambuja (2017)<\/span><\/span><\/p>\n<p style=\"text-align: left; padding-left: 40px;\"><span style=\"font-family: georgia, palatino, serif; font-size: 12pt;\"><span style=\"font-family: 'trebuchet ms', geneva, sans-serif; font-size: 10pt;\"><strong>\ud83d\udcd9 <a href=\"http:\/\/repositorio.ufpel.edu.br:8080\/bitstream\/prefix\/3643\/1\/Fabr%c3%adcio_Garcia_Marcon_Disserta%c3%a7%c3%a3o.pdf\" target=\"_blank\" rel=\"noopener noreferrer\">Cartografias po\u00e9ticas da cidade imaginada<\/a><\/strong><br \/>Orientando: Fabr\u00edcio Garcia Marcon (2016)<\/span><\/span><\/p>\n<p style=\"text-align: left; padding-left: 40px;\"><span style=\"font-family: georgia, palatino, serif; font-size: 12pt;\"><span style=\"font-family: 'trebuchet ms', geneva, sans-serif; font-size: 10pt;\"><strong>\ud83d\udcd9 <a href=\"https:\/\/wp.ufpel.edu.br\/mestradoartesvisuais\/files\/2017\/11\/Disserta%C3%A7%C3%A3o-Patr%C3%ADcia-Final.pdf\" target=\"_blank\" rel=\"noopener noreferrer\">T\u00e1ticas de uma professora pedagoga para desenvolver pr\u00e1ticas art\u00edsticas na educa\u00e7\u00e3o infantil<\/a><\/strong><br \/>Orientanda: Rita Patr\u00edcia C\u00e1ceres de Laforet (2015)<\/span><\/span><\/p>\n<p style=\"text-align: left; padding-left: 40px;\"><span style=\"font-family: georgia, palatino, serif; font-size: 12pt;\"><span style=\"font-family: 'trebuchet ms', geneva, sans-serif; font-size: 10pt;\"><strong>\ud83d\udcd9 <a href=\"http:\/\/pergamum.ufpel.edu.br:8080\/pergamumweb\/vinculos\/00007e\/00007e41.pdf\" target=\"_blank\" rel=\"noopener noreferrer\">S\u00edtios de cultivo<\/a><\/strong><br \/>Orientanda: Ana Paula Azevedo Barbosa (2014)<\/span><\/span><\/p>\n<div class=\"ms-editor-squiggler\" style=\"color: initial; font: initial; background: initial; background-blend-mode: initial; border: initial; border-radius: initial; border-collapse: initial; caption-side: initial; clear: initial; columns: initial; column-fill: initial; column-rule: initial; column-span: initial; cursor: initial; flex: initial; flex-flow: initial; float: initial; height: 0px; letter-spacing: initial; margin: initial; max-height: initial; max-width: initial; min-height: initial; min-width: initial; overflow: initial; padding: initial; text-align: initial; text-decoration: initial; text-indent: initial; text-transform: initial; vertical-align: initial; border-spacing: initial; width: initial;\">\u00a0<\/div>\n<div class=\"ms-editor-squiggler\" style=\"color: initial; font: initial; background: initial; background-blend-mode: initial; border: initial; border-radius: initial; border-collapse: initial; caption-side: initial; clear: initial; columns: initial; column-fill: initial; column-rule: initial; column-span: initial; cursor: initial; flex: initial; flex-flow: initial; float: initial; height: 0px; letter-spacing: initial; margin: initial; max-height: initial; max-width: initial; min-height: initial; min-width: initial; overflow: initial; padding: initial; text-align: initial; text-decoration: initial; text-indent: initial; text-transform: initial; vertical-align: initial; border-spacing: initial; width: initial;\">\u00a0<\/div>\n<div class=\"ms-editor-squiggler\" style=\"color: initial; font: initial; background: initial; background-blend-mode: initial; border: initial; border-radius: initial; border-collapse: initial; caption-side: initial; clear: initial; columns: initial; column-fill: initial; column-rule: initial; column-span: initial; cursor: initial; flex: initial; flex-flow: initial; float: initial; height: 0px; letter-spacing: initial; margin: initial; max-height: initial; max-width: initial; min-height: initial; min-width: initial; overflow: initial; padding: initial; text-align: initial; text-decoration: initial; text-indent: initial; text-transform: initial; vertical-align: initial; border-spacing: initial; width: initial;\">\u00a0<\/div>\n\n\n<p><\/p>\n","protected":false},"excerpt":{"rendered":"<p>Eduarda Azevedo Gon\u00e7alves \/\u00a0Curr\u00edculum LattesLinha de Pesquisa: Processos de Cria\u00e7\u00e3o e Po\u00e9ticas do CotidianoE-mail: dudaeduarda.ufpel@gmail.com Forma\u00e7\u00e3o acad\u00eamicaArtista e professora associada do Centro de Artes da Universidade Federa de Pelotas &#8211; UFPel. Bacharel em Pintura pela Universidade Federal de Pelotas (1996). Realizou o Mestrado em Artes Visuais: \u00eanfase em po\u00e9ticas visuais, sob orienta\u00e7\u00e3o da Profa. Dra. [&hellip;]<\/p>\n","protected":false},"author":1258,"featured_media":0,"parent":0,"menu_order":0,"comment_status":"closed","ping_status":"closed","template":"","meta":{"footnotes":""},"class_list":["post-4773","page","type-page","status-publish","hentry"],"_links":{"self":[{"href":"https:\/\/wp.ufpel.edu.br\/ppgartes\/wp-json\/wp\/v2\/pages\/4773","targetHints":{"allow":["GET"]}}],"collection":[{"href":"https:\/\/wp.ufpel.edu.br\/ppgartes\/wp-json\/wp\/v2\/pages"}],"about":[{"href":"https:\/\/wp.ufpel.edu.br\/ppgartes\/wp-json\/wp\/v2\/types\/page"}],"author":[{"embeddable":true,"href":"https:\/\/wp.ufpel.edu.br\/ppgartes\/wp-json\/wp\/v2\/users\/1258"}],"replies":[{"embeddable":true,"href":"https:\/\/wp.ufpel.edu.br\/ppgartes\/wp-json\/wp\/v2\/comments?post=4773"}],"version-history":[{"count":5,"href":"https:\/\/wp.ufpel.edu.br\/ppgartes\/wp-json\/wp\/v2\/pages\/4773\/revisions"}],"predecessor-version":[{"id":11184,"href":"https:\/\/wp.ufpel.edu.br\/ppgartes\/wp-json\/wp\/v2\/pages\/4773\/revisions\/11184"}],"wp:attachment":[{"href":"https:\/\/wp.ufpel.edu.br\/ppgartes\/wp-json\/wp\/v2\/media?parent=4773"}],"curies":[{"name":"wp","href":"https:\/\/api.w.org\/{rel}","templated":true}]}}