{"id":4766,"date":"2021-03-19T19:33:45","date_gmt":"2021-03-19T22:33:45","guid":{"rendered":"https:\/\/wp.ufpel.edu.br\/mestradoartesvisuais\/?page_id=4766"},"modified":"2021-03-19T19:33:45","modified_gmt":"2021-03-19T22:33:45","slug":"4766-2","status":"publish","type":"page","link":"https:\/\/wp.ufpel.edu.br\/ppgartes\/4766-2\/","title":{"rendered":"Cl\u00e1udio Tarouco de Azevedo"},"content":{"rendered":"<p><span style=\"font-family: georgia, palatino, serif;font-size: 12pt\"><strong><a href=\"https:\/\/wp.ufpel.edu.br\/ppgartes\/files\/2019\/05\/Foto-Claudio.jpg\"><img class=\"wp-image-2652 alignleft\" src=\"https:\/\/wp.ufpel.edu.br\/ppgartes\/files\/2019\/05\/Foto-Claudio-200x200.jpg\" alt=\"\" width=\"202\" height=\"202\" \/><\/a><\/strong><\/span><\/p>\n<p><span style=\"font-family: georgia, palatino, serif;font-size: 12pt\"><span style=\"font-size: 18pt\"><strong><span style=\"font-family: 'trebuchet ms', geneva, sans-serif\">Cl\u00e1udio Tarouco de Azevedo <span style=\"font-size: 10pt;color: #999999\">\/\u00a0<\/span><\/span><\/strong><\/span><span style=\"font-family: 'trebuchet ms', geneva, sans-serif;font-size: 10pt\"><span style=\"color: #999999\"><a style=\"color: #999999\" href=\"http:\/\/lattes.cnpq.br\/8041917371066975\" target=\"_blank\" rel=\"noopener noreferrer\">Curr\u00edculum Lattes<\/a><\/span><br \/>\n<strong>Linha de Pesquisa<\/strong>: <a href=\"https:\/\/wp.ufpel.edu.br\/mestradoartesvisuais\/linhas-de-pesquisa\/processos-de-criacao-e-poeticas-do-cotidiano\/\">Processos de Cria\u00e7\u00e3o e Po\u00e9ticas do Cotidiano<\/a><br \/>\n<\/span><\/span><span style=\"font-family: georgia, palatino, serif;font-size: 12pt\"><span style=\"font-family: 'trebuchet ms', geneva, sans-serif;font-size: 10pt\"><strong>Vincula\u00e7\u00e3o institucional<\/strong>: Professor Adjunto na Universidade Federal do Rio Grande &#8211; FURG<\/span><\/span><\/p>\n<p><span style=\"font-family: georgia, palatino, serif;font-size: 12pt\"><span style=\"font-family: 'trebuchet ms', geneva, sans-serif;font-size: 10pt\"><strong><br \/>\nForma\u00e7\u00e3o acad\u00eamica<\/strong><br \/>\nPossui P\u00f3s-Doutorado (2016) pela Universidade Federal de Pelotas (UFPel); Doutorado (2013) e Mestrado em Educa\u00e7\u00e3o Ambiental (2010) e Gradua\u00e7\u00e3o em Artes Visuais Licenciatura (2005) pela Universidade Federal do Rio Grande (FURG).<\/span><\/span><\/p>\n<p><span style=\"font-family: georgia, palatino, serif;font-size: 12pt\"><span style=\"font-family: 'trebuchet ms', geneva, sans-serif;font-size: 10pt\"><strong>E-mail<\/strong>: claudiohifi@yahoo.com.br<\/span><\/span><\/p>\n<hr \/>\n<p><span style=\"font-family: georgia, palatino, serif;font-size: 12pt\"><span style=\"font-family: 'trebuchet ms', geneva, sans-serif\"><strong>PROJETOS DE PESQUISAS<\/strong><\/span><\/span><\/p>\n<p><span style=\"font-family: georgia, palatino, serif;font-size: 12pt\"><span style=\"font-family: 'trebuchet ms', geneva, sans-serif;font-size: 10pt\"><a href=\"https:\/\/wp.ufpel.edu.br\/mestradoartesvisuais\/projetos-de-pesquisa#pp-a-producao-de-subjetividade-em-felix-guattari\"><strong>A produ\u00e7\u00e3o de subjetividade em F\u00e9lix Guattari: experi\u00eancias com arte, ecologia e sa\u00fade<\/strong><\/a><br \/>\nGrupo de Pesquisa: ART\u018eECOS: n\u00facleo de estudos e pr\u00e1ticas art\u00edsticas ecos\u00f3ficas<\/span><\/span><\/p>\n<hr \/>\n<p><span style=\"font-family: georgia, palatino, serif;font-size: 12pt\"><span style=\"font-family: 'trebuchet ms', geneva, sans-serif\"><strong>GRUPOS DE PESQUISAS<\/strong><\/span><\/span><\/p>\n<p><span style=\"font-family: georgia, palatino, serif;font-size: 12pt\"><span style=\"font-family: 'trebuchet ms', geneva, sans-serif;font-size: 10pt\"><strong>Arte, ecologia e sa\u00fade<\/strong><br \/>\nDocentes participantes: Cl\u00e1udio Tarouco de Azevedo (L\u00edder); Claudia Mariza Mattos Brand\u00e3o (Pesquisadora); e Helene Gomes Sacco (Pesquisadora)<br \/>\n<\/span><\/span><\/p>\n<p><span style=\"font-family: georgia, palatino, serif;font-size: 12pt\"><span style=\"font-family: 'trebuchet ms', geneva, sans-serif;font-size: 10pt\"><strong>PHOTOGRAPHEIN \u2013 N\u00facleo de Pesquisa em Fotografia e Educa\u00e7\u00e3o<\/strong><br \/>\nDocentes participantes: Claudia Mariza Mattos Brand\u00e3o (L\u00edder) e Cl\u00e1udio Tarouco de Azevedo (Vice-L\u00edder)<\/span><\/span><\/p>\n<hr \/>\n<p><span style=\"font-family: georgia, palatino, serif;font-size: 12pt\"><span style=\"font-family: 'trebuchet ms', geneva, sans-serif\"><strong>PESQUISAS ORIENTADAS<\/strong><\/span><\/span><\/p>\n<p><span style=\"font-family: georgia, palatino, serif;font-size: 12pt\"><span style=\"font-family: 'trebuchet ms', geneva, sans-serif;font-size: 10pt\">Fotocosturafetiva: tramando encontros com a mem\u00f3ria e o processo de cria\u00e7\u00e3o, tecendo di\u00e1logos com o cotidiano e a arte contempor\u00e2nea<br \/>\nOrientanda: <a href=\"https:\/\/wp.ufpel.edu.br\/mestradoartesvisuais\/kathleen-oliveira-de-avila\/\">Kathleen Oliveira de Avila<\/a>\u00a0(2020)<\/span><\/span><\/p>\n<p><span style=\"font-family: georgia, palatino, serif;font-size: 12pt\"><span style=\"font-family: 'trebuchet ms', geneva, sans-serif;font-size: 10pt\"><strong><a href=\"http:\/\/guaiaca.ufpel.edu.br\/bitstream\/prefix\/5507\/1\/JAISON%20COUTO%20DE%20SOUZA_Dissertacao.pdf\" target=\"_blank\" rel=\"noopener noreferrer\">Artefatos e \u201ccArtografias\u201d: o ensino da arte e a ressignifica\u00e7\u00e3o do ambiente<\/a><\/strong><br \/>\nOrientando: <a href=\"https:\/\/wp.ufpel.edu.br\/mestradoartesvisuais\/jaison-couto-de-souza\/\">Jaison Couto de Souza<\/a> (2019)<\/span><\/span><\/p>\n<p><span style=\"font-family: georgia, palatino, serif;font-size: 12pt\"><span style=\"font-family: 'trebuchet ms', geneva, sans-serif;font-size: 10pt\"><strong><a href=\"http:\/\/guaiaca.ufpel.edu.br\/handle\/prefix\/5505\" target=\"_blank\" rel=\"noopener noreferrer\">Fotografias de cidades invis\u00edveis: um olhar po\u00e9tico e cartogr\u00e1fico sobre os fluxos no bairro Fragata em Pelotas, Rio Grande do Sul<\/a><\/strong><br \/>\nOrientando: <a href=\"https:\/\/wp.ufpel.edu.br\/mestradoartesvisuais\/daniel-rodrigues-moura\/\">Daniel Rodrigues Moura<\/a> (2019)<\/span><\/span><\/p>\n<p><span style=\"font-family: georgia, palatino, serif;font-size: 12pt\"><span style=\"font-family: 'trebuchet ms', geneva, sans-serif;font-size: 10pt\"><strong><a href=\"http:\/\/guaiaca.ufpel.edu.br\/handle\/prefix\/5506\" target=\"_blank\" rel=\"noopener noreferrer\">A sociedade do cansa\u00e7o e a resist\u00eancia contemplativa atrav\u00e9s da fotografia \u201cinspandida\u201d na arte contempor\u00e2nea<\/a><\/strong><br \/>\nOrientando: <a href=\"https:\/\/wp.ufpel.edu.br\/mestradoartesvisuais\/fabricio-simoes-machado\/\">Fabr\u00edcio Sim\u00f5es Machado<\/a> (2019)<\/span><\/span><\/p>\n<p><span style=\"font-family: georgia, palatino, serif;font-size: 12pt\"><span style=\"font-family: 'trebuchet ms', geneva, sans-serif;font-size: 10pt\"><strong><a href=\"http:\/\/guaiaca.ufpel.edu.br\/handle\/prefix\/4421\" target=\"_blank\" rel=\"noopener noreferrer\">Videografias experimentais no ensino de arte: frames da produ\u00e7\u00e3o de subjetividades<\/a><\/strong><br \/>\nOrientanda: <a href=\"https:\/\/wp.ufpel.edu.br\/mestradoartesvisuais\/jessica-thais-demarchi\/\">J\u00e9ssica Tha\u00eds Demarchio<\/a> (2018)<\/span><\/span><\/p>\n<p><span style=\"font-family: georgia, palatino, serif;font-size: 12pt\"><span style=\"font-family: 'trebuchet ms', geneva, sans-serif;font-size: 10pt\"><strong><a href=\"http:\/\/guaiaca.ufpel.edu.br:8080\/bitstream\/prefix\/4430\/1\/Vers%c3%a3o_final_Renan_H_Lunardello_Fonseca_entrega.pdf\" target=\"_blank\" rel=\"noopener noreferrer\">Arte, ecologia e design autoral: um cartaz para o fim do mundo<\/a><\/strong><br \/>\nOrientando: <a href=\"https:\/\/wp.ufpel.edu.br\/mestradoartesvisuais\/renan-humberto-lunardello-fonseca\/\">Renan Humberto Lunardello Fonseca<\/a> (2018)<\/span><\/span><\/p>\n<p><span style=\"font-family: georgia, palatino, serif;font-size: 12pt\"><span style=\"font-family: 'trebuchet ms', geneva, sans-serif;font-size: 10pt\"><strong><a href=\"http:\/\/guaiaca.ufpel.edu.br\/handle\/prefix\/3686\" target=\"_blank\" rel=\"noopener noreferrer\">Paisagem urbana: genealogia de uma inten\u00e7\u00e3o po\u00e9tica em pintura<\/a><\/strong><br \/>\nOrientanda: <a href=\"https:\/\/wp.ufpel.edu.br\/mestradoartesvisuais\/sabina-vallarino-sebasti\/\">Sabina Vallarino Sebasti<\/a> (2017)<\/span><\/span><\/p>\n<p><span style=\"font-family: georgia, palatino, serif;font-size: 12pt\"><span style=\"font-family: 'trebuchet ms', geneva, sans-serif;font-size: 10pt\"><strong><a href=\"http:\/\/repositorio.ufpel.edu.br:8080\/handle\/prefix\/3646\" target=\"_blank\" rel=\"noopener noreferrer\">Estado de escuta: da percep\u00e7\u00e3o, do movimento: uma cartografia do Andejo<\/a><\/strong><br \/>\nOrientando: <a href=\"https:\/\/wp.ufpel.edu.br\/mestradoartesvisuais\/acompanhamento-de-academicos\/ingressantes-2014\/3721-2\/\">Adalberto Geovani Nunes Corr\u00eaa<\/a> (2016)<\/span><\/span><\/p>\n<p><span style=\"font-family: georgia, palatino, serif;font-size: 12pt\"><span style=\"font-family: 'trebuchet ms', geneva, sans-serif;font-size: 10pt\"><strong><a href=\"http:\/\/repositorio.ufpel.edu.br:8080\/handle\/prefix\/3689\" target=\"_blank\" rel=\"noopener noreferrer\">Da vis\u00e3o reprodutora de imagens ao pensamento fotogr\u00e1fico: trajet\u00f3rias para a constru\u00e7\u00e3o de novo olhar atrav\u00e9s do ensino de artes visuais<\/a><\/strong><br \/>\nOrientanda: <a href=\"https:\/\/wp.ufpel.edu.br\/mestradoartesvisuais\/acompanhamento-de-academicos\/ingressantes-2014\/adrise-ferreira-de-souza\/\">Adrise Ferreira de Souza<\/a> (2016)<\/span><\/span><\/p>\n<p><span style=\"font-family: georgia, palatino, serif;font-size: 12pt\"><span style=\"font-family: 'trebuchet ms', geneva, sans-serif;font-size: 10pt\"><strong><a href=\"http:\/\/guaiaca.ufpel.edu.br\/bitstream\/prefix\/3683\/1\/Maria%20Stella_Weikamp_Martinelli_Disserta%c3%a7%c3%a3o.pdf\" target=\"_blank\" rel=\"noopener noreferrer\">Oficina express\u00e3o do sens\u00edvel pais e filhos: uma abordagem Junguiana da arte na sa\u00fade mental atrav\u00e9s do mapa astral no caps-I da cidade de Pelotas<\/a><\/strong><br \/>\nOrientanda: <a href=\"https:\/\/wp.ufpel.edu.br\/mestradoartesvisuais\/maria-stella-weikamp-martinelli\/\">Maria Stella Weikamp Martinelli<\/a>\u00a0(2016)<\/span><\/span><\/p>\n<div class=\"ms-editor-squiggler\" style=\"color: initial;font: initial;background: initial;background-blend-mode: initial;border: initial;border-radius: initial;border-collapse: initial;caption-side: initial;clear: initial;columns: initial;column-fill: initial;column-rule: initial;column-span: initial;cursor: initial;flex: initial;flex-flow: initial;float: initial;height: 0px;letter-spacing: initial;margin: initial;max-height: initial;max-width: initial;min-height: initial;min-width: initial;overflow: initial;padding: initial;text-align: initial;text-decoration: initial;text-indent: initial;text-transform: initial;vertical-align: initial;border-spacing: initial;width: initial\"><\/div>\n<div class=\"ms-editor-squiggler\" style=\"color: initial;font: initial;background: initial;background-blend-mode: initial;border: initial;border-radius: initial;border-collapse: initial;caption-side: initial;clear: initial;columns: initial;column-fill: initial;column-rule: initial;column-span: initial;cursor: initial;flex: initial;flex-flow: initial;float: initial;height: 0px;letter-spacing: initial;margin: initial;max-height: initial;max-width: initial;min-height: initial;min-width: initial;overflow: initial;padding: initial;text-align: initial;text-decoration: initial;text-indent: initial;text-transform: initial;vertical-align: initial;border-spacing: initial;width: initial\"><\/div>\n<div class=\"ms-editor-squiggler\" style=\"color: initial;font: initial;background: initial;background-blend-mode: initial;border: initial;border-radius: initial;border-collapse: initial;caption-side: initial;clear: initial;columns: initial;column-fill: initial;column-rule: initial;column-span: initial;cursor: initial;flex: initial;flex-flow: initial;float: initial;height: 0px;letter-spacing: initial;margin: initial;max-height: initial;max-width: initial;min-height: initial;min-width: initial;overflow: initial;padding: initial;text-align: initial;text-decoration: initial;text-indent: initial;text-transform: initial;vertical-align: initial;border-spacing: initial;width: initial\"><\/div>\n<div class=\"ms-editor-squiggler\" style=\"color: initial;font: initial;background: initial;background-blend-mode: initial;border: initial;border-radius: initial;border-collapse: initial;caption-side: initial;clear: initial;columns: initial;column-fill: initial;column-rule: initial;column-span: initial;cursor: initial;flex: initial;flex-flow: initial;float: initial;height: 0px;letter-spacing: initial;margin: initial;max-height: initial;max-width: initial;min-height: initial;min-width: initial;overflow: initial;padding: initial;text-align: initial;text-decoration: initial;text-indent: initial;text-transform: initial;vertical-align: initial;border-spacing: initial;width: initial\"><\/div>\n","protected":false},"excerpt":{"rendered":"<p>Cl\u00e1udio Tarouco de Azevedo \/\u00a0Curr\u00edculum Lattes Linha de Pesquisa: Processos de Cria\u00e7\u00e3o e Po\u00e9ticas do Cotidiano Vincula\u00e7\u00e3o institucional: Professor Adjunto na Universidade Federal do Rio Grande &#8211; FURG Forma\u00e7\u00e3o acad\u00eamica Possui P\u00f3s-Doutorado (2016) pela Universidade Federal de Pelotas (UFPel); Doutorado (2013) e Mestrado em Educa\u00e7\u00e3o Ambiental (2010) e Gradua\u00e7\u00e3o em Artes Visuais Licenciatura (2005) pela [&hellip;]<\/p>\n","protected":false},"author":1258,"featured_media":0,"parent":0,"menu_order":0,"comment_status":"closed","ping_status":"closed","template":"","meta":{"footnotes":""},"class_list":["post-4766","page","type-page","status-publish","hentry"],"_links":{"self":[{"href":"https:\/\/wp.ufpel.edu.br\/ppgartes\/wp-json\/wp\/v2\/pages\/4766","targetHints":{"allow":["GET"]}}],"collection":[{"href":"https:\/\/wp.ufpel.edu.br\/ppgartes\/wp-json\/wp\/v2\/pages"}],"about":[{"href":"https:\/\/wp.ufpel.edu.br\/ppgartes\/wp-json\/wp\/v2\/types\/page"}],"author":[{"embeddable":true,"href":"https:\/\/wp.ufpel.edu.br\/ppgartes\/wp-json\/wp\/v2\/users\/1258"}],"replies":[{"embeddable":true,"href":"https:\/\/wp.ufpel.edu.br\/ppgartes\/wp-json\/wp\/v2\/comments?post=4766"}],"version-history":[{"count":0,"href":"https:\/\/wp.ufpel.edu.br\/ppgartes\/wp-json\/wp\/v2\/pages\/4766\/revisions"}],"wp:attachment":[{"href":"https:\/\/wp.ufpel.edu.br\/ppgartes\/wp-json\/wp\/v2\/media?parent=4766"}],"curies":[{"name":"wp","href":"https:\/\/api.w.org\/{rel}","templated":true}]}}