{"id":4761,"date":"2021-03-19T19:13:03","date_gmt":"2021-03-19T22:13:03","guid":{"rendered":"https:\/\/wp.ufpel.edu.br\/mestradoartesvisuais\/?page_id=4761"},"modified":"2025-07-15T21:08:40","modified_gmt":"2025-07-16T00:08:40","slug":"claudia-mariza-mattos-brandao","status":"publish","type":"page","link":"https:\/\/wp.ufpel.edu.br\/ppgartes\/claudia-mariza-mattos-brandao\/","title":{"rendered":"Claudia Mariza Mattos Brand\u00e3o"},"content":{"rendered":"\n<figure class=\"wp-block-image size-full is-resized\"><img width=\"199\" height=\"199\" src=\"https:\/\/wp.ufpel.edu.br\/ppgartes\/files\/2025\/07\/image-1.png\" alt=\"\" class=\"wp-image-11181\" style=\"aspect-ratio:1;object-fit:cover;width:350px\"\/><\/figure>\n\n\n<p><span style=\"font-family: georgia, palatino, serif; font-size: 12pt;\"><span style=\"font-size: 18pt;\"><strong><span style=\"font-family: 'trebuchet ms', geneva, sans-serif;\">Claudia Mariza Mattos Brand\u00e3o <span style=\"font-size: 10pt; color: #999999;\">\/\u00a0<\/span><\/span><\/strong><\/span><span style=\"font-family: 'trebuchet ms', geneva, sans-serif; font-size: 10pt;\"><span style=\"color: #999999;\"><a style=\"color: #999999;\" href=\"http:\/\/lattes.cnpq.br\/4898554772122279\" target=\"_blank\" rel=\"noopener noreferrer\">Curr\u00edculum Lattes<\/a><\/span><br \/><strong>Linha de Pesquisa<\/strong>: <a href=\"https:\/\/wp.ufpel.edu.br\/ppgartes\/linhas-de-pesquisa\/\">Educa\u00e7\u00e3o em Artes e Processos de Forma\u00e7\u00e3o Est\u00e9tica<\/a><br \/><\/span><\/span><span style=\"font-family: georgia, palatino, serif; font-size: 12pt;\"><span style=\"font-family: 'trebuchet ms', geneva, sans-serif; font-size: 10pt;\"><strong>E-mail<\/strong>: attos@vetorial.net<\/span><\/span><\/p>\n<p><span style=\"font-family: georgia, palatino, serif; font-size: 12pt;\"><span style=\"font-family: 'trebuchet ms', geneva, sans-serif; font-size: 10pt;\"><strong>Forma\u00e7\u00e3o acad\u00eamica<\/strong><br \/>Possui P\u00f3s-Doutorado (2019) pela Universidade de Aveiro (UA), Portugal; Doutorado em Educa\u00e7\u00e3o (2012) pela Universidade Federal de Pelotas (UFPel); Mestrado em Educa\u00e7\u00e3o Ambiental (2002) pela Universidade Federal do Rio Grande (FURG); Especializa\u00e7\u00e3o em Artes e Educa\u00e7\u00e3o F\u00edsica na Educa\u00e7\u00e3o B\u00e1sica (2008) pela Universidade Federal do Rio Grande do Sul (UFRGS); e Gradua\u00e7\u00e3o em Educa\u00e7\u00e3o Art\u00edstica Habilita\u00e7\u00e3o Artes Pl\u00e1sticas (1997) e Gradua\u00e7\u00e3o em Engenharia Civil (1980) pela Universidade Federal do Rio Grande (FURG).<\/span><\/span><\/p>\n<hr \/>\n<p><span style=\"font-family: georgia, palatino, serif; font-size: 12pt;\"><span style=\"font-family: 'trebuchet ms', geneva, sans-serif;\"><strong>PROJETOS DE PESQUISAS<\/strong><\/span><\/span><\/p>\n<p style=\"padding-left: 40px;\"><span style=\"font-family: georgia, palatino, serif; font-size: 12pt;\"><span style=\"font-family: 'trebuchet ms', geneva, sans-serif; font-size: 10pt;\"><strong>\ud83d\udcc2 <\/strong><a href=\"https:\/\/wp.ufpel.edu.br\/mestradoartesvisuais\/projetos-de-pesquisa#pp-do-pincel-ao-pixel\"><strong>DO PINCEL AO P\u00cdXEL: sobre as (re)apresenta\u00e7\u00f5es de sujeitos\/mundo em imagens<\/strong><\/a><br \/>Grupo de Pesquisa: PhotoGraphein &#8211; N\u00facleo de Pesquisa em Fotografia e Educa\u00e7\u00e3o<\/span><\/span><\/p>\n<hr \/>\n<p><span style=\"font-family: georgia, palatino, serif; font-size: 12pt;\"><span style=\"font-family: 'trebuchet ms', geneva, sans-serif;\"><strong>GRUPOS DE PESQUISAS<\/strong><\/span><\/span><\/p>\n<p style=\"padding-left: 40px;\"><span style=\"font-family: georgia, palatino, serif; font-size: 12pt;\"><span style=\"font-family: 'trebuchet ms', geneva, sans-serif; font-size: 10pt;\"><strong>\ud83d\uddc2\ufe0f Arte, ecologia e sa\u00fade<\/strong><br \/>Docentes participantes: Cl\u00e1udio Tarouco de Azevedo (L\u00edder); Claudia Mariza Mattos Brand\u00e3o (Pesquisadora); e Helene Gomes Sacco (Pesquisadora)<br \/><\/span><\/span><\/p>\n<p style=\"padding-left: 40px;\"><span style=\"font-family: georgia, palatino, serif; font-size: 12pt;\"><span style=\"font-family: 'trebuchet ms', geneva, sans-serif; font-size: 10pt;\"><strong>\ud83d\uddc2\ufe0f PhotoGraphein &#8211; N\u00facleo de Pesquisa em Fotografia e Educa\u00e7\u00e3o<\/strong><br \/>Docentes participantes: Claudia Mariza Mattos Brand\u00e3o (L\u00edder) e Cl\u00e1udio Tarouco de Azevedo (Vice-L\u00edder)<\/span><\/span><\/p>\n<hr \/>\n<p><span style=\"font-family: georgia, palatino, serif; font-size: 12pt;\"><span style=\"font-family: 'trebuchet ms', geneva, sans-serif;\"><strong>PESQUISAS ORIENTADAS<\/strong><\/span><\/span><\/p>\n<p style=\"padding-left: 40px;\"><span style=\"font-family: georgia, palatino, serif; font-size: 12pt;\"><span style=\"font-family: 'trebuchet ms', geneva, sans-serif; font-size: 10pt;\"><strong>\ud83d\udcd9\u00a0<\/strong><a href=\"http:\/\/guaiaca.ufpel.edu.br:8080\/handle\/prefix\/8121\" target=\"_blank\" rel=\"noopener\">MEU CORPO, MINHA ARTE: (Des)Constru\u00e7\u00e3o de imagin\u00e1rios atrav\u00e9s da po\u00e9tica.<\/a><br \/>Orientanda: Dhara Fernanda Nunes Carrara (2021)<\/span><\/span><\/p>\n<p style=\"padding-left: 40px;\"><span style=\"font-family: georgia, palatino, serif; font-size: 12pt;\"><span style=\"font-family: 'trebuchet ms', geneva, sans-serif; font-size: 10pt;\"><strong>\ud83d\udcd9\u00a0<\/strong><a href=\"http:\/\/guaiaca.ufpel.edu.br:8080\/handle\/prefix\/8118\" target=\"_blank\" rel=\"noopener\">Compartilhando experi\u00eancias est\u00e9ticas, refor\u00e7ando afetos e concretizando aprendizagens: potencialidades das artes visuais impulsionando cuidados para com a vida.<\/a><br \/>Orientanda: Berenice Knuth Bailfus (2021)<\/span><\/span><\/p>\n<p style=\"padding-left: 40px;\"><span style=\"font-family: georgia, palatino, serif; font-size: 12pt;\"><span style=\"font-family: 'trebuchet ms', geneva, sans-serif; font-size: 10pt;\"><strong>\ud83d\udcd9\u00a0<\/strong><a href=\"http:\/\/guaiaca.ufpel.edu.br\/handle\/prefix\/6868\">Narrativas visuais de s\u00ed: o livro de artista como mediador do imagin\u00e1rio<\/a><br \/>Orientando: \u00cdtalo Franco Costa\u00a0(2020)<\/span><\/span><\/p>\n<div class=\"ms-editor-squiggler\" style=\"color: initial; font: initial; background: initial; background-blend-mode: initial; border: initial; border-radius: initial; border-collapse: initial; caption-side: initial; clear: initial; columns: initial; column-fill: initial; column-rule: initial; column-span: initial; cursor: initial; flex: initial; flex-flow: initial; float: initial; height: 0px; letter-spacing: initial; margin: initial; max-height: initial; max-width: initial; min-height: initial; min-width: initial; overflow: initial; padding: initial; text-align: initial; text-decoration: initial; text-indent: initial; text-transform: initial; vertical-align: initial; border-spacing: initial; width: initial;\">\u00a0<\/div>\n<div class=\"ms-editor-squiggler\" style=\"color: initial; font: initial; background: initial; background-blend-mode: initial; border: initial; border-radius: initial; border-collapse: initial; caption-side: initial; clear: initial; columns: initial; column-fill: initial; column-rule: initial; column-span: initial; cursor: initial; flex: initial; flex-flow: initial; float: initial; height: 0px; letter-spacing: initial; margin: initial; max-height: initial; max-width: initial; min-height: initial; min-width: initial; overflow: initial; padding: initial; text-align: initial; text-decoration: initial; text-indent: initial; text-transform: initial; vertical-align: initial; border-spacing: initial; width: initial;\">\u00a0<\/div>\n<div class=\"ms-editor-squiggler\" style=\"color: initial; font: initial; background: initial; background-blend-mode: initial; border: initial; border-radius: initial; border-collapse: initial; caption-side: initial; clear: initial; columns: initial; column-fill: initial; column-rule: initial; column-span: initial; cursor: initial; flex: initial; flex-flow: initial; float: initial; height: 0px; letter-spacing: initial; margin: initial; max-height: initial; max-width: initial; min-height: initial; min-width: initial; overflow: initial; padding: initial; text-align: initial; text-decoration: initial; text-indent: initial; text-transform: initial; vertical-align: initial; border-spacing: initial; width: initial;\">\u00a0<\/div>","protected":false},"excerpt":{"rendered":"<p>Claudia Mariza Mattos Brand\u00e3o \/\u00a0Curr\u00edculum LattesLinha de Pesquisa: Educa\u00e7\u00e3o em Artes e Processos de Forma\u00e7\u00e3o Est\u00e9ticaE-mail: attos@vetorial.net Forma\u00e7\u00e3o acad\u00eamicaPossui P\u00f3s-Doutorado (2019) pela Universidade de Aveiro (UA), Portugal; Doutorado em Educa\u00e7\u00e3o (2012) pela Universidade Federal de Pelotas (UFPel); Mestrado em Educa\u00e7\u00e3o Ambiental (2002) pela Universidade Federal do Rio Grande (FURG); Especializa\u00e7\u00e3o em Artes e Educa\u00e7\u00e3o F\u00edsica [&hellip;]<\/p>\n","protected":false},"author":1258,"featured_media":0,"parent":0,"menu_order":0,"comment_status":"closed","ping_status":"closed","template":"","meta":{"footnotes":""},"class_list":["post-4761","page","type-page","status-publish","hentry"],"_links":{"self":[{"href":"https:\/\/wp.ufpel.edu.br\/ppgartes\/wp-json\/wp\/v2\/pages\/4761","targetHints":{"allow":["GET"]}}],"collection":[{"href":"https:\/\/wp.ufpel.edu.br\/ppgartes\/wp-json\/wp\/v2\/pages"}],"about":[{"href":"https:\/\/wp.ufpel.edu.br\/ppgartes\/wp-json\/wp\/v2\/types\/page"}],"author":[{"embeddable":true,"href":"https:\/\/wp.ufpel.edu.br\/ppgartes\/wp-json\/wp\/v2\/users\/1258"}],"replies":[{"embeddable":true,"href":"https:\/\/wp.ufpel.edu.br\/ppgartes\/wp-json\/wp\/v2\/comments?post=4761"}],"version-history":[{"count":3,"href":"https:\/\/wp.ufpel.edu.br\/ppgartes\/wp-json\/wp\/v2\/pages\/4761\/revisions"}],"predecessor-version":[{"id":11183,"href":"https:\/\/wp.ufpel.edu.br\/ppgartes\/wp-json\/wp\/v2\/pages\/4761\/revisions\/11183"}],"wp:attachment":[{"href":"https:\/\/wp.ufpel.edu.br\/ppgartes\/wp-json\/wp\/v2\/media?parent=4761"}],"curies":[{"name":"wp","href":"https:\/\/api.w.org\/{rel}","templated":true}]}}