{"id":4754,"date":"2021-03-19T19:02:59","date_gmt":"2021-03-19T22:02:59","guid":{"rendered":"https:\/\/wp.ufpel.edu.br\/mestradoartesvisuais\/?page_id=4754"},"modified":"2025-07-11T00:26:32","modified_gmt":"2025-07-11T03:26:32","slug":"carmen-anita-hoffmann","status":"publish","type":"page","link":"https:\/\/wp.ufpel.edu.br\/ppgartes\/carmen-anita-hoffmann\/","title":{"rendered":"Carmen Anita Hoffmann"},"content":{"rendered":"\n<figure class=\"wp-block-image size-full is-resized is-style-default\"><img width=\"240\" height=\"215\" src=\"https:\/\/wp.ufpel.edu.br\/ppgartes\/files\/2019\/05\/Foto-Carmen.jpg\" alt=\"\" class=\"wp-image-2650\" style=\"aspect-ratio:1;object-fit:cover;width:350px\"\/><\/figure>\n\n\n<p style=\"text-align: left;\"><span style=\"font-family: georgia, palatino, serif; font-size: 12pt;\"><span style=\"font-size: 18pt;\"><strong><span style=\"font-family: 'trebuchet ms', geneva, sans-serif;\">Carmen Anita Hoffmann <span style=\"font-size: 10pt; color: #999999;\">\/\u00a0<\/span><\/span><\/strong><\/span><span style=\"font-family: 'trebuchet ms', geneva, sans-serif; font-size: 10pt;\"><span style=\"color: #999999;\"><a style=\"color: #999999;\" href=\"http:\/\/lattes.cnpq.br\/2753343798582334\" target=\"_blank\" rel=\"noopener noreferrer\">Curr\u00edculum Lattes<\/a><\/span><br \/><strong>Linha de Pesquisa<\/strong>: <a href=\"https:\/\/wp.ufpel.edu.br\/ppgartes\/linhas-de-pesquisa\/\">Educa\u00e7\u00e3o em Artes e Processos de Forma\u00e7\u00e3o Est\u00e9tica<\/a><br \/><\/span><\/span><span style=\"font-family: georgia, palatino, serif; font-size: 12pt;\"><span style=\"font-family: 'trebuchet ms', geneva, sans-serif; font-size: 10pt;\"><strong>Vincula\u00e7\u00e3o institucional<\/strong>: Professora Titular na Universidade Federal de Pelotas<\/span><\/span><\/p>\n<p style=\"text-align: left;\"><span style=\"font-family: georgia, palatino, serif; font-size: 12pt;\"><span style=\"font-family: 'trebuchet ms', geneva, sans-serif; font-size: 10pt;\"><strong>Forma\u00e7\u00e3o acad\u00eamica<\/strong><br \/>Possui Doutorado em Hist\u00f3ria (2015) pela Pontif\u00edcia Universidade Cat\u00f3lica do Rio Grande do Sul (PUCRS); Mestrado em Hist\u00f3ria \u00cdbero-Americana (2002) e Especializa\u00e7\u00e3o em Ci\u00eancia do Movimento Humano (1996) pela Universidade de Cruz Alta (UNICRUZ); Especializa\u00e7\u00e3o em Forma\u00e7\u00e3o Especial do Curr\u00edculo do Ensino do 2\u00ba Grau. (1992) pela Universidade Regional do Noroeste do Estado do Rio Grande do Sul (UNIJUI); e Gradua\u00e7\u00e3o em Arquitetura e Urbanismo (1980) pela Universidade do Vale do Rio dos Sinos (UNISINOS)<\/span><\/span><\/p>\n<p style=\"text-align: left;\"><span style=\"font-family: georgia, palatino, serif; font-size: 12pt;\"><span style=\"font-family: 'trebuchet ms', geneva, sans-serif; font-size: 10pt;\"><strong>E-mail<\/strong>: carminhalese@yahoo.com.br<\/span><\/span><\/p>\n<hr \/>\n<p style=\"text-align: left;\"><span style=\"font-family: georgia, palatino, serif; font-size: 12pt;\"><span style=\"font-family: 'trebuchet ms', geneva, sans-serif;\"><strong>PROJETOS DE PESQUISAS<\/strong><\/span><\/span><\/p>\n<p style=\"padding-left: 40px; text-align: left;\"><span style=\"font-family: georgia, palatino, serif; font-size: 12pt;\"><span style=\"font-family: 'trebuchet ms', geneva, sans-serif; font-size: 10pt;\"><strong>\ud83d\udcc2 <\/strong><a href=\"https:\/\/wp.ufpel.edu.br\/mestradoartesvisuais\/projetos-de-pesquisa#pp-aspectos-historicos\"><strong>Aspectos Hist\u00f3ricos da Dan\u00e7a no Rio Grande do Sul<\/strong><\/a><br \/><\/span><\/span><\/p>\n<p style=\"padding-left: 40px; text-align: left;\"><span style=\"font-family: georgia, palatino, serif; font-size: 12pt;\"><span style=\"font-family: 'trebuchet ms', geneva, sans-serif; font-size: 10pt;\"><strong>\ud83d\udcc2 <\/strong><a href=\"https:\/\/wp.ufpel.edu.br\/mestradoartesvisuais\/projetos-de-pesquisa#pp-visualidades-tecidas-em-corpos-poeticos-na-contemporaneidade\"><strong>Visualidades tecidas em corpos po\u00e9ticos na contemporaneidade<\/strong><\/a><br \/><\/span><\/span><\/p>\n<hr \/>\n<p style=\"text-align: left;\"><span style=\"font-family: georgia, palatino, serif; font-size: 12pt;\"><span style=\"font-family: 'trebuchet ms', geneva, sans-serif;\"><strong>GRUPOS DE PESQUISAS<\/strong><\/span><\/span><\/p>\n<p style=\"padding-left: 40px; text-align: left;\"><span style=\"font-family: georgia, palatino, serif; font-size: 12pt;\"><span style=\"font-family: 'trebuchet ms', geneva, sans-serif; font-size: 10pt;\"><strong>\ud83d\uddc2\ufe0f <a href=\"http:\/\/dgp.cnpq.br\/dgp\/espelhogrupo\/43374\" target=\"_blank\" rel=\"noopener\">OMEGA \u2013 Observat\u00f3rio de Mem\u00f3ria, Educa\u00e7\u00e3o, Gesto e Arte<\/a><\/strong><br \/>L\u00edder(es) do grupo: Thiago Silva de Amorim Jesus, Josiane Gisela Franken Corr\u00eaa<br \/>Docentes participantes: <a href=\"https:\/\/wp.ufpel.edu.br\/ppgartes\/carmen-anita-hoffmann\/\">Carmen Anita Hoffmann<\/a>, <a href=\"https:\/\/wp.ufpel.edu.br\/ppgartes\/eleonora-campos-da-motta-santos\/\">Eleonora Campos da Motta Santos<\/a>, <a href=\"https:\/\/wp.ufpel.edu.br\/ppgartes\/8673-2\/\">Marco Aurelio da Cruz Souza<\/a><\/span><\/span><\/p>\n<hr \/>\n<p style=\"text-align: left;\"><span style=\"font-family: georgia, palatino, serif; font-size: 12pt;\"><span style=\"font-family: 'trebuchet ms', geneva, sans-serif;\"><strong>PESQUISAS ORIENTADAS<\/strong><\/span><\/span><\/p>\n<p style=\"padding-left: 40px; text-align: left;\"><span style=\"font-family: georgia, palatino, serif; font-size: 12pt;\"><span style=\"font-family: 'trebuchet ms', geneva, sans-serif; font-size: 10pt;\"><strong>\ud83d\udcd9\u00a0<\/strong><a href=\"http:\/\/guaiaca.ufpel.edu.br\/handle\/prefix\/8489\" target=\"_blank\" rel=\"noopener\"><strong>Flor e Ser: Semeando a Arte da Dan\u00e7a na Escola<\/strong><\/a><br \/>Orientanda: Carolina Martins Portela (2022)<\/span><\/span><\/p>\n<p style=\"padding-left: 40px; text-align: left;\"><span style=\"font-family: georgia, palatino, serif; font-size: 12pt;\"><span style=\"font-family: 'trebuchet ms', geneva, sans-serif; font-size: 10pt;\"><strong>\ud83d\udcd9\u00a0<\/strong><a href=\"http:\/\/guaiaca.ufpel.edu.br\/handle\/prefix\/8491\" target=\"_blank\" rel=\"noopener\"><strong>Poner el Cuerpo: Mulheres e Dissid\u00eancias Latino-Americanas em Atos Perform\u00e1ticos<\/strong><\/a><br \/>Orientanda: P\u00e2mela Foga\u00e7a Lopes (2021)<\/span><\/span><\/p>\n<p style=\"padding-left: 40px; text-align: left;\"><span style=\"font-family: georgia, palatino, serif; font-size: 12pt;\"><span style=\"font-family: 'trebuchet ms', geneva, sans-serif; font-size: 10pt;\"><strong>\ud83d\udcd9\u00a0<a href=\"http:\/\/guaiaca.ufpel.edu.br:8080\/handle\/prefix\/8013\" target=\"_blank\" rel=\"noopener noreferrer\">&#8220;Componente Curricular Arte: Percursos Formativos e Doc\u00eancia em Dan\u00e7a na Escola&#8221;<\/a><\/strong><br \/>Orientanda: Jaciara Jorge (2021)<\/span><\/span><\/p>\n<p style=\"padding-left: 40px; text-align: left;\"><span style=\"font-family: georgia, palatino, serif; font-size: 12pt;\"><span style=\"font-family: 'trebuchet ms', geneva, sans-serif; font-size: 10pt;\"><strong>\ud83d\udcd9\u00a0Forma\u00e7\u00e3o de si, a dan\u00e7a e a doc\u00eancia na contemporaneidade<\/strong><br \/>Orientanda: Tauana Oxley Pereira (2020)<\/span><\/span><\/p>\n<p style=\"padding-left: 40px; text-align: left;\"><span style=\"font-family: georgia, palatino, serif; font-size: 12pt;\"><span style=\"font-family: 'trebuchet ms', geneva, sans-serif; font-size: 10pt;\"><strong>\ud83d\udcd9\u00a0<a href=\"http:\/\/guaiaca.ufpel.edu.br:8080\/handle\/prefix\/8051\" target=\"_blank\" rel=\"noopener noreferrer\">\u201cNa presen\u00e7a dan\u00e7amos melhor com a vida\u201d: Ber\u00ea Fuhro Souto<\/a><\/strong><br \/>Orientanda: Miriam Brockmann Guimar\u00e3es (2020)<\/span><\/span><\/p>\n<p style=\"padding-left: 40px; text-align: left;\"><span style=\"font-family: georgia, palatino, serif; font-size: 12pt;\"><span style=\"font-family: 'trebuchet ms', geneva, sans-serif; font-size: 10pt;\"><strong>\ud83d\udcd9\u00a0<a href=\"http:\/\/guaiaca.ufpel.edu.br\/handle\/prefix\/5509\" target=\"_blank\" rel=\"noopener noreferrer\">Sensibilidades: pr\u00e1ticas art\u00edstico-pedag\u00f3gicas com a tem\u00e1tica canina<\/a><\/strong><br \/>Orientanda: Josiane Duarte dos Santos (2019)<\/span><\/span><\/p>\n<div class=\"ms-editor-squiggler\" style=\"color: initial; font: initial; background: initial; background-blend-mode: initial; border: initial; border-radius: initial; border-collapse: initial; caption-side: initial; clear: initial; columns: initial; column-fill: initial; column-rule: initial; column-span: initial; cursor: initial; flex: initial; flex-flow: initial; float: initial; height: 0px; letter-spacing: initial; margin: initial; max-height: initial; max-width: initial; min-height: initial; min-width: initial; overflow: initial; padding: initial; text-align: initial; text-decoration: initial; text-indent: initial; text-transform: initial; vertical-align: initial; border-spacing: initial; width: initial;\">\u00a0<\/div>\n<div class=\"ms-editor-squiggler\" style=\"color: initial; font: initial; background: initial; background-blend-mode: initial; border: initial; border-radius: initial; border-collapse: initial; caption-side: initial; clear: initial; columns: initial; column-fill: initial; column-rule: initial; column-span: initial; cursor: initial; flex: initial; flex-flow: initial; float: initial; height: 0px; letter-spacing: initial; margin: initial; max-height: initial; max-width: initial; min-height: initial; min-width: initial; overflow: initial; padding: initial; text-align: initial; text-decoration: initial; text-indent: initial; text-transform: initial; vertical-align: initial; border-spacing: initial; width: initial;\">\u00a0<\/div>\n<div class=\"ms-editor-squiggler\" style=\"color: initial; font: initial; background: initial; background-blend-mode: initial; border: initial; border-radius: initial; border-collapse: initial; caption-side: initial; clear: initial; columns: initial; column-fill: initial; column-rule: initial; column-span: initial; cursor: initial; flex: initial; flex-flow: initial; float: initial; height: 0px; letter-spacing: initial; margin: initial; max-height: initial; max-width: initial; min-height: initial; min-width: initial; overflow: initial; padding: initial; text-align: initial; text-decoration: initial; text-indent: initial; text-transform: initial; vertical-align: initial; border-spacing: initial; width: initial;\">\u00a0<\/div>\n<div class=\"ms-editor-squiggler\" style=\"color: initial; font: initial; background: initial; background-blend-mode: initial; border: initial; border-radius: initial; border-collapse: initial; caption-side: initial; clear: initial; columns: initial; column-fill: initial; column-rule: initial; column-span: initial; cursor: initial; flex: initial; flex-flow: initial; float: initial; height: 0px; letter-spacing: initial; margin: initial; max-height: initial; max-width: initial; min-height: initial; min-width: initial; overflow: initial; padding: initial; text-align: initial; text-decoration: initial; text-indent: initial; text-transform: initial; vertical-align: initial; border-spacing: initial; width: initial;\">\u00a0<\/div>","protected":false},"excerpt":{"rendered":"<p>Carmen Anita Hoffmann \/\u00a0Curr\u00edculum LattesLinha de Pesquisa: Educa\u00e7\u00e3o em Artes e Processos de Forma\u00e7\u00e3o Est\u00e9ticaVincula\u00e7\u00e3o institucional: Professora Titular na Universidade Federal de Pelotas Forma\u00e7\u00e3o acad\u00eamicaPossui Doutorado em Hist\u00f3ria (2015) pela Pontif\u00edcia Universidade Cat\u00f3lica do Rio Grande do Sul (PUCRS); Mestrado em Hist\u00f3ria \u00cdbero-Americana (2002) e Especializa\u00e7\u00e3o em Ci\u00eancia do Movimento Humano (1996) pela Universidade de [&hellip;]<\/p>\n","protected":false},"author":1258,"featured_media":0,"parent":0,"menu_order":0,"comment_status":"closed","ping_status":"closed","template":"","meta":{"footnotes":""},"class_list":["post-4754","page","type-page","status-publish","hentry"],"_links":{"self":[{"href":"https:\/\/wp.ufpel.edu.br\/ppgartes\/wp-json\/wp\/v2\/pages\/4754","targetHints":{"allow":["GET"]}}],"collection":[{"href":"https:\/\/wp.ufpel.edu.br\/ppgartes\/wp-json\/wp\/v2\/pages"}],"about":[{"href":"https:\/\/wp.ufpel.edu.br\/ppgartes\/wp-json\/wp\/v2\/types\/page"}],"author":[{"embeddable":true,"href":"https:\/\/wp.ufpel.edu.br\/ppgartes\/wp-json\/wp\/v2\/users\/1258"}],"replies":[{"embeddable":true,"href":"https:\/\/wp.ufpel.edu.br\/ppgartes\/wp-json\/wp\/v2\/comments?post=4754"}],"version-history":[{"count":18,"href":"https:\/\/wp.ufpel.edu.br\/ppgartes\/wp-json\/wp\/v2\/pages\/4754\/revisions"}],"predecessor-version":[{"id":11179,"href":"https:\/\/wp.ufpel.edu.br\/ppgartes\/wp-json\/wp\/v2\/pages\/4754\/revisions\/11179"}],"wp:attachment":[{"href":"https:\/\/wp.ufpel.edu.br\/ppgartes\/wp-json\/wp\/v2\/media?parent=4754"}],"curies":[{"name":"wp","href":"https:\/\/api.w.org\/{rel}","templated":true}]}}