{"id":4743,"date":"2021-03-19T17:07:29","date_gmt":"2021-03-19T20:07:29","guid":{"rendered":"https:\/\/wp.ufpel.edu.br\/mestradoartesvisuais\/?page_id=4743"},"modified":"2025-07-11T03:45:08","modified_gmt":"2025-07-11T06:45:08","slug":"alice-jean-monsell","status":"publish","type":"page","link":"https:\/\/wp.ufpel.edu.br\/ppgartes\/docentes-2\/alice-jean-monsell\/","title":{"rendered":"Alice Jean Monsell"},"content":{"rendered":"\n<figure class=\"wp-block-image size-full is-resized is-style-default\"><img width=\"961\" height=\"1160\" src=\"https:\/\/wp.ufpel.edu.br\/ppgartes\/files\/2025\/07\/Fotos-para-BIO-ALice-Monsell-Docente-PPGARTES2.jpg\" alt=\"\" class=\"wp-image-11058\" style=\"aspect-ratio:1;object-fit:cover;width:350px\" srcset=\"https:\/\/wp.ufpel.edu.br\/ppgartes\/files\/2025\/07\/Fotos-para-BIO-ALice-Monsell-Docente-PPGARTES2.jpg 961w, https:\/\/wp.ufpel.edu.br\/ppgartes\/files\/2025\/07\/Fotos-para-BIO-ALice-Monsell-Docente-PPGARTES2-331x400.jpg 331w, https:\/\/wp.ufpel.edu.br\/ppgartes\/files\/2025\/07\/Fotos-para-BIO-ALice-Monsell-Docente-PPGARTES2-848x1024.jpg 848w, https:\/\/wp.ufpel.edu.br\/ppgartes\/files\/2025\/07\/Fotos-para-BIO-ALice-Monsell-Docente-PPGARTES2-768x927.jpg 768w\" sizes=\"(max-width: 961px) 100vw, 961px\" \/><\/figure>\n\n\n<p style=\"text-align: left;\"><span style=\"font-family: georgia, palatino, serif; font-size: 12pt;\"><span style=\"font-size: 18pt;\"><strong><span style=\"font-family: 'trebuchet ms', geneva, sans-serif;\">Alice Jean Monsell <span style=\"font-size: 10pt; color: #999999;\">\/\u00a0<\/span><\/span><\/strong><\/span><span style=\"font-family: 'trebuchet ms', geneva, sans-serif; font-size: 10pt;\"><span style=\"color: #999999;\"><a style=\"color: #999999;\" href=\"http:\/\/lattes.cnpq.br\/4833048616847907\" target=\"_blank\" rel=\"noopener noreferrer\">Curr\u00edculum Lattes<\/a><\/span><br \/><strong>Linha de Pesquisa<\/strong>: <a href=\"https:\/\/wp.ufpel.edu.br\/ppgartes\/linhas-de-pesquisa\/\">Processos de Cria\u00e7\u00e3o e Po\u00e9ticas do Cotidiano<\/a><br \/><\/span><\/span><span style=\"font-family: georgia, palatino, serif; font-size: 12pt;\"><span style=\"font-family: 'trebuchet ms', geneva, sans-serif; font-size: 10pt;\"><strong>E-mail<\/strong>: alicemondomestico@gmail.com<\/span><\/span><\/p>\n<p style=\"text-align: left;\"><span style=\"font-family: georgia, palatino, serif; font-size: 12pt;\"><span style=\"font-family: 'trebuchet ms', geneva, sans-serif; font-size: 10pt;\"><strong>Forma\u00e7\u00e3o acad\u00eamica<\/strong><br \/>Possui Doutorado (2009) e Mestrado (2000) em Artes Visuais pela Universidade Federal do Rio Grande do Sul (UFRGS); Gradua\u00e7\u00e3o em Pintura, Escultura ou Gravura (1995) pela Universidade Federal de Pelotas (UFPel); e Gradua\u00e7\u00e3o em Ingl\u00eas pela The State University of New Jersey &#8211; New Brunswick, RUTGERS, Estados Unidos.<\/span><\/span><\/p>\n<p style=\"text-align: left;\">\u00a0<\/p>\n<hr \/>\n<p style=\"text-align: left;\"><span style=\"font-family: georgia, palatino, serif; font-size: 12pt;\"><span style=\"font-family: 'trebuchet ms', geneva, sans-serif;\"><strong>PROJETOS DE PESQUISAS<\/strong><\/span><\/span><\/p>\n<p style=\"padding-left: 40px; text-align: left;\"><span style=\"font-family: georgia, palatino, serif; font-size: 12pt;\"><span style=\"font-family: 'trebuchet ms', geneva, sans-serif; font-size: 10pt;\"><strong>\ud83d\udcc2 <span style=\"color: #ff0000;\">[ENCERRADO]<\/span><span style=\"color: #999999;\"> Deslocamentos po\u00e9ticos das Sobras do Cotidiano no contexto pand\u00eamico<\/span><\/strong><br \/><span style=\"color: #999999;\">Grupo de Pesquisa: Deslocamentos, observ\u00e2ncias e cartografias contempor\u00e2neas<\/span><\/span><\/span><\/p>\n<p style=\"padding-left: 40px; text-align: left;\"><span style=\"font-family: georgia, palatino, serif; font-size: 12pt;\"><span style=\"font-family: 'trebuchet ms', geneva, sans-serif; font-size: 10pt;\"><strong>\ud83d\udcc2 <a href=\"https:\/\/institucional.ufpel.edu.br\/projetos\/id\/u9035\">Experimentos com Contextos ambientais f\u00edsicos e virtuais por meio de formas de deslocamento po\u00e9tico<\/a><\/strong><br \/>Grupo de Pesquisa: Deslocamentos, observ\u00e2ncias e cartografias contempor\u00e2neas<\/span><\/span><\/p>\n<p style=\"padding-left: 40px; text-align: left;\"><span style=\"font-family: georgia, palatino, serif; font-size: 12pt;\"><span style=\"font-family: 'trebuchet ms', geneva, sans-serif; font-size: 10pt;\"><strong>\ud83d\udcc2 <span style=\"color: #ff0000;\">[ENCERRADO]<\/span><span style=\"color: #999999;\"> <a style=\"color: #999999;\" href=\"https:\/\/institucional.ufpel.edu.br\/projetos\/id\/p9132\">Sobras do cotidiano e contextos dx artista em deslocamento<\/a><\/span><\/strong><br \/><span style=\"color: #999999;\">Grupo de Pesquisa: Deslocamentos, observ\u00e2ncias e cartografias contempor\u00e2neas<\/span><\/span><\/span><\/p>\n<p style=\"padding-left: 40px; text-align: left;\"><span style=\"font-family: georgia, palatino, serif; font-size: 12pt;\"><span style=\"font-family: 'trebuchet ms', geneva, sans-serif; font-size: 10pt;\"><strong>\ud83d\udcc2 SOBRAS DO COTIDIANO E DA ARTE: Contextos, reaproveitamento, di\u00e1logos e documenta\u00e7\u00e3o do lixo em deslocamento entre o espa\u00e7o privado e p\u00fablico<\/strong><br \/>Grupo de Pesquisa: Deslocamentos, observ\u00e2ncias e cartografias contempor\u00e2neas<br \/><\/span><\/span><\/p>\n<p style=\"text-align: left;\">\u00a0<\/p>\n<hr \/>\n<p style=\"text-align: left;\"><span style=\"font-family: georgia, palatino, serif; font-size: 12pt;\"><span style=\"font-family: 'trebuchet ms', geneva, sans-serif;\"><strong>GRUPOS DE PESQUISAS<\/strong><\/span><\/span><\/p>\n<p style=\"padding-left: 40px; text-align: left;\"><span style=\"font-family: georgia, palatino, serif; font-size: 12pt;\"><span style=\"font-family: 'trebuchet ms', geneva, sans-serif; font-size: 10pt;\"><strong>\ud83d\uddc2\ufe0f <a href=\"http:\/\/dgp.cnpq.br\/dgp\/espelhogrupo\/35750\" target=\"_blank\" rel=\"noopener\">Deslocamentos, observ\u00e2ncias e cartografias contempor\u00e2neas<\/a><\/strong><br \/>L\u00edder(es) do grupo: Eduarda Azevedo Gon\u00e7alves, Alice Jean Monsell<br \/>Docentes participantes: Adriane Rodrigues Corr\u00eaa, <a href=\"https:\/\/wp.ufpel.edu.br\/ppgartes\/docentes-2\/alice-jean-monsell\/\">Alice Jean Monsell<\/a>, Ana Zeferina Ferreira Maio, <a href=\"https:\/\/wp.ufpel.edu.br\/ppgartes\/andrea-lacerda-bachettini\/\">Andrea Lacerda Bachettini<\/a>, Cl\u00e1udia da Silva Paranhos, Diogo dos Santos Gon\u00e7alves, Eduarda Azevedo Goncalves, Eduardo Rocha, <a href=\"https:\/\/wp.ufpel.edu.br\/ppgartes\/helene-gomes-sacco\/\">Helene Gomes Sacco<\/a>, Mara Regina da Silva Nunes, Matheus Guilherme de Oliveira, Nauita Martins Meireles, Pedro Elias Parente da Silveira, Raquel Andrade Ferreira, Raul Costa d&#8217;Avila, Tatiana dos Santos Duarte<br \/><\/span><\/span><\/p>\n<p style=\"padding-left: 40px; text-align: left;\"><span style=\"font-family: georgia, palatino, serif; font-size: 12pt;\"><span style=\"font-family: 'trebuchet ms', geneva, sans-serif; font-size: 10pt;\"><strong>\ud83d\uddc2\ufe0f <a href=\"http:\/\/dgp.cnpq.br\/dgp\/espelhogrupo\/28787\">Percursos Po\u00e9ticos: procedimentos e grafias na contemporaneidade<\/a><\/strong><br \/>L\u00edder(es) do grupo: Angela Raffin Pohlmann, Reginaldo da N\u00f3brega Tavares<br \/>Docentes participantes: Adriane Hernandez, Alice Jean Monsell, Ana Paula Penkala, <a href=\"https:\/\/wp.ufpel.edu.br\/ppgartes\/angela-raffin-pohlmann\/\">Angela Raffin Pohlmann<\/a>, Carolina Corr\u00eaa Rochefort, Gerson Rios Leme, Guilherme Carvalho da Rosa, Jo\u00e3o Fernando Igansi Nunes, Jos\u00e9 Luiz de Pellegrin, <a href=\"https:\/\/wp.ufpel.edu.br\/ppgartes\/kelly-wendt\/\">Kelly Wendt<\/a>, <a href=\"https:\/\/wp.ufpel.edu.br\/ppgartes\/lauer-alves-nunes-dos-santos\/\">Lauer Alves Nunes dos Santos<\/a>, L\u00facia Bergamaschi Costa Weymar, Luiz Roberto Lima Barbosa, Martha Gomes de Freitas, <a href=\"https:\/\/wp.ufpel.edu.br\/ppgartes\/nadia-da-cruz-senna\/\">N\u00e1dia da Cruz Senna<\/a>,Paulo Renato Viegas Dam\u00e9, Raquel Azambuja Santos, Reginaldo da N\u00f3brega Tavares, Vivian Herzog<\/span><\/span><\/p>\n<p style=\"text-align: left;\">\u00a0<\/p>\n<hr \/>\n<p style=\"text-align: left;\"><span style=\"font-family: georgia, palatino, serif; font-size: 12pt;\"><span style=\"font-family: 'trebuchet ms', geneva, sans-serif;\"><strong>PESQUISAS ORIENTADAS<\/strong><\/span><\/span><\/p>\n<p style=\"padding-left: 40px; text-align: left;\">MESTRADO<\/p>\n<p style=\"padding-left: 40px; text-align: left;\"><span style=\"font-family: georgia, palatino, serif; font-size: 12pt;\"><span style=\"font-family: 'trebuchet ms', geneva, sans-serif; font-size: 10pt;\"><strong>\ud83d\udcd9 Corpo Performativo: Rela\u00e7\u00f5es com objetos vest\u00edveis<\/strong><\/span><\/span><span style=\"font-family: georgia, palatino, serif; font-size: 12pt;\"><span style=\"font-family: 'trebuchet ms', geneva, sans-serif; font-size: 10pt;\"><br \/>Orientando: Rogger da Silva Bandeira (2023)<\/span><\/span><\/p>\n<p style=\"padding-left: 40px; text-align: left;\"><span style=\"font-family: georgia, palatino, serif; font-size: 12pt;\"><span style=\"font-family: 'trebuchet ms', geneva, sans-serif; font-size: 10pt;\"><strong>\ud83d\udcd9 <\/strong><\/span><\/span><span style=\"font-family: georgia, palatino, serif; font-size: 12pt;\"><span style=\"font-family: 'trebuchet ms', geneva, sans-serif; font-size: 10pt;\"><a href=\"http:\/\/guaiaca.ufpel.edu.br\/handle\/prefix\/8492\" target=\"_blank\" rel=\"noopener\"><strong>[RevisitA\u00e7\u00f5es Po\u00e9ticas] Apropriar, citar e recontextualizar: Procedimentos para propor um ser em experimenta\u00e7\u00e3o.<\/strong><\/a><br \/>Orientando: Thiago Ligabue Pinto\u00a0(2022)<\/span><\/span><\/p>\n<p style=\"padding-left: 40px; text-align: left;\"><span style=\"font-family: georgia, palatino, serif; font-size: 12pt;\"><span style=\"font-family: 'trebuchet ms', geneva, sans-serif; font-size: 10pt;\"><strong>\ud83d\udcd9 <\/strong><a href=\"http:\/\/guaiaca.ufpel.edu.br:8080\/handle\/prefix\/8230\" target=\"_blank\" rel=\"noopener\"><strong>Comunidade Balne\u00e1rio dos Prazeres: Caminhar, Fotografar e micro-a\u00e7\u00f5es-eco-art\u00edsticas<\/strong><\/a><br \/>Orientanda: Mara Regina da Silva Nunes (2021)<\/span><\/span><\/p>\n<p style=\"padding-left: 40px; text-align: left;\"><span style=\"font-family: georgia, palatino, serif; font-size: 12pt;\"><span style=\"font-family: 'trebuchet ms', geneva, sans-serif; font-size: 10pt;\"><strong>\ud83d\udcd9 <a href=\"http:\/\/guaiaca.ufpel.edu.br:8080\/bitstream\/prefix\/4415\/1\/Dissertacao_REVISADA.pdf\" target=\"_blank\" rel=\"noopener noreferrer\">Bonecas feias: brincando (para resistir) com padr\u00f5es do corpo<\/a><\/strong><br \/>Orientanda: Cl\u00e1udia da Silva Paranhos (2018)<\/span><\/span><\/p>\n<p style=\"padding-left: 40px; text-align: left;\"><span style=\"font-family: georgia, palatino, serif; font-size: 12pt;\"><span style=\"font-family: 'trebuchet ms', geneva, sans-serif; font-size: 10pt;\"><strong>\ud83d\udcd9 <a href=\"http:\/\/guaiaca.ufpel.edu.br\/handle\/prefix\/4417\" target=\"_blank\" rel=\"noopener noreferrer\">Glitches po\u00e9ticos em relatos afetivos<\/a><\/strong><br \/>Orientando: Diogo dos Santos Gon\u00e7alves (2018)<\/span><\/span><\/p>\n<p style=\"padding-left: 40px; text-align: left;\"><span style=\"font-family: georgia, palatino, serif; font-size: 12pt;\"><span style=\"font-family: 'trebuchet ms', geneva, sans-serif; font-size: 10pt;\"><strong>\ud83d\udcd9 <a href=\"http:\/\/guaiaca.ufpel.edu.br\/handle\/prefix\/3910\" target=\"_blank\" rel=\"noopener noreferrer\">Atmosfera rural: experi\u00eancia e resili\u00eancia na arte contempor\u00e2nea<\/a><\/strong><br \/>Orientanda: Gracia Casaretto Calderon (2017)<\/span><\/span><\/p>\n<p style=\"padding-left: 40px; text-align: left;\"><span style=\"font-family: georgia, palatino, serif; font-size: 12pt;\"><span style=\"font-family: 'trebuchet ms', geneva, sans-serif; font-size: 10pt;\"><strong>\ud83d\udcd9 <a href=\"https:\/\/drive.google.com\/open?id=13ZluMbnat2cpAt9QnWkJJW47Bb06TnY5\" target=\"_blank\" rel=\"noopener noreferrer\">Atos de subverter e (des)mascarar a imagem: <em>trans<\/em>-ferir, mutilar, fragmentar, (des)figurar<\/a><\/strong><br \/>Orientanda: Alexandra Kern Assump\u00e7\u00e3o (2016)<\/span><\/span><\/p>\n<p style=\"padding-left: 40px; text-align: left;\"><span style=\"font-family: georgia, palatino, serif; font-size: 12pt;\"><span style=\"font-family: 'trebuchet ms', geneva, sans-serif; font-size: 10pt;\"><strong>\ud83d\udcd9 <a href=\"http:\/\/guaiaca.ufpel.edu.br\/bitstream\/prefix\/3681\/1\/J%c3%a9ssica%20Batista%20Disserta%c3%a7%c3%a3o.pdf\" target=\"_blank\" rel=\"noopener noreferrer\">Atr\u00e1s da porta: narrativas visuais \u00edntimas<\/a><\/strong><br \/>Orientanda: J\u00e9ssica Batista (2016)<\/span><\/span><\/p>\n<p style=\"text-align: left;\">\u00a0<\/p>\n<div class=\"ms-editor-squiggler\" style=\"color: initial; font: initial; background: initial; background-blend-mode: initial; border: initial; border-radius: initial; border-collapse: initial; caption-side: initial; clear: initial; columns: initial; column-fill: initial; column-rule: initial; column-span: initial; cursor: initial; flex: initial; flex-flow: initial; float: initial; height: 0px; letter-spacing: initial; margin: initial; max-height: initial; max-width: initial; min-height: initial; min-width: initial; overflow: initial; padding: initial; text-align: initial; text-decoration: initial; text-indent: initial; text-transform: initial; vertical-align: initial; border-spacing: initial; width: initial;\">\u00a0<\/div>\n<div class=\"ms-editor-squiggler\" style=\"color: initial; font: initial; background: initial; background-blend-mode: initial; border: initial; border-radius: initial; border-collapse: initial; caption-side: initial; clear: initial; columns: initial; column-fill: initial; column-rule: initial; column-span: initial; cursor: initial; flex: initial; flex-flow: initial; float: initial; height: 0px; letter-spacing: initial; margin: initial; max-height: initial; max-width: initial; min-height: initial; min-width: initial; overflow: initial; padding: initial; text-align: initial; text-decoration: initial; text-indent: initial; text-transform: initial; vertical-align: initial; border-spacing: initial; width: initial;\">\u00a0<\/div>\n<div class=\"ms-editor-squiggler\" style=\"color: initial; font: initial; background: initial; background-blend-mode: initial; border: initial; border-radius: initial; border-collapse: initial; caption-side: initial; clear: initial; columns: initial; column-fill: initial; column-rule: initial; column-span: initial; cursor: initial; flex: initial; flex-flow: initial; float: initial; height: 0px; letter-spacing: initial; margin: initial; max-height: initial; max-width: initial; min-height: initial; min-width: initial; overflow: initial; padding: initial; text-align: initial; text-decoration: initial; text-indent: initial; text-transform: initial; vertical-align: initial; border-spacing: initial; width: initial;\">\u00a0<\/div>\n<div class=\"ms-editor-squiggler\" style=\"color: initial; font: initial; background: initial; background-blend-mode: initial; border: initial; border-radius: initial; border-collapse: initial; caption-side: initial; clear: initial; columns: initial; column-fill: initial; column-rule: initial; column-span: initial; cursor: initial; flex: initial; flex-flow: initial; float: initial; height: 0px; letter-spacing: initial; margin: initial; max-height: initial; max-width: initial; min-height: initial; min-width: initial; overflow: initial; padding: initial; text-align: initial; text-decoration: initial; text-indent: initial; text-transform: initial; vertical-align: initial; border-spacing: initial; width: initial;\">\u00a0<\/div>\n<div class=\"ms-editor-squiggler\" style=\"color: initial; font: initial; background: initial; background-blend-mode: initial; border: initial; border-radius: initial; border-collapse: initial; caption-side: initial; clear: initial; columns: initial; column-fill: initial; column-rule: initial; column-span: initial; cursor: initial; flex: initial; flex-flow: initial; float: initial; height: 0px; letter-spacing: initial; margin: initial; max-height: initial; max-width: initial; min-height: initial; min-width: initial; overflow: initial; padding: initial; text-align: initial; text-decoration: initial; text-indent: initial; text-transform: initial; vertical-align: initial; border-spacing: initial; width: initial;\">\u00a0<\/div>","protected":false},"excerpt":{"rendered":"<p>Alice Jean Monsell \/\u00a0Curr\u00edculum LattesLinha de Pesquisa: Processos de Cria\u00e7\u00e3o e Po\u00e9ticas do CotidianoE-mail: alicemondomestico@gmail.com Forma\u00e7\u00e3o acad\u00eamicaPossui Doutorado (2009) e Mestrado (2000) em Artes Visuais pela Universidade Federal do Rio Grande do Sul (UFRGS); Gradua\u00e7\u00e3o em Pintura, Escultura ou Gravura (1995) pela Universidade Federal de Pelotas (UFPel); e Gradua\u00e7\u00e3o em Ingl\u00eas pela The State University [&hellip;]<\/p>\n","protected":false},"author":1258,"featured_media":0,"parent":5006,"menu_order":0,"comment_status":"closed","ping_status":"closed","template":"","meta":{"footnotes":""},"class_list":["post-4743","page","type-page","status-publish","hentry"],"_links":{"self":[{"href":"https:\/\/wp.ufpel.edu.br\/ppgartes\/wp-json\/wp\/v2\/pages\/4743","targetHints":{"allow":["GET"]}}],"collection":[{"href":"https:\/\/wp.ufpel.edu.br\/ppgartes\/wp-json\/wp\/v2\/pages"}],"about":[{"href":"https:\/\/wp.ufpel.edu.br\/ppgartes\/wp-json\/wp\/v2\/types\/page"}],"author":[{"embeddable":true,"href":"https:\/\/wp.ufpel.edu.br\/ppgartes\/wp-json\/wp\/v2\/users\/1258"}],"replies":[{"embeddable":true,"href":"https:\/\/wp.ufpel.edu.br\/ppgartes\/wp-json\/wp\/v2\/comments?post=4743"}],"version-history":[{"count":6,"href":"https:\/\/wp.ufpel.edu.br\/ppgartes\/wp-json\/wp\/v2\/pages\/4743\/revisions"}],"predecessor-version":[{"id":11062,"href":"https:\/\/wp.ufpel.edu.br\/ppgartes\/wp-json\/wp\/v2\/pages\/4743\/revisions\/11062"}],"up":[{"embeddable":true,"href":"https:\/\/wp.ufpel.edu.br\/ppgartes\/wp-json\/wp\/v2\/pages\/5006"}],"wp:attachment":[{"href":"https:\/\/wp.ufpel.edu.br\/ppgartes\/wp-json\/wp\/v2\/media?parent=4743"}],"curies":[{"name":"wp","href":"https:\/\/api.w.org\/{rel}","templated":true}]}}