{"id":4571,"date":"2021-01-13T10:25:50","date_gmt":"2021-01-13T13:25:50","guid":{"rendered":"https:\/\/wp.ufpel.edu.br\/mestradoartesvisuais\/?page_id=4571"},"modified":"2021-01-13T10:25:50","modified_gmt":"2021-01-13T13:25:50","slug":"turma-7-2018-2020","status":"publish","type":"page","link":"https:\/\/wp.ufpel.edu.br\/ppgartes\/publicacoes\/dissertacoes\/turma-7-2018-2020\/","title":{"rendered":"TURMA 7 \u2013 2018-2020"},"content":{"rendered":"<p><span style=\"font-family: 'trebuchet ms', geneva, sans-serif;font-size: 14pt\"><strong>\/\/ Disserta\u00e7\u00f5es <span style=\"font-size: 10pt\">\/ 7\u00aa turma do Mestrado <\/span><\/strong><span style=\"font-size: 10pt\">( 2018 &#8211; 2020 )<br \/>\n<span style=\"font-family: georgia, palatino, serif\"><span style=\"font-family: 'trebuchet ms', geneva, sans-serif\">\/ para acessar o trabalho clique sobre o t\u00edtulo correspondente<br \/>\n\/ para mais informa\u00e7\u00f5es sobre o autor e a pesquisa, basta clicar sobre o nome do autor abaixo do t\u00edtulo do trabalho<\/span><\/span><br \/>\n<\/span><\/span><\/p>\n<hr \/>\n<p style=\"padding-left: 40px\"><span style=\"font-family: 'trebuchet ms', geneva, sans-serif;font-size: 10pt\"><strong><span style=\"font-size: 12pt\">&#8211;<\/span><br \/>\nMESTRANDO(A):<\/strong> <a href=\"https:\/\/wp.ufpel.edu.br\/mestradoartesvisuais\/amanda-machado-madruga\/\">Amanda Machado Madruga<\/a><br \/>\n<strong>ORIENTADOR(A):<\/strong><br \/>\n<strong>BANCA:<\/strong><br \/>\n<strong>DATA:<\/strong>\u00a0<\/span><\/p>\n<p style=\"padding-left: 40px\"><a href=\"http:\/\/repositorio.ufpel.edu.br:8080\/handle\/prefix\/6864\" target=\"_blank\" rel=\"noopener noreferrer\"><strong><span style=\"font-family: 'trebuchet ms', geneva, sans-serif\">Do silenciamento \u00e0 insurrei\u00e7\u00e3o: a mulher e o estigma da loucura em gestos, escritos e imagens<\/span><\/strong><\/a><br \/>\n<span style=\"font-family: 'trebuchet ms', geneva, sans-serif;font-size: 10pt\"><strong>MESTRANDO(A):<\/strong> <a href=\"https:\/\/wp.ufpel.edu.br\/mestradoartesvisuais\/ana-carolina-tavares-sousa\/\">Ana Carolina Tavares Sousa<\/a><br \/>\n<strong>ORIENTADOR(A):<\/strong> <a href=\"https:\/\/wp.ufpel.edu.br\/mestradoartesvisuais\/nadia-da-cruz-senna\/\">Profa. Dra. N\u00e1dia da Cruz Senna (PPGAVI\/UFPel)<\/a><br \/>\n<strong>BANCA:<\/strong> Profa. Dra. Aline Accorssi<br \/>\nProfa. Dra. Angelita Hentges<br \/>\nProfa. Dra. Helene Gomes Sacco<br \/>\nProfa. Dra. Rosangela Fachel de Medeiros<br \/>\n<strong>DATA:<\/strong> 14\/10\/20<\/span><\/p>\n<p style=\"padding-left: 40px\"><span style=\"font-family: 'trebuchet ms', geneva, sans-serif;font-size: 10pt\"><strong><span style=\"font-size: 12pt\">&#8211;<\/span><\/strong><\/span><br \/>\n<span style=\"font-family: 'trebuchet ms', geneva, sans-serif;font-size: 10pt\"><strong>MESTRANDO(A):<\/strong> <a href=\"https:\/\/wp.ufpel.edu.br\/mestradoartesvisuais\/ana-paula-siga-langone\/\">Ana Paula Siga Langone<\/a><br \/>\n<strong>ORIENTADOR(A):<\/strong><br \/>\n<strong>BANCA:<\/strong><br \/>\n<strong>DATA:<\/strong>\u00a0<\/span><\/p>\n<p style=\"padding-left: 40px\"><span style=\"font-family: 'trebuchet ms', geneva, sans-serif\"><strong><span style=\"font-size: 12pt\">CINEGRAS: Gri\u00f4s de audiovisualidades afroc\u00eantricas do cinema negro no Brasil<\/span><\/strong><\/span><br \/>\n<span style=\"font-family: 'trebuchet ms', geneva, sans-serif;font-size: 10pt\"><strong>MESTRANDO(A):<\/strong> <a href=\"https:\/\/wp.ufpel.edu.br\/mestradoartesvisuais\/barbara-cezano-rody\/\">B\u00e1rbara Cezano Rody<\/a><br \/>\n<strong>ORIENTADOR(A):<\/strong> <a href=\"https:\/\/wp.ufpel.edu.br\/mestradoartesvisuais\/larissa-patron-chaves\/\">Profa. Dra. Larissa Patron Chaves (PPGAVI\/UFPel)<\/a><br \/>\n<strong>BANCA:<\/strong> Profa. Dra. Loredana Ribeiro<br \/>\nProf. Dr. Felipe Merker Castellani<br \/>\nProfa. Dra. Jana\u00edna Oliveira<br \/>\n<strong>DATA:<\/strong> 04\/fevereiro\/2021<\/span><\/p>\n<p style=\"padding-left: 40px\"><span style=\"font-family: 'trebuchet ms', geneva, sans-serif;font-size: 10pt\"><strong><span style=\"font-size: 12pt\">&#8211;<\/span><\/strong><\/span><br \/>\n<span style=\"font-family: 'trebuchet ms', geneva, sans-serif;font-size: 10pt\"><strong>MESTRANDO(A):<\/strong> <a href=\"https:\/\/wp.ufpel.edu.br\/mestradoartesvisuais\/caroline-ribeiro-paz\/\">Caroline Ribeiro Paz<\/a><br \/>\n<strong>ORIENTADOR(A):<\/strong><br \/>\n<strong>BANCA:<\/strong><br \/>\n<strong>DATA:<\/strong>\u00a0<\/span><\/p>\n<p style=\"padding-left: 40px\"><span style=\"font-family: 'trebuchet ms', geneva, sans-serif;font-size: 12pt\"><strong><a href=\"http:\/\/guaiaca.ufpel.edu.br:8080\/bitstream\/prefix\/6865\/1\/Disserta%c3%a7%c3%a3o_Cibele_da_Rosa_Gil.pdf\" target=\"_blank\" rel=\"noopener noreferrer\">O risco que o risco faz: a\u00a0fotografia na cidade insegura<\/a><\/strong><\/span><br \/>\n<span style=\"font-family: 'trebuchet ms', geneva, sans-serif;font-size: 10pt\"><strong>MESTRANDO(A):<\/strong> <a href=\"https:\/\/wp.ufpel.edu.br\/mestradoartesvisuais\/cibele-da-rosa-gil\/\">Cibele da Rosa Gil<\/a><br \/>\n<strong>ORIENTADOR(A):<\/strong> <a href=\"https:\/\/wp.ufpel.edu.br\/mestradoartesvisuais\/eduarda-azevedo-goncalves\/\">Profa. Dra. Eduarda Azevedo Gon\u00e7alves (PPGAVI\/UFPel)<\/a><br \/>\n<strong>BANCA:<\/strong> Profa. Dra. Helene Gomes Sacco<br \/>\nProfa. Dra. Ros\u00e2ngela Fachel de Medeiros<br \/>\nProfa. Dra. Niura Aparecida Legramente Ribeiro<br \/>\n<strong>DATA:<\/strong> 30\/outubro\/2020<\/span><\/p>\n<p style=\"padding-left: 40px\"><strong><span style=\"font-family: 'trebuchet ms', geneva, sans-serif\"><a href=\"http:\/\/repositorio.ufpel.edu.br:8080\/handle\/prefix\/6866\" target=\"_blank\" rel=\"noopener noreferrer\">A sobreviv\u00eancia do lugar: o cuidado como pr\u00e1tica art\u00edstica<\/a><\/span><\/strong><br \/>\n<span style=\"font-family: 'trebuchet ms', geneva, sans-serif;font-size: 10pt\"><strong>MESTRANDO(A):<\/strong> <a href=\"https:\/\/wp.ufpel.edu.br\/mestradoartesvisuais\/elivelto-alves-de-souza\/\">Elivelto Alves de Souza<\/a><br \/>\n<strong>ORIENTADOR(A):<\/strong> <a href=\"https:\/\/wp.ufpel.edu.br\/mestradoartesvisuais\/helene-gomes-sacco\/\">Profa. Dra. Helene Gomes Sacco (PPGAVI\/UFPel)<\/a><br \/>\n<strong>BANCA:<\/strong> Profa. Dra. Renata Azevedo Requi\u00e3o<br \/>\nProfa. Dra. Gabriela Motta<br \/>\nProfa. Dra. Eduarda Azevedo Gon\u00e7alves<br \/>\n<strong>DATA:<\/strong> 27\/outubro\/2020<\/span><\/p>\n<p style=\"padding-left: 40px\"><strong><span style=\"font-family: 'trebuchet ms', geneva, sans-serif;font-size: 12pt\">Topofagias: po\u00e9ticas arquitetadas entre cidade, palavra e as artes visuais<\/span><\/strong><br \/>\n<span style=\"font-family: 'trebuchet ms', geneva, sans-serif;font-size: 10pt\"><strong>MESTRANDO(A):<\/strong> <a href=\"https:\/\/wp.ufpel.edu.br\/mestradoartesvisuais\/fernanda-fedrizzi-loureiro-de-lima\/\">Fernanda Fedrizzi Loureiro de Lima<\/a><br \/>\n<strong>ORIENTADOR(A):<\/strong> <a href=\"https:\/\/wp.ufpel.edu.br\/mestradoartesvisuais\/helene-gomes-sacco\/\">Profa. Dra. Helene Gomes Sacco (PPGAVI\/UFPel)<\/a><br \/>\n<strong>BANCA:<\/strong> Profa. Dra. Renata Azevedo Requi\u00e3o<br \/>\nProfa. Dra. Gabriela Motta<br \/>\nProfa. Dra. Eduarda Azevedo Gon\u00e7alves<br \/>\n<strong>DATA:<\/strong> 13\/outubro\/2020<\/span><\/p>\n<p style=\"padding-left: 40px\"><span style=\"font-family: 'trebuchet ms', geneva, sans-serif;font-size: 10pt\"><strong><span style=\"font-size: 12pt\">&#8211;<\/span><\/strong><\/span><br \/>\n<span style=\"font-family: 'trebuchet ms', geneva, sans-serif;font-size: 10pt\"><strong>MESTRANDO(A):<\/strong> <a href=\"https:\/\/wp.ufpel.edu.br\/mestradoartesvisuais\/isadora-cristina-bortolossi-rodrigues\/\">Isadora Cristina Bortolossi Rodrigues<\/a><br \/>\n<strong>ORIENTADOR(A):<\/strong><br \/>\n<strong>BANCA:<\/strong><br \/>\n<strong>DATA:<\/strong>\u00a0<\/span><\/p>\n<p style=\"padding-left: 40px\"><a href=\"http:\/\/guaiaca.ufpel.edu.br\/handle\/prefix\/6868\" target=\"_blank\" rel=\"noopener noreferrer\"><span style=\"font-size: 12pt\"><strong><span style=\"font-family: 'trebuchet ms', geneva, sans-serif\">Narrativas visuais de s\u00ed: o livro de artista como mediador do imagin\u00e1rio<\/span><\/strong><\/span><\/a><br \/>\n<span style=\"font-family: 'trebuchet ms', geneva, sans-serif;font-size: 10pt\"><strong>MESTRANDO(A):<\/strong> <a href=\"https:\/\/wp.ufpel.edu.br\/mestradoartesvisuais\/italo-franco-costa\/\">\u00cdtalo Franco Costa<\/a><br \/>\n<strong>ORIENTADOR(A):<\/strong> <a href=\"https:\/\/wp.ufpel.edu.br\/mestradoartesvisuais\/claudia-mariza-mattos-brandao\/\">Profa. Dra. Cl\u00e1udia Mariza Mattos Brand\u00e3o (PPGAVI\/UFPel)<\/a><br \/>\n<strong>BANCA:<\/strong> Prof. Dr. Cl\u00e1udio Tarouco de Azevedo<br \/>\nProfa. Dra. Manoela dos Anjos Afonso Rodrigues<br \/>\nProfa. Dra. Helene Gomes Sacco Carbone<br \/>\n<strong>DATA:<\/strong> 30\/outubro\/2020<\/span><\/p>\n<p style=\"padding-left: 40px\"><strong><span style=\"font-size: 12pt;font-family: 'trebuchet ms', geneva, sans-serif\">Fotocosturafetiva: tramando encontros com a mem\u00f3ria e o processo de cria\u00e7\u00e3o, tecendo di\u00e1logos com o cotidiano e a arte contempor\u00e2nea<\/span><\/strong><br \/>\n<span style=\"font-family: 'trebuchet ms', geneva, sans-serif;font-size: 10pt\"><strong>MESTRANDO(A):<\/strong> <a href=\"https:\/\/wp.ufpel.edu.br\/mestradoartesvisuais\/kathleen-oliveira-de-avila\/\">Kathleen Oliveira de Avila<\/a><br \/>\n<strong>ORIENTADOR(A):<\/strong> <a href=\"https:\/\/wp.ufpel.edu.br\/mestradoartesvisuais\/4766-2\/\">Prof. Dr. Cl\u00e1udio Tarouco de Azevedo (PPGAVI\/UFPel \u2013 ILA\/FURG)<\/a><br \/>\n<strong>BANCA:<\/strong> Profa. Dra. Luciana Netto Dolci<br \/>\nProfa. Dra. Helene Gomes Sacco Carbone<br \/>\n<strong>DATA:<\/strong> 15\/dezembro\/2020<\/span><\/p>\n<p style=\"padding-left: 40px\"><span style=\"font-size: 12pt\"><strong><span style=\"font-family: 'trebuchet ms', geneva, sans-serif\">Po\u00e9ticas visuais: enquadramentos femininos em videodan\u00e7a<\/span><\/strong><\/span><br \/>\n<span style=\"font-family: 'trebuchet ms', geneva, sans-serif;font-size: 10pt\"><strong>MESTRANDO(A):<\/strong> <a href=\"https:\/\/wp.ufpel.edu.br\/mestradoartesvisuais\/luana-echevengua-arrieche\/\">Luana Echevengu\u00e1 Arrieche<\/a><br \/>\n<strong>ORIENTADOR(A):<\/strong> <a href=\"https:\/\/wp.ufpel.edu.br\/mestradoartesvisuais\/eleonora-campos-da-motta-santos\/\">Profa. Dra. Eleonora Campos da Motta Santos (PPGAVI\/UFPel)<\/a><br \/>\n<strong>COORIENTADOR(A):<\/strong> <a href=\"https:\/\/wp.ufpel.edu.br\/mestradoartesvisuais\/rosangela-fachel-de-medeiros\/\">Profa. Dra. Ros\u00e2ngela Fachel de Medeiros (PPGAVI\/UFPel)<\/a><br \/>\n<strong>BANCA:<\/strong> Profa. Dra. N\u00e1dia da Cruz Senna<br \/>\nProf. Dr. Leonardo Sebiane Serrano<br \/>\nProfa. Dra. Natacha Muriel L\u00f3pez Galluci<br \/>\n<strong>DATA:<\/strong> 21\/dezembro\/2020<\/span><\/p>\n<p style=\"padding-left: 40px\"><span style=\"font-family: 'trebuchet ms', geneva, sans-serif;font-size: 10pt\"><strong><span style=\"font-size: 12pt\">&#8211;<\/span><\/strong><\/span><br \/>\n<span style=\"font-family: 'trebuchet ms', geneva, sans-serif;font-size: 10pt\"><strong>MESTRANDO(A):<\/strong> <a href=\"https:\/\/wp.ufpel.edu.br\/mestradoartesvisuais\/lucas-ribeiro-galho\/\">Lucas Ribeiro Galho<\/a><br \/>\n<strong>ORIENTADOR(A):<\/strong><br \/>\n<strong>BANCA:<\/strong><br \/>\n<strong>DATA:<\/strong>\u00a0<\/span><\/p>\n<p style=\"padding-left: 40px\"><span style=\"font-family: 'trebuchet ms', geneva, sans-serif;font-size: 10pt\"><strong><span style=\"font-size: 12pt\">&#8211;<\/span><br \/>\nMESTRANDO(A):<\/strong> <a href=\"https:\/\/wp.ufpel.edu.br\/mestradoartesvisuais\/mara-regina-da-silva-nunes\/\">Mara Regina da Silva Nunes<\/a><br \/>\n<strong>ORIENTADOR(A):<\/strong><br \/>\n<strong>BANCA:<\/strong><br \/>\n<strong>DATA:<\/strong>\u00a0<\/span><\/p>\n<p style=\"padding-left: 40px\"><strong><span style=\"font-family: 'trebuchet ms', geneva, sans-serif\">Cultura visual em f\u00e3-arte<\/span><\/strong><br \/>\n<span style=\"font-family: 'trebuchet ms', geneva, sans-serif;font-size: 10pt\"><strong>MESTRANDO(A):<\/strong> <a href=\"https:\/\/wp.ufpel.edu.br\/mestradoartesvisuais\/marcio-de-moraes-vetromila\/\">Marcio de Moraes Vetromila<\/a><br \/>\n<strong>ORIENTADOR(A):<\/strong> <a href=\"https:\/\/wp.ufpel.edu.br\/mestradoartesvisuais\/angela-raffin-pohlmann\/\">Profa. Dra. Angela Raffin Pohlmann (PPGAVI\/UFPel)<\/a><br \/>\n<strong>BANCA:<\/strong> Profa. Dra. Larissa Patron Chaves<br \/>\nProf. Dr. Claudio Tarouco de Azevedo<br \/>\nProfa. Dra. Sandra Regina Simonis Richter<br \/>\n<strong>DATA:<\/strong> 15\/dezembro\/2020<\/span><\/p>\n<p style=\"padding-left: 40px\"><strong><span style=\"font-family: 'trebuchet ms', geneva, sans-serif;font-size: 12pt\">\u201cNa presen\u00e7a dan\u00e7amos melhor com a vida\u201d: Ber\u00ea Fuhro Souto<\/span><\/strong><br \/>\n<span style=\"font-family: 'trebuchet ms', geneva, sans-serif;font-size: 10pt\"><strong>MESTRANDO(A):<\/strong> <a href=\"https:\/\/wp.ufpel.edu.br\/mestradoartesvisuais\/miriam-brockmann-guimaraes\/\">Miriam Brockmann Guimar\u00e3es<\/a><br \/>\n<strong>ORIENTADOR(A):<\/strong> <a href=\"https:\/\/wp.ufpel.edu.br\/mestradoartesvisuais\/carmen-anita-hoffmann\/\">Profa. Dra. Carmen Anita Hoffmann (PPGAVI\/UFPel)<\/a><br \/>\n<strong>BANCA:<\/strong> Prof. Dr. Thiago Silva de Amorim Jesus<br \/>\nProf. Dr. Alberto Coelho<br \/>\nProfa. Dra. Ros\u00e2ngela Fachel<br \/>\n<strong>DATA:<\/strong> 13\/novembro\/2020<\/span><\/p>\n<p style=\"padding-left: 40px\"><span style=\"font-family: 'trebuchet ms', geneva, sans-serif;font-size: 10pt\"><strong><span style=\"font-size: 12pt\"><a href=\"http:\/\/guaiaca.ufpel.edu.br\/bitstream\/prefix\/6548\/1\/Dissertacao_Mirna_Xavier_Goncalves.pdf\" target=\"_blank\" rel=\"noopener noreferrer\">Tar\u00f4: reverbera\u00e7\u00f5es em po\u00e9ticas contempor\u00e2neas<\/a><\/span><br \/>\nMESTRANDO(A):<\/strong> <a href=\"https:\/\/wp.ufpel.edu.br\/mestradoartesvisuais\/mirna-xavier-goncalves\/\">Mirna Xavier Gon\u00e7alves<\/a><br \/>\n<strong>ORIENTADOR(A):<\/strong> <a href=\"https:\/\/wp.ufpel.edu.br\/mestradoartesvisuais\/nadia-da-cruz-senna\/\">Profa. Dra. N\u00e1dia Da Cruz Senna (PPGAVI\/UFPel)<\/a><br \/>\n<strong>BANCA:<\/strong> Profa. Dra. Angela Raffin Pohlmann<br \/>\nProfa. Dra. Angelita Hentges<br \/>\n<strong>DATA:<\/strong> 12\/agosto\/2020<\/span><\/p>\n<p style=\"padding-left: 40px\"><a href=\"http:\/\/guaiaca.ufpel.edu.br\/handle\/prefix\/6869\" target=\"_blank\" rel=\"noopener noreferrer\"><span style=\"font-family: 'trebuchet ms', geneva, sans-serif\"><strong>Emerg\u00eancias da mat\u00e9ria : a escultura em tr\u00e2nsito e seus vest\u00edgios<\/strong><\/span><\/a><br \/>\n<span style=\"font-family: 'trebuchet ms', geneva, sans-serif;font-size: 10pt\"><strong>MESTRANDO(A):<\/strong> <a href=\"https:\/\/wp.ufpel.edu.br\/mestradoartesvisuais\/pedro-de-freitas-pereira-paiva\/\">Pedro de Freitas Pereira Paiva<\/a><br \/>\n<strong>ORIENTADOR(A):<\/strong> <a href=\"https:\/\/wp.ufpel.edu.br\/mestradoartesvisuais\/gabriela-kremer-da-motta\/\">Profa. Dra. Gabriela Kremer da Motta (PPGAVI\/UFPel)<\/a><br \/>\n<strong>BANCA:<\/strong> Prof. Dr. Agnaldo Aric\u00ea Caldas Farias<br \/>\nProfa. Dra. Helene Gomes Sacco<br \/>\nProfa. Dra. Renata Azevedo Requi\u00e3o<br \/>\nProf. Dr. Daniel Albernaz Acosta<br \/>\n<strong>DATA:<\/strong> 12\/novembro\/2020<\/span><\/p>\n<p style=\"padding-left: 40px\"><strong><span style=\"font-family: 'trebuchet ms', geneva, sans-serif;font-size: 12pt\">A imagem da m\u00e3e dolorosa e as artes visuais: interseccionalidades de uma doc\u00eancia em dobras<\/span><\/strong><br \/>\n<span style=\"font-family: 'trebuchet ms', geneva, sans-serif;font-size: 10pt\"><strong>MESTRANDO(A):<\/strong> <a href=\"https:\/\/wp.ufpel.edu.br\/mestradoartesvisuais\/priscilla-mont-serrat-pimentel-fernandes\/\">Priscilla Mont-Serrat Pimentel Fernandes<\/a><br \/>\n<strong>ORIENTADOR(A):<\/strong> <a href=\"https:\/\/wp.ufpel.edu.br\/mestradoartesvisuais\/ursula-rosa-da-silva\/\">Profa. Dra. Ursula Rosa da Silva (PPGAVI\/UFPel)<\/a><br \/>\n<strong>BANCA:<\/strong> Prof. Dr. Edgar Silveira Franco<br \/>\nProfa. Dra. N\u00e1dia da Cruz Senna<br \/>\n<strong>DATA:<\/strong> 04\/novembro\/2020<\/span><\/p>\n<p style=\"padding-left: 40px\"><strong><span style=\"font-family: 'trebuchet ms', geneva, sans-serif;font-size: 12pt\"><a href=\"http:\/\/guaiaca.ufpel.edu.br:8080\/bitstream\/prefix\/6871\/1\/Disserta%c3%a7%c3%a3o_Renata_Lopes_Sope%c3%b1a.pdf\" target=\"_blank\" rel=\"noopener noreferrer\">Pr\u00e1ticas l\u00fadico\/pedag\u00f3gicas de duas arte\/educadoras de Pelotas\/RS<\/a><\/span><\/strong><br \/>\n<span style=\"font-family: 'trebuchet ms', geneva, sans-serif;font-size: 10pt\"><strong>MESTRANDO(A):<\/strong> <a href=\"https:\/\/wp.ufpel.edu.br\/mestradoartesvisuais\/renata-lopes-sopena\/\">Renata Lopes Sope\u00f1a<\/a><br \/>\n<strong>ORIENTADOR(A):<\/strong> <a href=\"https:\/\/wp.ufpel.edu.br\/mestradoartesvisuais\/nadia-da-cruz-senna\/\">Profa. Dra. N\u00e1dia da Cruz Senna (PPGAVI\/UFPel)<\/a><br \/>\n<strong>BANCA:<\/strong> Profa. Dra. Maristani Zamperetti<br \/>\nProfa. Dra. Ursula Rosa da Silva<br \/>\n<strong>DATA:<\/strong> 15\/outubro\/2020<\/span><\/p>\n<p style=\"padding-left: 40px\"><strong><span style=\"font-family: 'trebuchet ms', geneva, sans-serif;font-size: 12pt\"><a href=\"http:\/\/guaiaca.ufpel.edu.br\/bitstream\/prefix\/6549\/1\/Dissertacao_Roberta_Pires_Rangel.pdf\" target=\"_blank\" rel=\"noopener noreferrer\">Sobre elas\u2026 sobre mim: percursos etnogr\u00e1fico-performativos sobre\/com o feminino na Col\u00f4nia Z3<\/a><\/span><\/strong><br \/>\n<span style=\"font-family: 'trebuchet ms', geneva, sans-serif;font-size: 10pt\"><strong>MESTRANDO(A):<\/strong> <a href=\"https:\/\/wp.ufpel.edu.br\/mestradoartesvisuais\/roberta-pires-rangel\/\">Roberta Pires Rangel<\/a><br \/>\n<strong>ORIENTADOR(A):<\/strong> <a href=\"https:\/\/wp.ufpel.edu.br\/mestradoartesvisuais\/thiago-silva-de-amorim-jesus\/\">Profa. Dra. Thiago Silva De Amorim Jesus (PPGAVI\/UFPel)<\/a><br \/>\n<strong>BANCA:<\/strong> Profa. Dra. Carmen Anita Hoffmann<br \/>\nProfa. Dra. Denise Marcos Bussoletti<br \/>\nProfa. Dra. Rosangela Fachel de Medeiros<br \/>\nProfa. Dra. N\u00e1dia R\u00e9gia Maffi Neckel<br \/>\n<strong>DATA:<\/strong> 10\/julho\/2020<\/span><\/p>\n<p style=\"padding-left: 40px\"><strong><span style=\"font-family: 'trebuchet ms', geneva, sans-serif;font-size: 12pt\"><a href=\"http:\/\/guaiaca.ufpel.edu.br:8080\/bitstream\/prefix\/6872\/1\/Dissertacao_Ronaldo_Luis_Goulart_Campello.pdf\" target=\"_blank\" rel=\"noopener noreferrer\">Um relic\u00e1rio de palavras: uma escrita que irrompe de um palimpsesto, de um cuidado, de um devir docente\u2026<\/a><\/span><\/strong><br \/>\n<span style=\"font-family: 'trebuchet ms', geneva, sans-serif;font-size: 10pt\"><strong>MESTRANDO(A):<\/strong> <a href=\"https:\/\/wp.ufpel.edu.br\/mestradoartesvisuais\/ronaldo-luis-goulart-campello\/\">Ronaldo Luis Goulart Campello<\/a><br \/>\n<strong>ORIENTADOR(A):<\/strong> <a href=\"https:\/\/wp.ufpel.edu.br\/mestradoartesvisuais\/ursula-rosa-da-silva\/\">Profa. Dra. Ursula Rosa da Silva (PPGAVI\/UFPel)<\/a><br \/>\n<strong>BANCA:<\/strong> Profa. Dra. Helene Sacco<br \/>\nProf. Dr. Cl\u00e1udio Tarouco de Azevedo<br \/>\nProf. Dr. Alberto Coelho<br \/>\n<strong>DATA:<\/strong> 06\/julho\/2020<\/span><\/p>\n<p style=\"padding-left: 40px\"><strong><span style=\"font-family: 'trebuchet ms', geneva, sans-serif;font-size: 12pt\"><a href=\"http:\/\/guaiaca.ufpel.edu.br:8080\/bitstream\/prefix\/6873\/1\/Dissertacao_Tarla_Rovere.pdf\" target=\"_blank\" rel=\"noopener noreferrer\">Desterritorialidades do corpo na institui\u00e7\u00e3o de ensino: a fotoperformance como arte\/educa\u00e7\u00e3o<\/a><\/span><\/strong><br \/>\n<span style=\"font-family: 'trebuchet ms', geneva, sans-serif;font-size: 10pt\"><strong>MESTRANDO(A):<\/strong> <a href=\"https:\/\/wp.ufpel.edu.br\/mestradoartesvisuais\/tarla-rovere\/\">Tarla Rover\u00e9<\/a><br \/>\n<strong>ORIENTADOR(A):<\/strong> <a href=\"https:\/\/wp.ufpel.edu.br\/mestradoartesvisuais\/larissa-patron-chaves\/\">Profa. Dra. Larissa Patron Chaves (PPGAVI\/UFPel)<\/a><br \/>\n<strong>BANCA:<\/strong> Prof. Dr. Celso Vitteli<br \/>\nProfa. Dra. Carmen Anita Hoffmann<br \/>\nProfa. Dr. Jos\u00e9 Francisco Baroni Silveira<br \/>\n<strong>DATA:<\/strong> 16\/novembro\/2020<\/span><\/p>\n<p style=\"padding-left: 40px\"><strong><span style=\"font-family: 'trebuchet ms', geneva, sans-serif;font-size: 12pt\">Forma\u00e7\u00e3o de si, a dan\u00e7a e a doc\u00eancia na contemporaneidade<\/span><\/strong><br \/>\n<span style=\"font-family: 'trebuchet ms', geneva, sans-serif;font-size: 10pt\"><strong>MESTRANDO(A):<\/strong> <a href=\"https:\/\/wp.ufpel.edu.br\/mestradoartesvisuais\/tauana-oxley-pereira\/\">Tauana Oxley Pereira<\/a><br \/>\n<strong>ORIENTADOR(A):<\/strong> <a href=\"https:\/\/wp.ufpel.edu.br\/mestradoartesvisuais\/carmen-anita-hoffmann\/\">Profa. Dra. Carmen Anita Hoffman (PPGAVI\/UFPel)<\/a><br \/>\n<strong>BANCA:<\/strong> Profa. Dra. Andrisa Kemel Zanella<br \/>\nProf. Dr. Gustavo Duarte<br \/>\nProfa. Dra. Ros\u00e2ngela Fachel<br \/>\n<strong>DATA:<\/strong> 22\/dezembro\/2020<\/span><\/p>\n<p>&nbsp;<\/p>\n<div class=\"ms-editor-squiggler\" style=\"color: initial;font: initial;background: initial;background-blend-mode: initial;border: initial;border-radius: initial;border-collapse: initial;caption-side: initial;clear: initial;columns: initial;column-fill: initial;column-rule: initial;column-span: initial;cursor: initial;flex: initial;flex-flow: initial;float: initial;height: 0px;letter-spacing: initial;margin: initial;max-height: initial;max-width: initial;min-height: initial;min-width: initial;overflow: initial;padding: initial;text-align: initial;text-decoration: initial;text-indent: initial;text-transform: initial;vertical-align: initial;border-spacing: initial;width: initial\"><\/div>\n<div class=\"ms-editor-squiggler\" style=\"color: initial;font: initial;background: initial;background-blend-mode: initial;border: initial;border-radius: initial;border-collapse: initial;caption-side: initial;clear: initial;columns: initial;column-fill: initial;column-rule: initial;column-span: initial;cursor: initial;flex: initial;flex-flow: initial;float: initial;height: 0px;letter-spacing: initial;margin: initial;max-height: initial;max-width: initial;min-height: initial;min-width: initial;overflow: initial;padding: initial;text-align: initial;text-decoration: initial;text-indent: initial;text-transform: initial;vertical-align: initial;border-spacing: initial;width: initial\"><\/div>\n<div class=\"ms-editor-squiggler\" style=\"color: initial;font: initial;background: initial;background-blend-mode: initial;border: initial;border-radius: initial;border-collapse: initial;caption-side: initial;clear: initial;columns: initial;column-fill: initial;column-rule: initial;column-span: initial;cursor: initial;flex: initial;flex-flow: initial;float: initial;height: 0px;letter-spacing: initial;margin: initial;max-height: initial;max-width: initial;min-height: initial;min-width: initial;overflow: initial;padding: initial;text-align: initial;text-decoration: initial;text-indent: initial;text-transform: initial;vertical-align: initial;border-spacing: initial;width: initial\"><\/div>\n<div class=\"ms-editor-squiggler\" style=\"color: initial;font: initial;background: initial;background-blend-mode: initial;border: initial;border-radius: initial;border-collapse: initial;caption-side: initial;clear: initial;columns: initial;column-fill: initial;column-rule: initial;column-span: initial;cursor: initial;flex: initial;flex-flow: initial;float: initial;height: 0px;letter-spacing: initial;margin: initial;max-height: initial;max-width: initial;min-height: initial;min-width: initial;overflow: initial;padding: initial;text-align: initial;text-decoration: initial;text-indent: initial;text-transform: initial;vertical-align: initial;border-spacing: initial;width: initial\"><\/div>\n<div class=\"ms-editor-squiggler\" style=\"color: initial;font: initial;background: initial;background-blend-mode: initial;border: initial;border-radius: initial;border-collapse: initial;caption-side: initial;clear: initial;columns: initial;column-fill: initial;column-rule: initial;column-span: initial;cursor: initial;flex: initial;flex-flow: initial;float: initial;height: 0px;letter-spacing: initial;margin: initial;max-height: initial;max-width: initial;min-height: initial;min-width: initial;overflow: initial;padding: initial;text-align: initial;text-decoration: initial;text-indent: initial;text-transform: initial;vertical-align: initial;border-spacing: initial;width: initial\"><\/div>\n<div class=\"ms-editor-squiggler\" style=\"color: initial;font: initial;background: initial;background-blend-mode: initial;border: initial;border-radius: initial;border-collapse: initial;caption-side: initial;clear: initial;columns: initial;column-fill: initial;column-rule: initial;column-span: initial;cursor: initial;flex: initial;flex-flow: initial;float: initial;height: 0px;letter-spacing: initial;margin: initial;max-height: initial;max-width: initial;min-height: initial;min-width: initial;overflow: initial;padding: initial;text-align: initial;text-decoration: initial;text-indent: initial;text-transform: initial;vertical-align: initial;border-spacing: initial;width: initial\"><\/div>\n","protected":false},"excerpt":{"rendered":"<p>\/\/ Disserta\u00e7\u00f5es \/ 7\u00aa turma do Mestrado ( 2018 &#8211; 2020 ) \/ para acessar o trabalho clique sobre o t\u00edtulo correspondente \/ para mais informa\u00e7\u00f5es sobre o autor e a pesquisa, basta clicar sobre o nome do autor abaixo do t\u00edtulo do trabalho &#8211; MESTRANDO(A): Amanda Machado Madruga ORIENTADOR(A): BANCA: DATA:\u00a0 Do silenciamento \u00e0 [&hellip;]<\/p>\n","protected":false},"author":1258,"featured_media":0,"parent":1774,"menu_order":0,"comment_status":"closed","ping_status":"closed","template":"","meta":{"footnotes":""},"class_list":["post-4571","page","type-page","status-publish","hentry"],"_links":{"self":[{"href":"https:\/\/wp.ufpel.edu.br\/ppgartes\/wp-json\/wp\/v2\/pages\/4571","targetHints":{"allow":["GET"]}}],"collection":[{"href":"https:\/\/wp.ufpel.edu.br\/ppgartes\/wp-json\/wp\/v2\/pages"}],"about":[{"href":"https:\/\/wp.ufpel.edu.br\/ppgartes\/wp-json\/wp\/v2\/types\/page"}],"author":[{"embeddable":true,"href":"https:\/\/wp.ufpel.edu.br\/ppgartes\/wp-json\/wp\/v2\/users\/1258"}],"replies":[{"embeddable":true,"href":"https:\/\/wp.ufpel.edu.br\/ppgartes\/wp-json\/wp\/v2\/comments?post=4571"}],"version-history":[{"count":0,"href":"https:\/\/wp.ufpel.edu.br\/ppgartes\/wp-json\/wp\/v2\/pages\/4571\/revisions"}],"up":[{"embeddable":true,"href":"https:\/\/wp.ufpel.edu.br\/ppgartes\/wp-json\/wp\/v2\/pages\/1774"}],"wp:attachment":[{"href":"https:\/\/wp.ufpel.edu.br\/ppgartes\/wp-json\/wp\/v2\/media?parent=4571"}],"curies":[{"name":"wp","href":"https:\/\/api.w.org\/{rel}","templated":true}]}}