{"id":4551,"date":"2021-01-12T20:31:52","date_gmt":"2021-01-12T23:31:52","guid":{"rendered":"https:\/\/wp.ufpel.edu.br\/mestradoartesvisuais\/?page_id=4551"},"modified":"2021-01-12T20:31:52","modified_gmt":"2021-01-12T23:31:52","slug":"alunos-egressos-em-2019","status":"publish","type":"page","link":"https:\/\/wp.ufpel.edu.br\/ppgartes\/discentes-mestrado\/egressos\/alunos-egressos-em-2019\/","title":{"rendered":"Alunos Egressos em 2019"},"content":{"rendered":"<p><span style=\"font-family: 'trebuchet ms', geneva, sans-serif;font-size: 10pt\">Abaixo voc\u00ea encontrar\u00e1 nossos alunos que conclu\u00edram sua forma\u00e7\u00e3o no Programa de P\u00f3s-gradua\u00e7\u00e3o Mestrado em Artes Visuais no ano de 2019.<\/span><\/p>\n<p><span style=\"font-family: 'trebuchet ms', geneva, sans-serif;font-size: 10pt\">Clique no nome do aluno para maiores informa\u00e7\u00f5es sobre ele.<br \/>\nClicando no link do t\u00edtulo da disserta\u00e7\u00e3o voc\u00ea ser\u00e1 enviado \u00e0 publica\u00e7\u00e3o de sua disserta\u00e7\u00e3o.<\/span><\/p>\n<h1 style=\"text-align: center\"><span style=\"font-family: 'trebuchet ms', geneva, sans-serif;font-size: 18pt\"><strong>Alunos Egressos em 2019<\/strong><\/span><\/h1>\n<hr \/>\n<p style=\"padding-left: 40px\"><a href=\"https:\/\/wp.ufpel.edu.br\/mestradoartesvisuais\/alex-sander-silveira-de-almeida\/\"><span style=\"font-size: 12pt\"><strong><span style=\"font-family: 'trebuchet ms', geneva, sans-serif\">Alex Sander Silveira de Almeida<\/span><\/strong><\/span><\/a><br \/>\n<span style=\"font-family: 'trebuchet ms', geneva, sans-serif;font-size: 10pt;color: #999999\"><strong>T\u00cdTULO:<\/strong> <a style=\"color: #999999\" href=\"http:\/\/guaiaca.ufpel.edu.br\/handle\/prefix\/5500\" target=\"_blank\" rel=\"noopener noreferrer\">Autoria e contemporaneidade: um jogo coreocartogr\u00e1fico com artistas da dan\u00e7a na Regi\u00e3o Sul do Brasil<\/a><\/span><br \/>\n<span style=\"font-family: 'trebuchet ms', geneva, sans-serif;font-size: 10pt;color: #999999\"><strong>ORIENTADOR:<\/strong> Prof. Dr. Thiago Silva de Amorim Jesus (PPGAV\/UFPel)<br \/>\n<strong>COORIENTADOR:<\/strong> Prof. Dr. Cl\u00e1udio Tarouco de Azevedo (PPGAV\/UFPel \u2013 ILA\/FURG)<br \/>\n<\/span><\/p>\n<hr \/>\n<p style=\"padding-left: 40px\"><a href=\"https:\/\/wp.ufpel.edu.br\/mestradoartesvisuais\/andre-luiz-marques-gomes\/\"><span style=\"font-size: 12pt\"><strong><span style=\"font-family: 'trebuchet ms', geneva, sans-serif\">Andre Luiz Marques Gomes<\/span><\/strong><\/span><\/a><br \/>\n<span style=\"font-family: 'trebuchet ms', geneva, sans-serif;font-size: 10pt;color: #999999\"><strong>T\u00cdTULO:<\/strong> <a style=\"color: #999999\" href=\"http:\/\/guaiaca.ufpel.edu.br\/bitstream\/prefix\/5501\/1\/ANDRE%20LUIZ%20MARQUES%20GOMES_Dissertacao.pdf\" target=\"_blank\" rel=\"noopener noreferrer\">R\/E\/P: Rimador-Educador-Pesquisador: procedimentos art\u00edsticos e pr\u00e1ticas educacionais<\/a><\/span><br \/>\n<span style=\"font-family: 'trebuchet ms', geneva, sans-serif;font-size: 10pt;color: #999999\"><strong>ORIENTADORA:<\/strong> Profa. Dra. Larissa Patron Chaves Spieker (PPGAV\/UFPel)<\/span><\/p>\n<hr \/>\n<p style=\"padding-left: 40px\"><a href=\"https:\/\/wp.ufpel.edu.br\/mestradoartesvisuais\/angelica-weber-falke-daiello\/\"><span style=\"font-size: 12pt\"><strong><span style=\"font-family: 'trebuchet ms', geneva, sans-serif\">Ang\u00e9lica Weber Falke Daiello<\/span><\/strong><\/span><\/a><br \/>\n<span style=\"font-family: 'trebuchet ms', geneva, sans-serif;font-size: 10pt;color: #999999\"><strong>T\u00cdTULO:<\/strong> <a style=\"color: #999999\" href=\"http:\/\/guaiaca.ufpel.edu.br\/handle\/prefix\/5502\" target=\"_blank\" rel=\"noopener noreferrer\">Arqueologias \u00edntimas e registros po\u00e9ticos: um percurso de mapeamento da autoimagem feminina<\/a><\/span><br \/>\n<span style=\"font-family: 'trebuchet ms', geneva, sans-serif;font-size: 10pt;color: #999999\"><strong>ORIENTADORA:<\/strong> Profa. Dra. Angela Raffin Pohlmann (PPGAV\/UFPel)<\/span><\/p>\n<hr \/>\n<p style=\"padding-left: 40px\"><a href=\"https:\/\/wp.ufpel.edu.br\/mestradoartesvisuais\/carlos-eduardo-de-oliveira-prado\/\"><span style=\"font-size: 12pt\"><strong><span style=\"font-family: 'trebuchet ms', geneva, sans-serif\">Carlos Eduardo de Oliveira Prado<\/span><\/strong><\/span><\/a><br \/>\n<span style=\"font-family: 'trebuchet ms', geneva, sans-serif;font-size: 10pt;color: #999999\"><strong>T\u00cdTULO:<\/strong> <a style=\"color: #999999\" href=\"http:\/\/guaiaca.ufpel.edu.br\/bitstream\/prefix\/5503\/1\/CARLOS%20EDUARDO%20DE%20OLIVEIRA%20PRADO_Dissertacao.pdf\" target=\"_blank\" rel=\"noopener noreferrer\">O contador de hist\u00f3rias contempor\u00e2neo: a forma\u00e7\u00e3o de si, os elementos teatrais e a doc\u00eancia<\/a><\/span><br \/>\n<span style=\"font-family: 'trebuchet ms', geneva, sans-serif;font-size: 10pt;color: #999999\"><strong>ORIENTADORA:<\/strong> Profa. Dra. Ursula Rosa da Silva (PPGAV\/UFPel)<\/span><\/p>\n<hr \/>\n<p style=\"padding-left: 40px\"><a href=\"https:\/\/wp.ufpel.edu.br\/mestradoartesvisuais\/cristiane-rodrigues-rivero\/\"><strong><span style=\"font-family: 'trebuchet ms', geneva, sans-serif;font-size: 12pt\">Cristiane Rodrigues Rivero<\/span><\/strong><\/a><br \/>\n<span style=\"font-family: 'trebuchet ms', geneva, sans-serif;font-size: 10pt;color: #999999\"><strong>T\u00cdTULO:<\/strong> <a style=\"color: #999999\" href=\"http:\/\/guaiaca.ufpel.edu.br\/bitstream\/prefix\/5504\/1\/CRISTIANE%20RODRIGUES%20RIVERO_Dissertacao.pdf\" target=\"_blank\" rel=\"noopener noreferrer\">Performancensino: aproxima\u00e7\u00f5es entre performance, ensino de arte e pr\u00e1ticas de media\u00e7\u00e3o em artes visuais<\/a><\/span><br \/>\n<span style=\"font-family: 'trebuchet ms', geneva, sans-serif;font-size: 10pt;color: #999999\"><strong>ORIENTADORA:<\/strong> Profa. Dra. Gabriela Kremer da Motta (PPGAV\/UFPel)<\/span><\/p>\n<hr \/>\n<p style=\"padding-left: 40px\"><a href=\"https:\/\/wp.ufpel.edu.br\/mestradoartesvisuais\/daniel-rodrigues-moura\/\"><span style=\"font-size: 12pt\"><strong><span style=\"font-family: 'trebuchet ms', geneva, sans-serif\">Daniel Rodrigues Moura<\/span><\/strong><\/span><\/a><br \/>\n<span style=\"font-family: 'trebuchet ms', geneva, sans-serif;font-size: 10pt;color: #999999\"><strong>T\u00cdTULO:<\/strong> <a style=\"color: #999999\" href=\"http:\/\/guaiaca.ufpel.edu.br\/handle\/prefix\/5505\" target=\"_blank\" rel=\"noopener noreferrer\">Fotografias de cidades invis\u00edveis: um olhar po\u00e9tico e cartogr\u00e1fico sobre os fluxos no bairro Fragata em Pelotas, Rio Grande do Sul<\/a><\/span><br \/>\n<span style=\"font-family: 'trebuchet ms', geneva, sans-serif;font-size: 10pt;color: #999999\"><strong>ORIENTADOR:<\/strong> Prof. Dr. Cl\u00e1udio Tarouco de Azevedo (PPGAV\/UFPel \u2013 ILA\/FURG)<\/span><\/p>\n<hr \/>\n<p style=\"padding-left: 40px\"><a href=\"https:\/\/wp.ufpel.edu.br\/mestradoartesvisuais\/diego-dos-santos-soares\/\"><span style=\"font-size: 12pt\"><strong><span style=\"font-family: 'trebuchet ms', geneva, sans-serif\">Diego dos Santos Soares<\/span><\/strong><\/span><\/a><br \/>\n<span style=\"font-family: 'trebuchet ms', geneva, sans-serif;font-size: 10pt;color: #999999\"><strong>T\u00cdTULO:<\/strong> <a style=\"color: #999999\" href=\"http:\/\/guaiaca.ufpel.edu.br\/bitstream\/prefix\/6546\/1\/Dissertacao_Diego_dos_Santos_Soares.pdf\" target=\"_blank\" rel=\"noopener noreferrer\">Est\u00e9tica IZZY: bonecas, fantasias e a\u00e7\u00f5es perform\u00e1ticas<\/a><\/span><br \/>\n<span style=\"font-family: 'trebuchet ms', geneva, sans-serif;font-size: 10pt;color: #999999\"><strong>ORIENTADORA:<\/strong> Profa. Dra. N\u00e1dia da Cruz Senna (PPGAV\/UFPel)<\/span><\/p>\n<hr \/>\n<p style=\"padding-left: 40px\"><a href=\"https:\/\/wp.ufpel.edu.br\/mestradoartesvisuais\/fabricio-simoes-machado\/\"><span style=\"font-size: 12pt\"><strong><span style=\"font-family: 'trebuchet ms', geneva, sans-serif\">Fabr\u00edcio Sim\u00f5es Machado<\/span><\/strong><\/span><\/a><br \/>\n<span style=\"font-family: 'trebuchet ms', geneva, sans-serif;font-size: 10pt;color: #999999\"><strong>T\u00cdTULO:<\/strong> <a style=\"color: #999999\" href=\"http:\/\/guaiaca.ufpel.edu.br\/handle\/prefix\/5506\" target=\"_blank\" rel=\"noopener noreferrer\">A sociedade do cansa\u00e7o e a resist\u00eancia contemplativa atrav\u00e9s da fotografia \u201cinspandida\u201d na arte contempor\u00e2nea<\/a><\/span><br \/>\n<span style=\"font-family: 'trebuchet ms', geneva, sans-serif;font-size: 10pt;color: #999999\"><strong>ORIENTADOR:<\/strong> Prof. Dr. Cl\u00e1udio Tarouco de Azevedo (PPGAV\/UFPel \u2013 ILA\/FURG)<\/span><\/p>\n<p style=\"padding-left: 40px\"><a href=\"http:\/\/lattes.cnpq.br\/9962029626823453\"><span style=\"font-family: trebuchet ms, geneva, sans-serif\"><b>Jaciara Jorge<\/b><\/span><\/a><br \/>\n<span style=\"font-family: 'trebuchet ms', geneva, sans-serif;font-size: 10pt;color: #999999\"><strong>T\u00cdTULO:<\/strong> &#8220;Componente Curricular Arte: Percursos Formativos e Doc\u00eancia em Dan\u00e7a na Escola&#8221;<\/span><br \/>\n<span style=\"font-family: 'trebuchet ms', geneva, sans-serif;font-size: 10pt;color: #999999\"><strong>ORIENTADOR:<\/strong> Prof. Dr. Cl\u00e1udio Tarouco de Azevedo (PPGAV\/UFPel \u2013 ILA\/FURG)<\/span><\/p>\n<hr \/>\n<p style=\"padding-left: 40px\"><a href=\"https:\/\/wp.ufpel.edu.br\/mestradoartesvisuais\/jaison-couto-de-souza\/\"><span style=\"font-size: 12pt\"><strong><span style=\"font-family: 'trebuchet ms', geneva, sans-serif\">Jaison Couto de Souza<\/span><\/strong><\/span><\/a><br \/>\n<span style=\"font-family: 'trebuchet ms', geneva, sans-serif;font-size: 10pt;color: #999999\"><strong>T\u00cdTULO:<\/strong> <a style=\"color: #999999\" href=\"http:\/\/guaiaca.ufpel.edu.br\/bitstream\/prefix\/5507\/1\/JAISON%20COUTO%20DE%20SOUZA_Dissertacao.pdf\" target=\"_blank\" rel=\"noopener noreferrer\">Artefatos e \u201ccArtografias\u201d: o ensino da arte e a ressignifica\u00e7\u00e3o do ambiente<\/a><\/span><br \/>\n<span style=\"font-family: 'trebuchet ms', geneva, sans-serif;font-size: 10pt;color: #999999\"><strong>ORIENTADOR:<\/strong> Profa. Dra. Carmen Anita Hoffmann (PPGAV\/UFPel)<\/span><\/p>\n<hr \/>\n<p style=\"padding-left: 40px\"><a href=\"https:\/\/wp.ufpel.edu.br\/mestradoartesvisuais\/joana-luisa-krupp\/\"><span style=\"font-size: 12pt\"><strong><span style=\"font-family: 'trebuchet ms', geneva, sans-serif\">Joana Luisa Krupp<\/span><\/strong><\/span><\/a><br \/>\n<span style=\"font-family: 'trebuchet ms', geneva, sans-serif;font-size: 10pt;color: #999999\"><strong>T\u00cdTULO:<\/strong> <a style=\"color: #999999\" href=\"http:\/\/guaiaca.ufpel.edu.br\/bitstream\/prefix\/5508\/1\/JOANA%20LUISA%20KRUPP_Dissertacao.pdf\" target=\"_blank\" rel=\"noopener noreferrer\">O que esperam de n\u00f3s: um olhar contempor\u00e2neo sobre a representa\u00e7\u00e3o art\u00edstica da mulher nos cartazes de propaganda nazista<\/a><\/span><br \/>\n<span style=\"font-family: 'trebuchet ms', geneva, sans-serif;font-size: 10pt;color: #999999\"><strong>ORIENTADORA:<\/strong> Profa. Dra. L\u00facia Bergamaschi Costa Weymar (PPGAV\/UFPel)<\/span><\/p>\n<hr \/>\n<p style=\"padding-left: 40px\"><a href=\"https:\/\/wp.ufpel.edu.br\/mestradoartesvisuais\/josiane-duarte-dos-santos\/\"><span style=\"font-size: 12pt\"><strong><span style=\"font-family: 'trebuchet ms', geneva, sans-serif\">Josiane Duarte dos Santos<\/span><\/strong><\/span><\/a><br \/>\n<span style=\"font-family: 'trebuchet ms', geneva, sans-serif;font-size: 10pt;color: #999999\"><strong>T\u00cdTULO:<\/strong> <a style=\"color: #999999\" href=\"http:\/\/guaiaca.ufpel.edu.br\/handle\/prefix\/5509\" target=\"_blank\" rel=\"noopener noreferrer\">Sensibilidades: pr\u00e1ticas art\u00edstico-pedag\u00f3gicas com a tem\u00e1tica canina<\/a><\/span><br \/>\n<span style=\"font-family: 'trebuchet ms', geneva, sans-serif;font-size: 10pt;color: #999999\"><strong>ORIENTADORA:<\/strong> Profa. Dra. Carmen Anita Hoffmann (PPGAV\/UFPel)<\/span><\/p>\n<hr \/>\n<p style=\"padding-left: 40px\"><a href=\"https:\/\/wp.ufpel.edu.br\/mestradoartesvisuais\/juliana-de-moraes-coelho\/\"><span style=\"font-size: 12pt\"><strong><span style=\"font-family: 'trebuchet ms', geneva, sans-serif\">Juliana de Moraes Coelho<\/span><\/strong><\/span><\/a><br \/>\n<span style=\"font-family: 'trebuchet ms', geneva, sans-serif;font-size: 10pt;color: #999999\"><strong>T\u00cdTULO:<\/strong> <a style=\"color: #999999\" href=\"http:\/\/guaiaca.ufpel.edu.br\/bitstream\/prefix\/5510\/1\/JULIANA%20DE%20MORAES%20COELHO_Dissertacao.pdf\" target=\"_blank\" rel=\"noopener noreferrer\">Tornar-se negra: as dan\u00e7as afro no processo de autoidentifica\u00e7\u00e3o e empoderamento \u00e9tnico de uma professorartista<\/a><\/span><br \/>\n<span style=\"font-family: 'trebuchet ms', geneva, sans-serif;font-size: 10pt;color: #999999\"><strong>ORIENTADOR:<\/strong> Prof. Dr. Thiago Silva de Amorim Jesus (PPGAV\/UFPel)<\/span><\/p>\n<hr \/>\n<p style=\"padding-left: 40px\"><a href=\"https:\/\/wp.ufpel.edu.br\/mestradoartesvisuais\/marcio-farias-de-mello\/\"><span style=\"font-size: 12pt\"><strong><span style=\"font-family: 'trebuchet ms', geneva, sans-serif\">M\u00e1rcio Farias de Mello<\/span><\/strong><\/span><\/a><br \/>\n<span style=\"font-family: 'trebuchet ms', geneva, sans-serif;font-size: 10pt;color: #999999\"><strong>T\u00cdTULO:<\/strong> <a style=\"color: #999999\" href=\"http:\/\/guaiaca.ufpel.edu.br\/bitstream\/prefix\/5511\/1\/MARCIO%20FARIAS%20DE%20MELLO_Dissertacao.pdf\" target=\"_blank\" rel=\"noopener noreferrer\">A constru\u00e7\u00e3o po\u00e9tica da banda Freak Brotherz: m\u00fasica e quadrinhos underground<\/a><\/span><br \/>\n<span style=\"font-family: 'trebuchet ms', geneva, sans-serif;font-size: 10pt;color: #999999\"><strong>ORIENTADORA:<\/strong> Profa. Dra. Renata Azevedo Requi\u00e3o (PPGAV\/UFPel)<\/span><\/p>\n<hr \/>\n<p style=\"padding-left: 40px\"><a href=\"https:\/\/wp.ufpel.edu.br\/mestradoartesvisuais\/marta-lizane-bottini-dos-santos\/\"><strong><span style=\"font-family: 'trebuchet ms', geneva, sans-serif;font-size: 12pt\">Marta Lizane Bottini dos Santos<\/span><\/strong><\/a><br \/>\n<span style=\"font-family: 'trebuchet ms', geneva, sans-serif;font-size: 10pt;color: #999999\"><strong>T\u00cdTULO:<\/strong> <a style=\"color: #999999\" href=\"http:\/\/guaiaca.ufpel.edu.br\/bitstream\/prefix\/5512\/1\/MARTA%20LIZANE%20BOTTINI%20DOS%20SANTOS_Dissertacao%2002092019.pdf\">Um jardim, alguns textos, um ou mais corpos: pr\u00e1ticas docentes nas artes\u2026<\/a><\/span><br \/>\n<span style=\"font-family: 'trebuchet ms', geneva, sans-serif;font-size: 10pt;color: #999999\"><strong>ORIENTADORA:<\/strong> Profa. Dra. Ursula Rosa da Silva (PPGAV\/UFPel)<\/span><\/p>\n<hr \/>\n<p style=\"padding-left: 40px\"><a href=\"https:\/\/wp.ufpel.edu.br\/mestradoartesvisuais\/martha-leticia-machado-dworakowski\/\"><span style=\"font-size: 12pt\"><strong><span style=\"font-family: 'trebuchet ms', geneva, sans-serif\">Martha Let\u00edcia Machado Dworakowski<\/span><\/strong><\/span><\/a><br \/>\n<span style=\"font-family: 'trebuchet ms', geneva, sans-serif;font-size: 10pt;color: #999999\"><strong>T\u00cdTULO:<\/strong> <a style=\"color: #999999\" href=\"http:\/\/guaiaca.ufpel.edu.br\/bitstream\/prefix\/5513\/1\/MARTHA%20LETICIA%20MACHADO%20DWORAKOWSKI_Dissertacao.pdf\" target=\"_blank\" rel=\"noopener noreferrer\">Unindo saberes a partir da fotografia: processos transdisciplinares com futuros professores<\/a><\/span><br \/>\n<span style=\"font-family: 'trebuchet ms', geneva, sans-serif;font-size: 10pt;color: #999999\"><strong>ORIENTADORA:<\/strong> Profa. Dra. Angela Raffin Pohlmann (PPGAV\/UFPel)<\/span><\/p>\n<hr \/>\n<p style=\"padding-left: 40px\"><a href=\"https:\/\/wp.ufpel.edu.br\/mestradoartesvisuais\/matheus-saracol-folha\/\"><span style=\"font-size: 12pt\"><strong><span style=\"font-family: 'trebuchet ms', geneva, sans-serif\">Matheus Sara\u00e7ol Folha<\/span><\/strong><\/span><\/a><br \/>\n<span style=\"font-family: 'trebuchet ms', geneva, sans-serif;font-size: 10pt;color: #999999\"><strong>T\u00cdTULO:<\/strong> <a style=\"color: #999999\" href=\"http:\/\/guaiaca.ufpel.edu.br\/handle\/prefix\/5514\" target=\"_blank\" rel=\"noopener noreferrer\">A linha do desenho embebida no L\u01cecin\u0101ris: devaneios e resson\u00e2ncias do imagin\u00e1rio<\/a><\/span><br \/>\n<span style=\"font-family: 'trebuchet ms', geneva, sans-serif;font-size: 10pt;color: #999999\"><strong>ORIENTADORA:<\/strong> Profa. Dra. N\u00e1dia da Cruz Senna (PPGAV\/UFPel)<\/span><\/p>\n<hr \/>\n<p style=\"padding-left: 40px\"><a href=\"https:\/\/wp.ufpel.edu.br\/mestradoartesvisuais\/tatiana-dos-santos-duarte\/\"><span style=\"font-size: 12pt\"><strong><span style=\"font-family: 'trebuchet ms', geneva, sans-serif\">Tatiana dos Santos Duarte<\/span><\/strong><\/span><\/a><br \/>\n<span style=\"font-family: 'trebuchet ms', geneva, sans-serif;font-size: 10pt;color: #999999\"><strong>T\u00cdTULO:<\/strong> <a style=\"color: #999999\" href=\"http:\/\/guaiaca.ufpel.edu.br\/handle\/prefix\/5515\" target=\"_blank\" rel=\"noopener noreferrer\">A performance art\u00edstica a partir das rela\u00e7\u00f5es com as coisas-mem\u00f3ria: ancestralidade, afectos e corpo<\/a><\/span><br \/>\n<span style=\"font-family: 'trebuchet ms', geneva, sans-serif;font-size: 10pt;color: #999999\"><strong>ORIENTADORA:<\/strong> Profa. Dra. Eduarda Azevedo Gon\u00e7alves (PPGAV\/UFPel)<\/span><\/p>\n<hr \/>\n<p style=\"padding-left: 40px\"><a href=\"https:\/\/wp.ufpel.edu.br\/mestradoartesvisuais\/thiago-flores-madruga\/\"><strong><span style=\"font-family: 'trebuchet ms', geneva, sans-serif;font-size: 12pt\">Thiago Flores Madruga<\/span><\/strong><\/a><br \/>\n<span style=\"font-family: 'trebuchet ms', geneva, sans-serif;font-size: 10pt;color: #999999\"><strong>T\u00cdTULO:<\/strong> <a style=\"color: #999999\" href=\"http:\/\/guaiaca.ufpel.edu.br\/handle\/prefix\/5516\" target=\"_blank\" rel=\"noopener noreferrer\">Projeto Ra\u00edzes: compartilhando refer\u00eancias negras ga\u00fachas atrav\u00e9s da arte contempor\u00e2nea<\/a><\/span><br \/>\n<span style=\"font-family: 'trebuchet ms', geneva, sans-serif;font-size: 10pt;color: #999999\"><strong>ORIENTADORA:<\/strong> Profa. Dra. Larissa Patron Chaves (PPGAV\/UFPel)<\/span><\/p>\n<div><\/div>\n<div class=\"ms-editor-squiggler\" style=\"color: initial;font: initial;background: initial;background-blend-mode: initial;border: initial;border-radius: initial;border-collapse: initial;caption-side: initial;clear: initial;columns: initial;column-fill: initial;column-rule: initial;column-span: initial;cursor: initial;flex: initial;flex-flow: initial;float: initial;height: 0px;letter-spacing: initial;margin: initial;max-height: initial;max-width: initial;min-height: initial;min-width: initial;overflow: initial;padding: initial;text-align: initial;text-decoration: initial;text-indent: initial;text-transform: initial;vertical-align: initial;border-spacing: initial;width: initial\"><\/div>\n<div class=\"ms-editor-squiggler\" style=\"color: initial;font: initial;background: initial;background-blend-mode: initial;border: initial;border-radius: initial;border-collapse: initial;caption-side: initial;clear: initial;columns: initial;column-fill: initial;column-rule: initial;column-span: initial;cursor: initial;flex: initial;flex-flow: initial;float: initial;height: 0px;letter-spacing: initial;margin: initial;max-height: initial;max-width: initial;min-height: initial;min-width: initial;overflow: initial;padding: initial;text-align: initial;text-decoration: initial;text-indent: initial;text-transform: initial;vertical-align: initial;border-spacing: initial;width: initial\"><\/div>\n<div class=\"ms-editor-squiggler\" style=\"color: initial;font: initial;background: initial;background-blend-mode: initial;border: initial;border-radius: initial;border-collapse: initial;caption-side: initial;clear: initial;columns: initial;column-fill: initial;column-rule: initial;column-span: initial;cursor: initial;flex: initial;flex-flow: initial;float: initial;height: 0px;letter-spacing: initial;margin: initial;max-height: initial;max-width: initial;min-height: initial;min-width: initial;overflow: initial;padding: initial;text-align: initial;text-decoration: initial;text-indent: initial;text-transform: initial;vertical-align: initial;border-spacing: initial;width: initial\"><\/div>\n<div class=\"ms-editor-squiggler\" style=\"color: initial;font: initial;background: initial;background-blend-mode: initial;border: initial;border-radius: initial;border-collapse: initial;caption-side: initial;clear: initial;columns: initial;column-fill: initial;column-rule: initial;column-span: initial;cursor: initial;flex: initial;flex-flow: initial;float: initial;height: 0px;letter-spacing: initial;margin: initial;max-height: initial;max-width: initial;min-height: initial;min-width: initial;overflow: initial;padding: initial;text-align: initial;text-decoration: initial;text-indent: initial;text-transform: initial;vertical-align: initial;border-spacing: initial;width: initial\"><\/div>\n<div class=\"ms-editor-squiggler\" style=\"color: initial;font: initial;background: initial;background-blend-mode: initial;border: initial;border-radius: initial;border-collapse: initial;caption-side: initial;clear: initial;columns: initial;column-fill: initial;column-rule: initial;column-span: initial;cursor: initial;flex: initial;flex-flow: initial;float: initial;height: 0px;letter-spacing: initial;margin: initial;max-height: initial;max-width: initial;min-height: initial;min-width: initial;overflow: initial;padding: initial;text-align: initial;text-decoration: initial;text-indent: initial;text-transform: initial;vertical-align: initial;border-spacing: initial;width: initial\"><\/div>\n<div class=\"ms-editor-squiggler\" style=\"color: initial;font: initial;background: initial;background-blend-mode: initial;border: initial;border-radius: initial;border-collapse: initial;caption-side: initial;clear: initial;columns: initial;column-fill: initial;column-rule: initial;column-span: initial;cursor: initial;flex: initial;flex-flow: initial;float: initial;height: 0px;letter-spacing: initial;margin: initial;max-height: initial;max-width: initial;min-height: initial;min-width: initial;overflow: initial;padding: initial;text-align: initial;text-decoration: initial;text-indent: initial;text-transform: initial;vertical-align: initial;border-spacing: initial;width: initial\"><\/div>\n<div class=\"ms-editor-squiggler\" style=\"color: initial;font: initial;background: initial;background-blend-mode: initial;border: initial;border-radius: initial;border-collapse: initial;caption-side: initial;clear: initial;columns: initial;column-fill: initial;column-rule: initial;column-span: initial;cursor: initial;flex: initial;flex-flow: initial;float: initial;height: 0px;letter-spacing: initial;margin: initial;max-height: initial;max-width: initial;min-height: initial;min-width: initial;overflow: initial;padding: initial;text-align: initial;text-decoration: initial;text-indent: initial;text-transform: initial;vertical-align: initial;border-spacing: initial;width: initial\"><\/div>\n<div class=\"ms-editor-squiggler\" style=\"color: initial;font: initial;background: initial;background-blend-mode: initial;border: initial;border-radius: initial;border-collapse: initial;caption-side: initial;clear: initial;columns: initial;column-fill: initial;column-rule: initial;column-span: initial;cursor: initial;flex: initial;flex-flow: initial;float: initial;height: 0px;letter-spacing: initial;margin: initial;max-height: initial;max-width: initial;min-height: initial;min-width: initial;overflow: initial;padding: initial;text-align: initial;text-decoration: initial;text-indent: initial;text-transform: initial;vertical-align: initial;border-spacing: initial;width: initial\"><\/div>\n<div class=\"ms-editor-squiggler\" style=\"color: initial;font: initial;background: initial;background-blend-mode: initial;border: initial;border-radius: initial;border-collapse: initial;caption-side: initial;clear: initial;columns: initial;column-fill: initial;column-rule: initial;column-span: initial;cursor: initial;flex: initial;flex-flow: initial;float: initial;height: 0px;letter-spacing: initial;margin: initial;max-height: initial;max-width: initial;min-height: initial;min-width: initial;overflow: initial;padding: initial;text-align: initial;text-decoration: initial;text-indent: initial;text-transform: initial;vertical-align: initial;border-spacing: initial;width: initial\"><\/div>\n","protected":false},"excerpt":{"rendered":"<p>Abaixo voc\u00ea encontrar\u00e1 nossos alunos que conclu\u00edram sua forma\u00e7\u00e3o no Programa de P\u00f3s-gradua\u00e7\u00e3o Mestrado em Artes Visuais no ano de 2019. Clique no nome do aluno para maiores informa\u00e7\u00f5es sobre ele. Clicando no link do t\u00edtulo da disserta\u00e7\u00e3o voc\u00ea ser\u00e1 enviado \u00e0 publica\u00e7\u00e3o de sua disserta\u00e7\u00e3o. Alunos Egressos em 2019 Alex Sander Silveira de Almeida [&hellip;]<\/p>\n","protected":false},"author":1258,"featured_media":0,"parent":2738,"menu_order":5,"comment_status":"closed","ping_status":"closed","template":"","meta":{"footnotes":""},"class_list":["post-4551","page","type-page","status-publish","hentry"],"_links":{"self":[{"href":"https:\/\/wp.ufpel.edu.br\/ppgartes\/wp-json\/wp\/v2\/pages\/4551","targetHints":{"allow":["GET"]}}],"collection":[{"href":"https:\/\/wp.ufpel.edu.br\/ppgartes\/wp-json\/wp\/v2\/pages"}],"about":[{"href":"https:\/\/wp.ufpel.edu.br\/ppgartes\/wp-json\/wp\/v2\/types\/page"}],"author":[{"embeddable":true,"href":"https:\/\/wp.ufpel.edu.br\/ppgartes\/wp-json\/wp\/v2\/users\/1258"}],"replies":[{"embeddable":true,"href":"https:\/\/wp.ufpel.edu.br\/ppgartes\/wp-json\/wp\/v2\/comments?post=4551"}],"version-history":[{"count":0,"href":"https:\/\/wp.ufpel.edu.br\/ppgartes\/wp-json\/wp\/v2\/pages\/4551\/revisions"}],"up":[{"embeddable":true,"href":"https:\/\/wp.ufpel.edu.br\/ppgartes\/wp-json\/wp\/v2\/pages\/2738"}],"wp:attachment":[{"href":"https:\/\/wp.ufpel.edu.br\/ppgartes\/wp-json\/wp\/v2\/media?parent=4551"}],"curies":[{"name":"wp","href":"https:\/\/api.w.org\/{rel}","templated":true}]}}