{"id":3846,"date":"2020-01-09T11:51:00","date_gmt":"2020-01-09T14:51:00","guid":{"rendered":"https:\/\/wp.ufpel.edu.br\/mestradoartesvisuais\/?page_id=3846"},"modified":"2020-01-09T11:51:00","modified_gmt":"2020-01-09T14:51:00","slug":"discentes-turma-8-2019-2021","status":"publish","type":"page","link":"https:\/\/wp.ufpel.edu.br\/ppgartes\/discentes-mestrado\/discentes-turma-8-2019-2021\/","title":{"rendered":"Discentes &#8211; Turma 8 \u2013 2019-2021"},"content":{"rendered":"<p><span style=\"font-family: 'trebuchet ms', geneva, sans-serif;font-size: 10pt\">Abaixo voc\u00ea encontrar\u00e1 nossos alunos da turma 8 (2019-2021) do Programa de P\u00f3s-gradua\u00e7\u00e3o Mestrado em Artes Visuais.<\/span><\/p>\n<p><span style=\"font-family: 'trebuchet ms', geneva, sans-serif;font-size: 10pt\">Clique no nome do aluno para maiores informa\u00e7\u00f5es sobre ele.<br \/>\nClicando no link do t\u00edtulo da disserta\u00e7\u00e3o voc\u00ea ser\u00e1 enviado \u00e0 publica\u00e7\u00e3o de sua disserta\u00e7\u00e3o.<\/span><\/p>\n<p>&nbsp;<\/p>\n<h1 style=\"text-align: center\"><span style=\"font-family: 'trebuchet ms', geneva, sans-serif;font-size: 18pt\"><strong>Discentes &#8211; Turma 8 (2019-2021)<\/strong><\/span><\/h1>\n<hr \/>\n<p style=\"padding-left: 40px\"><span style=\"font-family: georgia, palatino, serif;font-size: 12pt;color: #666666\"><strong><span style=\"font-family: 'trebuchet ms', geneva, sans-serif\"><a href=\"https:\/\/wp.ufpel.edu.br\/mestradoartesvisuais\/ana-claudia-safons-soares\/\">Ana Claudia Safons Soares<\/a><br \/>\n<span style=\"font-family: georgia, palatino, serif;font-size: 12pt;color: #999999\"><span style=\"font-family: 'trebuchet ms', geneva, sans-serif;font-size: 10pt\">Linha de Pesquisa: <a style=\"color: #999999\" href=\"https:\/\/wp.ufpel.edu.br\/mestradoartesvisuais\/linhas-de-pesquisa\/educacao-em-artes-e-processos-de-formacao-estetica\/\">Educa\u00e7\u00e3o em Artes e Processos de Forma\u00e7\u00e3o Est\u00e9tica<\/a><\/span><\/span><br \/>\n<\/span><\/strong><\/span><\/p>\n<hr \/>\n<p style=\"padding-left: 40px\"><span style=\"font-family: georgia, palatino, serif;font-size: 12pt;color: #666666\"><strong><span style=\"font-family: 'trebuchet ms', geneva, sans-serif\"><a href=\"https:\/\/wp.ufpel.edu.br\/mestradoartesvisuais\/andre-martins-ziegler\/\">Andr\u00e9 Martins Ziegler<\/a><br \/>\n<span style=\"font-family: georgia, palatino, serif;font-size: 12pt;color: #999999\"><span style=\"font-family: 'trebuchet ms', geneva, sans-serif;font-size: 10pt\">Linha de Pesquisa: <a style=\"color: #999999\" href=\"https:\/\/wp.ufpel.edu.br\/mestradoartesvisuais\/linhas-de-pesquisa\/processos-de-criacao-e-poeticas-do-cotidiano\/\">Processos de Cria\u00e7\u00e3o e Po\u00e9ticas do Cotidiano<\/a><\/span><\/span><br \/>\n<\/span><\/strong><\/span><\/p>\n<hr \/>\n<p style=\"padding-left: 40px\"><span style=\"font-family: georgia, palatino, serif;font-size: 12pt;color: #666666\"><strong><span style=\"font-family: 'trebuchet ms', geneva, sans-serif\"><a href=\"https:\/\/wp.ufpel.edu.br\/mestradoartesvisuais\/beliza-gonzales-rocha\/\">Beliza Gonzales Rocha<\/a><br \/>\n<span style=\"font-family: georgia, palatino, serif;font-size: 12pt;color: #999999\"><span style=\"font-family: 'trebuchet ms', geneva, sans-serif;font-size: 10pt\">Linha de Pesquisa: <a style=\"color: #999999\" href=\"https:\/\/wp.ufpel.edu.br\/mestradoartesvisuais\/linhas-de-pesquisa\/processos-de-criacao-e-poeticas-do-cotidiano\/\">Processos de Cria\u00e7\u00e3o e Po\u00e9ticas do Cotidiano<\/a><\/span><\/span><br \/>\n<\/span><\/strong><\/span><\/p>\n<hr \/>\n<p style=\"padding-left: 40px\"><span style=\"font-family: georgia, palatino, serif;font-size: 12pt;color: #666666\"><strong><span style=\"font-family: 'trebuchet ms', geneva, sans-serif\"><a href=\"https:\/\/wp.ufpel.edu.br\/mestradoartesvisuais\/berenice-knuth-bailfus\/\">Berenice Knuth Bailfus<\/a><br \/>\n<span style=\"font-family: georgia, palatino, serif;font-size: 12pt;color: #999999\"><span style=\"font-family: 'trebuchet ms', geneva, sans-serif;font-size: 10pt\">Linha de Pesquisa: <a style=\"color: #999999\" href=\"https:\/\/wp.ufpel.edu.br\/mestradoartesvisuais\/linhas-de-pesquisa\/educacao-em-artes-e-processos-de-formacao-estetica\/\">Educa\u00e7\u00e3o em Artes e Processos de Forma\u00e7\u00e3o Est\u00e9tica<\/a><\/span><\/span><br \/>\n<\/span><\/strong><\/span><\/p>\n<hr \/>\n<p style=\"padding-left: 40px\"><span style=\"color: #666666\"><strong><span style=\"font-family: 'trebuchet ms', geneva, sans-serif\"><a href=\"https:\/\/wp.ufpel.edu.br\/mestradoartesvisuais\/bianca-morschbacher\/\">Bianca M\u00f6rschb\u00e4cher<\/a><br \/>\n<span style=\"font-family: georgia, palatino, serif;font-size: 12pt;color: #666666\"><span style=\"font-family: georgia, palatino, serif;font-size: 12pt;color: #999999\"><span style=\"font-family: 'trebuchet ms', geneva, sans-serif;font-size: 10pt\">Linha de Pesquisa: <a style=\"color: #999999\" href=\"https:\/\/wp.ufpel.edu.br\/mestradoartesvisuais\/linhas-de-pesquisa\/educacao-em-artes-e-processos-de-formacao-estetica\/\">Educa\u00e7\u00e3o em Artes e Processos de Forma\u00e7\u00e3o Est\u00e9tica<\/a><\/span><\/span><\/span><br \/>\n<\/span><\/strong><\/span><\/p>\n<hr \/>\n<p style=\"padding-left: 40px\"><span style=\"color: #666666\"><strong><span style=\"font-family: 'trebuchet ms', geneva, sans-serif\"><a href=\"https:\/\/wp.ufpel.edu.br\/mestradoartesvisuais\/camila-porto-burguez\/\">Camila Porto Burgu\u00eaz<\/a><br \/>\n<span style=\"font-family: georgia, palatino, serif;font-size: 12pt;color: #999999\"><span style=\"font-family: 'trebuchet ms', geneva, sans-serif;font-size: 10pt\">Linha de Pesquisa: <a style=\"color: #999999\" href=\"https:\/\/wp.ufpel.edu.br\/mestradoartesvisuais\/linhas-de-pesquisa\/processos-de-criacao-e-poeticas-do-cotidiano\/\">Processos de Cria\u00e7\u00e3o e Po\u00e9ticas do Cotidiano<\/a><\/span><\/span><br \/>\n<\/span><\/strong><\/span><\/p>\n<hr \/>\n<p style=\"padding-left: 40px\"><span style=\"color: #666666\"><strong><span style=\"font-family: 'trebuchet ms', geneva, sans-serif\"><a href=\"https:\/\/wp.ufpel.edu.br\/mestradoartesvisuais\/carolina-martins-portela\/\">Carolina Martins Portela<\/a><br \/>\n<span style=\"font-family: georgia, palatino, serif;font-size: 12pt;color: #666666\"><span style=\"font-family: georgia, palatino, serif;font-size: 12pt;color: #999999\"><span style=\"font-family: 'trebuchet ms', geneva, sans-serif;font-size: 10pt\">Linha de Pesquisa: <a style=\"color: #999999\" href=\"https:\/\/wp.ufpel.edu.br\/mestradoartesvisuais\/linhas-de-pesquisa\/educacao-em-artes-e-processos-de-formacao-estetica\/\">Educa\u00e7\u00e3o em Artes e Processos de Forma\u00e7\u00e3o Est\u00e9tica<\/a><\/span><\/span><\/span><br \/>\n<\/span><\/strong><\/span><\/p>\n<hr \/>\n<p style=\"padding-left: 40px\"><span style=\"color: #666666\"><strong><span style=\"font-family: 'trebuchet ms', geneva, sans-serif\"><a href=\"https:\/\/wp.ufpel.edu.br\/mestradoartesvisuais\/cassia-camila-cavalheiro-fernandes\/\">C\u00e1ssia Camila Cavalheiro Fernandes<\/a><br \/>\n<span style=\"font-family: georgia, palatino, serif;font-size: 12pt;color: #999999\"><span style=\"font-family: 'trebuchet ms', geneva, sans-serif;font-size: 10pt\">Linha de Pesquisa: <a style=\"color: #999999\" href=\"https:\/\/wp.ufpel.edu.br\/mestradoartesvisuais\/linhas-de-pesquisa\/processos-de-criacao-e-poeticas-do-cotidiano\/\">Processos de Cria\u00e7\u00e3o e Po\u00e9ticas do Cotidiano<\/a><\/span><\/span><br \/>\n<\/span><\/strong><\/span><\/p>\n<hr \/>\n<p style=\"padding-left: 40px\"><span style=\"color: #666666\"><strong><span style=\"font-family: 'trebuchet ms', geneva, sans-serif\"><a href=\"https:\/\/wp.ufpel.edu.br\/mestradoartesvisuais\/catia-maria-da-silva-vieira\/\">C\u00e1tia Maria da Silva Vieira<\/a><br \/>\n<span style=\"font-family: georgia, palatino, serif;font-size: 12pt;color: #666666\"><span style=\"font-family: georgia, palatino, serif;font-size: 12pt;color: #999999\"><span style=\"font-family: 'trebuchet ms', geneva, sans-serif;font-size: 10pt\">Linha de Pesquisa: <a style=\"color: #999999\" href=\"https:\/\/wp.ufpel.edu.br\/mestradoartesvisuais\/linhas-de-pesquisa\/educacao-em-artes-e-processos-de-formacao-estetica\/\">Educa\u00e7\u00e3o em Artes e Processos de Forma\u00e7\u00e3o Est\u00e9tica<\/a><\/span><\/span><\/span><br \/>\n<\/span><\/strong><\/span><\/p>\n<hr \/>\n<p style=\"padding-left: 40px\"><span style=\"color: #666666\"><strong><span style=\"font-family: 'trebuchet ms', geneva, sans-serif\"><a href=\"https:\/\/wp.ufpel.edu.br\/mestradoartesvisuais\/cesar-augusto-couto-bittencourt-junior\/\">Cesar Augusto Couto Bittencourt Junior<\/a><br \/>\n<span style=\"font-family: georgia, palatino, serif;font-size: 12pt;color: #999999\"><span style=\"font-family: 'trebuchet ms', geneva, sans-serif;font-size: 10pt\">Linha de Pesquisa: <a style=\"color: #999999\" href=\"https:\/\/wp.ufpel.edu.br\/mestradoartesvisuais\/linhas-de-pesquisa\/processos-de-criacao-e-poeticas-do-cotidiano\/\">Processos de Cria\u00e7\u00e3o e Po\u00e9ticas do Cotidiano<\/a><\/span><\/span><br \/>\n<\/span><\/strong><\/span><\/p>\n<hr \/>\n<p style=\"padding-left: 40px\"><span style=\"color: #666666\"><strong><span style=\"font-family: 'trebuchet ms', geneva, sans-serif\"><a href=\"https:\/\/wp.ufpel.edu.br\/mestradoartesvisuais\/dhara-fernanda-nunes-carrara\/\">Dhara Fernanda Nunes Carrara<\/a><br \/>\n<span style=\"font-family: georgia, palatino, serif;font-size: 12pt;color: #666666\"><span style=\"font-family: georgia, palatino, serif;font-size: 12pt;color: #999999\"><span style=\"font-family: 'trebuchet ms', geneva, sans-serif;font-size: 10pt\">Linha de Pesquisa: <a style=\"color: #999999\" href=\"https:\/\/wp.ufpel.edu.br\/mestradoartesvisuais\/linhas-de-pesquisa\/educacao-em-artes-e-processos-de-formacao-estetica\/\">Educa\u00e7\u00e3o em Artes e Processos de Forma\u00e7\u00e3o Est\u00e9tica<\/a><\/span><\/span><\/span><br \/>\n<\/span><\/strong><\/span><\/p>\n<hr \/>\n<p style=\"padding-left: 40px\"><span style=\"color: #666666\"><strong><span style=\"font-family: 'trebuchet ms', geneva, sans-serif\"><a href=\"https:\/\/wp.ufpel.edu.br\/mestradoartesvisuais\/hamilton-oliveira-bittencourt-junior\/\">Hamilton Oliveira Bittencourt Junior<\/a><br \/>\n<span style=\"font-family: georgia, palatino, serif;font-size: 12pt;color: #999999\"><span style=\"font-family: 'trebuchet ms', geneva, sans-serif;font-size: 10pt\">Linha de Pesquisa: <a style=\"color: #999999\" href=\"https:\/\/wp.ufpel.edu.br\/mestradoartesvisuais\/linhas-de-pesquisa\/processos-de-criacao-e-poeticas-do-cotidiano\/\">Processos de Cria\u00e7\u00e3o e Po\u00e9ticas do Cotidiano<\/a><\/span><\/span><br \/>\n<\/span><\/strong><\/span><\/p>\n<hr \/>\n<p style=\"padding-left: 40px\"><span style=\"color: #666666\"><strong><span style=\"font-family: 'trebuchet ms', geneva, sans-serif\"><a href=\"https:\/\/wp.ufpel.edu.br\/mestradoartesvisuais\/jessica-oliveira-de-carvalho\/\">J\u00e9ssica Oliveira de Carvalho<\/a><br \/>\n<span style=\"font-family: georgia, palatino, serif;font-size: 12pt;color: #999999\"><span style=\"font-family: 'trebuchet ms', geneva, sans-serif;font-size: 10pt\">Linha de Pesquisa: <a style=\"color: #999999\" href=\"https:\/\/wp.ufpel.edu.br\/mestradoartesvisuais\/linhas-de-pesquisa\/processos-de-criacao-e-poeticas-do-cotidiano\/\">Processos de Cria\u00e7\u00e3o e Po\u00e9ticas do Cotidiano<\/a><\/span><\/span><br \/>\n<\/span><\/strong><\/span><\/p>\n<hr \/>\n<p style=\"padding-left: 40px\"><span style=\"color: #666666\"><strong><span style=\"font-family: 'trebuchet ms', geneva, sans-serif\"><a href=\"https:\/\/wp.ufpel.edu.br\/mestradoartesvisuais\/joana-schneider\/\">Joana Schneider<\/a><br \/>\n<span style=\"font-family: georgia, palatino, serif;font-size: 12pt;color: #999999\"><span style=\"font-family: 'trebuchet ms', geneva, sans-serif;font-size: 10pt\">Linha de Pesquisa: <a style=\"color: #999999\" href=\"https:\/\/wp.ufpel.edu.br\/mestradoartesvisuais\/linhas-de-pesquisa\/processos-de-criacao-e-poeticas-do-cotidiano\/\">Processos de Cria\u00e7\u00e3o e Po\u00e9ticas do Cotidiano<\/a><\/span><\/span><br \/>\n<\/span><\/strong><\/span><\/p>\n<hr \/>\n<p style=\"padding-left: 40px\"><span style=\"color: #666666\"><strong><span style=\"font-family: 'trebuchet ms', geneva, sans-serif\"><a href=\"https:\/\/wp.ufpel.edu.br\/mestradoartesvisuais\/maicon-fernando-oliveira-barbosa\/\">Maicon Fernando Oliveira Barbosa<\/a><br \/>\n<span style=\"font-family: georgia, palatino, serif;font-size: 12pt;color: #666666\"><span style=\"font-family: georgia, palatino, serif;font-size: 12pt;color: #999999\"><span style=\"font-family: 'trebuchet ms', geneva, sans-serif;font-size: 10pt\">Linha de Pesquisa: <a style=\"color: #999999\" href=\"https:\/\/wp.ufpel.edu.br\/mestradoartesvisuais\/linhas-de-pesquisa\/educacao-em-artes-e-processos-de-formacao-estetica\/\">Educa\u00e7\u00e3o em Artes e Processos de Forma\u00e7\u00e3o Est\u00e9tica<\/a><\/span><\/span><\/span><br \/>\n<\/span><\/strong><\/span><\/p>\n<hr \/>\n<p style=\"padding-left: 40px\"><span style=\"color: #666666\"><strong><span style=\"font-family: 'trebuchet ms', geneva, sans-serif\"><a href=\"https:\/\/wp.ufpel.edu.br\/mestradoartesvisuais\/mairin-jordane-rutz\/\">Mairin Jordane Rutz<\/a><br \/>\n<span style=\"font-family: georgia, palatino, serif;font-size: 12pt;color: #666666\"><span style=\"font-family: georgia, palatino, serif;font-size: 12pt;color: #999999\"><span style=\"font-family: 'trebuchet ms', geneva, sans-serif;font-size: 10pt\">Linha de Pesquisa: <a style=\"color: #999999\" href=\"https:\/\/wp.ufpel.edu.br\/mestradoartesvisuais\/linhas-de-pesquisa\/educacao-em-artes-e-processos-de-formacao-estetica\/\">Educa\u00e7\u00e3o em Artes e Processos de Forma\u00e7\u00e3o Est\u00e9tica<\/a><\/span><\/span><\/span><br \/>\n<\/span><\/strong><\/span><\/p>\n<hr \/>\n<p style=\"padding-left: 40px\"><span style=\"color: #666666\"><strong><span style=\"font-family: 'trebuchet ms', geneva, sans-serif\"><a href=\"https:\/\/wp.ufpel.edu.br\/mestradoartesvisuais\/marcos-aurelio-do-carmo-alvarenga\/\">Marcos Aur\u00e9lio do Carmo Alvarenga<\/a><br \/>\n<span style=\"font-family: georgia, palatino, serif;font-size: 12pt;color: #666666\"><span style=\"font-family: georgia, palatino, serif;font-size: 12pt;color: #999999\"><span style=\"font-family: 'trebuchet ms', geneva, sans-serif;font-size: 10pt\">Linha de Pesquisa: <a style=\"color: #999999\" href=\"https:\/\/wp.ufpel.edu.br\/mestradoartesvisuais\/linhas-de-pesquisa\/educacao-em-artes-e-processos-de-formacao-estetica\/\">Educa\u00e7\u00e3o em Artes e Processos de Forma\u00e7\u00e3o Est\u00e9tica<\/a><\/span><\/span><\/span><br \/>\n<\/span><\/strong><\/span><\/p>\n<hr \/>\n<p style=\"padding-left: 40px\"><span style=\"color: #666666\"><strong><span style=\"font-family: 'trebuchet ms', geneva, sans-serif\"><a href=\"https:\/\/wp.ufpel.edu.br\/mestradoartesvisuais\/pamela-fogaca-lopes\/\">P\u00e2mela Foga\u00e7a Lopes<\/a><br \/>\n<span style=\"font-family: georgia, palatino, serif;font-size: 12pt;color: #999999\"><span style=\"font-family: 'trebuchet ms', geneva, sans-serif;font-size: 10pt\">Linha de Pesquisa: <a style=\"color: #999999\" href=\"https:\/\/wp.ufpel.edu.br\/mestradoartesvisuais\/linhas-de-pesquisa\/processos-de-criacao-e-poeticas-do-cotidiano\/\">Processos de Cria\u00e7\u00e3o e Po\u00e9ticas do Cotidiano<\/a><\/span><\/span><br \/>\n<\/span><\/strong><\/span><\/p>\n<hr \/>\n<p style=\"padding-left: 40px\"><span style=\"color: #666666\"><strong><span style=\"font-family: 'trebuchet ms', geneva, sans-serif\"><a href=\"https:\/\/wp.ufpel.edu.br\/mestradoartesvisuais\/pedro-elias-parente-da-silveira\/\">Pedro Elias Parente da Silveira<\/a><br \/>\n<span style=\"font-family: georgia, palatino, serif;font-size: 12pt;color: #999999\"><span style=\"font-family: 'trebuchet ms', geneva, sans-serif;font-size: 10pt\">Linha de Pesquisa: <a style=\"color: #999999\" href=\"https:\/\/wp.ufpel.edu.br\/mestradoartesvisuais\/linhas-de-pesquisa\/processos-de-criacao-e-poeticas-do-cotidiano\/\">Processos de Cria\u00e7\u00e3o e Po\u00e9ticas do Cotidiano<\/a><\/span><\/span><br \/>\n<\/span><\/strong><\/span><\/p>\n<hr \/>\n<p style=\"padding-left: 40px\"><span style=\"color: #666666\"><strong><span style=\"font-family: 'trebuchet ms', geneva, sans-serif\"><a href=\"https:\/\/wp.ufpel.edu.br\/mestradoartesvisuais\/renan-silva-do-espirito-santo\/\">Renan Silva do Espirito Santo<\/a><br \/>\n<span style=\"font-family: georgia, palatino, serif;font-size: 12pt;color: #666666\"><span style=\"font-family: georgia, palatino, serif;font-size: 12pt;color: #999999\"><span style=\"font-family: 'trebuchet ms', geneva, sans-serif;font-size: 10pt\">Linha de Pesquisa: <a style=\"color: #999999\" href=\"https:\/\/wp.ufpel.edu.br\/mestradoartesvisuais\/linhas-de-pesquisa\/educacao-em-artes-e-processos-de-formacao-estetica\/\">Educa\u00e7\u00e3o em Artes e Processos de Forma\u00e7\u00e3o Est\u00e9tica<\/a><\/span><\/span><\/span><br \/>\n<\/span><\/strong><\/span><\/p>\n<hr \/>\n<p style=\"padding-left: 40px\"><span style=\"color: #666666\"><strong><span style=\"font-family: 'trebuchet ms', geneva, sans-serif\"><a href=\"https:\/\/wp.ufpel.edu.br\/mestradoartesvisuais\/tais-dias-galindo\/\">Tais Dias Galindo<\/a><br \/>\n<span style=\"font-family: georgia, palatino, serif;font-size: 12pt;color: #666666\"><span style=\"font-family: georgia, palatino, serif;font-size: 12pt;color: #999999\"><span style=\"font-family: 'trebuchet ms', geneva, sans-serif;font-size: 10pt\">Linha de Pesquisa: <a style=\"color: #999999\" href=\"https:\/\/wp.ufpel.edu.br\/mestradoartesvisuais\/linhas-de-pesquisa\/educacao-em-artes-e-processos-de-formacao-estetica\/\">Educa\u00e7\u00e3o em Artes e Processos de Forma\u00e7\u00e3o Est\u00e9tica<\/a><\/span><\/span><\/span><br \/>\n<\/span><\/strong><\/span><\/p>\n<hr \/>\n<p style=\"padding-left: 40px\"><span style=\"color: #666666\"><strong><span style=\"font-family: 'trebuchet ms', geneva, sans-serif\"><a href=\"https:\/\/wp.ufpel.edu.br\/mestradoartesvisuais\/thiago-ligabue-pinto\/\">Thiago Ligabue Pinto<\/a><br \/>\n<span style=\"font-family: georgia, palatino, serif;font-size: 12pt;color: #999999\"><span style=\"font-family: 'trebuchet ms', geneva, sans-serif;font-size: 10pt\">Linha de Pesquisa: <a style=\"color: #999999\" href=\"https:\/\/wp.ufpel.edu.br\/mestradoartesvisuais\/linhas-de-pesquisa\/processos-de-criacao-e-poeticas-do-cotidiano\/\">Processos de Cria\u00e7\u00e3o e Po\u00e9ticas do Cotidiano<\/a><\/span><\/span><br \/>\n<\/span><\/strong><\/span><\/p>\n<div class=\"ms-editor-squiggler\" style=\"color: initial;font: initial;background: initial;background-blend-mode: initial;border: initial;border-radius: initial;border-collapse: initial;caption-side: initial;clear: initial;columns: initial;column-fill: initial;column-rule: initial;column-span: initial;cursor: initial;flex: initial;flex-flow: initial;float: initial;height: 0px;letter-spacing: initial;margin: initial;max-height: initial;max-width: initial;min-height: initial;min-width: initial;overflow: initial;padding: initial;text-align: initial;text-decoration: initial;text-indent: initial;text-transform: initial;vertical-align: initial;border-spacing: initial;width: initial\"><\/div>\n<div class=\"ms-editor-squiggler\" style=\"color: initial;font: initial;background: initial;background-blend-mode: initial;border: initial;border-radius: initial;border-collapse: initial;caption-side: initial;clear: initial;columns: initial;column-fill: initial;column-rule: initial;column-span: initial;cursor: initial;flex: initial;flex-flow: initial;float: initial;height: 0px;letter-spacing: initial;margin: initial;max-height: initial;max-width: initial;min-height: initial;min-width: initial;overflow: initial;padding: initial;text-align: initial;text-decoration: initial;text-indent: initial;text-transform: initial;vertical-align: initial;border-spacing: initial;width: initial\"><\/div>\n<div class=\"ms-editor-squiggler\" style=\"color: initial;font: initial;background: initial;background-blend-mode: initial;border: initial;border-radius: initial;border-collapse: initial;caption-side: initial;clear: initial;columns: initial;column-fill: initial;column-rule: initial;column-span: initial;cursor: initial;flex: initial;flex-flow: initial;float: initial;height: 0px;letter-spacing: initial;margin: initial;max-height: initial;max-width: initial;min-height: initial;min-width: initial;overflow: initial;padding: initial;text-align: initial;text-decoration: initial;text-indent: initial;text-transform: initial;vertical-align: initial;border-spacing: initial;width: initial\"><\/div>\n","protected":false},"excerpt":{"rendered":"<p>Abaixo voc\u00ea encontrar\u00e1 nossos alunos da turma 8 (2019-2021) do Programa de P\u00f3s-gradua\u00e7\u00e3o Mestrado em Artes Visuais. Clique no nome do aluno para maiores informa\u00e7\u00f5es sobre ele. Clicando no link do t\u00edtulo da disserta\u00e7\u00e3o voc\u00ea ser\u00e1 enviado \u00e0 publica\u00e7\u00e3o de sua disserta\u00e7\u00e3o. &nbsp; Discentes &#8211; Turma 8 (2019-2021) Ana Claudia Safons Soares Linha de Pesquisa: [&hellip;]<\/p>\n","protected":false},"author":1258,"featured_media":0,"parent":2743,"menu_order":1,"comment_status":"closed","ping_status":"closed","template":"","meta":{"footnotes":""},"class_list":["post-3846","page","type-page","status-publish","hentry"],"_links":{"self":[{"href":"https:\/\/wp.ufpel.edu.br\/ppgartes\/wp-json\/wp\/v2\/pages\/3846","targetHints":{"allow":["GET"]}}],"collection":[{"href":"https:\/\/wp.ufpel.edu.br\/ppgartes\/wp-json\/wp\/v2\/pages"}],"about":[{"href":"https:\/\/wp.ufpel.edu.br\/ppgartes\/wp-json\/wp\/v2\/types\/page"}],"author":[{"embeddable":true,"href":"https:\/\/wp.ufpel.edu.br\/ppgartes\/wp-json\/wp\/v2\/users\/1258"}],"replies":[{"embeddable":true,"href":"https:\/\/wp.ufpel.edu.br\/ppgartes\/wp-json\/wp\/v2\/comments?post=3846"}],"version-history":[{"count":0,"href":"https:\/\/wp.ufpel.edu.br\/ppgartes\/wp-json\/wp\/v2\/pages\/3846\/revisions"}],"up":[{"embeddable":true,"href":"https:\/\/wp.ufpel.edu.br\/ppgartes\/wp-json\/wp\/v2\/pages\/2743"}],"wp:attachment":[{"href":"https:\/\/wp.ufpel.edu.br\/ppgartes\/wp-json\/wp\/v2\/media?parent=3846"}],"curies":[{"name":"wp","href":"https:\/\/api.w.org\/{rel}","templated":true}]}}