{"id":3741,"date":"2019-11-13T19:03:52","date_gmt":"2019-11-13T22:03:52","guid":{"rendered":"https:\/\/wp.ufpel.edu.br\/mestradoartesvisuais\/?page_id=3741"},"modified":"2019-11-13T19:03:52","modified_gmt":"2019-11-13T22:03:52","slug":"fabiana-lopes-de-souza","status":"publish","type":"page","link":"https:\/\/wp.ufpel.edu.br\/ppgartes\/acompanhamento-de-academicos\/ingressantes-2014\/fabiana-lopes-de-souza\/","title":{"rendered":"Fabiana Lopes De Souza"},"content":{"rendered":"<p><a href=\"https:\/\/wp.ufpel.edu.br\/ppgartes\/files\/2021\/03\/turma3_FabianaSouza.png\"><img class=\"wp-image-5042 size-thumbnail alignleft\" src=\"https:\/\/wp.ufpel.edu.br\/ppgartes\/files\/2021\/03\/turma3_FabianaSouza-200x200.png\" alt=\"\" width=\"200\" height=\"200\" srcset=\"https:\/\/wp.ufpel.edu.br\/ppgartes\/files\/2021\/03\/turma3_FabianaSouza-200x200.png 200w, https:\/\/wp.ufpel.edu.br\/ppgartes\/files\/2021\/03\/turma3_FabianaSouza-400x400.png 400w, https:\/\/wp.ufpel.edu.br\/ppgartes\/files\/2021\/03\/turma3_FabianaSouza.png 500w\" sizes=\"(max-width: 200px) 100vw, 200px\" \/><\/a><\/p>\n<p>&nbsp;<\/p>\n<p>&nbsp;<\/p>\n<p>&nbsp;<\/p>\n<p><span style=\"font-family: georgia, palatino, serif;font-size: 12pt\"><span style=\"font-size: 18pt\"><strong><span style=\"font-family: 'trebuchet ms', geneva, sans-serif\">Fabiana Lopes De Souza <span style=\"font-size: 10pt;color: #999999\">\/\u00a0<\/span><\/span><\/strong><\/span><span style=\"font-family: 'trebuchet ms', geneva, sans-serif;font-size: 10pt\"><span style=\"color: #999999\"><a style=\"color: #999999\" href=\"http:\/\/lattes.cnpq.br\/1107919100478215\" target=\"_blank\" rel=\"noopener noreferrer\">Curr\u00edculum Lattes<\/a><\/span><br \/>\n<strong>Linha de Pesquisa<\/strong>: <a href=\"https:\/\/wp.ufpel.edu.br\/mestradoartesvisuais\/linhas-de-pesquisa\/educacao-em-artes-e-processos-de-formacao-estetica\/\">Educa\u00e7\u00e3o em Artes e Processos de Forma\u00e7\u00e3o Est\u00e9tica<\/a><br \/>\n<\/span><\/span><span style=\"font-family: georgia, palatino, serif;font-size: 12pt\"><span style=\"font-family: 'trebuchet ms', geneva, sans-serif;font-size: 10pt\"><strong>Data de nascimento:\u00a0<\/strong><\/span><\/span><\/p>\n<p style=\"text-align: justify\"><span style=\"font-family: 'trebuchet ms', geneva, sans-serif;font-size: 10pt\"><strong>Texto introdut\u00f3rio:<\/strong> Doutoranda em Educa\u00e7\u00e3o (PPGE\/FAE\/UFPel). Mestra em Artes Visuais (PPGAV\/CA\/UFPel). Especialista em Artes com \u00e1rea de concentra\u00e7\u00e3o em Artes Visuais e Licenciada em Artes Visuais pelo Centro de Artes\/UFPel. Atuou como tutora a dist\u00e2ncia no Curso de Licenciatura em Educa\u00e7\u00e3o do Campo &#8211; UAB\/CLEC\/UFPel (2013-2014). Atuou como tutora a dist\u00e2ncia no Curso de Filosofia EAD &#8211; UFPel (2017-2018). Bolsista CAPES. Professora de Artes Visuais do Munic\u00edpio de Pelotas\/RS (2013- ). (Texto extra\u00eddo diretamente da plataforma Lattes)<\/span><\/p>\n<hr \/>\n<p><span style=\"font-family: 'trebuchet ms', geneva, sans-serif;font-size: 10pt\"><strong>T\u00edtulo da disserta\u00e7\u00e3o<br \/>\n<a href=\"http:\/\/repositorio.ufpel.edu.br:8080\/handle\/prefix\/3644\" target=\"_blank\" rel=\"noopener noreferrer\"><span style=\"font-size: 14pt\">Cultura visual e identidade: autorretratos, afetos e memorias no ensino das artes visuais<\/span><\/a><\/strong><br \/>\n<\/span><span style=\"font-family: 'trebuchet ms', geneva, sans-serif;font-size: 10pt\"><strong>Orientador(a):<\/strong> <a href=\"https:\/\/wp.ufpel.edu.br\/mestradoartesvisuais\/ursula-rosa-da-silva\/\">Profa. Dra. Ursula Rosa da Silva (PPGAV\/UFPel)<\/a><br \/>\n<\/span><\/p>\n<p style=\"text-align: justify\"><span style=\"font-family: 'trebuchet ms', geneva, sans-serif;font-size: 10pt\"><strong>RESUMO<\/strong><br \/>\nEste trabalho parte de uma pesquisa realizada em uma escola p\u00fablica municipal da cidade de Pelotas, RS, que teve por objetivo investigar as percep\u00e7\u00f5es e sentidos vivenciados pelos estudantes de duas turmas de 5\u00ba ano, quanto \u00e0 constru\u00e7\u00e3o de suas identidades no contato com as imagens da cultura visual. Busquei ainda verificar quais as possibilidades de mudan\u00e7a na apreens\u00e3o destas imagens, proporcionadas pelas atividades desenvolvidas nas aulas de Artes Visuais, a partir de uma educa\u00e7\u00e3o cr\u00edtica e est\u00e9tica. A fundamenta\u00e7\u00e3o te\u00f3rica da pesquisa se baseia em Hern\u00e1ndez (2000; 2007) que estuda a relev\u00e2ncia da cultura visual na escola e a compreens\u00e3o cr\u00edtica e est\u00e9tica que os alunos podem adquirir atrav\u00e9s do estudo destas imagens; Hall (2005) que trata das quest\u00f5es de identidade cultural na perspectiva de um mundo p\u00f3s-moderno; e Meira e Pillotto (2010) que refletem sobre o afeto como fator essencial nos processos de ensino e aprendizagem. Os dados foram coletados atrav\u00e9s de registros fotogr\u00e1ficos, das imagens produzidas pelos alunos e dos relatos escritos pelos mesmos. Al\u00e9m disso, foram feitas anota\u00e7\u00f5es das observa\u00e7\u00f5es realizadas durante as atividades em sala de aula por mim. Fundamentados com base no referencial proposto, os dados da pesquisa revelaram que \u00e9 poss\u00edvel realizar um trabalho utilizando imagens e objetos do cotidiano dos estudantes, promovendo uma educa\u00e7\u00e3o cr\u00edtica e est\u00e9tica dos alunos a partir destas visualidades. Verifiquei que ocorreu produ\u00e7\u00e3o de sentidos pelos estudantes, pois estes estabeleceram rela\u00e7\u00f5es das imagens estudadas nas aulas de Artes Visuais com suas viv\u00eancias cotidianas. Ainda, \u00e9 relevante salientar que os estudantes demonstraram processos de identifica\u00e7\u00e3o, pertencimento, afetos e mem\u00f3rias em rela\u00e7\u00e3o \u00e0s imagens escolhidas por eles para o trabalho realizado em sala de aula.<\/span><\/p>\n<p><span style=\"font-family: 'trebuchet ms', geneva, sans-serif;font-size: 10pt\"><strong>Palavras-chave:<\/strong> cultura visual; artes visuais; estudo e ensino; identidade; afeto<\/span><\/p>\n<p><span style=\"font-family: 'trebuchet ms', geneva, sans-serif;font-size: 10pt\"><strong>Banca:<br \/>\n<\/strong><\/span><span style=\"font-family: 'trebuchet ms', geneva, sans-serif;font-size: 10pt\">Profa. Dra. N\u00e1dia da Cruz Senna (PPGAV\/UFPel)<br \/>\nProfa. Dra. Larissa Patron Chaves (CA\/UFPel)<\/span><\/p>\n<p><span style=\"font-family: 'trebuchet ms', geneva, sans-serif;font-size: 10pt\"><strong>Data:<\/strong> 30\/mar\u00e7o\/2016<\/span><\/p>\n<p>&nbsp;<\/p>\n<p>&nbsp;<\/p>\n<h3 style=\"text-align: center\"><span style=\"font-family: 'trebuchet ms', geneva, sans-serif;font-size: 12pt\">Acompanhamento Egresso:<\/span><\/h3>\n<hr \/>\n<div class=\"layout-cell-pad-5 text-align-right\"><\/div>\n<div><\/div>\n<div><\/div>\n<div><\/div>\n<div><\/div>\n<div class=\"layout-cell layout-cell-1 text-align-right\"><\/div>\n<p>&nbsp;<\/p>\n<p>&nbsp;<\/p>\n<p>&nbsp;<\/p>\n<p>&nbsp;<\/p>\n<p>&nbsp;<\/p>\n<p>&nbsp;<\/p>\n<hr \/>\n<p>&nbsp;<\/p>\n<p><img class=\" alignleft\" src=\"http:\/\/servicosweb.cnpq.br\/wspessoa\/servletrecuperafoto?tipo=1&amp;id=K4329915Z4\" width=\"139\" height=\"184\" \/><\/p>\n<p style=\"padding-left: 240px\"><strong>Nome do acad\u00eamico: <\/strong>Fabiana Lopes De Souza<\/p>\n<p style=\"padding-left: 240px\"><strong>Data de nascimento:\u00a0<\/strong><\/p>\n<p style=\"padding-left: 240px;text-align: left\"><strong>T\u00edtulo da disserta\u00e7\u00e3o: <a href=\"http:\/\/guaiaca.ufpel.edu.br\/bitstream\/prefix\/3644\/1\/Fabiana_%20Lopes_%20de_%20Souza_Disserta%c3%a7%c3%a3o%20de%20mestrado_%20Fabiana%20Lopes%20de%20Souza.pdf\" target=\"_blank\" rel=\"noopener noreferrer\">Cultura visual e identidade: autorretratos, afetos e memorias no ensino das artes visuais<\/a><\/strong><\/p>\n<p style=\"padding-left: 240px\"><strong>Orientador: <\/strong>Profa. Dra. \u00darsula Rosa da Silva (PPGAV\/UFPel)<\/p>\n<p style=\"padding-left: 240px\"><strong>Curr\u00edculo Lattes: <\/strong><a href=\"http:\/\/lattes.cnpq.br\/1107919100478215\" target=\"_blank\" rel=\"noopener noreferrer\">http:\/\/lattes.cnpq.br\/1107919100478215<\/a><\/p>\n<p>&nbsp;<\/p>\n<p style=\"text-align: justify\"><strong>Texto introdut\u00f3rio: <\/strong>Doutoranda em Educa\u00e7\u00e3o (PPGE\/FAE\/UFPel). Mestra em Artes Visuais (PPGAV\/CA\/UFPel). Especialista em Artes com \u00e1rea de concentra\u00e7\u00e3o em Artes Visuais e Licenciada em Artes Visuais pelo Centro de Artes\/UFPel. Atuou como tutora a dist\u00e2ncia no Curso de Licenciatura em Educa\u00e7\u00e3o do Campo &#8211; UAB\/CLEC\/UFPel (2013-2014). Atuou como tutora a dist\u00e2ncia no Curso de Filosofia EAD &#8211; UFPel (2017-2018). Professora de Artes Visuais do Munic\u00edpio de Pelotas (2013-2018).\u00a0<span class=\"texto\">(Texto extra\u00eddo diretamente da plataforma Lattes).<\/span><\/p>\n<p>&nbsp;<\/p>\n<h3 style=\"text-align: center\">Acompanhamento Egresso:<\/h3>\n<hr \/>\n<p>&nbsp;<\/p>\n<div class=\"ms-editor-squiggler\" style=\"color: initial;font: initial;background: initial;background-blend-mode: initial;border: initial;border-radius: initial;border-collapse: initial;caption-side: initial;clear: initial;columns: initial;column-fill: initial;column-rule: initial;column-span: initial;cursor: initial;flex: initial;flex-flow: initial;float: initial;height: 0px;letter-spacing: initial;margin: initial;max-height: initial;max-width: initial;min-height: initial;min-width: initial;overflow: initial;padding: initial;text-align: initial;text-decoration: initial;text-indent: initial;text-transform: initial;vertical-align: initial;border-spacing: initial;width: initial\"><\/div>\n<div class=\"ms-editor-squiggler\" style=\"color: initial;font: initial;background: initial;background-blend-mode: initial;border: initial;border-radius: initial;border-collapse: initial;caption-side: initial;clear: initial;columns: initial;column-fill: initial;column-rule: initial;column-span: initial;cursor: initial;flex: initial;flex-flow: initial;float: initial;height: 0px;letter-spacing: initial;margin: initial;max-height: initial;max-width: initial;min-height: initial;min-width: initial;overflow: initial;padding: initial;text-align: initial;text-decoration: initial;text-indent: initial;text-transform: initial;vertical-align: initial;border-spacing: initial;width: initial\"><\/div>\n<div class=\"ms-editor-squiggler\" style=\"color: initial;font: initial;background: initial;background-blend-mode: initial;border: initial;border-radius: initial;border-collapse: initial;caption-side: initial;clear: initial;columns: initial;column-fill: initial;column-rule: initial;column-span: initial;cursor: initial;flex: initial;flex-flow: initial;float: initial;height: 0px;letter-spacing: initial;margin: initial;max-height: initial;max-width: initial;min-height: initial;min-width: initial;overflow: initial;padding: initial;text-align: initial;text-decoration: initial;text-indent: initial;text-transform: initial;vertical-align: initial;border-spacing: initial;width: initial\"><\/div>\n<div class=\"ms-editor-squiggler\" style=\"color: initial;font: initial;background: initial;background-blend-mode: initial;border: initial;border-radius: initial;border-collapse: initial;caption-side: initial;clear: initial;columns: initial;column-fill: initial;column-rule: initial;column-span: initial;cursor: initial;flex: initial;flex-flow: initial;float: initial;height: 0px;letter-spacing: initial;margin: initial;max-height: initial;max-width: initial;min-height: initial;min-width: initial;overflow: initial;padding: initial;text-align: initial;text-decoration: initial;text-indent: initial;text-transform: initial;vertical-align: initial;border-spacing: initial;width: initial\"><\/div>\n<div class=\"ms-editor-squiggler\" style=\"color: initial;font: initial;background: initial;background-blend-mode: initial;border: initial;border-radius: initial;border-collapse: initial;caption-side: initial;clear: initial;columns: initial;column-fill: initial;column-rule: initial;column-span: initial;cursor: initial;flex: initial;flex-flow: initial;float: initial;height: 0px;letter-spacing: initial;margin: initial;max-height: initial;max-width: initial;min-height: initial;min-width: initial;overflow: initial;padding: initial;text-align: initial;text-decoration: initial;text-indent: initial;text-transform: initial;vertical-align: initial;border-spacing: initial;width: initial\"><\/div>\n","protected":false},"excerpt":{"rendered":"<p>&nbsp; &nbsp; &nbsp; Fabiana Lopes De Souza \/\u00a0Curr\u00edculum Lattes Linha de Pesquisa: Educa\u00e7\u00e3o em Artes e Processos de Forma\u00e7\u00e3o Est\u00e9tica Data de nascimento:\u00a0 Texto introdut\u00f3rio: Doutoranda em Educa\u00e7\u00e3o (PPGE\/FAE\/UFPel). Mestra em Artes Visuais (PPGAV\/CA\/UFPel). Especialista em Artes com \u00e1rea de concentra\u00e7\u00e3o em Artes Visuais e Licenciada em Artes Visuais pelo Centro de Artes\/UFPel. Atuou como [&hellip;]<\/p>\n","protected":false},"author":1258,"featured_media":0,"parent":3718,"menu_order":0,"comment_status":"closed","ping_status":"closed","template":"","meta":{"footnotes":""},"class_list":["post-3741","page","type-page","status-publish","hentry"],"_links":{"self":[{"href":"https:\/\/wp.ufpel.edu.br\/ppgartes\/wp-json\/wp\/v2\/pages\/3741","targetHints":{"allow":["GET"]}}],"collection":[{"href":"https:\/\/wp.ufpel.edu.br\/ppgartes\/wp-json\/wp\/v2\/pages"}],"about":[{"href":"https:\/\/wp.ufpel.edu.br\/ppgartes\/wp-json\/wp\/v2\/types\/page"}],"author":[{"embeddable":true,"href":"https:\/\/wp.ufpel.edu.br\/ppgartes\/wp-json\/wp\/v2\/users\/1258"}],"replies":[{"embeddable":true,"href":"https:\/\/wp.ufpel.edu.br\/ppgartes\/wp-json\/wp\/v2\/comments?post=3741"}],"version-history":[{"count":0,"href":"https:\/\/wp.ufpel.edu.br\/ppgartes\/wp-json\/wp\/v2\/pages\/3741\/revisions"}],"up":[{"embeddable":true,"href":"https:\/\/wp.ufpel.edu.br\/ppgartes\/wp-json\/wp\/v2\/pages\/3718"}],"wp:attachment":[{"href":"https:\/\/wp.ufpel.edu.br\/ppgartes\/wp-json\/wp\/v2\/media?parent=3741"}],"curies":[{"name":"wp","href":"https:\/\/api.w.org\/{rel}","templated":true}]}}