{"id":3721,"date":"2019-11-13T18:37:18","date_gmt":"2019-11-13T21:37:18","guid":{"rendered":"https:\/\/wp.ufpel.edu.br\/mestradoartesvisuais\/?page_id=3721"},"modified":"2019-11-13T18:37:18","modified_gmt":"2019-11-13T21:37:18","slug":"3721-2","status":"publish","type":"page","link":"https:\/\/wp.ufpel.edu.br\/ppgartes\/acompanhamento-de-academicos\/ingressantes-2014\/3721-2\/","title":{"rendered":"Adalberto Geovani Nunes Corr\u00eaa"},"content":{"rendered":"<p><a href=\"https:\/\/wp.ufpel.edu.br\/ppgartes\/files\/2021\/03\/turma3_AdalbertoCorrea.png\"><img class=\"size-thumbnail wp-image-5045 alignleft\" src=\"https:\/\/wp.ufpel.edu.br\/ppgartes\/files\/2021\/03\/turma3_AdalbertoCorrea-200x200.png\" alt=\"\" width=\"200\" height=\"200\" srcset=\"https:\/\/wp.ufpel.edu.br\/ppgartes\/files\/2021\/03\/turma3_AdalbertoCorrea-200x200.png 200w, https:\/\/wp.ufpel.edu.br\/ppgartes\/files\/2021\/03\/turma3_AdalbertoCorrea-400x400.png 400w, https:\/\/wp.ufpel.edu.br\/ppgartes\/files\/2021\/03\/turma3_AdalbertoCorrea.png 500w\" sizes=\"(max-width: 200px) 100vw, 200px\" \/><\/a><\/p>\n<p>&nbsp;<\/p>\n<p>&nbsp;<\/p>\n<p>&nbsp;<\/p>\n<p><span style=\"font-family: georgia, palatino, serif;font-size: 12pt\"><span style=\"font-size: 18pt\"><strong><span style=\"font-family: 'trebuchet ms', geneva, sans-serif\">Adalberto Geovani Nunes Corr\u00eaa <span style=\"font-size: 10pt;color: #999999\">\/\u00a0<\/span><\/span><\/strong><\/span><span style=\"font-family: 'trebuchet ms', geneva, sans-serif;font-size: 10pt\"><span style=\"color: #999999\"><a style=\"color: #999999\" href=\"http:\/\/lattes.cnpq.br\/0349802566837856\" target=\"_blank\" rel=\"noopener noreferrer\">Curr\u00edculum Lattes<\/a><\/span><br \/>\n<strong>Linha de Pesquisa<\/strong>: <a href=\"https:\/\/wp.ufpel.edu.br\/mestradoartesvisuais\/linhas-de-pesquisa\/processos-de-criacao-e-poeticas-do-cotidiano\/\">Processos de Cria\u00e7\u00e3o e Po\u00e9ticas do Cotidiano<\/a><br \/>\n<\/span><\/span><span style=\"font-family: georgia, palatino, serif;font-size: 12pt\"><span style=\"font-family: 'trebuchet ms', geneva, sans-serif;font-size: 10pt\"><strong>Data de nascimento:\u00a0<\/strong><\/span><\/span><\/p>\n<p style=\"text-align: justify\"><span style=\"font-family: 'trebuchet ms', geneva, sans-serif;font-size: 10pt\"><strong>Texto introdut\u00f3rio:<\/strong> Possui Mestrado pelo Programa de P\u00f3s Gradua\u00e7\u00e3o em Artes Visuais da Universidade Federal de Pelotas (PPGAV &#8211; UFPEL), e tamb\u00e9m, Gradua\u00e7\u00e3o como Bacharel em Artes Visuais pela mesma Universidade. Durante o mestrado foi Bolsista CAPES\/FAPERGS (Coordena\u00e7\u00e3o de Aperfei\u00e7oamento de Pessoal de N\u00edvel Superior e Funda\u00e7\u00e3o de Amparo \u00e0 Pesquisa do Estado do Rio Grande do Sul) atrav\u00e9s do Programa de P\u00f3s-Gradua\u00e7\u00e3o em Artes Visuais (2014 \u00e0 2016). Durante a Gradua\u00e7\u00e3o foi bolsista pelo Programa de Educa\u00e7\u00e3o Tutorial (PET &#8211; Artes Visuais &#8211; 2010 \u00e0 2013). Possui experi\u00eancia profissional em Fotografia, M\u00fasica, Design, e tamb\u00e9m, em Dire\u00e7\u00e3o, Sonoplastia, Captura de Imagens e Montagem de Produ\u00e7\u00f5es Audiovisuais &#8211; \u00e1reas em que desenvolve sua produ\u00e7\u00e3o art\u00edstica. Sua pesquisa e po\u00e9tica transitam entre os campos da arte e da m\u00fasica abordando quest\u00f5es referentes a percep\u00e7\u00e3o, a experi\u00eancia, a escuta, ao olhar, ao cotidiano, a temporalidade e espacialidade, as rela\u00e7\u00f5es humanas e ambientais. Atualmente desenvolve atividades culturais diversas atrav\u00e9s da m\u00fasica, fotografia, design gr\u00e1fico, marketing digital e tamb\u00e9m da elabora\u00e7\u00e3o de projetos culturais para capta\u00e7\u00e3o de recursos p\u00fablicos. (Texto extra\u00eddo diretamente da plataforma Lattes)<\/span><\/p>\n<hr \/>\n<p><span style=\"font-family: 'trebuchet ms', geneva, sans-serif;font-size: 10pt\"><strong>T\u00edtulo da disserta\u00e7\u00e3o<br \/>\n<a href=\"http:\/\/repositorio.ufpel.edu.br:8080\/handle\/prefix\/3646\" target=\"_blank\" rel=\"noopener noreferrer\"><span style=\"font-size: 14pt\">Estado de escuta: da percep\u00e7\u00e3o, do movimento: uma cartografia do Andejo<\/span><\/a><\/strong><br \/>\n<\/span><span style=\"font-family: 'trebuchet ms', geneva, sans-serif;font-size: 10pt\"><strong>Orientador(a):<\/strong> <a href=\"https:\/\/wp.ufpel.edu.br\/mestradoartesvisuais\/4766-2\/\">Prof. Dr. Cl\u00e1udio Tarouco de Azevedo (PPGAV\/UFPel)<\/a><\/span><\/p>\n<p style=\"text-align: justify\"><span style=\"font-family: 'trebuchet ms', geneva, sans-serif;font-size: 10pt\"><strong>RESUMO<\/strong><br \/>\nA produ\u00e7\u00e3o po\u00e9tica e art\u00edstica desta pesquisa, na linha de Processos de Cria\u00e7\u00e3o e Po\u00e9ticas do Cotidiano, transita entre as especificidades do velho e do novo, de seus conte\u00fados, das materialidades e imaterialidades. O trabalho intitulado Reposit\u00f3rio dos Sentidos \u00e9 um audiovisual, escolhido como primeiro objeto de an\u00e1lise por apontar uma s\u00e9rie de quest\u00f5es relacionadas a percep\u00e7\u00e3o, a experiencia\u00e7\u00e3o e aos modos de captura e edi\u00e7\u00e3o. Estas quest\u00f5es poder\u00e3o ser encontradas ao longo do texto tamb\u00e9m em outros trabalhos apresentados. Atrav\u00e9s do m\u00e9todo cartogr\u00e1fico, conecto a escrita, a fotografia, a m\u00fasica, e o audiovisual seguidas de alguns posicionamentos como artista-pesquisador em rela\u00e7\u00e3o ao momento em que vivemos &#8211; de inseguran\u00e7as, incertezas, degenera\u00e7\u00e3o e muta\u00e7\u00e3o de princ\u00edpios e valores. Atrav\u00e9s da minha produ\u00e7\u00e3o no campo da arte contempor\u00e2nea penso em: O que posso repor, como posso cuidar? Como isso afeta a n\u00f3s e nossos ambientes? Como parte do processo, investigo, percebo, experimento e noto que estas respostas est\u00e3o no trabalho, s\u00e3o encontradas nele ou por ind\u00edcios atrav\u00e9s dele. Tento compreender o porqu\u00ea de um local escolhido para vivenci\u00e1-lo e captur\u00e1-lo? O que \u00e9 ativado ap\u00f3s produzir, assistir e escutar os fragmentos gerados? Como \u00e9 ter um trabalho art\u00edstico pronto, composto com fragmentos de uma experiencia\u00e7\u00e3o? Apresento o Estado de Escuta como um estado perceptivo e sensorial. Ao longo do texto, este tipo de estado ser\u00e1 tratado sob diversas compreens\u00f5es, de maneira que, cada sub-cap\u00edtulo dir\u00e1 um pouco sobre ele. A partir de cada trabalho, torna-se poss\u00edvel refletir e expressar diversas percep\u00e7\u00f5es sobre o que seria um estado de escuta. Apresentarei tamb\u00e9m o Andejo &#8211; relativo a movimento &#8211; como respons\u00e1vel por esculpir o meu modo de olhar, de escutar e produzir. Com isto, trago os conceitos operat\u00f3rios de olhar-andejo e escuta-andeja como proposi\u00e7\u00f5es perceptivas que enunciam o andejar. A ideia de fundar um lugar a partir de um trabalho art\u00edstico, teve como objetivo experienciar e eternizar com fragmentos visuais e sonoros capturados, novos trabalhos-lugares. S\u00e3o autores chave desta pesquisa: Pallasmaa, Larrosa, Schafer, Tuan &#8211; experi\u00eancia e percep\u00e7\u00e3o; Tarkovski, Cao Guimar\u00e3es, Bill Viola, Cage, Pink Floyd &#8211; audiovisual\/artista\/m\u00fasica; Mafessoli, Deleuze e Guattari &#8211; mental, coletivo, ambiental. Com base em uma an\u00e1lise pautada nas rela\u00e7\u00f5es humanas e atravessada pelos andejos surgiram novas op\u00e7\u00f5es e formatos de apresenta\u00e7\u00e3o dos trabalhos audiovisuais de maneira interventiva. Propondo um outro ritmo de imers\u00e3o e frui\u00e7\u00e3o est\u00e9tica atrav\u00e9s das proposi\u00e7\u00f5es em arte sonora e\/ou visual. E outro posicionamento e reflex\u00f5es em rela\u00e7\u00e3o ao outro &#8211; o coletivo, a natureza, o n\u00e3o humano -, compreendendo a partir de alguns autores, que beiramos um limite e precisamos fazer um movimento inverso em dire\u00e7\u00e3o a um bem estar mental, social, ambiental com a arte.<\/span><\/p>\n<p><span style=\"font-family: 'trebuchet ms', geneva, sans-serif;font-size: 10pt\"><strong>Palavras-chave:<\/strong> andejo; estado de escuta; esculpir; fundar; percep\u00e7\u00e3o; experi\u00eancias<\/span><\/p>\n<p><span style=\"font-family: 'trebuchet ms', geneva, sans-serif;font-size: 10pt\"><strong>Banca:<br \/>\n<\/strong><\/span><span style=\"font-family: 'trebuchet ms', geneva, sans-serif;font-size: 10pt\">Profa. Dra. Angela Raffin Pohlmann (PPGAV\/UFPel)<br \/>\nProfa. Dra. Eduarda Azevedo Gon\u00e7alves (PPGAV\/UFPel)<br \/>\nProfa. Dra. Maria Raquel da Silva Stolf (UDESC)<\/span><\/p>\n<p><span style=\"font-family: 'trebuchet ms', geneva, sans-serif;font-size: 10pt\"><strong>Data:<\/strong> 19\/abril\/2016<\/span><\/p>\n<p>&nbsp;<\/p>\n<p>&nbsp;<\/p>\n<h3 style=\"text-align: center\"><span style=\"font-family: 'trebuchet ms', geneva, sans-serif;font-size: 12pt\">Acompanhamento Egresso:<\/span><\/h3>\n<hr \/>\n<div class=\"layout-cell-pad-5 text-align-right\"><\/div>\n<div><\/div>\n<div><\/div>\n<div><\/div>\n<div><\/div>\n<p>&nbsp;<\/p>\n<div class=\"ms-editor-squiggler\" style=\"color: initial;font: initial;background: initial;background-blend-mode: initial;border: initial;border-radius: initial;border-collapse: initial;caption-side: initial;clear: initial;columns: initial;column-fill: initial;column-rule: initial;column-span: initial;cursor: initial;flex: initial;flex-flow: initial;float: initial;height: 0px;letter-spacing: initial;margin: initial;max-height: initial;max-width: initial;min-height: initial;min-width: initial;overflow: initial;padding: initial;text-align: initial;text-decoration: initial;text-indent: initial;text-transform: initial;vertical-align: initial;border-spacing: initial;width: initial\"><\/div>\n<div class=\"ms-editor-squiggler\" style=\"color: initial;font: initial;background: initial;background-blend-mode: initial;border: initial;border-radius: initial;border-collapse: initial;caption-side: initial;clear: initial;columns: initial;column-fill: initial;column-rule: initial;column-span: initial;cursor: initial;flex: initial;flex-flow: initial;float: initial;height: 0px;letter-spacing: initial;margin: initial;max-height: initial;max-width: initial;min-height: initial;min-width: initial;overflow: initial;padding: initial;text-align: initial;text-decoration: initial;text-indent: initial;text-transform: initial;vertical-align: initial;border-spacing: initial;width: initial\"><\/div>\n<div class=\"ms-editor-squiggler\" style=\"color: initial;font: initial;background: initial;background-blend-mode: initial;border: initial;border-radius: initial;border-collapse: initial;caption-side: initial;clear: initial;columns: initial;column-fill: initial;column-rule: initial;column-span: initial;cursor: initial;flex: initial;flex-flow: initial;float: initial;height: 0px;letter-spacing: initial;margin: initial;max-height: initial;max-width: initial;min-height: initial;min-width: initial;overflow: initial;padding: initial;text-align: initial;text-decoration: initial;text-indent: initial;text-transform: initial;vertical-align: initial;border-spacing: initial;width: initial\"><\/div>\n<div class=\"ms-editor-squiggler\" style=\"color: initial;font: initial;background: initial;background-blend-mode: initial;border: initial;border-radius: initial;border-collapse: initial;caption-side: initial;clear: initial;columns: initial;column-fill: initial;column-rule: initial;column-span: initial;cursor: initial;flex: initial;flex-flow: initial;float: initial;height: 0px;letter-spacing: initial;margin: initial;max-height: initial;max-width: initial;min-height: initial;min-width: initial;overflow: initial;padding: initial;text-align: initial;text-decoration: initial;text-indent: initial;text-transform: initial;vertical-align: initial;border-spacing: initial;width: initial\"><\/div>\n<div class=\"ms-editor-squiggler\" style=\"color: initial;font: initial;background: initial;background-blend-mode: initial;border: initial;border-radius: initial;border-collapse: initial;caption-side: initial;clear: initial;columns: initial;column-fill: initial;column-rule: initial;column-span: initial;cursor: initial;flex: initial;flex-flow: initial;float: initial;height: 0px;letter-spacing: initial;margin: initial;max-height: initial;max-width: initial;min-height: initial;min-width: initial;overflow: initial;padding: initial;text-align: initial;text-decoration: initial;text-indent: initial;text-transform: initial;vertical-align: initial;border-spacing: initial;width: initial\"><\/div>\n<div class=\"ms-editor-squiggler\" style=\"color: initial;font: initial;background: initial;background-blend-mode: initial;border: initial;border-radius: initial;border-collapse: initial;caption-side: initial;clear: initial;columns: initial;column-fill: initial;column-rule: initial;column-span: initial;cursor: initial;flex: initial;flex-flow: initial;float: initial;height: 0px;letter-spacing: initial;margin: initial;max-height: initial;max-width: initial;min-height: initial;min-width: initial;overflow: initial;padding: initial;text-align: initial;text-decoration: initial;text-indent: initial;text-transform: initial;vertical-align: initial;border-spacing: initial;width: initial\"><\/div>\n<div class=\"ms-editor-squiggler\" style=\"color: initial;font: initial;background: initial;background-blend-mode: initial;border: initial;border-radius: initial;border-collapse: initial;caption-side: initial;clear: initial;columns: initial;column-fill: initial;column-rule: initial;column-span: initial;cursor: initial;flex: initial;flex-flow: initial;float: initial;height: 0px;letter-spacing: initial;margin: initial;max-height: initial;max-width: initial;min-height: initial;min-width: initial;overflow: initial;padding: initial;text-align: initial;text-decoration: initial;text-indent: initial;text-transform: initial;vertical-align: initial;border-spacing: initial;width: initial\"><\/div>\n","protected":false},"excerpt":{"rendered":"<p>&nbsp; &nbsp; &nbsp; Adalberto Geovani Nunes Corr\u00eaa \/\u00a0Curr\u00edculum Lattes Linha de Pesquisa: Processos de Cria\u00e7\u00e3o e Po\u00e9ticas do Cotidiano Data de nascimento:\u00a0 Texto introdut\u00f3rio: Possui Mestrado pelo Programa de P\u00f3s Gradua\u00e7\u00e3o em Artes Visuais da Universidade Federal de Pelotas (PPGAV &#8211; UFPEL), e tamb\u00e9m, Gradua\u00e7\u00e3o como Bacharel em Artes Visuais pela mesma Universidade. Durante o [&hellip;]<\/p>\n","protected":false},"author":1258,"featured_media":0,"parent":3718,"menu_order":0,"comment_status":"closed","ping_status":"closed","template":"","meta":{"footnotes":""},"class_list":["post-3721","page","type-page","status-publish","hentry"],"_links":{"self":[{"href":"https:\/\/wp.ufpel.edu.br\/ppgartes\/wp-json\/wp\/v2\/pages\/3721","targetHints":{"allow":["GET"]}}],"collection":[{"href":"https:\/\/wp.ufpel.edu.br\/ppgartes\/wp-json\/wp\/v2\/pages"}],"about":[{"href":"https:\/\/wp.ufpel.edu.br\/ppgartes\/wp-json\/wp\/v2\/types\/page"}],"author":[{"embeddable":true,"href":"https:\/\/wp.ufpel.edu.br\/ppgartes\/wp-json\/wp\/v2\/users\/1258"}],"replies":[{"embeddable":true,"href":"https:\/\/wp.ufpel.edu.br\/ppgartes\/wp-json\/wp\/v2\/comments?post=3721"}],"version-history":[{"count":0,"href":"https:\/\/wp.ufpel.edu.br\/ppgartes\/wp-json\/wp\/v2\/pages\/3721\/revisions"}],"up":[{"embeddable":true,"href":"https:\/\/wp.ufpel.edu.br\/ppgartes\/wp-json\/wp\/v2\/pages\/3718"}],"wp:attachment":[{"href":"https:\/\/wp.ufpel.edu.br\/ppgartes\/wp-json\/wp\/v2\/media?parent=3721"}],"curies":[{"name":"wp","href":"https:\/\/api.w.org\/{rel}","templated":true}]}}