{"id":3712,"date":"2019-11-13T18:11:06","date_gmt":"2019-11-13T21:11:06","guid":{"rendered":"https:\/\/wp.ufpel.edu.br\/mestradoartesvisuais\/?page_id=3712"},"modified":"2019-11-13T18:11:06","modified_gmt":"2019-11-13T21:11:06","slug":"alunos-egressos-em-2018","status":"publish","type":"page","link":"https:\/\/wp.ufpel.edu.br\/ppgartes\/discentes-mestrado\/egressos\/alunos-egressos-em-2018\/","title":{"rendered":"Alunos Egressos em 2018"},"content":{"rendered":"<p><span style=\"font-family: 'trebuchet ms', geneva, sans-serif;font-size: 10pt\">Abaixo voc\u00ea encontrar\u00e1 nossos alunos que conclu\u00edram sua forma\u00e7\u00e3o no Programa de P\u00f3s-gradua\u00e7\u00e3o Mestrado em Artes Visuais no ano de 2018.<\/span><\/p>\n<p><span style=\"font-family: 'trebuchet ms', geneva, sans-serif;font-size: 10pt\">Clique no nome do aluno para maiores informa\u00e7\u00f5es sobre ele.<br \/>\nClicando no link do t\u00edtulo da disserta\u00e7\u00e3o voc\u00ea ser\u00e1 enviado \u00e0 publica\u00e7\u00e3o de sua disserta\u00e7\u00e3o.<\/span><\/p>\n<p>&nbsp;<\/p>\n<h1 style=\"text-align: center\"><span style=\"font-family: 'trebuchet ms', geneva, sans-serif;font-size: 18pt\"><strong>Alunos Egressos em 2018<\/strong><\/span><\/h1>\n<hr \/>\n<p style=\"padding-left: 40px\"><a href=\"https:\/\/wp.ufpel.edu.br\/mestradoartesvisuais\/ana-paula-da-silva-maich\/\"><span style=\"font-family: 'trebuchet ms', geneva, sans-serif;font-size: 12pt\"><strong>Ana Paula da Silva Maich<\/strong><\/span><\/a><br \/>\n<span style=\"font-family: 'trebuchet ms', geneva, sans-serif;font-size: 10pt;color: #999999\"><strong>T\u00cdTULO:<\/strong>\u00a0<a style=\"color: #999999\" href=\"http:\/\/repositorio.ufpel.edu.br:8080\/handle\/prefix\/4414\" target=\"_blank\" rel=\"noopener noreferrer\">A experi\u00eancia de silenciamento como processo criativo<\/a><\/span><br \/>\n<span style=\"font-family: 'trebuchet ms', geneva, sans-serif;font-size: 10pt;color: #999999\"><strong>ORIENTADORA:<\/strong> Profa. Dra. Renata Azevedo Requi\u00e3o (PPGAV\/UFPel)<\/span><\/p>\n<hr \/>\n<p style=\"padding-left: 40px\"><a href=\"https:\/\/wp.ufpel.edu.br\/mestradoartesvisuais\/claudia-da-silva-paranhos\/\"><span style=\"font-family: 'trebuchet ms', geneva, sans-serif;font-size: 12pt\"><strong>Cl\u00e1udia da Silva Paranhos<\/strong><\/span><\/a><br \/>\n<span style=\"font-family: 'trebuchet ms', geneva, sans-serif;font-size: 10pt;color: #999999\"><strong>T\u00cdTULO:<\/strong>\u00a0<a style=\"color: #999999\" href=\"http:\/\/guaiaca.ufpel.edu.br:8080\/bitstream\/prefix\/4415\/1\/Dissertacao_REVISADA.pdf\" target=\"_blank\" rel=\"noopener noreferrer\">Bonecas feias: brincando (para resistir) com padr\u00f5es do corpo<\/a><\/span><br \/>\n<span style=\"font-family: 'trebuchet ms', geneva, sans-serif;font-size: 10pt;color: #999999\"><strong>ORIENTADORA:<\/strong> Profa. Dra. Alice Jean Monsell (PPGAV\/UFPel)<\/span><\/p>\n<hr \/>\n<p style=\"padding-left: 40px\"><a href=\"https:\/\/wp.ufpel.edu.br\/mestradoartesvisuais\/diego-vicereki-broniszak\/\"><span style=\"font-family: 'trebuchet ms', geneva, sans-serif;font-size: 12pt\"><strong>Diego Vicereki Broniszak<\/strong><\/span><\/a><br \/>\n<span style=\"font-family: 'trebuchet ms', geneva, sans-serif;font-size: 10pt;color: #999999\"><strong>T\u00cdTULO:<\/strong>\u00a0<a style=\"color: #999999\" href=\"http:\/\/guaiaca.ufpel.edu.br\/handle\/prefix\/4416\" target=\"_blank\" rel=\"noopener noreferrer\">Experimentos l\u00edtero-po\u00e9ticos: a busca por uma po\u00e9tica do escrever no ensino das Artes<\/a><\/span><br \/>\n<span style=\"font-family: 'trebuchet ms', geneva, sans-serif;font-size: 10pt;color: #999999\"><strong>ORIENTADORA:<\/strong> Profa. Dra. Angela Raffin Pohlmann<\/span><\/p>\n<hr \/>\n<p style=\"padding-left: 40px\"><a href=\"https:\/\/wp.ufpel.edu.br\/mestradoartesvisuais\/diogo-dos-santos-goncalves\/\"><span style=\"font-family: 'trebuchet ms', geneva, sans-serif;font-size: 12pt\"><strong>Diogo dos Santos Gon\u00e7alves<\/strong><\/span><\/a><br \/>\n<span style=\"font-family: 'trebuchet ms', geneva, sans-serif;font-size: 10pt;color: #999999\"><strong>T\u00cdTULO:<\/strong>\u00a0<a style=\"color: #999999\" href=\"http:\/\/guaiaca.ufpel.edu.br\/handle\/prefix\/4417\" target=\"_blank\" rel=\"noopener noreferrer\">Glitches po\u00e9ticos em relatos afetivos<\/a><\/span><br \/>\n<span style=\"font-family: 'trebuchet ms', geneva, sans-serif;font-size: 10pt;color: #999999\"><strong>ORIENTADORA:<\/strong> Profa. Dra. Alice Jean Monsell (PPGAV\/UFPel)<\/span><\/p>\n<hr \/>\n<p style=\"padding-left: 40px\"><a href=\"https:\/\/wp.ufpel.edu.br\/mestradoartesvisuais\/emerson-ferreira-da-silva\/\"><span style=\"font-family: 'trebuchet ms', geneva, sans-serif;font-size: 12pt\"><strong>Emerson Ferreira da Silva<\/strong><\/span><\/a><br \/>\n<span style=\"font-family: 'trebuchet ms', geneva, sans-serif;font-size: 10pt;color: #999999\"><strong>T\u00cdTULO:<\/strong>\u00a0<a style=\"color: #999999\" href=\"http:\/\/guaiaca.ufpel.edu.br\/handle\/prefix\/4418\" target=\"_blank\" rel=\"noopener noreferrer\">O esp\u00edrito do som: encontros entre design, m\u00fasica e artes visuais no projeto gr\u00e1fico de capas de disco<\/a><\/span><br \/>\n<span style=\"font-family: 'trebuchet ms', geneva, sans-serif;font-size: 10pt;color: #999999\"><strong>ORIENTADORA:<\/strong> Profa. Dra. L\u00facia Bergamaschi Costa Weymar (PPGAV\/UFPel)<\/span><\/p>\n<hr \/>\n<p style=\"padding-left: 40px\"><a href=\"https:\/\/wp.ufpel.edu.br\/mestradoartesvisuais\/fabrizio-de-souza-rodrigues\/\"><span style=\"font-family: 'trebuchet ms', geneva, sans-serif;font-size: 12pt\"><strong>Fabr\u00edzio de Souza Rodrigues<\/strong><\/span><\/a><br \/>\n<span style=\"font-family: 'trebuchet ms', geneva, sans-serif;font-size: 10pt;color: #999999\"><strong>T\u00cdTULO:<\/strong> <a style=\"color: #999999\" href=\"https:\/\/wp.ufpel.edu.br\/ppgartes\/files\/2021\/03\/Dissertacao_Fabrizio-de-Souza-Rodrigues.pdf\" target=\"_blank\" rel=\"noopener noreferrer\">Quando me desloco eu costuro a cidade: Pelotas pespontada sob a po\u00e9tica de um artista visual e figurinista<\/a><\/span><br \/>\n<span style=\"font-family: 'trebuchet ms', geneva, sans-serif;font-size: 10pt;color: #999999\"><strong>ORIENTADORA:<\/strong> Profa. Dra. Eduarda Azevedo Gon\u00e7alves (PPGAV\/UFPel)<\/span><\/p>\n<hr \/>\n<p style=\"padding-left: 40px\"><a href=\"https:\/\/wp.ufpel.edu.br\/mestradoartesvisuais\/felipe-estrela-campal\/\"><span style=\"font-family: 'trebuchet ms', geneva, sans-serif;font-size: 12pt\"><strong>Felipe Estrela Campal<\/strong><\/span><\/a><br \/>\n<span style=\"font-family: 'trebuchet ms', geneva, sans-serif;font-size: 10pt;color: #999999\"><strong>T\u00cdTULO:<\/strong>\u00a0<a style=\"color: #999999\" href=\"http:\/\/guaiaca.ufpel.edu.br:8080\/handle\/prefix\/4419\" target=\"_blank\" rel=\"noopener noreferrer\">Terra plana: a experi\u00eancia do estar<\/a><\/span><br \/>\n<span style=\"font-family: 'trebuchet ms', geneva, sans-serif;font-size: 10pt;color: #999999\"><strong>ORIENTADORA:<\/strong> Profa. Dra. Renata Azevedo Requi\u00e3o (PPGAV\/UFPel)<\/span><\/p>\n<hr \/>\n<p style=\"padding-left: 40px\"><a href=\"https:\/\/wp.ufpel.edu.br\/mestradoartesvisuais\/flavio-michelazzo-amorim-junior\/\"><span style=\"font-family: 'trebuchet ms', geneva, sans-serif;font-size: 12pt\"><strong>Fl\u00e1vio Michelazzo Amorim J\u00fanior<\/strong><\/span><\/a><br \/>\n<span style=\"font-family: 'trebuchet ms', geneva, sans-serif;font-size: 10pt;color: #999999\"><strong>T\u00cdTULO:<\/strong>\u00a0<a style=\"color: #999999\" href=\"http:\/\/guaiaca.ufpel.edu.br\/handle\/prefix\/4420\" target=\"_blank\" rel=\"noopener noreferrer\">Homo Selfies \u2013 da apropria\u00e7\u00e3o de imagens digitais \u00e0 pintura: retratos de autorretratos contempor\u00e2neos<\/a><\/span><br \/>\n<span style=\"font-family: 'trebuchet ms', geneva, sans-serif;font-size: 10pt;color: #999999\"><strong>ORIENTADORA:<\/strong> Profa. Dra. N\u00e1dia da Cruz Senna (PPGAV\/UFPel)<\/span><br \/>\n<span style=\"font-family: 'trebuchet ms', geneva, sans-serif;font-size: 10pt;color: #999999\"><strong>COORIENTADOR:<\/strong> Prof. Dr. Jose Luiz de Pellegrin (CA\/UFPel)<\/span><\/p>\n<hr \/>\n<p style=\"padding-left: 40px\"><a href=\"https:\/\/wp.ufpel.edu.br\/mestradoartesvisuais\/jessica-hencke\/\"><span style=\"font-family: 'trebuchet ms', geneva, sans-serif;font-size: 12pt\"><strong>J\u00e9ssica Hencke<\/strong><\/span><\/a><br \/>\n<span style=\"font-family: 'trebuchet ms', geneva, sans-serif;font-size: 10pt;color: #999999\"><strong>T\u00cdTULO:<\/strong>\u00a0<a style=\"color: #999999\" href=\"http:\/\/guaiaca.ufpel.edu.br:8080\/bitstream\/prefix\/3915\/1\/J%c3%a9sica%20Hencke_Disserta%c3%a7%c3%a3o.pdf\" target=\"_blank\" rel=\"noopener noreferrer\">Paradas, respira\u00e7\u00e3o, encontros: territ\u00f3rios de interven\u00e7\u00e3o, arte contempor\u00e2nea e pr\u00e1tica docente<\/a><\/span><br \/>\n<span style=\"font-family: 'trebuchet ms', geneva, sans-serif;font-size: 10pt;color: #999999\"><strong>ORIENTADORA:<\/strong> Profa. Dra. Ursula Rosa da Silva (PPGAV\/UFPel)<\/span><\/p>\n<hr \/>\n<p style=\"padding-left: 40px\"><a href=\"https:\/\/wp.ufpel.edu.br\/mestradoartesvisuais\/jessica-thais-demarchi\/\"><span style=\"font-family: 'trebuchet ms', geneva, sans-serif;font-size: 12pt\"><strong>J\u00e9ssica Tha\u00eds Demarchi<\/strong><\/span><\/a><br \/>\n<span style=\"font-family: 'trebuchet ms', geneva, sans-serif;font-size: 10pt;color: #999999\"><strong>T\u00cdTULO:<\/strong>\u00a0<a style=\"color: #999999\" href=\"http:\/\/guaiaca.ufpel.edu.br\/handle\/prefix\/4421\" target=\"_blank\" rel=\"noopener noreferrer\">Videografias experimentais no ensino de arte: frames da produ\u00e7\u00e3o de subjetividades<\/a><\/span><br \/>\n<span style=\"font-family: 'trebuchet ms', geneva, sans-serif;font-size: 10pt;color: #999999\"><strong>ORIENTADOR:<\/strong> Prof. Dr. Cl\u00e1udio Tarouco de Azevedo (PPGAV\/UFPel)<\/span><\/p>\n<hr \/>\n<p style=\"padding-left: 40px\"><a href=\"https:\/\/wp.ufpel.edu.br\/mestradoartesvisuais\/luciana-cozza-rodrigues\/\"><span style=\"font-family: 'trebuchet ms', geneva, sans-serif;font-size: 12pt\"><strong>Luciana Cozza Rodrigues<\/strong><\/span><\/a><br \/>\n<span style=\"font-family: 'trebuchet ms', geneva, sans-serif;font-size: 10pt;color: #999999\"><strong>T\u00cdTULO:<\/strong>\u00a0<a style=\"color: #999999\" href=\"http:\/\/guaiaca.ufpel.edu.br:8080\/bitstream\/prefix\/4425\/1\/Luciana%20Cozza.pdf\" target=\"_blank\" rel=\"noopener noreferrer\">Produ\u00e7\u00e3o de sentido e visualidades: possibilidades da artes no cotidiano escolar<\/a><\/span><br \/>\n<span style=\"font-family: 'trebuchet ms', geneva, sans-serif;font-size: 10pt;color: #999999\"><strong>ORIENTADORA:<\/strong> Profa. Dra. Mirela Ribeiro Meira (PPGAV\/UFPel)<\/span><\/p>\n<hr \/>\n<p style=\"padding-left: 40px\"><a href=\"https:\/\/wp.ufpel.edu.br\/mestradoartesvisuais\/mariana-danuza-corteze\/\"><span style=\"font-family: 'trebuchet ms', geneva, sans-serif;font-size: 12pt\"><strong>Mariana Danuza Corteze<\/strong><\/span><\/a><br \/>\n<span style=\"font-family: 'trebuchet ms', geneva, sans-serif;font-size: 10pt;color: #999999\"><strong>T\u00cdTULO:<\/strong>\u00a0<a style=\"color: #999999\" href=\"http:\/\/guaiaca.ufpel.edu.br:8080\/handle\/prefix\/4426\" target=\"_blank\" rel=\"noopener noreferrer\">Pequeno experimento de mundo impresso #2: inven\u00e7\u00f5es de lugares de encontro<\/a><\/span><br \/>\n<span style=\"font-family: 'trebuchet ms', geneva, sans-serif;font-size: 10pt;color: #999999\"><strong>ORIENTADORA:<\/strong> Profa. Dra. Angela Raffin Pohlmann (PPGAV\/UFPel)<\/span><\/p>\n<hr \/>\n<p style=\"padding-left: 40px\"><a href=\"https:\/\/wp.ufpel.edu.br\/mestradoartesvisuais\/maximiano-duval-da-silva-cirne\/\"><span style=\"font-family: 'trebuchet ms', geneva, sans-serif;font-size: 12pt\"><strong>Maximiano Duval da Silva Cirne<\/strong><\/span><\/a><br \/>\n<span style=\"font-family: 'trebuchet ms', geneva, sans-serif;font-size: 10pt;color: #999999\"><strong>T\u00cdTULO:<\/strong>\u00a0<a style=\"color: #999999\" href=\"http:\/\/guaiaca.ufpel.edu.br:8080\/handle\/prefix\/4427\" target=\"_blank\" rel=\"noopener noreferrer\">MEMORABILIA: uma cole\u00e7\u00e3o feita de objetos, escritos e mem\u00f3rias<\/a><\/span><br \/>\n<span style=\"font-family: 'trebuchet ms', geneva, sans-serif;font-size: 10pt;color: #999999\"><strong>ORIENTADORA:<\/strong> Profa. Dra. Renata Azevedo Requi\u00e3o (PPGAV\/UFPel)<\/span><\/p>\n<hr \/>\n<p style=\"padding-left: 40px\"><a href=\"https:\/\/wp.ufpel.edu.br\/mestradoartesvisuais\/nathalia-muswieck-grill\/\"><span style=\"font-family: 'trebuchet ms', geneva, sans-serif;font-size: 12pt\"><strong>Nathalia Muswieck Grill<\/strong><\/span><\/a><br \/>\n<span style=\"font-family: 'trebuchet ms', geneva, sans-serif;font-size: 10pt;color: #999999\"><strong>T\u00cdTULO:<\/strong>\u00a0<a style=\"color: #999999\" href=\"http:\/\/repositorio.ufpel.edu.br:8080\/handle\/prefix\/4428\" target=\"_blank\" rel=\"noopener noreferrer\">An\u00f4nimas: encontros com artistas mulheres como disparador da po\u00e9tica<\/a><\/span><br \/>\n<span style=\"font-family: 'trebuchet ms', geneva, sans-serif;font-size: 10pt;color: #999999\"><strong>ORIENTADORA:<\/strong> Profa. Dra. N\u00e1dia da Cruz Senna (PPGAV\/UFPel)<\/span><\/p>\n<hr \/>\n<p style=\"padding-left: 40px\"><a href=\"https:\/\/wp.ufpel.edu.br\/mestradoartesvisuais\/nauita-martins-meireles\/\"><span style=\"font-family: 'trebuchet ms', geneva, sans-serif;font-size: 12pt\"><strong>Nauita Martins Meireles<\/strong><\/span><\/a><br \/>\n<span style=\"font-family: 'trebuchet ms', geneva, sans-serif;font-size: 10pt;color: #999999\"><strong>T\u00cdTULO:<\/strong>\u00a0<a style=\"color: #999999\" href=\"http:\/\/repositorio.ufpel.edu.br:8080\/handle\/prefix\/4429\" target=\"_blank\" rel=\"noopener noreferrer\">Centro compacto de devaneio\/cidade \u2013 rio: a casa da av\u00f3 como espa\u00e7o alternativo na arte contempor\u00e2nea<\/a><\/span><br \/>\n<span style=\"font-family: 'trebuchet ms', geneva, sans-serif;font-size: 10pt;color: #999999\"><strong>ORIENTADORA:<\/strong> Profa. Dra. Eduarda Azevedo Gon\u00e7alves (PPGAV\/UFPel)<\/span><\/p>\n<hr \/>\n<p style=\"padding-left: 40px\"><a href=\"https:\/\/wp.ufpel.edu.br\/mestradoartesvisuais\/raquel-casanova-dos-santos-wrege\/\"><span style=\"font-family: 'trebuchet ms', geneva, sans-serif;font-size: 12pt\"><strong>Raquel Casanova dos Santos Wrege<\/strong><\/span><\/a><br \/>\n<span style=\"font-family: 'trebuchet ms', geneva, sans-serif;font-size: 10pt;color: #999999\"><strong>T\u00cdTULO:<\/strong>\u00a0<a style=\"color: #999999\" href=\"http:\/\/guaiaca.ufpel.edu.br:8080\/bitstream\/prefix\/3920\/1\/Raquel%20Casanova%20do%20santos%20Wrege_Disserta%c3%a7%c3%a3o.pdf\" target=\"_blank\" rel=\"noopener noreferrer\">Reflexus: o pensamento reflexivo e a experi\u00eancia est\u00e9tica na forma\u00e7\u00e3o docente em artes visuais da UFPEL\/RS<\/a><\/span><br \/>\n<span style=\"font-family: 'trebuchet ms', geneva, sans-serif;font-size: 10pt;color: #999999\"><strong>ORIENTADORA:<\/strong> Profa. Dra. Ursula Rosa da Silva (PPGAV\/UFPel)<\/span><\/p>\n<hr \/>\n<p style=\"padding-left: 40px\"><a href=\"https:\/\/wp.ufpel.edu.br\/mestradoartesvisuais\/renan-humberto-lunardello-fonseca\/\"><span style=\"font-family: 'trebuchet ms', geneva, sans-serif;font-size: 12pt\"><strong>Renan Humberto Lunardello Fonseca<\/strong><\/span><\/a><br \/>\n<span style=\"font-family: 'trebuchet ms', geneva, sans-serif;font-size: 10pt;color: #999999\"><strong>T\u00cdTULO:<\/strong>\u00a0<a style=\"color: #999999\" href=\"http:\/\/guaiaca.ufpel.edu.br:8080\/bitstream\/prefix\/4430\/1\/Vers%c3%a3o_final_Renan_H_Lunardello_Fonseca_entrega.pdf\" target=\"_blank\" rel=\"noopener noreferrer\">Arte, ecologia e design autoral: um cartaz para o fim do mundo<\/a><\/span><br \/>\n<span style=\"font-family: 'trebuchet ms', geneva, sans-serif;font-size: 10pt;color: #999999\"><strong>ORIENTADOR:<\/strong> Prof. Dr. Cl\u00e1udio Tarouco de Azevedo (PPGAV\/UFPel)<\/span><\/p>\n<hr \/>\n<p style=\"padding-left: 40px\"><a href=\"https:\/\/wp.ufpel.edu.br\/mestradoartesvisuais\/valesca-ledo-matos\/\"><span style=\"font-family: 'trebuchet ms', geneva, sans-serif;font-size: 12pt\"><strong>Valesca L\u00eado Matos<\/strong><\/span><\/a><br \/>\n<span style=\"font-family: 'trebuchet ms', geneva, sans-serif;font-size: 10pt;color: #999999\"><strong>T\u00cdTULO:<\/strong>\u00a0<a style=\"color: #999999\" href=\"http:\/\/guaiaca.ufpel.edu.br:8080\/bitstream\/prefix\/4431\/1\/DISSERTA%c3%87%c3%83O%20PDF.pdf\" target=\"_blank\" rel=\"noopener noreferrer\">\u201cCausos\u201d e listas de quem gosta de ensinar: possibilidades vinculares, de cria\u00e7\u00e3o e afeto atrav\u00e9s da arte e do conversar<\/a><\/span><br \/>\n<span style=\"font-family: 'trebuchet ms', geneva, sans-serif;font-size: 10pt;color: #999999\"><strong>ORIENTADORA:<\/strong> Profa. Dra. Mirela Ribeiro Meira (PPGAV\/UFPel)<\/span><\/p>\n<hr \/>\n<div class=\"ms-editor-squiggler\" style=\"color: initial;font: initial;background: initial;background-blend-mode: initial;border: initial;border-radius: initial;border-collapse: initial;caption-side: initial;clear: initial;columns: initial;column-fill: initial;column-rule: initial;column-span: initial;cursor: initial;flex: initial;flex-flow: initial;float: initial;height: 0px;letter-spacing: initial;margin: initial;max-height: initial;max-width: initial;min-height: initial;min-width: initial;overflow: initial;padding: initial;text-align: initial;text-decoration: initial;text-indent: initial;text-transform: initial;vertical-align: initial;border-spacing: initial;width: initial\"><\/div>\n<div class=\"ms-editor-squiggler\" style=\"color: initial;font: initial;background: initial;background-blend-mode: initial;border: initial;border-radius: initial;border-collapse: initial;caption-side: initial;clear: initial;columns: initial;column-fill: initial;column-rule: initial;column-span: initial;cursor: initial;flex: initial;flex-flow: initial;float: initial;height: 0px;letter-spacing: initial;margin: initial;max-height: initial;max-width: initial;min-height: initial;min-width: initial;overflow: initial;padding: initial;text-align: initial;text-decoration: initial;text-indent: initial;text-transform: initial;vertical-align: initial;border-spacing: initial;width: initial\"><\/div>\n<div class=\"ms-editor-squiggler\" style=\"color: initial;font: initial;background: initial;background-blend-mode: initial;border: initial;border-radius: initial;border-collapse: initial;caption-side: initial;clear: initial;columns: initial;column-fill: initial;column-rule: initial;column-span: initial;cursor: initial;flex: initial;flex-flow: initial;float: initial;height: 0px;letter-spacing: initial;margin: initial;max-height: initial;max-width: initial;min-height: initial;min-width: initial;overflow: initial;padding: initial;text-align: initial;text-decoration: initial;text-indent: initial;text-transform: initial;vertical-align: initial;border-spacing: initial;width: initial\"><\/div>\n<div class=\"ms-editor-squiggler\" style=\"color: initial;font: initial;background: initial;background-blend-mode: initial;border: initial;border-radius: initial;border-collapse: initial;caption-side: initial;clear: initial;columns: initial;column-fill: initial;column-rule: initial;column-span: initial;cursor: initial;flex: initial;flex-flow: initial;float: initial;height: 0px;letter-spacing: initial;margin: initial;max-height: initial;max-width: initial;min-height: initial;min-width: initial;overflow: initial;padding: initial;text-align: initial;text-decoration: initial;text-indent: initial;text-transform: initial;vertical-align: initial;border-spacing: initial;width: initial\"><\/div>\n<div class=\"ms-editor-squiggler\" style=\"color: initial;font: initial;background: initial;background-blend-mode: initial;border: initial;border-radius: initial;border-collapse: initial;caption-side: initial;clear: initial;columns: initial;column-fill: initial;column-rule: initial;column-span: initial;cursor: initial;flex: initial;flex-flow: initial;float: initial;height: 0px;letter-spacing: initial;margin: initial;max-height: initial;max-width: initial;min-height: initial;min-width: initial;overflow: initial;padding: initial;text-align: initial;text-decoration: initial;text-indent: initial;text-transform: initial;vertical-align: initial;border-spacing: initial;width: initial\"><\/div>\n<div class=\"ms-editor-squiggler\" style=\"color: initial;font: initial;background: initial;background-blend-mode: initial;border: initial;border-radius: initial;border-collapse: initial;caption-side: initial;clear: initial;columns: initial;column-fill: initial;column-rule: initial;column-span: initial;cursor: initial;flex: initial;flex-flow: initial;float: initial;height: 0px;letter-spacing: initial;margin: initial;max-height: initial;max-width: initial;min-height: initial;min-width: initial;overflow: initial;padding: initial;text-align: initial;text-decoration: initial;text-indent: initial;text-transform: initial;vertical-align: initial;border-spacing: initial;width: initial\"><\/div>\n<div class=\"ms-editor-squiggler\" style=\"color: initial;font: initial;background: initial;background-blend-mode: initial;border: initial;border-radius: initial;border-collapse: initial;caption-side: initial;clear: initial;columns: initial;column-fill: initial;column-rule: initial;column-span: initial;cursor: initial;flex: initial;flex-flow: initial;float: initial;height: 0px;letter-spacing: initial;margin: initial;max-height: initial;max-width: initial;min-height: initial;min-width: initial;overflow: initial;padding: initial;text-align: initial;text-decoration: initial;text-indent: initial;text-transform: initial;vertical-align: initial;border-spacing: initial;width: initial\"><\/div>\n<div class=\"ms-editor-squiggler\" style=\"color: initial;font: initial;background: initial;background-blend-mode: initial;border: initial;border-radius: initial;border-collapse: initial;caption-side: initial;clear: initial;columns: initial;column-fill: initial;column-rule: initial;column-span: initial;cursor: initial;flex: initial;flex-flow: initial;float: initial;height: 0px;letter-spacing: initial;margin: initial;max-height: initial;max-width: initial;min-height: initial;min-width: initial;overflow: initial;padding: initial;text-align: initial;text-decoration: initial;text-indent: initial;text-transform: initial;vertical-align: initial;border-spacing: initial;width: initial\"><\/div>\n<div class=\"ms-editor-squiggler\" style=\"color: initial;font: initial;background: initial;background-blend-mode: initial;border: initial;border-radius: initial;border-collapse: initial;caption-side: initial;clear: initial;columns: initial;column-fill: initial;column-rule: initial;column-span: initial;cursor: initial;flex: initial;flex-flow: initial;float: initial;height: 0px;letter-spacing: initial;margin: initial;max-height: initial;max-width: initial;min-height: initial;min-width: initial;overflow: initial;padding: initial;text-align: initial;text-decoration: initial;text-indent: initial;text-transform: initial;vertical-align: initial;border-spacing: initial;width: initial\"><\/div>\n","protected":false},"excerpt":{"rendered":"<p>Abaixo voc\u00ea encontrar\u00e1 nossos alunos que conclu\u00edram sua forma\u00e7\u00e3o no Programa de P\u00f3s-gradua\u00e7\u00e3o Mestrado em Artes Visuais no ano de 2018. Clique no nome do aluno para maiores informa\u00e7\u00f5es sobre ele. Clicando no link do t\u00edtulo da disserta\u00e7\u00e3o voc\u00ea ser\u00e1 enviado \u00e0 publica\u00e7\u00e3o de sua disserta\u00e7\u00e3o. &nbsp; Alunos Egressos em 2018 Ana Paula da Silva [&hellip;]<\/p>\n","protected":false},"author":1258,"featured_media":0,"parent":2738,"menu_order":5,"comment_status":"closed","ping_status":"closed","template":"","meta":{"footnotes":""},"class_list":["post-3712","page","type-page","status-publish","hentry"],"_links":{"self":[{"href":"https:\/\/wp.ufpel.edu.br\/ppgartes\/wp-json\/wp\/v2\/pages\/3712","targetHints":{"allow":["GET"]}}],"collection":[{"href":"https:\/\/wp.ufpel.edu.br\/ppgartes\/wp-json\/wp\/v2\/pages"}],"about":[{"href":"https:\/\/wp.ufpel.edu.br\/ppgartes\/wp-json\/wp\/v2\/types\/page"}],"author":[{"embeddable":true,"href":"https:\/\/wp.ufpel.edu.br\/ppgartes\/wp-json\/wp\/v2\/users\/1258"}],"replies":[{"embeddable":true,"href":"https:\/\/wp.ufpel.edu.br\/ppgartes\/wp-json\/wp\/v2\/comments?post=3712"}],"version-history":[{"count":0,"href":"https:\/\/wp.ufpel.edu.br\/ppgartes\/wp-json\/wp\/v2\/pages\/3712\/revisions"}],"up":[{"embeddable":true,"href":"https:\/\/wp.ufpel.edu.br\/ppgartes\/wp-json\/wp\/v2\/pages\/2738"}],"wp:attachment":[{"href":"https:\/\/wp.ufpel.edu.br\/ppgartes\/wp-json\/wp\/v2\/media?parent=3712"}],"curies":[{"name":"wp","href":"https:\/\/api.w.org\/{rel}","templated":true}]}}