{"id":3467,"date":"2019-08-28T17:48:00","date_gmt":"2019-08-28T20:48:00","guid":{"rendered":"https:\/\/wp.ufpel.edu.br\/mestradoartesvisuais\/?page_id=3467"},"modified":"2019-08-28T17:48:00","modified_gmt":"2019-08-28T20:48:00","slug":"thais-nunes-amarante","status":"publish","type":"page","link":"https:\/\/wp.ufpel.edu.br\/ppgartes\/acompanhamento-de-academicos\/ingressantes-2013\/thais-nunes-amarante\/","title":{"rendered":"Tha\u00eds Nunes Amarante"},"content":{"rendered":"<p><a href=\"https:\/\/wp.ufpel.edu.br\/ppgartes\/files\/2021\/03\/turma2_Thais-Nunes-Amarante.png\"><img class=\"wp-image-5623 size-thumbnail alignleft\" src=\"https:\/\/wp.ufpel.edu.br\/ppgartes\/files\/2021\/03\/turma2_Thais-Nunes-Amarante-200x200.png\" alt=\"\" width=\"200\" height=\"200\" srcset=\"https:\/\/wp.ufpel.edu.br\/ppgartes\/files\/2021\/03\/turma2_Thais-Nunes-Amarante-200x200.png 200w, https:\/\/wp.ufpel.edu.br\/ppgartes\/files\/2021\/03\/turma2_Thais-Nunes-Amarante-400x400.png 400w, https:\/\/wp.ufpel.edu.br\/ppgartes\/files\/2021\/03\/turma2_Thais-Nunes-Amarante.png 500w\" sizes=\"(max-width: 200px) 100vw, 200px\" \/><\/a><\/p>\n<p>&nbsp;<\/p>\n<p>&nbsp;<\/p>\n<p>&nbsp;<\/p>\n<p><span style=\"font-family: georgia, palatino, serif;font-size: 12pt\"><span style=\"font-size: 18pt\"><strong><span style=\"font-family: 'trebuchet ms', geneva, sans-serif\">Tha\u00eds Nunes Amarante <span style=\"font-size: 10pt;color: #999999\">\/\u00a0<\/span><\/span><\/strong><\/span><span style=\"font-family: 'trebuchet ms', geneva, sans-serif;font-size: 10pt\"><a href=\"http:\/\/lattes.cnpq.br\/5546544272009122\" target=\"_blank\" rel=\"noopener noreferrer\"><span style=\"color: #999999\">Curr\u00edculum Lattes<\/span><\/a><br \/>\n<strong>Linha de Pesquisa<\/strong>:<br \/>\n<\/span><\/span><span style=\"font-family: georgia, palatino, serif;font-size: 12pt\"><span style=\"font-family: 'trebuchet ms', geneva, sans-serif;font-size: 10pt\"><strong>Data de nascimento:\u00a0<\/strong><\/span><\/span><\/p>\n<p style=\"text-align: justify\"><span style=\"font-family: 'trebuchet ms', geneva, sans-serif;font-size: 10pt\"><strong>Texto introdut\u00f3rio:<\/strong> Possui Mestrado em Artes Visuais (Processos de Cria\u00e7\u00e3o e Po\u00e9ticas do Cotidiano), pelo Programa de P\u00f3s-Gradua\u00e7\u00e3o em Arte Visuais do Centro de Artes da Universidade Federal de Pelotas. (2013-2015) Gradua\u00e7\u00e3o em Bacharelado em Artes Visuais pelo Centro de Artes da Universidade Federal de Pelotas (2009). Desenvolve trabalhos em audiovisual, performance, fotografia, objetos e interven\u00e7\u00f5es urbanas. A Artista Visual mant\u00e9m o registro pseud\u00f4nimo de &#8216;Pamela Zechlinski&#8217;, em todas as suas obras. O projeto audiovisual Haertel (2011), esteve em exibi\u00e7\u00e3o na Primo Piano LivinGallery- IL LINGUAGGIO E` UN VIRUS &#8211; V Ediz. Video Art &amp; Digital Cultures, Lecce, Italy. Curadoria Dores Sacquegna. A pesquisa desenvolvida no Mestrado enfoca o projeto audiovisual EPHEMERON, que prop\u00f5e a reflex\u00e3o sobre a experi\u00eancia po\u00e9tica audiovisual autoral, aliada \u00e0 colabora\u00e7\u00e3o de outros profissionais, de \u00e1reas distintas, no intento de enriquecer a narrativa ficcional, atrav\u00e9s do v\u00eddeo, fotografia, performance, dan\u00e7a, desenho e m\u00fasica. Investiga o fazer art\u00edstico a partir do processo de cria\u00e7\u00e3o, sendo que ambos foram submetidos a inter-rela\u00e7\u00f5es que percorrem a extens\u00e3o da produ\u00e7\u00e3o. Desde a origem das ideias, influ\u00eancias art\u00edsticas, te\u00f3ricas e filos\u00f3ficas que se locomovem por processos t\u00e9cnicos, experenciais e sensoriais. Uma experi\u00eancia po\u00e9tica visual a forjar o ciclo ef\u00eamero da vida. (Texto extra\u00eddo diretamente da plataforma Lattes)<\/span><\/p>\n<hr \/>\n<p><span style=\"font-family: 'trebuchet ms', geneva, sans-serif;font-size: 10pt\"><strong>T\u00edtulo da disserta\u00e7\u00e3o<br \/>\n<a href=\"http:\/\/guaiaca.ufpel.edu.br:8080\/bitstream\/prefix\/2907\/1\/AMARANTE%2c%20Tha%C3%ADs%20Nunes.pdf\" target=\"_blank\" rel=\"noopener noreferrer\"><span style=\"font-size: 14pt\">EPHEMERON: uma experi\u00eancia po\u00e9tica audiovisual e colaborativa<\/span><\/a><\/strong><br \/>\n<\/span><span style=\"font-family: 'trebuchet ms', geneva, sans-serif;font-size: 10pt\"><strong>Orientador(a):<\/strong> <a href=\"https:\/\/wp.ufpel.edu.br\/mestradoartesvisuais\/angela-raffin-pohlmann\/\">Profa. Dra. Angela Raffin Pohlmann (PPGAV\/UFPel)<\/a><br \/>\n<\/span><\/p>\n<p style=\"text-align: justify\"><span style=\"font-family: 'trebuchet ms', geneva, sans-serif;font-size: 10pt\"><strong>RESUMO<\/strong><br \/>\nEsta disserta\u00e7\u00e3o foi desenvolvida no per\u00edodo de 2013 a 2015, no Programa de P\u00f3s-Gradua\u00e7\u00e3o em Arte Visuais da Universidade Federal de Pelotas. O trabalho \u00e9 decorrente da investiga\u00e7\u00e3o do processo de desenvolvimento da minha produ\u00e7\u00e3o art\u00edstica. Por achar que n\u00e3o h\u00e1 um m\u00e9todo espec\u00edfico que defina o fazer da experi\u00eancia e que o conhecimento se adquire tamb\u00e9m no processo deste fazer art\u00edstico, realizo esta disserta\u00e7\u00e3o com a inten\u00e7\u00e3o de documentar a experi\u00eancia no processo de cria\u00e7\u00e3o. Estabele\u00e7o articula\u00e7\u00f5es entre o texto, que submeto como uma escrita processual e o processo deste fazer art\u00edstico, seu desenvolvimento po\u00e9tico e pr\u00e1tico, imbricado a multiplicidade desses meios. A pesquisa do projeto Ephemeron, prop\u00f5e a reflex\u00e3o sobre a experi\u00eancia po\u00e9tica audiovisual autoral, aliada \u00e0 colabora\u00e7\u00e3o de outros profissionais, de \u00e1reas distintas, no intento de enriquecer a narrativa ficcional, atrav\u00e9s do v\u00eddeo, fotografia, performance, dan\u00e7a, desenho e m\u00fasica. Investigo o fazer art\u00edstico a partir do processo de cria\u00e7\u00e3o, sendo que ambos foram submetidos a inter-rela\u00e7\u00f5es que percorrem a extens\u00e3o da produ\u00e7\u00e3o. Desde a origem das ideias, influ\u00eancias art\u00edsticas, te\u00f3ricas e filos\u00f3ficas que se locomovem por processos t\u00e9cnicos, experenciais e sensoriais. Uma experi\u00eancia po\u00e9tica visual a forjar o ciclo ef\u00eamero da vida.<\/span><\/p>\n<p><span style=\"font-family: 'trebuchet ms', geneva, sans-serif;font-size: 10pt\"><strong>Palavras-chave:<\/strong> cinema; cria\u00e7\u00e3o (liter\u00e1ria, art\u00edstica, etc.); fic\u00e7\u00e3o<\/span><\/p>\n<p><span style=\"font-family: 'trebuchet ms', geneva, sans-serif;font-size: 10pt\"><strong>Banca:<br \/>\n<\/strong><\/span><span style=\"font-family: 'trebuchet ms', geneva, sans-serif;font-size: 10pt\">Profa. Dra. Cynthia Farina (IFSUL)<\/span><br \/>\n<span style=\"font-family: 'trebuchet ms', geneva, sans-serif;font-size: 10pt\">Prof. Dr. Claudio Tarouco de Azevedo (PPGAV\/UFPel)<\/span><br \/>\n<span style=\"font-family: georgia, palatino, serif\"><span style=\"font-family: 'trebuchet ms', geneva, sans-serif;font-size: 10pt\">Profa. Dra. Ana Zeferina Ferreira Maio (FURG)<\/span><\/span><\/p>\n<p><span style=\"font-family: 'trebuchet ms', geneva, sans-serif;font-size: 10pt\"><strong>Data:<\/strong> 21\/agosto\/2015<\/span><\/p>\n<p>&nbsp;<\/p>\n<p>&nbsp;<\/p>\n<h3 style=\"text-align: center\"><span style=\"font-family: 'trebuchet ms', geneva, sans-serif;font-size: 12pt\">Acompanhamento Egresso:<\/span><\/h3>\n<hr \/>\n<div class=\"layout-cell-pad-5 text-align-right\"><\/div>\n<div><\/div>\n<div><\/div>\n<div><\/div>\n<div><\/div>\n<div class=\"layout-cell layout-cell-1 text-align-right\"><\/div>\n<p>&nbsp;<\/p>\n<p>&nbsp;<\/p>\n<p>&nbsp;<\/p>\n<p>&nbsp;<\/p>\n<p>&nbsp;<\/p>\n<p>&nbsp;<\/p>\n<p>&nbsp;<\/p>\n<div class=\"ms-editor-squiggler\" style=\"color: initial;font: initial;background: initial;background-blend-mode: initial;border: initial;border-radius: initial;border-collapse: initial;caption-side: initial;clear: initial;columns: initial;column-fill: initial;column-rule: initial;column-span: initial;cursor: initial;flex: initial;flex-flow: initial;float: initial;height: 0px;letter-spacing: initial;margin: initial;max-height: initial;max-width: initial;min-height: initial;min-width: initial;overflow: initial;padding: initial;text-align: initial;text-decoration: initial;text-indent: initial;text-transform: initial;vertical-align: initial;border-spacing: initial;width: initial\"><\/div>\n<div class=\"ms-editor-squiggler\" style=\"color: initial;font: initial;background: initial;background-blend-mode: initial;border: initial;border-radius: initial;border-collapse: initial;caption-side: initial;clear: initial;columns: initial;column-fill: initial;column-rule: initial;column-span: initial;cursor: initial;flex: initial;flex-flow: initial;float: initial;height: 0px;letter-spacing: initial;margin: initial;max-height: initial;max-width: initial;min-height: initial;min-width: initial;overflow: initial;padding: initial;text-align: initial;text-decoration: initial;text-indent: initial;text-transform: initial;vertical-align: initial;border-spacing: initial;width: initial\"><\/div>\n","protected":false},"excerpt":{"rendered":"<p>&nbsp; &nbsp; &nbsp; Tha\u00eds Nunes Amarante \/\u00a0Curr\u00edculum Lattes Linha de Pesquisa: Data de nascimento:\u00a0 Texto introdut\u00f3rio: Possui Mestrado em Artes Visuais (Processos de Cria\u00e7\u00e3o e Po\u00e9ticas do Cotidiano), pelo Programa de P\u00f3s-Gradua\u00e7\u00e3o em Arte Visuais do Centro de Artes da Universidade Federal de Pelotas. (2013-2015) Gradua\u00e7\u00e3o em Bacharelado em Artes Visuais pelo Centro de Artes [&hellip;]<\/p>\n","protected":false},"author":1258,"featured_media":0,"parent":3418,"menu_order":0,"comment_status":"closed","ping_status":"closed","template":"","meta":{"footnotes":""},"class_list":["post-3467","page","type-page","status-publish","hentry"],"_links":{"self":[{"href":"https:\/\/wp.ufpel.edu.br\/ppgartes\/wp-json\/wp\/v2\/pages\/3467","targetHints":{"allow":["GET"]}}],"collection":[{"href":"https:\/\/wp.ufpel.edu.br\/ppgartes\/wp-json\/wp\/v2\/pages"}],"about":[{"href":"https:\/\/wp.ufpel.edu.br\/ppgartes\/wp-json\/wp\/v2\/types\/page"}],"author":[{"embeddable":true,"href":"https:\/\/wp.ufpel.edu.br\/ppgartes\/wp-json\/wp\/v2\/users\/1258"}],"replies":[{"embeddable":true,"href":"https:\/\/wp.ufpel.edu.br\/ppgartes\/wp-json\/wp\/v2\/comments?post=3467"}],"version-history":[{"count":0,"href":"https:\/\/wp.ufpel.edu.br\/ppgartes\/wp-json\/wp\/v2\/pages\/3467\/revisions"}],"up":[{"embeddable":true,"href":"https:\/\/wp.ufpel.edu.br\/ppgartes\/wp-json\/wp\/v2\/pages\/3418"}],"wp:attachment":[{"href":"https:\/\/wp.ufpel.edu.br\/ppgartes\/wp-json\/wp\/v2\/media?parent=3467"}],"curies":[{"name":"wp","href":"https:\/\/api.w.org\/{rel}","templated":true}]}}