{"id":3455,"date":"2019-08-28T17:39:20","date_gmt":"2019-08-28T20:39:20","guid":{"rendered":"https:\/\/wp.ufpel.edu.br\/mestradoartesvisuais\/?page_id=3455"},"modified":"2019-08-28T17:39:20","modified_gmt":"2019-08-28T20:39:20","slug":"maureen-silveira-mantovani-de-castilho","status":"publish","type":"page","link":"https:\/\/wp.ufpel.edu.br\/ppgartes\/acompanhamento-de-academicos\/ingressantes-2013\/maureen-silveira-mantovani-de-castilho\/","title":{"rendered":"Maureen Silveira Mantovani de Castilho"},"content":{"rendered":"<p><a href=\"https:\/\/wp.ufpel.edu.br\/ppgartes\/files\/2021\/03\/turma2_Maureen-Nogueira-Silveira.png\"><img class=\"wp-image-5626 size-thumbnail alignleft\" src=\"https:\/\/wp.ufpel.edu.br\/ppgartes\/files\/2021\/03\/turma2_Maureen-Nogueira-Silveira-200x200.png\" alt=\"\" width=\"200\" height=\"200\" srcset=\"https:\/\/wp.ufpel.edu.br\/ppgartes\/files\/2021\/03\/turma2_Maureen-Nogueira-Silveira-200x200.png 200w, https:\/\/wp.ufpel.edu.br\/ppgartes\/files\/2021\/03\/turma2_Maureen-Nogueira-Silveira-400x400.png 400w, https:\/\/wp.ufpel.edu.br\/ppgartes\/files\/2021\/03\/turma2_Maureen-Nogueira-Silveira.png 500w\" sizes=\"(max-width: 200px) 100vw, 200px\" \/><\/a><\/p>\n<p>&nbsp;<\/p>\n<p>&nbsp;<\/p>\n<p>&nbsp;<\/p>\n<p><span style=\"font-family: georgia, palatino, serif;font-size: 12pt\"><span style=\"font-size: 18pt\"><strong><span style=\"font-family: 'trebuchet ms', geneva, sans-serif\"><span style=\"font-size: 14pt\">Maureen Silveira Mantovani de Castilho<\/span> <span style=\"font-size: 10pt;color: #999999\">\/\u00a0<\/span><\/span><\/strong><\/span><span style=\"font-family: 'trebuchet ms', geneva, sans-serif;font-size: 10pt\"><a href=\"http:\/\/lattes.cnpq.br\/4411002152647300\" target=\"_blank\" rel=\"noopener noreferrer\"><span style=\"color: #999999\">Curr\u00edculum Lattes<\/span><\/a><br \/>\n<strong>Linha de Pesquisa<\/strong>:<br \/>\n<\/span><\/span><span style=\"font-family: georgia, palatino, serif;font-size: 12pt\"><span style=\"font-family: 'trebuchet ms', geneva, sans-serif;font-size: 10pt\"><strong>Data de nascimento:\u00a0<\/strong><\/span><\/span><\/p>\n<p style=\"text-align: justify\"><span style=\"font-family: 'trebuchet ms', geneva, sans-serif;font-size: 10pt\"><strong>Texto introdut\u00f3rio:<\/strong> Mestre em Artes Visuais pela Universidade Federal de Pelotas. Especialista em Educa\u00e7\u00e3o Infantil pela Universidade Federal de Pelotas e graduada em Licenciatura em Educa\u00e7\u00e3o Art\u00edstica com Habilita\u00e7\u00e3o em Artes C\u00eanicas Pela Universidade de S\u00e3o Paulo\/USP. Atua como professora substituta do curso de teatro da UFPel na \u00e1rea de pedagogia do Teatro e como professora contratada de artes na rede municipal de Pelotas. Pesquisadora e artista, elabora projetos, implementa e leciona cursos nas \u00e1reas de educa\u00e7\u00e3o, Teatro, artes e yoga. Possui experi\u00eancia docente em todos os n\u00edveis do ensino b\u00e1sico, est\u00e1gio docente no ensino superior, ensino t\u00e9cnico de atores e terceiro setor, atuando em ONGs e CASE ( Centro de Atendimento S\u00f3cio Educativo). (Texto extra\u00eddo diretamente da plataforma Lattes)<\/span><\/p>\n<hr \/>\n<p><span style=\"font-family: 'trebuchet ms', geneva, sans-serif;font-size: 10pt\"><strong>T\u00edtulo da disserta\u00e7\u00e3o<br \/>\n<a href=\"https:\/\/wp.ufpel.edu.br\/ppgartes\/files\/2017\/11\/Maureen.pdf\" target=\"_blank\" rel=\"noopener noreferrer\"><span style=\"font-size: 14pt\">Crian\u00e7a-Corpo no palco do mundo: teatro, uma proposta de educa\u00e7\u00e3o est\u00e9tica com crian\u00e7as arteiras<\/span><\/a><\/strong><br \/>\n<\/span><span style=\"font-family: 'trebuchet ms', geneva, sans-serif;font-size: 10pt\"><strong>Orientador(a):<\/strong> Profa. Dra. Mirela Ribeiro Meira (PPGAV\/UFPel)<br \/>\n<\/span><\/p>\n<p style=\"text-align: justify\"><span style=\"font-family: 'trebuchet ms', geneva, sans-serif;font-size: 10pt\"><strong>RESUMO<\/strong><br \/>\nEste trabalho refere-se a uma pesquisa de mestrado realizada de maio a novembro de 2013, junto ao Programa de P\u00f3s Gradua\u00e7\u00e3o em Artes Visuais- PPGAV, Mestrado, da Universidade Federal de Pelotas, UFPel, Pelotas, RS. A investiga\u00e7\u00e3o se insere no campo da Educa\u00e7\u00e3o Est\u00e9tica, discutindo o lugar do corpo nos processos pedag\u00f3gicos e caminhos metodol\u00f3gicos capazes de localiz\u00e1-lo contemporaneamente no contexto de teatro com crian\u00e7as com idades entre cinco e dez anos, em um espa\u00e7o de Ensino n\u00e3o Formal, chamada Arteiros, em Pelotas. Problematiza-o no \u00e2mbito da Educa\u00e7\u00e3o Est\u00e9tica, investigando que experimenta\u00e7\u00f5es corporais podem ser desenvolvidas para que as aulas de teatro sejam espa\u00e7os de conhecimento mais integral, buscando desenvolver a sensibilidade da crian\u00e7a nas atividades art\u00edsticas, no brincar, nas rela\u00e7\u00f5es com o outro e com o espa\u00e7o, objetivando desenvolver, no corpo, a qualifica\u00e7\u00e3o nas express\u00f5es teatrais e nas rela\u00e7\u00f5es de grupo. A pesquisa \u00e9 qualitativa do tipo pesquisa-a\u00e7\u00e3o, tendo como m\u00e9todo a escuta sens\u00edvel de Ren\u00e9 Barbier aliada \u00e0 proposi\u00e7\u00e3o de uma metodologia autoral por mim denominada de \u201cMetodologia do Pentagrama\u201d para, atrav\u00e9s de jogos perform\u00e1ticos, \u201ctestar\u201d o corpo em um ambiente especialmente constru\u00eddo para investiga\u00e7\u00e3o da integralidade entre sentir, pensar e agir, apoiada em aportes te\u00f3ricos e reflex\u00f5es acerca do tema, desenvolvido em quinze encontros, com cerca de dez crian\u00e7as em cada, referentes aos sentidos do corpo. Os instrumentos eleitos para sua consecu\u00e7\u00e3o foram di\u00e1rio de campo, registro imag\u00e9tico das atividades realizadas com as crian\u00e7as e di\u00e1rio de \u201ccorpo\u201d, registros realizados pelas crian\u00e7as em v\u00e1rias linguagens. Espera-se desta pesquisa investigar as contribui\u00e7\u00f5es de uma proposta de Educa\u00e7\u00e3o Est\u00e9tica no Ensino de Teatro com foco nas experimenta\u00e7\u00f5es sensoriais onde o ensino do Teatro esteja pautado na experi\u00eancia com o corpo, do corpo e para o corpo, de modo que a crian\u00e7a possa descobrir-se, explorar-se e constituir-se como Crian\u00e7a-Corpo No Palco Do Mundo.<\/span><\/p>\n<p><span style=\"font-family: 'trebuchet ms', geneva, sans-serif;font-size: 10pt\"><strong>Palavras-chave:<\/strong> teatro; crian\u00e7as; sentidos e sensa\u00e7\u00f5es; corpo humano; est\u00e9tica<\/span><\/p>\n<p><span style=\"font-family: 'trebuchet ms', geneva, sans-serif;font-size: 10pt\"><strong>Banca:<br \/>\n<\/strong><\/span><span style=\"font-family: 'trebuchet ms', geneva, sans-serif;font-size: 10pt\">Profa. Dra. N\u00e1dia da Cruz Senna (PPGAV\/UFPel)<\/span><br \/>\n<span style=\"font-family: 'trebuchet ms', geneva, sans-serif;font-size: 10pt\">Profa. Dra. Fabiane Tejada da Silveira (UFPel)<\/span><br \/>\n<span style=\"font-family: 'trebuchet ms', geneva, sans-serif;font-size: 10pt\">Prof. Dr. Mateus Gon\u00e7alves (UFRGS)<\/span><\/p>\n<p><span style=\"font-family: 'trebuchet ms', geneva, sans-serif;font-size: 10pt\"><strong>Data:<\/strong> 27\/mar\u00e7o\/2015<\/span><\/p>\n<p>&nbsp;<\/p>\n<p>&nbsp;<\/p>\n<h3 style=\"text-align: center\"><span style=\"font-family: 'trebuchet ms', geneva, sans-serif;font-size: 12pt\">Acompanhamento Egresso:<\/span><\/h3>\n<hr \/>\n<div class=\"layout-cell-pad-5 text-align-right\"><\/div>\n<div><\/div>\n<div><\/div>\n<div><\/div>\n<div><\/div>\n<div class=\"layout-cell layout-cell-1 text-align-right\"><\/div>\n<p>&nbsp;<\/p>\n<p>&nbsp;<\/p>\n<p>&nbsp;<\/p>\n<p>&nbsp;<\/p>\n<p>&nbsp;<\/p>\n<p>&nbsp;<\/p>\n<p>&nbsp;<\/p>\n<div class=\"ms-editor-squiggler\" style=\"color: initial;font: initial;background: initial;background-blend-mode: initial;border: initial;border-radius: initial;border-collapse: initial;caption-side: initial;clear: initial;columns: initial;column-fill: initial;column-rule: initial;column-span: initial;cursor: initial;flex: initial;flex-flow: initial;float: initial;height: 0px;letter-spacing: initial;margin: initial;max-height: initial;max-width: initial;min-height: initial;min-width: initial;overflow: initial;padding: initial;text-align: initial;text-decoration: initial;text-indent: initial;text-transform: initial;vertical-align: initial;border-spacing: initial;width: initial\"><\/div>\n<div class=\"ms-editor-squiggler\" style=\"color: initial;font: initial;background: initial;background-blend-mode: initial;border: initial;border-radius: initial;border-collapse: initial;caption-side: initial;clear: initial;columns: initial;column-fill: initial;column-rule: initial;column-span: initial;cursor: initial;flex: initial;flex-flow: initial;float: initial;height: 0px;letter-spacing: initial;margin: initial;max-height: initial;max-width: initial;min-height: initial;min-width: initial;overflow: initial;padding: initial;text-align: initial;text-decoration: initial;text-indent: initial;text-transform: initial;vertical-align: initial;border-spacing: initial;width: initial\"><\/div>\n","protected":false},"excerpt":{"rendered":"<p>&nbsp; &nbsp; &nbsp; Maureen Silveira Mantovani de Castilho \/\u00a0Curr\u00edculum Lattes Linha de Pesquisa: Data de nascimento:\u00a0 Texto introdut\u00f3rio: Mestre em Artes Visuais pela Universidade Federal de Pelotas. Especialista em Educa\u00e7\u00e3o Infantil pela Universidade Federal de Pelotas e graduada em Licenciatura em Educa\u00e7\u00e3o Art\u00edstica com Habilita\u00e7\u00e3o em Artes C\u00eanicas Pela Universidade de S\u00e3o Paulo\/USP. Atua como [&hellip;]<\/p>\n","protected":false},"author":1258,"featured_media":0,"parent":3418,"menu_order":0,"comment_status":"closed","ping_status":"closed","template":"","meta":{"footnotes":""},"class_list":["post-3455","page","type-page","status-publish","hentry"],"_links":{"self":[{"href":"https:\/\/wp.ufpel.edu.br\/ppgartes\/wp-json\/wp\/v2\/pages\/3455","targetHints":{"allow":["GET"]}}],"collection":[{"href":"https:\/\/wp.ufpel.edu.br\/ppgartes\/wp-json\/wp\/v2\/pages"}],"about":[{"href":"https:\/\/wp.ufpel.edu.br\/ppgartes\/wp-json\/wp\/v2\/types\/page"}],"author":[{"embeddable":true,"href":"https:\/\/wp.ufpel.edu.br\/ppgartes\/wp-json\/wp\/v2\/users\/1258"}],"replies":[{"embeddable":true,"href":"https:\/\/wp.ufpel.edu.br\/ppgartes\/wp-json\/wp\/v2\/comments?post=3455"}],"version-history":[{"count":0,"href":"https:\/\/wp.ufpel.edu.br\/ppgartes\/wp-json\/wp\/v2\/pages\/3455\/revisions"}],"up":[{"embeddable":true,"href":"https:\/\/wp.ufpel.edu.br\/ppgartes\/wp-json\/wp\/v2\/pages\/3418"}],"wp:attachment":[{"href":"https:\/\/wp.ufpel.edu.br\/ppgartes\/wp-json\/wp\/v2\/media?parent=3455"}],"curies":[{"name":"wp","href":"https:\/\/api.w.org\/{rel}","templated":true}]}}