{"id":3451,"date":"2019-08-28T17:36:24","date_gmt":"2019-08-28T20:36:24","guid":{"rendered":"https:\/\/wp.ufpel.edu.br\/mestradoartesvisuais\/?page_id=3451"},"modified":"2019-08-28T17:36:24","modified_gmt":"2019-08-28T20:36:24","slug":"mariza-fernanda-vargas-de-souza","status":"publish","type":"page","link":"https:\/\/wp.ufpel.edu.br\/ppgartes\/acompanhamento-de-academicos\/ingressantes-2013\/mariza-fernanda-vargas-de-souza\/","title":{"rendered":"Mariza Fernanda Vargas de Souza"},"content":{"rendered":"<p><a href=\"https:\/\/wp.ufpel.edu.br\/ppgartes\/files\/2021\/03\/turma2_Mariza-Fernanda-Vargas-de-Souza.png\"><img class=\"wp-image-5627 size-thumbnail alignleft\" src=\"https:\/\/wp.ufpel.edu.br\/ppgartes\/files\/2021\/03\/turma2_Mariza-Fernanda-Vargas-de-Souza-200x200.png\" alt=\"\" width=\"200\" height=\"200\" srcset=\"https:\/\/wp.ufpel.edu.br\/ppgartes\/files\/2021\/03\/turma2_Mariza-Fernanda-Vargas-de-Souza-200x200.png 200w, https:\/\/wp.ufpel.edu.br\/ppgartes\/files\/2021\/03\/turma2_Mariza-Fernanda-Vargas-de-Souza-400x400.png 400w, https:\/\/wp.ufpel.edu.br\/ppgartes\/files\/2021\/03\/turma2_Mariza-Fernanda-Vargas-de-Souza.png 500w\" sizes=\"(max-width: 200px) 100vw, 200px\" \/><\/a><\/p>\n<p>&nbsp;<\/p>\n<p>&nbsp;<\/p>\n<p>&nbsp;<\/p>\n<p><span style=\"font-family: georgia, palatino, serif;font-size: 12pt\"><span style=\"font-size: 18pt\"><strong><span style=\"font-family: 'trebuchet ms', geneva, sans-serif\">Mariza Fernanda Vargas de Souza <span style=\"font-size: 10pt;color: #999999\">\/\u00a0<\/span><\/span><\/strong><\/span><span style=\"font-family: 'trebuchet ms', geneva, sans-serif;font-size: 10pt\"><a href=\"http:\/\/lattes.cnpq.br\/7069855166181955\" target=\"_blank\" rel=\"noopener noreferrer\"><span style=\"color: #999999\">Curr\u00edculum Lattes<\/span><\/a><br \/>\n<strong>Linha de Pesquisa<\/strong>:<br \/>\n<\/span><\/span><span style=\"font-family: georgia, palatino, serif;font-size: 12pt\"><span style=\"font-family: 'trebuchet ms', geneva, sans-serif;font-size: 10pt\"><strong>Data de nascimento:\u00a0<\/strong><\/span><\/span><\/p>\n<p style=\"text-align: justify\"><span style=\"font-family: 'trebuchet ms', geneva, sans-serif;font-size: 10pt\"><strong>Texto introdut\u00f3rio:<\/strong> Possui Mestrado em Artes Visuais pela Universidade Federal de Pelotas (2015). Especializa\u00e7\u00e3o em Artes Visuais pela Universidade Federal de Pelotas (2013). Gradua\u00e7\u00e3o no curso de Bacharelado em Artes Visuais pela Universidade Federal de Pelotas (2010). Licenciatura em Ci\u00eancias pela Universidade Cat\u00f3lica de Pelotas (1990), Tem experi\u00eancia na \u00e1rea de Artes, com \u00eanfase em Artes, atuando principalmente nos seguintes temas: Artes, Grupo Superf\u00edcie, arte de Pelotas, arte em Pelotas, pintura. (Texto extra\u00eddo diretamente da plataforma Lattes)<\/span><\/p>\n<hr \/>\n<p><span style=\"font-family: 'trebuchet ms', geneva, sans-serif;font-size: 10pt\"><strong>T\u00edtulo da disserta\u00e7\u00e3o<br \/>\n<a href=\"https:\/\/wp.ufpel.edu.br\/ppgartes\/files\/2017\/11\/Mariza.pdf\" target=\"_blank\" rel=\"noopener noreferrer\"><span style=\"font-size: 14pt\">Superf\u00edcies e ac\u00famulos: abordando procedimentos de cria\u00e7\u00e3o em pintura<\/span><\/a><\/strong><br \/>\n<\/span><span style=\"font-family: 'trebuchet ms', geneva, sans-serif;font-size: 10pt\"><strong>Orientador(a):<\/strong> Profa. Dra. Adriane Hernandez (PPGAV\/UFPel)<br \/>\n<\/span><\/p>\n<p style=\"text-align: justify\"><span style=\"font-family: 'trebuchet ms', geneva, sans-serif;font-size: 10pt\"><strong>RESUMO<\/strong><br \/>\nO texto que segue apresenta a pesquisa \u201cSuperf\u00edcies e ac\u00famulos: abordando procedimentos de cria\u00e7\u00e3o em pintura\u201d desenvolvida para o Programa de P\u00f3s-Gradua\u00e7\u00e3o em Artes Visuais, na linha de Processos de Cria\u00e7\u00e3o e Po\u00e9ticas do Cotidiano e foca na produ\u00e7\u00e3o art\u00edstica da pesquisadora, refletindo sobre conceitos operacionais advindos de a\u00e7\u00f5es sobre uma superf\u00edcie, como imprimir, acumular camadas e expandir, ligados a outras a\u00e7\u00f5es mais espec\u00edficas do campo art\u00edstico, como pintar e desenhar. Tais procedimentos interconectados no trabalho da artista-pesquisadora resultam na forma\u00e7\u00e3o de um vocabul\u00e1rio que define caracter\u00edsticas da pintura em camadas, provenientes de impress\u00f5es que geram \u00edndices na fatura resultante. Os autores e artistas citados no texto auxiliam na problematiza\u00e7\u00e3o das quest\u00f5es provenientes do ato de criar. Artistas, como H\u00e9lio Oiticica e Jean Dubuffet, e o escritor Francis Ponge, s\u00e3o citados por fazerem emergir, a partir de suas experi\u00eancias com a cria\u00e7\u00e3o e com a escrita do artista, a complexidade do campo investigado, implicando em rela\u00e7\u00f5es tramadas com seus objetos, por semelhan\u00e7as e diferen\u00e7as, gerando principalmente uma dial\u00e9tica dos sentidos em jogo.<\/span><\/p>\n<p><span style=\"font-family: 'trebuchet ms', geneva, sans-serif;font-size: 10pt\"><strong>Palavras-chave:<\/strong> pintura<\/span><\/p>\n<p><span style=\"font-family: 'trebuchet ms', geneva, sans-serif;font-size: 10pt\"><strong>Banca:<br \/>\n<\/strong><\/span><span style=\"font-family: 'trebuchet ms', geneva, sans-serif;font-size: 10pt\">Profa. Dra. Angela Raffin Pohlmann (PPGAV\/UFPel)<\/span><br \/>\n<span style=\"font-family: 'trebuchet ms', geneva, sans-serif;font-size: 10pt\">Profa. Dra. Renata Azevedo Requi\u00e3o (PPGAV\/UFPel)<\/span><br \/>\n<span style=\"font-family: 'trebuchet ms', geneva, sans-serif;font-size: 10pt\">Profa. Dra. Sandra Regina Simonis Richter (UFRGS)<\/span><\/p>\n<p><span style=\"font-family: 'trebuchet ms', geneva, sans-serif;font-size: 10pt\"><strong>Data:<\/strong> 22\/maio\/2015<\/span><\/p>\n<p>&nbsp;<\/p>\n<p>&nbsp;<\/p>\n<h3 style=\"text-align: center\"><span style=\"font-family: 'trebuchet ms', geneva, sans-serif;font-size: 12pt\">Acompanhamento Egresso:<\/span><\/h3>\n<hr \/>\n<div class=\"layout-cell-pad-5 text-align-right\"><\/div>\n<div><\/div>\n<div><\/div>\n<div><\/div>\n<div><\/div>\n<div class=\"layout-cell layout-cell-1 text-align-right\"><\/div>\n<p>&nbsp;<\/p>\n<p>&nbsp;<\/p>\n<p>&nbsp;<\/p>\n<p>&nbsp;<\/p>\n<p>&nbsp;<\/p>\n<p>&nbsp;<\/p>\n<div class=\"ms-editor-squiggler\" style=\"color: initial;font: initial;background: initial;background-blend-mode: initial;border: initial;border-radius: initial;border-collapse: initial;caption-side: initial;clear: initial;columns: initial;column-fill: initial;column-rule: initial;column-span: initial;cursor: initial;flex: initial;flex-flow: initial;float: initial;height: 0px;letter-spacing: initial;margin: initial;max-height: initial;max-width: initial;min-height: initial;min-width: initial;overflow: initial;padding: initial;text-align: initial;text-decoration: initial;text-indent: initial;text-transform: initial;vertical-align: initial;border-spacing: initial;width: initial\"><\/div>\n<div class=\"ms-editor-squiggler\" style=\"color: initial;font: initial;background: initial;background-blend-mode: initial;border: initial;border-radius: initial;border-collapse: initial;caption-side: initial;clear: initial;columns: initial;column-fill: initial;column-rule: initial;column-span: initial;cursor: initial;flex: initial;flex-flow: initial;float: initial;height: 0px;letter-spacing: initial;margin: initial;max-height: initial;max-width: initial;min-height: initial;min-width: initial;overflow: initial;padding: initial;text-align: initial;text-decoration: initial;text-indent: initial;text-transform: initial;vertical-align: initial;border-spacing: initial;width: initial\"><\/div>\n","protected":false},"excerpt":{"rendered":"<p>&nbsp; &nbsp; &nbsp; Mariza Fernanda Vargas de Souza \/\u00a0Curr\u00edculum Lattes Linha de Pesquisa: Data de nascimento:\u00a0 Texto introdut\u00f3rio: Possui Mestrado em Artes Visuais pela Universidade Federal de Pelotas (2015). Especializa\u00e7\u00e3o em Artes Visuais pela Universidade Federal de Pelotas (2013). Gradua\u00e7\u00e3o no curso de Bacharelado em Artes Visuais pela Universidade Federal de Pelotas (2010). Licenciatura em [&hellip;]<\/p>\n","protected":false},"author":1258,"featured_media":0,"parent":3418,"menu_order":0,"comment_status":"closed","ping_status":"closed","template":"","meta":{"footnotes":""},"class_list":["post-3451","page","type-page","status-publish","hentry"],"_links":{"self":[{"href":"https:\/\/wp.ufpel.edu.br\/ppgartes\/wp-json\/wp\/v2\/pages\/3451","targetHints":{"allow":["GET"]}}],"collection":[{"href":"https:\/\/wp.ufpel.edu.br\/ppgartes\/wp-json\/wp\/v2\/pages"}],"about":[{"href":"https:\/\/wp.ufpel.edu.br\/ppgartes\/wp-json\/wp\/v2\/types\/page"}],"author":[{"embeddable":true,"href":"https:\/\/wp.ufpel.edu.br\/ppgartes\/wp-json\/wp\/v2\/users\/1258"}],"replies":[{"embeddable":true,"href":"https:\/\/wp.ufpel.edu.br\/ppgartes\/wp-json\/wp\/v2\/comments?post=3451"}],"version-history":[{"count":0,"href":"https:\/\/wp.ufpel.edu.br\/ppgartes\/wp-json\/wp\/v2\/pages\/3451\/revisions"}],"up":[{"embeddable":true,"href":"https:\/\/wp.ufpel.edu.br\/ppgartes\/wp-json\/wp\/v2\/pages\/3418"}],"wp:attachment":[{"href":"https:\/\/wp.ufpel.edu.br\/ppgartes\/wp-json\/wp\/v2\/media?parent=3451"}],"curies":[{"name":"wp","href":"https:\/\/api.w.org\/{rel}","templated":true}]}}