{"id":3447,"date":"2019-08-28T17:33:00","date_gmt":"2019-08-28T20:33:00","guid":{"rendered":"https:\/\/wp.ufpel.edu.br\/mestradoartesvisuais\/?page_id=3447"},"modified":"2019-08-28T17:33:00","modified_gmt":"2019-08-28T20:33:00","slug":"mariana-leite-de-almeida","status":"publish","type":"page","link":"https:\/\/wp.ufpel.edu.br\/ppgartes\/acompanhamento-de-academicos\/ingressantes-2013\/mariana-leite-de-almeida\/","title":{"rendered":"Mariana Leite de Almeida"},"content":{"rendered":"<p><a href=\"https:\/\/wp.ufpel.edu.br\/ppgartes\/files\/2021\/03\/turma2_Mariana-Leite-de-Almeida.png\"><img class=\"wp-image-5628 size-thumbnail alignleft\" src=\"https:\/\/wp.ufpel.edu.br\/ppgartes\/files\/2021\/03\/turma2_Mariana-Leite-de-Almeida-200x200.png\" alt=\"\" width=\"200\" height=\"200\" srcset=\"https:\/\/wp.ufpel.edu.br\/ppgartes\/files\/2021\/03\/turma2_Mariana-Leite-de-Almeida-200x200.png 200w, https:\/\/wp.ufpel.edu.br\/ppgartes\/files\/2021\/03\/turma2_Mariana-Leite-de-Almeida-400x400.png 400w, https:\/\/wp.ufpel.edu.br\/ppgartes\/files\/2021\/03\/turma2_Mariana-Leite-de-Almeida.png 500w\" sizes=\"(max-width: 200px) 100vw, 200px\" \/><\/a><\/p>\n<p>&nbsp;<\/p>\n<p>&nbsp;<\/p>\n<p>&nbsp;<\/p>\n<p><span style=\"font-family: georgia, palatino, serif;font-size: 12pt\"><span style=\"font-size: 18pt\"><strong><span style=\"font-family: 'trebuchet ms', geneva, sans-serif\">Mariana Leite de Almeida <span style=\"font-size: 10pt;color: #999999\">\/\u00a0<\/span><\/span><\/strong><\/span><span style=\"font-family: 'trebuchet ms', geneva, sans-serif;font-size: 10pt\"><a href=\"http:\/\/lattes.cnpq.br\/1667986831327393\" target=\"_blank\" rel=\"noopener noreferrer\"><span style=\"color: #999999\">Curr\u00edculum Lattes<\/span><\/a><br \/>\n<strong>Linha de Pesquisa<\/strong>:<br \/>\n<\/span><\/span><span style=\"font-family: georgia, palatino, serif;font-size: 12pt\"><span style=\"font-family: 'trebuchet ms', geneva, sans-serif;font-size: 10pt\"><strong>Data de nascimento:\u00a0<\/strong><\/span><\/span><\/p>\n<p style=\"text-align: justify\"><span style=\"font-family: 'trebuchet ms', geneva, sans-serif;font-size: 10pt\"><strong>Texto introdut\u00f3rio:<\/strong> Possui gradua\u00e7\u00e3o em Design Digital pela Universidade Federal de Pelotas (2012) e tem experi\u00eancia na \u00e1rea de Web Design, Dire\u00e7\u00e3o de Arte e Arquitetura de Informa\u00e7\u00e3o. \u00c9 mestre em Artes Visuais tamb\u00e9m pela Universidade Federal de Pelotas (2015). Pesquisa sobre GIFs e as peculiaridades da p\u00f3s-modernidade virtual, e a rela\u00e7\u00e3o entre as imagens animadas, ativismo, educa\u00e7\u00e3o\/experi\u00eancia est\u00e9tica e afeto. Em 2016 foi professora substituta dos cursos t\u00e9cnicos e de gradua\u00e7\u00e3o em Design do IFSul &#8211; Campus Pelotas e recentemente trabalha como UX Designer na Prodigious BR. (Texto extra\u00eddo diretamente da plataforma Lattes)<\/span><\/p>\n<hr \/>\n<p><span style=\"font-family: 'trebuchet ms', geneva, sans-serif;font-size: 10pt\"><strong>T\u00edtulo da disserta\u00e7\u00e3o<br \/>\n<a href=\"https:\/\/wp.ufpel.edu.br\/mestradoartesvisuais\/files\/2017\/11\/disserta%C3%A7%C3%A3o_Mariana.pdf\" target=\"_blank\" rel=\"noopener noreferrer\"><span style=\"font-size: 14pt\">GIFs: educa\u00e7\u00e3o est\u00e9tica, afeto e ativismo atrav\u00e9s da imagem animada<\/span><\/a><\/strong><br \/>\n<\/span><span style=\"font-family: 'trebuchet ms', geneva, sans-serif;font-size: 10pt\"><strong>Orientador(a):<\/strong> <a href=\"https:\/\/wp.ufpel.edu.br\/mestradoartesvisuais\/lucia-bergamaschi-costa-weymar\/\">Profa. Dra. Lucia Bergamaschi Costa Weymar (PPGAV\/UFPel)<\/a><br \/>\n<\/span><\/p>\n<p style=\"text-align: justify\"><span style=\"font-family: 'trebuchet ms', geneva, sans-serif;font-size: 10pt\"><strong>RESUMO<\/strong><br \/>\nParadigmas dicot\u00f4micos ainda presentes na p\u00f3s-modernidade nos permitem observar o quanto ainda estamos ligados \u00e0 modernidade mais racionalista. Vivemos tempos coletivos, por\u00e9m individualistas, vivemos ao mesmo tempo libertos e aprisionados, informados, mas constantemente passivos. Em diversos momentos vivemos, ainda, sem reconhecer efetivamente o outro. Isso faz com que nos tornemos menos comprometidos socialmente e n\u00e3o demonstremos, no cotidiano social, a coletividade vivida na internet. As redes sociais nos mant\u00eam fortemente ligados atrav\u00e9s de la\u00e7os sens\u00edveis, repletos de emo\u00e7\u00f5es e afetos. Essas rela\u00e7\u00f5es colaboram na constru\u00e7\u00e3o de uma ideia de educa\u00e7\u00e3o est\u00e9tica na qual os aprendizados se fazem poss\u00edveis gra\u00e7as ao que \u00e9 experienciado com o mundo e, principalmente com o outro. Nesse contexto, alguns elementos visuais, como determinadas imagens frequentemente visualizadas nas redes sociais, assumem pap\u00e9is ativistas. Todavia, esse car\u00e1ter socialmente mobilizador n\u00e3o se estende, por ora, a todos elementos visuais contempor\u00e2neos; por exemplo, o Graphic Interchange Format (GIF) \u2013 imagem animada cada vez mais utilizada como forma de representar nossos gostos, paix\u00f5es e anseios \u2013 ainda n\u00e3o \u00e9 observado como instrumento de comprometimento social. A disserta\u00e7\u00e3o \u201cGIFs: Educa\u00e7\u00e3o est\u00e9tica, afeto e ativismo atrav\u00e9s da imagem animada\u201d, desenvolvida no Programa de P\u00f3s Gradua\u00e7\u00e3o em Artes Visuais da UFPEL, pretende analisar, atrav\u00e9s de revis\u00e3o bibliogr\u00e1fica, e propor, atrav\u00e9s do projeto de imagens animadas socialmente engajadas, o GIF como uma poss\u00edvel ferramenta de ativismo virtual na p\u00f3s-modernidade.<\/span><\/p>\n<p><span style=\"font-family: 'trebuchet ms', geneva, sans-serif;font-size: 10pt\"><strong>Palavras-chave:<\/strong> gifs; est\u00e9tica<\/span><\/p>\n<p><span style=\"font-family: 'trebuchet ms', geneva, sans-serif;font-size: 10pt\"><strong>Banca:<br \/>\n<\/strong><\/span><span style=\"font-family: 'trebuchet ms', geneva, sans-serif;font-size: 10pt\">Prof. Dr. Alexandre Verg\u00edlio Assun\u00e7\u00e3o (IFSUL)<\/span><br \/>\n<span style=\"font-family: 'trebuchet ms', geneva, sans-serif;font-size: 10pt\">Profa. Dra. Ana Paula Cruz Penkala Dias (CA\/UFPel)<\/span><br \/>\n<span style=\"font-family: 'trebuchet ms', geneva, sans-serif;font-size: 10pt\">Profa. Dra. Nadia da Cruz Senna (PPGAV\/UFPel)<\/span><\/p>\n<p><span style=\"font-family: 'trebuchet ms', geneva, sans-serif;font-size: 10pt\"><strong>Data:<\/strong> 19\/junho\/2015<\/span><\/p>\n<p>&nbsp;<\/p>\n<p>&nbsp;<\/p>\n<h3 style=\"text-align: center\"><span style=\"font-family: 'trebuchet ms', geneva, sans-serif;font-size: 12pt\">Acompanhamento Egresso:<\/span><\/h3>\n<hr \/>\n<div class=\"layout-cell-pad-5 text-align-right\"><\/div>\n<div><\/div>\n<div><\/div>\n<div><\/div>\n<div><\/div>\n<div class=\"layout-cell layout-cell-1 text-align-right\"><\/div>\n<p>&nbsp;<\/p>\n<p>&nbsp;<\/p>\n<p>&nbsp;<\/p>\n<p>&nbsp;<\/p>\n<p>&nbsp;<\/p>\n<p>&nbsp;<\/p>\n<p>&nbsp;<\/p>\n<div class=\"ms-editor-squiggler\" style=\"color: initial;font: initial;background: initial;background-blend-mode: initial;border: initial;border-radius: initial;border-collapse: initial;caption-side: initial;clear: initial;columns: initial;column-fill: initial;column-rule: initial;column-span: initial;cursor: initial;flex: initial;flex-flow: initial;float: initial;height: 0px;letter-spacing: initial;margin: initial;max-height: initial;max-width: initial;min-height: initial;min-width: initial;overflow: initial;padding: initial;text-align: initial;text-decoration: initial;text-indent: initial;text-transform: initial;vertical-align: initial;border-spacing: initial;width: initial\"><\/div>\n<div class=\"ms-editor-squiggler\" style=\"color: initial;font: initial;background: initial;background-blend-mode: initial;border: initial;border-radius: initial;border-collapse: initial;caption-side: initial;clear: initial;columns: initial;column-fill: initial;column-rule: initial;column-span: initial;cursor: initial;flex: initial;flex-flow: initial;float: initial;height: 0px;letter-spacing: initial;margin: initial;max-height: initial;max-width: initial;min-height: initial;min-width: initial;overflow: initial;padding: initial;text-align: initial;text-decoration: initial;text-indent: initial;text-transform: initial;vertical-align: initial;border-spacing: initial;width: initial\"><\/div>\n<div class=\"ms-editor-squiggler\" style=\"color: initial;font: initial;background: initial;background-blend-mode: initial;border: initial;border-radius: initial;border-collapse: initial;caption-side: initial;clear: initial;columns: initial;column-fill: initial;column-rule: initial;column-span: initial;cursor: initial;flex: initial;flex-flow: initial;float: initial;height: 0px;letter-spacing: initial;margin: initial;max-height: initial;max-width: initial;min-height: initial;min-width: initial;overflow: initial;padding: initial;text-align: initial;text-decoration: initial;text-indent: initial;text-transform: initial;vertical-align: initial;border-spacing: initial;width: initial\"><\/div>\n<div class=\"ms-editor-squiggler\" style=\"color: initial;font: initial;background: initial;background-blend-mode: initial;border: initial;border-radius: initial;border-collapse: initial;caption-side: initial;clear: initial;columns: initial;column-fill: initial;column-rule: initial;column-span: initial;cursor: initial;flex: initial;flex-flow: initial;float: initial;height: 0px;letter-spacing: initial;margin: initial;max-height: initial;max-width: initial;min-height: initial;min-width: initial;overflow: initial;padding: initial;text-align: initial;text-decoration: initial;text-indent: initial;text-transform: initial;vertical-align: initial;border-spacing: initial;width: initial\"><\/div>\n","protected":false},"excerpt":{"rendered":"<p>&nbsp; &nbsp; &nbsp; Mariana Leite de Almeida \/\u00a0Curr\u00edculum Lattes Linha de Pesquisa: Data de nascimento:\u00a0 Texto introdut\u00f3rio: Possui gradua\u00e7\u00e3o em Design Digital pela Universidade Federal de Pelotas (2012) e tem experi\u00eancia na \u00e1rea de Web Design, Dire\u00e7\u00e3o de Arte e Arquitetura de Informa\u00e7\u00e3o. \u00c9 mestre em Artes Visuais tamb\u00e9m pela Universidade Federal de Pelotas (2015). [&hellip;]<\/p>\n","protected":false},"author":1258,"featured_media":0,"parent":3418,"menu_order":0,"comment_status":"closed","ping_status":"closed","template":"","meta":{"footnotes":""},"class_list":["post-3447","page","type-page","status-publish","hentry"],"_links":{"self":[{"href":"https:\/\/wp.ufpel.edu.br\/ppgartes\/wp-json\/wp\/v2\/pages\/3447","targetHints":{"allow":["GET"]}}],"collection":[{"href":"https:\/\/wp.ufpel.edu.br\/ppgartes\/wp-json\/wp\/v2\/pages"}],"about":[{"href":"https:\/\/wp.ufpel.edu.br\/ppgartes\/wp-json\/wp\/v2\/types\/page"}],"author":[{"embeddable":true,"href":"https:\/\/wp.ufpel.edu.br\/ppgartes\/wp-json\/wp\/v2\/users\/1258"}],"replies":[{"embeddable":true,"href":"https:\/\/wp.ufpel.edu.br\/ppgartes\/wp-json\/wp\/v2\/comments?post=3447"}],"version-history":[{"count":0,"href":"https:\/\/wp.ufpel.edu.br\/ppgartes\/wp-json\/wp\/v2\/pages\/3447\/revisions"}],"up":[{"embeddable":true,"href":"https:\/\/wp.ufpel.edu.br\/ppgartes\/wp-json\/wp\/v2\/pages\/3418"}],"wp:attachment":[{"href":"https:\/\/wp.ufpel.edu.br\/ppgartes\/wp-json\/wp\/v2\/media?parent=3447"}],"curies":[{"name":"wp","href":"https:\/\/api.w.org\/{rel}","templated":true}]}}