{"id":3439,"date":"2019-08-28T17:26:59","date_gmt":"2019-08-28T20:26:59","guid":{"rendered":"https:\/\/wp.ufpel.edu.br\/mestradoartesvisuais\/?page_id=3439"},"modified":"2019-08-28T17:26:59","modified_gmt":"2019-08-28T20:26:59","slug":"guilherme-franck-tavares","status":"publish","type":"page","link":"https:\/\/wp.ufpel.edu.br\/ppgartes\/acompanhamento-de-academicos\/ingressantes-2013\/guilherme-franck-tavares\/","title":{"rendered":"Guilherme Franck Tavares"},"content":{"rendered":"<p><a href=\"https:\/\/wp.ufpel.edu.br\/ppgartes\/files\/2021\/03\/turma2_Guilherme-Franck-Tavares.png\"><img class=\"wp-image-5630 size-thumbnail alignleft\" src=\"https:\/\/wp.ufpel.edu.br\/ppgartes\/files\/2021\/03\/turma2_Guilherme-Franck-Tavares-200x200.png\" alt=\"\" width=\"200\" height=\"200\" srcset=\"https:\/\/wp.ufpel.edu.br\/ppgartes\/files\/2021\/03\/turma2_Guilherme-Franck-Tavares-200x200.png 200w, https:\/\/wp.ufpel.edu.br\/ppgartes\/files\/2021\/03\/turma2_Guilherme-Franck-Tavares-400x400.png 400w, https:\/\/wp.ufpel.edu.br\/ppgartes\/files\/2021\/03\/turma2_Guilherme-Franck-Tavares.png 500w\" sizes=\"(max-width: 200px) 100vw, 200px\" \/><\/a><\/p>\n<p>&nbsp;<\/p>\n<p>&nbsp;<\/p>\n<p>&nbsp;<\/p>\n<p><span style=\"font-family: georgia, palatino, serif;font-size: 12pt\"><span style=\"font-size: 18pt\"><strong><span style=\"font-family: 'trebuchet ms', geneva, sans-serif\">Guilherme Franck Tavares <span style=\"font-size: 10pt;color: #999999\">\/\u00a0<\/span><\/span><\/strong><\/span><span style=\"font-family: 'trebuchet ms', geneva, sans-serif;font-size: 10pt\"><a href=\"http:\/\/lattes.cnpq.br\/6405240218171892\" target=\"_blank\" rel=\"noopener noreferrer\"><span style=\"color: #999999\">Curr\u00edculum Lattes<\/span><\/a><br \/>\n<strong>Linha de Pesquisa<\/strong>:<br \/>\n<\/span><\/span><span style=\"font-family: georgia, palatino, serif;font-size: 12pt\"><span style=\"font-family: 'trebuchet ms', geneva, sans-serif;font-size: 10pt\"><strong>Data de nascimento:\u00a0<\/strong><\/span><\/span><\/p>\n<p style=\"text-align: justify\"><span style=\"font-family: 'trebuchet ms', geneva, sans-serif;font-size: 10pt\"><strong>Texto introdut\u00f3rio:<\/strong> Possui gradua\u00e7\u00e3o pela Universidade Federal de Pelotas (2005). Atualmente \u00e9 programador visual da Universidade Federal de Pelotas. Tem experi\u00eancia na \u00e1rea de Artes, com \u00eanfase em Design Gr\u00e1fico, Design Digital e Fotografia. (Texto extra\u00eddo diretamente da plataforma Lattes)<\/span><\/p>\n<hr \/>\n<p><span style=\"font-family: 'trebuchet ms', geneva, sans-serif;font-size: 10pt\"><strong>T\u00edtulo da disserta\u00e7\u00e3o<br \/>\n<a href=\"https:\/\/wp.ufpel.edu.br\/ppgartes\/files\/2017\/11\/TAVARES_2015.pdf\" target=\"_blank\" rel=\"noopener noreferrer\"><span style=\"font-size: 14pt\">Pelotas \u00e0 deriva: t\u00e1ticas urbanas para cole\u00e7\u00e3o e constru\u00e7\u00e3o de <em>situations trouv\u00e9es<\/em><\/span><\/a><\/strong><br \/>\n<\/span><span style=\"font-family: 'trebuchet ms', geneva, sans-serif;font-size: 10pt\"><strong>Orientador(a):<\/strong> Prof. Dr. Daniel Albernaz Acosta (PPGAV\/UFPel)<br \/>\n<\/span><\/p>\n<p style=\"text-align: justify\"><span style=\"font-family: 'trebuchet ms', geneva, sans-serif;font-size: 10pt\"><strong>RESUMO<\/strong><br \/>\nEsta disserta\u00e7\u00e3o apresenta e analisa produ\u00e7\u00f5es po\u00e9ticas desenvolvidas por mim como resultado de experi\u00eancias de explora\u00e7\u00e3o do espa\u00e7o urbano a partir de caminhadas pela cidade de Pelotas, RS. Essa explora\u00e7\u00e3o \u00e9 articulada pelo uso da fotografia como ferramenta de pesquisa visual, direcionada \u00e0 busca e ao registro de situa\u00e7\u00f5es ef\u00eameras e acidentais, caracterizadas pela a\u00e7\u00e3o da natureza sobre o espa\u00e7o constru\u00eddo, tais como texturas de paredes em eros\u00e3o, descamamento de tintas, cartazes dilacerados e desenhos formados pela proje\u00e7\u00e3o de sombras sobre as paredes e cal\u00e7adas, a partir da incid\u00eancia da luz solar sobre os aparatos urbanos. As po\u00e9ticas produzidas a partir desses registros apresentam-se em formas variadas, que v\u00e3o desde cole\u00e7\u00f5es fotogr\u00e1ficas at\u00e9 interven\u00e7\u00f5es urbanas. A an\u00e1lise dessa produ\u00e7\u00e3o \u00e9 contextualizada a partir de um levantamento hist\u00f3rico sobre o ato de caminhar urbano como a\u00e7\u00e3o po\u00e9tica ou como parte fundamental de produ\u00e7\u00f5es art\u00edsticas desde a Idade Moderna, suas rela\u00e7\u00f5es com os efeitos sociais da industrializa\u00e7\u00e3o, da urbaniza\u00e7\u00e3o e da globaliza\u00e7\u00e3o, bem como as diferentes ideologias adotadas por movimentos art\u00edsticos e artistas individuais desde a modernidade at\u00e9 a contemporaneidade.<\/span><\/p>\n<p><span style=\"font-family: 'trebuchet ms', geneva, sans-serif;font-size: 10pt\"><strong>Palavras-chave:<\/strong> deriva; fotografia; sombras; situations trouv\u00e9es; fen\u00f4menos est\u00e9ticos urbanos<\/span><\/p>\n<p><span style=\"font-family: 'trebuchet ms', geneva, sans-serif;font-size: 10pt\"><strong>Banca:<br \/>\n<\/strong><\/span><span style=\"font-family: 'trebuchet ms', geneva, sans-serif;font-size: 10pt\">Profa. Dra. Renata Azevedo Requi\u00e3o (PPGAV\/UFPel)<\/span><br \/>\n<span style=\"font-family: 'trebuchet ms', geneva, sans-serif;font-size: 10pt\">Profa. Dra. Eduarda Azevedo Gon\u00e7alves (PPGAV\/UFPel)<\/span><br \/>\n<span style=\"font-family: 'trebuchet ms', geneva, sans-serif;font-size: 10pt\">Profa. Dra. Adriane Hernandez (UFRGS)<\/span><\/p>\n<p><span style=\"font-family: 'trebuchet ms', geneva, sans-serif;font-size: 10pt\"><strong>Data:<\/strong> 08\/maio\/2015<\/span><\/p>\n<p>&nbsp;<\/p>\n<p>&nbsp;<\/p>\n<h3 style=\"text-align: center\"><span style=\"font-family: 'trebuchet ms', geneva, sans-serif;font-size: 12pt\">Acompanhamento Egresso:<\/span><\/h3>\n<hr \/>\n<div class=\"layout-cell-pad-5 text-align-right\"><\/div>\n<div><\/div>\n<div><\/div>\n<div><\/div>\n<div><\/div>\n<div class=\"layout-cell layout-cell-1 text-align-right\"><\/div>\n<p>&nbsp;<\/p>\n<p>&nbsp;<\/p>\n<p>&nbsp;<\/p>\n<p>&nbsp;<\/p>\n<p>&nbsp;<\/p>\n<p>&nbsp;<\/p>\n<p>&nbsp;<\/p>\n<div class=\"ms-editor-squiggler\" style=\"color: initial;font: initial;background: initial;background-blend-mode: initial;border: initial;border-radius: initial;border-collapse: initial;caption-side: initial;clear: initial;columns: initial;column-fill: initial;column-rule: initial;column-span: initial;cursor: initial;flex: initial;flex-flow: initial;float: initial;height: 0px;letter-spacing: initial;margin: initial;max-height: initial;max-width: initial;min-height: initial;min-width: initial;overflow: initial;padding: initial;text-align: initial;text-decoration: initial;text-indent: initial;text-transform: initial;vertical-align: initial;border-spacing: initial;width: initial\"><\/div>\n<div class=\"ms-editor-squiggler\" style=\"color: initial;font: initial;background: initial;background-blend-mode: initial;border: initial;border-radius: initial;border-collapse: initial;caption-side: initial;clear: initial;columns: initial;column-fill: initial;column-rule: initial;column-span: initial;cursor: initial;flex: initial;flex-flow: initial;float: initial;height: 0px;letter-spacing: initial;margin: initial;max-height: initial;max-width: initial;min-height: initial;min-width: initial;overflow: initial;padding: initial;text-align: initial;text-decoration: initial;text-indent: initial;text-transform: initial;vertical-align: initial;border-spacing: initial;width: initial\"><\/div>\n","protected":false},"excerpt":{"rendered":"<p>&nbsp; &nbsp; &nbsp; Guilherme Franck Tavares \/\u00a0Curr\u00edculum Lattes Linha de Pesquisa: Data de nascimento:\u00a0 Texto introdut\u00f3rio: Possui gradua\u00e7\u00e3o pela Universidade Federal de Pelotas (2005). Atualmente \u00e9 programador visual da Universidade Federal de Pelotas. Tem experi\u00eancia na \u00e1rea de Artes, com \u00eanfase em Design Gr\u00e1fico, Design Digital e Fotografia. (Texto extra\u00eddo diretamente da plataforma Lattes) T\u00edtulo [&hellip;]<\/p>\n","protected":false},"author":1258,"featured_media":0,"parent":3418,"menu_order":0,"comment_status":"closed","ping_status":"closed","template":"","meta":{"footnotes":""},"class_list":["post-3439","page","type-page","status-publish","hentry"],"_links":{"self":[{"href":"https:\/\/wp.ufpel.edu.br\/ppgartes\/wp-json\/wp\/v2\/pages\/3439","targetHints":{"allow":["GET"]}}],"collection":[{"href":"https:\/\/wp.ufpel.edu.br\/ppgartes\/wp-json\/wp\/v2\/pages"}],"about":[{"href":"https:\/\/wp.ufpel.edu.br\/ppgartes\/wp-json\/wp\/v2\/types\/page"}],"author":[{"embeddable":true,"href":"https:\/\/wp.ufpel.edu.br\/ppgartes\/wp-json\/wp\/v2\/users\/1258"}],"replies":[{"embeddable":true,"href":"https:\/\/wp.ufpel.edu.br\/ppgartes\/wp-json\/wp\/v2\/comments?post=3439"}],"version-history":[{"count":0,"href":"https:\/\/wp.ufpel.edu.br\/ppgartes\/wp-json\/wp\/v2\/pages\/3439\/revisions"}],"up":[{"embeddable":true,"href":"https:\/\/wp.ufpel.edu.br\/ppgartes\/wp-json\/wp\/v2\/pages\/3418"}],"wp:attachment":[{"href":"https:\/\/wp.ufpel.edu.br\/ppgartes\/wp-json\/wp\/v2\/media?parent=3439"}],"curies":[{"name":"wp","href":"https:\/\/api.w.org\/{rel}","templated":true}]}}