{"id":3436,"date":"2019-08-28T17:24:10","date_gmt":"2019-08-28T20:24:10","guid":{"rendered":"https:\/\/wp.ufpel.edu.br\/mestradoartesvisuais\/?page_id=3436"},"modified":"2019-08-28T17:24:10","modified_gmt":"2019-08-28T20:24:10","slug":"cassius-andre-prietto-souza","status":"publish","type":"page","link":"https:\/\/wp.ufpel.edu.br\/ppgartes\/acompanhamento-de-academicos\/ingressantes-2013\/cassius-andre-prietto-souza\/","title":{"rendered":"Cassius Andre Prietto Souza"},"content":{"rendered":"<p><a href=\"https:\/\/wp.ufpel.edu.br\/ppgartes\/files\/2021\/03\/turma2_Cassius-Andre-Prietto-Souza.png\"><img class=\"wp-image-5631 size-thumbnail alignleft\" src=\"https:\/\/wp.ufpel.edu.br\/ppgartes\/files\/2021\/03\/turma2_Cassius-Andre-Prietto-Souza-200x200.png\" alt=\"\" width=\"200\" height=\"200\" srcset=\"https:\/\/wp.ufpel.edu.br\/ppgartes\/files\/2021\/03\/turma2_Cassius-Andre-Prietto-Souza-200x200.png 200w, https:\/\/wp.ufpel.edu.br\/ppgartes\/files\/2021\/03\/turma2_Cassius-Andre-Prietto-Souza-400x400.png 400w, https:\/\/wp.ufpel.edu.br\/ppgartes\/files\/2021\/03\/turma2_Cassius-Andre-Prietto-Souza.png 500w\" sizes=\"(max-width: 200px) 100vw, 200px\" \/><\/a><\/p>\n<p>&nbsp;<\/p>\n<p>&nbsp;<\/p>\n<p>&nbsp;<\/p>\n<p><span style=\"font-family: georgia, palatino, serif;font-size: 12pt\"><span style=\"font-size: 18pt\"><strong><span style=\"font-family: 'trebuchet ms', geneva, sans-serif\">Cassius Andre Prietto Souza <span style=\"font-size: 10pt;color: #999999\">\/\u00a0<\/span><\/span><\/strong><\/span><span style=\"font-family: 'trebuchet ms', geneva, sans-serif;font-size: 10pt\"><a href=\"http:\/\/lattes.cnpq.br\/5060378996898626\" target=\"_blank\" rel=\"noopener noreferrer\"><span style=\"color: #999999\">Curr\u00edculum Lattes<\/span><\/a><br \/>\n<strong>Linha de Pesquisa<\/strong>:<br \/>\n<\/span><\/span><span style=\"font-family: georgia, palatino, serif;font-size: 12pt\"><span style=\"font-family: 'trebuchet ms', geneva, sans-serif;font-size: 10pt\"><strong>Data de nascimento:\u00a0<\/strong><\/span><\/span><\/p>\n<p style=\"text-align: justify\"><span style=\"font-family: 'trebuchet ms', geneva, sans-serif;font-size: 10pt\"><strong>Texto introdut\u00f3rio:<\/strong> Gradua\u00e7\u00e3o em Artes Visuais (UFPEL\/ 2001); Especializa\u00e7\u00e3o em Artes (UFPEL\/ 2012); Mestrado em Artes Visuais pela Universidade Federal de Pelotas com a disserta\u00e7\u00e3o Monstru\u00e1rio: O livro dos monstros sens\u00edveis (2015); atualmente, Doutorando em Educa\u00e7\u00e3o pela Universidade Federal de Pelotas. Tendo especial interesse pelas \u00e1reas de Desenho, nos seus v\u00e1rios desdobramentos incluindo: Ilustra\u00e7\u00f5es e editora\u00e7\u00e3o de Livros Infantis, Design de personagens, Hist\u00f3rias em quadrinhos, Desenhos de modelos vivos, Modelagens Digitais em 3D, Efeitos Especiais de filmes e curtas-metragens e Desenhos Animados. Ministra Cursos e participas de projetos de pesquisa e extens\u00e3o junto aos cursos de Educa\u00e7\u00e3o (grupo de pesquisa do imagin\u00e1rio GEPIEM) e ao Centro de Artes (O Desenho do Corpo, o Corpo que desenha) ambos da UFPEL. Atualmente desenvolve in\u00fameras oficinas infantis de desenho, tendo sempre como tema principal o monstruoso- sens\u00edvel e suas vertentes para o imagin\u00e1rio. (Texto extra\u00eddo diretamente da plataforma Lattes)<\/span><\/p>\n<hr \/>\n<p><span style=\"font-family: 'trebuchet ms', geneva, sans-serif;font-size: 10pt\"><strong>T\u00edtulo da disserta\u00e7\u00e3o<br \/>\n<a href=\"https:\/\/wp.ufpel.edu.br\/mestradoartesvisuais\/files\/2017\/11\/cassiusDisserta%C3%A7%C3%A3o-Monstruario-O-livro-dos-monstros-sensiveis.compressed.pdf\" target=\"_blank\" rel=\"noopener noreferrer\"><span style=\"font-size: 14pt\">Monstru\u00e1rio: o livro dos monstros sens\u00edveis<\/span><\/a><\/strong><br \/>\n<\/span><span style=\"font-family: 'trebuchet ms', geneva, sans-serif;font-size: 10pt\"><strong>Orientador(a):<\/strong> <a href=\"https:\/\/wp.ufpel.edu.br\/mestradoartesvisuais\/nadia-da-cruz-senna\/\">Profa. Dra. Nadia da Cruz Senna (PPGAV\/UFPel)<\/a><br \/>\n<\/span><\/p>\n<p style=\"text-align: justify\"><span style=\"font-family: 'trebuchet ms', geneva, sans-serif;font-size: 10pt\"><strong>RESUMO<\/strong><br \/>\nMonstru\u00e1rio: O livro dos Monstros Sens\u00edveis apresenta a pesquisa desenvolvida junto ao Mestrado em Artes Visuais da UFPEL, que aborda os processos criativos e a dimens\u00e3o po\u00e9tica do monstruoso em minha produ\u00e7\u00e3o. O percurso contempla as complexidades do fazer art\u00edstico: comparece a discuss\u00e3o em torno do conceito autoral monstruoso sens\u00edvel, as motiva\u00e7\u00f5es e peculiaridades experimentadas, a colabora\u00e7\u00e3o de artistas e autores referenciais pontuadas pelas percep\u00e7\u00f5es oriundas dos encontros, revisita\u00e7\u00f5es ao acervo pessoal, pr\u00e1ticas e reflex\u00f5es acerca do desenho e do imagin\u00e1rio. A abordagem segue metodologias pr\u00f3prias da pesquisa em arte, comportando a subjetividade do processo, sua natureza h\u00edbrida e aberta \u00e0 constru\u00e7\u00f5es autorais para apresenta\u00e7\u00e3o\/desenvolvimento da pesquisa. Nessa linha foram elaborados artefatos, modelos para invent\u00e1rios e dispositivos adequados \u00e0s proposi\u00e7\u00f5es e inquieta\u00e7\u00f5es que me animaram durante a jornada. O livro \u00e9 resultante do processo vivenciado e constitui mais um objeto da cole\u00e7\u00e3o monstruosa.<\/span><\/p>\n<p><span style=\"font-family: 'trebuchet ms', geneva, sans-serif;font-size: 10pt\"><strong>Palavras-chave:<\/strong> monstruoso sens\u00edvel; processo criativo; desenho; imagin\u00e1rio<\/span><\/p>\n<p><span style=\"font-family: 'trebuchet ms', geneva, sans-serif;font-size: 10pt\"><strong>Banca:<br \/>\n<\/strong><\/span><span style=\"font-family: 'trebuchet ms', geneva, sans-serif;font-size: 10pt\">Prof. Dr. Paulo Antonio de Menezes Pereira da Silveira (UFRGS)<u><br \/>\n<\/u>Profa. Dra. Ursula Rosa da Silva (PPGAV\/UFPel) <u><br \/>\n<\/u>Profa. Dra. Alice Jean Monsell (PPGAV\/UFPel)<\/span><\/p>\n<p><span style=\"font-family: 'trebuchet ms', geneva, sans-serif;font-size: 10pt\"><strong>Data:<\/strong> 26\/mar\u00e7o\/2015<\/span><\/p>\n<p>&nbsp;<\/p>\n<p>&nbsp;<\/p>\n<h3 style=\"text-align: center\"><span style=\"font-family: 'trebuchet ms', geneva, sans-serif;font-size: 12pt\">Acompanhamento Egresso:<\/span><\/h3>\n<hr \/>\n<div class=\"layout-cell-pad-5 text-align-right\"><\/div>\n<div><\/div>\n<div><\/div>\n<div><\/div>\n<div><\/div>\n<div class=\"layout-cell layout-cell-1 text-align-right\"><\/div>\n<p>&nbsp;<\/p>\n<p>&nbsp;<\/p>\n<p>&nbsp;<\/p>\n<p>&nbsp;<\/p>\n<p>&nbsp;<\/p>\n<p>&nbsp;<\/p>\n<p>&nbsp;<\/p>\n<div class=\"ms-editor-squiggler\" style=\"color: initial;font: initial;background: initial;background-blend-mode: initial;border: initial;border-radius: initial;border-collapse: initial;caption-side: initial;clear: initial;columns: initial;column-fill: initial;column-rule: initial;column-span: initial;cursor: initial;flex: initial;flex-flow: initial;float: initial;height: 0px;letter-spacing: initial;margin: initial;max-height: initial;max-width: initial;min-height: initial;min-width: initial;overflow: initial;padding: initial;text-align: initial;text-decoration: initial;text-indent: initial;text-transform: initial;vertical-align: initial;border-spacing: initial;width: initial\"><\/div>\n<div class=\"ms-editor-squiggler\" style=\"color: initial;font: initial;background: initial;background-blend-mode: initial;border: initial;border-radius: initial;border-collapse: initial;caption-side: initial;clear: initial;columns: initial;column-fill: initial;column-rule: initial;column-span: initial;cursor: initial;flex: initial;flex-flow: initial;float: initial;height: 0px;letter-spacing: initial;margin: initial;max-height: initial;max-width: initial;min-height: initial;min-width: initial;overflow: initial;padding: initial;text-align: initial;text-decoration: initial;text-indent: initial;text-transform: initial;vertical-align: initial;border-spacing: initial;width: initial\"><\/div>\n","protected":false},"excerpt":{"rendered":"<p>&nbsp; &nbsp; &nbsp; Cassius Andre Prietto Souza \/\u00a0Curr\u00edculum Lattes Linha de Pesquisa: Data de nascimento:\u00a0 Texto introdut\u00f3rio: Gradua\u00e7\u00e3o em Artes Visuais (UFPEL\/ 2001); Especializa\u00e7\u00e3o em Artes (UFPEL\/ 2012); Mestrado em Artes Visuais pela Universidade Federal de Pelotas com a disserta\u00e7\u00e3o Monstru\u00e1rio: O livro dos monstros sens\u00edveis (2015); atualmente, Doutorando em Educa\u00e7\u00e3o pela Universidade Federal de [&hellip;]<\/p>\n","protected":false},"author":1258,"featured_media":0,"parent":3418,"menu_order":0,"comment_status":"closed","ping_status":"closed","template":"","meta":{"footnotes":""},"class_list":["post-3436","page","type-page","status-publish","hentry"],"_links":{"self":[{"href":"https:\/\/wp.ufpel.edu.br\/ppgartes\/wp-json\/wp\/v2\/pages\/3436","targetHints":{"allow":["GET"]}}],"collection":[{"href":"https:\/\/wp.ufpel.edu.br\/ppgartes\/wp-json\/wp\/v2\/pages"}],"about":[{"href":"https:\/\/wp.ufpel.edu.br\/ppgartes\/wp-json\/wp\/v2\/types\/page"}],"author":[{"embeddable":true,"href":"https:\/\/wp.ufpel.edu.br\/ppgartes\/wp-json\/wp\/v2\/users\/1258"}],"replies":[{"embeddable":true,"href":"https:\/\/wp.ufpel.edu.br\/ppgartes\/wp-json\/wp\/v2\/comments?post=3436"}],"version-history":[{"count":0,"href":"https:\/\/wp.ufpel.edu.br\/ppgartes\/wp-json\/wp\/v2\/pages\/3436\/revisions"}],"up":[{"embeddable":true,"href":"https:\/\/wp.ufpel.edu.br\/ppgartes\/wp-json\/wp\/v2\/pages\/3418"}],"wp:attachment":[{"href":"https:\/\/wp.ufpel.edu.br\/ppgartes\/wp-json\/wp\/v2\/media?parent=3436"}],"curies":[{"name":"wp","href":"https:\/\/api.w.org\/{rel}","templated":true}]}}