{"id":3426,"date":"2019-08-28T17:17:31","date_gmt":"2019-08-28T20:17:31","guid":{"rendered":"https:\/\/wp.ufpel.edu.br\/mestradoartesvisuais\/?page_id=3426"},"modified":"2019-08-28T17:17:31","modified_gmt":"2019-08-28T20:17:31","slug":"andre-winter-noble","status":"publish","type":"page","link":"https:\/\/wp.ufpel.edu.br\/ppgartes\/acompanhamento-de-academicos\/ingressantes-2013\/andre-winter-noble\/","title":{"rendered":"Andr\u00e9 Winter Noble"},"content":{"rendered":"<p><a href=\"https:\/\/wp.ufpel.edu.br\/ppgartes\/files\/2021\/03\/turma2_Andre-Winter-Noble.png\"><img class=\"wp-image-5633 size-thumbnail alignleft\" src=\"https:\/\/wp.ufpel.edu.br\/ppgartes\/files\/2021\/03\/turma2_Andre-Winter-Noble-200x200.png\" alt=\"\" width=\"200\" height=\"200\" srcset=\"https:\/\/wp.ufpel.edu.br\/ppgartes\/files\/2021\/03\/turma2_Andre-Winter-Noble-200x200.png 200w, https:\/\/wp.ufpel.edu.br\/ppgartes\/files\/2021\/03\/turma2_Andre-Winter-Noble-400x400.png 400w, https:\/\/wp.ufpel.edu.br\/ppgartes\/files\/2021\/03\/turma2_Andre-Winter-Noble.png 500w\" sizes=\"(max-width: 200px) 100vw, 200px\" \/><\/a><\/p>\n<p>&nbsp;<\/p>\n<p>&nbsp;<\/p>\n<p>&nbsp;<\/p>\n<p><span style=\"font-family: georgia, palatino, serif;font-size: 12pt\"><span style=\"font-size: 18pt\"><strong><span style=\"font-family: 'trebuchet ms', geneva, sans-serif\">Andr\u00e9 Winter Noble <span style=\"font-size: 10pt;color: #999999\">\/\u00a0<\/span><\/span><\/strong><\/span><span style=\"font-family: 'trebuchet ms', geneva, sans-serif;font-size: 10pt\"><a href=\"http:\/\/lattes.cnpq.br\/9795045085259879\" target=\"_blank\" rel=\"noopener noreferrer\"><span style=\"color: #999999\">Curr\u00edculum Lattes<\/span><\/a><br \/>\n<strong>Linha de Pesquisa<\/strong>:<br \/>\n<\/span><\/span><span style=\"font-family: georgia, palatino, serif;font-size: 12pt\"><span style=\"font-family: 'trebuchet ms', geneva, sans-serif;font-size: 10pt\"><strong>Data de nascimento:\u00a0<\/strong><\/span><\/span><\/p>\n<p style=\"text-align: justify\"><span style=\"font-family: 'trebuchet ms', geneva, sans-serif;font-size: 10pt\"><strong>Texto introdut\u00f3rio:<\/strong> Com forma\u00e7\u00e3o t\u00e9cnica em Programa\u00e7\u00e3o Visual pelo Centro Federal de Educa\u00e7\u00e3o Tecnol\u00f3gica de Pelotas (antigo CEFET, atual IFSul), gradua\u00e7\u00e3o em Artes Visuais (Licenciatura) pelo Centro de Artes da Universidade Federal de Pelotas e mestrado em Artes Visuais (Processos de Cria\u00e7\u00e3o e Po\u00e9ticas do Cotidiano) na mesma Universidade. Andr\u00e9, atualmente, \u00e9 doutorando em Letras (Estudos de Literatura \/ Teoria, Cr\u00edtica e Comparatismo), bolsista CAPES e interessa-se pelos imbricamentos entre palavra e imagem na Literatura e Artes Pl\u00e1stico-Visuais e pela rela\u00e7\u00e3o da comunica\u00e7\u00e3o verbo-visual no\/com o espa\u00e7o urbano. Para sua constru\u00e7\u00e3o po\u00e9tica, Andr\u00e9 (Winn) traz, do Design Gr\u00e1fico, o interesse pela palavra nas suas m\u00faltiplas roupagens e, da Licenciatura, a aten\u00e7\u00e3o pela aquisi\u00e7\u00e3o da escritura (gesto, letra, desenho), entendida no seu amplo sentido. Sua po\u00e9tica gira, ainda, em torno de quest\u00f5es pr\u00f3ximas \u00e0 gestualidade (gesto) e \u00e0 perda do movimento gestual caligr\u00e1fico e corporal (n\u00e3o-gesto), fruto da constante abstra\u00e7\u00e3o e muta\u00e7\u00e3o do signo. Nesse sentido, lhe \u00e9 muito caro o tema da rela\u00e7\u00e3o entre homem e m\u00e1quina, a inter-rela\u00e7\u00e3o entre ambos, e uma esp\u00e9cie de humaniza\u00e7\u00e3o dos objetos e m\u00e1quinas como sua consequ\u00eancia, al\u00e9m da reifica\u00e7\u00e3o do pr\u00f3prio homem que, na busca pela humaniza\u00e7\u00e3o da m\u00e1quina, se objetifica, se maquiniza. Em sua tese, se debru\u00e7a sobre a produ\u00e7\u00e3o pl\u00e1stica e liter\u00e1ria do artista brasileiro Nuno Ramos. (Texto extra\u00eddo diretamente da plataforma Lattes)<\/span><\/p>\n<hr \/>\n<p><span style=\"font-family: 'trebuchet ms', geneva, sans-serif;font-size: 10pt\"><strong>T\u00edtulo da disserta\u00e7\u00e3o<br \/>\n<a href=\"https:\/\/wp.ufpel.edu.br\/mestradoartesvisuais\/files\/2017\/11\/Andr%C3%A9REVER-RELER.pdf\" target=\"_blank\" rel=\"noopener noreferrer\"><span style=\"font-size: 14pt\">Rever: Reler<\/span><\/a><\/strong><br \/>\n<\/span><span style=\"font-family: 'trebuchet ms', geneva, sans-serif;font-size: 10pt\"><strong>Orientador(a):<\/strong> <a href=\"https:\/\/wp.ufpel.edu.br\/mestradoartesvisuais\/renata-azevedo-requiao\/\">Profa. Dra. Renata Azevedo Requi\u00e3o (PPGAV\/UFPel)<\/a><br \/>\n<\/span><\/p>\n<p style=\"text-align: justify\"><span style=\"font-family: 'trebuchet ms', geneva, sans-serif;font-size: 10pt\"><strong>RESUMO<\/strong><br \/>\n<em>Rever : Reler<\/em> \u00e9 disserta\u00e7\u00e3o erigida em texto densamente po\u00e9tico, idealizada e produzida ao longo de 24 meses, tempo de imers\u00e3o em leituras, na escrita, na confec\u00e7\u00e3o de minha po\u00e9tica (na constru\u00e7\u00e3o do meu Lugar). Nesse per\u00edodo, desenvolvi tr\u00eas s\u00e9ries de trabalhos, s\u00e9ries que servem de base e pr\u00e1tica po\u00e9tica para a conquista de certo pensamento em po\u00e9ticas visuais. Numa escrita caracterizada pelo uso de sintaxe po\u00e9tica, como no texto inicial, \u201cIntrodu\u00e7\u00e3o \u00e0 <em>Infradic\u00e7\u00e3o<\/em>\u201d, e o uso de tipologias inusuais como a escrita epistolar, encontro estrat\u00e9gia para burlar a rigidez da linguagem acad\u00eamica. Valendo-me da escrita epistolar, \u201cendere\u00e7o\u201d missivas a pensadores\/ artistas\/ escritores nos quais antevejo afinidade com minha produ\u00e7\u00e3o po\u00e9tica no intuito de \u201cdiscutir\u201d quest\u00f5es como o retorno \u00e0 inf\u00e2ncia, a aquisi\u00e7\u00e3o (e perda) do gesto, o <em>n\u00e3o-gesto<\/em>, a linguagem verbovisual, a imposi\u00e7\u00e3o da l\u00edngua, a rela\u00e7\u00e3o entre letra e desenho, o fracasso (intr\u00ednseco \u00e0 produ\u00e7\u00e3o art\u00edstica) e o decalque. Neste texto, por meio da linguagem verbo-visual, apresento um relato referente a um deslocamento espa\u00e7o-temporal, numa tentativa de rever\/ reviver\/ resgatar a lembran\u00e7a de uma inf\u00e2ncia long\u00ednqua. O texto prop\u00f5e a possibilidade de recriar o passado, reinventar um lugar, lembrando-nos: <em>Rever \u00e9 Reler<\/em>.<\/span><\/p>\n<p><span style=\"font-family: 'trebuchet ms', geneva, sans-serif;font-size: 10pt\"><strong>Palavras-chave:<\/strong> constru\u00e7\u00e3o po\u00e9tica; letra e desenho; gesto e n\u00e3o-gesto; decalque; inf\u00e2ncia<\/span><\/p>\n<p><span style=\"font-family: 'trebuchet ms', geneva, sans-serif;font-size: 10pt\"><strong>Banca:<br \/>\n<\/strong><\/span><span style=\"font-family: 'trebuchet ms', geneva, sans-serif;font-size: 10pt\">Prof. Dr. Daniel Albernaz Acosta (UFPel)<\/span><br \/>\n<span style=\"font-family: 'trebuchet ms', geneva, sans-serif;font-size: 10pt\">Profa. Dra. Elida Starosta Tessler (UFRGS)<u><br \/>\n<\/u>Prof. Dr. Biagio D\u2019Angelo (UnB) <u><br \/>\n<\/u>Profa. Dra. Rita Lenira de Freitas Bittencourt (UFRGS)<\/span><\/p>\n<p><span style=\"font-family: 'trebuchet ms', geneva, sans-serif;font-size: 10pt\"><strong>Data:<\/strong> 17\/abril\/2015<\/span><\/p>\n<p>&nbsp;<\/p>\n<p>&nbsp;<\/p>\n<h3 style=\"text-align: center\"><span style=\"font-family: 'trebuchet ms', geneva, sans-serif;font-size: 12pt\">Acompanhamento Egresso:<\/span><\/h3>\n<hr \/>\n<div class=\"layout-cell-pad-5 text-align-right\"><\/div>\n<div><\/div>\n<div><\/div>\n<div><\/div>\n<div><\/div>\n<div class=\"layout-cell layout-cell-1 text-align-right\"><\/div>\n<p>&nbsp;<\/p>\n<p>&nbsp;<\/p>\n<p>&nbsp;<\/p>\n<p>&nbsp;<\/p>\n<p>&nbsp;<\/p>\n<p>&nbsp;<\/p>\n<p>&nbsp;<\/p>\n<div class=\"ms-editor-squiggler\" style=\"color: initial;font: initial;background: initial;background-blend-mode: initial;border: initial;border-radius: initial;border-collapse: initial;caption-side: initial;clear: initial;columns: initial;column-fill: initial;column-rule: initial;column-span: initial;cursor: initial;flex: initial;flex-flow: initial;float: initial;height: 0px;letter-spacing: initial;margin: initial;max-height: initial;max-width: initial;min-height: initial;min-width: initial;overflow: initial;padding: initial;text-align: initial;text-decoration: initial;text-indent: initial;text-transform: initial;vertical-align: initial;border-spacing: initial;width: initial\"><\/div>\n<div class=\"ms-editor-squiggler\" style=\"color: initial;font: initial;background: initial;background-blend-mode: initial;border: initial;border-radius: initial;border-collapse: initial;caption-side: initial;clear: initial;columns: initial;column-fill: initial;column-rule: initial;column-span: initial;cursor: initial;flex: initial;flex-flow: initial;float: initial;height: 0px;letter-spacing: initial;margin: initial;max-height: initial;max-width: initial;min-height: initial;min-width: initial;overflow: initial;padding: initial;text-align: initial;text-decoration: initial;text-indent: initial;text-transform: initial;vertical-align: initial;border-spacing: initial;width: initial\"><\/div>\n<div class=\"ms-editor-squiggler\" style=\"color: initial;font: initial;background: initial;background-blend-mode: initial;border: initial;border-radius: initial;border-collapse: initial;caption-side: initial;clear: initial;columns: initial;column-fill: initial;column-rule: initial;column-span: initial;cursor: initial;flex: initial;flex-flow: initial;float: initial;height: 0px;letter-spacing: initial;margin: initial;max-height: initial;max-width: initial;min-height: initial;min-width: initial;overflow: initial;padding: initial;text-align: initial;text-decoration: initial;text-indent: initial;text-transform: initial;vertical-align: initial;border-spacing: initial;width: initial\"><\/div>\n","protected":false},"excerpt":{"rendered":"<p>&nbsp; &nbsp; &nbsp; Andr\u00e9 Winter Noble \/\u00a0Curr\u00edculum Lattes Linha de Pesquisa: Data de nascimento:\u00a0 Texto introdut\u00f3rio: Com forma\u00e7\u00e3o t\u00e9cnica em Programa\u00e7\u00e3o Visual pelo Centro Federal de Educa\u00e7\u00e3o Tecnol\u00f3gica de Pelotas (antigo CEFET, atual IFSul), gradua\u00e7\u00e3o em Artes Visuais (Licenciatura) pelo Centro de Artes da Universidade Federal de Pelotas e mestrado em Artes Visuais (Processos de [&hellip;]<\/p>\n","protected":false},"author":1258,"featured_media":0,"parent":3418,"menu_order":0,"comment_status":"closed","ping_status":"closed","template":"","meta":{"footnotes":""},"class_list":["post-3426","page","type-page","status-publish","hentry"],"_links":{"self":[{"href":"https:\/\/wp.ufpel.edu.br\/ppgartes\/wp-json\/wp\/v2\/pages\/3426","targetHints":{"allow":["GET"]}}],"collection":[{"href":"https:\/\/wp.ufpel.edu.br\/ppgartes\/wp-json\/wp\/v2\/pages"}],"about":[{"href":"https:\/\/wp.ufpel.edu.br\/ppgartes\/wp-json\/wp\/v2\/types\/page"}],"author":[{"embeddable":true,"href":"https:\/\/wp.ufpel.edu.br\/ppgartes\/wp-json\/wp\/v2\/users\/1258"}],"replies":[{"embeddable":true,"href":"https:\/\/wp.ufpel.edu.br\/ppgartes\/wp-json\/wp\/v2\/comments?post=3426"}],"version-history":[{"count":0,"href":"https:\/\/wp.ufpel.edu.br\/ppgartes\/wp-json\/wp\/v2\/pages\/3426\/revisions"}],"up":[{"embeddable":true,"href":"https:\/\/wp.ufpel.edu.br\/ppgartes\/wp-json\/wp\/v2\/pages\/3418"}],"wp:attachment":[{"href":"https:\/\/wp.ufpel.edu.br\/ppgartes\/wp-json\/wp\/v2\/media?parent=3426"}],"curies":[{"name":"wp","href":"https:\/\/api.w.org\/{rel}","templated":true}]}}