{"id":3399,"date":"2019-08-28T16:43:38","date_gmt":"2019-08-28T19:43:38","guid":{"rendered":"https:\/\/wp.ufpel.edu.br\/mestradoartesvisuais\/?page_id=3399"},"modified":"2019-08-28T16:43:38","modified_gmt":"2019-08-28T19:43:38","slug":"roger-fraga-coutinho","status":"publish","type":"page","link":"https:\/\/wp.ufpel.edu.br\/ppgartes\/acompanhamento-de-academicos\/ingressantes-2012\/roger-fraga-coutinho\/","title":{"rendered":"Roger Fraga Coutinho"},"content":{"rendered":"<p><a href=\"https:\/\/wp.ufpel.edu.br\/ppgartes\/files\/2021\/03\/turma1_Roger-Fraga-Coutinho.png\"><img class=\"wp-image-5677 size-thumbnail alignleft\" src=\"https:\/\/wp.ufpel.edu.br\/ppgartes\/files\/2021\/03\/turma1_Roger-Fraga-Coutinho-200x200.png\" alt=\"\" width=\"200\" height=\"200\" srcset=\"https:\/\/wp.ufpel.edu.br\/ppgartes\/files\/2021\/03\/turma1_Roger-Fraga-Coutinho-200x200.png 200w, https:\/\/wp.ufpel.edu.br\/ppgartes\/files\/2021\/03\/turma1_Roger-Fraga-Coutinho-400x400.png 400w, https:\/\/wp.ufpel.edu.br\/ppgartes\/files\/2021\/03\/turma1_Roger-Fraga-Coutinho.png 500w\" sizes=\"(max-width: 200px) 100vw, 200px\" \/><\/a><\/p>\n<p>&nbsp;<\/p>\n<p>&nbsp;<\/p>\n<p>&nbsp;<\/p>\n<p><span style=\"font-family: georgia, palatino, serif;font-size: 12pt\"><span style=\"font-size: 18pt\"><strong><span style=\"font-family: 'trebuchet ms', geneva, sans-serif\">Roger Fraga Coutinho <span style=\"font-size: 10pt;color: #999999\">\/\u00a0<\/span><\/span><\/strong><\/span><span style=\"font-family: 'trebuchet ms', geneva, sans-serif;font-size: 10pt\"><a href=\"http:\/\/lattes.cnpq.br\/3315971415795495\" target=\"_blank\" rel=\"noopener noreferrer\"><span style=\"color: #999999\">Curr\u00edculum Lattes<\/span><\/a><br \/>\n<strong>Linha de Pesquisa<\/strong>:<br \/>\n<\/span><\/span><span style=\"font-family: georgia, palatino, serif;font-size: 12pt\"><span style=\"font-family: 'trebuchet ms', geneva, sans-serif;font-size: 10pt\"><strong>Data de nascimento:<\/strong> 21\/03<\/span><\/span><\/p>\n<p style=\"text-align: justify\"><span style=\"font-family: 'trebuchet ms', geneva, sans-serif;font-size: 10pt\"><strong>Texto introdut\u00f3rio:<\/strong> Possui gradua\u00e7\u00e3o em ARTES VISUAIS pela Universidade Federal de Pelotas (2006). Atualmente \u00e9 bacharel em artes da PREFEITURA MUNICIPAL DE CANGU\u00c7U CAPS AD. Tem experi\u00eancia na \u00e1rea de Artes, com \u00eanfase em Artes Pl\u00e1sticas, atuando principalmente nos seguintes temas: arte contempor\u00e2nea, pintura, desenho, exposi\u00e7\u00e3o coletiva e fotogr\u00e1fia. (Texto extra\u00eddo diretamente da plataforma Lattes)<\/span><\/p>\n<hr \/>\n<p><span style=\"font-family: 'trebuchet ms', geneva, sans-serif;font-size: 10pt\"><strong>T\u00edtulo da disserta\u00e7\u00e3o<br \/>\n<a href=\"http:\/\/pergamum.ufpel.edu.br:8080\/pergamumweb\/vinculos\/00007e\/00007e4f.pdf\" target=\"_blank\" rel=\"noopener noreferrer\"><span style=\"font-size: 14pt\">Acontecimentos pict\u00f3ricos: narrativas de um processo por sobreposi\u00e7\u00e3o de camadas<\/span><\/a><\/strong><br \/>\n<\/span><span style=\"font-family: 'trebuchet ms', geneva, sans-serif;font-size: 10pt\"><strong>Orientador(a):<\/strong> Profa. Dra. Adriane Hernandez (PPGAV\/UFPel)<br \/>\n<\/span><\/p>\n<p style=\"text-align: justify\"><span style=\"font-family: 'trebuchet ms', geneva, sans-serif;font-size: 10pt\"><strong>RESUMO<\/strong><br \/>\nNa presente pesquisa, que se desdobrou a partir de minha produ\u00e7\u00e3o pict\u00f3rica, reflito sobre quest\u00f5es advindas de meu processo de cria\u00e7\u00e3o, este que acontece por sobreposi\u00e7\u00f5es de camadas de tinta, pelas quais a cor atinge, lentamente, diferentes n\u00edveis de intensidade. Utilizo a narrativa como g\u00eanero textual, buscando uma maior aproxima\u00e7\u00e3o com o processo para evidenciar o olhar imersivo situado entre a\u00e7\u00f5es e gestos. As pinturas n\u00e3o obedecem a projetos definidos a priori, suas configura\u00e7\u00f5es surgem pelo di\u00e1logo entre a intencionalidade e os acontecimentos pict\u00f3ricos, portanto uma dial\u00e9tica entre acaso e inten\u00e7\u00e3o. As rela\u00e7\u00f5es crom\u00e1ticas e espaciais s\u00e3o transformadas constantemente at\u00e9 que sejam suspensas as a\u00e7\u00f5es elaborais. Este fazer solicita um exerc\u00edcio da aten\u00e7\u00e3o capaz de potencializar percep\u00e7\u00f5es sempre renovadas acerca dos acontecimentos pict\u00f3ricos. Como refer\u00eancias art\u00edsticas investigo alguns aspectos das produ\u00e7\u00f5es pict\u00f3ricas de Henri Matisse, Mark Rothko, Barnett Newman, G\u00fcnther F\u00f6rg e, da artista brasileira, Gabriela Machado. Al\u00e9m de pensamentos sobre arte e processo de cria\u00e7\u00e3o de Paulo Pasta e H\u00e9lio Oiticica. Os te\u00f3ricos mais abordados s\u00e3o Maurice Merleau-Ponty e Simone Weil.<\/span><\/p>\n<p><span style=\"font-family: 'trebuchet ms', geneva, sans-serif;font-size: 10pt\"><strong>Palavras-chave:<\/strong> artes; artes visuais; pintura; cria\u00e7\u00e3o (liter\u00e1ria, art\u00edstica, etc.); po\u00e9ticas contempor\u00e2neas; acontecimentos pict\u00f3ricos; imers\u00e3o; exerc\u00edcio da aten\u00e7\u00e3o; sobreposi\u00e7\u00e3o de camadas; processo<\/span><\/p>\n<p><span style=\"font-family: 'trebuchet ms', geneva, sans-serif;font-size: 10pt\"><strong>Banca:<br \/>\n<\/strong><\/span><span style=\"font-family: 'trebuchet ms', geneva, sans-serif;font-size: 10pt\">Prof. Dr. Eduardo Vieira da Cunha (UFRGS)<br \/>\nProf. Dr. Jo\u00e3o Carlos Machado (UFPel)<br \/>\nProf. Dra. Renata Azevedo Requi\u00e3o (UFSC)<\/span><\/p>\n<p><span style=\"font-family: 'trebuchet ms', geneva, sans-serif;font-size: 10pt\"><strong>Data:<\/strong> 23\/maio\/2014<\/span><\/p>\n<p>&nbsp;<\/p>\n<p>&nbsp;<\/p>\n<h3 style=\"text-align: center\"><span style=\"font-family: 'trebuchet ms', geneva, sans-serif;font-size: 12pt\">Acompanhamento Egresso:<\/span><\/h3>\n<hr \/>\n<div class=\"layout-cell-pad-5 text-align-right\">\n<p><span style=\"font-size: 10pt;font-family: 'trebuchet ms', geneva, sans-serif\"><strong>Conclus\u00e3o do PPGAV:\u00a0<\/strong>2014<\/span><\/p>\n<ul>\n<li><span style=\"font-size: 10pt;font-family: 'trebuchet ms', geneva, sans-serif\"><strong>2009 \u2013 atual: <\/strong>Atividade profissional. Servidor P\u00fablico \u2013 Prefeitura Municipal de Cangu\u00e7u. <strong>Bacharel em artes da CAPS\/AD<\/strong>.<\/span><\/li>\n<li><span style=\"font-size: 10pt;font-family: 'trebuchet ms', geneva, sans-serif\"><strong>2015:\u00a0<\/strong>2\u00ba Edi\u00e7\u00e3o Paralelo51.\u00a0<strong>Exposi\u00e7\u00e3o de pinturas.\u00a0<\/strong>Dispon\u00edvel em: &lt;<a href=\"https:\/\/www.facebook.com\/photo.php?fbid=883320545092549&amp;set=a.121030087988269&amp;type=3&amp;theater\" target=\"_blank\" rel=\"noopener noreferrer\">https:\/\/www.facebook.com\/photo.php?fbid=883320545092549&amp;set=a.121030087988269&amp;type=3&amp;theater<\/a>&gt;.<\/span><\/li>\n<li><span style=\"font-size: 10pt;font-family: 'trebuchet ms', geneva, sans-serif\"><strong>2017:<\/strong> Espa\u00e7o Cultural Shopping Pelotas. <strong>Exposi\u00e7\u00e3o &#8220;Cores l\u00edquidas&#8221;<\/strong>. Dispon\u00edvel em: &lt;<a href=\"https:\/\/www.facebook.com\/photo.php?fbid=10202789308011292&amp;set=a.4803945074032&amp;type=3&amp;theater\" target=\"_blank\" rel=\"noopener noreferrer\">https:\/\/www.facebook.com\/photo.php?fbid=10202789308011292&amp;set=a.4803945074032&amp;type=3&amp;theater<\/a>&gt;.<\/span><\/li>\n<li><span style=\"font-size: 10pt;font-family: 'trebuchet ms', geneva, sans-serif\"><strong>2017:\u00a0<\/strong>\u00c1gape Pelotas.\u00a0<strong>Exposi\u00e7\u00e3o coletiva &#8220;Percursos das \u00c1guas&#8221;<\/strong>. Dispon\u00edvel em: &lt;<a href=\"https:\/\/www.facebook.com\/photo.php?fbid=1468969399853317&amp;set=pcb.1468960213187569&amp;type=3&amp;theater\" target=\"_blank\" rel=\"noopener noreferrer\">https:\/\/www.facebook.com\/photo.php?fbid=1468969399853317&amp;set=pcb.1468960213187569&amp;type=3&amp;theater<\/a>&gt;.<\/span><\/li>\n<li><span style=\"font-size: 10pt;font-family: 'trebuchet ms', geneva, sans-serif\"><strong>2019: <\/strong>UFRGSIncubadora de Projetos Art\u00edsticos. \u00a0<strong>Exposi\u00e7\u00e3o &#8220;Pintura \u00c9 Press\u00e1gio&#8221;<\/strong><em>.\u00a0<\/em>Dispon\u00edvel em: &lt;<a href=\"https:\/\/www.rogerlerina.com.br\/post\/6734\/inauguracao-da-exposicao-pintura-e-pressagio-no-porao-do-paco-municipal?fbclid=IwAR0uyD2QM99XHylde99InpNp4og1Ec_sfzmu1F6jdYxi0N281PAHfljZvDA\" target=\"_blank\" rel=\"noopener noreferrer\">https:\/\/www.rogerlerina.com.br\/post\/6734\/inauguracao-da-exposicao-pintura-e-pressagio-no-porao-do-paco-municipal?fbclid=IwAR0uyD2QM99XHylde99InpNp4og1Ec_sfzmu1F6jdYxi0N281PAHfljZvDA<\/a>&gt;.<\/span><\/li>\n<\/ul>\n<\/div>\n<p>&nbsp;<\/p>\n<p>&nbsp;<\/p>\n<div class=\"ms-editor-squiggler\" style=\"color: initial;font: initial;background: initial;background-blend-mode: initial;border: initial;border-radius: initial;border-collapse: initial;caption-side: initial;clear: initial;columns: initial;column-fill: initial;column-rule: initial;column-span: initial;cursor: initial;flex: initial;flex-flow: initial;float: initial;height: 0px;letter-spacing: initial;margin: initial;max-height: initial;max-width: initial;min-height: initial;min-width: initial;overflow: initial;padding: initial;text-align: initial;text-decoration: initial;text-indent: initial;text-transform: initial;vertical-align: initial;border-spacing: initial;width: initial\"><\/div>\n<div class=\"ms-editor-squiggler\" style=\"color: initial;font: initial;background: initial;background-blend-mode: initial;border: initial;border-radius: initial;border-collapse: initial;caption-side: initial;clear: initial;columns: initial;column-fill: initial;column-rule: initial;column-span: initial;cursor: initial;flex: initial;flex-flow: initial;float: initial;height: 0px;letter-spacing: initial;margin: initial;max-height: initial;max-width: initial;min-height: initial;min-width: initial;overflow: initial;padding: initial;text-align: initial;text-decoration: initial;text-indent: initial;text-transform: initial;vertical-align: initial;border-spacing: initial;width: initial\"><\/div>\n","protected":false},"excerpt":{"rendered":"<p>&nbsp; &nbsp; &nbsp; Roger Fraga Coutinho \/\u00a0Curr\u00edculum Lattes Linha de Pesquisa: Data de nascimento: 21\/03 Texto introdut\u00f3rio: Possui gradua\u00e7\u00e3o em ARTES VISUAIS pela Universidade Federal de Pelotas (2006). Atualmente \u00e9 bacharel em artes da PREFEITURA MUNICIPAL DE CANGU\u00c7U CAPS AD. Tem experi\u00eancia na \u00e1rea de Artes, com \u00eanfase em Artes Pl\u00e1sticas, atuando principalmente nos seguintes [&hellip;]<\/p>\n","protected":false},"author":1258,"featured_media":0,"parent":3315,"menu_order":0,"comment_status":"closed","ping_status":"closed","template":"","meta":{"footnotes":""},"class_list":["post-3399","page","type-page","status-publish","hentry"],"_links":{"self":[{"href":"https:\/\/wp.ufpel.edu.br\/ppgartes\/wp-json\/wp\/v2\/pages\/3399","targetHints":{"allow":["GET"]}}],"collection":[{"href":"https:\/\/wp.ufpel.edu.br\/ppgartes\/wp-json\/wp\/v2\/pages"}],"about":[{"href":"https:\/\/wp.ufpel.edu.br\/ppgartes\/wp-json\/wp\/v2\/types\/page"}],"author":[{"embeddable":true,"href":"https:\/\/wp.ufpel.edu.br\/ppgartes\/wp-json\/wp\/v2\/users\/1258"}],"replies":[{"embeddable":true,"href":"https:\/\/wp.ufpel.edu.br\/ppgartes\/wp-json\/wp\/v2\/comments?post=3399"}],"version-history":[{"count":0,"href":"https:\/\/wp.ufpel.edu.br\/ppgartes\/wp-json\/wp\/v2\/pages\/3399\/revisions"}],"up":[{"embeddable":true,"href":"https:\/\/wp.ufpel.edu.br\/ppgartes\/wp-json\/wp\/v2\/pages\/3315"}],"wp:attachment":[{"href":"https:\/\/wp.ufpel.edu.br\/ppgartes\/wp-json\/wp\/v2\/media?parent=3399"}],"curies":[{"name":"wp","href":"https:\/\/api.w.org\/{rel}","templated":true}]}}