{"id":3395,"date":"2019-08-28T16:40:16","date_gmt":"2019-08-28T19:40:16","guid":{"rendered":"https:\/\/wp.ufpel.edu.br\/mestradoartesvisuais\/?page_id=3395"},"modified":"2019-08-28T16:40:16","modified_gmt":"2019-08-28T19:40:16","slug":"leticia-britto","status":"publish","type":"page","link":"https:\/\/wp.ufpel.edu.br\/ppgartes\/acompanhamento-de-academicos\/ingressantes-2012\/leticia-britto\/","title":{"rendered":"Let\u00edcia Britto"},"content":{"rendered":"<p><a href=\"https:\/\/wp.ufpel.edu.br\/ppgartes\/files\/2021\/03\/turma1_Leticia-Britto.png\"><img class=\"wp-image-5678 size-thumbnail alignleft\" src=\"https:\/\/wp.ufpel.edu.br\/ppgartes\/files\/2021\/03\/turma1_Leticia-Britto-200x200.png\" alt=\"\" width=\"200\" height=\"200\" srcset=\"https:\/\/wp.ufpel.edu.br\/ppgartes\/files\/2021\/03\/turma1_Leticia-Britto-200x200.png 200w, https:\/\/wp.ufpel.edu.br\/ppgartes\/files\/2021\/03\/turma1_Leticia-Britto-400x400.png 400w, https:\/\/wp.ufpel.edu.br\/ppgartes\/files\/2021\/03\/turma1_Leticia-Britto.png 500w\" sizes=\"(max-width: 200px) 100vw, 200px\" \/><\/a><\/p>\n<p>&nbsp;<\/p>\n<p>&nbsp;<\/p>\n<p>&nbsp;<\/p>\n<p><span style=\"font-family: georgia, palatino, serif;font-size: 12pt\"><span style=\"font-size: 18pt\"><strong><span style=\"font-family: 'trebuchet ms', geneva, sans-serif\">Let\u00edcia Britto <span style=\"font-size: 10pt;color: #999999\">\/\u00a0<\/span><\/span><\/strong><\/span><span style=\"font-family: 'trebuchet ms', geneva, sans-serif;font-size: 10pt\"><a href=\"http:\/\/lattes.cnpq.br\/9355672716922725\" target=\"_blank\" rel=\"noopener noreferrer\"><span style=\"color: #999999\">Curr\u00edculum Lattes<\/span><\/a><br \/>\n<strong>Linha de Pesquisa<\/strong>:<br \/>\n<\/span><\/span><span style=\"font-family: georgia, palatino, serif;font-size: 12pt\"><span style=\"font-family: 'trebuchet ms', geneva, sans-serif;font-size: 10pt\"><strong>Data de nascimento:<\/strong> 22\/10<\/span><\/span><\/p>\n<p style=\"text-align: justify\"><span style=\"font-family: 'trebuchet ms', geneva, sans-serif;font-size: 10pt\"><strong>Texto introdut\u00f3rio:<\/strong> Articuladora Pedag\u00f3gica dos cursos a dist\u00e2ncia do Centro Universit\u00e1rio Leonardo Da Vinci &#8211; UNIASSELVI Blumenau. Foi professora de Artes Visuais pela Prefeitura municipal de Joinville (SC) e pela prefeitura municipal de Pelotas (RS). Graduada em Artes Visuais Licenciatura pelo Instituto de Artes e Design (IAD) da Universidade Federal de Pelotas (UFPel). P\u00f3s-Graduada em Artes Visuais &#8211; Especializa\u00e7\u00e3o em Ensino e Percursos Po\u00e9ticos da UFPel. Mestre em Artes Visuais &#8211; Ensino da Arte e Educa\u00e7\u00e3o Est\u00e9tica. Centro de Artes\/UFPel. Tem experi\u00eancia na \u00e1rea de doc\u00eancia em Artes Visuais, assim como na pesquisa em Artes Visuais, com \u00eanfase em Forma\u00e7\u00e3o Continuada de Professores, Ensino de Artes Visuais na pr\u00e9-escola, Experi\u00eancia Est\u00e9tica e Educa\u00e7\u00e3o Est\u00e9tica. (Texto extra\u00eddo diretamente da plataforma Lattes)<\/span><\/p>\n<hr \/>\n<p><span style=\"font-family: 'trebuchet ms', geneva, sans-serif;font-size: 10pt\"><strong>T\u00edtulo da disserta\u00e7\u00e3o<br \/>\n<a href=\"http:\/\/pergamum.ufpel.edu.br:8080\/pergamumweb\/vinculos\/00007e\/00007e4d.pdf\" target=\"_blank\" rel=\"noopener noreferrer\"><span style=\"font-size: 14pt\">Oficinas de arte contempor\u00e2nea para crian\u00e7as de pr\u00e9-escola: a experi\u00eancia est\u00e9tica e o l\u00fadico na inf\u00e2ncia<\/span><\/a><\/strong><br \/>\n<\/span><span style=\"font-family: 'trebuchet ms', geneva, sans-serif;font-size: 10pt\"><strong>Orientador(a):<\/strong> <a href=\"https:\/\/wp.ufpel.edu.br\/mestradoartesvisuais\/renata-azevedo-requiao\/\">Profa. Dra. Renata Azevedo Requi\u00e3o (PPGAV\/UFPel)<\/a><br \/>\n<\/span><\/p>\n<p style=\"text-align: justify\"><span style=\"font-family: 'trebuchet ms', geneva, sans-serif;font-size: 10pt\"><strong>RESUMO<\/strong><br \/>\nA presente disserta\u00e7\u00e3o trata sobre o ensino de Arte Contempor\u00e2nea na pr\u00e9-escola, buscando descobrir alternativas para a forma\u00e7\u00e3o pr\u00e9-escolar, relacionado-a a experi\u00eancias est\u00e9ticas e l\u00fadicas, capazes de provocar a amplia\u00e7\u00e3o do interesse da crian\u00e7a pela arte. Tendo como objetivo geral observar de que forma atividades relacionadas \u00e0 Arte Contempor\u00e2nea s\u00e3o capazes de impactar as crian\u00e7as. E como objetivos espec\u00edficos observar quais atividades provocam as experi\u00eancias est\u00e9ticas; investigar de que maneiras a Arte Contempor\u00e2nea \u00e9 \u00fatil para a produ\u00e7\u00e3o de sentidos da crian\u00e7a, e de que modo tal aquisi\u00e7\u00e3o de experi\u00eancia pode participar no desenvolvimento da crian\u00e7a. Sendo assim esta pesquisa se divide em duas etapas a primeira sendo te\u00f3rica, onde s\u00e3o abordados os conceitos de l\u00fadico, Johan Huizinga (1990); Paulo de Tarso Cheida Sans (1994) e de experi\u00eancia, Walter Benjamin (1994; 2002); Jorge Larrosa (2006), relacionados ao ensino de Arte Contempor\u00e2nea, Katia Canton (2009); Anne Cauquelin (2005), assim como de forma breve, \u00e9 apresentada a import\u00e2ncia das Escolinhas de Arte do Brasil, para a mudan\u00e7a no cen\u00e1rio da arte educa\u00e7\u00e3o para crian\u00e7as, Herbert Read (1973; 1986); Augusto Rodrigues (1980). A segunda etapa desta pesquisa se deu de forma pr\u00e1tica. A fim de alcan\u00e7armos os objetivos citados, foram aplicadas oito (8) oficinas de Artes Visuais, durante os meses de mar\u00e7o e abril de 2013, em uma turma de pr\u00e9-escola, de uma escola p\u00fablica de Pelotas. As oficinas foram relacionadas \u00e0s v\u00e1rias express\u00f5es das Artes Visuais Contempor\u00e2neas, e tiveram como foco a produ\u00e7\u00e3o de artistas brasileiros ou que produziram no Brasil, s\u00e3o eles: Lygia Clark, Frans Krajcberg, Lia Menna Barreto, Regina Silveira, Lygia Pape, H\u00e9lio Oiticica e Arthur Bispo do Ros\u00e1rio. Para a produ\u00e7\u00e3o e desenvolvimento das oficinas, destaca-se a utiliza\u00e7\u00e3o de uma cole\u00e7\u00e3o de livros paradid\u00e1ticos de arte contempor\u00e2nea, voltados para as crian\u00e7as, trata-se da cole\u00e7\u00e3o \u201cArte \u00e0 Primeira Vista\u201d de Valqu\u00edria Prates e Renata Sant\u2019Anna (2009), que serviram como mediadores entre a obra dos artistas apresentados e as crian\u00e7as, sendo que o design e impress\u00e3o dos livros permitiram que as crian\u00e7as tivessem seus sentidos provocados, por meio do tato e da vis\u00e3o, sempre com texturas, imagens, cores e textos referentes aos materiais utilizados e \u00e0s po\u00e9ticas, presentes nas obras dos artistas.<\/span><\/p>\n<p><span style=\"font-family: 'trebuchet ms', geneva, sans-serif;font-size: 10pt\"><strong>Palavras-chave:<\/strong> artes; arte contempor\u00e2nea; experi\u00eancia est\u00e9tica; l\u00fadico; oficinas art\u00edsticas; inf\u00e2ncia<\/span><\/p>\n<p><span style=\"font-family: 'trebuchet ms', geneva, sans-serif;font-size: 10pt\"><strong>Banca:<br \/>\n<\/strong><\/span><span style=\"font-family: 'trebuchet ms', geneva, sans-serif;font-size: 10pt\">Profa. Dra. Eduarda Azevedo Gon\u00e7alves (PPGAV\/UFPel)<br \/>\nProfa. Dra. N\u00e1dia da Cruz Senna (PPGAV\/UFPel)<br \/>\nProfa. Dra. Sandra Regina Simonis Richter (UNISC)<\/span><\/p>\n<p><span style=\"font-family: 'trebuchet ms', geneva, sans-serif;font-size: 10pt\"><strong>Data:<\/strong> 09\/maio\/2014<\/span><\/p>\n<p>&nbsp;<\/p>\n<p>&nbsp;<\/p>\n<h3 style=\"text-align: center\"><span style=\"font-family: 'trebuchet ms', geneva, sans-serif;font-size: 12pt\">Acompanhamento Egresso:<\/span><\/h3>\n<hr \/>\n<div class=\"layout-cell-pad-5 text-align-right\">\n<p><span style=\"font-size: 10pt;font-family: 'trebuchet ms', geneva, sans-serif\"><strong>Conclus\u00e3o do PPGAV:\u00a0<\/strong>2014<\/span><\/p>\n<ul>\n<li><span style=\"font-size: 10pt;font-family: 'trebuchet ms', geneva, sans-serif\"><strong>2012 \u2013 2015: <\/strong>Atividade profissional. Servidor P\u00fablico \u2013 Prefeitura Municipal de Pelotas. <strong>Professor II &#8211; Artes 20h (Estatut\u00e1rio)<\/strong>.<\/span><\/li>\n<li><span style=\"font-size: 10pt;font-family: 'trebuchet ms', geneva, sans-serif\"><strong>2014: <\/strong>Atividade profissional. Servidor P\u00fablico \u2013 Secretaria de Educa\u00e7\u00e3o do Estado do rio Grande do Sul. <strong>Professor de Artes 20h<\/strong>.<\/span><\/li>\n<li><span style=\"font-size: 10pt;font-family: 'trebuchet ms', geneva, sans-serif\"><strong>2015:\u00a0<\/strong>Atividade profissional. Servidor P\u00fablico \u2013 Prefeitura Municipal de Joinville. <strong>Professora de artes para o ensino fundamental 20h<\/strong>.<\/span><\/li>\n<li><span style=\"font-size: 10pt;font-family: 'trebuchet ms', geneva, sans-serif\"><strong>2015 \u2013 atual: <\/strong>Atividade profissional. Centro Universit\u00e1rio Leonardo da Vinci. <strong>Articuladora Pedag\u00f3gica<\/strong>.<\/span><\/li>\n<li><span style=\"font-size: 10pt;font-family: 'trebuchet ms', geneva, sans-serif\"><strong>2015 \u2013 atual: <\/strong>Atividade profissional. Secretaria de Educa\u00e7\u00e3o do Estado de Santa Catarina. <strong>Professora de Artes Visuais no Centro de Educa\u00e7\u00e3o de Jovens e Adultos<\/strong>.<\/span><\/li>\n<li><span style=\"font-size: 10pt;font-family: 'trebuchet ms', geneva, sans-serif\"><strong>2018:<\/strong> Universidade do Estado de Santa Catarina. <strong>Aluna Especial Doutorado Artes Visuais.<\/strong><\/span><\/li>\n<\/ul>\n<p>&nbsp;<\/p>\n<ul>\n<li>\n<div class=\"inst_back\">\n<p><span style=\"font-size: 10pt;font-family: 'trebuchet ms', geneva, sans-serif\"><b>Participa\u00e7\u00e3o em eventos, congressos, exposi\u00e7\u00f5es e feiras:<\/b><\/span><\/p>\n<div class=\"layout-cell layout-cell-1 text-align-right\">\n<div class=\"layout-cell-pad-5 text-align-right\"><span style=\"font-size: 10pt;font-family: 'trebuchet ms', geneva, sans-serif\"><b>1. <\/b>Forma\u00e7\u00e3o Continuada Atores Pedag\u00f3gicos.Forma\u00e7\u00e3o Continuada Atores Pedag\u00f3gicos Uniasselvi. 2018. (Outra).<\/span><\/div>\n<\/div>\n<div class=\"layout-cell layout-cell-1 text-align-right\">\n<div class=\"layout-cell-pad-5 text-align-right\"><span style=\"font-size: 10pt;font-family: 'trebuchet ms', geneva, sans-serif\"><b>2. <\/b>Oficina de Escrita Criativa. 2018. (Oficina).<\/span><\/div>\n<\/div>\n<div class=\"layout-cell layout-cell-1 text-align-right\">\n<div class=\"layout-cell-pad-5 text-align-right\"><span style=\"font-size: 10pt;font-family: 'trebuchet ms', geneva, sans-serif\"><b>3. <\/b>Encontro Nacional de Articuladores da Uniasselvi. 2017. (Encontro).<\/span><\/div>\n<\/div>\n<div class=\"layout-cell layout-cell-1 text-align-right\">\n<div class=\"layout-cell-pad-5 text-align-right\"><span style=\"font-size: 10pt;font-family: 'trebuchet ms', geneva, sans-serif\"><b>4. <\/b>Semana Paulo Freire. 2017. (Outra).<\/span><\/div>\n<\/div>\n<\/div>\n<div><\/div>\n<\/li>\n<li>\n<div class=\"layout-cell layout-cell-1 text-align-right\">\n<div>\n<div class=\"inst_back\"><span style=\"font-size: 10pt;font-family: 'trebuchet ms', geneva, sans-serif\"><b>Organiza\u00e7\u00e3o de eventos, congressos, exposi\u00e7\u00f5es e feiras:<\/b><\/span><\/div>\n<div class=\"inst_back\"><span style=\"font-size: 10pt;font-family: 'trebuchet ms', geneva, sans-serif\"><b>1. <\/b><b><a class=\"tooltip\" title=\"Clique para visualizar o curr\u00edculo\" href=\"http:\/\/lattes.cnpq.br\/9355672716922725\" target=\"_blank\" rel=\"noopener noreferrer\">BRITTO, Let\u00edcia<\/a><\/b>. VII Jornada de Integra\u00e7\u00e3o Acad\u00eamica. 2018. (Outro).<\/span><\/div>\n<\/div>\n<\/div>\n<div class=\"layout-cell layout-cell-1 text-align-right\">\n<div class=\"layout-cell layout-cell-1 text-align-right\">\n<div class=\"layout-cell-pad-5 text-align-right\"><span style=\"font-size: 10pt;font-family: 'trebuchet ms', geneva, sans-serif\"><b>2. <\/b><b><a class=\"tooltip\" title=\"Clique para visualizar o curr\u00edculo\" href=\"http:\/\/lattes.cnpq.br\/9355672716922725\" target=\"_blank\" rel=\"noopener noreferrer\">BRITTO, Let\u00edcia<\/a><\/b>. VIII Jornada de Integra\u00e7\u00e3o Acad\u00eamica &#8211; JOIA &#8211; Conhecimento, Tecnologia e Inova\u00e7\u00e3o.. 2018. (Outro).<\/span><\/div>\n<\/div>\n<div class=\"layout-cell layout-cell-1 text-align-right\">\n<div class=\"layout-cell-pad-5 text-align-right\"><span style=\"font-size: 10pt;font-family: 'trebuchet ms', geneva, sans-serif\"><b>3. <\/b><b><a class=\"tooltip\" title=\"Clique para visualizar o curr\u00edculo\" href=\"http:\/\/lattes.cnpq.br\/9355672716922725\" target=\"_blank\" rel=\"noopener noreferrer\">BRITTO, Let\u00edcia<\/a><\/b>. VII Jornada de Integra\u00e7\u00e3o Acad\u00eamica &#8211; JOIA Cultura da Paz e da N\u00e3o Viol\u00eancia. 2017. (Outro).<\/span><\/div>\n<\/div>\n<div class=\"layout-cell layout-cell-1 text-align-right\">\n<div class=\"layout-cell-pad-5 text-align-right\"><span style=\"font-size: 10pt;font-family: 'trebuchet ms', geneva, sans-serif\"><b>4. <\/b><b><a class=\"tooltip\" title=\"Clique para visualizar o curr\u00edculo\" href=\"http:\/\/lattes.cnpq.br\/9355672716922725\" target=\"_blank\" rel=\"noopener noreferrer\">BRITTO, Let\u00edcia<\/a><\/b>. VI Jornada de Integra\u00e7\u00e3o Acad\u00eamica &#8211; JOIA Colmeia do Conhecimento. 2016. (Outro).<\/span><\/div>\n<\/div>\n<div class=\"layout-cell layout-cell-1 text-align-right\">\n<div class=\"layout-cell-pad-5 text-align-right\"><span style=\"font-size: 10pt;font-family: 'trebuchet ms', geneva, sans-serif\"><b>5. <\/b><b><a class=\"tooltip\" title=\"Clique para visualizar o curr\u00edculo\" href=\"http:\/\/lattes.cnpq.br\/9355672716922725\" target=\"_blank\" rel=\"noopener noreferrer\">BRITTO, Let\u00edcia<\/a><\/b>. Semana de Atividades Acad\u00eamicas &#8211; Setembro. 2016. (Outro).<\/span><\/div>\n<\/div>\n<div class=\"layout-cell layout-cell-1 text-align-right\">\n<div class=\"layout-cell-pad-5 text-align-right\"><span style=\"font-size: 10pt;font-family: 'trebuchet ms', geneva, sans-serif\"><b>6. <\/b><b><a class=\"tooltip\" title=\"Clique para visualizar o curr\u00edculo\" href=\"http:\/\/lattes.cnpq.br\/9355672716922725\" target=\"_blank\" rel=\"noopener noreferrer\">BRITTO, Let\u00edcia<\/a><\/b>. Semana de Atividades Acad\u00eamicas &#8211; Outubro. 2016. (Outro).<\/span><\/div>\n<\/div>\n<div class=\"layout-cell layout-cell-1 text-align-right\">\n<div class=\"layout-cell-pad-5 text-align-right\"><span style=\"font-size: 10pt;font-family: 'trebuchet ms', geneva, sans-serif\"><b>7. <\/b><b><a class=\"tooltip\" title=\"Clique para visualizar o curr\u00edculo\" href=\"http:\/\/lattes.cnpq.br\/9355672716922725\" target=\"_blank\" rel=\"noopener noreferrer\">BRITTO, Let\u00edcia<\/a><\/b>. Semana de Atividades Acad\u00eamicas &#8211; Agosto. 2016. (Outro).<\/span><\/div>\n<\/div>\n<div class=\"layout-cell layout-cell-1 text-align-right\">\n<div class=\"layout-cell-pad-5 text-align-right\"><span style=\"font-size: 10pt;font-family: 'trebuchet ms', geneva, sans-serif\"><b>8. <\/b><b><a class=\"tooltip\" title=\"Clique para visualizar o curr\u00edculo\" href=\"http:\/\/lattes.cnpq.br\/9355672716922725\" target=\"_blank\" rel=\"noopener noreferrer\">BRITTO, Let\u00edcia<\/a><\/b>. Semana de Atividades Acad\u00eamicas &#8211; Abril. 2016. (Outro).<\/span><\/div>\n<\/div>\n<div class=\"layout-cell layout-cell-1 text-align-right\">\n<div class=\"layout-cell-pad-5 text-align-right\"><span style=\"font-size: 10pt;font-family: 'trebuchet ms', geneva, sans-serif\"><b>9. <\/b><b><a class=\"tooltip\" title=\"Clique para visualizar o curr\u00edculo\" href=\"http:\/\/lattes.cnpq.br\/9355672716922725\" target=\"_blank\" rel=\"noopener noreferrer\">BRITTO, Let\u00edcia<\/a><\/b>. V Jornada de Integra\u00e7\u00e3o Acad\u00eamica &#8211; JOIA Mentes que Pensam, Conhecimentos que Transformam. 2015. (Outro).<\/span><\/div>\n<\/div>\n<\/div>\n<\/li>\n<\/ul>\n<\/div>\n<p>&nbsp;<\/p>\n<p>&nbsp;<\/p>\n<div class=\"ms-editor-squiggler\" style=\"color: initial;font: initial;background: initial;background-blend-mode: initial;border: initial;border-radius: initial;border-collapse: initial;caption-side: initial;clear: initial;columns: initial;column-fill: initial;column-rule: initial;column-span: initial;cursor: initial;flex: initial;flex-flow: initial;float: initial;height: 0px;letter-spacing: initial;margin: initial;max-height: initial;max-width: initial;min-height: initial;min-width: initial;overflow: initial;padding: initial;text-align: initial;text-decoration: initial;text-indent: initial;text-transform: initial;vertical-align: initial;border-spacing: initial;width: initial\"><\/div>\n<div class=\"ms-editor-squiggler\" style=\"color: initial;font: initial;background: initial;background-blend-mode: initial;border: initial;border-radius: initial;border-collapse: initial;caption-side: initial;clear: initial;columns: initial;column-fill: initial;column-rule: initial;column-span: initial;cursor: initial;flex: initial;flex-flow: initial;float: initial;height: 0px;letter-spacing: initial;margin: initial;max-height: initial;max-width: initial;min-height: initial;min-width: initial;overflow: initial;padding: initial;text-align: initial;text-decoration: initial;text-indent: initial;text-transform: initial;vertical-align: initial;border-spacing: initial;width: initial\"><\/div>\n<div class=\"ms-editor-squiggler\" style=\"color: initial;font: initial;background: initial;background-blend-mode: initial;border: initial;border-radius: initial;border-collapse: initial;caption-side: initial;clear: initial;columns: initial;column-fill: initial;column-rule: initial;column-span: initial;cursor: initial;flex: initial;flex-flow: initial;float: initial;height: 0px;letter-spacing: initial;margin: initial;max-height: initial;max-width: initial;min-height: initial;min-width: initial;overflow: initial;padding: initial;text-align: initial;text-decoration: initial;text-indent: initial;text-transform: initial;vertical-align: initial;border-spacing: initial;width: initial\"><\/div>\n","protected":false},"excerpt":{"rendered":"<p>&nbsp; &nbsp; &nbsp; Let\u00edcia Britto \/\u00a0Curr\u00edculum Lattes Linha de Pesquisa: Data de nascimento: 22\/10 Texto introdut\u00f3rio: Articuladora Pedag\u00f3gica dos cursos a dist\u00e2ncia do Centro Universit\u00e1rio Leonardo Da Vinci &#8211; UNIASSELVI Blumenau. Foi professora de Artes Visuais pela Prefeitura municipal de Joinville (SC) e pela prefeitura municipal de Pelotas (RS). Graduada em Artes Visuais Licenciatura pelo [&hellip;]<\/p>\n","protected":false},"author":1258,"featured_media":0,"parent":3315,"menu_order":0,"comment_status":"closed","ping_status":"closed","template":"","meta":{"footnotes":""},"class_list":["post-3395","page","type-page","status-publish","hentry"],"_links":{"self":[{"href":"https:\/\/wp.ufpel.edu.br\/ppgartes\/wp-json\/wp\/v2\/pages\/3395","targetHints":{"allow":["GET"]}}],"collection":[{"href":"https:\/\/wp.ufpel.edu.br\/ppgartes\/wp-json\/wp\/v2\/pages"}],"about":[{"href":"https:\/\/wp.ufpel.edu.br\/ppgartes\/wp-json\/wp\/v2\/types\/page"}],"author":[{"embeddable":true,"href":"https:\/\/wp.ufpel.edu.br\/ppgartes\/wp-json\/wp\/v2\/users\/1258"}],"replies":[{"embeddable":true,"href":"https:\/\/wp.ufpel.edu.br\/ppgartes\/wp-json\/wp\/v2\/comments?post=3395"}],"version-history":[{"count":0,"href":"https:\/\/wp.ufpel.edu.br\/ppgartes\/wp-json\/wp\/v2\/pages\/3395\/revisions"}],"up":[{"embeddable":true,"href":"https:\/\/wp.ufpel.edu.br\/ppgartes\/wp-json\/wp\/v2\/pages\/3315"}],"wp:attachment":[{"href":"https:\/\/wp.ufpel.edu.br\/ppgartes\/wp-json\/wp\/v2\/media?parent=3395"}],"curies":[{"name":"wp","href":"https:\/\/api.w.org\/{rel}","templated":true}]}}