{"id":3391,"date":"2019-08-28T16:36:52","date_gmt":"2019-08-28T19:36:52","guid":{"rendered":"https:\/\/wp.ufpel.edu.br\/mestradoartesvisuais\/?page_id=3391"},"modified":"2019-08-28T16:36:52","modified_gmt":"2019-08-28T19:36:52","slug":"jose-carlos-brod-nogueira","status":"publish","type":"page","link":"https:\/\/wp.ufpel.edu.br\/ppgartes\/acompanhamento-de-academicos\/ingressantes-2012\/jose-carlos-brod-nogueira\/","title":{"rendered":"Jos\u00e9 Carlos Brod Nogueira"},"content":{"rendered":"<p><a href=\"https:\/\/wp.ufpel.edu.br\/ppgartes\/files\/2021\/03\/turma1_Jose-Carlos-Brod-Nogueira.png\"><img class=\"wp-image-5679 size-thumbnail alignleft\" src=\"https:\/\/wp.ufpel.edu.br\/ppgartes\/files\/2021\/03\/turma1_Jose-Carlos-Brod-Nogueira-200x200.png\" alt=\"\" width=\"200\" height=\"200\" srcset=\"https:\/\/wp.ufpel.edu.br\/ppgartes\/files\/2021\/03\/turma1_Jose-Carlos-Brod-Nogueira-200x200.png 200w, https:\/\/wp.ufpel.edu.br\/ppgartes\/files\/2021\/03\/turma1_Jose-Carlos-Brod-Nogueira-400x400.png 400w, https:\/\/wp.ufpel.edu.br\/ppgartes\/files\/2021\/03\/turma1_Jose-Carlos-Brod-Nogueira.png 500w\" sizes=\"(max-width: 200px) 100vw, 200px\" \/><\/a><\/p>\n<p>&nbsp;<\/p>\n<p>&nbsp;<\/p>\n<p>&nbsp;<\/p>\n<p><span style=\"font-family: georgia, palatino, serif;font-size: 12pt\"><span style=\"font-size: 18pt\"><strong><span style=\"font-family: 'trebuchet ms', geneva, sans-serif\">Jos\u00e9 Carlos Brod Nogueira <span style=\"font-size: 10pt;color: #999999\">\/\u00a0<\/span><\/span><\/strong><\/span><span style=\"font-family: 'trebuchet ms', geneva, sans-serif;font-size: 10pt\"><a href=\"http:\/\/lattes.cnpq.br\/6727548438612843\" target=\"_blank\" rel=\"noopener noreferrer\"><span style=\"color: #999999\">Curr\u00edculum Lattes<\/span><\/a><br \/>\n<strong>Linha de Pesquisa<\/strong>:<br \/>\n<\/span><\/span><span style=\"font-family: georgia, palatino, serif;font-size: 12pt\"><span style=\"font-family: 'trebuchet ms', geneva, sans-serif;font-size: 10pt\"><strong>Data de nascimento:<\/strong> 06\/12<\/span><\/span><\/p>\n<p style=\"text-align: justify\"><span style=\"font-family: 'trebuchet ms', geneva, sans-serif;font-size: 10pt\"><strong>Texto introdut\u00f3rio:<\/strong> Possui gradua\u00e7\u00e3o em Bacharelado em Artes Visuais pela Universidade Federal de Pelotas (1986), gradua\u00e7\u00e3o em Arquitetura e Urbanismo pela Universidade Federal de Pelotas (1984) e mestrado em Artes Visuais pela Universidade Federal de Pelotas (2014). Atualmente \u00e9 professor adjunto i da Universidade Federal de Pelotas. Tem experi\u00eancia na \u00e1rea de Artes, com \u00eanfase em Desenho, atuando principalmente nos seguintes temas: arte digital, imagina\u00e7\u00e3o, percep\u00e7\u00e3o, processos de cria\u00e7\u00e3o, educa\u00e7\u00e3o patrimonial, arte-educa\u00e7\u00e3o e fundamentos do desenho. (Texto extra\u00eddo diretamente da plataforma Lattes)<\/span><\/p>\n<hr \/>\n<p><span style=\"font-family: 'trebuchet ms', geneva, sans-serif;font-size: 10pt\"><strong>T\u00edtulo da disserta\u00e7\u00e3o<br \/>\n<a href=\"http:\/\/guaiaca.ufpel.edu.br\/handle\/prefix\/6515\" target=\"_blank\" rel=\"noopener noreferrer\"><span style=\"font-size: 14pt\">Do f\u00edsico ao digital: mudan\u00e7as no pensar e fazer a obra<\/span><\/a><\/strong><br \/>\n<\/span><span style=\"font-family: 'trebuchet ms', geneva, sans-serif;font-size: 10pt\"><strong>Orientador(a):<\/strong> <a href=\"https:\/\/wp.ufpel.edu.br\/mestradoartesvisuais\/nadia-da-cruz-senna\/\">Profa. Dra. N\u00e1dia da Cruz Senna (PPGAV\/UFPel)<\/a><br \/>\n<\/span><\/p>\n<p style=\"text-align: justify\"><span style=\"font-family: 'trebuchet ms', geneva, sans-serif;font-size: 10pt\"><strong>RESUMO<\/strong><br \/>\nO projeto de pesquisa \u201cDo F\u00edsico ao Digital: mudan\u00e7as no pensar e fazer a obra\u201d desenvolvido junto ao Mestrado em Artes, na UFPel, enfoca os processos criativos compreendidos na produ\u00e7\u00e3o de uma s\u00e9rie de imagens geradas a partir de uma matriz\/radiografia digitalizada e manipulada em programa gr\u00e1fico. Interessa ao projeto identificar caracter\u00edsticas, conex\u00f5es e rupturas referentes aos processos de concep\u00e7\u00e3o e produ\u00e7\u00e3o dessas obras em rela\u00e7\u00e3o \u00e0 produ\u00e7\u00e3o anterior, considerando a passagem do f\u00edsico para o digital. Sabendo-se que com o uso do computador a gera\u00e7\u00e3o de imagens em s\u00e9ries pode ser amplificada em rela\u00e7\u00e3o a tempo de execu\u00e7\u00e3o e possibilidades de varia\u00e7\u00f5es; considerando ainda, a possibilidade de salvar cada imagem gerada e preserv\u00e1-la tamb\u00e9m como matriz; algumas quest\u00f5es se imp\u00f5em: Ao prescindir da necessidade de imaginar o resultado de cada a\u00e7\u00e3o, o processo criativo se modifica? Se a percep\u00e7\u00e3o \u00e9 privilegiada no processo criativo, este se torna mais enfocado na sensibilidade? Para dar conta destas e outras quest\u00f5es, desenhou-se uma metodologia de natureza qualitativa, compreendendo o mapeamento da produ\u00e7\u00e3o, pesquisa de referenciais te\u00f3rico\/art\u00edsticos, produ\u00e7\u00e3o po\u00e9tica e reflexiva, registro e documenta\u00e7\u00e3o do processo. Os resultados observados apontam para as diferen\u00e7as na maneira de pensar o trabalho. Como \u00e9 poss\u00edvel visualizar o pr\u00f3ximo passo, a percep\u00e7\u00e3o \u00e9 privilegiada em rela\u00e7\u00e3o \u00e0 imagina\u00e7\u00e3o, a capacidade para \u201cachar\u201d as melhores solu\u00e7\u00f5es \u00e9 enfatizada em fun\u00e7\u00e3o do acesso a elas, a possibilidade do \u201cerro\u201d \u00e9 minimizada e h\u00e1 um investimento em dire\u00e7\u00e3o a complexidade visual.<\/span><\/p>\n<p><span style=\"font-family: 'trebuchet ms', geneva, sans-serif;font-size: 10pt\"><strong>Palavras-chave:<\/strong> arte digital; processo criativo; imagina\u00e7\u00e3o; percep\u00e7\u00e3o; varia\u00e7\u00e3o<\/span><\/p>\n<p><span style=\"font-family: 'trebuchet ms', geneva, sans-serif;font-size: 10pt\"><strong>Banca:<br \/>\n<\/strong><\/span><span style=\"font-family: 'trebuchet ms', geneva, sans-serif;font-size: 10pt\">Profa. Dra. Angela Raffin Pohlmann (PPGAV\/UFPel)<br \/>\nProfa. Dra. Denise Marcos Bussoletti (UFPel)<br \/>\nProf. Dr. Alexandre Verg\u00ednio Assun\u00e7\u00e3o (IFSUL)<\/span><\/p>\n<p><span style=\"font-family: 'trebuchet ms', geneva, sans-serif;font-size: 10pt\"><strong>Data:<\/strong> 25\/mar\u00e7o\/2014<\/span><\/p>\n<p>&nbsp;<\/p>\n<p>&nbsp;<\/p>\n<h3 style=\"text-align: center\"><span style=\"font-family: 'trebuchet ms', geneva, sans-serif;font-size: 12pt\">Acompanhamento Egresso:<\/span><\/h3>\n<hr \/>\n<div class=\"layout-cell-pad-5 text-align-right\">\n<p><span style=\"font-family: 'trebuchet ms', geneva, sans-serif;font-size: 10pt\"><strong>Conclus\u00e3o do PPGAV:\u00a0<\/strong>2014<\/span><\/p>\n<ul>\n<li><span style=\"font-family: 'trebuchet ms', geneva, sans-serif;font-size: 10pt\"><strong>1989 \u2013 atual: <\/strong>Atividade profissional. Servidor P\u00fablico \u2013 Universidade Federal de Pelotas. <strong>Professor Adjunto<\/strong>.<\/span><\/li>\n<li><span style=\"font-family: 'trebuchet ms', geneva, sans-serif;font-size: 10pt\"><strong>2017 \u2013 atual:\u00a0<\/strong>Atua\u00e7\u00e3o em Projeto de Extens\u00e3o. <strong>Desenho de figura Humana: interven\u00e7\u00f5es, mostra e a\u00e7\u00f5es<\/strong>.<\/span><\/li>\n<\/ul>\n<p>&nbsp;<\/p>\n<ul>\n<li>\n<div class=\"inst_back\"><span style=\"font-family: 'trebuchet ms', geneva, sans-serif;font-size: 10pt\"><b>Produ\u00e7\u00e3o bibliogr\u00e1fica:<\/b><\/span><\/div>\n<ul>\n<li>\n<div class=\"inst_back\"><span style=\"font-family: 'trebuchet ms', geneva, sans-serif;font-size: 10pt\"><b><\/b><b>Cap\u00edtulos de livros publicados:<\/b><\/span><\/div>\n<p><span style=\"font-family: 'trebuchet ms', geneva, sans-serif;font-size: 10pt\"><b><\/b><b>1. <\/b>NUNES, J. F. I. ;\u00a0<b><a class=\"tooltip\" href=\"http:\/\/lattes.cnpq.br\/6727548438612843\" target=\"_blank\" rel=\"noopener noreferrer\">NOGUEIRA, J. C. B.<\/a><\/b> . O SENTIDO DA FORMA DO LIVRO. In: MICHELON, F.;MARTINS., N.; NUNES, F. (Orgs.).. (Org.). OS DOCES SENTIDOS; Poesia, estudos, imagens, receitas. 1ed.Pelotas: Ed. dos Autores, 2016, v. 1, p. 47-51.<\/span><\/li>\n<\/ul>\n<\/li>\n<\/ul>\n<ul>\n<li style=\"list-style-type: none\">\n<ul>\n<li>\n<div class=\"inst_back\">\n<div class=\"layout-cell layout-cell-1 text-align-right\">\n<div><span style=\"font-family: 'trebuchet ms', geneva, sans-serif;font-size: 10pt\"><b>Trabalhos completos publicados em anais de congressos<\/b><\/span><\/div>\n<div><span style=\"font-family: 'trebuchet ms', geneva, sans-serif;font-size: 10pt\"><b>1. <\/b>\u00a0<b><a class=\"tooltip\" title=\"Clique para visualizar o curr\u00edculo\" href=\"http:\/\/lattes.cnpq.br\/6727548438612843\" target=\"_blank\" rel=\"noopener noreferrer\">NOGUEIRA, J. C. B.<\/a><\/b>. O Digital como processo de cria\u00e7\u00e3o: mudan\u00e7as no pensar e fazer a obra em rela\u00e7\u00e3o ao meio f\u00edsico. In: VII World Congress on Communication and arts, 2014, Vila Real. The challenge of developing creative artists in a standardized world., 2014.<\/span><\/div>\n<\/div>\n<\/div>\n<\/li>\n<\/ul>\n<ul>\n<li><span style=\"font-family: 'trebuchet ms', geneva, sans-serif;font-size: 10pt\"><b>Resumos publicados em anais de congressos:<\/b><\/span>\n<div class=\"layout-cell-pad-5 text-align-right\"><span style=\"font-family: 'trebuchet ms', geneva, sans-serif;font-size: 10pt\"><b>1.<\/b>\u00a0<b><a class=\"tooltip\" href=\"http:\/\/lattes.cnpq.br\/6727548438612843\" target=\"_blank\" rel=\"noopener noreferrer\">NOGUEIRA, J. C. B.<\/a><\/b>. O Digital como processo de cria\u00e7\u00e3o: mudan\u00e7as no pensar e fazer a obra em rela\u00e7\u00e3o ao meio f\u00edsico. In: VII World Congress on Communication and arts, 2014, Vila Real. The challenge of developing creative artists in a standardized world., 2014. p. 25-25.<\/span><\/div>\n<\/li>\n<\/ul>\n<\/li>\n<li><span style=\"font-family: 'trebuchet ms', geneva, sans-serif;font-size: 10pt\"><b>Apresenta\u00e7\u00f5es de Trabalho:<\/b><\/span>\n<div class=\"layout-cell layout-cell-11\">\n<div class=\"layout-cell layout-cell-1 text-align-right\">\n<div class=\"layout-cell-pad-5 text-align-right\"><span style=\"font-family: 'trebuchet ms', geneva, sans-serif;font-size: 10pt\"><b>1. <\/b><b><a class=\"tooltip\" title=\"Clique para visualizar o curr\u00edculo\" href=\"http:\/\/lattes.cnpq.br\/6727548438612843\" target=\"_blank\" rel=\"noopener noreferrer\">NOGUEIRA, J. C. B.<\/a><\/b>. Arte e Tecnologia. 2016. (Apresenta\u00e7\u00e3o de Trabalho\/Confer\u00eancia ou palestra).<\/span><\/div>\n<\/div>\n<div class=\"layout-cell layout-cell-1 text-align-right\">\n<div class=\"layout-cell-pad-5 text-align-right\"><span style=\"font-family: 'trebuchet ms', geneva, sans-serif;font-size: 10pt\"><b>2. <\/b><b><a class=\"tooltip\" title=\"Clique para visualizar o curr\u00edculo\" href=\"http:\/\/lattes.cnpq.br\/6727548438612843\" target=\"_blank\" rel=\"noopener noreferrer\">NOGUEIRA, J. C. B.<\/a><\/b>. Linha e Tempo Transfigurados no Imagin\u00e1rio. 2015. (Apresenta\u00e7\u00e3o de Trabalho\/Confer\u00eancia ou palestra).<\/span><\/div>\n<\/div>\n<div class=\"layout-cell layout-cell-1 text-align-right\">\n<div class=\"layout-cell-pad-5 text-align-right\"><span style=\"font-family: 'trebuchet ms', geneva, sans-serif;font-size: 10pt\"><b>3. <\/b><b><a class=\"tooltip\" title=\"Clique para visualizar o curr\u00edculo\" href=\"http:\/\/lattes.cnpq.br\/6727548438612843\" target=\"_blank\" rel=\"noopener noreferrer\">NOGUEIRA, J. C. B.<\/a><\/b>. O Digital como processo de cria\u00e7\u00e3o: mudan\u00e7as no pensar e fazer a obra em rela\u00e7\u00e3o ao meio f\u00edsico.. 2014. (Apresenta\u00e7\u00e3o de Trabalho\/Congresso<\/span><\/div>\n<\/div>\n<\/div>\n<div><\/div>\n<\/li>\n<li>\n<div class=\"layout-cell layout-cell-11\">\n<div class=\"layout-cell-pad-5 text-align-right\"><span style=\"font-family: 'trebuchet ms', geneva, sans-serif;font-size: 10pt\"><b>Outras produ\u00e7\u00f5es\u00a0art\u00edstica\/cultural:<\/b><\/span><\/div>\n<div class=\"layout-cell-pad-5 text-align-right\"><span style=\"font-family: 'trebuchet ms', geneva, sans-serif;font-size: 10pt\"><b>Artes Visuais:<\/b><\/span><\/div>\n<div class=\"layout-cell layout-cell-11\">\n<div class=\"layout-cell layout-cell-1 text-align-right\">\n<div class=\"layout-cell-pad-5 text-align-right\"><span style=\"font-family: 'trebuchet ms', geneva, sans-serif;font-size: 10pt\"><b>1.<\/b><b><a class=\"tooltip\" title=\"Clique para visualizar o curr\u00edculo\" href=\"http:\/\/lattes.cnpq.br\/6727548438612843\" target=\"_blank\" rel=\"noopener noreferrer\">NOGUEIRA, J. C. B.<\/a><\/b>. ABAV- Panoramas. 2018. Computa\u00e7\u00e3o Gr\u00e1fica.<\/span><\/div>\n<\/div>\n<div class=\"layout-cell layout-cell-1 text-align-right\">\n<div class=\"layout-cell-pad-5 text-align-right\"><span style=\"font-family: 'trebuchet ms', geneva, sans-serif;font-size: 10pt\"><b>2. <\/b><b><a class=\"tooltip\" title=\"Clique para visualizar o curr\u00edculo\" href=\"http:\/\/lattes.cnpq.br\/6727548438612843\" target=\"_blank\" rel=\"noopener noreferrer\">NOGUEIRA, J. C. B.<\/a><\/b>. Painel Mural Doces Sentidos-2\u00aa Fase. 2018. Desenho.<\/span><\/div>\n<\/div>\n<div class=\"layout-cell layout-cell-1 text-align-right\">\n<div class=\"layout-cell-pad-5 text-align-right\"><span style=\"font-family: 'trebuchet ms', geneva, sans-serif;font-size: 10pt\"><b>3. <\/b><b><a class=\"tooltip\" title=\"Clique para visualizar o curr\u00edculo\" href=\"http:\/\/lattes.cnpq.br\/6727548438612843\" target=\"_blank\" rel=\"noopener noreferrer\">NOGUEIRA, J. C. B.<\/a><\/b>. Arte sul Coexistir-Mostra Universit\u00e1ria de Arte-UFPEL,FURG, UNIPAMPA, UFSM.. 2018. Instala\u00e7\u00e3o.<\/span><\/div>\n<\/div>\n<div class=\"layout-cell layout-cell-1 text-align-right\">\n<div class=\"layout-cell-pad-5 text-align-right\"><span style=\"font-family: 'trebuchet ms', geneva, sans-serif;font-size: 10pt\"><b>4. <\/b><b><a class=\"tooltip\" title=\"Clique para visualizar o curr\u00edculo\" href=\"http:\/\/lattes.cnpq.br\/6727548438612843\" target=\"_blank\" rel=\"noopener noreferrer\">NOGUEIRA, J. C. B.<\/a><\/b>. 45\u00aa Feira do Livro de Pelotas. 2017. Programa\u00e7\u00e3o Visual.<\/span><\/div>\n<\/div>\n<div class=\"layout-cell layout-cell-1 text-align-right\">\n<div class=\"layout-cell-pad-5 text-align-right\"><span style=\"font-family: 'trebuchet ms', geneva, sans-serif;font-size: 10pt\"><b>5. <\/b><b><a class=\"tooltip\" title=\"Clique para visualizar o curr\u00edculo\" href=\"http:\/\/lattes.cnpq.br\/6727548438612843\" target=\"_blank\" rel=\"noopener noreferrer\">NOGUEIRA, J. C. B.<\/a><\/b>. Calourada UFPEL. 2017. Programa\u00e7\u00e3o Visual.<\/span><\/div>\n<\/div>\n<div class=\"layout-cell layout-cell-1 text-align-right\">\n<div class=\"layout-cell-pad-5 text-align-right\"><span style=\"font-family: 'trebuchet ms', geneva, sans-serif;font-size: 10pt\"><b>6. <\/b><b><a class=\"tooltip\" title=\"Clique para visualizar o curr\u00edculo\" href=\"http:\/\/lattes.cnpq.br\/6727548438612843\" target=\"_blank\" rel=\"noopener noreferrer\">NOGUEIRA, J. C. B.<\/a><\/b>. Arte Sul Coexistir. 2017. Instala\u00e7\u00e3o.<\/span><\/div>\n<\/div>\n<div class=\"layout-cell layout-cell-1 text-align-right\">\n<div class=\"layout-cell-pad-5 text-align-right\"><span style=\"font-family: 'trebuchet ms', geneva, sans-serif;font-size: 10pt\"><b>7. <\/b><b><a class=\"tooltip\" title=\"Clique para visualizar o curr\u00edculo\" href=\"http:\/\/lattes.cnpq.br\/6727548438612843\" target=\"_blank\" rel=\"noopener noreferrer\">NOGUEIRA, J. C. B.<\/a><\/b>. Gotuzzo Revisitado. 2016. Outra.<\/span><\/div>\n<\/div>\n<div class=\"layout-cell layout-cell-1 text-align-right\">\n<div class=\"layout-cell-pad-5 text-align-right\"><span style=\"font-family: 'trebuchet ms', geneva, sans-serif;font-size: 10pt\"><b>8. <\/b><b><a class=\"tooltip\" title=\"Clique para visualizar o curr\u00edculo\" href=\"http:\/\/lattes.cnpq.br\/6727548438612843\" target=\"_blank\" rel=\"noopener noreferrer\">NOGUEIRA, J. C. B.<\/a><\/b>. Painel Mural Doces Sentidos. 2016. Desenho.<\/span><\/div>\n<\/div>\n<div class=\"layout-cell layout-cell-1 text-align-right\">\n<div class=\"layout-cell-pad-5 text-align-right\"><span style=\"font-family: 'trebuchet ms', geneva, sans-serif;font-size: 10pt\"><b>9. <\/b><b><a class=\"tooltip\" title=\"Clique para visualizar o curr\u00edculo\" href=\"http:\/\/lattes.cnpq.br\/6727548438612843\" target=\"_blank\" rel=\"noopener noreferrer\">NOGUEIRA, J. C. B.<\/a><\/b>. Ilustra\u00e7\u00f5es para o livro Os doces Sentidos. 2016. Ilustra\u00e7\u00e3o.<\/span><\/div>\n<\/div>\n<div class=\"layout-cell layout-cell-1 text-align-right\">\n<div class=\"layout-cell-pad-5 text-align-right\"><span style=\"font-family: 'trebuchet ms', geneva, sans-serif;font-size: 10pt\"><b>10. <\/b><b><a class=\"tooltip\" title=\"Clique para visualizar o curr\u00edculo\" href=\"http:\/\/lattes.cnpq.br\/6727548438612843\" target=\"_blank\" rel=\"noopener noreferrer\">NOGUEIRA, J. C. B.<\/a><\/b>. Projeto QR Code Patrim\u00f4nio UFPEL. 2015. Interven\u00e7\u00e3o Urbana.<\/span><\/div>\n<\/div>\n<div class=\"layout-cell layout-cell-1 text-align-right\">\n<div class=\"layout-cell-pad-5 text-align-right\"><span style=\"font-family: 'trebuchet ms', geneva, sans-serif;font-size: 10pt\"><b>11. <\/b><b><a class=\"tooltip\" title=\"Clique para visualizar o curr\u00edculo\" href=\"http:\/\/lattes.cnpq.br\/6727548438612843\" target=\"_blank\" rel=\"noopener noreferrer\">NOGUEIRA, J. C. B.<\/a><\/b>. Entre L\u00ednguas-Mostra Internacional de Artes Visuais. 2015. Instala\u00e7\u00e3o.<\/span><\/div>\n<\/div>\n<div class=\"layout-cell layout-cell-1 text-align-right\">\n<div class=\"layout-cell-pad-5 text-align-right\"><span style=\"font-family: 'trebuchet ms', geneva, sans-serif;font-size: 10pt\"><b>12. <\/b><b><a class=\"tooltip\" title=\"Clique para visualizar o curr\u00edculo\" href=\"http:\/\/lattes.cnpq.br\/6727548438612843\" target=\"_blank\" rel=\"noopener noreferrer\">NOGUEIRA, J. C. B.<\/a><\/b>. Seres e Estares. 2015. Computa\u00e7\u00e3o Gr\u00e1fica.<\/span><\/div>\n<\/div>\n<div class=\"layout-cell layout-cell-1 text-align-right\">\n<div class=\"layout-cell-pad-5 text-align-right\"><span style=\"font-family: 'trebuchet ms', geneva, sans-serif;font-size: 10pt\"><b>13. <\/b><b><a class=\"tooltip\" title=\"Clique para visualizar o curr\u00edculo\" href=\"http:\/\/lattes.cnpq.br\/6727548438612843\" target=\"_blank\" rel=\"noopener noreferrer\">NOGUEIRA, J. C. B.<\/a><\/b>. Artefatos do Desenho e Escrita. 2015. Outra.<\/span><\/div>\n<\/div>\n<div class=\"layout-cell layout-cell-1 text-align-right\">\n<div class=\"layout-cell-pad-5 text-align-right\"><span style=\"font-family: 'trebuchet ms', geneva, sans-serif;font-size: 10pt\"><b>14. <\/b><b><a class=\"tooltip\" title=\"Clique para visualizar o curr\u00edculo\" href=\"http:\/\/lattes.cnpq.br\/6727548438612843\" target=\"_blank\" rel=\"noopener noreferrer\">NOGUEIRA, J. C. B.<\/a><\/b>. Pons Dulcis Sulinas II. 2014. Gravura.<\/span><\/div>\n<\/div>\n<div class=\"layout-cell layout-cell-1 text-align-right\">\n<div class=\"layout-cell-pad-5 text-align-right\"><span style=\"font-family: 'trebuchet ms', geneva, sans-serif;font-size: 10pt\"><b>15. <\/b><b><a class=\"tooltip\" title=\"Clique para visualizar o curr\u00edculo\" href=\"http:\/\/lattes.cnpq.br\/6727548438612843\" target=\"_blank\" rel=\"noopener noreferrer\">NOGUEIRA, J. C. B.<\/a><\/b>. Outras Margens. 2014. Desenho.<\/span><\/div>\n<\/div>\n<\/div>\n<\/div>\n<div><\/div>\n<\/li>\n<li>\n<div class=\"layout-cell layout-cell-11\">\n<div class=\"layout-cell layout-cell-11\">\n<div class=\"layout-cell layout-cell-1 text-align-right\">\n<div class=\"layout-cell-pad-5 text-align-right\"><span style=\"font-family: 'trebuchet ms', geneva, sans-serif;font-size: 10pt\"><b>Participa\u00e7\u00e3o em bancas de trabalhos de conclus\u00e3o:<\/b><\/span><\/div>\n<div class=\"layout-cell-pad-5 text-align-right\"><span style=\"font-family: 'trebuchet ms', geneva, sans-serif;font-size: 10pt\"><b>Trabalhos de conclus\u00e3o de curso de gradua\u00e7\u00e3o:<\/b><\/span><\/div>\n<\/div>\n<div class=\"layout-cell layout-cell-11\">\n<div class=\"layout-cell layout-cell-1 text-align-right\">\n<div class=\"layout-cell-pad-5 text-align-right\"><span style=\"font-family: 'trebuchet ms', geneva, sans-serif;font-size: 10pt\"><b>1. <\/b><b><a class=\"tooltip\" title=\"Clique para visualizar o curr\u00edculo\" href=\"http:\/\/lattes.cnpq.br\/6727548438612843\" target=\"_blank\" rel=\"noopener noreferrer\">NOGUEIRA, J. C. B.<\/a><\/b>; SACCO, H.; MACHADO, J. C.; ROCHEFORT, C. C.. Participa\u00e7\u00e3o em banca de Maria Alice Sant&#8217;Anna da Rosa.Gatinhando e seguindo meu caminho: uma produ\u00e7\u00e3o po\u00e9tica entre arte e vida. 2017.<\/span><\/div>\n<\/div>\n<\/div>\n<\/div>\n<\/div>\n<div><\/div>\n<\/li>\n<li>\n<div class=\"inst_back\"><span style=\"font-family: 'trebuchet ms', geneva, sans-serif;font-size: 10pt\"><b>Participa\u00e7\u00e3o em bancas de comiss\u00f5es julgadoras:<\/b><\/span><\/div>\n<div class=\"cita-artigos\"><span style=\"font-family: 'trebuchet ms', geneva, sans-serif;font-size: 10pt\"><b>Concurso p\u00fablico:<\/b><\/span><\/div>\n<div class=\"layout-cell layout-cell-1 text-align-right\">\n<div class=\"layout-cell-pad-5 text-align-right\"><span style=\"font-family: 'trebuchet ms', geneva, sans-serif;font-size: 10pt\"><b>1. <\/b><b><a class=\"tooltip\" title=\"Clique para visualizar o curr\u00edculo\" href=\"http:\/\/lattes.cnpq.br\/6727548438612843\" target=\"_blank\" rel=\"noopener noreferrer\">NOGUEIRA, J. C. B.<\/a><\/b>; LEMOS, R.; MAGALHAES, C.. Sele\u00e7\u00e3o de Prof. substituto Desenho. 2018. Universidade Federal de Pelota<\/span><\/div>\n<\/div>\n<\/li>\n<\/ul>\n<\/div>\n<p>&nbsp;<\/p>\n<p>&nbsp;<\/p>\n<div class=\"ms-editor-squiggler\" style=\"color: initial;font: initial;background: initial;background-blend-mode: initial;border: initial;border-radius: initial;border-collapse: initial;caption-side: initial;clear: initial;columns: initial;column-fill: initial;column-rule: initial;column-span: initial;cursor: initial;flex: initial;flex-flow: initial;float: initial;height: 0px;letter-spacing: initial;margin: initial;max-height: initial;max-width: initial;min-height: initial;min-width: initial;overflow: initial;padding: initial;text-align: initial;text-decoration: initial;text-indent: initial;text-transform: initial;vertical-align: initial;border-spacing: initial;width: initial\"><\/div>\n<div class=\"ms-editor-squiggler\" style=\"color: initial;font: initial;background: initial;background-blend-mode: initial;border: initial;border-radius: initial;border-collapse: initial;caption-side: initial;clear: initial;columns: initial;column-fill: initial;column-rule: initial;column-span: initial;cursor: initial;flex: initial;flex-flow: initial;float: initial;height: 0px;letter-spacing: initial;margin: initial;max-height: initial;max-width: initial;min-height: initial;min-width: initial;overflow: initial;padding: initial;text-align: initial;text-decoration: initial;text-indent: initial;text-transform: initial;vertical-align: initial;border-spacing: initial;width: initial\"><\/div>\n<div class=\"ms-editor-squiggler\" style=\"color: initial;font: initial;background: initial;background-blend-mode: initial;border: initial;border-radius: initial;border-collapse: initial;caption-side: initial;clear: initial;columns: initial;column-fill: initial;column-rule: initial;column-span: initial;cursor: initial;flex: initial;flex-flow: initial;float: initial;height: 0px;letter-spacing: initial;margin: initial;max-height: initial;max-width: initial;min-height: initial;min-width: initial;overflow: initial;padding: initial;text-align: initial;text-decoration: initial;text-indent: initial;text-transform: initial;vertical-align: initial;border-spacing: initial;width: initial\"><\/div>\n","protected":false},"excerpt":{"rendered":"<p>&nbsp; &nbsp; &nbsp; Jos\u00e9 Carlos Brod Nogueira \/\u00a0Curr\u00edculum Lattes Linha de Pesquisa: Data de nascimento: 06\/12 Texto introdut\u00f3rio: Possui gradua\u00e7\u00e3o em Bacharelado em Artes Visuais pela Universidade Federal de Pelotas (1986), gradua\u00e7\u00e3o em Arquitetura e Urbanismo pela Universidade Federal de Pelotas (1984) e mestrado em Artes Visuais pela Universidade Federal de Pelotas (2014). Atualmente \u00e9 [&hellip;]<\/p>\n","protected":false},"author":1258,"featured_media":0,"parent":3315,"menu_order":0,"comment_status":"closed","ping_status":"closed","template":"","meta":{"footnotes":""},"class_list":["post-3391","page","type-page","status-publish","hentry"],"_links":{"self":[{"href":"https:\/\/wp.ufpel.edu.br\/ppgartes\/wp-json\/wp\/v2\/pages\/3391","targetHints":{"allow":["GET"]}}],"collection":[{"href":"https:\/\/wp.ufpel.edu.br\/ppgartes\/wp-json\/wp\/v2\/pages"}],"about":[{"href":"https:\/\/wp.ufpel.edu.br\/ppgartes\/wp-json\/wp\/v2\/types\/page"}],"author":[{"embeddable":true,"href":"https:\/\/wp.ufpel.edu.br\/ppgartes\/wp-json\/wp\/v2\/users\/1258"}],"replies":[{"embeddable":true,"href":"https:\/\/wp.ufpel.edu.br\/ppgartes\/wp-json\/wp\/v2\/comments?post=3391"}],"version-history":[{"count":0,"href":"https:\/\/wp.ufpel.edu.br\/ppgartes\/wp-json\/wp\/v2\/pages\/3391\/revisions"}],"up":[{"embeddable":true,"href":"https:\/\/wp.ufpel.edu.br\/ppgartes\/wp-json\/wp\/v2\/pages\/3315"}],"wp:attachment":[{"href":"https:\/\/wp.ufpel.edu.br\/ppgartes\/wp-json\/wp\/v2\/media?parent=3391"}],"curies":[{"name":"wp","href":"https:\/\/api.w.org\/{rel}","templated":true}]}}