{"id":3386,"date":"2019-08-28T16:33:27","date_gmt":"2019-08-28T19:33:27","guid":{"rendered":"https:\/\/wp.ufpel.edu.br\/mestradoartesvisuais\/?page_id=3386"},"modified":"2019-08-28T16:33:27","modified_gmt":"2019-08-28T19:33:27","slug":"joelma-santos-castil","status":"publish","type":"page","link":"https:\/\/wp.ufpel.edu.br\/ppgartes\/acompanhamento-de-academicos\/ingressantes-2013\/joelma-santos-castil\/","title":{"rendered":"Joelma Santos Castilhos"},"content":{"rendered":"<p><a href=\"https:\/\/wp.ufpel.edu.br\/ppgartes\/files\/2021\/03\/turma1_Joelma-Santos-Castilhos.png\"><img class=\"wp-image-5680 size-thumbnail alignleft\" src=\"https:\/\/wp.ufpel.edu.br\/ppgartes\/files\/2021\/03\/turma1_Joelma-Santos-Castilhos-200x200.png\" alt=\"\" width=\"200\" height=\"200\" srcset=\"https:\/\/wp.ufpel.edu.br\/ppgartes\/files\/2021\/03\/turma1_Joelma-Santos-Castilhos-200x200.png 200w, https:\/\/wp.ufpel.edu.br\/ppgartes\/files\/2021\/03\/turma1_Joelma-Santos-Castilhos-400x400.png 400w, https:\/\/wp.ufpel.edu.br\/ppgartes\/files\/2021\/03\/turma1_Joelma-Santos-Castilhos.png 500w\" sizes=\"(max-width: 200px) 100vw, 200px\" \/><\/a><\/p>\n<p>&nbsp;<\/p>\n<p>&nbsp;<\/p>\n<p>&nbsp;<\/p>\n<p><span style=\"font-family: georgia, palatino, serif;font-size: 12pt\"><span style=\"font-size: 18pt\"><strong><span style=\"font-family: 'trebuchet ms', geneva, sans-serif\">Joelma Santos Castilhos <span style=\"font-size: 10pt;color: #999999\">\/\u00a0<\/span><\/span><\/strong><\/span><span style=\"font-family: 'trebuchet ms', geneva, sans-serif;font-size: 10pt\"><a href=\"http:\/\/lattes.cnpq.br\/3708914760990081\" target=\"_blank\" rel=\"noopener noreferrer\"><span style=\"color: #999999\">Curr\u00edculum Lattes<\/span><\/a><br \/>\n<strong>Linha de Pesquisa<\/strong>:<br \/>\n<\/span><\/span><span style=\"font-family: georgia, palatino, serif;font-size: 12pt\"><span style=\"font-family: 'trebuchet ms', geneva, sans-serif;font-size: 10pt\"><strong>Data de nascimento:\u00a0<\/strong><\/span><\/span><\/p>\n<p style=\"text-align: justify\"><span style=\"font-family: 'trebuchet ms', geneva, sans-serif;font-size: 10pt\"><strong>Texto introdut\u00f3rio:<\/strong> Possui gradua\u00e7\u00e3o em Pedagogia pela Universidade Federal do Rio Grande do Sul (2002). Especialista em Educa\u00e7\u00e3o Infantil pela Universidade Federal de Pelotas (2007). Mestre do Programa de P\u00f3s Gradua\u00e7\u00e3o em Artes Visuais- Mestrado.PPGAV\/ CA\/ UFPel(2013), integrante do N\u00facleo Transdisciplinar de Estudos Est\u00e9ticos- NUTREE. Aluna do curso de gradua\u00e7\u00e3o Teatro licenciatura &#8211; UFPEL (2013). Trabalha desde 1989 com Teatro de Rua (Porto Alegre), al\u00e9m de ministrar oficinas teatrais voltadas para a express\u00e3o corporal e a educa\u00e7\u00e3o dos sentidos. Atualmente tem se voltado para quest\u00f5es de forma\u00e7\u00e3o de professores, inf\u00e2ncia, arte e corporeidade propondo um di\u00e1logo entre teoria, pr\u00e1tica. Faz parte do Coral da UFPEL como soprano (2009) tendo se apresentado em diversos eventos municipais, regionais e nacionais. Trabalha como professora de s\u00e9ries iniciais desenvolvendo um trabalho que busca, em sala de aula, trazer elementos que fa\u00e7am com que os alunos &#8220;aprendam a aprender &#8221; estimulando o corpo como instrumento de autoconhecimento e aprendizagem cotidiana. Tem experi\u00eancia, ainda, com Educa\u00e7\u00e3o a Dist\u00e2ncia (2008) no CEAD\/UFPEL como tutora de alunos. Por fim, tem se debru\u00e7ado sobre temas que envolvem a Educa\u00e7\u00e3o, a Corporeidade, a Inf\u00e2ncia, a arte e a Forma\u00e7\u00e3o de Professores, com \u00eanfase em Educa\u00e7\u00e3o Popular, atuando principalmente nos seguintes temas: teatro de rua, teatro e educa\u00e7\u00e3o est\u00e9tica, forma\u00e7\u00e3o de professores, Pe\u00e7as radiof\u00f4nicas e m\u00fasica. (Texto extra\u00eddo diretamente da plataforma Lattes)<\/span><\/p>\n<hr \/>\n<p><span style=\"font-family: 'trebuchet ms', geneva, sans-serif;font-size: 10pt\"><strong>T\u00edtulo da disserta\u00e7\u00e3o<br \/>\n<span style=\"font-size: 14pt\">Sentidos e hist\u00f3rias que narram corpos que criam: explora\u00e7\u00f5es \u201cradicantes\u201d e experi\u00eancias \u00e9tico-est\u00e9ticas e art\u00edsticas na licenciatura em pedagogia da FAE\/ UFPEL<\/span><\/strong><br \/>\n<\/span><span style=\"font-family: 'trebuchet ms', geneva, sans-serif;font-size: 10pt\"><strong>Orientador(a):<\/strong> Profa. Dra. Mirela Ribeiro Meira (PPGAV\/UFPel)<br \/>\n<\/span><\/p>\n<p style=\"text-align: justify\"><span style=\"font-family: 'trebuchet ms', geneva, sans-serif;font-size: 10pt\"><strong>RESUMO<\/strong><br \/>\nEste projeto de qualifica\u00e7\u00e3o refere-se a uma pesquisa realizada de maio de 2013 a dezembro de 2014 junto ao Programa de P\u00f3s Gradua\u00e7\u00e3o\/ Mestrado em Artes Visuais, da Universidade Federal de Pelotas, UFPel, em Pelotas, RS. Nesse trabalho desenvolvi uma pesquisa relacionada ao aprofundamento e \u00e0 reflex\u00e3o de um trabalho que chamei de Oficinas de Explora\u00e7\u00f5es Radicantes, ou seja, aquelas que proporcionam experi\u00eancias \u00e9tico-est\u00e9ticas e art\u00edsticas no Curso de Licenciatura em Pedagogia da Faculdade de Educa\u00e7\u00e3o, FaE, da UFPel. As quest\u00f5es de pesquisa nasceram do desejo de inventar encontros, de refletir sobre os efeitos que um trabalho de proposi\u00e7\u00e3o em Artes faz emergir entre os alunos do Curso de Pedagogia que vivem em uma suposta situa\u00e7\u00e3o de anestesia est\u00e9tica, \u00e9tica e afetiva. Investigo as narrativas \u00e9ticas, est\u00e9ticas e art\u00edsticas desses alunos num contexto acad\u00eamico de gradua\u00e7\u00e3o em Pedagogia da universidade citada. A metodologia da pesquisa \u00e9 do tipo qualitativa, tendo como m\u00e9todo principal a Sociopo\u00e9tica, cujos dispositivos se utilizam do corpo como produtor de dados, de um di\u00e1rio de campo do pesquisador e dos pesquisados, das express\u00f5es art\u00edsticas dos alunos, registradas em suportes expressivos &#8211; visuais, corporais, gestuais, sonoras etc. \u2013 bem como suas narrativas, capturadas em imagens, v\u00eddeos e grava\u00e7\u00f5es durante o processo. Investigo os percursos e desdobramentos de pr\u00e1ticas est\u00e9tico art\u00edsticas desenvolvidas por mim com uma turma de 30 alunos de gradua\u00e7\u00e3o do sexto semestre do curso de Pedagogia, durante um semestre. Com eles constru\u00ed um campo de investiga\u00e7\u00e3o a partir de uma perspectiva \u00e9tico-est\u00e9tica, por meio de experi\u00eancias e proposi\u00e7\u00f5es pautadas no corpo, que pudessem desencadear e reconstruir suas a\u00e7\u00f5es cotidianas- existenciais e profissionais- incidindo sobre sua forma\u00e7\u00e3o docente \u00e0 luz de contribui\u00e7\u00f5es conceituais e sens\u00edveis no campo da Educa\u00e7\u00e3o Est\u00e9tica e da Arte.<\/span><\/p>\n<p><span style=\"font-family: 'trebuchet ms', geneva, sans-serif;font-size: 10pt\"><strong>Palavras-chave:<\/strong> educa\u00e7\u00e3o est\u00e9tica; ensino de arte; forma\u00e7\u00e3o de professores; licenciatura em pedagogia<\/span><\/p>\n<p><span style=\"font-family: 'trebuchet ms', geneva, sans-serif;font-size: 10pt\"><strong>Banca:<br \/>\n<\/strong><\/span><span style=\"font-family: 'trebuchet ms', geneva, sans-serif;font-size: 10pt\">Profa. Dra. N\u00e1dia da Cruz Senna (PPGAV\/UFPel)<br \/>\nProfa. Dra. Maristani Polidori Zamperetti (UFPel)<br \/>\nProfa. Dra. Malvina do Amaral Dorneles (UFRGS)<br \/>\nProfa. Dra. D\u00e9bora Feitosa (UFRB)<\/span><\/p>\n<p><span style=\"font-family: 'trebuchet ms', geneva, sans-serif;font-size: 10pt\"><strong>Data:<\/strong> 17\/abril\/2015<\/span><\/p>\n<p>&nbsp;<\/p>\n<p>&nbsp;<\/p>\n<h3 style=\"text-align: center\"><span style=\"font-family: 'trebuchet ms', geneva, sans-serif;font-size: 12pt\">Acompanhamento Egresso:<\/span><\/h3>\n<hr \/>\n<div><span style=\"font-family: 'trebuchet ms', geneva, sans-serif\"><strong>Conclus\u00e3o do PPGAV:\u00a0<\/strong>2014<\/span><\/div>\n<div><\/div>\n<div><\/div>\n<div><\/div>\n<div class=\"layout-cell layout-cell-1 text-align-right\"><\/div>\n<p>&nbsp;<\/p>\n<div class=\"ms-editor-squiggler\" style=\"color: initial;font: initial;background: initial;background-blend-mode: initial;border: initial;border-radius: initial;border-collapse: initial;caption-side: initial;clear: initial;columns: initial;column-fill: initial;column-rule: initial;column-span: initial;cursor: initial;flex: initial;flex-flow: initial;float: initial;height: 0px;letter-spacing: initial;margin: initial;max-height: initial;max-width: initial;min-height: initial;min-width: initial;overflow: initial;padding: initial;text-align: initial;text-decoration: initial;text-indent: initial;text-transform: initial;vertical-align: initial;border-spacing: initial;width: initial\"><\/div>\n<div class=\"ms-editor-squiggler\" style=\"color: initial;font: initial;background: initial;background-blend-mode: initial;border: initial;border-radius: initial;border-collapse: initial;caption-side: initial;clear: initial;columns: initial;column-fill: initial;column-rule: initial;column-span: initial;cursor: initial;flex: initial;flex-flow: initial;float: initial;height: 0px;letter-spacing: initial;margin: initial;max-height: initial;max-width: initial;min-height: initial;min-width: initial;overflow: initial;padding: initial;text-align: initial;text-decoration: initial;text-indent: initial;text-transform: initial;vertical-align: initial;border-spacing: initial;width: initial\"><\/div>\n","protected":false},"excerpt":{"rendered":"<p>&nbsp; &nbsp; &nbsp; Joelma Santos Castilhos \/\u00a0Curr\u00edculum Lattes Linha de Pesquisa: Data de nascimento:\u00a0 Texto introdut\u00f3rio: Possui gradua\u00e7\u00e3o em Pedagogia pela Universidade Federal do Rio Grande do Sul (2002). Especialista em Educa\u00e7\u00e3o Infantil pela Universidade Federal de Pelotas (2007). Mestre do Programa de P\u00f3s Gradua\u00e7\u00e3o em Artes Visuais- Mestrado.PPGAV\/ CA\/ UFPel(2013), integrante do N\u00facleo Transdisciplinar [&hellip;]<\/p>\n","protected":false},"author":1258,"featured_media":0,"parent":3418,"menu_order":0,"comment_status":"closed","ping_status":"closed","template":"","meta":{"footnotes":""},"class_list":["post-3386","page","type-page","status-publish","hentry"],"_links":{"self":[{"href":"https:\/\/wp.ufpel.edu.br\/ppgartes\/wp-json\/wp\/v2\/pages\/3386","targetHints":{"allow":["GET"]}}],"collection":[{"href":"https:\/\/wp.ufpel.edu.br\/ppgartes\/wp-json\/wp\/v2\/pages"}],"about":[{"href":"https:\/\/wp.ufpel.edu.br\/ppgartes\/wp-json\/wp\/v2\/types\/page"}],"author":[{"embeddable":true,"href":"https:\/\/wp.ufpel.edu.br\/ppgartes\/wp-json\/wp\/v2\/users\/1258"}],"replies":[{"embeddable":true,"href":"https:\/\/wp.ufpel.edu.br\/ppgartes\/wp-json\/wp\/v2\/comments?post=3386"}],"version-history":[{"count":0,"href":"https:\/\/wp.ufpel.edu.br\/ppgartes\/wp-json\/wp\/v2\/pages\/3386\/revisions"}],"up":[{"embeddable":true,"href":"https:\/\/wp.ufpel.edu.br\/ppgartes\/wp-json\/wp\/v2\/pages\/3418"}],"wp:attachment":[{"href":"https:\/\/wp.ufpel.edu.br\/ppgartes\/wp-json\/wp\/v2\/media?parent=3386"}],"curies":[{"name":"wp","href":"https:\/\/api.w.org\/{rel}","templated":true}]}}