{"id":3382,"date":"2019-08-28T16:30:04","date_gmt":"2019-08-28T19:30:04","guid":{"rendered":"https:\/\/wp.ufpel.edu.br\/mestradoartesvisuais\/?page_id=3382"},"modified":"2019-08-28T16:30:04","modified_gmt":"2019-08-28T19:30:04","slug":"jarbas-gama-macedo","status":"publish","type":"page","link":"https:\/\/wp.ufpel.edu.br\/ppgartes\/acompanhamento-de-academicos\/ingressantes-2012\/jarbas-gama-macedo\/","title":{"rendered":"Jarbas Gama Macedo"},"content":{"rendered":"<p><a href=\"https:\/\/wp.ufpel.edu.br\/ppgartes\/files\/2021\/03\/turma1_Jarbas-Gama-Macedo.png\"><img class=\"wp-image-5681 size-thumbnail alignleft\" src=\"https:\/\/wp.ufpel.edu.br\/ppgartes\/files\/2021\/03\/turma1_Jarbas-Gama-Macedo-200x200.png\" alt=\"\" width=\"200\" height=\"200\" srcset=\"https:\/\/wp.ufpel.edu.br\/ppgartes\/files\/2021\/03\/turma1_Jarbas-Gama-Macedo-200x200.png 200w, https:\/\/wp.ufpel.edu.br\/ppgartes\/files\/2021\/03\/turma1_Jarbas-Gama-Macedo-400x400.png 400w, https:\/\/wp.ufpel.edu.br\/ppgartes\/files\/2021\/03\/turma1_Jarbas-Gama-Macedo.png 500w\" sizes=\"(max-width: 200px) 100vw, 200px\" \/><\/a><\/p>\n<p>&nbsp;<\/p>\n<p>&nbsp;<\/p>\n<p>&nbsp;<\/p>\n<p><span style=\"font-family: georgia, palatino, serif;font-size: 12pt\"><span style=\"font-size: 18pt\"><strong><span style=\"font-family: 'trebuchet ms', geneva, sans-serif\">Jarbas Gama Macedo <span style=\"font-size: 10pt;color: #999999\">\/\u00a0<\/span><\/span><\/strong><\/span><span style=\"font-family: 'trebuchet ms', geneva, sans-serif;font-size: 10pt\"><a href=\"http:\/\/lattes.cnpq.br\/7403549142648005\" target=\"_blank\" rel=\"noopener noreferrer\"><span style=\"color: #999999\">Curr\u00edculum Lattes<\/span><\/a><br \/>\n<strong>Linha de Pesquisa<\/strong>:<br \/>\n<\/span><\/span><span style=\"font-family: georgia, palatino, serif;font-size: 12pt\"><span style=\"font-family: 'trebuchet ms', geneva, sans-serif;font-size: 10pt\"><strong>Data de nascimento:\u00a0<\/strong><\/span><\/span><\/p>\n<p style=\"text-align: justify\"><span style=\"font-family: 'trebuchet ms', geneva, sans-serif;font-size: 10pt\"><strong>Texto introdut\u00f3rio:<\/strong> Arte-educador, artista e pesquisador. Professor n\u00edvel v na Escola de Belas Artes Heitor de Lemos (EBAHL) do Municipal de Rio Grande-RS, onde leciona as disciplinas de Desenho, Gravura e Hist\u00f3ria da arte. Mestre em Artes Visuais, pela Universidade Federal de Pelotas UFPel (2014), na linha de Processos de Cria\u00e7\u00e3o e Po\u00e9ticas do Cotidiano. Especialista em Po\u00e9ticas Visuais pela Universidade Federal de Rio Grande FURG (2012). Possui Gradua\u00e7\u00e3o em Artes Visuais Licenciatura, FURG (2009). Integrou os Grupos de Pesquisa em e sobre gravura Cupins da Gravura (FURG), Percursos Po\u00e9ticos: procedimentos e grafias na contemporaneidade (UFPel) e &#8220;Com[posi\u00e7\u00f5es] criticas&#8221; (UFS). (Texto extra\u00eddo diretamente da plataforma Lattes)<\/span><\/p>\n<hr \/>\n<p><span style=\"font-family: 'trebuchet ms', geneva, sans-serif;font-size: 10pt\"><strong>T\u00edtulo da disserta\u00e7\u00e3o<br \/>\n<a href=\"http:\/\/pergamum.ufpel.edu.br:8080\/pergamumweb\/vinculos\/00007e\/00007e4b.pdf\" target=\"_blank\" rel=\"noopener noreferrer\"><span style=\"font-size: 14pt\">A po\u00e9tica do labirinto: percursos e passagens na gravura<\/span><\/a><\/strong><br \/>\n<\/span><span style=\"font-family: 'trebuchet ms', geneva, sans-serif;font-size: 10pt\"><strong>Orientador(a):<\/strong> <a href=\"https:\/\/wp.ufpel.edu.br\/mestradoartesvisuais\/angela-raffin-pohlmann\/\">Profa. Dra. Angela Raffin Pohlmann (PPGAV\/UFPel)<\/a><br \/>\n<strong>Coorientador(a):<\/strong> Profa. Dra. Claudia Teixeira Paim (FURG)<br \/>\n<\/span><\/p>\n<p style=\"text-align: justify\"><span style=\"font-family: 'trebuchet ms', geneva, sans-serif;font-size: 10pt\"><strong>RESUMO<\/strong><br \/>\nA pesquisa apresentada foi desenvolvida no Mestrado em Artes Visuais da UFPel e teve como ponto de partida minha produ\u00e7\u00e3o art\u00edstica, realizada entre 2012 e 2013. Para tanto, foram utilizados procedimentos inerentes ao campo da gravura. Os conceitos percurso e passagem definem o ato de gravar e de imprimir, respectivamente. Destaca-se que esses procedimentos s\u00e3o vistos como um processo c\u00edclico capaz de conectar as imagens. As marcas e sulcos realizados sobre a superf\u00edcie de pisos vin\u00edlicos que comp\u00f5em as matrizes e as impress\u00f5es cujas imagens s\u00e3o transferidas de um suporte para outro. Dessa forma, esses procedimentos assumem autonomia. O objeto de estudo da presente investiga\u00e7\u00e3o refere-se aos deslocamentos e as transforma\u00e7\u00f5es que ocorrem com a imagem de um trabalho em rela\u00e7\u00e3o ao seguinte e \u00e0s interliga\u00e7\u00f5es entre eles. Tamb\u00e9m s\u00e3o considerados os entrela\u00e7amentos entre as matrizes e as estampas que se conectam e que constituem uma rede de imagens. A referida rede \u00e9 compreendida como um labirinto, formada por obras\/matrizes, que carregam em suas superf\u00edcies imagens labir\u00ednticas. Tamb\u00e9m \u00e9 considerada a experi\u00eancia de gravar essas imagens, ou seja, de percorrer esses labirintos. Para refletir sobre essas conex\u00f5es as leituras de Lucia Le\u00e3o, contribu\u00edram com o conceito de est\u00e9tica do labirinto e Umberto Eco com o conceito de elenco visual. Esta proposta busca contribuir com novas alternativas para repensar o campo da gravura contempor\u00e2nea.<\/span><\/p>\n<p><span style=\"font-family: 'trebuchet ms', geneva, sans-serif;font-size: 10pt\"><strong>Palavras-chave:<\/strong> gravura; labirinto; autonomia; experi\u00eancia; conex\u00e3o<\/span><\/p>\n<p><span style=\"font-family: 'trebuchet ms', geneva, sans-serif;font-size: 10pt\"><strong>Banca:<br \/>\n<\/strong><\/span><span style=\"font-family: 'trebuchet ms', geneva, sans-serif;font-size: 10pt\">Profa. Dra. Beatriz Rauscher (PPGA\/UFU)<br \/>\nProfa. Dra. Adriane Hernandez (PPGAV\/UFPel)<br \/>\nProfa. Me. Carolina Corr\u00eaa Rochefort (PPGAV\/UFPel)<\/span><\/p>\n<p><span style=\"font-family: 'trebuchet ms', geneva, sans-serif;font-size: 10pt\"><strong>Data:<\/strong> 24\/mar\u00e7o\/2014<\/span><\/p>\n<p>&nbsp;<\/p>\n<p>&nbsp;<\/p>\n<h3 style=\"text-align: center\"><span style=\"font-family: 'trebuchet ms', geneva, sans-serif;font-size: 12pt\">Acompanhamento Egresso:<\/span><\/h3>\n<hr \/>\n<div class=\"layout-cell-pad-5 text-align-right\">\n<p><span style=\"font-family: 'trebuchet ms', geneva, sans-serif;font-size: 10pt\"><strong>Conclus\u00e3o do PPGAV:\u00a0<\/strong>2014<\/span><\/p>\n<ul>\n<li><span style=\"font-family: 'trebuchet ms', geneva, sans-serif;font-size: 10pt\"><strong>2015 \u2013 atual: <\/strong>Atividade profissional. Servidor P\u00fablico \u2013 Prefeitura Municipal de Rio Grande.\u00a0<strong>Professor<\/strong>.<\/span><\/li>\n<\/ul>\n<\/div>\n<div><\/div>\n<div><\/div>\n<div><\/div>\n<div><\/div>\n<div class=\"layout-cell layout-cell-1 text-align-right\"><\/div>\n<p>&nbsp;<\/p>\n<p>&nbsp;<\/p>\n<p>&nbsp;<\/p>\n<p>&nbsp;<\/p>\n<p>&nbsp;<\/p>\n<p>&nbsp;<\/p>\n<p>&nbsp;<\/p>\n<div class=\"ms-editor-squiggler\" style=\"color: initial;font: initial;background: initial;background-blend-mode: initial;border: initial;border-radius: initial;border-collapse: initial;caption-side: initial;clear: initial;columns: initial;column-fill: initial;column-rule: initial;column-span: initial;cursor: initial;flex: initial;flex-flow: initial;float: initial;height: 0px;letter-spacing: initial;margin: initial;max-height: initial;max-width: initial;min-height: initial;min-width: initial;overflow: initial;padding: initial;text-align: initial;text-decoration: initial;text-indent: initial;text-transform: initial;vertical-align: initial;border-spacing: initial;width: initial\"><\/div>\n<div class=\"ms-editor-squiggler\" style=\"color: initial;font: initial;background: initial;background-blend-mode: initial;border: initial;border-radius: initial;border-collapse: initial;caption-side: initial;clear: initial;columns: initial;column-fill: initial;column-rule: initial;column-span: initial;cursor: initial;flex: initial;flex-flow: initial;float: initial;height: 0px;letter-spacing: initial;margin: initial;max-height: initial;max-width: initial;min-height: initial;min-width: initial;overflow: initial;padding: initial;text-align: initial;text-decoration: initial;text-indent: initial;text-transform: initial;vertical-align: initial;border-spacing: initial;width: initial\"><\/div>\n","protected":false},"excerpt":{"rendered":"<p>&nbsp; &nbsp; &nbsp; Jarbas Gama Macedo \/\u00a0Curr\u00edculum Lattes Linha de Pesquisa: Data de nascimento:\u00a0 Texto introdut\u00f3rio: Arte-educador, artista e pesquisador. Professor n\u00edvel v na Escola de Belas Artes Heitor de Lemos (EBAHL) do Municipal de Rio Grande-RS, onde leciona as disciplinas de Desenho, Gravura e Hist\u00f3ria da arte. Mestre em Artes Visuais, pela Universidade Federal [&hellip;]<\/p>\n","protected":false},"author":1258,"featured_media":0,"parent":3315,"menu_order":0,"comment_status":"closed","ping_status":"closed","template":"","meta":{"footnotes":""},"class_list":["post-3382","page","type-page","status-publish","hentry"],"_links":{"self":[{"href":"https:\/\/wp.ufpel.edu.br\/ppgartes\/wp-json\/wp\/v2\/pages\/3382","targetHints":{"allow":["GET"]}}],"collection":[{"href":"https:\/\/wp.ufpel.edu.br\/ppgartes\/wp-json\/wp\/v2\/pages"}],"about":[{"href":"https:\/\/wp.ufpel.edu.br\/ppgartes\/wp-json\/wp\/v2\/types\/page"}],"author":[{"embeddable":true,"href":"https:\/\/wp.ufpel.edu.br\/ppgartes\/wp-json\/wp\/v2\/users\/1258"}],"replies":[{"embeddable":true,"href":"https:\/\/wp.ufpel.edu.br\/ppgartes\/wp-json\/wp\/v2\/comments?post=3382"}],"version-history":[{"count":0,"href":"https:\/\/wp.ufpel.edu.br\/ppgartes\/wp-json\/wp\/v2\/pages\/3382\/revisions"}],"up":[{"embeddable":true,"href":"https:\/\/wp.ufpel.edu.br\/ppgartes\/wp-json\/wp\/v2\/pages\/3315"}],"wp:attachment":[{"href":"https:\/\/wp.ufpel.edu.br\/ppgartes\/wp-json\/wp\/v2\/media?parent=3382"}],"curies":[{"name":"wp","href":"https:\/\/api.w.org\/{rel}","templated":true}]}}