{"id":3349,"date":"2019-08-28T15:48:18","date_gmt":"2019-08-28T18:48:18","guid":{"rendered":"https:\/\/wp.ufpel.edu.br\/mestradoartesvisuais\/?page_id=3349"},"modified":"2019-08-28T15:48:18","modified_gmt":"2019-08-28T18:48:18","slug":"ana-paula-azevedo-barbosa","status":"publish","type":"page","link":"https:\/\/wp.ufpel.edu.br\/ppgartes\/acompanhamento-de-academicos\/ingressantes-2012\/ana-paula-azevedo-barbosa\/","title":{"rendered":"Ana Paula Azevedo Barbosa"},"content":{"rendered":"<p><a href=\"https:\/\/wp.ufpel.edu.br\/ppgartes\/files\/2021\/03\/turma1_Ana-Paula-Azevedo-Barbosa.png\"><img class=\"wp-image-5686 size-thumbnail alignleft\" src=\"https:\/\/wp.ufpel.edu.br\/ppgartes\/files\/2021\/03\/turma1_Ana-Paula-Azevedo-Barbosa-200x200.png\" alt=\"\" width=\"200\" height=\"200\" srcset=\"https:\/\/wp.ufpel.edu.br\/ppgartes\/files\/2021\/03\/turma1_Ana-Paula-Azevedo-Barbosa-200x200.png 200w, https:\/\/wp.ufpel.edu.br\/ppgartes\/files\/2021\/03\/turma1_Ana-Paula-Azevedo-Barbosa-400x400.png 400w, https:\/\/wp.ufpel.edu.br\/ppgartes\/files\/2021\/03\/turma1_Ana-Paula-Azevedo-Barbosa.png 500w\" sizes=\"(max-width: 200px) 100vw, 200px\" \/><\/a><\/p>\n<p>&nbsp;<\/p>\n<p>&nbsp;<\/p>\n<p>&nbsp;<\/p>\n<p><span style=\"font-family: georgia, palatino, serif;font-size: 12pt\"><span style=\"font-size: 18pt\"><strong><span style=\"font-family: 'trebuchet ms', geneva, sans-serif\">Ana Paula Azevedo Barbosa <span style=\"font-size: 10pt;color: #999999\">\/\u00a0<\/span><\/span><\/strong><\/span><span style=\"font-family: 'trebuchet ms', geneva, sans-serif;font-size: 10pt\"><a href=\"http:\/\/lattes.cnpq.br\/8297970295289131\" target=\"_blank\" rel=\"noopener noreferrer\"><span style=\"color: #999999\">Curr\u00edculum Lattes<\/span><\/a><br \/>\n<strong>Linha de Pesquisa<\/strong>:<br \/>\n<\/span><\/span><span style=\"font-family: georgia, palatino, serif;font-size: 12pt\"><span style=\"font-family: 'trebuchet ms', geneva, sans-serif;font-size: 10pt\"><strong>Data de nascimento:\u00a0<\/strong><\/span><\/span><\/p>\n<p style=\"text-align: justify\"><span style=\"font-family: 'trebuchet ms', geneva, sans-serif;font-size: 10pt\"><strong>Texto introdut\u00f3rio:<\/strong> Artista pl\u00e1stica, possui gradua\u00e7\u00e3o em Artes Visuais pela Universidade Federal de Pelotas\/UFPel, 2011. Mestrado no programa de P\u00f3s-gradua\u00e7\u00e3o em Artes Visuais da UFPel, 2014, na linha de pesquisa: processos de cria\u00e7\u00e3o e po\u00e9ticas do cotidiano, sendo bolsista durante os dois anos de dura\u00e7\u00e3o do curso. Tem experi\u00eancia na \u00e1rea de artes com \u00eanfase em Cer\u00e2mica, atuando principalmente nos seguintes temas: cer\u00e2mica e po\u00e9ticas do cotidiano. Atuou como professora substituta das disciplinas de cer\u00e2mica na Universidade Federal de Pelotas de abril 2015 a abril de 2017. Foi coordenadora dos projetos de Extens\u00e3o Mini-Jardins e Transitar ligados ao ateli\u00ea de cer\u00e2mica do Centro de Artes-UFPEL. (Texto extra\u00eddo diretamente da plataforma Lattes)<\/span><\/p>\n<hr \/>\n<p><span style=\"font-family: 'trebuchet ms', geneva, sans-serif;font-size: 10pt\"><strong>T\u00edtulo da disserta\u00e7\u00e3o<br \/>\n<a href=\"http:\/\/pergamum.ufpel.edu.br:8080\/pergamumweb\/vinculos\/00007e\/00007e41.pdf\" target=\"_blank\" rel=\"noopener noreferrer\"><span style=\"font-size: 14pt\">S\u00edtios de cultivo<\/span><\/a><\/strong><br \/>\n<\/span><span style=\"font-family: 'trebuchet ms', geneva, sans-serif;font-size: 10pt\"><strong>Orientador(a):<\/strong> <a href=\"https:\/\/wp.ufpel.edu.br\/mestradoartesvisuais\/eduarda-azevedo-goncalves\/\">Prof. Dra. Eduarda Azevedo Gon\u00e7alves (PPGAV\/UFPel)<\/a><br \/>\n<\/span><\/p>\n<p style=\"text-align: justify\"><span style=\"font-family: 'trebuchet ms', geneva, sans-serif;font-size: 10pt\"><strong>RESUMO<\/strong><br \/>\nA produ\u00e7\u00e3o po\u00e9tica aqui contemplada, apresenta a compila\u00e7\u00e3o de trabalhos realizados a partir de pr\u00e1ticas cotidianas e do fazer experimental, envolvendo cultivo e cuidado ligados \u00e0 jardinagem. Entretanto, reverberando em formas mais alargadas do conceito. Dentro desta perspectiva, componho jardins no contexto da arte como atividade pessoal, coletiva, afetiva e art\u00edstica. Buscando na utiliza\u00e7\u00e3o de diferentes dispositivos &#8211; vasos, livros, v\u00eddeos, continentes que permitam pr\u00e1ticas de cultivo e a abertura para novos sentidos, que podem ser atribu\u00eddos ao repraticar a\u00e7\u00f5es ordin\u00e1rias. Para tanto, me debru\u00e7o sobre te\u00f3ricos como Martin Heidegger e Alfredo Bosi, versando sobre a palavra cultivo, Anne Cauquelin acerca do jardim, Michel de Certeau, sobre o cotidiano e Reinaldo Laddaga abordando sobre a arte, e tamb\u00e9m na produ\u00e7\u00e3o de artistas como Claude Monet, Maria Ivone dos Santos e H\u00e9lio Fervenza, Maril\u00e1 Dardot, Paulo Dam\u00e9, Fernando Limberger, que conduziram a reflex\u00e3o dos processos de cria\u00e7\u00e3o, que tem como fundamento as atividades do cotidiano, e o cultivo das plantas como arte.<\/span><\/p>\n<p><span style=\"font-family: 'trebuchet ms', geneva, sans-serif;font-size: 10pt\"><strong>Palavras-chave:<\/strong> artes; arte contempor\u00e2nea; jardim; s\u00edtios de cultivo<\/span><\/p>\n<p><span style=\"font-family: 'trebuchet ms', geneva, sans-serif;font-size: 10pt\"><strong>Banca:<br \/>\n<\/strong><\/span><span style=\"font-family: 'trebuchet ms', geneva, sans-serif;font-size: 10pt\">Prof. Dra. \u00c2ngela Raffin Pohlmann (PPGAV\/UFPel)<br \/>\nProf. Dra. Renata Azevedo Requi\u00e3o (PPGAV\/UFPel)<br \/>\nProf. Dra. Maria Ivone dos Santos (UFRGS)<\/span><\/p>\n<p><span style=\"font-family: 'trebuchet ms', geneva, sans-serif;font-size: 10pt\"><strong>Data:<\/strong> 30\/abril\/2014<\/span><\/p>\n<p>&nbsp;<\/p>\n<p>&nbsp;<\/p>\n<h3 style=\"text-align: center\"><span style=\"font-family: 'trebuchet ms', geneva, sans-serif;font-size: 12pt\">Acompanhamento Egresso:<\/span><\/h3>\n<hr \/>\n<div class=\"layout-cell-pad-5 text-align-right\"><\/div>\n<div><\/div>\n<div><\/div>\n<div><\/div>\n<div><\/div>\n<div class=\"layout-cell layout-cell-1 text-align-right\"><\/div>\n<p>&nbsp;<\/p>\n<p>&nbsp;<\/p>\n<p>&nbsp;<\/p>\n<p>&nbsp;<\/p>\n<p>&nbsp;<\/p>\n<p>&nbsp;<\/p>\n<p>&nbsp;<\/p>\n<div class=\"ms-editor-squiggler\" style=\"color: initial;font: initial;background: initial;background-blend-mode: initial;border: initial;border-radius: initial;border-collapse: initial;caption-side: initial;clear: initial;columns: initial;column-fill: initial;column-rule: initial;column-span: initial;cursor: initial;flex: initial;flex-flow: initial;float: initial;height: 0px;letter-spacing: initial;margin: initial;max-height: initial;max-width: initial;min-height: initial;min-width: initial;overflow: initial;padding: initial;text-align: initial;text-decoration: initial;text-indent: initial;text-transform: initial;vertical-align: initial;border-spacing: initial;width: initial\"><\/div>\n<div class=\"ms-editor-squiggler\" style=\"color: initial;font: initial;background: initial;background-blend-mode: initial;border: initial;border-radius: initial;border-collapse: initial;caption-side: initial;clear: initial;columns: initial;column-fill: initial;column-rule: initial;column-span: initial;cursor: initial;flex: initial;flex-flow: initial;float: initial;height: 0px;letter-spacing: initial;margin: initial;max-height: initial;max-width: initial;min-height: initial;min-width: initial;overflow: initial;padding: initial;text-align: initial;text-decoration: initial;text-indent: initial;text-transform: initial;vertical-align: initial;border-spacing: initial;width: initial\"><\/div>\n<div class=\"ms-editor-squiggler\" style=\"color: initial;font: initial;background: initial;background-blend-mode: initial;border: initial;border-radius: initial;border-collapse: initial;caption-side: initial;clear: initial;columns: initial;column-fill: initial;column-rule: initial;column-span: initial;cursor: initial;flex: initial;flex-flow: initial;float: initial;height: 0px;letter-spacing: initial;margin: initial;max-height: initial;max-width: initial;min-height: initial;min-width: initial;overflow: initial;padding: initial;text-align: initial;text-decoration: initial;text-indent: initial;text-transform: initial;vertical-align: initial;border-spacing: initial;width: initial\"><\/div>\n","protected":false},"excerpt":{"rendered":"<p>&nbsp; &nbsp; &nbsp; Ana Paula Azevedo Barbosa \/\u00a0Curr\u00edculum Lattes Linha de Pesquisa: Data de nascimento:\u00a0 Texto introdut\u00f3rio: Artista pl\u00e1stica, possui gradua\u00e7\u00e3o em Artes Visuais pela Universidade Federal de Pelotas\/UFPel, 2011. Mestrado no programa de P\u00f3s-gradua\u00e7\u00e3o em Artes Visuais da UFPel, 2014, na linha de pesquisa: processos de cria\u00e7\u00e3o e po\u00e9ticas do cotidiano, sendo bolsista durante [&hellip;]<\/p>\n","protected":false},"author":1258,"featured_media":0,"parent":3315,"menu_order":0,"comment_status":"closed","ping_status":"closed","template":"","meta":{"footnotes":""},"class_list":["post-3349","page","type-page","status-publish","hentry"],"_links":{"self":[{"href":"https:\/\/wp.ufpel.edu.br\/ppgartes\/wp-json\/wp\/v2\/pages\/3349","targetHints":{"allow":["GET"]}}],"collection":[{"href":"https:\/\/wp.ufpel.edu.br\/ppgartes\/wp-json\/wp\/v2\/pages"}],"about":[{"href":"https:\/\/wp.ufpel.edu.br\/ppgartes\/wp-json\/wp\/v2\/types\/page"}],"author":[{"embeddable":true,"href":"https:\/\/wp.ufpel.edu.br\/ppgartes\/wp-json\/wp\/v2\/users\/1258"}],"replies":[{"embeddable":true,"href":"https:\/\/wp.ufpel.edu.br\/ppgartes\/wp-json\/wp\/v2\/comments?post=3349"}],"version-history":[{"count":0,"href":"https:\/\/wp.ufpel.edu.br\/ppgartes\/wp-json\/wp\/v2\/pages\/3349\/revisions"}],"up":[{"embeddable":true,"href":"https:\/\/wp.ufpel.edu.br\/ppgartes\/wp-json\/wp\/v2\/pages\/3315"}],"wp:attachment":[{"href":"https:\/\/wp.ufpel.edu.br\/ppgartes\/wp-json\/wp\/v2\/media?parent=3349"}],"curies":[{"name":"wp","href":"https:\/\/api.w.org\/{rel}","templated":true}]}}