{"id":3311,"date":"2019-08-27T19:38:07","date_gmt":"2019-08-27T22:38:07","guid":{"rendered":"https:\/\/wp.ufpel.edu.br\/mestradoartesvisuais\/?page_id=3311"},"modified":"2019-08-27T19:38:07","modified_gmt":"2019-08-27T22:38:07","slug":"acompanhamento-de-academicos","status":"publish","type":"page","link":"https:\/\/wp.ufpel.edu.br\/ppgartes\/acompanhamento-de-academicos\/","title":{"rendered":"Acompanhamento de acad\u00eamicos"},"content":{"rendered":"<p>P\u00e1ginas individuais destinadas ao acompanhamentos dos acad\u00eamicos ingressantes no Programa de P\u00f3s-Gradua\u00e7\u00e3o Mestrado em Artes Visuais.<\/p>\n","protected":false},"excerpt":{"rendered":"<p>P\u00e1ginas individuais destinadas ao acompanhamentos dos acad\u00eamicos ingressantes no Programa de P\u00f3s-Gradua\u00e7\u00e3o Mestrado em Artes Visuais.<\/p>\n","protected":false},"author":1258,"featured_media":0,"parent":0,"menu_order":10,"comment_status":"closed","ping_status":"closed","template":"","meta":{"footnotes":""},"class_list":["post-3311","page","type-page","status-publish","hentry"],"_links":{"self":[{"href":"https:\/\/wp.ufpel.edu.br\/ppgartes\/wp-json\/wp\/v2\/pages\/3311","targetHints":{"allow":["GET"]}}],"collection":[{"href":"https:\/\/wp.ufpel.edu.br\/ppgartes\/wp-json\/wp\/v2\/pages"}],"about":[{"href":"https:\/\/wp.ufpel.edu.br\/ppgartes\/wp-json\/wp\/v2\/types\/page"}],"author":[{"embeddable":true,"href":"https:\/\/wp.ufpel.edu.br\/ppgartes\/wp-json\/wp\/v2\/users\/1258"}],"replies":[{"embeddable":true,"href":"https:\/\/wp.ufpel.edu.br\/ppgartes\/wp-json\/wp\/v2\/comments?post=3311"}],"version-history":[{"count":0,"href":"https:\/\/wp.ufpel.edu.br\/ppgartes\/wp-json\/wp\/v2\/pages\/3311\/revisions"}],"wp:attachment":[{"href":"https:\/\/wp.ufpel.edu.br\/ppgartes\/wp-json\/wp\/v2\/media?parent=3311"}],"curies":[{"name":"wp","href":"https:\/\/api.w.org\/{rel}","templated":true}]}}