{"id":3297,"date":"2019-08-27T19:02:22","date_gmt":"2019-08-27T22:02:22","guid":{"rendered":"https:\/\/wp.ufpel.edu.br\/mestradoartesvisuais\/?page_id=3297"},"modified":"2019-08-27T19:02:22","modified_gmt":"2019-08-27T22:02:22","slug":"apresentacao","status":"publish","type":"page","link":"https:\/\/wp.ufpel.edu.br\/ppgartes\/apresentacao\/","title":{"rendered":"Apresenta\u00e7\u00e3o"},"content":{"rendered":"<p>Neste menu encontram-se informa\u00e7\u00f5es b\u00e1sicas a respeito do Programa de P\u00f3s-Gradua\u00e7\u00e3o em Artes Visuais do Centro de Artes da Universidade Federal de Pelotas<\/p>\n","protected":false},"excerpt":{"rendered":"<p>Neste menu encontram-se informa\u00e7\u00f5es b\u00e1sicas a respeito do Programa de P\u00f3s-Gradua\u00e7\u00e3o em Artes Visuais do Centro de Artes da Universidade Federal de Pelotas<\/p>\n","protected":false},"author":1258,"featured_media":0,"parent":0,"menu_order":1,"comment_status":"closed","ping_status":"closed","template":"","meta":{"footnotes":""},"class_list":["post-3297","page","type-page","status-publish","hentry"],"_links":{"self":[{"href":"https:\/\/wp.ufpel.edu.br\/ppgartes\/wp-json\/wp\/v2\/pages\/3297","targetHints":{"allow":["GET"]}}],"collection":[{"href":"https:\/\/wp.ufpel.edu.br\/ppgartes\/wp-json\/wp\/v2\/pages"}],"about":[{"href":"https:\/\/wp.ufpel.edu.br\/ppgartes\/wp-json\/wp\/v2\/types\/page"}],"author":[{"embeddable":true,"href":"https:\/\/wp.ufpel.edu.br\/ppgartes\/wp-json\/wp\/v2\/users\/1258"}],"replies":[{"embeddable":true,"href":"https:\/\/wp.ufpel.edu.br\/ppgartes\/wp-json\/wp\/v2\/comments?post=3297"}],"version-history":[{"count":0,"href":"https:\/\/wp.ufpel.edu.br\/ppgartes\/wp-json\/wp\/v2\/pages\/3297\/revisions"}],"wp:attachment":[{"href":"https:\/\/wp.ufpel.edu.br\/ppgartes\/wp-json\/wp\/v2\/media?parent=3297"}],"curies":[{"name":"wp","href":"https:\/\/api.w.org\/{rel}","templated":true}]}}