{"id":32,"date":"2013-08-22T16:45:06","date_gmt":"2013-08-22T19:45:06","guid":{"rendered":"https:\/\/wp.ufpel.edu.br\/mestradoartesvisuais\/?page_id=32"},"modified":"2013-08-22T16:45:06","modified_gmt":"2013-08-22T19:45:06","slug":"perfil-do-profissional-a-ser-formado","status":"publish","type":"page","link":"https:\/\/wp.ufpel.edu.br\/ppgartes\/apresentacao\/perfil-do-profissional-a-ser-formado\/","title":{"rendered":"Perfil do profissional a ser formado"},"content":{"rendered":"<div>\n<p style=\"text-align: justify\"><span style=\"font-family: georgia, palatino, serif\">Pesquisador atento \u00e0 complexidade da sociedade contempor\u00e2nea, preparado para enfrentar as dificuldades da produ\u00e7\u00e3o do conhecimento na \u00e1rea das artes visuais, da arte contempor\u00e2nea (no <span style=\"font-size: 16px\">ensino<\/span><span style=\"font-size: 16px\"> e no desenvolvimento da po\u00e9tica) e da cultura;<\/span><\/span><\/p>\n<\/div>\n<p style=\"text-align: justify\"><span style=\"font-family: georgia, palatino, serif\">Pesquisador capacitado para o trabalho da instaura\u00e7\u00e3o permanente do conv\u00edvio inter-cultural e democr\u00e1tico;<\/span><\/p>\n<p style=\"text-align: justify\"><span style=\"font-family: georgia, palatino, serif\">Pesquisador aberto \u00e0s dimens\u00f5es da subjetividade e da sensibilidade, portanto capaz de desenvolver pesquisas e a\u00e7\u00f5es art\u00edsticas, culturais e educativas de car\u00e1ter reflexivo e cr\u00edtico sobre quest\u00f5es de identidade, como meio de compreens\u00e3o da diversidade e da inclus\u00e3o social.<\/span><\/p>\n","protected":false},"excerpt":{"rendered":"<p>Pesquisador atento \u00e0 complexidade da sociedade contempor\u00e2nea, preparado para enfrentar as dificuldades da produ\u00e7\u00e3o do conhecimento na \u00e1rea das artes visuais, da arte contempor\u00e2nea (no ensino e no desenvolvimento da po\u00e9tica) e da cultura; Pesquisador capacitado para o trabalho da instaura\u00e7\u00e3o permanente do conv\u00edvio inter-cultural e democr\u00e1tico; Pesquisador aberto \u00e0s dimens\u00f5es da subjetividade e da [&hellip;]<\/p>\n","protected":false},"author":1258,"featured_media":0,"parent":3297,"menu_order":0,"comment_status":"closed","ping_status":"closed","template":"","meta":{"footnotes":""},"class_list":["post-32","page","type-page","status-publish","hentry"],"_links":{"self":[{"href":"https:\/\/wp.ufpel.edu.br\/ppgartes\/wp-json\/wp\/v2\/pages\/32","targetHints":{"allow":["GET"]}}],"collection":[{"href":"https:\/\/wp.ufpel.edu.br\/ppgartes\/wp-json\/wp\/v2\/pages"}],"about":[{"href":"https:\/\/wp.ufpel.edu.br\/ppgartes\/wp-json\/wp\/v2\/types\/page"}],"author":[{"embeddable":true,"href":"https:\/\/wp.ufpel.edu.br\/ppgartes\/wp-json\/wp\/v2\/users\/1258"}],"replies":[{"embeddable":true,"href":"https:\/\/wp.ufpel.edu.br\/ppgartes\/wp-json\/wp\/v2\/comments?post=32"}],"version-history":[{"count":0,"href":"https:\/\/wp.ufpel.edu.br\/ppgartes\/wp-json\/wp\/v2\/pages\/32\/revisions"}],"up":[{"embeddable":true,"href":"https:\/\/wp.ufpel.edu.br\/ppgartes\/wp-json\/wp\/v2\/pages\/3297"}],"wp:attachment":[{"href":"https:\/\/wp.ufpel.edu.br\/ppgartes\/wp-json\/wp\/v2\/media?parent=32"}],"curies":[{"name":"wp","href":"https:\/\/api.w.org\/{rel}","templated":true}]}}