{"id":2907,"date":"2019-06-13T15:39:15","date_gmt":"2019-06-13T18:39:15","guid":{"rendered":"https:\/\/wp.ufpel.edu.br\/mestradoartesvisuais\/?page_id=2907"},"modified":"2022-09-14T10:00:49","modified_gmt":"2022-09-14T13:00:49","slug":"com-docentes-do-ppgav-como-pesquisadores","status":"publish","type":"page","link":"https:\/\/wp.ufpel.edu.br\/ppgartes\/apresentacao\/grupos-de-pesquisa\/com-docentes-do-ppgav-como-pesquisadores\/","title":{"rendered":"Grupos de Pesquisa com docentes do PPGAVI como pesquisadores"},"content":{"rendered":"<p><span style=\"font-family: 'trebuchet ms', geneva, sans-serif;\"><span style=\"font-size: 14pt;\"><span style=\"font-size: 18pt;\"><strong>\/\/ Grupos de Pesquisa<\/strong><\/span><br \/>\n<span style=\"font-size: 12pt;\">com docentes do PPGAVI como pesquisadores<\/span><\/span><\/span><\/p>\n<hr \/>\n<p style=\"padding-left: 40px;\">\n<p style=\"padding-left: 40px;\"><span style=\"font-family: 'trebuchet ms', geneva, sans-serif; font-size: 12pt;\"><strong>Cidade+Contemporaneidade<\/strong><\/span><br \/>\n<span style=\"font-family: 'trebuchet ms', geneva, sans-serif; font-size: 10pt;\"><strong>Institui\u00e7\u00e3o\/Cria\u00e7\u00e3o\/\u00c1rea<\/strong>: UFPEL\/2012\/Arquitetura e Urbanismo<\/span><br \/>\n<span style=\"font-family: 'trebuchet ms', geneva, sans-serif; font-size: 10pt;\"><strong>Docente participante<\/strong>: <a href=\"https:\/\/wp.ufpel.edu.br\/mestradoartesvisuais\/carmen-anita-hoffmann\/\">Carmen Anita Hoffmann<\/a> (Pesquisadora)<\/span><br \/>\n<span style=\"font-family: 'trebuchet ms', geneva, sans-serif; font-size: 10pt;\"><strong>E-mail<\/strong>: amigodudu@yahoo.com.br<\/span><br \/>\n<span style=\"font-family: 'trebuchet ms', geneva, sans-serif; font-size: 10pt;\"><strong>Website<\/strong>: <a href=\"http:\/\/cmaiscufpel.wixsite.com\/cmaisc\">http:\/\/cmaiscufpel.wixsite.com\/cmaisc<\/a><\/span><\/p>\n<hr \/>\n<p style=\"padding-left: 40px;\"><span style=\"font-family: 'trebuchet ms', geneva, sans-serif; font-size: 12pt;\"><strong>Cinema Latino-Americano<\/strong><\/span><br \/>\n<span style=\"font-family: 'trebuchet ms', geneva, sans-serif; font-size: 10pt;\"><strong>Institui\u00e7\u00e3o\/Cria\u00e7\u00e3o\/\u00c1rea<\/strong>: UFF\/2003\/Artes<\/span><br \/>\n<span style=\"font-family: 'trebuchet ms', geneva, sans-serif; font-size: 10pt;\"><strong>Docente participante<\/strong>: <a href=\"https:\/\/wp.ufpel.edu.br\/mestradoartesvisuais\/rosangela-fachel-de-medeiros\/\">Ros\u00e2ngela Fachel de Medeiros<\/a> (Pesquisadora)<\/span><br \/>\n<span style=\"font-family: 'trebuchet ms', geneva, sans-serif; font-size: 10pt;\"><strong>E-mail<\/strong>: tunicoamancio@gmail.com<\/span><br \/>\n<span style=\"font-family: 'trebuchet ms', geneva, sans-serif; font-size: 10pt;\"><strong>Website<\/strong>: <a href=\"http:\/\/www.lia.uff.br\/\">http:\/\/www.lia.uff.br\/<\/a><\/span><\/p>\n<hr \/>\n<p style=\"padding-left: 40px;\"><span style=\"font-family: 'trebuchet ms', geneva, sans-serif; font-size: 12pt;\"><strong>Comunica\u00e7\u00e3o, Cultura, Tecnologias e Modos de Subjetiva\u00e7\u00e3o<\/strong><\/span><br \/>\n<span style=\"font-family: 'trebuchet ms', geneva, sans-serif; font-size: 10pt;\"><strong>Institui\u00e7\u00e3o\/Cria\u00e7\u00e3o\/\u00c1rea<\/strong>: UFPEL\/2010\/Educa\u00e7\u00e3o<\/span><br \/>\n<span style=\"font-family: 'trebuchet ms', geneva, sans-serif; font-size: 10pt;\"><strong>Docente participante<\/strong>: <a href=\"https:\/\/wp.ufpel.edu.br\/mestradoartesvisuais\/alice-jean-monsell\/\">Alice Jean Monsell<\/a> (Pesquisadora)<\/span><br \/>\n<span style=\"font-family: 'trebuchet ms', geneva, sans-serif; font-size: 10pt;\"><strong>E-mail<\/strong>: ris1205@gmail.com<\/span><br \/>\n<span style=\"font-family: 'trebuchet ms', geneva, sans-serif; font-size: 10pt;\"><strong>Website<\/strong>: <a href=\"https:\/\/wp.ufpel.edu.br\/coctec\/\">https:\/\/wp.ufpel.edu.br\/coctec\/<\/a><\/span><\/p>\n<hr \/>\n<p style=\"padding-left: 40px;\"><span style=\"font-family: 'trebuchet ms', geneva, sans-serif; font-size: 12pt;\"><strong>Estudos sobre a Universidade<\/strong><\/span><br \/>\n<span style=\"font-family: 'trebuchet ms', geneva, sans-serif; font-size: 10pt;\"><strong>Institui\u00e7\u00e3o\/Cria\u00e7\u00e3o\/\u00c1rea<\/strong>: UFBA\/2010\/Ci\u00eancia Pol\u00edtica<\/span><br \/>\n<span style=\"font-family: 'trebuchet ms', geneva, sans-serif; font-size: 10pt;\"><strong>Docente participante<\/strong>: <a href=\"https:\/\/wp.ufpel.edu.br\/mestradoartesvisuais\/eleonora-campos-da-motta-santos\/\">Eleonora Campos da Motta Santos<\/a> (Pesquisadora)<\/span><br \/>\n<span style=\"font-family: 'trebuchet ms', geneva, sans-serif; font-size: 10pt;\"><strong>E-mail<\/strong>: denisecoutinho1@gmail.com<\/span><\/p>\n<hr \/>\n<p style=\"padding-left: 40px;\"><span style=\"font-family: 'trebuchet ms', geneva, sans-serif; font-size: 12pt;\"><strong>Filosofia, Educa\u00e7\u00e3o e Pr\u00e1xis Social (FEPr\u00e1xiS)<\/strong><\/span><br \/>\n<span style=\"font-family: 'trebuchet ms', geneva, sans-serif; font-size: 10pt;\"><strong>Institui\u00e7\u00e3o\/Cria\u00e7\u00e3o\/\u00c1rea<\/strong>: UFPEL\/2002\/Educa\u00e7\u00e3o<\/span><br \/>\n<span style=\"font-family: 'trebuchet ms', geneva, sans-serif; font-size: 10pt;\"><strong>Docente participante<\/strong>: <a href=\"https:\/\/wp.ufpel.edu.br\/mestradoartesvisuais\/ursula-rosa-da-silva\/\">Ursula Rosa da Silva<\/a> (Pesquisadora)<\/span><br \/>\n<span style=\"font-family: 'trebuchet ms', geneva, sans-serif; font-size: 10pt;\"><strong>E-mail<\/strong>: neivaafonsooliveira@gmail.com<\/span><\/p>\n<hr \/>\n<p style=\"padding-left: 40px;\"><span style=\"font-family: 'trebuchet ms', geneva, sans-serif; font-size: 12pt;\"><strong>GEsTOS \u2013 Grupo de Estudos Transdisciplinares Orientados por Sensibilidades e Saberes<\/strong><\/span><br \/>\n<span style=\"font-family: 'trebuchet ms', geneva, sans-serif; font-size: 10pt;\"><strong>Institui\u00e7\u00e3o\/Cria\u00e7\u00e3o\/\u00c1rea<\/strong>: UFPEL\/2019\/Artes<\/span><br \/>\n<span style=\"font-family: 'trebuchet ms', geneva, sans-serif; font-size: 10pt;\"><strong>Docentes participantes<\/strong>: <a href=\"https:\/\/wp.ufpel.edu.br\/mestradoartesvisuais\/nadia-da-cruz-senna\/\">N\u00e1dia da Cruz Senna<\/a> (Pesquisadora); e <a href=\"https:\/\/wp.ufpel.edu.br\/mestradoartesvisuais\/ursula-rosa-da-silva\/\">Ursula Rosa da Silva<\/a> (Pesquisadora)<\/span><br \/>\n<span style=\"font-family: 'trebuchet ms', geneva, sans-serif; font-size: 10pt;\"><strong>E-mail<\/strong>: costadavila@gmail.com<\/span><\/p>\n<hr \/>\n<p style=\"padding-left: 40px;\"><span style=\"font-family: 'trebuchet ms', geneva, sans-serif; font-size: 12pt;\"><strong>GIPE-Corpo<\/strong><\/span><br \/>\n<span style=\"font-family: 'trebuchet ms', geneva, sans-serif; font-size: 10pt;\"><strong>Institui\u00e7\u00e3o\/Cria\u00e7\u00e3o\/\u00c1rea<\/strong>: UFBA\/2016\/ Artes<\/span><br \/>\n<span style=\"font-family: 'trebuchet ms', geneva, sans-serif; font-size: 10pt;\"><strong>Docente participante<\/strong>: <a href=\"https:\/\/wp.ufpel.edu.br\/mestradoartesvisuais\/rosangela-fachel-de-medeiros\/\">Ros\u00e2ngela Fachel de Medeiros<\/a> (Pesquisadora)<\/span><br \/>\n<span style=\"font-family: 'trebuchet ms', geneva, sans-serif; font-size: 10pt;\"><strong>E-mail<\/strong>: leosebiani@gmail.com<\/span><br \/>\n<span style=\"font-family: 'trebuchet ms', geneva, sans-serif; font-size: 10pt;\"><strong>Website<\/strong>: <a href=\"http:\/\/www.ppgac.tea.ufba.br\/grupos-de-pesquisa\/gipe-corpo\/\">http:\/\/www.ppgac.tea.ufba.br\/grupos-de-pesquisa\/gipe-corpo\/<\/a><\/span><\/p>\n<hr \/>\n<p style=\"padding-left: 40px;\"><span style=\"font-family: 'trebuchet ms', geneva, sans-serif; font-size: 12pt;\"><strong>Grupo de Pesquisa em Arte, Design e M\u00eddias Digitais<\/strong><\/span><br \/>\n<span style=\"font-family: 'trebuchet ms', geneva, sans-serif; font-size: 10pt;\"><strong>Institui\u00e7\u00e3o\/Cria\u00e7\u00e3o\/\u00c1rea<\/strong>: USP\/2006\/ Artes<\/span><br \/>\n<span style=\"font-family: 'trebuchet ms', geneva, sans-serif; font-size: 10pt;\"><strong>Docente participante<\/strong>: <a href=\"https:\/\/wp.ufpel.edu.br\/mestradoartesvisuais\/felipe-merker-castellani\/\">Felipe Merker Castellani<\/a> (Pesquisador)<\/span><br \/>\n<span style=\"font-family: 'trebuchet ms', geneva, sans-serif; font-size: 10pt;\"><strong>E-mail<\/strong>: mbstavares@usp.br.<\/span><\/p>\n<hr \/>\n<p style=\"padding-left: 40px;\"><span style=\"font-family: 'trebuchet ms', geneva, sans-serif; font-size: 12pt;\"><strong>Hist\u00f3ria, impressos e imagens<\/strong><\/span><br \/>\n<span style=\"font-family: 'trebuchet ms', geneva, sans-serif; font-size: 10pt;\"><strong>Institui\u00e7\u00e3o\/Cria\u00e7\u00e3o\/\u00c1rea<\/strong>: UFPEL\/2013\/ Hist\u00f3ria<\/span><br \/>\n<span style=\"font-family: 'trebuchet ms', geneva, sans-serif; font-size: 10pt;\"><strong>Docente participante<\/strong>: <a href=\"https:\/\/wp.ufpel.edu.br\/mestradoartesvisuais\/larissa-patron-chaves\/\">Larissa Patron Chaves<\/a> (Pesquisadora)<\/span><br \/>\n<span style=\"font-family: 'trebuchet ms', geneva, sans-serif; font-size: 10pt;\"><strong>E-mail<\/strong>: aristeuufpel@yahoo.com.br<\/span><\/p>\n<hr \/>\n<p style=\"padding-left: 40px;\"><span style=\"font-family: 'trebuchet ms', geneva, sans-serif; font-size: 12pt;\"><strong>LinCE \u2013 Linguagem, cultura e educa\u00e7\u00e3o<\/strong><\/span><br \/>\n<span style=\"font-family: 'trebuchet ms', geneva, sans-serif; font-size: 10pt;\"><strong>Institui\u00e7\u00e3o\/Cria\u00e7\u00e3o\/\u00c1rea<\/strong>: UNISC\/2009\/ Educa\u00e7\u00e3o<\/span><br \/>\n<span style=\"font-family: 'trebuchet ms', geneva, sans-serif; font-size: 10pt;\"><strong>Docente participante<\/strong>: <a href=\"https:\/\/wp.ufpel.edu.br\/mestradoartesvisuais\/angela-raffin-pohlmann\/\">Angela Raffin Pohlmann<\/a> (Pesquisadora)<\/span><br \/>\n<span style=\"font-family: 'trebuchet ms', geneva, sans-serif; font-size: 10pt;\"><strong>E-mail<\/strong>: fegus@unisc.br<\/span><\/p>\n<hr \/>\n<p style=\"padding-left: 40px;\"><span style=\"font-family: 'trebuchet ms', geneva, sans-serif; font-size: 12pt;\"><strong>Literatura brasileira contempor\u00e2nea: di\u00e1logos e reflex\u00f5es<\/strong><\/span><br \/>\n<span style=\"font-family: 'trebuchet ms', geneva, sans-serif; font-size: 10pt;\"><strong>Institui\u00e7\u00e3o\/Cria\u00e7\u00e3o\/\u00c1rea<\/strong>: UFRGS\/2013\/ Letras<\/span><br \/>\n<span style=\"font-family: 'trebuchet ms', geneva, sans-serif; font-size: 10pt;\"><strong>Docente participante<\/strong>: <a href=\"https:\/\/wp.ufpel.edu.br\/mestradoartesvisuais\/renata-azevedo-requiao\/\">Renata Azevedo Requi\u00e3o<\/a> (Pesquisadora)<\/span><br \/>\n<span style=\"font-family: 'trebuchet ms', geneva, sans-serif; font-size: 10pt;\"><strong>E-mail<\/strong>: giniagomes@gmail.com<\/span><\/p>\n<hr \/>\n<p style=\"padding-left: 40px;\"><span style=\"font-family: 'trebuchet ms', geneva, sans-serif; font-size: 12pt;\"><strong>Narrativas Contempor\u00e2neas e Estudos Culturais<\/strong><\/span><br \/>\n<span style=\"font-family: 'trebuchet ms', geneva, sans-serif; font-size: 10pt;\"><strong>Institui\u00e7\u00e3o\/Cria\u00e7\u00e3o\/\u00c1rea<\/strong>: URI\/2010\/ Letras<\/span><br \/>\n<span style=\"font-family: 'trebuchet ms', geneva, sans-serif; font-size: 10pt;\"><strong>Docente participante<\/strong>: <a href=\"https:\/\/wp.ufpel.edu.br\/mestradoartesvisuais\/rosangela-fachel-de-medeiros\/\">Ros\u00e2ngela Fachel de Medeiros<\/a> (Pesquisadora)<\/span><br \/>\n<span style=\"font-family: 'trebuchet ms', geneva, sans-serif; font-size: 10pt;\"><strong>E-mail<\/strong>: mestradoletras@uri.edu.br<\/span><\/p>\n<hr \/>\n<p style=\"padding-left: 40px;\"><span style=\"font-family: 'trebuchet ms', geneva, sans-serif; font-size: 12pt;\"><strong>Semi\u00f3tica, design e arte<\/strong><\/span><br \/>\n<span style=\"font-family: 'trebuchet ms', geneva, sans-serif; font-size: 10pt;\"><strong>Institui\u00e7\u00e3o\/Cria\u00e7\u00e3o\/\u00c1rea<\/strong>: UFPEL\/2005\/ Artes<\/span><br \/>\n<span style=\"font-family: 'trebuchet ms', geneva, sans-serif; font-size: 10pt;\"><strong>Docentes participantes<\/strong>: <a href=\"https:\/\/wp.ufpel.edu.br\/mestradoartesvisuais\/lucia-bergamaschi-costa-weymar\/\">L\u00facia Bergamaschi Costa Weymar<\/a> (Pesquisadora); e <a href=\"https:\/\/wp.ufpel.edu.br\/mestradoartesvisuais\/nadia-da-cruz-senna\/\">N\u00e1dia da Cruz Senna<\/a> (Pesquisadora)<\/span><br \/>\n<span style=\"font-family: 'trebuchet ms', geneva, sans-serif; font-size: 10pt;\"><strong>E-mail<\/strong>: lauer.ufpel@gmail.com<\/span><\/p>\n<hr \/>\n<p style=\"padding-left: 40px;\"><span style=\"font-family: 'trebuchet ms', geneva, sans-serif; font-size: 12pt;\"><strong>Sistemas de Informa\u00e7\u00e3o<\/strong><\/span><br \/>\n<span style=\"font-family: 'trebuchet ms', geneva, sans-serif; font-size: 10pt;\"><strong>Institui\u00e7\u00e3o\/Cria\u00e7\u00e3o\/\u00c1rea<\/strong>: URI\/2003\/ Ci\u00eancia da Computa\u00e7\u00e3o<\/span><br \/>\n<span style=\"font-family: 'trebuchet ms', geneva, sans-serif; font-size: 10pt;\"><strong>Docente participante<\/strong>: <a href=\"https:\/\/wp.ufpel.edu.br\/mestradoartesvisuais\/rosangela-fachel-de-medeiros\/\">Ros\u00e2ngela Fachel de Medeiros<\/a> (Pesquisadora)<\/span><br \/>\n<span style=\"font-family: 'trebuchet ms', geneva, sans-serif; font-size: 10pt;\"><strong>E-mail<\/strong>: cliceres@uri.edu.br<\/span><\/p>\n<hr \/>\n<p style=\"padding-left: 40px;\"><span style=\"font-family: 'trebuchet ms', geneva, sans-serif; font-size: 12pt;\"><strong>Ve\u00edculos da Arte<\/strong><\/span><br \/>\n<span style=\"font-family: 'trebuchet ms', geneva, sans-serif; font-size: 10pt;\"><strong>Institui\u00e7\u00e3o\/Cria\u00e7\u00e3o\/\u00c1rea<\/strong>: UFRGS\/2004\/Artes<\/span><br \/>\n<span style=\"font-family: 'trebuchet ms', geneva, sans-serif; font-size: 10pt;\"><strong>Docentes participantes<\/strong>: <a href=\"https:\/\/wp.ufpel.edu.br\/mestradoartesvisuais\/alice-jean-monsell\/\">Alice Jean Monsell<\/a> (Pesquisadora); e <a href=\"https:\/\/wp.ufpel.edu.br\/mestradoartesvisuais\/eduarda-azevedo-goncalves\/\">Eduarda Azevedo Gon\u00e7alves<\/a> (Pesquisadora)<\/span><br \/>\n<span style=\"font-family: 'trebuchet ms', geneva, sans-serif; font-size: 10pt;\"><strong>E-mail<\/strong>: helio.fervenza@ufrgs.br<\/span><br \/>\n<span style=\"font-family: 'trebuchet ms', geneva, sans-serif; font-size: 10pt;\"><strong>Website<\/strong>: <a href=\"http:\/\/www.veiculosdaarte.ufrgs.br\">http:\/\/www.veiculosdaarte.ufrgs.br<\/a><\/span><\/p>\n<hr \/>\n<div class=\"ms-editor-squiggler\" style=\"color: initial; font: initial; background: initial; background-blend-mode: initial; border: initial; border-radius: initial; border-collapse: initial; caption-side: initial; clear: initial; columns: initial; column-fill: initial; column-rule: initial; column-span: initial; cursor: initial; flex: initial; flex-flow: initial; float: initial; height: 0px; letter-spacing: initial; margin: initial; max-height: initial; max-width: initial; min-height: initial; min-width: initial; overflow: initial; padding: initial; text-align: initial; text-decoration: initial; text-indent: initial; text-transform: initial; vertical-align: initial; border-spacing: initial; width: initial;\"><\/div>\n<div class=\"ms-editor-squiggler\" style=\"color: initial; font: initial; background: initial; background-blend-mode: initial; border: initial; border-radius: initial; border-collapse: initial; caption-side: initial; clear: initial; columns: initial; column-fill: initial; column-rule: initial; column-span: initial; cursor: initial; flex: initial; flex-flow: initial; float: initial; height: 0px; letter-spacing: initial; margin: initial; max-height: initial; max-width: initial; min-height: initial; min-width: initial; overflow: initial; padding: initial; text-align: initial; text-decoration: initial; text-indent: initial; text-transform: initial; vertical-align: initial; border-spacing: initial; width: initial;\"><\/div>\n<div class=\"ms-editor-squiggler\" style=\"color: initial; font: initial; background: initial; background-blend-mode: initial; border: initial; border-radius: initial; border-collapse: initial; caption-side: initial; clear: initial; columns: initial; column-fill: initial; column-rule: initial; column-span: initial; cursor: initial; flex: initial; flex-flow: initial; float: initial; height: 0px; letter-spacing: initial; margin: initial; max-height: initial; max-width: initial; min-height: initial; min-width: initial; overflow: initial; padding: initial; text-align: initial; text-decoration: initial; text-indent: initial; text-transform: initial; vertical-align: initial; border-spacing: initial; width: initial;\"><\/div>\n<div class=\"ms-editor-squiggler\" style=\"color: initial; font: initial; background: initial; background-blend-mode: initial; border: initial; border-radius: initial; border-collapse: initial; caption-side: initial; clear: initial; columns: initial; column-fill: initial; column-rule: initial; column-span: initial; cursor: initial; flex: initial; flex-flow: initial; float: initial; height: 0px; letter-spacing: initial; margin: initial; max-height: initial; max-width: initial; min-height: initial; min-width: initial; overflow: initial; padding: initial; text-align: initial; text-decoration: initial; text-indent: initial; text-transform: initial; vertical-align: initial; border-spacing: initial; width: initial;\"><\/div>\n<div class=\"ms-editor-squiggler\" style=\"color: initial; font: initial; background: initial; background-blend-mode: initial; border: initial; border-radius: initial; border-collapse: initial; caption-side: initial; clear: initial; columns: initial; column-fill: initial; column-rule: initial; column-span: initial; cursor: initial; flex: initial; flex-flow: initial; float: initial; height: 0px; letter-spacing: initial; margin: initial; max-height: initial; max-width: initial; min-height: initial; min-width: initial; overflow: initial; padding: initial; text-align: initial; text-decoration: initial; text-indent: initial; text-transform: initial; vertical-align: initial; border-spacing: initial; width: initial;\"><\/div>\n","protected":false},"excerpt":{"rendered":"<p>\/\/ Grupos de Pesquisa com docentes do PPGAVI como pesquisadores Cidade+Contemporaneidade Institui\u00e7\u00e3o\/Cria\u00e7\u00e3o\/\u00c1rea: UFPEL\/2012\/Arquitetura e Urbanismo Docente participante: Carmen Anita Hoffmann (Pesquisadora) E-mail: amigodudu@yahoo.com.br Website: http:\/\/cmaiscufpel.wixsite.com\/cmaisc Cinema Latino-Americano Institui\u00e7\u00e3o\/Cria\u00e7\u00e3o\/\u00c1rea: UFF\/2003\/Artes Docente participante: Ros\u00e2ngela Fachel de Medeiros (Pesquisadora) E-mail: tunicoamancio@gmail.com Website: http:\/\/www.lia.uff.br\/ Comunica\u00e7\u00e3o, Cultura, Tecnologias e Modos de Subjetiva\u00e7\u00e3o Institui\u00e7\u00e3o\/Cria\u00e7\u00e3o\/\u00c1rea: UFPEL\/2010\/Educa\u00e7\u00e3o Docente participante: Alice Jean Monsell (Pesquisadora) [&hellip;]<\/p>\n","protected":false},"author":1258,"featured_media":0,"parent":24,"menu_order":0,"comment_status":"closed","ping_status":"closed","template":"","meta":{"footnotes":""},"class_list":["post-2907","page","type-page","status-publish","hentry"],"_links":{"self":[{"href":"https:\/\/wp.ufpel.edu.br\/ppgartes\/wp-json\/wp\/v2\/pages\/2907","targetHints":{"allow":["GET"]}}],"collection":[{"href":"https:\/\/wp.ufpel.edu.br\/ppgartes\/wp-json\/wp\/v2\/pages"}],"about":[{"href":"https:\/\/wp.ufpel.edu.br\/ppgartes\/wp-json\/wp\/v2\/types\/page"}],"author":[{"embeddable":true,"href":"https:\/\/wp.ufpel.edu.br\/ppgartes\/wp-json\/wp\/v2\/users\/1258"}],"replies":[{"embeddable":true,"href":"https:\/\/wp.ufpel.edu.br\/ppgartes\/wp-json\/wp\/v2\/comments?post=2907"}],"version-history":[{"count":1,"href":"https:\/\/wp.ufpel.edu.br\/ppgartes\/wp-json\/wp\/v2\/pages\/2907\/revisions"}],"predecessor-version":[{"id":9189,"href":"https:\/\/wp.ufpel.edu.br\/ppgartes\/wp-json\/wp\/v2\/pages\/2907\/revisions\/9189"}],"up":[{"embeddable":true,"href":"https:\/\/wp.ufpel.edu.br\/ppgartes\/wp-json\/wp\/v2\/pages\/24"}],"wp:attachment":[{"href":"https:\/\/wp.ufpel.edu.br\/ppgartes\/wp-json\/wp\/v2\/media?parent=2907"}],"curies":[{"name":"wp","href":"https:\/\/api.w.org\/{rel}","templated":true}]}}