{"id":2871,"date":"2019-06-07T19:03:09","date_gmt":"2019-06-07T22:03:09","guid":{"rendered":"https:\/\/wp.ufpel.edu.br\/mestradoartesvisuais\/?page_id=2871"},"modified":"2023-07-03T11:21:01","modified_gmt":"2023-07-03T14:21:01","slug":"procedimentos","status":"publish","type":"page","link":"https:\/\/wp.ufpel.edu.br\/ppgartes\/documentos-e-procedimentos\/procedimentos\/","title":{"rendered":"Procedimentos"},"content":{"rendered":"<style>.kt-accordion-id_0479bf-08 .kt-accordion-inner-wrap{column-gap:var(--global-kb-gap-md, 2rem);row-gap:15px;}.kt-accordion-id_0479bf-08 .kt-accordion-panel-inner{border-top:0px solid #fcb900;border-right:0px solid #fcb900;border-bottom:5px solid #fcb900;border-left:0px solid #fcb900;border-top-left-radius:0px;border-top-right-radius:0px;border-bottom-right-radius:0px;border-bottom-left-radius:0px;background:rgba(255,255,255,0);padding-top:0px;padding-right:30px;padding-bottom:20px;padding-left:30px;}.kt-accordion-id_0479bf-08 > .kt-accordion-inner-wrap > .wp-block-kadence-pane > .kt-accordion-header-wrap > .kt-blocks-accordion-header{border-top-color:#555555;border-top-style:solid;border-right-color:#555555;border-right-style:solid;border-bottom-color:rgba(85,85,85,0);border-bottom-style:solid;border-left:10px solid #eeeeee;border-top-left-radius:0px;border-top-right-radius:0px;border-bottom-right-radius:0px;border-bottom-left-radius:0px;background:rgba(243,243,243,0.27);font-size:14px;line-height:20px;letter-spacing:0.2px;font-family:-apple-system,BlinkMacSystemFont,\"Segoe UI\",Roboto,Oxygen-Sans,Ubuntu,Cantarell,\"Helvetica Neue\",sans-serif, \"Apple Color Emoji\", \"Segoe UI Emoji\", \"Segoe UI Symbol\";font-weight:400;text-transform:none;color:#555555;padding-top:20px;padding-right:20px;padding-bottom:20px;padding-left:30px;}.kt-accordion-id_0479bf-08:not( .kt-accodion-icon-style-basiccircle ):not( .kt-accodion-icon-style-xclosecircle ):not( .kt-accodion-icon-style-arrowcircle )  > .kt-accordion-inner-wrap > .wp-block-kadence-pane > .kt-accordion-header-wrap .kt-blocks-accordion-icon-trigger:after, .kt-accordion-id_0479bf-08:not( .kt-accodion-icon-style-basiccircle ):not( .kt-accodion-icon-style-xclosecircle ):not( .kt-accodion-icon-style-arrowcircle )  > .kt-accordion-inner-wrap > .wp-block-kadence-pane > .kt-accordion-header-wrap .kt-blocks-accordion-icon-trigger:before{background:#555555;}.kt-accordion-id_0479bf-08:not( .kt-accodion-icon-style-basic ):not( .kt-accodion-icon-style-xclose ):not( .kt-accodion-icon-style-arrow ) .kt-blocks-accordion-icon-trigger{background:#555555;}.kt-accordion-id_0479bf-08:not( .kt-accodion-icon-style-basic ):not( .kt-accodion-icon-style-xclose ):not( .kt-accodion-icon-style-arrow ) .kt-blocks-accordion-icon-trigger:after, .kt-accordion-id_0479bf-08:not( .kt-accodion-icon-style-basic ):not( .kt-accodion-icon-style-xclose ):not( .kt-accodion-icon-style-arrow ) .kt-blocks-accordion-icon-trigger:before{background:rgba(243,243,243,0.27);}.kt-accordion-id_0479bf-08 > .kt-accordion-inner-wrap > .wp-block-kadence-pane > .kt-accordion-header-wrap > .kt-blocks-accordion-header:hover, \n\t\t\t\tbody:not(.hide-focus-outline) .kt-accordion-id_0479bf-08 .kt-blocks-accordion-header:focus-visible{color:#444444;background:#eeeeee;border-top-color:#eeeeee;border-top-style:solid;border-right-color:#eeeeee;border-right-style:solid;border-bottom-color:#eeeeee;border-bottom-style:solid;border-left:10px solid #eeeeee;}.kt-accordion-id_0479bf-08:not( .kt-accodion-icon-style-basiccircle ):not( .kt-accodion-icon-style-xclosecircle ):not( .kt-accodion-icon-style-arrowcircle ) .kt-accordion-header-wrap .kt-blocks-accordion-header:hover .kt-blocks-accordion-icon-trigger:after, .kt-accordion-id_0479bf-08:not( .kt-accodion-icon-style-basiccircle ):not( .kt-accodion-icon-style-xclosecircle ):not( .kt-accodion-icon-style-arrowcircle ) .kt-accordion-header-wrap .kt-blocks-accordion-header:hover .kt-blocks-accordion-icon-trigger:before, body:not(.hide-focus-outline) .kt-accordion-id_0479bf-08:not( .kt-accodion-icon-style-basiccircle ):not( .kt-accodion-icon-style-xclosecircle ):not( .kt-accodion-icon-style-arrowcircle ) .kt-blocks-accordion--visible .kt-blocks-accordion-icon-trigger:after, body:not(.hide-focus-outline) .kt-accordion-id_0479bf-08:not( .kt-accodion-icon-style-basiccircle ):not( .kt-accodion-icon-style-xclosecircle ):not( .kt-accodion-icon-style-arrowcircle ) .kt-blocks-accordion-header:focus-visible .kt-blocks-accordion-icon-trigger:before{background:#444444;}.kt-accordion-id_0479bf-08:not( .kt-accodion-icon-style-basic ):not( .kt-accodion-icon-style-xclose ):not( .kt-accodion-icon-style-arrow ) .kt-accordion-header-wrap .kt-blocks-accordion-header:hover .kt-blocks-accordion-icon-trigger, body:not(.hide-focus-outline) .kt-accordion-id_0479bf-08:not( .kt-accodion-icon-style-basic ):not( .kt-accodion-icon-style-xclose ):not( .kt-accodion-icon-style-arrow ) .kt-accordion-header-wrap .kt-blocks-accordion-header:focus-visible .kt-blocks-accordion-icon-trigger{background:#444444;}.kt-accordion-id_0479bf-08:not( .kt-accodion-icon-style-basic ):not( .kt-accodion-icon-style-xclose ):not( .kt-accodion-icon-style-arrow ) .kt-accordion-header-wrap .kt-blocks-accordion-header:hover .kt-blocks-accordion-icon-trigger:after, .kt-accordion-id_0479bf-08:not( .kt-accodion-icon-style-basic ):not( .kt-accodion-icon-style-xclose ):not( .kt-accodion-icon-style-arrow ) .kt-accordion-header-wrap .kt-blocks-accordion-header:hover .kt-blocks-accordion-icon-trigger:before, body:not(.hide-focus-outline) .kt-accordion-id_0479bf-08:not( .kt-accodion-icon-style-basic ):not( .kt-accodion-icon-style-xclose ):not( .kt-accodion-icon-style-arrow ) .kt-accordion-header-wrap .kt-blocks-accordion-header:focus-visible .kt-blocks-accordion-icon-trigger:after, body:not(.hide-focus-outline) .kt-accordion-id_0479bf-08:not( .kt-accodion-icon-style-basic ):not( .kt-accodion-icon-style-xclose ):not( .kt-accodion-icon-style-arrow ) .kt-accordion-header-wrap .kt-blocks-accordion-header:focus-visible .kt-blocks-accordion-icon-trigger:before{background:#eeeeee;}.kt-accordion-id_0479bf-08 .kt-accordion-header-wrap .kt-blocks-accordion-header:focus-visible,\n\t\t\t\t.kt-accordion-id_0479bf-08 > .kt-accordion-inner-wrap > .wp-block-kadence-pane > .kt-accordion-header-wrap > .kt-blocks-accordion-header.kt-accordion-panel-active{color:#444444;background:rgba(252,185,0,0.05);border-top-color:#444444;border-top-style:solid;border-right-color:#444444;border-right-style:solid;border-bottom-color:#444444;border-bottom-style:solid;border-left:10px solid #fcb900;}.kt-accordion-id_0479bf-08:not( .kt-accodion-icon-style-basiccircle ):not( .kt-accodion-icon-style-xclosecircle ):not( .kt-accodion-icon-style-arrowcircle )  > .kt-accordion-inner-wrap > .wp-block-kadence-pane > .kt-accordion-header-wrap > .kt-blocks-accordion-header.kt-accordion-panel-active .kt-blocks-accordion-icon-trigger:after, .kt-accordion-id_0479bf-08:not( .kt-accodion-icon-style-basiccircle ):not( .kt-accodion-icon-style-xclosecircle ):not( .kt-accodion-icon-style-arrowcircle )  > .kt-accordion-inner-wrap > .wp-block-kadence-pane > .kt-accordion-header-wrap > .kt-blocks-accordion-header.kt-accordion-panel-active .kt-blocks-accordion-icon-trigger:before{background:#444444;}.kt-accordion-id_0479bf-08:not( .kt-accodion-icon-style-basic ):not( .kt-accodion-icon-style-xclose ):not( .kt-accodion-icon-style-arrow ) .kt-blocks-accordion-header.kt-accordion-panel-active .kt-blocks-accordion-icon-trigger{background:#444444;}.kt-accordion-id_0479bf-08:not( .kt-accodion-icon-style-basic ):not( .kt-accodion-icon-style-xclose ):not( .kt-accodion-icon-style-arrow ) .kt-blocks-accordion-header.kt-accordion-panel-active .kt-blocks-accordion-icon-trigger:after, .kt-accordion-id_0479bf-08:not( .kt-accodion-icon-style-basic ):not( .kt-accodion-icon-style-xclose ):not( .kt-accodion-icon-style-arrow ) .kt-blocks-accordion-header.kt-accordion-panel-active .kt-blocks-accordion-icon-trigger:before{background:rgba(252,185,0,0.05);}@media all and (max-width: 1024px){.kt-accordion-id_0479bf-08 .kt-accordion-panel-inner{border-top:0px solid #fcb900;border-right:0px solid #fcb900;border-bottom:5px solid #fcb900;border-left:0px solid #fcb900;}}@media all and (max-width: 1024px){.kt-accordion-id_0479bf-08 > .kt-accordion-inner-wrap > .wp-block-kadence-pane > .kt-accordion-header-wrap > .kt-blocks-accordion-header{border-top-color:#555555;border-top-style:solid;border-right-color:#555555;border-right-style:solid;border-bottom-color:rgba(85,85,85,0);border-bottom-style:solid;border-left:10px solid #eeeeee;}}@media all and (max-width: 1024px){.kt-accordion-id_0479bf-08 > .kt-accordion-inner-wrap > .wp-block-kadence-pane > .kt-accordion-header-wrap > .kt-blocks-accordion-header:hover, \n\t\t\t\tbody:not(.hide-focus-outline) .kt-accordion-id_0479bf-08 .kt-blocks-accordion-header:focus-visible{border-top-color:#eeeeee;border-top-style:solid;border-right-color:#eeeeee;border-right-style:solid;border-bottom-color:#eeeeee;border-bottom-style:solid;border-left:10px solid #eeeeee;}}@media all and (max-width: 1024px){.kt-accordion-id_0479bf-08 .kt-accordion-header-wrap .kt-blocks-accordion-header:focus-visible,\n\t\t\t\t.kt-accordion-id_0479bf-08 > .kt-accordion-inner-wrap > .wp-block-kadence-pane > .kt-accordion-header-wrap > .kt-blocks-accordion-header.kt-accordion-panel-active{border-top-color:#444444;border-top-style:solid;border-right-color:#444444;border-right-style:solid;border-bottom-color:#444444;border-bottom-style:solid;border-left:10px solid #fcb900;}}@media all and (max-width: 767px){.kt-accordion-id_0479bf-08 .kt-accordion-inner-wrap{display:block;}.kt-accordion-id_0479bf-08 .kt-accordion-inner-wrap .kt-accordion-pane:not(:first-child){margin-top:15px;}.kt-accordion-id_0479bf-08 .kt-accordion-panel-inner{border-top:0px solid #fcb900;border-right:0px solid #fcb900;border-bottom:5px solid #fcb900;border-left:0px solid #fcb900;}.kt-accordion-id_0479bf-08 > .kt-accordion-inner-wrap > .wp-block-kadence-pane > .kt-accordion-header-wrap > .kt-blocks-accordion-header{border-top-color:#555555;border-top-style:solid;border-right-color:#555555;border-right-style:solid;border-bottom-color:rgba(85,85,85,0);border-bottom-style:solid;border-left:10px solid #eeeeee;}.kt-accordion-id_0479bf-08 > .kt-accordion-inner-wrap > .wp-block-kadence-pane > .kt-accordion-header-wrap > .kt-blocks-accordion-header:hover, \n\t\t\t\tbody:not(.hide-focus-outline) .kt-accordion-id_0479bf-08 .kt-blocks-accordion-header:focus-visible{border-top-color:#eeeeee;border-top-style:solid;border-right-color:#eeeeee;border-right-style:solid;border-bottom-color:#eeeeee;border-bottom-style:solid;border-left:10px solid #eeeeee;}.kt-accordion-id_0479bf-08 .kt-accordion-header-wrap .kt-blocks-accordion-header:focus-visible,\n\t\t\t\t.kt-accordion-id_0479bf-08 > .kt-accordion-inner-wrap > .wp-block-kadence-pane > .kt-accordion-header-wrap > .kt-blocks-accordion-header.kt-accordion-panel-active{border-top-color:#444444;border-top-style:solid;border-right-color:#444444;border-right-style:solid;border-bottom-color:#444444;border-bottom-style:solid;border-left:10px solid #fcb900;}}<\/style>\n<div class=\"wp-block-kadence-accordion alignnone\"><div class=\"kt-accordion-wrap kt-accordion-id_0479bf-08 kt-accordion-has-38-panes kt-active-pane-0 kt-accordion-block kt-pane-header-alignment-left kt-accodion-icon-style-arrow kt-accodion-icon-side-right\" style=\"max-width:none\"><div class=\"kt-accordion-inner-wrap\" data-allow-multiple-open=\"true\" data-start-open=\"none\">\n<div class=\"wp-block-kadence-pane kt-accordion-pane kt-accordion-pane-36 kt-pane_eabe33-4e\" id=\"pp-poeticas-contemporaneas\"><div class=\"kt-accordion-header-wrap\"><button class=\"kt-blocks-accordion-header kt-acccordion-button-label-show\"><span class=\"kt-blocks-accordion-title-wrap\"><span class=\"kt-blocks-accordion-title\">\/\/ Procedimentos para<strong><strong><strong><br\/><\/strong><\/strong>M<strong><strong>arca\u00e7\u00e3o\u00a0de banca\u00a0de qualifica\u00e7\u00e3o<\/strong><\/strong><\/strong><\/span><\/span><span class=\"kt-blocks-accordion-icon-trigger\"><\/span><\/button><\/div><div class=\"kt-accordion-panel kt-accordion-panel-hidden\"><div class=\"kt-accordion-panel-inner\">\n<p style=\"text-align: justify;padding-left: 40px\"><span style=\"font-family: 'trebuchet ms', geneva, sans-serif;font-size: 10pt\"><strong>1<\/strong> \u2013 Conferir junto \u00e0 Secretaria do PPGAVI o <strong>n\u00famero de cr\u00e9ditos cursados<\/strong>&nbsp;e aprovados pelo Programa (exig\u00eancia m\u00ednima de 75% dos cr\u00e9ditos em disciplinas, conforme art. 79 do Regimento do PPGAV);<\/span><\/p>\n<p style=\"text-align: justify;padding-left: 40px\"><span style=\"font-family: 'trebuchet ms', geneva, sans-serif;font-size: 10pt\"><strong>2<\/strong> \u2013 Entregar na Secretaria do PPGAVI, at\u00e9 o final do segundo semestre do curso, <strong>atestado de profici\u00eancia em uma l\u00edngua estrangeira<\/strong>;<\/span><\/p>\n<p style=\"text-align: justify;padding-left: 40px\"><span style=\"font-family: 'trebuchet ms', geneva, sans-serif;font-size: 10pt\"><strong>3<\/strong> \u2013 O(a) orientador(a), com no m\u00ednimo 60 dias de anteced\u00eancia, dever\u00e1 enviar o formul\u00e1rio<a href=\"https:\/\/wp.ufpel.edu.br\/ppgartes\/files\/2021\/11\/Formulario-\u2013-Encaminhamento-de-Exame-de-Qualificacao-1.doc\" target=\"_blank\" rel=\"noopener\"> \u201cPRPPGI: Formul\u00e1rio \u2013 Encaminhamento de Exame de Qualifica\u00e7\u00e3o&#8221;<\/a>,<strong>&nbsp;<\/strong>devidamente preenchido e assinado;<\/span><\/p>\n<p style=\"text-align: justify;padding-left: 40px\"><span style=\"font-family: 'trebuchet ms', geneva, sans-serif;font-size: 10pt\"><strong>4<\/strong> \u2013 Entregar relat\u00f3rio de est\u00e1gio docente, caso esse tenha sido realizado no primeiro ano do curso;<\/span><\/p>\n<p style=\"text-align: justify;padding-left: 40px\"><span style=\"font-family: 'trebuchet ms', geneva, sans-serif;font-size: 10pt\"><strong>5<\/strong> \u2013 Para fins de divulga\u00e7\u00e3o na p\u00e1gina do mestrado, enviar por e-mail \u00e0 Secretaria do PPGAVI o cartaz da qualifica\u00e7\u00e3o no formato JPG, em tamanho compat\u00edvel com a WEB (aproximadamente 1 mega).<\/span><\/p>\n<\/div><\/div><\/div>\n\n\n\n<div class=\"wp-block-kadence-pane kt-accordion-pane kt-accordion-pane-37 kt-pane_a553a4-6d\" id=\"pp-poeticas-contemporaneas\"><div class=\"kt-accordion-header-wrap\"><button class=\"kt-blocks-accordion-header kt-acccordion-button-label-show\"><span class=\"kt-blocks-accordion-title-wrap\"><span class=\"kt-blocks-accordion-title\">\/\/ Procedimentos para<strong><strong><br\/><\/strong>Marca\u00e7\u00e3o de defesa de disserta\u00e7\u00e3o<\/strong><\/span><\/span><span class=\"kt-blocks-accordion-icon-trigger\"><\/span><\/button><\/div><div class=\"kt-accordion-panel kt-accordion-panel-hidden\"><div class=\"kt-accordion-panel-inner\">\n<p style=\"padding-left: 40px\"><span style=\"font-family: 'trebuchet ms', geneva, sans-serif;font-size: 10pt\"><strong>1<\/strong> \u2013 Conferir junto \u00e0 Secretaria do PPGAVI o n\u00famero de cr\u00e9ditos cursados e aprovados pelo Programa (exig\u00eancia m\u00ednima de 22 cr\u00e9ditos distribu\u00eddos conforme o art. 36 do Regimento do PPGAV);<\/span><\/p>\n<p style=\"text-align: justify;padding-left: 40px\"><span style=\"font-family: 'trebuchet ms', geneva, sans-serif;font-size: 10pt\"><strong>2<\/strong> \u2013 Conferir junto \u00e0 Secretaria do PPGAVI se as <a href=\"https:\/\/wp.ufpel.edu.br\/ppgartes\/files\/2020\/09\/Tabela-de-Pontuacao-de-Atividades-Complementares.docx\">Tabela de Pontua\u00e7\u00e3o de Atividades Complementares<\/a>&nbsp;a serem entregues em qualquer tempo at\u00e9 a data de defesa da disserta\u00e7\u00e3o, foram homologadas pelo colegiado. (conforme o art. 37 do Regimento do PPGAVI, o aluno dever\u00e1 somar <strong>2 cr\u00e9ditos em atividades complementares<\/strong>&nbsp;no per\u00edodo do curso);<\/span><\/p>\n<p style=\"text-align: justify;padding-left: 40px\"><span style=\"font-family: 'trebuchet ms', geneva, sans-serif;font-size: 10pt\"><strong>3<\/strong> \u2013 Conferir junto \u00e0 Secretaria do PPGAVI se o <strong><a href=\"https:\/\/wp.ufpel.edu.br\/ppgartes\/files\/2013\/08\/modelo_relatorio_estagio_docente.doc\">Relat\u00f3rio do Est\u00e1gio Docente<\/a><\/strong>&nbsp;foi entregue (obrigat\u00f3rio apenas para alunos bolsistas);<\/span><\/p>\n<p style=\"text-align: justify;padding-left: 40px\"><span style=\"font-family: 'trebuchet ms', geneva, sans-serif;font-size: 10pt\"><strong>4<\/strong> \u2013 O(a) orientador(a), com no m\u00ednimo 40 dias de anteced\u00eancia, dever\u00e1 enviar o formul\u00e1rio <a href=\"https:\/\/wp.ufpel.edu.br\/ppgartes\/files\/2021\/11\/Formulario-\u2013-Encaminhamento-de-Defesa-de-Dissertacao.doc\" target=\"_blank\" rel=\"noopener\">\u201cPRPPGI:&nbsp; &nbsp;Formul\u00e1rio \u2013 Encaminhamento de Defesa de disserta\u00e7\u00e3o\u201d<\/a>,<strong>&nbsp;<\/strong>devidamente preenchido e assinado;<\/span><\/p>\n<p style=\"text-align: justify;padding-left: 40px\"><span style=\"font-family: 'trebuchet ms', geneva, sans-serif;font-size: 10pt\"><strong>5<\/strong> \u2013 Para fins de divulga\u00e7\u00e3o na p\u00e1gina do mestrado, enviar por e-mail \u00e0 Secretaria do PPGAVI o cartaz da qualifica\u00e7\u00e3o no formato JPG, em tamanho compat\u00edvel com a WEB (aproximadamente 1 mega).<\/span><\/p>\n<\/div><\/div><\/div>\n\n\n\n<div class=\"wp-block-kadence-pane kt-accordion-pane kt-accordion-pane-38 kt-pane_bb1b0a-17\" id=\"pp-poeticas-contemporaneas\"><div class=\"kt-accordion-header-wrap\"><button class=\"kt-blocks-accordion-header kt-acccordion-button-label-show\"><span class=\"kt-blocks-accordion-title-wrap\"><span class=\"kt-blocks-accordion-title\">\/\/ Procedimentos para<strong><strong><br\/><\/strong>Encaminhamento de diploma ap\u00f3s a defesa final<\/strong><\/span><\/span><span class=\"kt-blocks-accordion-icon-trigger\"><\/span><\/button><\/div><div class=\"kt-accordion-panel kt-accordion-panel-hidden\"><div class=\"kt-accordion-panel-inner\">\n<p style=\"padding-left: 40px;\"><span style=\"font-family: 'trebuchet ms', geneva, sans-serif; font-size: 10pt;\"><strong>1<\/strong> \u2013 Ap\u00f3s o tempo previsto para corre\u00e7\u00f5es (30, 45, 60 dias), enviar e-mail para o PPGAVI contendo os seguintes documentos:<\/span><\/p>\n<ul>\n<li style=\"list-style-type: none;\">\n<ul>\n<li><span style=\"font-family: 'trebuchet ms', geneva, sans-serif; font-size: 10pt;\">01 (um) arquivo completo da Disserta\u00e7\u00e3o, em formato PDF, com no m\u00e1ximo 10 Mb;<\/span><\/li>\n<li><span style=\"font-family: 'trebuchet ms', geneva, sans-serif; font-size: 10pt;\">01 (um) arquivo word contendo resumo e palavras-chaves e abstract e palavras keywords.<\/span><\/li>\n<li><span style=\"font-size: 10pt; font-family: 'trebuchet ms', geneva, sans-serif;\">01 (um) arquivo com o <a href=\"https:\/\/wp.ufpel.edu.br\/ppgartes\/files\/2020\/11\/Termo-de-Entrega-da-Versao-Final-da-Dissertacao-PPGAVI.doc\" target=\"_blank\" rel=\"noopener\">Termo de entrega da vers\u00e3o final da disserta\u00e7\u00e3o<\/a> assinado e digitalizado<\/span><\/li>\n<li><span style=\"font-family: 'trebuchet ms', geneva, sans-serif; font-size: 10pt;\">01 (um) arquivo com o <a href=\"https:\/\/wp.ufpel.edu.br\/ppgartes\/files\/2021\/05\/Termo-de-autorizacao-para-inserir-teses-e-dissertacoes-1.docx\">Termo de autoriza\u00e7\u00e3o para inserir teses e disserta\u00e7\u00f5es<\/a> assinado e digitalizado.<\/span>\n<ul style=\"text-align: justify;\">\n<li><span style=\"font-family: 'trebuchet ms', geneva, sans-serif; font-size: 10pt;\">Observa\u00e7\u00e3o: solicitar a FICHA CATALOGR\u00c1FICA da disserta\u00e7\u00e3o na p\u00e1gina do Sistema de Bibliotecas &#8211;<b><a href=\"http:\/\/sisbi.ufpel.edu.br\/?p=reqFicha\" target=\"_blank\" rel=\"noopener noreferrer\" data-saferedirecturl=\"https:\/\/www.google.com\/url?q=http:\/\/sisbi.ufpel.edu.br\/?p%3DreqFicha&amp;source=gmail&amp;ust=1591910234543000&amp;usg=AFQjCNE2fhW8b0zzFRbl7c6hMeXjsQZJKA\">http:\/\/sisbi.ufpel.edu.br\/?p=reqFicha<\/a>. <\/b>Sua localiza\u00e7\u00e3o \u00e9 no verso da folha de rosto para vers\u00e3o impressa ou ap\u00f3s a folha de rosto na vers\u00e3o digital. Consultar o Manual de Normas da UFPel:\u00a0<a href=\"https:\/\/wp.ufpel.edu.br\/sisbi\/normas-da-ufpel-para-trabalhos-academicos\/\">https:\/\/wp.ufpel.edu.br\/sisbi\/normas-da-ufpel-para-trabalhos-academicos\/<\/a><\/span><\/li>\n<li><span style=\"font-family: 'trebuchet ms', geneva, sans-serif; font-size: 10pt;\"><strong>Obrigat\u00f3rio para bolsistas<\/strong>: a capa dever\u00e1 possuir o logo da CAPES e nos agradecimentos constar (conforme <a href=\"http:\/\/capes.gov.br\/CECOL\/Portaria_CAPES_DOU_206_de_2018.pdf\" target=\"_blank\" rel=\"noopener noreferrer\">PORTARIA N\u00ba 206, DE 4 DE SETEMBRO DE 2018<\/a>):<\/span>\n<ul style=\"text-align: justify;\">\n<li><span style=\"font-family: 'trebuchet ms', geneva, sans-serif; font-size: 10pt;\">&#8220;O presente trabalho foi realizado com apoio da Coordena\u00e7\u00e3o de Aperfei\u00e7oamento de Pessoal de N\u00edvel Superior &#8211; Brasil (CAPES) &#8211; C\u00f3digo de Financiamento 001<\/span><\/li>\n<li><span style=\"font-family: 'trebuchet ms', geneva, sans-serif; font-size: 10pt;\">&#8220;This study was financed in part by the Coordena\u00e7\u00e3o de Aperfei\u00e7oamento de Pessoal de N\u00edvel Superior &#8211; Brasil (CAPES) &#8211; Finance Code 001&#8221;<\/span><\/li>\n<\/ul>\n<\/li>\n<\/ul>\n<\/li>\n<\/ul>\n<\/li>\n<\/ul>\n<p style=\"text-align: justify; padding-left: 40px;\"><span style=\"font-family: 'trebuchet ms', geneva, sans-serif; font-size: 10pt;\"><strong>2<\/strong> \u2013 Um volume impresso da disserta\u00e7\u00e3o final, ap\u00f3s revis\u00e3o final, ser\u00e1 disponibilizado na Biblioteca Setorial do Projeto Arte na Escola;<\/span><\/p>\n<p style=\"text-align: justify; padding-left: 40px;\"><span style=\"font-family: 'trebuchet ms', geneva, sans-serif; font-size: 10pt;\"><strong>3<\/strong> \u2013 Entregar na Secretaria do PPGAVI c\u00f3pias autenticadas (em cart\u00f3rio ou pela pr\u00f3pria Secretaria, mediante a apresenta\u00e7\u00e3o simult\u00e2nea do documento original, para conferencia) de todos os documentos exigidos pela Pr\u00f3-Reitoria de Pesquisa, P\u00f3s-Gradua\u00e7\u00e3o e Inova\u00e7\u00e3o para expedi\u00e7\u00e3o dos diplomas, a saber:<\/span><\/p>\n<ul>\n<li style=\"list-style-type: none;\">\n<ul>\n<li style=\"list-style-type: none;\">\n<ul>\n<li style=\"text-align: justify;\"><span style=\"font-family: 'trebuchet ms', geneva, sans-serif; font-size: 10pt;\">c\u00f3pia autenticada do Diploma de Gradua\u00e7\u00e3o (frente e verso);<\/span><\/li>\n<li style=\"text-align: justify;\"><span style=\"font-family: 'trebuchet ms', geneva, sans-serif; font-size: 10pt;\">c\u00f3pia autenticada da Carteira de Identidade (frente e verso; leg\u00edvel e atual);<\/span><\/li>\n<li style=\"text-align: justify;\"><span style=\"font-family: 'trebuchet ms', geneva, sans-serif; font-size: 10pt;\">c\u00f3pia autenticada da Certid\u00e3o de Nascimento ou Casamento (vers\u00e3o atualizada).<\/span><\/li>\n<\/ul>\n<\/li>\n<\/ul>\n<\/li>\n<\/ul>\n<\/div><\/div><\/div>\n<\/div><\/div><\/div>\n\n\n\n<p>&nbsp;<\/p>\n","protected":false},"excerpt":{"rendered":"<p>&nbsp;<\/p>\n","protected":false},"author":1258,"featured_media":0,"parent":13,"menu_order":0,"comment_status":"closed","ping_status":"closed","template":"","meta":{"footnotes":""},"class_list":["post-2871","page","type-page","status-publish","hentry"],"_links":{"self":[{"href":"https:\/\/wp.ufpel.edu.br\/ppgartes\/wp-json\/wp\/v2\/pages\/2871","targetHints":{"allow":["GET"]}}],"collection":[{"href":"https:\/\/wp.ufpel.edu.br\/ppgartes\/wp-json\/wp\/v2\/pages"}],"about":[{"href":"https:\/\/wp.ufpel.edu.br\/ppgartes\/wp-json\/wp\/v2\/types\/page"}],"author":[{"embeddable":true,"href":"https:\/\/wp.ufpel.edu.br\/ppgartes\/wp-json\/wp\/v2\/users\/1258"}],"replies":[{"embeddable":true,"href":"https:\/\/wp.ufpel.edu.br\/ppgartes\/wp-json\/wp\/v2\/comments?post=2871"}],"version-history":[{"count":2,"href":"https:\/\/wp.ufpel.edu.br\/ppgartes\/wp-json\/wp\/v2\/pages\/2871\/revisions"}],"predecessor-version":[{"id":10004,"href":"https:\/\/wp.ufpel.edu.br\/ppgartes\/wp-json\/wp\/v2\/pages\/2871\/revisions\/10004"}],"up":[{"embeddable":true,"href":"https:\/\/wp.ufpel.edu.br\/ppgartes\/wp-json\/wp\/v2\/pages\/13"}],"wp:attachment":[{"href":"https:\/\/wp.ufpel.edu.br\/ppgartes\/wp-json\/wp\/v2\/media?parent=2871"}],"curies":[{"name":"wp","href":"https:\/\/api.w.org\/{rel}","templated":true}]}}