{"id":2870,"date":"2019-06-07T19:00:15","date_gmt":"2019-06-07T22:00:15","guid":{"rendered":"https:\/\/wp.ufpel.edu.br\/mestradoartesvisuais\/?page_id=2870"},"modified":"2025-07-17T16:06:07","modified_gmt":"2025-07-17T19:06:07","slug":"documentos","status":"publish","type":"page","link":"https:\/\/wp.ufpel.edu.br\/ppgartes\/documentos-e-procedimentos\/documentos\/","title":{"rendered":"Documentos"},"content":{"rendered":"<p style=\"text-align: justify; padding-left: 40px;\"><span style=\"font-family: 'trebuchet ms', geneva, sans-serif; font-size: 12pt;\"><strong>\/ Documentos<\/strong><strong> Gerais<\/strong><\/span><\/p>\n<ul>\n<li style=\"list-style-type: none;\">\n<ul>\n<li style=\"text-align: justify;\"><span style=\"font-family: 'trebuchet ms', geneva, sans-serif; font-size: 10pt;\"><a href=\"https:\/\/wp.ufpel.edu.br\/ppgartes\/files\/2023\/05\/regimento-ppgartes.pdf\" target=\"_blank\" rel=\"noopener\">Regimento do Programa de P\u00f3s-Gradua\u00e7\u00e3o em Artes &#8211; PPGArtes Mestrado &#8211; SEI_23110.038854\/2021-50<\/a><\/span><\/li>\n<li><a href=\"https:\/\/wp.ufpel.edu.br\/ppgartes\/files\/2025\/02\/SEI_UFPel-2538782-Parecer-Normativo-COCEPE.pdf\"><span style=\"font-family: 'trebuchet ms', geneva, sans-serif; font-size: 10pt;\">Regimento do Programa de P\u00f3s-Gradua\u00e7\u00e3o em Artes &#8211; PPGArtes &#8211; Doutorado &#8211; SEI 23110.044675\/2022-32<\/span><\/a><\/li>\n<li style=\"text-align: justify;\"><span style=\"font-family: 'trebuchet ms', geneva, sans-serif; font-size: 10pt;\"><a href=\"http:\/\/sisbi.ufpel.edu.br\/?p=manual\" target=\"_blank\" rel=\"noopener\">Manual de Teses e Disserta\u00e7\u00f5es<\/a><\/span><\/li>\n<li><span style=\"font-family: 'trebuchet ms', geneva, sans-serif; font-size: 10pt;\"><a href=\"https:\/\/wp.ufpel.edu.br\/ppgartes\/files\/2020\/11\/Resolucao-PPGAVI-01-2020-Proficiencia-em-Lingua-estrangeira.pdf\" target=\"_blank\" rel=\"noopener\">Resolu\u00e7\u00e3o PPGARTES 01-2020 &#8211; Profici\u00eancia em L\u00edngua estrangeira<\/a><\/span><\/li>\n<li><a href=\"https:\/\/wp.ufpel.edu.br\/ppgartes\/files\/2022\/01\/Resolucao-COCEPE-47-2017.pdf\" target=\"_blank\" rel=\"noopener\"><span style=\"font-family: 'trebuchet ms', geneva, sans-serif; font-size: 10pt;\">Resolu\u00e7\u00e3o COCEPE 47-2017 &#8211; normas Est\u00e1gio de Docencia<\/span><\/a><\/li>\n<li><a href=\"https:\/\/wp.ufpel.edu.br\/ppgartes\/files\/2023\/04\/REGIMENTO-GERAL-DOS-CURSOS-DE-POS-GRADUACAO-STRICTO-SENSU-UFPEL.pdf\" target=\"_blank\" rel=\"noopener\"><span style=\"font-family: 'trebuchet ms', geneva, sans-serif; font-size: 10pt;\">Regimento Geral dos Cursos de P\u00f3s-Gradua\u00e7\u00e3o Stricto Sensu UFPEL<\/span><\/a><\/li>\n<li><a href=\"https:\/\/wp.ufpel.edu.br\/ppgartes\/files\/2023\/04\/Selecao-Aluno-Regular-\u2013-Declaracao-de-Etnia.docx\" target=\"_blank\" rel=\"noopener\"><span style=\"font-family: 'trebuchet ms', geneva, sans-serif; font-size: 10pt;\">Declara\u00e7\u00e3o de Etnia<\/span><\/a><\/li>\n<\/ul>\n<\/li>\n<\/ul>\n<hr \/>\n<p style=\"text-align: justify; padding-left: 40px;\"><span style=\"font-family: 'trebuchet ms', geneva, sans-serif; font-size: 12pt;\"><strong>\/ Formul\u00e1rios<\/strong><\/span><\/p>\n<ul>\n<li style=\"list-style-type: none;\">\n<ul>\n<li style=\"text-align: justify;\"><span style=\"font-family: 'trebuchet ms', geneva, sans-serif; font-size: 10pt;\"><a href=\"https:\/\/wp.ufpel.edu.br\/ppgartes\/files\/2013\/08\/Formulario-2-\u2013-Matricula.doc\" target=\"_blank\" rel=\"noopener\">Formul\u00e1rio \u2013 Matr\u00edcula<\/a><\/span><\/li>\n<li style=\"text-align: justify;\"><span style=\"font-family: 'trebuchet ms', geneva, sans-serif; font-size: 10pt;\"><a href=\"https:\/\/wp.ufpel.edu.br\/ppgartes\/files\/2020\/07\/Formulario-\u2013-Encaminhamento-de-Exame-de-Qualificacao.doc\" target=\"_blank\" rel=\"noopener\">Formul\u00e1rio \u2013 Encaminhamento de Exame de Qualifica\u00e7\u00e3o<\/a><\/span><\/li>\n<li style=\"text-align: justify;\"><span style=\"font-family: 'trebuchet ms', geneva, sans-serif; font-size: 10pt;\"><a href=\"https:\/\/wp.ufpel.edu.br\/ppgartes\/files\/2020\/07\/Formulario-\u2013-Encaminhamento-de-Defesa-de-Dissertacao.doc\" target=\"_blank\" rel=\"noopener\">Formul\u00e1rio \u2013 Encaminhamento de Defesa de Disserta\u00e7\u00e3o<\/a><\/span><\/li>\n<li style=\"text-align: justify;\"><span style=\"font-size: 10pt;\"><a href=\"https:\/\/wp.ufpel.edu.br\/ppgartes\/files\/2023\/08\/Formulario-de-Aproveitamento-de-Disciplinas.docx\">Formulario de Aproveitamento de Disciplinas<\/a><\/span><\/li>\n<li><a href=\"https:\/\/wp.ufpel.edu.br\/ppgartes\/files\/2021\/09\/Formulario-\u2013-Cancelamento-de-Disciplina-2.doc\" target=\"_blank\" rel=\"noopener\"><span style=\"font-family: 'trebuchet ms', geneva, sans-serif; font-size: 10pt;\">Formulario-\u2013-Cancelamento-de-Disciplina<\/span><\/a><\/li>\n<li style=\"text-align: justify;\"><span style=\"font-family: 'trebuchet ms', geneva, sans-serif; font-size: 10pt;\"><a href=\"https:\/\/wp.ufpel.edu.br\/ppgartes\/files\/2013\/08\/Formulario-10-\u2013-Trancamento-de-Matricula.doc\" target=\"_blank\" rel=\"noopener\">Formul\u00e1rio \u2013 Trancamento de Matr\u00edcula<\/a><\/span><\/li>\n<li style=\"text-align: justify;\"><span style=\"font-family: 'trebuchet ms', geneva, sans-serif; font-size: 10pt;\"><a href=\"https:\/\/wp.ufpel.edu.br\/ppgartes\/files\/2013\/08\/modelo_relatorio_estagio_docente.doc\" target=\"_blank\" rel=\"noopener\">Modelo de Relat\u00f3rio de Est\u00e1gio Docente<\/a><\/span><\/li>\n<li style=\"text-align: justify;\"><a href=\"https:\/\/wp.ufpel.edu.br\/ppgartes\/files\/2025\/07\/Solicitacao-estagio-docencia.docx\"><span style=\"font-family: 'trebuchet ms', geneva, sans-serif; font-size: 10pt;\">Modelo de Solicita\u00e7\u00e3o de Est\u00e1gio Doc\u00eancia<\/span><\/a><\/li>\n<li style=\"text-align: justify;\"><span style=\"font-family: 'trebuchet ms', geneva, sans-serif; font-size: 10pt;\"><a href=\"https:\/\/wp.ufpel.edu.br\/ppgartes\/files\/2020\/09\/Tabela-de-Pontuacao-de-Atividades-Complementares.docx\" target=\"_blank\" rel=\"noopener\">Tabela de Pontua\u00e7\u00e3o de Atividades Complementares<\/a><\/span><\/li>\n<li style=\"text-align: justify;\"><span style=\"font-family: 'trebuchet ms', geneva, sans-serif; font-size: 10pt;\"><a href=\"https:\/\/wp.ufpel.edu.br\/ppgartes\/files\/2020\/11\/Termo-de-autorizacao-Teses-e-Dissertacoes.docx\" target=\"_blank\" rel=\"noopener\">Termo de autoriza\u00e7\u00e3o Teses e Disserta\u00e7\u00f5es<\/a><\/span><\/li>\n<li><span style=\"font-family: 'trebuchet ms', geneva, sans-serif; font-size: 10pt;\"><a href=\"https:\/\/wp.ufpel.edu.br\/ppgartes\/files\/2020\/11\/Termo-de-Entrega-da-Versao-Final-da-Dissertacao-PPGAVI.doc\" target=\"_blank\" rel=\"noopener\">Termo de Entrega da Vers\u00e3o Final da Disserta\u00e7\u00e3o PPGARTES<\/a><\/span><\/li>\n<li><span style=\"font-size: 10pt;\"><a href=\"https:\/\/wp.ufpel.edu.br\/ppgartes\/files\/2023\/08\/Formulario-de-Prorrogacao-de-Prazo-para-Qualificacao-e-Defesa-Mestrado-e-Doutorado.doc\">Formulario de Prorrogacao de Prazo para Qualificacao e Defesa Mestrado e Doutorado<\/a><\/span><\/li>\n<li><a href=\"https:\/\/wp.ufpel.edu.br\/ppgartes\/files\/2023\/08\/Formulario-para-solicitacao-de-ajuda-financeira-para-alunos.docx\"><span style=\"font-size: 10pt;\">Formul\u00e1rio para solicita\u00e7\u00e3o de ajuda financeira para alunos<\/span><\/a><\/li>\n<li><a href=\"https:\/\/wp.ufpel.edu.br\/ppgartes\/files\/2023\/08\/Relatorio-de-Viagem-ou-Visita-Tecnica-Aluno.docx\"><span style=\"font-size: 10pt;\">Relatorio-de-Viagem-ou-Visita-Tecnica-Aluno<\/span><\/a><\/li>\n<li><a href=\"https:\/\/wp.ufpel.edu.br\/ppgartes\/files\/2023\/08\/Requerimento-de-Aluno-Pericia.pdf\">Requerimento-de-Aluno-Pericia<\/a><\/li>\n<li>\u00a0<\/li>\n<li>\u00a0<\/li>\n<\/ul>\n<\/li>\n<\/ul>\n<div class=\"ms-editor-squiggler\" style=\"color: initial; font: initial; background: initial; background-blend-mode: initial; border: initial; border-radius: initial; border-collapse: initial; caption-side: initial; clear: initial; columns: initial; column-fill: initial; column-rule: initial; column-span: initial; cursor: initial; flex: initial; flex-flow: initial; float: initial; height: 0px; letter-spacing: initial; margin: initial; max-height: initial; max-width: initial; min-height: initial; min-width: initial; overflow: initial; padding: initial; text-align: initial; text-decoration: initial; text-indent: initial; text-transform: initial; vertical-align: initial; border-spacing: initial; width: initial;\">\u00a0<\/div>\n\n\n<p><\/p>\n","protected":false},"excerpt":{"rendered":"<p>\/ Documentos Gerais Regimento do Programa de P\u00f3s-Gradua\u00e7\u00e3o em Artes &#8211; PPGArtes Mestrado &#8211; SEI_23110.038854\/2021-50 Regimento do Programa de P\u00f3s-Gradua\u00e7\u00e3o em Artes &#8211; PPGArtes &#8211; Doutorado &#8211; SEI 23110.044675\/2022-32 Manual de Teses e Disserta\u00e7\u00f5es Resolu\u00e7\u00e3o PPGARTES 01-2020 &#8211; Profici\u00eancia em L\u00edngua estrangeira Resolu\u00e7\u00e3o COCEPE 47-2017 &#8211; normas Est\u00e1gio de Docencia Regimento Geral dos Cursos de [&hellip;]<\/p>\n","protected":false},"author":1258,"featured_media":0,"parent":13,"menu_order":0,"comment_status":"closed","ping_status":"closed","template":"","meta":{"footnotes":""},"class_list":["post-2870","page","type-page","status-publish","hentry"],"_links":{"self":[{"href":"https:\/\/wp.ufpel.edu.br\/ppgartes\/wp-json\/wp\/v2\/pages\/2870","targetHints":{"allow":["GET"]}}],"collection":[{"href":"https:\/\/wp.ufpel.edu.br\/ppgartes\/wp-json\/wp\/v2\/pages"}],"about":[{"href":"https:\/\/wp.ufpel.edu.br\/ppgartes\/wp-json\/wp\/v2\/types\/page"}],"author":[{"embeddable":true,"href":"https:\/\/wp.ufpel.edu.br\/ppgartes\/wp-json\/wp\/v2\/users\/1258"}],"replies":[{"embeddable":true,"href":"https:\/\/wp.ufpel.edu.br\/ppgartes\/wp-json\/wp\/v2\/comments?post=2870"}],"version-history":[{"count":15,"href":"https:\/\/wp.ufpel.edu.br\/ppgartes\/wp-json\/wp\/v2\/pages\/2870\/revisions"}],"predecessor-version":[{"id":11190,"href":"https:\/\/wp.ufpel.edu.br\/ppgartes\/wp-json\/wp\/v2\/pages\/2870\/revisions\/11190"}],"up":[{"embeddable":true,"href":"https:\/\/wp.ufpel.edu.br\/ppgartes\/wp-json\/wp\/v2\/pages\/13"}],"wp:attachment":[{"href":"https:\/\/wp.ufpel.edu.br\/ppgartes\/wp-json\/wp\/v2\/media?parent=2870"}],"curies":[{"name":"wp","href":"https:\/\/api.w.org\/{rel}","templated":true}]}}