{"id":2839,"date":"2019-06-07T17:46:28","date_gmt":"2019-06-07T20:46:28","guid":{"rendered":"https:\/\/wp.ufpel.edu.br\/mestradoartesvisuais\/?page_id=2839"},"modified":"2023-06-23T17:49:29","modified_gmt":"2023-06-23T20:49:29","slug":"procedimentos-para-encaminhamento-de-diploma-apos-a-defesa-final","status":"publish","type":"page","link":"https:\/\/wp.ufpel.edu.br\/ppgartes\/documentos-e-procedimentos\/procedimentos\/procedimentos-para-encaminhamento-de-diploma-apos-a-defesa-final\/","title":{"rendered":"Procedimentos para encaminhamento de diploma ap\u00f3s a defesa final"},"content":{"rendered":"<p style=\"padding-left: 40px;\"><span style=\"font-family: 'trebuchet ms', geneva, sans-serif; font-size: 10pt;\">\/<\/span><\/p>\n<hr style=\"padding-left: 40px;\" \/>\n<p style=\"padding-left: 40px;\"><span style=\"font-family: 'trebuchet ms', geneva, sans-serif; font-size: 10pt;\"><strong>1<\/strong> \u2013 Ap\u00f3s o tempo previsto para corre\u00e7\u00f5es (30, 45, 60 dias), enviar e-mail para o PPGAVI contendo os seguintes documentos:<\/span><\/p>\n<ul>\n<li style=\"list-style-type: none;\">\n<ul>\n<li><span style=\"font-family: 'trebuchet ms', geneva, sans-serif; font-size: 10pt;\">01 (um) arquivo completo da Disserta\u00e7\u00e3o, em formato PDF, com no m\u00e1ximo 10 Mb;<\/span><\/li>\n<li><span style=\"font-family: 'trebuchet ms', geneva, sans-serif; font-size: 10pt;\">01 (um) arquivo com o <a href=\"https:\/\/wp.ufpel.edu.br\/ppgartes\/files\/2021\/05\/Termo-de-autorizacao-para-inserir-teses-e-dissertacoes-1.docx\">Termo de autoriza\u00e7\u00e3o para inserir teses e disserta\u00e7\u00f5es<\/a>\u00a0digitalizado e assinado.<\/span>\n<ul style=\"text-align: justify;\">\n<li><span style=\"font-family: 'trebuchet ms', geneva, sans-serif; font-size: 10pt;\">Observa\u00e7\u00e3o: solicitar a FICHA CATALOGR\u00c1FICA da disserta\u00e7\u00e3o na p\u00e1gina do Sistema de Bibliotecas &#8211;<b><a href=\"http:\/\/sisbi.ufpel.edu.br\/?p=reqFicha\" target=\"_blank\" rel=\"noopener noreferrer\" data-saferedirecturl=\"https:\/\/www.google.com\/url?q=http:\/\/sisbi.ufpel.edu.br\/?p%3DreqFicha&amp;source=gmail&amp;ust=1591910234543000&amp;usg=AFQjCNE2fhW8b0zzFRbl7c6hMeXjsQZJKA\">http:\/\/sisbi.ufpel.edu.br\/?p=reqFicha<\/a>. <\/b>Sua localiza\u00e7\u00e3o \u00e9 no verso da folha de rosto para vers\u00e3o impressa ou ap\u00f3s a folha de rosto na vers\u00e3o digital. Consultar o Manual de Normas da UFPel:\u00a0<a href=\"https:\/\/wp.ufpel.edu.br\/sisbi\/normas-da-ufpel-para-trabalhos-academicos\/\">https:\/\/wp.ufpel.edu.br\/sisbi\/normas-da-ufpel-para-trabalhos-academicos\/<\/a><\/span><\/li>\n<li><span style=\"font-family: 'trebuchet ms', geneva, sans-serif; font-size: 10pt;\"><strong>Obrigat\u00f3rio para bolsistas<\/strong>: a capa dever\u00e1 possuir o logo da CAPES e nos agradecimentos constar (conforme <a href=\"http:\/\/capes.gov.br\/CECOL\/Portaria_CAPES_DOU_206_de_2018.pdf\" target=\"_blank\" rel=\"noopener noreferrer\">PORTARIA N\u00ba 206, DE 4 DE SETEMBRO DE 2018<\/a>):<\/span>\n<ul style=\"text-align: justify;\">\n<li><span style=\"font-family: 'trebuchet ms', geneva, sans-serif; font-size: 10pt;\">&#8220;O presente trabalho foi realizado com apoio da Coordena\u00e7\u00e3o de Aperfei\u00e7oamento de Pessoal de N\u00edvel Superior &#8211; Brasil (CAPES) &#8211; C\u00f3digo de Financiamento 001<\/span><\/li>\n<li><span style=\"font-family: 'trebuchet ms', geneva, sans-serif; font-size: 10pt;\">&#8220;This study was financed in part by the Coordena\u00e7\u00e3o de Aperfei\u00e7oamento de Pessoal de N\u00edvel Superior &#8211; Brasil (CAPES) &#8211; Finance Code 001&#8221;<\/span><\/li>\n<\/ul>\n<\/li>\n<\/ul>\n<\/li>\n<\/ul>\n<\/li>\n<\/ul>\n<p style=\"text-align: justify; padding-left: 40px;\"><span style=\"font-family: 'trebuchet ms', geneva, sans-serif; font-size: 10pt;\"><strong>2<\/strong> \u2013 Um volume impresso da disserta\u00e7\u00e3o final, ap\u00f3s revis\u00e3o final, ser\u00e1 disponibilizado na Biblioteca Setorial do Projeto Arte na Escola;<\/span><\/p>\n<p style=\"text-align: justify; padding-left: 40px;\"><span style=\"font-family: 'trebuchet ms', geneva, sans-serif; font-size: 10pt;\"><strong>3<\/strong> \u2013 Entregar na Secretaria do PPGAVI c\u00f3pias autenticadas (em cart\u00f3rio ou pela pr\u00f3pria Secretaria, mediante a apresenta\u00e7\u00e3o simult\u00e2nea do documento original, para conferencia) de todos os documentos exigidos pela Pr\u00f3-Reitoria de Pesquisa, P\u00f3s-Gradua\u00e7\u00e3o e Inova\u00e7\u00e3o para expedi\u00e7\u00e3o dos diplomas, a saber:<\/span><\/p>\n<ul>\n<li style=\"list-style-type: none;\">\n<ul>\n<li style=\"list-style-type: none;\">\n<ul>\n<li style=\"text-align: justify;\"><span style=\"font-family: 'trebuchet ms', geneva, sans-serif; font-size: 10pt;\">c\u00f3pia autenticada do Diploma de Gradua\u00e7\u00e3o (frente e verso);<\/span><\/li>\n<li style=\"text-align: justify;\"><span style=\"font-family: 'trebuchet ms', geneva, sans-serif; font-size: 10pt;\">c\u00f3pia autenticada da Carteira de Identidade (frente e verso; leg\u00edvel e atual);<\/span><\/li>\n<li style=\"text-align: justify;\"><span style=\"font-family: 'trebuchet ms', geneva, sans-serif; font-size: 10pt;\">c\u00f3pia autenticada da Certid\u00e3o de Nascimento ou Casamento (vers\u00e3o atualizada).<\/span><\/li>\n<\/ul>\n<\/li>\n<\/ul>\n<\/li>\n<\/ul>\n<div class=\"ms-editor-squiggler\" style=\"color: initial; font: initial; background: initial; background-blend-mode: initial; border: initial; border-radius: initial; border-collapse: initial; caption-side: initial; clear: initial; columns: initial; column-fill: initial; column-rule: initial; column-span: initial; cursor: initial; flex: initial; flex-flow: initial; float: initial; height: 0px; letter-spacing: initial; margin: initial; max-height: initial; max-width: initial; min-height: initial; min-width: initial; overflow: initial; text-align: initial; text-decoration: initial; text-indent: initial; text-transform: initial; vertical-align: initial; border-spacing: initial; width: initial; padding: initial initial initial 40px;\"><\/div>\n<div class=\"ms-editor-squiggler\" style=\"color: initial; font: initial; background: initial; background-blend-mode: initial; border: initial; border-radius: initial; border-collapse: initial; caption-side: initial; clear: initial; columns: initial; column-fill: initial; column-rule: initial; column-span: initial; cursor: initial; flex: initial; flex-flow: initial; float: initial; height: 0px; letter-spacing: initial; margin: initial; max-height: initial; max-width: initial; min-height: initial; min-width: initial; overflow: initial; padding: initial; text-align: initial; text-decoration: initial; text-indent: initial; text-transform: initial; vertical-align: initial; border-spacing: initial; width: initial;\"><\/div>\n","protected":false},"excerpt":{"rendered":"<p>\/ 1 \u2013 Ap\u00f3s o tempo previsto para corre\u00e7\u00f5es (30, 45, 60 dias), enviar e-mail para o PPGAVI contendo os seguintes documentos: 01 (um) arquivo completo da Disserta\u00e7\u00e3o, em formato PDF, com no m\u00e1ximo 10 Mb; 01 (um) arquivo com o Termo de autoriza\u00e7\u00e3o para inserir teses e disserta\u00e7\u00f5es\u00a0digitalizado e assinado. Observa\u00e7\u00e3o: solicitar a FICHA [&hellip;]<\/p>\n","protected":false},"author":1258,"featured_media":0,"parent":2871,"menu_order":0,"comment_status":"closed","ping_status":"closed","template":"","meta":{"footnotes":""},"class_list":["post-2839","page","type-page","status-publish","hentry"],"_links":{"self":[{"href":"https:\/\/wp.ufpel.edu.br\/ppgartes\/wp-json\/wp\/v2\/pages\/2839","targetHints":{"allow":["GET"]}}],"collection":[{"href":"https:\/\/wp.ufpel.edu.br\/ppgartes\/wp-json\/wp\/v2\/pages"}],"about":[{"href":"https:\/\/wp.ufpel.edu.br\/ppgartes\/wp-json\/wp\/v2\/types\/page"}],"author":[{"embeddable":true,"href":"https:\/\/wp.ufpel.edu.br\/ppgartes\/wp-json\/wp\/v2\/users\/1258"}],"replies":[{"embeddable":true,"href":"https:\/\/wp.ufpel.edu.br\/ppgartes\/wp-json\/wp\/v2\/comments?post=2839"}],"version-history":[{"count":1,"href":"https:\/\/wp.ufpel.edu.br\/ppgartes\/wp-json\/wp\/v2\/pages\/2839\/revisions"}],"predecessor-version":[{"id":9830,"href":"https:\/\/wp.ufpel.edu.br\/ppgartes\/wp-json\/wp\/v2\/pages\/2839\/revisions\/9830"}],"up":[{"embeddable":true,"href":"https:\/\/wp.ufpel.edu.br\/ppgartes\/wp-json\/wp\/v2\/pages\/2871"}],"wp:attachment":[{"href":"https:\/\/wp.ufpel.edu.br\/ppgartes\/wp-json\/wp\/v2\/media?parent=2839"}],"curies":[{"name":"wp","href":"https:\/\/api.w.org\/{rel}","templated":true}]}}