{"id":2837,"date":"2019-06-07T17:43:48","date_gmt":"2019-06-07T20:43:48","guid":{"rendered":"https:\/\/wp.ufpel.edu.br\/mestradoartesvisuais\/?page_id=2837"},"modified":"2019-06-07T17:43:48","modified_gmt":"2019-06-07T20:43:48","slug":"procedimentos-para-marcacao-de-defesa-de-dissertacao","status":"publish","type":"page","link":"https:\/\/wp.ufpel.edu.br\/ppgartes\/documentos-e-procedimentos\/procedimentos\/procedimentos-para-marcacao-de-defesa-de-dissertacao\/","title":{"rendered":"Procedimentos para marca\u00e7\u00e3o de defesa de disserta\u00e7\u00e3o"},"content":{"rendered":"<p style=\"padding-left: 40px\"><span style=\"font-family: 'trebuchet ms', geneva, sans-serif;font-size: 10pt\">\/<\/span><\/p>\n<hr style=\"padding-left: 40px\" \/>\n<p style=\"text-align: justify;padding-left: 40px\"><span style=\"font-family: 'trebuchet ms', geneva, sans-serif;font-size: 10pt\"><strong>1<\/strong> \u2013 Conferir junto \u00e0 Secretaria do PPGAVI o n\u00famero de cr\u00e9ditos cursados e aprovados pelo Programa (exig\u00eancia m\u00ednima de 22 cr\u00e9ditos distribu\u00eddos conforme o art. 36 do Regimento do PPGAV);<\/span><\/p>\n<p style=\"text-align: justify;padding-left: 40px\"><span style=\"font-family: 'trebuchet ms', geneva, sans-serif;font-size: 10pt\"><strong>2<\/strong> \u2013 Conferir junto \u00e0 Secretaria do PPGAVI se as <a href=\"https:\/\/wp.ufpel.edu.br\/ppgartes\/files\/2020\/09\/Tabela-de-Pontuacao-de-Atividades-Complementares.docx\">Tabela de Pontua\u00e7\u00e3o de Atividades Complementares<\/a>\u00a0a serem entregues em qualquer tempo at\u00e9 a data de defesa da disserta\u00e7\u00e3o, foram homologadas pelo colegiado. (conforme o art. 37 do Regimento do PPGAVI, o aluno dever\u00e1 somar <strong>2 cr\u00e9ditos em atividades complementares<\/strong>\u00a0no per\u00edodo do curso);<\/span><\/p>\n<p style=\"text-align: justify;padding-left: 40px\"><span style=\"font-family: 'trebuchet ms', geneva, sans-serif;font-size: 10pt\"><strong>3<\/strong> \u2013 Conferir junto \u00e0 Secretaria do PPGAVI se o <strong><a href=\"https:\/\/wp.ufpel.edu.br\/ppgartes\/files\/2013\/08\/modelo_relatorio_estagio_docente.doc\">Relat\u00f3rio do Est\u00e1gio Docente<\/a><\/strong>\u00a0foi entregue (obrigat\u00f3rio apenas para alunos bolsistas);<\/span><\/p>\n<p style=\"text-align: justify;padding-left: 40px\"><span style=\"font-family: 'trebuchet ms', geneva, sans-serif;font-size: 10pt\"><strong>4<\/strong> \u2013 O(a) orientador(a), com no m\u00ednimo 40 dias de anteced\u00eancia, dever\u00e1 enviar pelo sistema SEI o arquivo \u201cPRPPGI: Formul\u00e1rio 4 \u2013 Encaminhamento de Defesa\u201d,<strong>\u00a0<\/strong>devidamente preenchido e assinado;<\/span><\/p>\n<p style=\"text-align: justify;padding-left: 40px\"><span style=\"font-family: 'trebuchet ms', geneva, sans-serif;font-size: 10pt\"><strong>5<\/strong> \u2013 Para fins de divulga\u00e7\u00e3o na p\u00e1gina do mestrado, enviar por e-mail \u00e0 Secretaria do PPGAVI o cartaz da qualifica\u00e7\u00e3o no formato JPG, em tamanho compat\u00edvel com a WEB (aproximadamente 1 mega).<\/span><\/p>\n","protected":false},"excerpt":{"rendered":"<p>\/ 1 \u2013 Conferir junto \u00e0 Secretaria do PPGAVI o n\u00famero de cr\u00e9ditos cursados e aprovados pelo Programa (exig\u00eancia m\u00ednima de 22 cr\u00e9ditos distribu\u00eddos conforme o art. 36 do Regimento do PPGAV); 2 \u2013 Conferir junto \u00e0 Secretaria do PPGAVI se as Tabela de Pontua\u00e7\u00e3o de Atividades Complementares\u00a0a serem entregues em qualquer tempo at\u00e9 a [&hellip;]<\/p>\n","protected":false},"author":1258,"featured_media":0,"parent":2871,"menu_order":0,"comment_status":"closed","ping_status":"closed","template":"","meta":{"footnotes":""},"class_list":["post-2837","page","type-page","status-publish","hentry"],"_links":{"self":[{"href":"https:\/\/wp.ufpel.edu.br\/ppgartes\/wp-json\/wp\/v2\/pages\/2837","targetHints":{"allow":["GET"]}}],"collection":[{"href":"https:\/\/wp.ufpel.edu.br\/ppgartes\/wp-json\/wp\/v2\/pages"}],"about":[{"href":"https:\/\/wp.ufpel.edu.br\/ppgartes\/wp-json\/wp\/v2\/types\/page"}],"author":[{"embeddable":true,"href":"https:\/\/wp.ufpel.edu.br\/ppgartes\/wp-json\/wp\/v2\/users\/1258"}],"replies":[{"embeddable":true,"href":"https:\/\/wp.ufpel.edu.br\/ppgartes\/wp-json\/wp\/v2\/comments?post=2837"}],"version-history":[{"count":0,"href":"https:\/\/wp.ufpel.edu.br\/ppgartes\/wp-json\/wp\/v2\/pages\/2837\/revisions"}],"up":[{"embeddable":true,"href":"https:\/\/wp.ufpel.edu.br\/ppgartes\/wp-json\/wp\/v2\/pages\/2871"}],"wp:attachment":[{"href":"https:\/\/wp.ufpel.edu.br\/ppgartes\/wp-json\/wp\/v2\/media?parent=2837"}],"curies":[{"name":"wp","href":"https:\/\/api.w.org\/{rel}","templated":true}]}}