{"id":2836,"date":"2019-06-07T17:43:17","date_gmt":"2019-06-07T20:43:17","guid":{"rendered":"https:\/\/wp.ufpel.edu.br\/mestradoartesvisuais\/?page_id=2836"},"modified":"2019-06-07T17:43:17","modified_gmt":"2019-06-07T20:43:17","slug":"procedimentos-para-marcacao-de-banca-de-qualificacao","status":"publish","type":"page","link":"https:\/\/wp.ufpel.edu.br\/ppgartes\/documentos-e-procedimentos\/procedimentos\/procedimentos-para-marcacao-de-banca-de-qualificacao\/","title":{"rendered":"Procedimentos para marca\u00e7\u00e3o de banca de qualifica\u00e7\u00e3o"},"content":{"rendered":"<p><span style=\"font-family: 'trebuchet ms', geneva, sans-serif\">\/<\/span><\/p>\n<hr \/>\n<p style=\"text-align: justify;padding-left: 40px\"><span style=\"font-family: 'trebuchet ms', geneva, sans-serif;font-size: 10pt\"><strong>1<\/strong> \u2013 Conferir junto \u00e0 Secretaria do PPGAVI o <strong>n\u00famero de cr\u00e9ditos cursados<\/strong>\u00a0e aprovados pelo Programa (exig\u00eancia m\u00ednima de 75% dos cr\u00e9ditos em disciplinas, conforme art. 79 do Regimento do PPGAV);<\/span><\/p>\n<p style=\"text-align: justify;padding-left: 40px\"><span style=\"font-family: 'trebuchet ms', geneva, sans-serif;font-size: 10pt\"><strong>2<\/strong> \u2013 Entregar na Secretaria do PPGAVI, at\u00e9 o final do segundo semestre do curso, <strong>atestado de profici\u00eancia em uma l\u00edngua estrangeira<\/strong>;<\/span><\/p>\n<p style=\"text-align: justify;padding-left: 40px\"><span style=\"font-family: 'trebuchet ms', geneva, sans-serif;font-size: 10pt\"><strong>3<\/strong> \u2013 O(a) orientador(a), com no m\u00ednimo 60 dias de anteced\u00eancia, dever\u00e1 enviar pelo sistema SEI o arquivo \u201cPRPPGI: Formul\u00e1rio 4 \u2013 Encaminhamento de Defesa&#8221;,<strong>\u00a0<\/strong>devidamente preenchido e assinado;<\/span><\/p>\n<p style=\"text-align: justify;padding-left: 40px\"><span style=\"font-family: 'trebuchet ms', geneva, sans-serif;font-size: 10pt\"><strong>4<\/strong> \u2013 Entregar relat\u00f3rio de est\u00e1gio docente, caso esse tenha sido realizado no primeiro ano do curso;<\/span><\/p>\n<p style=\"text-align: justify;padding-left: 40px\"><span style=\"font-family: 'trebuchet ms', geneva, sans-serif;font-size: 10pt\"><strong>5<\/strong> \u2013 Para fins de divulga\u00e7\u00e3o na p\u00e1gina do mestrado, enviar por e-mail \u00e0 Secretaria do PPGAVI o cartaz da qualifica\u00e7\u00e3o no formato JPG, em tamanho compat\u00edvel com a WEB (aproximadamente 1 mega).<\/span><\/p>\n","protected":false},"excerpt":{"rendered":"<p>\/ 1 \u2013 Conferir junto \u00e0 Secretaria do PPGAVI o n\u00famero de cr\u00e9ditos cursados\u00a0e aprovados pelo Programa (exig\u00eancia m\u00ednima de 75% dos cr\u00e9ditos em disciplinas, conforme art. 79 do Regimento do PPGAV); 2 \u2013 Entregar na Secretaria do PPGAVI, at\u00e9 o final do segundo semestre do curso, atestado de profici\u00eancia em uma l\u00edngua estrangeira; 3 [&hellip;]<\/p>\n","protected":false},"author":1258,"featured_media":0,"parent":2871,"menu_order":0,"comment_status":"closed","ping_status":"closed","template":"","meta":{"footnotes":""},"class_list":["post-2836","page","type-page","status-publish","hentry"],"_links":{"self":[{"href":"https:\/\/wp.ufpel.edu.br\/ppgartes\/wp-json\/wp\/v2\/pages\/2836","targetHints":{"allow":["GET"]}}],"collection":[{"href":"https:\/\/wp.ufpel.edu.br\/ppgartes\/wp-json\/wp\/v2\/pages"}],"about":[{"href":"https:\/\/wp.ufpel.edu.br\/ppgartes\/wp-json\/wp\/v2\/types\/page"}],"author":[{"embeddable":true,"href":"https:\/\/wp.ufpel.edu.br\/ppgartes\/wp-json\/wp\/v2\/users\/1258"}],"replies":[{"embeddable":true,"href":"https:\/\/wp.ufpel.edu.br\/ppgartes\/wp-json\/wp\/v2\/comments?post=2836"}],"version-history":[{"count":0,"href":"https:\/\/wp.ufpel.edu.br\/ppgartes\/wp-json\/wp\/v2\/pages\/2836\/revisions"}],"up":[{"embeddable":true,"href":"https:\/\/wp.ufpel.edu.br\/ppgartes\/wp-json\/wp\/v2\/pages\/2871"}],"wp:attachment":[{"href":"https:\/\/wp.ufpel.edu.br\/ppgartes\/wp-json\/wp\/v2\/media?parent=2836"}],"curies":[{"name":"wp","href":"https:\/\/api.w.org\/{rel}","templated":true}]}}