{"id":2764,"date":"2019-05-29T15:19:02","date_gmt":"2019-05-29T18:19:02","guid":{"rendered":"https:\/\/wp.ufpel.edu.br\/mestradoartesvisuais\/?page_id=2764"},"modified":"2019-05-29T15:19:02","modified_gmt":"2019-05-29T18:19:02","slug":"optativas","status":"publish","type":"page","link":"https:\/\/wp.ufpel.edu.br\/ppgartes\/disciplinas\/optativas\/","title":{"rendered":"Optativas"},"content":{"rendered":"<p style=\"text-align: justify;padding-left: 40px\"><span style=\"font-family: 'trebuchet ms', geneva, sans-serif;font-size: 14pt\"><strong>\/\/ Disciplinas optativas<br \/>\n<\/strong><span style=\"font-size: 12pt\">para as duas Linhas de Pesquisa<\/span><\/span><\/p>\n<p style=\"padding-left: 40px\"><span style=\"font-family: 'trebuchet ms', geneva, sans-serif;font-size: 10pt\">. Arte, Ecologia e Sa\u00fade (2 CR)<br \/>\n<\/span><span style=\"font-family: 'trebuchet ms', geneva, sans-serif;font-size: 10pt\">. Arte sonora: experimentalismo e pesquisa art\u00edstica (4 CR)<br \/>\n<\/span><span style=\"font-family: 'trebuchet ms', geneva, sans-serif;font-size: 10pt\">. A pesquisa em artes visuais e a constru\u00e7\u00e3o de repert\u00f3rios te\u00f3rico-pr\u00e1ticos (4 CR)<br \/>\n<\/span><span style=\"font-family: 'trebuchet ms', geneva, sans-serif;font-size: 10pt\">. Deslocamentos e cartografias de artistas (4 CR)<br \/>\n<\/span><span style=\"font-family: 'trebuchet ms', geneva, sans-serif;font-size: 10pt\">. Estudos da imagem: visualidade, arte e leituras (2 CR)<br \/>\n<\/span><span style=\"font-family: 'trebuchet ms', geneva, sans-serif;font-size: 10pt\">. Fotografia e imagin\u00e1rio: po\u00e9ticas em pesquisa (4 CR)<br \/>\n<\/span><span style=\"font-family: 'trebuchet ms', geneva, sans-serif;font-size: 10pt\">. Narrativas e po\u00e9ticas queer (4 CR)<br \/>\n<\/span><span style=\"font-family: 'trebuchet ms', geneva, sans-serif;font-size: 10pt\">. Pedagogia das artes e a forma\u00e7\u00e3o de professores (4 CR)<br \/>\n<\/span><span style=\"font-family: 'trebuchet ms', geneva, sans-serif;font-size: 10pt\">. Po\u00e9ticas populares na contemporaneidade (4 CR)<br \/>\n<\/span><span style=\"font-family: 'trebuchet ms', geneva, sans-serif;font-size: 10pt\">. Visualidades tecidas pelos corpos po\u00e9ticos (4 CR)<\/span><\/p>\n<p>&nbsp;<\/p>\n<hr \/>\n<p style=\"text-align: justify;padding-left: 40px\"><span style=\"font-family: 'trebuchet ms', geneva, sans-serif;font-size: 14pt\"><strong>\/\/ Disciplinas optativas<br \/>\n<\/strong><\/span><span style=\"font-size: 12pt\"><span style=\"font-family: 'trebuchet ms', geneva, sans-serif\">para a Linha de Pesquisa <\/span><strong><span style=\"font-family: 'trebuchet ms', geneva, sans-serif\"><em>Ensino da Arte e Educa\u00e7\u00e3o Est\u00e9tica<\/em><\/span><\/strong><\/span><\/p>\n<p style=\"padding-left: 40px\"><span style=\"font-family: 'trebuchet ms', geneva, sans-serif;font-size: 10pt\">. Filosofia, arte e educa\u00e7\u00e3o (4 CR)<br \/>\n<\/span><span style=\"font-family: 'trebuchet ms', geneva, sans-serif;font-size: 10pt\">. O desenho do corpo, o corpo que desenha (4 CR)<br \/>\n<\/span><span style=\"font-family: 'trebuchet ms', geneva, sans-serif;font-size: 10pt\">. Perspectivas \u00e9tico-est\u00e9ticas na forma\u00e7\u00e3o docente (4 CR)<br \/>\n<\/span><span style=\"font-family: 'trebuchet ms', geneva, sans-serif;font-size: 10pt\">. Modos de ver, modos de ler, modos de escrever (4 CR)<br \/>\n<\/span><span style=\"font-family: 'trebuchet ms', geneva, sans-serif;font-size: 10pt\">. O design autoral (2 CR)<br \/>\n<\/span><span style=\"font-family: 'trebuchet ms', geneva, sans-serif;font-size: 10pt\">. Iconologia das artes visuais (2 CR)<br \/>\n<\/span><span style=\"font-family: 'trebuchet ms', geneva, sans-serif;font-size: 10pt\">. D\u2019autor, aproxima\u00e7\u00f5es entre design e arte (4 CR)<\/span><\/p>\n<p>&nbsp;<\/p>\n<hr \/>\n<p style=\"text-align: justify;padding-left: 40px\"><span style=\"font-family: 'trebuchet ms', geneva, sans-serif;font-size: 14pt\"><strong>\/\/ Disciplinas optativas<br \/>\n<\/strong><\/span><span style=\"font-family: 'trebuchet ms', geneva, sans-serif;font-size: 12pt\">para a Linha de Pesquisa <strong><em>Processos de Cria\u00e7\u00e3o e Po\u00e9ticas do Cotidiano<\/em><\/strong><\/span><\/p>\n<p style=\"padding-left: 40px\"><span style=\"font-family: 'trebuchet ms', geneva, sans-serif;font-size: 10pt\">. Contextos de intera\u00e7\u00e3o art\u00edstica na contemporaneidade (4 CR)<br \/>\n<\/span><span style=\"font-family: 'trebuchet ms', geneva, sans-serif;font-size: 10pt\">. Gravura e impress\u00e3o: inova\u00e7\u00e3o e tradi\u00e7\u00e3o (4 CR)<br \/>\n<\/span><span style=\"font-family: 'trebuchet ms', geneva, sans-serif;font-size: 10pt\">. Paisagens cotidianas e dispositivos de compartilhamentos (4 CR)<br \/>\n<\/span><span style=\"font-family: 'trebuchet ms', geneva, sans-serif;font-size: 10pt\">. Po\u00e9ticas contempor\u00e2neas no Brasil: que lugar \u00e9 esse? (4 CR)<br \/>\n<\/span><span style=\"font-family: 'trebuchet ms', geneva, sans-serif;font-size: 10pt\">. Percursos, narrativas, descri\u00e7\u00f5es: mapas po\u00e9ticos (4 CR)<br \/>\n<\/span><span style=\"font-family: 'trebuchet ms', geneva, sans-serif;font-size: 10pt\">. Po\u00e9ticas audiovisuais \u2013 dispositivos ecos\u00f3ficos para a produ\u00e7\u00e3o e o ensino da arte (4 CR)<br \/>\n<\/span><span style=\"font-family: 'trebuchet ms', geneva, sans-serif;font-size: 10pt\">. Pr\u00e1tica art\u00edstica, curadoria e cr\u00edtica da arte \u2013 intersec\u00e7\u00f5es poss\u00edveis (4 CR)<\/span><\/p>\n<p>&nbsp;<\/p>\n<hr \/>\n<p style=\"padding-left: 40px\"><span style=\"font-family: 'trebuchet ms', geneva, sans-serif;font-size: 10pt\">Para mais detalhes referente as disciplinas listadas acima, consulte a p\u00e1gina <a href=\"https:\/\/wp.ufpel.edu.br\/mestradoartesvisuais\/disciplinas\/ementas\/\"><strong>ementas<\/strong><\/a><\/span><\/p>\n<div class=\"ms-editor-squiggler\" style=\"color: initial;font: initial;background: initial;background-blend-mode: initial;border: initial;border-radius: initial;border-collapse: initial;caption-side: initial;clear: initial;columns: initial;column-fill: initial;column-rule: initial;column-span: initial;cursor: initial;flex: initial;flex-flow: initial;float: initial;height: 0px;letter-spacing: initial;margin: initial;max-height: initial;max-width: initial;min-height: initial;min-width: initial;overflow: initial;padding: initial;text-align: initial;text-decoration: initial;text-indent: initial;text-transform: initial;vertical-align: initial;border-spacing: initial;width: initial\"><\/div>\n<div class=\"ms-editor-squiggler\" style=\"color: initial;font: initial;background: initial;background-blend-mode: initial;border: initial;border-radius: initial;border-collapse: initial;caption-side: initial;clear: initial;columns: initial;column-fill: initial;column-rule: initial;column-span: initial;cursor: initial;flex: initial;flex-flow: initial;float: initial;height: 0px;letter-spacing: initial;margin: initial;max-height: initial;max-width: initial;min-height: initial;min-width: initial;overflow: initial;padding: initial;text-align: initial;text-decoration: initial;text-indent: initial;text-transform: initial;vertical-align: initial;border-spacing: initial;width: initial\"><\/div>\n<div class=\"ms-editor-squiggler\" style=\"color: initial;font: initial;background: initial;background-blend-mode: initial;border: initial;border-radius: initial;border-collapse: initial;caption-side: initial;clear: initial;columns: initial;column-fill: initial;column-rule: initial;column-span: initial;cursor: initial;flex: initial;flex-flow: initial;float: initial;height: 0px;letter-spacing: initial;margin: initial;max-height: initial;max-width: initial;min-height: initial;min-width: initial;overflow: initial;padding: initial;text-align: initial;text-decoration: initial;text-indent: initial;text-transform: initial;vertical-align: initial;border-spacing: initial;width: initial\"><\/div>\n<div class=\"ms-editor-squiggler\" style=\"color: initial;font: initial;background: initial;background-blend-mode: initial;border: initial;border-radius: initial;border-collapse: initial;caption-side: initial;clear: initial;columns: initial;column-fill: initial;column-rule: initial;column-span: initial;cursor: initial;flex: initial;flex-flow: initial;float: initial;height: 0px;letter-spacing: initial;margin: initial;max-height: initial;max-width: initial;min-height: initial;min-width: initial;overflow: initial;padding: initial;text-align: initial;text-decoration: initial;text-indent: initial;text-transform: initial;vertical-align: initial;border-spacing: initial;width: initial\"><\/div>\n<div class=\"ms-editor-squiggler\" style=\"color: initial;font: initial;background: initial;background-blend-mode: initial;border: initial;border-radius: initial;border-collapse: initial;caption-side: initial;clear: initial;columns: initial;column-fill: initial;column-rule: initial;column-span: initial;cursor: initial;flex: initial;flex-flow: initial;float: initial;height: 0px;letter-spacing: initial;margin: initial;max-height: initial;max-width: initial;min-height: initial;min-width: initial;overflow: initial;padding: initial;text-align: initial;text-decoration: initial;text-indent: initial;text-transform: initial;vertical-align: initial;border-spacing: initial;width: initial\"><\/div>\n<div class=\"ms-editor-squiggler\" style=\"color: initial;font: initial;background: initial;background-blend-mode: initial;border: initial;border-radius: initial;border-collapse: initial;caption-side: initial;clear: initial;columns: initial;column-fill: initial;column-rule: initial;column-span: initial;cursor: initial;flex: initial;flex-flow: initial;float: initial;height: 0px;letter-spacing: initial;margin: initial;max-height: initial;max-width: initial;min-height: initial;min-width: initial;overflow: initial;padding: initial;text-align: initial;text-decoration: initial;text-indent: initial;text-transform: initial;vertical-align: initial;border-spacing: initial;width: initial\"><\/div>\n<div class=\"ms-editor-squiggler\" style=\"color: initial;font: initial;background: initial;background-blend-mode: initial;border: initial;border-radius: initial;border-collapse: initial;caption-side: initial;clear: initial;columns: initial;column-fill: initial;column-rule: initial;column-span: initial;cursor: initial;flex: initial;flex-flow: initial;float: initial;height: 0px;letter-spacing: initial;margin: initial;max-height: initial;max-width: initial;min-height: initial;min-width: initial;overflow: initial;padding: initial;text-align: initial;text-decoration: initial;text-indent: initial;text-transform: initial;vertical-align: initial;border-spacing: initial;width: initial\"><\/div>\n<div class=\"ms-editor-squiggler\" style=\"color: initial;font: initial;background: initial;background-blend-mode: initial;border: initial;border-radius: initial;border-collapse: initial;caption-side: initial;clear: initial;columns: initial;column-fill: initial;column-rule: initial;column-span: initial;cursor: initial;flex: initial;flex-flow: initial;float: initial;height: 0px;letter-spacing: initial;margin: initial;max-height: initial;max-width: initial;min-height: initial;min-width: initial;overflow: initial;padding: initial;text-align: initial;text-decoration: initial;text-indent: initial;text-transform: initial;vertical-align: initial;border-spacing: initial;width: initial\"><\/div>\n<div class=\"ms-editor-squiggler\" style=\"color: initial;font: initial;background: initial;background-blend-mode: initial;border: initial;border-radius: initial;border-collapse: initial;caption-side: initial;clear: initial;columns: initial;column-fill: initial;column-rule: initial;column-span: initial;cursor: initial;flex: initial;flex-flow: initial;float: initial;height: 0px;letter-spacing: initial;margin: initial;max-height: initial;max-width: initial;min-height: initial;min-width: initial;overflow: initial;padding: initial;text-align: initial;text-decoration: initial;text-indent: initial;text-transform: initial;vertical-align: initial;border-spacing: initial;width: initial\"><\/div>\n<div class=\"ms-editor-squiggler\" style=\"color: initial;font: initial;background: initial;background-blend-mode: initial;border: initial;border-radius: initial;border-collapse: initial;caption-side: initial;clear: initial;columns: initial;column-fill: initial;column-rule: initial;column-span: initial;cursor: initial;flex: initial;flex-flow: initial;float: initial;height: 0px;letter-spacing: initial;margin: initial;max-height: initial;max-width: initial;min-height: initial;min-width: initial;overflow: initial;padding: initial;text-align: initial;text-decoration: initial;text-indent: initial;text-transform: initial;vertical-align: initial;border-spacing: initial;width: initial\"><\/div>\n<div class=\"ms-editor-squiggler\" style=\"color: initial;font: initial;background: initial;background-blend-mode: initial;border: initial;border-radius: initial;border-collapse: initial;caption-side: initial;clear: initial;columns: initial;column-fill: initial;column-rule: initial;column-span: initial;cursor: initial;flex: initial;flex-flow: initial;float: initial;height: 0px;letter-spacing: initial;margin: initial;max-height: initial;max-width: initial;min-height: initial;min-width: initial;overflow: initial;padding: initial;text-align: initial;text-decoration: initial;text-indent: initial;text-transform: initial;vertical-align: initial;border-spacing: initial;width: initial\"><\/div>\n<div class=\"ms-editor-squiggler\" style=\"color: initial;font: initial;background: initial;background-blend-mode: initial;border: initial;border-radius: initial;border-collapse: initial;caption-side: initial;clear: initial;columns: initial;column-fill: initial;column-rule: initial;column-span: initial;cursor: initial;flex: initial;flex-flow: initial;float: initial;height: 0px;letter-spacing: initial;margin: initial;max-height: initial;max-width: initial;min-height: initial;min-width: initial;overflow: initial;padding: initial;text-align: initial;text-decoration: initial;text-indent: initial;text-transform: initial;vertical-align: initial;border-spacing: initial;width: initial\"><\/div>\n","protected":false},"excerpt":{"rendered":"<p>\/\/ Disciplinas optativas para as duas Linhas de Pesquisa . Arte, Ecologia e Sa\u00fade (2 CR) . Arte sonora: experimentalismo e pesquisa art\u00edstica (4 CR) . A pesquisa em artes visuais e a constru\u00e7\u00e3o de repert\u00f3rios te\u00f3rico-pr\u00e1ticos (4 CR) . Deslocamentos e cartografias de artistas (4 CR) . Estudos da imagem: visualidade, arte e leituras [&hellip;]<\/p>\n","protected":false},"author":1258,"featured_media":0,"parent":26,"menu_order":0,"comment_status":"closed","ping_status":"closed","template":"","meta":{"footnotes":""},"class_list":["post-2764","page","type-page","status-publish","hentry"],"_links":{"self":[{"href":"https:\/\/wp.ufpel.edu.br\/ppgartes\/wp-json\/wp\/v2\/pages\/2764","targetHints":{"allow":["GET"]}}],"collection":[{"href":"https:\/\/wp.ufpel.edu.br\/ppgartes\/wp-json\/wp\/v2\/pages"}],"about":[{"href":"https:\/\/wp.ufpel.edu.br\/ppgartes\/wp-json\/wp\/v2\/types\/page"}],"author":[{"embeddable":true,"href":"https:\/\/wp.ufpel.edu.br\/ppgartes\/wp-json\/wp\/v2\/users\/1258"}],"replies":[{"embeddable":true,"href":"https:\/\/wp.ufpel.edu.br\/ppgartes\/wp-json\/wp\/v2\/comments?post=2764"}],"version-history":[{"count":0,"href":"https:\/\/wp.ufpel.edu.br\/ppgartes\/wp-json\/wp\/v2\/pages\/2764\/revisions"}],"up":[{"embeddable":true,"href":"https:\/\/wp.ufpel.edu.br\/ppgartes\/wp-json\/wp\/v2\/pages\/26"}],"wp:attachment":[{"href":"https:\/\/wp.ufpel.edu.br\/ppgartes\/wp-json\/wp\/v2\/media?parent=2764"}],"curies":[{"name":"wp","href":"https:\/\/api.w.org\/{rel}","templated":true}]}}